{"id":228465,"date":"2022-06-15T13:05:28","date_gmt":"2022-06-15T11:05:28","guid":{"rendered":"https:\/\/www.ferrovial.com\/compliance-program\/"},"modified":"2025-06-11T15:15:08","modified_gmt":"2025-06-11T13:15:08","slug":"compliance-program","status":"publish","type":"page","link":"https:\/\/www.ferrovial.com\/en-au\/sustainability\/ethics\/compliance-program\/","title":{"rendered":"Ferrovial\u2019s Compliance Program"},"content":{"rendered":"    <m-final-content-header >\n            <c-breadcrumb label-text=\"Breadcrumb\" slot=\"breadcrumbs\" type='2' align='left' wrap='wrapped wrapped' aria-label='You came from Ethics'>\n                        <ol>\n\n                                                            <li><a href=\"https:\/\/www.ferrovial.com\/en-au\/\" title=\"Ferrovial\">Ferrovial<\/a><\/li>\n                                                                        <li><a href=\"https:\/\/www.ferrovial.com\/en\/sustainability\/\" title=\"Sustainability\">Sustainability<\/a><\/li>\n                                                                        <li><a href=\"https:\/\/www.ferrovial.com\/en\/sustainability\/ethics\/\" title=\"Ethics\">Ethics<\/a><\/li>\n                                    \n                <\/ol>\n\n                <\/c-breadcrumb>\n    \n        <div slot=\"header\">\n            <h1>\n                Ferrovial\u2019s Compliance Program            <\/h1>\n                    <\/div>\n    <\/m-final-content-header>\n\n    \n\n\n<m-wysiwig class=\"wp-block-components-wysiwyg\"><div slot=\"maincontent\">    <p class=\"intro\">Ferrovial\u2019s Compliance Program distills our corporate values (Respect, Excellence, Integrity, Collaboration and Innovation), into actionable policies and procedures that help guide how we conduct business and engage with the world around us.<\/p>\n    \n\n\n<h2 class=\"wp-block-heading\"><strong>Ethics and Compliance Begins at the Top<\/strong><\/h2>\n\n\n\n<p>Ferrovial\u2019s Board of Directors, through its Audit and Control Committee, supervises the Group\u2019s Compliance Program and business ethics. The Board has delegated the day-to-day fulfillment of this responsibility to the Compliance Department, led by Ferrovial\u2019s Chief Compliance Officer.<\/p>\n\n\n\n<p>The Chief Compliance Officer reports periodically to the Audit and Control Committee and to the Board of Directors. The Chief Compliance Officer reports on the effectiveness of the program, including communications received through the Ethics Channel and the execution of the Training and Awareness Plan.<\/p>\n\n\n\n<h2 class=\"wp-block-heading\"><strong>Risk-Based Program<\/strong><\/h2>\n\n\n\n<p>Ferrovial conducts a bottom-to-top risk assessment throughout the Group on a periodic basis. Risks are assessed according to global best practices. The results of the assessment are presented to the Audit and Control Committee and to the Board and helps shape the continuous supervision and evolution of the Compliance Program.&nbsp;<\/p>\n\n\n\n<h2 class=\"wp-block-heading\">The Code of Ethics and Business Conduct<\/h2>\n\n\n\n<p>The Ferrovial Code of Ethics and Business Conduct is the core of the Compliance Program and reflects Ferrovial\u2019s commitment to its corporate values <strong>(Respect, Excellence, Integrity, Collaboration and Innovation<\/strong>). To make its corporate values more effective, Ferrovial turns them into <a href=\"https:\/\/www.ferrovial.com\/en\/ir-shareholders\/corporate-governance\/corporate-policies\/\">tangible policies and procedures<\/a>, relying upon three key principles to do so: <strong>ethical integrity, respect for the law and respect for human rights<\/strong>. These principles are at the foundation of Ferrovial\u2019s global operations and are fundamental to the framework of the Compliance Program.<\/p>\n\n\n\n<h2 class=\"wp-block-heading\"><strong>The Anticorruption Policy<\/strong><\/h2>\n\n\n\n<p>In the Anticorruption Policy, Ferrovial sets forth standards for the behavior of our employees, executives, directors, and the third parties with whom we engage, including a \u201c<strong>zero-tolerance<\/strong>\u201d approach to any practice that may be deemed corruption or the giving or acceptance of bribes. The policy mandates compliance with all applicable anti-corruption laws and urges that any violations of the law or the policy be reported, under protection against any sort of retaliation.<\/p>\n\n\n\n<h2 class=\"wp-block-heading\"><strong>Third Party Integrity<\/strong><\/h2>\n\n\n\n<p>Ferrovial requires behavior according to the highest ethical standards not only for its executives, employees and directors, but also the third parties with whom we interact. This expectation is put into practice through a suite of key policies and procedures such as the Due Diligence Procedure for the Integrity of Third Parties, the Procedure for Approving and Tracking Patronage, Sponsorship and Donation Projects, the Gifts &amp; Hospitality Policy, the Lobbying &amp; Political Contributions Policy and the Sanctions, Export Controls and Antiboycott Policy.<\/p>\n\n\n\n<h2 class=\"wp-block-heading\"><strong><strong>Training and Awareness Plan<\/strong><\/strong><\/h2>\n\n\n\n<p>Ferrovial\u2019s employees and associates must be aware of and abide by the contents of the Code of Ethics and Business Conduct and the Company\u2019s internal policies. The Compliance Department designs and implements a Training and Awareness Plan to train its employees, including part-time staff, in all jurisdictions where Ferrovial operates.<\/p>\n\n\n\n<h1 class=\"wp-block-heading\"><strong>Ethics Channel<\/strong><\/h1>\n\n\n\n<p>Ferrovial\u2019s Code of Ethics and Business Conduct mandates that any violations of the law or its policies be reported, under protection against any sort of retaliation. The&nbsp;Policy for the Ethics Channel and for dealing with Queries, Complaints and Reports&nbsp;allocates roles and responsibilities and sets forth principles for the management of any concern, doubt or grievance raised by any means. Specifically, Ferrovial promotes the&nbsp;<a href=\"https:\/\/ferrovialethicsline.whistleblowernetwork.net\/setup\">Ethics Channel<\/a>, a confidential (and anonymous, if so desired) reporting system that can be accessed via the intranet and the corporate web page.<\/p>\n\n\n\n<p>The nature of the communications received during the last year has been as follows:<\/p>\n\n\n\n<figure class=\"wp-block-table\"><table class=\"has-fixed-layout\"><tbody><tr><td><strong>Reporting Areas<\/strong><\/td><td><strong>2024<\/strong><\/td><\/tr><tr><td><strong>HR Matters<\/strong><\/td><td>105<\/td><\/tr><tr><td>Misconduct<\/td><td>42<\/td><\/tr><tr><td>Labour issues<\/td><td>5<\/td><\/tr><tr><td>Discrimination<\/td><td>6<\/td><\/tr><tr><td>Harassment<\/td><td>52<\/td><\/tr><tr><td><strong>Health, Safety and Wellbeing<\/strong><\/td><td>22<\/td><\/tr><tr><td><strong>Fraud and Corruption<\/strong><\/td><td>10*<\/td><\/tr><tr><td><strong>Environment<\/strong><\/td><td>1<\/td><\/tr><tr><td><strong>Personal Data Protection<\/strong><\/td><td>0<\/td><\/tr><tr><td><strong>Inside trading<\/strong><\/td><td>0<\/td><\/tr><tr><td><strong>Money laundering<\/strong><\/td><td>0<\/td><\/tr><tr><td><strong>Conflict of Interest<\/strong><\/td><td>8<\/td><\/tr><tr><td><strong>Other<\/strong><\/td><td>35**<\/td><\/tr><tr><td><strong>TOTAL<\/strong><\/td><td>181<\/td><\/tr><\/tbody><\/table><\/figure>\n\n\n\n<p>*Most communications relate to fraud or misappropriation by employees or collaborators of the company. No reports of potential bribery or influence peddling involving companies of the Group have been reported.<br>** Others include unpaid invoices, IT issues and unrelated issues to the Ethics Channel.<\/p>\n\n\n\n<h2 class=\"wp-block-heading\">Certifications&nbsp;<\/h2>\n\n\n\n<p>Ferrovial\u2019 s Compliance Program is designed to create a culture of compliance to ensure that business is conducted according to the highest standards of ethical integrity.<\/p>\n\n\n\n<p>Ferrovial, SE, Sucursal in Spain is certified by AENOR (Asociaci\u00f3n Espa\u00f1ola de Normalizaci\u00f3n y Certificaci\u00f3n) under UNE 19601 \u00abCriminal compliance management system\u00bb and UNE-ISO 37001 \u00abAntibribery management system\u00bb, and Ferrovial SE is certified under UNE 19602 \u00abTax compliance management system\u00bb<\/p>\n\n\n\n<ul class=\"wp-block-list\">\n<li>UNE 19601 \u2013 <a href=\"https:\/\/static.ferrovial.com\/wp-content\/uploads\/2024\/06\/26132414\/certificadogcp-2019-0013-es-2024-06-07.pdf\">Criminal Compliance Management <\/a><a href=\"https:\/\/static.ferrovial.com\/wp-content\/uploads\/2024\/06\/26132414\/certificadogcp-2019-0013-es-2024-06-07.pdf\" target=\"_blank\" rel=\"noreferrer noopener\">S<\/a><a href=\"https:\/\/static.ferrovial.com\/wp-content\/uploads\/2024\/06\/26132414\/certificadogcp-2019-0013-es-2024-06-07.pdf\">ystem<\/a><\/li>\n\n\n\n<li>UNE 19602 \u2013 <a href=\"https:\/\/static.ferrovial.com\/wp-content\/uploads\/2024\/12\/04163254\/certificadogct-2021-0002-es-2024-03-18.pdf\" target=\"_blank\" rel=\"noreferrer noopener\">Tax Compliance Management System<\/a><\/li>\n\n\n\n<li>ISO UNE 37001- <a href=\"https:\/\/static.ferrovial.com\/wp-content\/uploads\/2024\/06\/26132730\/iqnetes-aso-2019-0001-2024-06-07.pdf\" target=\"_blank\" rel=\"noreferrer noopener\">Antibribery Management System<\/a><\/li>\n<\/ul>\n<\/div><\/m-wysiwig>\n","protected":false},"excerpt":{"rendered":"","protected":false},"featured_media":0,"parent":228785,"menu_order":0,"comment_status":"closed","ping_status":"closed","template":"","meta":{"_acf_changed":false,"footnotes":""},"class_list":["post-228465","page","type-page","status-publish","hentry"],"acf":[],"yoast_head":"<!-- This site is optimized with the Yoast SEO plugin v27.2 - https:\/\/yoast.com\/product\/yoast-seo-wordpress\/ -->\n<title>Ferrovial\u2019s Compliance Program - Ferrovial<\/title>\n<meta name=\"description\" content=\"Welcome to the Ferrovial&#039;s website, global operator of sustainable infrastructure. Here you can find all the information about the company and subsidiaries.\" \/>\n<meta name=\"robots\" content=\"index, follow, max-snippet:-1, max-image-preview:large, max-video-preview:-1\" \/>\n<link rel=\"canonical\" href=\"https:\/\/www.ferrovial.com\/en-au\/sustainability\/ethics\/compliance-program\/\" \/>\n<meta property=\"og:locale\" content=\"en_US\" \/>\n<meta property=\"og:type\" content=\"article\" \/>\n<meta property=\"og:title\" content=\"Ferrovial\u2019s Compliance Program - Ferrovial\" \/>\n<meta property=\"og:description\" content=\"Welcome to the Ferrovial&#039;s website, global operator of sustainable infrastructure. Here you can find all the information about the company and subsidiaries.\" \/>\n<meta property=\"og:url\" content=\"https:\/\/www.ferrovial.com\/en-au\/sustainability\/ethics\/compliance-program\/\" \/>\n<meta property=\"og:site_name\" content=\"Ferrovial\" \/>\n<meta property=\"article:publisher\" content=\"https:\/\/www.facebook.com\/ferrovial\" \/>\n<meta property=\"article:modified_time\" content=\"2025-06-11T13:15:08+00:00\" \/>\n<meta name=\"twitter:card\" content=\"summary_large_image\" \/>\n<meta name=\"twitter:site\" content=\"@ferrovial\" \/>\n<meta name=\"twitter:label1\" content=\"Est. reading time\" \/>\n\t<meta name=\"twitter:data1\" content=\"4 minutes\" \/>\n<!-- \/ Yoast SEO plugin. -->","yoast_head_json":{"title":"Ferrovial\u2019s Compliance Program - Ferrovial","description":"Welcome to the Ferrovial's website, global operator of sustainable infrastructure. Here you can find all the information about the company and subsidiaries.","robots":{"index":"index","follow":"follow","max-snippet":"max-snippet:-1","max-image-preview":"max-image-preview:large","max-video-preview":"max-video-preview:-1"},"canonical":"https:\/\/www.ferrovial.com\/en-au\/sustainability\/ethics\/compliance-program\/","og_locale":"en_US","og_type":"article","og_title":"Ferrovial\u2019s Compliance Program - Ferrovial","og_description":"Welcome to the Ferrovial's website, global operator of sustainable infrastructure. Here you can find all the information about the company and subsidiaries.","og_url":"https:\/\/www.ferrovial.com\/en-au\/sustainability\/ethics\/compliance-program\/","og_site_name":"Ferrovial","article_publisher":"https:\/\/www.facebook.com\/ferrovial","article_modified_time":"2025-06-11T13:15:08+00:00","twitter_card":"summary_large_image","twitter_site":"@ferrovial","twitter_misc":{"Est. reading time":"4 minutes"},"schema":{"@context":"https:\/\/schema.org","@graph":[{"@type":"WebPage","@id":"https:\/\/www.ferrovial.com\/en-au\/sustainability\/ethics\/compliance-program\/","url":"https:\/\/www.ferrovial.com\/en-au\/sustainability\/ethics\/compliance-program\/","name":"Ferrovial\u2019s Compliance Program - Ferrovial","isPartOf":{"@id":"https:\/\/www.ferrovial.com\/en-au\/#website"},"datePublished":"2022-06-15T11:05:28+00:00","dateModified":"2025-06-11T13:15:08+00:00","description":"Welcome to the Ferrovial's website, global operator of sustainable infrastructure. Here you can find all the information about the company and subsidiaries.","breadcrumb":{"@id":"https:\/\/www.ferrovial.com\/en-au\/sustainability\/ethics\/compliance-program\/#breadcrumb"},"inLanguage":"en-au","potentialAction":[{"@type":"ReadAction","target":["https:\/\/www.ferrovial.com\/en-au\/sustainability\/ethics\/compliance-program\/"]}]},{"@type":"BreadcrumbList","@id":"https:\/\/www.ferrovial.com\/en-au\/sustainability\/ethics\/compliance-program\/#breadcrumb","itemListElement":[{"@type":"ListItem","position":1,"name":"Portada","item":"https:\/\/www.ferrovial.com\/en-au\/"},{"@type":"ListItem","position":2,"name":"Sustainability","item":"https:\/\/www.ferrovial.com\/en-au\/sustainability\/"},{"@type":"ListItem","position":3,"name":"Ethics","item":"https:\/\/www.ferrovial.com\/en-au\/sustainability\/ethics\/"},{"@type":"ListItem","position":4,"name":"Ferrovial\u2019s Compliance Program"}]},{"@type":"WebSite","@id":"https:\/\/www.ferrovial.com\/en-au\/#website","url":"https:\/\/www.ferrovial.com\/en-au\/","name":"Ferrovial","description":"Welcome to the Ferrovial&#039;s website, global operator of sustainable infrastructure. Here you can find all the information about the company and subsidiaries.","publisher":{"@id":"https:\/\/www.ferrovial.com\/en-au\/#organization"},"potentialAction":[{"@type":"SearchAction","target":{"@type":"EntryPoint","urlTemplate":"https:\/\/www.ferrovial.com\/en-au\/?s={search_term_string}"},"query-input":{"@type":"PropertyValueSpecification","valueRequired":true,"valueName":"search_term_string"}}],"inLanguage":"en-au"},{"@type":"Organization","@id":"https:\/\/www.ferrovial.com\/en-au\/#organization","name":"Ferrovial S.A.","url":"https:\/\/www.ferrovial.com\/en-au\/","logo":{"@type":"ImageObject","inLanguage":"en-au","@id":"https:\/\/www.ferrovial.com\/en-au\/#\/schema\/logo\/image\/","url":"https:\/\/static.ferrovial.com\/wp-content\/uploads\/2020\/01\/13124948\/logo-ferrovial-cf7.png","contentUrl":"https:\/\/static.ferrovial.com\/wp-content\/uploads\/2020\/01\/13124948\/logo-ferrovial-cf7.png","width":144,"height":32,"caption":"Ferrovial S.A."},"image":{"@id":"https:\/\/www.ferrovial.com\/en-au\/#\/schema\/logo\/image\/"},"sameAs":["https:\/\/www.facebook.com\/ferrovial","https:\/\/x.com\/ferrovial","https:\/\/www.instagram.com\/ferrovial\/","https:\/\/www.linkedin.com\/company\/ferrovial","https:\/\/www.pinterest.es\/ferrovial\/","https:\/\/www.youtube.com\/ferrovial","https:\/\/en.wikipedia.org\/wiki\/Ferrovial"]}]}},"_links":{"self":[{"href":"https:\/\/www.ferrovial.com\/en-au\/wp-json\/wp\/v2\/pages\/228465","targetHints":{"allow":["GET"]}}],"collection":[{"href":"https:\/\/www.ferrovial.com\/en-au\/wp-json\/wp\/v2\/pages"}],"about":[{"href":"https:\/\/www.ferrovial.com\/en-au\/wp-json\/wp\/v2\/types\/page"}],"replies":[{"embeddable":true,"href":"https:\/\/www.ferrovial.com\/en-au\/wp-json\/wp\/v2\/comments?post=228465"}],"version-history":[{"count":3,"href":"https:\/\/www.ferrovial.com\/en-au\/wp-json\/wp\/v2\/pages\/228465\/revisions"}],"predecessor-version":[{"id":307263,"href":"https:\/\/www.ferrovial.com\/en-au\/wp-json\/wp\/v2\/pages\/228465\/revisions\/307263"}],"up":[{"embeddable":true,"href":"https:\/\/www.ferrovial.com\/en-au\/wp-json\/wp\/v2\/pages\/228785"}],"wp:attachment":[{"href":"https:\/\/www.ferrovial.com\/en-au\/wp-json\/wp\/v2\/media?parent=228465"}],"curies":[{"name":"wp","href":"https:\/\/api.w.org\/{rel}","templated":true}]}}