{"id":228656,"date":"2020-10-06T16:35:08","date_gmt":"2020-10-06T14:35:08","guid":{"rendered":"https:\/\/www.ferrovial.com\/hyperloop-2\/"},"modified":"2023-01-03T11:51:39","modified_gmt":"2023-01-03T10:51:39","slug":"hyperloop","status":"publish","type":"page","link":"https:\/\/www.ferrovial.com\/en-au\/foresight\/scenario-planning\/hyperloop\/","title":{"rendered":"Hyperloop | Foresight"},"content":{"rendered":"\n    <m-hero-form bg='https:\/\/static.ferrovial.com\/wp-content\/uploads\/2020\/10\/13123454\/hyperlooptt_tubes_factory-1920x1080.jpg' type='bgYellowImg'>\n                    <h2 slot=\"title\">\n                Fill in the form to discover the future of Hyperloop            <\/h2>\n        \n        \n                    <div slot=\"inputs\">\n                \n<div class=\"wpcf7 no-js\" id=\"wpcf7-f245836-o1\" lang=\"es-ES\" dir=\"ltr\" data-wpcf7-id=\"245836\">\n<div class=\"screen-reader-response\"><p role=\"status\" aria-live=\"polite\" aria-atomic=\"true\"><\/p> <ul><\/ul><\/div>\n<form action=\"\/en-au\/wp-json\/wp\/v2\/pages\/228656#wpcf7-f245836-o1\" method=\"post\" class=\"wpcf7-form init\" aria-label=\"Contact form\" novalidate=\"novalidate\" data-status=\"init\">\n<fieldset class=\"hidden-fields-container\"><input type=\"hidden\" name=\"_wpcf7\" value=\"245836\" \/><input type=\"hidden\" name=\"_wpcf7_version\" value=\"6.1.3\" \/><input type=\"hidden\" name=\"_wpcf7_locale\" value=\"es_ES\" \/><input type=\"hidden\" name=\"_wpcf7_unit_tag\" value=\"wpcf7-f245836-o1\" \/><input type=\"hidden\" name=\"_wpcf7_container_post\" value=\"0\" \/><input type=\"hidden\" name=\"_wpcf7_posted_data_hash\" value=\"\" \/><input type=\"hidden\" name=\"_wpcf7_recaptcha_response\" value=\"\" \/>\n<\/fieldset>\n<p>Compulsory data are marked with an asterisk (*)\n<\/p>\n<p><label>Name and Last name *<br \/>\n<span class=\"wpcf7-form-control-wrap\" data-name=\"sm-name\"><input size=\"40\" maxlength=\"400\" class=\"wpcf7-form-control wpcf7-text wpcf7-validates-as-required input-long\" aria-required=\"true\" aria-invalid=\"false\" placeholder=\"\" value=\"\" type=\"text\" name=\"sm-name\" \/><\/span><\/label>\n<\/p>\n<p><label>Position *<br \/>\n<span class=\"wpcf7-form-control-wrap\" data-name=\"position\"><input size=\"40\" maxlength=\"400\" class=\"wpcf7-form-control wpcf7-text wpcf7-validates-as-required input-long\" aria-required=\"true\" aria-invalid=\"false\" placeholder=\"\" value=\"\" type=\"text\" name=\"position\" \/><\/span><\/label>\n<\/p>\n<p><label>Company *<br \/>\n<span class=\"wpcf7-form-control-wrap\" data-name=\"sm-company\"><input size=\"40\" maxlength=\"400\" class=\"wpcf7-form-control wpcf7-text wpcf7-validates-as-required input-long\" aria-required=\"true\" aria-invalid=\"false\" placeholder=\"\" value=\"\" type=\"text\" name=\"sm-company\" \/><\/span><\/label>\n<\/p>\n<p><label>E-mail *<br \/>\n<span class=\"wpcf7-form-control-wrap\" data-name=\"sm-email\"><input size=\"40\" maxlength=\"400\" class=\"wpcf7-form-control wpcf7-email wpcf7-validates-as-required wpcf7-text wpcf7-validates-as-email input-long\" aria-required=\"true\" aria-invalid=\"false\" placeholder=\"\" value=\"\" type=\"email\" name=\"sm-email\" \/><\/span><\/label>\n<\/p>\n<p>This site is protected by reCAPTCHA and the Google Privacy Policy and Terms of Service apply.\n<\/p>\n<p class=\"m-form-checkbox\"><span class=\"wpcf7-form-control-wrap\" data-name=\"sm-optin\"><span class=\"wpcf7-form-control wpcf7-acceptance\"><span class=\"wpcf7-list-item\"><label><input type=\"checkbox\" name=\"sm-optin\" value=\"1\" aria-invalid=\"false\" \/><span class=\"wpcf7-list-item-label\">I consent to the processing of my personal data by Ferrovial Corporaci\u00f3n, S.A.U for receiving commercial communications related to innovation. You can withdraw your consent at any time. Further details on how your personal data is processed and how to exercise your data protection rights can be found in <a href=\"https:\/\/www.ferrovial.com\/en\/privacy-policy\/\">Ferrovial&#8217;s Privacy Policy<\/a>.<\/span><\/label><\/span><\/span><\/span>\n<\/p>\n<p><input class=\"wpcf7-form-control wpcf7-submit has-spinner\" type=\"submit\" value=\"Send\" \/>\n<\/p><div class=\"wpcf7-response-output\" aria-hidden=\"true\"><\/div>\n<\/form>\n<\/div>\n            <\/div>\n            <\/m-hero-form>\n\n    \n\n\n<m-wysiwig class=\"wp-block-components-wysiwyg\"><div slot=\"maincontent\">\n<h2 class=\"wp-block-heading\"><strong><strong>The hyperloop era: <\/strong>Do you want to know the opportunities of future transportation?&nbsp;<\/strong><\/h2>\n\n\n\n<p>The hyperloop is a mode of transportation that&nbsp;may&nbsp;help us face many of the challenges of tomorrow. It\u2019s a fast, affordable, environmentally sustainable system available to many.&nbsp;&nbsp;<\/p>\n\n\n\n<p>At Ferrovial, we\u2019re working on visualizing and&nbsp;predicting&nbsp;the&nbsp;hyperloop\u2019s impact&nbsp;on mobility services and infrastructure. We want to work with other actors to identify the threats and opportunities we may come across&nbsp;in the near future. <\/p>\n\n\n\n<p><em>With the technical assistance of Hyperloop Transportation Technologies (HyperloopTT)<\/em><\/p>\n\n\n\n<figure class=\"wp-block-image size-large is-resized\"><img v-lazy=\"'https:\/\/static.ferrovial.com\/wp-content\/uploads\/2020\/10\/13123651\/hyperlooptt-logo.jpg'\" alt=\"\" class=\"wp-image-228657\" width=\"308\" height=\"26\"\/><\/figure>\n\n\n\n<h2 class=\"wp-block-heading\">Fill out the form to receive the scenario planning documents.<\/h2>\n\n\n\n<figure class=\"wp-block-image size-large\"><img v-lazy=\"'https:\/\/static.ferrovial.com\/wp-content\/uploads\/2020\/10\/13123335\/microsoftteams-image-3-724x1024.png'\" alt=\"\" class=\"wp-image-176542\"\/><\/figure>\n<\/div><\/m-wysiwig>\n\n\n\n<m-wysiwig class=\"wp-block-components-wysiwyg\"><div slot=\"maincontent\">\n<h2 class=\"wp-block-heading\"><strong>The advantages of the hyperloop<\/strong>&nbsp;<\/h2>\n\n\n\n<p>The hyperloop is based on a system of capsules that move through low-pressure tubes that are hermetically sealed. Given the low air resistance, these capsules move through the tubes with great efficiency.&nbsp;&nbsp;<\/p>\n\n\n\n<p>Hyperloop capsules can be designed to carry passengers or cargo. In&nbsp;either&nbsp;case, they can reach speeds greater than 1000 kilometers per hour, which is faster than high-speed trains and even aircraft. As a result, this system could connect the cities of Madrid and Barcelona in just 40 minutes.&nbsp;&nbsp;<\/p>\n\n\n\n<p>Another great advantage of the hyperloop is low energy consumption. The vacuum in the tube lets the capsules move faster since they aren\u2019t slowed down by air friction.&nbsp;The system&nbsp;can even run on renewable energy, thus becoming a zero-emission mode of transportation.&nbsp;&nbsp;<\/p>\n\n\n\n<figure class=\"wp-block-image size-large\"><img v-lazy=\"'https:\/\/static.ferrovial.com\/wp-content\/uploads\/2020\/10\/13123449\/2019_hyperlooptt_toulouse_capsule-1024x576.jpg'\" alt=\"\" class=\"wp-image-176126\"\/><\/figure>\n\n\n\n<h2 class=\"wp-block-heading\"><strong>Advances in technology<\/strong>&nbsp;<\/h2>\n\n\n\n<p>This is a developing technology that is attracting numerous companies and investors, some with a collaborative model. If the expected results are achieved, the first hyperloop lines will be deployed this decade for both logistics and passenger transportation purposes.<\/p>\n<\/div><\/m-wysiwig>\n","protected":false},"excerpt":{"rendered":"","protected":false},"featured_media":0,"parent":228664,"menu_order":0,"comment_status":"closed","ping_status":"closed","template":"","meta":{"_acf_changed":false,"footnotes":""},"class_list":["post-228656","page","type-page","status-publish","hentry"],"acf":[],"yoast_head":"<!-- This site is optimized with the Yoast SEO plugin v27.2 - https:\/\/yoast.com\/product\/yoast-seo-wordpress\/ -->\n<title>Hyperloop | Foresight - Ferrovial<\/title>\n<meta name=\"description\" content=\"\u00bfImaginas el transporte del futuro? Velocidades de 1.200 kil\u00f3metros por hora, bajo consumo energ\u00e9tico y hasta poco tiempo de espera. El hyperloop lo tiene todo para ser el transporte del ma\u00f1ana.\" \/>\n<meta name=\"robots\" content=\"index, follow, max-snippet:-1, max-image-preview:large, max-video-preview:-1\" \/>\n<link rel=\"canonical\" href=\"https:\/\/www.ferrovial.com\/en-au\/foresight\/scenario-planning\/hyperloop\/\" \/>\n<meta property=\"og:locale\" content=\"en_US\" \/>\n<meta property=\"og:type\" content=\"article\" \/>\n<meta property=\"og:title\" content=\"Hyperloop | Foresight - Ferrovial\" \/>\n<meta property=\"og:description\" content=\"\u00bfImaginas el transporte del futuro? Velocidades de 1.200 kil\u00f3metros por hora, bajo consumo energ\u00e9tico y hasta poco tiempo de espera. El hyperloop lo tiene todo para ser el transporte del ma\u00f1ana.\" \/>\n<meta property=\"og:url\" content=\"https:\/\/www.ferrovial.com\/en-au\/foresight\/scenario-planning\/hyperloop\/\" \/>\n<meta property=\"og:site_name\" content=\"Ferrovial\" \/>\n<meta property=\"article:publisher\" content=\"https:\/\/www.facebook.com\/ferrovial\" \/>\n<meta property=\"article:modified_time\" content=\"2023-01-03T10:51:39+00:00\" \/>\n<meta property=\"og:image\" content=\"https:\/\/www.ferrovial.com\/wp-content\/uploads\/2020\/10\/hyperlooptt-logo.jpg\" \/>\n<meta name=\"twitter:card\" content=\"summary_large_image\" \/>\n<meta name=\"twitter:site\" content=\"@ferrovial\" \/>\n<meta name=\"twitter:label1\" content=\"Est. reading time\" \/>\n\t<meta name=\"twitter:data1\" content=\"1 minute\" \/>\n<!-- \/ Yoast SEO plugin. -->","yoast_head_json":{"title":"Hyperloop | Foresight - Ferrovial","description":"\u00bfImaginas el transporte del futuro? Velocidades de 1.200 kil\u00f3metros por hora, bajo consumo energ\u00e9tico y hasta poco tiempo de espera. El hyperloop lo tiene todo para ser el transporte del ma\u00f1ana.","robots":{"index":"index","follow":"follow","max-snippet":"max-snippet:-1","max-image-preview":"max-image-preview:large","max-video-preview":"max-video-preview:-1"},"canonical":"https:\/\/www.ferrovial.com\/en-au\/foresight\/scenario-planning\/hyperloop\/","og_locale":"en_US","og_type":"article","og_title":"Hyperloop | Foresight - Ferrovial","og_description":"\u00bfImaginas el transporte del futuro? Velocidades de 1.200 kil\u00f3metros por hora, bajo consumo energ\u00e9tico y hasta poco tiempo de espera. El hyperloop lo tiene todo para ser el transporte del ma\u00f1ana.","og_url":"https:\/\/www.ferrovial.com\/en-au\/foresight\/scenario-planning\/hyperloop\/","og_site_name":"Ferrovial","article_publisher":"https:\/\/www.facebook.com\/ferrovial","article_modified_time":"2023-01-03T10:51:39+00:00","og_image":[{"url":"https:\/\/www.ferrovial.com\/wp-content\/uploads\/2020\/10\/hyperlooptt-logo.jpg","type":"","width":"","height":""}],"twitter_card":"summary_large_image","twitter_site":"@ferrovial","twitter_misc":{"Est. reading time":"1 minute"},"schema":{"@context":"https:\/\/schema.org","@graph":[{"@type":"WebPage","@id":"https:\/\/www.ferrovial.com\/en-au\/foresight\/scenario-planning\/hyperloop\/","url":"https:\/\/www.ferrovial.com\/en-au\/foresight\/scenario-planning\/hyperloop\/","name":"Hyperloop | Foresight - Ferrovial","isPartOf":{"@id":"https:\/\/www.ferrovial.com\/en-au\/#website"},"primaryImageOfPage":{"@id":"https:\/\/www.ferrovial.com\/en-au\/foresight\/scenario-planning\/hyperloop\/#primaryimage"},"image":{"@id":"https:\/\/www.ferrovial.com\/en-au\/foresight\/scenario-planning\/hyperloop\/#primaryimage"},"thumbnailUrl":"https:\/\/www.ferrovial.com\/wp-content\/uploads\/2020\/10\/hyperlooptt-logo.jpg","datePublished":"2020-10-06T14:35:08+00:00","dateModified":"2023-01-03T10:51:39+00:00","description":"\u00bfImaginas el transporte del futuro? Velocidades de 1.200 kil\u00f3metros por hora, bajo consumo energ\u00e9tico y hasta poco tiempo de espera. El hyperloop lo tiene todo para ser el transporte del ma\u00f1ana.","breadcrumb":{"@id":"https:\/\/www.ferrovial.com\/en-au\/foresight\/scenario-planning\/hyperloop\/#breadcrumb"},"inLanguage":"en-au","potentialAction":[{"@type":"ReadAction","target":["https:\/\/www.ferrovial.com\/en-au\/foresight\/scenario-planning\/hyperloop\/"]}]},{"@type":"ImageObject","inLanguage":"en-au","@id":"https:\/\/www.ferrovial.com\/en-au\/foresight\/scenario-planning\/hyperloop\/#primaryimage","url":"https:\/\/www.ferrovial.com\/wp-content\/uploads\/2020\/10\/hyperlooptt-logo.jpg","contentUrl":"https:\/\/www.ferrovial.com\/wp-content\/uploads\/2020\/10\/hyperlooptt-logo.jpg"},{"@type":"BreadcrumbList","@id":"https:\/\/www.ferrovial.com\/en-au\/foresight\/scenario-planning\/hyperloop\/#breadcrumb","itemListElement":[{"@type":"ListItem","position":1,"name":"Portada","item":"https:\/\/www.ferrovial.com\/en-au\/"},{"@type":"ListItem","position":2,"name":"Foresight","item":"https:\/\/www.ferrovial.com\/en-au\/foresight\/"},{"@type":"ListItem","position":3,"name":"What If&#8230;? | Foresight","item":"https:\/\/www.ferrovial.com\/en-au\/foresight\/scenario-planning\/"},{"@type":"ListItem","position":4,"name":"Hyperloop | Foresight"}]},{"@type":"WebSite","@id":"https:\/\/www.ferrovial.com\/en-au\/#website","url":"https:\/\/www.ferrovial.com\/en-au\/","name":"Ferrovial","description":"Welcome to the Ferrovial&#039;s website, global operator of sustainable infrastructure. Here you can find all the information about the company and subsidiaries.","publisher":{"@id":"https:\/\/www.ferrovial.com\/en-au\/#organization"},"potentialAction":[{"@type":"SearchAction","target":{"@type":"EntryPoint","urlTemplate":"https:\/\/www.ferrovial.com\/en-au\/?s={search_term_string}"},"query-input":{"@type":"PropertyValueSpecification","valueRequired":true,"valueName":"search_term_string"}}],"inLanguage":"en-au"},{"@type":"Organization","@id":"https:\/\/www.ferrovial.com\/en-au\/#organization","name":"Ferrovial S.A.","url":"https:\/\/www.ferrovial.com\/en-au\/","logo":{"@type":"ImageObject","inLanguage":"en-au","@id":"https:\/\/www.ferrovial.com\/en-au\/#\/schema\/logo\/image\/","url":"https:\/\/static.ferrovial.com\/wp-content\/uploads\/2020\/01\/13124948\/logo-ferrovial-cf7.png","contentUrl":"https:\/\/static.ferrovial.com\/wp-content\/uploads\/2020\/01\/13124948\/logo-ferrovial-cf7.png","width":144,"height":32,"caption":"Ferrovial S.A."},"image":{"@id":"https:\/\/www.ferrovial.com\/en-au\/#\/schema\/logo\/image\/"},"sameAs":["https:\/\/www.facebook.com\/ferrovial","https:\/\/x.com\/ferrovial","https:\/\/www.instagram.com\/ferrovial\/","https:\/\/www.linkedin.com\/company\/ferrovial","https:\/\/www.pinterest.es\/ferrovial\/","https:\/\/www.youtube.com\/ferrovial","https:\/\/en.wikipedia.org\/wiki\/Ferrovial"]}]}},"_links":{"self":[{"href":"https:\/\/www.ferrovial.com\/en-au\/wp-json\/wp\/v2\/pages\/228656","targetHints":{"allow":["GET"]}}],"collection":[{"href":"https:\/\/www.ferrovial.com\/en-au\/wp-json\/wp\/v2\/pages"}],"about":[{"href":"https:\/\/www.ferrovial.com\/en-au\/wp-json\/wp\/v2\/types\/page"}],"replies":[{"embeddable":true,"href":"https:\/\/www.ferrovial.com\/en-au\/wp-json\/wp\/v2\/comments?post=228656"}],"version-history":[{"count":3,"href":"https:\/\/www.ferrovial.com\/en-au\/wp-json\/wp\/v2\/pages\/228656\/revisions"}],"predecessor-version":[{"id":245913,"href":"https:\/\/www.ferrovial.com\/en-au\/wp-json\/wp\/v2\/pages\/228656\/revisions\/245913"}],"up":[{"embeddable":true,"href":"https:\/\/www.ferrovial.com\/en-au\/wp-json\/wp\/v2\/pages\/228664"}],"wp:attachment":[{"href":"https:\/\/www.ferrovial.com\/en-au\/wp-json\/wp\/v2\/media?parent=228656"}],"curies":[{"name":"wp","href":"https:\/\/api.w.org\/{rel}","templated":true}]}}