{"id":229409,"date":"2019-09-05T11:35:31","date_gmt":"2019-09-05T09:35:31","guid":{"rendered":"https:\/\/www.ferrovial.com\/ditecpesa\/contact\/"},"modified":"2025-07-15T09:18:58","modified_gmt":"2025-07-15T07:18:58","slug":"contact","status":"publish","type":"page","link":"https:\/\/www.ferrovial.com\/en-au\/ditecpesa\/contact\/","title":{"rendered":"Contact"},"content":{"rendered":"\n    <m-contact>\n            <c-breadcrumb label-text=\"Breadcrumb\" slot=\"breadcrumbs\" type='2' align='left' wrap='wrapped wrapped' aria-label='You came from Ditecpesa'>\n                        <ol>\n\n                                                            <li><a href=\"https:\/\/www.ferrovial.com\/en-au\/\" title=\"Ferrovial\">Ferrovial<\/a><\/li>\n                                                                        <li><a href=\"https:\/\/www.ferrovial.com\/en-au\/ditecpesa\/\" title=\"Ditecpesa\">Ditecpesa<\/a><\/li>\n                                    \n                <\/ol>\n\n                <\/c-breadcrumb>\n                    <h2 slot=\"title\">\n                    Contact                <\/h2>\n                                        <div slot=\"card\">\n                            <h4 slot=\"title\">\n                                Madrid                            <\/h4>\n                                                                <p class=\"address\">\n                                        <a sr-only=\"Open in a new tab\" class=\"algo\" href=\"https:\/\/maps.app.goo.gl\/xvKmbN1ACLxRbkas7\" title=\"Madrid - Address\" target='_blank' external='true'>\n                                            C\/ Ribera del Loira, 42, Edificio 3, 28042 Madrid                                        <\/a>\n                                    <\/p>\n                                                                        <p class=\"email\">\n                                                                                <a href=\"mailto:\u202fditecpesa@ferrovial.com\" title=\"Madrid - Email\" sr-only=\"Open in a new tab\">\n                                            \u202fditecpesa@ferrovial.com                                        <\/a>\n                                    <\/p>\n                                                            <\/div>\n                                            <div slot=\"card\">\n                            <h4 slot=\"title\">\n                                Sese\u00f1a                            <\/h4>\n                                                                <p class=\"address\">\n                                        <a sr-only=\"Open in a new tab\" class=\"algo\" href=\"https:\/\/www.google.es\/maps\/place\/Cam.+Sese%C3%B1a+Nuevo,+Toledo\/@40.1619651,-3.759876,12.04z\/data=!4m6!3m5!1s0xd421c95b9b4f061:0xd60cf81754ac11f8!8m2!3d40.1092686!4d-3.6717537!16s%2Fg%2F11z9l1ps2?entry=ttu&#038;g_ep=EgoyMDI0MTEyNC4xIKXMDSoASAFQAw%3D%3D\" title=\"Sese\u00f1a - Address\" target='_blank' external='true'>\n                                            Camino de Sese\u00f1a Nuevo, s\/n 45224 \u2013 Toledo                                        <\/a>\n                                    <\/p>\n                                                                        <p class=\"phone\">\n                                                                                        <span class=\"pre\" type=\"bold\">T. <\/span>\n                                                                                        <a sr-only=\"Open in a new tab\" href=\"tel:91 895 77 50\" title=\"Sese\u00f1a - Phone\">\n                                            91 895 77 50                                        <\/a>\n                                                                            <\/p>\n                                                                        <p class=\"email\">\n                                                                                <a href=\"mailto:\u202fditecpesa@ferrovial.com\" title=\"Sese\u00f1a - Email\" sr-only=\"Open in a new tab\">\n                                            \u202fditecpesa@ferrovial.com                                        <\/a>\n                                    <\/p>\n                                                            <\/div>\n                                            <div slot=\"card\">\n                            <h4 slot=\"title\">\n                                Gij\u00f3n                             <\/h4>\n                                                                <p class=\"address\">\n                                        <a sr-only=\"Open in a new tab\" class=\"algo\" href=\"https:\/\/goo.gl\/maps\/HN2JeVDmnQdBACii6\" title=\"Gij\u00f3n  - Address\" target='_blank' external='true'>\n                                            Espig\u00f3n II, Puerto de El Musel  33290 &#8211; Gij\u00f3n  Asturias, Espa\u00f1a                                         <\/a>\n                                    <\/p>\n                                                                        <p class=\"phone\">\n                                                                                        <span class=\"pre\" type=\"bold\">T. <\/span>\n                                                                                        <a sr-only=\"Open in a new tab\" href=\"tel:\" title=\"Gij\u00f3n  - Phone\">\n                                            +34 985 316 213                                        <\/a>\n                                                                            <\/p>\n                                                                        <p class=\"email\">\n                                                                                        <span class=\"pre\" type=\"bold\">E.<\/span>\n                                                                                        <a href=\"mailto:ditecpesa.gijon@ferrovial.com\" title=\"Gij\u00f3n  - Email\" sr-only=\"Open in a new tab\">\n                                            ditecpesa.gijon@ferrovial.com                                        <\/a>\n                                    <\/p>\n                                                            <\/div>\n                                            <div slot=\"card\">\n                            <h4 slot=\"title\">\n                                Alicante                            <\/h4>\n                                                                <p class=\"address\">\n                                        <a sr-only=\"Open in a new tab\" class=\"algo\" href=\"https:\/\/goo.gl\/maps\/JqfexikJJD8heby26\" title=\"Alicante - Address\" target='_blank' external='true'>\n                                            Muelle de Poniente, Puerto de Alicante  03001 &#8211; Alicante  Alicante, Espa\u00f1a                                         <\/a>\n                                    <\/p>\n                                                                        <p class=\"phone\">\n                                                                                        <span class=\"pre\" type=\"bold\">T. <\/span>\n                                                                                        <a sr-only=\"Open in a new tab\" href=\"tel:\" title=\"Alicante - Phone\">\n                                            +34 965 120 184                                        <\/a>\n                                                                            <\/p>\n                                                                        <p class=\"email\">\n                                                                                        <span class=\"pre\" type=\"bold\">E.<\/span>\n                                                                                        <a href=\"mailto:ditecpesa.alicante@ferrovial.com\" title=\"Alicante - Email\" sr-only=\"Open in a new tab\">\n                                            ditecpesa.alicante@ferrovial.com                                        <\/a>\n                                    <\/p>\n                                                            <\/div>\n                        <\/m-contact>\n\n    \n\n    \n    <m-contact-tabs >\n                    <p class=\"title\">\n                Contact Form            <\/p>\n                                    <p class=\"description\">\n                        Descripcion placeholder\n                    <\/p>\n                        <ol>                            <li for=\"content1\">\n                                GENERAL QUESTION                            <\/li>\n                                                        <li for=\"content2\">\n                                Press                            <\/li>\n                            <\/ol>                    <div slot=\"content1\">\n                        <m-form >\n                                                                <p>Lorem ipsum dolor sit amet, consectetur adipiscing elit, sed do eiusmod tempor incididunt ut labore et dolore magna aliqua.<\/p>\n                                    <p>Ut enim ad minim veniam, quis nostrud exercitation ullamco laboris nisi ut aliquip ex ea commodo consequat.<\/p>\n                                    \n<div class=\"wpcf7 no-js\" id=\"wpcf7-f101669-o1\" lang=\"en-US\" dir=\"ltr\" data-wpcf7-id=\"101669\">\n<div class=\"screen-reader-response\"><p role=\"status\" aria-live=\"polite\" aria-atomic=\"true\"><\/p> <ul><\/ul><\/div>\n<form action=\"\/en-au\/wp-json\/wp\/v2\/pages\/229409#wpcf7-f101669-o1\" method=\"post\" class=\"wpcf7-form init\" aria-label=\"Contact form\" novalidate=\"novalidate\" data-status=\"init\">\n<fieldset class=\"hidden-fields-container\"><input type=\"hidden\" name=\"_wpcf7\" value=\"101669\" \/><input type=\"hidden\" name=\"_wpcf7_version\" value=\"6.1.3\" \/><input type=\"hidden\" name=\"_wpcf7_locale\" value=\"en_US\" \/><input type=\"hidden\" name=\"_wpcf7_unit_tag\" value=\"wpcf7-f101669-o1\" \/><input type=\"hidden\" name=\"_wpcf7_container_post\" value=\"0\" \/><input type=\"hidden\" name=\"_wpcf7_posted_data_hash\" value=\"\" \/><input type=\"hidden\" name=\"_wpcf7_recaptcha_response\" value=\"\" \/>\n<\/fieldset>\n<p>Compulsory data are marked with an asterisk (*)\n<\/p>\n<p><label>Name and surname *<br \/>\n<span class=\"wpcf7-form-control-wrap\" data-name=\"name\"><input size=\"40\" maxlength=\"400\" class=\"wpcf7-form-control wpcf7-text wpcf7-validates-as-required input-long\" aria-required=\"true\" aria-invalid=\"false\" placeholder=\"\" value=\"\" type=\"text\" name=\"name\" \/><\/span><\/label>\n<\/p>\n<p><label>E-mail *<br \/>\n<span class=\"wpcf7-form-control-wrap\" data-name=\"email\"><input size=\"40\" maxlength=\"400\" class=\"wpcf7-form-control wpcf7-email wpcf7-validates-as-required wpcf7-text wpcf7-validates-as-email input-long\" aria-required=\"true\" aria-invalid=\"false\" placeholder=\"\" value=\"\" type=\"email\" name=\"email\" \/><\/span><\/label>\n<\/p>\n<p><label>Content *<br \/>\n<span class=\"wpcf7-form-control-wrap\" data-name=\"txaContent\"><textarea cols=\"40\" rows=\"10\" maxlength=\"2000\" class=\"wpcf7-form-control wpcf7-textarea wpcf7-validates-as-required input-long\" aria-required=\"true\" aria-invalid=\"false\" placeholder=\"\" name=\"txaContent\"><\/textarea><\/span><\/label>\n<\/p>\n<p>This site is protected by reCAPTCHA and the Google Privacy Policy and Terms of Service apply.\n<\/p>\n<p class=\"m-form-checkbox\"><span class=\"wpcf7-form-control-wrap\" data-name=\"checkbox\"><span class=\"wpcf7-form-control wpcf7-acceptance\"><span class=\"wpcf7-list-item\"><label><input type=\"checkbox\" name=\"checkbox\" value=\"1\" aria-invalid=\"false\" \/><span class=\"wpcf7-list-item-label\">I have read and agree to <a href=\"https:\/\/www.ferrovial.com\/en\/legal-notice\/\">Legal Notice<\/a> and <a href=\"https:\/\/www.ferrovial.com\/en\/privacy-policy\/\">Privacy Policy<\/a> and <a href=\"https:\/\/www.ferrovial.com\/en\/cookie-policy\/\">Cookies Policy<\/a><\/span><\/label><\/span><\/span><\/span>\n<\/p>\n<p class=\"m-form-checkbox\"><span class=\"wpcf7-form-control-wrap\" data-name=\"checkbox2\"><span class=\"wpcf7-form-control wpcf7-acceptance\"><span class=\"wpcf7-list-item\"><label><input type=\"checkbox\" name=\"checkbox2\" value=\"1\" aria-invalid=\"false\" \/><span class=\"wpcf7-list-item-label\">I authorize the treatment of my data for the attention of the consultation and its transfer to the companies of the group when it is necessary, according to the <a href=\"https:\/\/www.ferrovial.com\/en\/cookie-policy\/\">Privacy Policy<\/a>.<\/span><\/label><\/span><\/span><\/span>\n<\/p>\n<p><input class=\"wpcf7-form-control wpcf7-submit has-spinner\" type=\"submit\" value=\"Send\" \/>\n<\/p><div class=\"wpcf7-response-output\" aria-hidden=\"true\"><\/div>\n<\/form>\n<\/div>\n                        <\/m-form>\n                    <\/div>\n                                        <div slot=\"content2\">\n                        <m-form >\n                                                                <p>Lorem ipsum dolor sit amet, consectetur adipiscing elit, sed do eiusmod tempor incididunt ut labore et dolore magna aliqua.<\/p>\n                                    <p>Ut enim ad minim veniam, quis nostrud exercitation ullamco laboris nisi ut aliquip ex ea commodo consequat.<\/p>\n                                    \n<div class=\"wpcf7 no-js\" id=\"wpcf7-f101670-o2\" lang=\"en-US\" dir=\"ltr\" data-wpcf7-id=\"101670\">\n<div class=\"screen-reader-response\"><p role=\"status\" aria-live=\"polite\" aria-atomic=\"true\"><\/p> <ul><\/ul><\/div>\n<form action=\"\/en-au\/wp-json\/wp\/v2\/pages\/229409#wpcf7-f101670-o2\" method=\"post\" class=\"wpcf7-form init\" aria-label=\"Contact form\" novalidate=\"novalidate\" data-status=\"init\">\n<fieldset class=\"hidden-fields-container\"><input type=\"hidden\" name=\"_wpcf7\" value=\"101670\" \/><input type=\"hidden\" name=\"_wpcf7_version\" value=\"6.1.3\" \/><input type=\"hidden\" name=\"_wpcf7_locale\" value=\"en_US\" \/><input type=\"hidden\" name=\"_wpcf7_unit_tag\" value=\"wpcf7-f101670-o2\" \/><input type=\"hidden\" name=\"_wpcf7_container_post\" value=\"0\" \/><input type=\"hidden\" name=\"_wpcf7_posted_data_hash\" value=\"\" \/><input type=\"hidden\" name=\"_wpcf7_recaptcha_response\" value=\"\" \/>\n<\/fieldset>\n<p>Compulsory data are marked with an asterisk (*)\n<\/p>\n<p><label>Name and surname *<br \/>\n<span class=\"wpcf7-form-control-wrap\" data-name=\"name\"><input size=\"40\" maxlength=\"400\" class=\"wpcf7-form-control wpcf7-text wpcf7-validates-as-required input-long\" aria-required=\"true\" aria-invalid=\"false\" placeholder=\"\" value=\"\" type=\"text\" name=\"name\" \/><\/span><\/label>\n<\/p>\n<p><label>E-mail *<br \/>\n<span class=\"wpcf7-form-control-wrap\" data-name=\"email\"><input size=\"40\" maxlength=\"400\" class=\"wpcf7-form-control wpcf7-email wpcf7-validates-as-required wpcf7-text wpcf7-validates-as-email input-long\" aria-required=\"true\" aria-invalid=\"false\" placeholder=\"\" value=\"\" type=\"email\" name=\"email\" \/><\/span><\/label>\n<\/p>\n<p><label>Content *<br \/>\n<span class=\"wpcf7-form-control-wrap\" data-name=\"txaContent\"><textarea cols=\"40\" rows=\"10\" maxlength=\"2000\" class=\"wpcf7-form-control wpcf7-textarea wpcf7-validates-as-required input-long\" aria-required=\"true\" aria-invalid=\"false\" placeholder=\"\" name=\"txaContent\"><\/textarea><\/span><\/label>\n<\/p>\n<p>This site is protected by reCAPTCHA and the Google Privacy Policy and Terms of Service apply.\n<\/p>\n<p class=\"m-form-checkbox\"><span class=\"wpcf7-form-control-wrap\" data-name=\"checkbox\"><span class=\"wpcf7-form-control wpcf7-acceptance\"><span class=\"wpcf7-list-item\"><label><input type=\"checkbox\" name=\"checkbox\" value=\"1\" aria-invalid=\"false\" \/><span class=\"wpcf7-list-item-label\">I have read and agree to <a href=\"https:\/\/www.ferrovial.com\/en\/legal-notice\/\">Legal Notice<\/a> and <a href=\"https:\/\/www.ferrovial.com\/en\/privacy-policy\/\">Privacy Policy<\/a> and <a href=\"https:\/\/www.ferrovial.com\/en\/cookie-policy\/\">Cookies Policy<\/a><\/span><\/label><\/span><\/span><\/span>\n<\/p>\n<p class=\"m-form-checkbox\"><span class=\"wpcf7-form-control-wrap\" data-name=\"checkbox2\"><span class=\"wpcf7-form-control wpcf7-acceptance\"><span class=\"wpcf7-list-item\"><label><input type=\"checkbox\" name=\"checkbox2\" value=\"1\" aria-invalid=\"false\" \/><span class=\"wpcf7-list-item-label\">I authorize the treatment of my data for the attention of the consultation and its transfer to the companies of the group when it is necessary, according to the <a href=\"https:\/\/www.ferrovial.com\/en\/cookie-policy\/\">Privacy Policy<\/a>.<\/span><\/label><\/span><\/span><\/span>\n<\/p>\n<p><input class=\"wpcf7-form-control wpcf7-submit has-spinner\" type=\"submit\" value=\"Send\" \/>\n<\/p><div class=\"wpcf7-response-output\" aria-hidden=\"true\"><\/div>\n<\/form>\n<\/div>\n                        <\/m-form>\n                    <\/div>\n                        <\/m-contact-tabs>\n\n    ","protected":false},"excerpt":{"rendered":"","protected":false},"featured_media":0,"parent":229265,"menu_order":4,"comment_status":"closed","ping_status":"closed","template":"","meta":{"_acf_changed":false,"footnotes":""},"class_list":["post-229409","page","type-page","status-publish","hentry"],"acf":[],"yoast_head":"<!-- This site is optimized with the Yoast SEO plugin v27.2 - https:\/\/yoast.com\/product\/yoast-seo-wordpress\/ -->\n<title>Company headquarters and contact information - Ditecpresa<\/title>\n<meta name=\"description\" content=\"If you need information or have any questions, click here and get in touch with us by e-mail or by calling us.\" \/>\n<meta name=\"robots\" content=\"index, follow, max-snippet:-1, max-image-preview:large, max-video-preview:-1\" \/>\n<link rel=\"canonical\" href=\"https:\/\/www.ferrovial.com\/en-au\/ditecpesa\/contact\/\" \/>\n<meta property=\"og:locale\" content=\"en_US\" \/>\n<meta property=\"og:type\" content=\"article\" \/>\n<meta property=\"og:title\" content=\"Company headquarters and contact information - Ditecpresa\" \/>\n<meta property=\"og:description\" content=\"If you need information or have any questions, click here and get in touch with us by e-mail or by calling us.\" \/>\n<meta property=\"og:url\" content=\"https:\/\/www.ferrovial.com\/en-au\/ditecpesa\/contact\/\" \/>\n<meta property=\"og:site_name\" content=\"Ferrovial\" \/>\n<meta property=\"article:publisher\" content=\"https:\/\/www.facebook.com\/ferrovial\" \/>\n<meta property=\"article:modified_time\" content=\"2025-07-15T07:18:58+00:00\" \/>\n<meta name=\"twitter:card\" content=\"summary_large_image\" \/>\n<meta name=\"twitter:site\" content=\"@ferrovial\" \/>\n<!-- \/ Yoast SEO plugin. -->","yoast_head_json":{"title":"Company headquarters and contact information - Ditecpresa","description":"If you need information or have any questions, click here and get in touch with us by e-mail or by calling us.","robots":{"index":"index","follow":"follow","max-snippet":"max-snippet:-1","max-image-preview":"max-image-preview:large","max-video-preview":"max-video-preview:-1"},"canonical":"https:\/\/www.ferrovial.com\/en-au\/ditecpesa\/contact\/","og_locale":"en_US","og_type":"article","og_title":"Company headquarters and contact information - Ditecpresa","og_description":"If you need information or have any questions, click here and get in touch with us by e-mail or by calling us.","og_url":"https:\/\/www.ferrovial.com\/en-au\/ditecpesa\/contact\/","og_site_name":"Ferrovial","article_publisher":"https:\/\/www.facebook.com\/ferrovial","article_modified_time":"2025-07-15T07:18:58+00:00","twitter_card":"summary_large_image","twitter_site":"@ferrovial","schema":{"@context":"https:\/\/schema.org","@graph":[{"@type":"WebPage","@id":"https:\/\/www.ferrovial.com\/en-au\/ditecpesa\/contact\/","url":"https:\/\/www.ferrovial.com\/en-au\/ditecpesa\/contact\/","name":"Company headquarters and contact information - Ditecpresa","isPartOf":{"@id":"https:\/\/www.ferrovial.com\/en-au\/#website"},"datePublished":"2019-09-05T09:35:31+00:00","dateModified":"2025-07-15T07:18:58+00:00","description":"If you need information or have any questions, click here and get in touch with us by e-mail or by calling us.","breadcrumb":{"@id":"https:\/\/www.ferrovial.com\/en-au\/ditecpesa\/contact\/#breadcrumb"},"inLanguage":"en-au","potentialAction":[{"@type":"ReadAction","target":["https:\/\/www.ferrovial.com\/en-au\/ditecpesa\/contact\/"]}]},{"@type":"BreadcrumbList","@id":"https:\/\/www.ferrovial.com\/en-au\/ditecpesa\/contact\/#breadcrumb","itemListElement":[{"@type":"ListItem","position":1,"name":"Portada","item":"https:\/\/www.ferrovial.com\/en-au\/"},{"@type":"ListItem","position":2,"name":"Ditecpesa","item":"https:\/\/www.ferrovial.com\/en-au\/ditecpesa\/"},{"@type":"ListItem","position":3,"name":"Contact"}]},{"@type":"WebSite","@id":"https:\/\/www.ferrovial.com\/en-au\/#website","url":"https:\/\/www.ferrovial.com\/en-au\/","name":"Ferrovial","description":"Welcome to the Ferrovial&#039;s website, global operator of sustainable infrastructure. Here you can find all the information about the company and subsidiaries.","publisher":{"@id":"https:\/\/www.ferrovial.com\/en-au\/#organization"},"potentialAction":[{"@type":"SearchAction","target":{"@type":"EntryPoint","urlTemplate":"https:\/\/www.ferrovial.com\/en-au\/?s={search_term_string}"},"query-input":{"@type":"PropertyValueSpecification","valueRequired":true,"valueName":"search_term_string"}}],"inLanguage":"en-au"},{"@type":"Organization","@id":"https:\/\/www.ferrovial.com\/en-au\/#organization","name":"Ferrovial S.A.","url":"https:\/\/www.ferrovial.com\/en-au\/","logo":{"@type":"ImageObject","inLanguage":"en-au","@id":"https:\/\/www.ferrovial.com\/en-au\/#\/schema\/logo\/image\/","url":"https:\/\/static.ferrovial.com\/wp-content\/uploads\/2020\/01\/13124948\/logo-ferrovial-cf7.png","contentUrl":"https:\/\/static.ferrovial.com\/wp-content\/uploads\/2020\/01\/13124948\/logo-ferrovial-cf7.png","width":144,"height":32,"caption":"Ferrovial S.A."},"image":{"@id":"https:\/\/www.ferrovial.com\/en-au\/#\/schema\/logo\/image\/"},"sameAs":["https:\/\/www.facebook.com\/ferrovial","https:\/\/x.com\/ferrovial","https:\/\/www.instagram.com\/ferrovial\/","https:\/\/www.linkedin.com\/company\/ferrovial","https:\/\/www.pinterest.es\/ferrovial\/","https:\/\/www.youtube.com\/ferrovial","https:\/\/en.wikipedia.org\/wiki\/Ferrovial"]}]}},"_links":{"self":[{"href":"https:\/\/www.ferrovial.com\/en-au\/wp-json\/wp\/v2\/pages\/229409","targetHints":{"allow":["GET"]}}],"collection":[{"href":"https:\/\/www.ferrovial.com\/en-au\/wp-json\/wp\/v2\/pages"}],"about":[{"href":"https:\/\/www.ferrovial.com\/en-au\/wp-json\/wp\/v2\/types\/page"}],"replies":[{"embeddable":true,"href":"https:\/\/www.ferrovial.com\/en-au\/wp-json\/wp\/v2\/comments?post=229409"}],"version-history":[{"count":3,"href":"https:\/\/www.ferrovial.com\/en-au\/wp-json\/wp\/v2\/pages\/229409\/revisions"}],"predecessor-version":[{"id":309794,"href":"https:\/\/www.ferrovial.com\/en-au\/wp-json\/wp\/v2\/pages\/229409\/revisions\/309794"}],"up":[{"embeddable":true,"href":"https:\/\/www.ferrovial.com\/en-au\/wp-json\/wp\/v2\/pages\/229265"}],"wp:attachment":[{"href":"https:\/\/www.ferrovial.com\/en-au\/wp-json\/wp\/v2\/media?parent=229409"}],"curies":[{"name":"wp","href":"https:\/\/api.w.org\/{rel}","templated":true}]}}