{"id":252924,"date":"2023-01-02T11:09:11","date_gmt":"2023-01-02T10:09:11","guid":{"rendered":"https:\/\/www.ferrovial.com\/ferrovial-energy-infrastructures-and-mobility\/what-we-do\/"},"modified":"2025-08-07T18:23:37","modified_gmt":"2025-08-07T16:23:37","slug":"what-we-do","status":"publish","type":"page","link":"https:\/\/www.ferrovial.com\/en-au\/ferrovial-energy\/what-we-do\/","title":{"rendered":"What We Do at Ferrovial Energy"},"content":{"rendered":"    <m-final-content-header >\n            <c-breadcrumb label-text=\"Breadcrumb\" slot=\"breadcrumbs\" type='2' align='left' wrap='wrapped wrapped' aria-label='You came from Ferrovial Energy'>\n                        <ol>\n\n                                                            <li><a href=\"https:\/\/www.ferrovial.com\/en-au\/\" title=\"Ferrovial\">Ferrovial<\/a><\/li>\n                                                                        <li><a href=\"https:\/\/www.ferrovial.com\/en\/ferrovial-energy\/\" title=\"Ferrovial Energy\">Ferrovial Energy<\/a><\/li>\n                                    \n                <\/ol>\n\n                <\/c-breadcrumb>\n    \n        <div slot=\"header\">\n            <h1>\n                What we do?            <\/h1>\n                    <\/div>\n    <\/m-final-content-header>\n\n    \n\n\n<m-wysiwig class=\"wp-block-components-wysiwyg\"><div slot=\"maincontent\">    <p class=\"intro\">We&#8217;re promoting the transition towards a sustainable, clean, cutting-edge economy in energy.<\/p>\n    \n\n\n<p>We provide innovative solutions for the promotion, construction, and operation of energy generation and transmission infrastructures. In turn, we provide energy efficiency solutions for both public and private clients.<\/p>\n\n\n\n<h2 class=\"wp-block-heading\"><strong>How do we work?<\/strong><\/h2>\n\n\n\n<p>We&#8217;re moving forward with the <strong>emission reduction objective established in the company&#8217;s \u201cHorizon 24&#8243; strategic plan<\/strong>, as well as with the fulfillment of <a href=\"https:\/\/www.ferrovial.com\/en-au\/sustainability\/\">commitments aligned with international frameworks<\/a> through <strong>energy infrastructures. <\/strong><\/p>\n\n\n\n<p>Generating electricity from renewable sources is an essential partner in fighting climate change; it requires strengthening the capacities of the electricity system as a whole. In this context, We promote and build projects aimed at developing infrastructures for renewable electricity generation, as well as its storage and transmission. We participate in all phases of developing these types of projects, from identifying opportunities to their development, financing, construction, and ultimately, their operation.<\/p>\n\n\n\n<h2 class=\"wp-block-heading\"><strong><strong>Our Projects<\/strong><\/strong><\/h2>\n\n\n\n<h3 class=\"wp-block-heading\"><strong>Renewable energy infrastructures<\/strong><\/h3>\n\n\n\n<ul class=\"wp-block-list\">\n<li>Construction of the <strong>Elena photovoltaic plant<\/strong> (Antofagasta, Chile). Electrical facility and interconnection of a 540 MW photovoltaic plant.<\/li>\n\n\n\n<li><strong>Cabo Leon\u00e9s Wind Farm<\/strong> (Antofagasta, Chile). Plant balance 175 MW.<\/li>\n\n\n\n<li>Acquisition of <strong>Solar Park<\/strong> (Seville, Spain). Development, construction, and maintenance of the 50 MW wind farm.<\/li>\n\n\n\n<li><strong>San Lorenzo Wind Farm <\/strong>(Valladolid, Spain). Plant balance 66 MW.<\/li>\n<\/ul>\n<\/div><\/m-wysiwig>\n\n\n\n<m-wysiwig class=\"wp-block-components-wysiwyg\"><div slot=\"maincontent\">\n<h3 class=\"wp-block-heading\">Hydrogen<\/h3>\n\n\n\n<ul class=\"wp-block-list\">\n<li><strong>BH2C<\/strong>. Basque hydrogen corridor<\/li>\n\n\n\n<li><strong>H2 Port <\/strong>of Huelva<\/li>\n\n\n\n<li>Construction of an <strong>industrial plant for the methanization of biogas<\/strong> (Tarrasa, Spain)<\/li>\n<\/ul>\n\n\n\n<h3 class=\"wp-block-heading\"><strong>Electrical transmission<\/strong><\/h3>\n\n\n\n<ul class=\"wp-block-list\">\n<li><strong>El Berrocal:<\/strong> The photovoltaic solar plant \u201cEl Berrocal Solar PV\u201d, with a peak power of 49.9 MW, is located in the municipality of Gerena (Seville). It has an estimated annual production of 104.2 GWh, equivalent to the approximate annual consumption of 29,800 homes, avoiding the emission of 16,672 tons of CO2 into the atmosphere. See <a href=\"https:\/\/www.ferrovial.com\/en-au\/business\/projects\/solar-photovoltaic-plant-el-berrocal\/\">complete El Berrocal project file here<\/a>.<\/li>\n\n\n\n<li><strong>Transchile: <\/strong>We own, operate and maintain a transmission line in southern Chile, in the B\u00edo-B\u00edo and Araucan\u00eda regions. It is a 220kV double circuit line, 204 kilometers long and with a transmission capacity of 500 MVA per circuit. Under the control of Chile&#8217;s National Transmission System, the line serves more than 300,000 homes in the south of the country.<\/li>\n\n\n\n<li><strong>Centella<\/strong>: In July 2018, we were awarded 100% of a concession to build and operate a 256-kilometer 220kV double-circuit 220kV transmission line located in the Coquimbo region, north of Santiago, Chile, with a nominal capacity of 580 MVA per circuit. In addition, the project includes the construction of the new Centella substation in the town of Salamanca.<\/li>\n\n\n\n<li><strong>Tap Mauro<\/strong>: In February 2020, we were awarded the rights for the construction, operation and maintenance of a four-circuit transmission line. This new asset has an extension of 3 km per circuit and allows the connection of the Los Piuquenes-Tap Mauro transmission line and the new electrical substation under construction, Centella, located in the Coquimbo Region, north of Santiago.<\/li>\n<\/ul>\n<\/div><\/m-wysiwig>\n\n\n    <m-distributor-brands-basic>\n                        <h3 slot=\"title\">\n                    Our activities                <\/h3>\n                                    <a slot='card'>\n                                                        <h4>Renewable Generation<\/h4>\n                                                        <p class=\"description\">\n                            Construction of photovoltaic and wind power plants                        <\/p>\n                                            <\/a>\n                                        <a slot='card'>\n                                                        <h4>Transmission &#038; Distribution<\/h4>\n                                                        <p class=\"description\">\n                            Design, construction, commissioning and maintenance of transmission lines and substations                        <\/p>\n                                            <\/a>\n                                        <a slot='card'>\n                                                        <h4>Energy Services<\/h4>\n                                                        <p class=\"description\">\n                            We manage the energy needs of our clients, guaranteeing efficiency and economic savings                        <\/p>\n                                            <\/a>\n                        <\/m-distributor-brands-basic>\n\n    \n\n<p><!-- \/wp:post-content --><\/p>","protected":false},"excerpt":{"rendered":"","protected":false},"featured_media":0,"parent":252916,"menu_order":0,"comment_status":"closed","ping_status":"closed","template":"","meta":{"_acf_changed":false,"footnotes":""},"class_list":["post-252924","page","type-page","status-publish","hentry"],"acf":[],"yoast_head":"<!-- This site is optimized with the Yoast SEO plugin v27.2 - https:\/\/yoast.com\/product\/yoast-seo-wordpress\/ -->\n<title>What We Do at Ferrovial Energy - Ferrovial<\/title>\n<meta name=\"description\" content=\"Welcome to the Ferrovial&#039;s website, global operator of sustainable infrastructure. Here you can find all the information about the company and subsidiaries.\" \/>\n<meta name=\"robots\" content=\"index, follow, max-snippet:-1, max-image-preview:large, max-video-preview:-1\" \/>\n<link rel=\"canonical\" href=\"https:\/\/www.ferrovial.com\/en-au\/ferrovial-energy\/what-we-do\/\" \/>\n<meta property=\"og:locale\" content=\"en_US\" \/>\n<meta property=\"og:type\" content=\"article\" \/>\n<meta property=\"og:title\" content=\"What We Do at Ferrovial Energy - Ferrovial\" \/>\n<meta property=\"og:description\" content=\"Welcome to the Ferrovial&#039;s website, global operator of sustainable infrastructure. Here you can find all the information about the company and subsidiaries.\" \/>\n<meta property=\"og:url\" content=\"https:\/\/www.ferrovial.com\/en-au\/ferrovial-energy\/what-we-do\/\" \/>\n<meta property=\"og:site_name\" content=\"Ferrovial\" \/>\n<meta property=\"article:publisher\" content=\"https:\/\/www.facebook.com\/ferrovial\" \/>\n<meta property=\"article:modified_time\" content=\"2025-08-07T16:23:37+00:00\" \/>\n<meta name=\"twitter:card\" content=\"summary_large_image\" \/>\n<meta name=\"twitter:site\" content=\"@ferrovial\" \/>\n<meta name=\"twitter:label1\" content=\"Est. reading time\" \/>\n\t<meta name=\"twitter:data1\" content=\"3 minutes\" \/>\n<!-- \/ Yoast SEO plugin. -->","yoast_head_json":{"title":"What We Do at Ferrovial Energy - Ferrovial","description":"Welcome to the Ferrovial's website, global operator of sustainable infrastructure. Here you can find all the information about the company and subsidiaries.","robots":{"index":"index","follow":"follow","max-snippet":"max-snippet:-1","max-image-preview":"max-image-preview:large","max-video-preview":"max-video-preview:-1"},"canonical":"https:\/\/www.ferrovial.com\/en-au\/ferrovial-energy\/what-we-do\/","og_locale":"en_US","og_type":"article","og_title":"What We Do at Ferrovial Energy - Ferrovial","og_description":"Welcome to the Ferrovial's website, global operator of sustainable infrastructure. Here you can find all the information about the company and subsidiaries.","og_url":"https:\/\/www.ferrovial.com\/en-au\/ferrovial-energy\/what-we-do\/","og_site_name":"Ferrovial","article_publisher":"https:\/\/www.facebook.com\/ferrovial","article_modified_time":"2025-08-07T16:23:37+00:00","twitter_card":"summary_large_image","twitter_site":"@ferrovial","twitter_misc":{"Est. reading time":"3 minutes"},"schema":{"@context":"https:\/\/schema.org","@graph":[{"@type":"WebPage","@id":"https:\/\/www.ferrovial.com\/en-au\/ferrovial-energy\/what-we-do\/","url":"https:\/\/www.ferrovial.com\/en-au\/ferrovial-energy\/what-we-do\/","name":"What We Do at Ferrovial Energy - Ferrovial","isPartOf":{"@id":"https:\/\/www.ferrovial.com\/en-au\/#website"},"datePublished":"2023-01-02T10:09:11+00:00","dateModified":"2025-08-07T16:23:37+00:00","description":"Welcome to the Ferrovial's website, global operator of sustainable infrastructure. Here you can find all the information about the company and subsidiaries.","breadcrumb":{"@id":"https:\/\/www.ferrovial.com\/en-au\/ferrovial-energy\/what-we-do\/#breadcrumb"},"inLanguage":"en-au","potentialAction":[{"@type":"ReadAction","target":["https:\/\/www.ferrovial.com\/en-au\/ferrovial-energy\/what-we-do\/"]}]},{"@type":"BreadcrumbList","@id":"https:\/\/www.ferrovial.com\/en-au\/ferrovial-energy\/what-we-do\/#breadcrumb","itemListElement":[{"@type":"ListItem","position":1,"name":"Portada","item":"https:\/\/www.ferrovial.com\/en-au\/"},{"@type":"ListItem","position":2,"name":"Ferrovial Energy","item":"https:\/\/www.ferrovial.com\/en-au\/ferrovial-energy\/"},{"@type":"ListItem","position":3,"name":"What We Do at Ferrovial Energy"}]},{"@type":"WebSite","@id":"https:\/\/www.ferrovial.com\/en-au\/#website","url":"https:\/\/www.ferrovial.com\/en-au\/","name":"Ferrovial","description":"Welcome to the Ferrovial&#039;s website, global operator of sustainable infrastructure. Here you can find all the information about the company and subsidiaries.","publisher":{"@id":"https:\/\/www.ferrovial.com\/en-au\/#organization"},"potentialAction":[{"@type":"SearchAction","target":{"@type":"EntryPoint","urlTemplate":"https:\/\/www.ferrovial.com\/en-au\/?s={search_term_string}"},"query-input":{"@type":"PropertyValueSpecification","valueRequired":true,"valueName":"search_term_string"}}],"inLanguage":"en-au"},{"@type":"Organization","@id":"https:\/\/www.ferrovial.com\/en-au\/#organization","name":"Ferrovial S.A.","url":"https:\/\/www.ferrovial.com\/en-au\/","logo":{"@type":"ImageObject","inLanguage":"en-au","@id":"https:\/\/www.ferrovial.com\/en-au\/#\/schema\/logo\/image\/","url":"https:\/\/static.ferrovial.com\/wp-content\/uploads\/2020\/01\/13124948\/logo-ferrovial-cf7.png","contentUrl":"https:\/\/static.ferrovial.com\/wp-content\/uploads\/2020\/01\/13124948\/logo-ferrovial-cf7.png","width":144,"height":32,"caption":"Ferrovial S.A."},"image":{"@id":"https:\/\/www.ferrovial.com\/en-au\/#\/schema\/logo\/image\/"},"sameAs":["https:\/\/www.facebook.com\/ferrovial","https:\/\/x.com\/ferrovial","https:\/\/www.instagram.com\/ferrovial\/","https:\/\/www.linkedin.com\/company\/ferrovial","https:\/\/www.pinterest.es\/ferrovial\/","https:\/\/www.youtube.com\/ferrovial","https:\/\/en.wikipedia.org\/wiki\/Ferrovial"]}]}},"_links":{"self":[{"href":"https:\/\/www.ferrovial.com\/en-au\/wp-json\/wp\/v2\/pages\/252924","targetHints":{"allow":["GET"]}}],"collection":[{"href":"https:\/\/www.ferrovial.com\/en-au\/wp-json\/wp\/v2\/pages"}],"about":[{"href":"https:\/\/www.ferrovial.com\/en-au\/wp-json\/wp\/v2\/types\/page"}],"replies":[{"embeddable":true,"href":"https:\/\/www.ferrovial.com\/en-au\/wp-json\/wp\/v2\/comments?post=252924"}],"version-history":[{"count":3,"href":"https:\/\/www.ferrovial.com\/en-au\/wp-json\/wp\/v2\/pages\/252924\/revisions"}],"predecessor-version":[{"id":311165,"href":"https:\/\/www.ferrovial.com\/en-au\/wp-json\/wp\/v2\/pages\/252924\/revisions\/311165"}],"up":[{"embeddable":true,"href":"https:\/\/www.ferrovial.com\/en-au\/wp-json\/wp\/v2\/pages\/252916"}],"wp:attachment":[{"href":"https:\/\/www.ferrovial.com\/en-au\/wp-json\/wp\/v2\/media?parent=252924"}],"curies":[{"name":"wp","href":"https:\/\/api.w.org\/{rel}","templated":true}]}}