{"id":114967,"date":"2019-09-05T16:36:09","date_gmt":"2019-09-05T14:36:09","guid":{"rendered":"https:\/\/www.ferrovial.com\/sustainability\/environment\/"},"modified":"2025-06-17T10:30:23","modified_gmt":"2025-06-17T08:30:23","slug":"environment","status":"publish","type":"page","link":"https:\/\/www.ferrovial.com\/en-ca\/sustainability\/environment\/","title":{"rendered":"Environment"},"content":{"rendered":"    <m-final-content-header bgimage='https:\/\/static.ferrovial.com\/wp-content\/uploads\/2019\/11\/13133044\/euroscut_azores-ferrovial-1232x720.jpg'>\n            <c-breadcrumb label-text=\"Breadcrumb\" slot=\"breadcrumbs\" type='2' align='left' wrap='wrapped wrapped' aria-label='You came from Sustainability'>\n                        <ol>\n\n                                                            <li><a href=\"https:\/\/www.ferrovial.com\/en-ca\/\" title=\"Ferrovial\">Ferrovial<\/a><\/li>\n                                                                        <li><a href=\"https:\/\/www.ferrovial.com\/en\/sustainability\/\" title=\"Sustainability\">Sustainability<\/a><\/li>\n                                    \n                <\/ol>\n\n                <\/c-breadcrumb>\n    \n        <div slot=\"header\">\n            <h1>\n                Environment            <\/h1>\n                    <\/div>\n    <\/m-final-content-header>\n\n    \n\n\n<m-wysiwig class=\"wp-block-components-wysiwyg\"><div slot=\"maincontent\">    <p class=\"intro\">We are committed to reducing the environmental impact of our activities, maintaining a precautionary approach to environmental challenges reducing the overall carbon footprint of the company.<\/p>\n    \n\n\n\n             <a class='rich-link' href='https:\/\/www.ferrovial.com\/en\/enviromental-and-quality-policy\/' title='FIND OUT MORE ABOUT THE ENVIRONMENTAL &amp; QUALITY POLICY AND SCOPE OF APPLICATION' target='_blank'>\n                <span>FIND OUT MORE ABOUT THE ENVIRONMENTAL &amp; QUALITY POLICY AND SCOPE OF APPLICATION<\/span>\n                <img src='https:\/\/www.ferrovial.com\/wp-content\/themes\/global\/front\/dist\/static\/img\/icon-download.svg' alt='download link'>\n            <\/a>\n        \n<\/div><\/m-wysiwig>\n\n\n    <m-multiple-distributor columns='3'>\n                        <p slot=\"title\">\n                    Discover How We Work                <\/p>\n                                    <div class=\"card\">\n                                                <img decoding=\"async\" src=\"https:\/\/static.ferrovial.com\/wp-content\/uploads\/2019\/11\/13142650\/elnincc83ocostero-quintalagloria-marzo2017-1-600x800.jpg\" alt=\"el ni\u00f1o costero en per\u00fa cambio clim\u00e1tico\" position=\"center center\" \/>\n                                                        <p class=\"name\">Climate Change<\/p>\n                                                                    <p class=\"description\">Description placeholder<\/p>\n                                                                        <a title='More information' aria-label='More information about Climate Change'>More information<\/a>\n                                                            <\/div>\n                                        <div class=\"card\">\n                                                <img decoding=\"async\" src=\"https:\/\/static.ferrovial.com\/wp-content\/uploads\/2019\/11\/13142649\/edar_bens_ferrovial_huella_carbono-600x800.jpg\" alt=\"Edar_Bens_Ferrovial_Huella_Carbono\" position=\"center center\" \/>\n                                                        <p class=\"name\">Carbon Footprint<\/p>\n                                                                    <p class=\"description\">Description placeholder<\/p>\n                                                                        <a title='More information' aria-label='More information about Carbon Footprint'>More information<\/a>\n                                                            <\/div>\n                                        <div class=\"card\">\n                                                <img decoding=\"async\" src=\"https:\/\/static.ferrovial.com\/wp-content\/uploads\/2019\/10\/13133828\/depuradoras_cadagua_spain-600x573.jpg\" alt=\"Depuradoras_Cadagua_Spain\" position=\"center center\" \/>\n                                                        <p class=\"name\">Water Footprint<\/p>\n                                                                    <p class=\"description\">Description placeholder<\/p>\n                                                                        <a title='Water Footprint' aria-label='More information about Water Footprint'>Water Footprint<\/a>\n                                                            <\/div>\n                                        <div class=\"card\">\n                                                <img decoding=\"async\" src=\"https:\/\/static.ferrovial.com\/wp-content\/uploads\/2019\/11\/13140654\/sostenibilidad_uganda.jpg\" alt=\"arboles y cielo uganda\" position=\"center center\" \/>\n                                                        <p class=\"name\">Natural Capital <\/p>\n                                                                    <p class=\"description\">Description placeholder<\/p>\n                                                                        <a title='More information' aria-label='More information about Natural Capital '>More information<\/a>\n                                                            <\/div>\n                                        <div class=\"card\">\n                                                <img decoding=\"async\" src=\"https:\/\/static.ferrovial.com\/wp-content\/uploads\/2019\/09\/13142654\/londoners-lab-citizen-participation-waste-services-recycling-family-600x800.jpg\" alt=\"londoners-lab-citizen-participation-waste-services-recycling-family\" position=\"center center\" \/>\n                                                        <p class=\"name\">Circular Economy<\/p>\n                                                                    <p class=\"description\">Description placeholder<\/p>\n                                                                        <a title='More information' aria-label='More information about Circular Economy'>More information<\/a>\n                                                            <\/div>\n                        <\/m-multiple-distributor>\n\n    \n\n    <m-projects-distributor2 :translations='{\n        &quot;prev&quot;:&quot;Previous&quot;,\n        &quot;next&quot;:&quot;Next&quot;,\n        &quot;paginationseparator&quot;:&quot;of&quot;\n    }'>\n                        <h2 slot=\"label\">\n                    Projects                <\/h2>\n                                <h3 slot=\"title\">\n                Related Environmental Actions                <\/h3>\n                        <a slot='button' title='View all' href='https:\/\/www.ferrovial.com\/en\/sustainability\/environment\/projects\/'>\n            View all        <\/a>\n\n            <\/m-projects-distributor2>\n\n    \n\n    <m-distributor-news  >\n                        <h2 slot=\"title\">Latest News<\/h2>\n                                <c-link slot=\"link\" icon=\"external\" external=\"true\">\n                    <a href='https:\/\/newsroom.ferrovial.com\/en\/' title='Press Room' target='_blank' sr-only='Open new window'>Press Room<\/a>\n                <\/c-link>\n                                        <div slot=\"report\">\n                            <h3><a href=\"https:\/\/www.ferrovial.com\/en\/ir-shareholders\/significant-events\/transactions-carried-out-by-ferrovial-between-7-and-10-april-2026-under-its-share-repurchase-program\/\" target='_blank' title=\"Transactions carried out by Ferrovial between 7 and 10 April 2026\u00a0under its share repurchase program\">Transactions carried out by Ferrovial between 7 and 10 April 2026\u00a0under its share repurchase program<\/a><\/h3>\n                                                                <span>04\/14\/2026<\/span>\n                                                            <\/div>\n                                                <div slot=\"report\">\n                            <h3><a href=\"https:\/\/www.ferrovial.com\/en\/ir-shareholders\/significant-events\/ferrovial-announces-the-resolutions-adopted-by-the-2026-shareholders-meeting-held-on-9-april-2026\/\" target='_blank' title=\"Ferrovial announces the resolutions adopted by the 2026 Shareholders Meeting held on 9 April 2026\">Ferrovial announces the resolutions adopted by the 2026 Shareholders Meeting held on 9 April 2026<\/a><\/h3>\n                                                                <span>04\/09\/2026<\/span>\n                                                            <\/div>\n                                                <div slot=\"report\">\n                            <h3><a href=\"https:\/\/www.ferrovial.com\/en\/ir-shareholders\/significant-events\/ignacio-madridejos-fernandez-executive-director-2\/\" target='_blank' title=\"Ignacio Madridejos Fern\u00e1ndez - Executive Director\">Ignacio Madridejos Fern\u00e1ndez &#8211; Executive Director<\/a><\/h3>\n                                                                <span>04\/09\/2026<\/span>\n                                                            <\/div>\n                                                <div slot=\"report\">\n                            <h3><a href=\"https:\/\/www.ferrovial.com\/en\/ir-shareholders\/significant-events\/rafael-del-pino-calvo-sotelo-executive-director-2\/\" target='_blank' title=\"Rafael del Pino Calvo-Sotelo - Executive Director\">Rafael del Pino Calvo-Sotelo &#8211; Executive Director<\/a><\/h3>\n                                                                <span>04\/09\/2026<\/span>\n                                                            <\/div>\n                            <\/m-distributor-news>\n    \n\n\n<m-wysiwig class=\"wp-block-components-wysiwyg\"><div slot=\"maincontent\"><\/div><\/m-wysiwig>\n\n\n\n    <m-link-list>\n                    <h3 slot=\"maintitle\">\n                Sustainable Construction            <\/h3>\n                    <p slot=\"text\">Description placeholder<\/p>\n                    <ul slot=\"links\">\n                                    <li>\n                        <c-link external='_blank' sr-only='Open in a new tab' icon='download'>\n                            <a href=\"https:\/\/static.ferrovial.com\/wp-content\/uploads\/2019\/12\/13132108\/the-most-sustainable-hospital-in-europe_agroman_en-1.pdf\" title=\"The most sustainable hospital in Europe\">\n                                The most sustainable hospital in Europe (PDF 448 KB)                            <\/a>\n                        <\/c-link>\n                    <\/li>\n                                    <li>\n                        <c-link external='_blank' sr-only='Open in a new tab' icon='download'>\n                            <a href=\"https:\/\/static.ferrovial.com\/wp-content\/uploads\/2019\/12\/13132109\/bioclimatic-self-sifficient-buildings-agroman_en-1.pdf\" title=\"Self-sufficient bioclimatic buildings\">\n                                Self-sufficient bioclimatic buildings (PDF 586 KB)                            <\/a>\n                        <\/c-link>\n                    <\/li>\n                                    <li>\n                        <c-link external='_blank' sr-only='Open in a new tab' icon='download'>\n                            <a href=\"https:\/\/static.ferrovial.com\/wp-content\/uploads\/2019\/09\/13135545\/Espa%C3%B1a-Ficha-80-Viviendas-LEED-Platinum.pdf\" title=\"Medidas de construcci\u00f3n sostenible en un edificio de viviendas\">\n                                Medidas de construcci\u00f3n sostenible en un edificio de viviendas (PDF 107 KB)                            <\/a>\n                        <\/c-link>\n                    <\/li>\n                                    <li>\n                        <c-link external='_blank' sr-only='Open in a new tab' icon='download'>\n                            <a href=\"https:\/\/static.ferrovial.com\/wp-content\/uploads\/2019\/09\/13135500\/Chile-Ficha-Paneles-fotocatal%C3%ADticos-purificadores.pdf\" title=\"Paneles fotocatal\u00edticos purificadores, Metro Santiago de Chile\">\n                                Paneles fotocatal\u00edticos purificadores, Metro Santiago de Chile (PDF 215 KB)                            <\/a>\n                        <\/c-link>\n                    <\/li>\n                                    <li>\n                        <c-link external='_blank' sr-only='Open in a new tab' icon='download'>\n                            <a href=\"https:\/\/static.ferrovial.com\/wp-content\/uploads\/2019\/12\/13132108\/merida-iii-milenio-en-1.pdf\" title=\"Heat exchanger of the Consejer\u00eda de la Junta de Extremadura\">\n                                Heat exchanger of the Consejer\u00eda de la Junta de Extremadura (PDF 384 KB)                            <\/a>\n                        <\/c-link>\n                    <\/li>\n                                    <li>\n                        <c-link external='_blank' sr-only='Open in a new tab' icon='download'>\n                            <a href=\"https:\/\/static.ferrovial.com\/wp-content\/uploads\/2019\/11\/13142007\/ficha-cpd-alcala_english2.pdf\" title=\"Efficiency criteria in building a data processing center\">\n                                Efficiency criteria in building a data processing center (PDF 346 KB)                            <\/a>\n                        <\/c-link>\n                    <\/li>\n                            <\/ul>\n            <\/m-link-list>\n    \n\n\n    <m-link-list>\n                    <h3 slot=\"maintitle\">\n                Ecological Restoration            <\/h3>\n                    <p slot=\"text\">Description placeholder<\/p>\n                    <ul slot=\"links\">\n                                    <li>\n                        <c-link external='_blank' sr-only='Open in a new tab' icon='download'>\n                            <a href=\"https:\/\/static.ferrovial.com\/wp-content\/uploads\/2019\/11\/13142007\/ficha-polopos_english.pdf\" title=\"Ecological restoration of slopes and recovery of Maytenus senegalensis populations\">\n                                Ecological restoration of slopes and recovery of Maytenus senegalensis populations (PDF 394 KB)                            <\/a>\n                        <\/c-link>\n                    <\/li>\n                                    <li>\n                        <c-link external='_blank' sr-only='Open in a new tab' icon='download'>\n                            <a href=\"https:\/\/static.ferrovial.com\/wp-content\/uploads\/2019\/11\/13142005\/fichas-ma-ferrovial-agroman_conama_espino_english.pdf\" title=\"Management of pyritic material in landfills of great construction works (Espi\u00f1o tunnel)\">\n                                Management of pyritic material in landfills of great construction works (Espi\u00f1o tunnel) (PDF 431 KB)                            <\/a>\n                        <\/c-link>\n                    <\/li>\n                                    <li>\n                        <c-link external='_blank' sr-only='Open in a new tab' icon='download'>\n                            <a href=\"https:\/\/static.ferrovial.com\/wp-content\/uploads\/2019\/11\/13142004\/ficha-legutiano_english.pdf\" title=\"Deposits of surplus excavated materials in the Tunnel of Albertia. Guip\u00fazcoa\">\n                                Deposits of surplus excavated materials in the Tunnel of Albertia. Guip\u00fazcoa (PDF 394 KB)                            <\/a>\n                        <\/c-link>\n                    <\/li>\n                            <\/ul>\n            <\/m-link-list>\n    \n\n\n\n\n\n\n<div style=\"height:100px\" aria-hidden=\"true\" class=\"wp-block-spacer\"><\/div>\n","protected":false},"excerpt":{"rendered":"","protected":false},"featured_media":0,"parent":114934,"menu_order":0,"comment_status":"closed","ping_status":"closed","template":"","meta":{"_acf_changed":false,"footnotes":""},"class_list":["post-114967","page","type-page","status-publish","hentry"],"acf":[],"yoast_head":"<!-- This site is optimized with the Yoast SEO plugin v27.2 - https:\/\/yoast.com\/product\/yoast-seo-wordpress\/ -->\n<title>Quality and Environmental Management | Ferrovial<\/title>\n<meta name=\"description\" content=\"We&#039;re committed to reducing our environmental impact. By maintaining a preventive approach that favors the environment and effectively managing quality.\" \/>\n<meta name=\"robots\" content=\"index, follow, max-snippet:-1, max-image-preview:large, max-video-preview:-1\" \/>\n<link rel=\"canonical\" href=\"https:\/\/www.ferrovial.com\/en-ca\/sustainability\/environment\/\" \/>\n<meta property=\"og:locale\" content=\"en_US\" \/>\n<meta property=\"og:type\" content=\"article\" \/>\n<meta property=\"og:title\" content=\"Quality and Environmental Management | Ferrovial\" \/>\n<meta property=\"og:description\" content=\"We&#039;re committed to reducing our environmental impact. By maintaining a preventive approach that favors the environment and effectively managing quality.\" \/>\n<meta property=\"og:url\" content=\"https:\/\/www.ferrovial.com\/en-ca\/sustainability\/environment\/\" \/>\n<meta property=\"og:site_name\" content=\"Ferrovial\" \/>\n<meta property=\"article:publisher\" content=\"https:\/\/www.facebook.com\/ferrovial\" \/>\n<meta property=\"article:modified_time\" content=\"2025-06-17T08:30:23+00:00\" \/>\n<meta name=\"twitter:card\" content=\"summary_large_image\" \/>\n<meta name=\"twitter:site\" content=\"@ferrovial\" \/>\n<meta name=\"twitter:label1\" content=\"Est. reading time\" \/>\n\t<meta name=\"twitter:data1\" content=\"1 minute\" \/>\n<!-- \/ Yoast SEO plugin. -->","yoast_head_json":{"title":"Quality and Environmental Management | Ferrovial","description":"We're committed to reducing our environmental impact. By maintaining a preventive approach that favors the environment and effectively managing quality.","robots":{"index":"index","follow":"follow","max-snippet":"max-snippet:-1","max-image-preview":"max-image-preview:large","max-video-preview":"max-video-preview:-1"},"canonical":"https:\/\/www.ferrovial.com\/en-ca\/sustainability\/environment\/","og_locale":"en_US","og_type":"article","og_title":"Quality and Environmental Management | Ferrovial","og_description":"We're committed to reducing our environmental impact. By maintaining a preventive approach that favors the environment and effectively managing quality.","og_url":"https:\/\/www.ferrovial.com\/en-ca\/sustainability\/environment\/","og_site_name":"Ferrovial","article_publisher":"https:\/\/www.facebook.com\/ferrovial","article_modified_time":"2025-06-17T08:30:23+00:00","twitter_card":"summary_large_image","twitter_site":"@ferrovial","twitter_misc":{"Est. reading time":"1 minute"},"schema":{"@context":"https:\/\/schema.org","@graph":[{"@type":"WebPage","@id":"https:\/\/www.ferrovial.com\/en-ca\/sustainability\/environment\/","url":"https:\/\/www.ferrovial.com\/en-ca\/sustainability\/environment\/","name":"Quality and Environmental Management | Ferrovial","isPartOf":{"@id":"https:\/\/www.ferrovial.com\/en-ca\/#website"},"datePublished":"2019-09-05T14:36:09+00:00","dateModified":"2025-06-17T08:30:23+00:00","description":"We're committed to reducing our environmental impact. By maintaining a preventive approach that favors the environment and effectively managing quality.","breadcrumb":{"@id":"https:\/\/www.ferrovial.com\/en-ca\/sustainability\/environment\/#breadcrumb"},"inLanguage":"en-CA","potentialAction":[{"@type":"ReadAction","target":["https:\/\/www.ferrovial.com\/en-ca\/sustainability\/environment\/"]}]},{"@type":"BreadcrumbList","@id":"https:\/\/www.ferrovial.com\/en-ca\/sustainability\/environment\/#breadcrumb","itemListElement":[{"@type":"ListItem","position":1,"name":"Portada","item":"https:\/\/www.ferrovial.com\/en-ca\/"},{"@type":"ListItem","position":2,"name":"Sustainability","item":"https:\/\/www.ferrovial.com\/en-ca\/sustainability\/"},{"@type":"ListItem","position":3,"name":"Environment"}]},{"@type":"WebSite","@id":"https:\/\/www.ferrovial.com\/en-ca\/#website","url":"https:\/\/www.ferrovial.com\/en-ca\/","name":"Ferrovial","description":"Welcome to the Ferrovial&#039;s website, global operator of sustainable infrastructure. Here you can find all the information about the company and subsidiaries.","publisher":{"@id":"https:\/\/www.ferrovial.com\/en-ca\/#organization"},"potentialAction":[{"@type":"SearchAction","target":{"@type":"EntryPoint","urlTemplate":"https:\/\/www.ferrovial.com\/en-ca\/?s={search_term_string}"},"query-input":{"@type":"PropertyValueSpecification","valueRequired":true,"valueName":"search_term_string"}}],"inLanguage":"en-CA"},{"@type":"Organization","@id":"https:\/\/www.ferrovial.com\/en-ca\/#organization","name":"Ferrovial S.A.","url":"https:\/\/www.ferrovial.com\/en-ca\/","logo":{"@type":"ImageObject","inLanguage":"en-CA","@id":"https:\/\/www.ferrovial.com\/en-ca\/#\/schema\/logo\/image\/","url":"https:\/\/static.ferrovial.com\/wp-content\/uploads\/2020\/01\/13124948\/logo-ferrovial-cf7.png","contentUrl":"https:\/\/static.ferrovial.com\/wp-content\/uploads\/2020\/01\/13124948\/logo-ferrovial-cf7.png","width":144,"height":32,"caption":"Ferrovial S.A."},"image":{"@id":"https:\/\/www.ferrovial.com\/en-ca\/#\/schema\/logo\/image\/"},"sameAs":["https:\/\/www.facebook.com\/ferrovial","https:\/\/x.com\/ferrovial","https:\/\/www.instagram.com\/ferrovial\/","https:\/\/www.linkedin.com\/company\/ferrovial","https:\/\/www.pinterest.es\/ferrovial\/","https:\/\/www.youtube.com\/ferrovial","https:\/\/en.wikipedia.org\/wiki\/Ferrovial"]}]}},"_links":{"self":[{"href":"https:\/\/www.ferrovial.com\/en-ca\/wp-json\/wp\/v2\/pages\/114967","targetHints":{"allow":["GET"]}}],"collection":[{"href":"https:\/\/www.ferrovial.com\/en-ca\/wp-json\/wp\/v2\/pages"}],"about":[{"href":"https:\/\/www.ferrovial.com\/en-ca\/wp-json\/wp\/v2\/types\/page"}],"replies":[{"embeddable":true,"href":"https:\/\/www.ferrovial.com\/en-ca\/wp-json\/wp\/v2\/comments?post=114967"}],"version-history":[{"count":3,"href":"https:\/\/www.ferrovial.com\/en-ca\/wp-json\/wp\/v2\/pages\/114967\/revisions"}],"predecessor-version":[{"id":307446,"href":"https:\/\/www.ferrovial.com\/en-ca\/wp-json\/wp\/v2\/pages\/114967\/revisions\/307446"}],"up":[{"embeddable":true,"href":"https:\/\/www.ferrovial.com\/en-ca\/wp-json\/wp\/v2\/pages\/114934"}],"wp:attachment":[{"href":"https:\/\/www.ferrovial.com\/en-ca\/wp-json\/wp\/v2\/media?parent=114967"}],"curies":[{"name":"wp","href":"https:\/\/api.w.org\/{rel}","templated":true}]}}