{"id":109304,"date":"2019-09-05T10:38:13","date_gmt":"2019-09-05T08:38:13","guid":{"rendered":"https:\/\/www.ferrovial.com\/cintra\/who-we-are\/management-team\/"},"modified":"2026-01-29T17:16:08","modified_gmt":"2026-01-29T16:16:08","slug":"management-team","status":"publish","type":"page","link":"https:\/\/www.ferrovial.com\/en-gb\/cintra\/who-we-are\/management-team\/","title":{"rendered":"Management team"},"content":{"rendered":"    <m-final-content-header >\n            <c-breadcrumb label-text=\"Breadcrumb\" slot=\"breadcrumbs\" type='2' align='left' wrap='wrapped wrapped' aria-label='You came from Who we are'>\n                        <ol>\n\n                                                            <li><a href=\"https:\/\/www.ferrovial.com\/en-gb\/\" title=\"Ferrovial\">Ferrovial<\/a><\/li>\n                                                                        <li><a href=\"https:\/\/www.ferrovial.com\/en\/cintra\/\" title=\"Cintra\">Cintra<\/a><\/li>\n                                                                        <li><a href=\"https:\/\/www.ferrovial.com\/en\/cintra\/who-we-are\/\" title=\"Who we are\">Who we are<\/a><\/li>\n                                    \n                <\/ol>\n\n                <\/c-breadcrumb>\n    \n        <div slot=\"header\">\n            <h1>\n                Management team            <\/h1>\n                    <\/div>\n    <\/m-final-content-header>\n\n    \n\n\n<m-wysiwig class=\"wp-block-components-wysiwyg\"><div slot=\"maincontent\">    <p class=\"intro\">We have one of the most important and recognized business development teams in the sector, dedicated exclusively to the detection, analysis and preparation of offers for infrastructure projects.<\/p>\n    <\/div><\/m-wysiwig>\n\n\n    <m-schedule>\n        \n                <p slot=\"description\">\n                    Description placeholder                <\/p>\n\n            \n        \n                    <div class=\"card\">\n\n                        <img decoding=\"async\" src=\"https:\/\/static.ferrovial.com\/wp-content\/uploads\/2025\/08\/19111937\/andres-sacristan-200x200.png\" alt=\"Andr\u00e9s Sacrist\u00e1n\" \/>                                <p class=\"name\">\n                                    Andr\u00e9s Sacrist\u00e1n                                <\/p>\n                                                                <p class=\"job\">\n                                    CEO                                <\/p>\n                                                                <p class=\"description\">\n                                    Lorem ipsum                                <\/p>\n                                                    <\/div>\n                    \n                    <div class=\"card\">\n\n                        <img decoding=\"async\" src=\"https:\/\/static.ferrovial.com\/wp-content\/uploads\/2025\/08\/19112017\/luis-aguirre-200x200.png\" alt=\"Luis Aguirre\" \/>                                <p class=\"name\">\n                                    Luis Aguirre de C\u00e1rcer                                <\/p>\n                                                                <p class=\"job\">\n                                    Europe and New Markets Director                                <\/p>\n                                                                <p class=\"description\">\n                                    Lorem ipsum                                <\/p>\n                                                    <\/div>\n                    \n                    <div class=\"card\">\n\n                        <img decoding=\"async\" src=\"https:\/\/static.ferrovial.com\/wp-content\/uploads\/2026\/01\/29171505\/huevo-frito-ricardo-bosh-200x200.png\" alt=\"\" \/>                                <p class=\"name\">\n                                    Ricardo Bosch                                <\/p>\n                                                                <p class=\"job\">\n                                    Director of Strategy                                <\/p>\n                                                                <p class=\"description\">\n                                    Lorem ipsum                                <\/p>\n                                                    <\/div>\n                    \n                    <div class=\"card\">\n\n                        <img decoding=\"async\" src=\"https:\/\/static.ferrovial.com\/wp-content\/uploads\/2025\/08\/19112603\/jose-espinosa-200x200.png\" alt=\"\" \/>                                <p class=\"name\">\n                                    Jose Espinosa                                <\/p>\n                                                                <p class=\"job\">\n                                    Canada CEO and President &#038; CEO of 407 ETR                                <\/p>\n                                                                <p class=\"description\">\n                                    Lorem ipsum                                <\/p>\n                                                    <\/div>\n                    \n                    <div class=\"card\">\n\n                        <img decoding=\"async\" src=\"https:\/\/static.ferrovial.com\/wp-content\/uploads\/2025\/08\/19112047\/alberto-gonzalez-200x200.png\" alt=\"Alberto Gonz\u00e1lez\" \/>                                <p class=\"name\">\n                                    Alberto Gonz\u00e1lez Lalueza                                <\/p>\n                                                                <p class=\"job\">\n                                    Director of Business Development                                <\/p>\n                                                                <p class=\"description\">\n                                    Lorem ipsum                                <\/p>\n                                                    <\/div>\n                    \n                    <div class=\"card\">\n\n                        <img decoding=\"async\" src=\"https:\/\/static.ferrovial.com\/wp-content\/uploads\/2023\/02\/08135019\/kiersen-ockey-miller-head-of-hr-cintra-1-200x200.png\" alt=\"Kiersen Ockey-Miller Head of HR Cintra\" \/>                                <p class=\"name\">\n                                    Kiersen Ockey-Miller                                <\/p>\n                                                                <p class=\"job\">\n                                    Head of Human Resources                                 <\/p>\n                                                                <p class=\"description\">\n                                    Lorem ipsum                                <\/p>\n                                                    <\/div>\n                    \n                    <div class=\"card\">\n\n                        <img decoding=\"async\" src=\"https:\/\/static.ferrovial.com\/wp-content\/uploads\/2022\/12\/13082014\/carlos-ramirez-cintra-1-200x200.png\" alt=\"Carlos-Ramirez-Cintra\" \/>                                <p class=\"name\">\n                                    Carlos Ram\u00edrez Belaustegui                                <\/p>\n                                                                <p class=\"job\">\n                                    Head of Investment Analysis                                <\/p>\n                                                                <p class=\"description\">\n                                    Lorem ipsum                                <\/p>\n                                                    <\/div>\n                    \n                    <div class=\"card\">\n\n                        <img decoding=\"async\" src=\"https:\/\/static.ferrovial.com\/wp-content\/uploads\/2019\/11\/13132348\/sagaz_quesada_cintra.png\" alt=\"Miguel \u00c1ngel Sagaz Quesada\" \/>                                <p class=\"name\">\n                                    Miguel \u00c1ngel Sagaz Quesada                                <\/p>\n                                                                <p class=\"job\">\n                                    Head of Legal Counsel                                <\/p>\n                                                                <p class=\"description\">\n                                    Lorem ipsum                                <\/p>\n                                                    <\/div>\n                    \n                    <div class=\"card\">\n\n                        <img decoding=\"async\" src=\"https:\/\/static.ferrovial.com\/wp-content\/uploads\/2025\/08\/19112455\/ricardo-sanchez-200x200.png\" alt=\"\" \/>                                <p class=\"name\">\n                                    Ricardo S\u00e1nchez                                <\/p>\n                                                                <p class=\"job\">\n                                    Head of Revenue Solutions                                <\/p>\n                                                                <p class=\"description\">\n                                    Lorem ipsum                                <\/p>\n                                                    <\/div>\n                    \n                    <div class=\"card\">\n\n                        <img decoding=\"async\" src=\"https:\/\/static.ferrovial.com\/wp-content\/uploads\/2025\/08\/19112549\/javier-tamargo-200x200.png\" alt=\"\" \/>                                <p class=\"name\">\n                                    Javier Tamargo                                <\/p>\n                                                                <p class=\"job\">\n                                    U.S. CEO                                <\/p>\n                                                                <p class=\"description\">\n                                    Lorem ipsum                                <\/p>\n                                                    <\/div>\n                    \n                    <div class=\"card\">\n\n                        <img decoding=\"async\" src=\"https:\/\/static.ferrovial.com\/wp-content\/uploads\/2025\/03\/28132638\/jose-maria-velao-director-economico-financiero-cintra.png\" alt=\"Jos\u00e9 Mar\u00eda Velao, Director Econ\u00f3mico Financiero de Cintra\" \/>                                <p class=\"name\">\n                                    Jose Maria Velao                                <\/p>\n                                                                <p class=\"job\">\n                                    CFO                                <\/p>\n                                                                <p class=\"description\">\n                                    Lorem ipsum                                <\/p>\n                                                    <\/div>\n                        <\/m-schedule>\n    ","protected":false},"excerpt":{"rendered":"","protected":false},"featured_media":0,"parent":109291,"menu_order":0,"comment_status":"closed","ping_status":"closed","template":"","meta":{"_acf_changed":false,"footnotes":""},"class_list":["post-109304","page","type-page","status-publish","hentry"],"acf":[],"yoast_head":"<!-- This site is optimized with the Yoast SEO plugin v27.2 - https:\/\/yoast.com\/product\/yoast-seo-wordpress\/ -->\n<title>Organization chart and management team | Cintra<\/title>\n<meta name=\"description\" content=\"Cintra&#039;s team is dedicated exclusively to detecting, analyzing, and preparing offers for infrastructure projects. Meet our team.\" \/>\n<meta name=\"robots\" content=\"index, follow, max-snippet:-1, max-image-preview:large, max-video-preview:-1\" \/>\n<link rel=\"canonical\" href=\"https:\/\/www.ferrovial.com\/en-gb\/cintra\/who-we-are\/management-team\/\" \/>\n<meta property=\"og:locale\" content=\"en_GB\" \/>\n<meta property=\"og:type\" content=\"article\" \/>\n<meta property=\"og:title\" content=\"Organization chart and management team | Cintra\" \/>\n<meta property=\"og:description\" content=\"Cintra&#039;s team is dedicated exclusively to detecting, analyzing, and preparing offers for infrastructure projects. Meet our team.\" \/>\n<meta property=\"og:url\" content=\"https:\/\/www.ferrovial.com\/en-gb\/cintra\/who-we-are\/management-team\/\" \/>\n<meta property=\"og:site_name\" content=\"Ferrovial\" \/>\n<meta property=\"article:publisher\" content=\"https:\/\/www.facebook.com\/ferrovial\" \/>\n<meta property=\"article:modified_time\" content=\"2026-01-29T16:16:08+00:00\" \/>\n<meta name=\"twitter:card\" content=\"summary_large_image\" \/>\n<meta name=\"twitter:site\" content=\"@ferrovial\" \/>\n<!-- \/ Yoast SEO plugin. -->","yoast_head_json":{"title":"Organization chart and management team | Cintra","description":"Cintra's team is dedicated exclusively to detecting, analyzing, and preparing offers for infrastructure projects. Meet our team.","robots":{"index":"index","follow":"follow","max-snippet":"max-snippet:-1","max-image-preview":"max-image-preview:large","max-video-preview":"max-video-preview:-1"},"canonical":"https:\/\/www.ferrovial.com\/en-gb\/cintra\/who-we-are\/management-team\/","og_locale":"en_GB","og_type":"article","og_title":"Organization chart and management team | Cintra","og_description":"Cintra's team is dedicated exclusively to detecting, analyzing, and preparing offers for infrastructure projects. Meet our team.","og_url":"https:\/\/www.ferrovial.com\/en-gb\/cintra\/who-we-are\/management-team\/","og_site_name":"Ferrovial","article_publisher":"https:\/\/www.facebook.com\/ferrovial","article_modified_time":"2026-01-29T16:16:08+00:00","twitter_card":"summary_large_image","twitter_site":"@ferrovial","schema":{"@context":"https:\/\/schema.org","@graph":[{"@type":"WebPage","@id":"https:\/\/www.ferrovial.com\/en-gb\/cintra\/who-we-are\/management-team\/","url":"https:\/\/www.ferrovial.com\/en-gb\/cintra\/who-we-are\/management-team\/","name":"Organization chart and management team | Cintra","isPartOf":{"@id":"https:\/\/www.ferrovial.com\/en-gb\/#website"},"datePublished":"2019-09-05T08:38:13+00:00","dateModified":"2026-01-29T16:16:08+00:00","description":"Cintra's team is dedicated exclusively to detecting, analyzing, and preparing offers for infrastructure projects. Meet our team.","breadcrumb":{"@id":"https:\/\/www.ferrovial.com\/en-gb\/cintra\/who-we-are\/management-team\/#breadcrumb"},"inLanguage":"en-GB","potentialAction":[{"@type":"ReadAction","target":["https:\/\/www.ferrovial.com\/en-gb\/cintra\/who-we-are\/management-team\/"]}]},{"@type":"BreadcrumbList","@id":"https:\/\/www.ferrovial.com\/en-gb\/cintra\/who-we-are\/management-team\/#breadcrumb","itemListElement":[{"@type":"ListItem","position":1,"name":"Portada","item":"https:\/\/www.ferrovial.com\/en-gb\/"},{"@type":"ListItem","position":2,"name":"Cintra","item":"https:\/\/www.ferrovial.com\/en-gb\/cintra\/"},{"@type":"ListItem","position":3,"name":"Who We Are","item":"https:\/\/www.ferrovial.com\/en-gb\/cintra\/who-we-are\/"},{"@type":"ListItem","position":4,"name":"Management team"}]},{"@type":"WebSite","@id":"https:\/\/www.ferrovial.com\/en-gb\/#website","url":"https:\/\/www.ferrovial.com\/en-gb\/","name":"Ferrovial","description":"Welcome to the Ferrovial&#039;s website, global operator of sustainable infrastructure. Here you can find all the information about the company and subsidiaries.","publisher":{"@id":"https:\/\/www.ferrovial.com\/en-gb\/#organization"},"potentialAction":[{"@type":"SearchAction","target":{"@type":"EntryPoint","urlTemplate":"https:\/\/www.ferrovial.com\/en-gb\/?s={search_term_string}"},"query-input":{"@type":"PropertyValueSpecification","valueRequired":true,"valueName":"search_term_string"}}],"inLanguage":"en-GB"},{"@type":"Organization","@id":"https:\/\/www.ferrovial.com\/en-gb\/#organization","name":"Ferrovial S.A.","url":"https:\/\/www.ferrovial.com\/en-gb\/","logo":{"@type":"ImageObject","inLanguage":"en-GB","@id":"https:\/\/www.ferrovial.com\/en-gb\/#\/schema\/logo\/image\/","url":"https:\/\/static.ferrovial.com\/wp-content\/uploads\/2020\/01\/13124948\/logo-ferrovial-cf7.png","contentUrl":"https:\/\/static.ferrovial.com\/wp-content\/uploads\/2020\/01\/13124948\/logo-ferrovial-cf7.png","width":144,"height":32,"caption":"Ferrovial S.A."},"image":{"@id":"https:\/\/www.ferrovial.com\/en-gb\/#\/schema\/logo\/image\/"},"sameAs":["https:\/\/www.facebook.com\/ferrovial","https:\/\/x.com\/ferrovial","https:\/\/www.instagram.com\/ferrovial\/","https:\/\/www.linkedin.com\/company\/ferrovial","https:\/\/www.pinterest.es\/ferrovial\/","https:\/\/www.youtube.com\/ferrovial","https:\/\/en.wikipedia.org\/wiki\/Ferrovial"]}]}},"_links":{"self":[{"href":"https:\/\/www.ferrovial.com\/en-gb\/wp-json\/wp\/v2\/pages\/109304","targetHints":{"allow":["GET"]}}],"collection":[{"href":"https:\/\/www.ferrovial.com\/en-gb\/wp-json\/wp\/v2\/pages"}],"about":[{"href":"https:\/\/www.ferrovial.com\/en-gb\/wp-json\/wp\/v2\/types\/page"}],"replies":[{"embeddable":true,"href":"https:\/\/www.ferrovial.com\/en-gb\/wp-json\/wp\/v2\/comments?post=109304"}],"version-history":[{"count":3,"href":"https:\/\/www.ferrovial.com\/en-gb\/wp-json\/wp\/v2\/pages\/109304\/revisions"}],"predecessor-version":[{"id":323361,"href":"https:\/\/www.ferrovial.com\/en-gb\/wp-json\/wp\/v2\/pages\/109304\/revisions\/323361"}],"up":[{"embeddable":true,"href":"https:\/\/www.ferrovial.com\/en-gb\/wp-json\/wp\/v2\/pages\/109291"}],"wp:attachment":[{"href":"https:\/\/www.ferrovial.com\/en-gb\/wp-json\/wp\/v2\/media?parent=109304"}],"curies":[{"name":"wp","href":"https:\/\/api.w.org\/{rel}","templated":true}]}}