{"id":114197,"date":"2019-09-05T17:29:16","date_gmt":"2019-09-05T15:29:16","guid":{"rendered":"https:\/\/www.ferrovial.com\/opportunities\/design\/"},"modified":"2022-07-11T13:43:29","modified_gmt":"2022-07-11T11:43:29","slug":"design","status":"publish","type":"page","link":"https:\/\/www.ferrovial.com\/en-gb\/careers\/opportunities\/design\/","title":{"rendered":"Design"},"content":{"rendered":"    <m-final-content-header >\n            <c-breadcrumb label-text=\"Breadcrumb\" slot=\"breadcrumbs\" type='2' align='left' wrap='wrapped wrapped' aria-label='You came from Ofertas de empleo'>\n                        <ol>\n\n                                                            <li><a href=\"https:\/\/www.ferrovial.com\/en-gb\/\" title=\"Ferrovial\">Ferrovial<\/a><\/li>\n                                                                        <li><a href=\"https:\/\/www.ferrovial.com\/es\/empleo\/\" title=\"Empleo\">Empleo<\/a><\/li>\n                                                                        <li><a href=\"https:\/\/www.ferrovial.com\/es\/empleo\/ofertas\/\" title=\"Ofertas de empleo\">Ofertas de empleo<\/a><\/li>\n                                    \n                <\/ol>\n\n                <\/c-breadcrumb>\n    \n        <div slot=\"header\">\n            <h1>\n                Dise\u00f1o            <\/h1>\n                    <\/div>\n    <\/m-final-content-header>\n\n    \n<m-wysiwig class=\"wp-block-components-wysiwyg\"><div slot=\"maincontent\">\n<h2 class=\"wp-block-heading\">Caracter\u00edsticas de los empleos de\u00a0<em>dise\u00f1o<\/em>\u00a0en Ferrovial<\/h2>\n\n\n\n<h3 class=\"wp-block-heading\">Descripci\u00f3n<\/h3>\n\n\n\n<p>Los puestos de empleo relacionados con dise\u00f1o contribuyen al desarrollo de un objeto,\u00a0producto, o concepto. El campo de acci\u00f3n es muy amplio, exigiendo cada una de estas \u00e1reas una especializaci\u00f3n concreta.<\/p>\n\n\n\n<h3 class=\"wp-block-heading\">Actividades laborales<\/h3>\n\n\n\n<p>El rol de cada dise\u00f1ador var\u00eda dependiendo de su especialidad, pero las actividades comunes incluyen:<\/p>\n\n\n\n<ul class=\"wp-block-list\"><li>Interpretar o detectar un problema o necesidad y sintetizar la soluci\u00f3n a trav\u00e9s del dise\u00f1o.<\/li><li>Estar actualizado con las tendencias de la industria.<\/li><li>Desarrollar documentaci\u00f3n de dise\u00f1o, especificaciones t\u00e9cnicas y otra documentaci\u00f3n relacionada con el proyecto seg\u00fan sea necesario.<\/li><li>Proponer soluciones de dise\u00f1o eficaces para cumplir los objetivos del proyecto.<\/li><li>Trabajo en equipo.<\/li><li>Profundo conocimiento de las herramientas de dise\u00f1o y edici\u00f3n.<\/li><\/ul>\n\n\n<h3 class=\"wp-block-heading\">Perfil profesional<\/h3>\n\n\n\n<ul class=\"wp-block-list\"><li>Pensamiento cr\u00edtico y resoluci\u00f3n de problemas.<\/li><li>Trabajo en equipo y colaboraci\u00f3n.<\/li><li>Habilidades de comunicaci\u00f3n oral y escrita.<\/li><li>Liderazgo.<\/li><li>Curiosidad innata.<\/li><li>Resoluci\u00f3n de problemas.<\/li><li>Creatividad.<\/li><li>Capacidad de observaci\u00f3n y an\u00e1lisis.<\/li><\/ul>\n\n\n<h3 class=\"wp-block-heading\">Titulaciones oficiales<\/h3>\n\n\n\n<ul class=\"wp-block-list\"><li>Grado en Dise\u00f1o.<\/li><li>T\u00e9cnico Superior de Artes Pl\u00e1sticas y Dise\u00f1o.<\/li><li>T\u00e9cnico Superior de Artes Pl\u00e1sticas y Dise\u00f1o en Gr\u00e1fica Audiovisual.<\/li><li>T\u00e9cnico Superior de Artes Pl\u00e1sticas y Dise\u00f1o en Gr\u00e1fica Interactiva.<\/li><li>T\u00e9cnico Superior de Artes Pl\u00e1sticas y Dise\u00f1o en Gr\u00e1fica Publicitaria.<\/li><\/ul>\n\n\n<p>Dominio de herramientas de dise\u00f1o concretas en cada una de las \u00e1reas de especializaci\u00f3n.<\/p>\n<\/div><\/m-wysiwig>\n\n    <m-link-list>\n                    <h3 slot=\"maintitle\">\n                Ofertas de empleo en el resto de \u00e1reas funcionales            <\/h3>\n                    <p slot=\"text\">Description placeholder<\/p>\n                    <ul slot=\"links\">\n                                    <li>\n                        <c-link external='false' icon='arrow'>\n                            <a href=\"\" title=\"Administraci\u00f3n\">\n                                Administraci\u00f3n                            <\/a>\n                        <\/c-link>\n                    <\/li>\n                                    <li>\n                        <c-link external='false' icon='arrow'>\n                            <a href=\"\" title=\"Aprovisionamiento\">\n                                Aprovisionamiento                            <\/a>\n                        <\/c-link>\n                    <\/li>\n                                    <li>\n                        <c-link external='false' icon='arrow'>\n                            <a href=\"\" title=\"Calidad\">\n                                Calidad                            <\/a>\n                        <\/c-link>\n                    <\/li>\n                                    <li>\n                        <c-link external='false' icon='arrow'>\n                            <a href=\"\" title=\"Compras\">\n                                Compras                            <\/a>\n                        <\/c-link>\n                    <\/li>\n                                    <li>\n                        <c-link external='false' icon='arrow'>\n                            <a href=\"\" title=\"Consultor\u00eda\">\n                                Consultor\u00eda                            <\/a>\n                        <\/c-link>\n                    <\/li>\n                                    <li>\n                        <c-link external='false' icon='arrow'>\n                            <a href=\"\" title=\"Contabilidad \/ Auditor\u00eda\">\n                                Contabilidad \/ Auditor\u00eda                            <\/a>\n                        <\/c-link>\n                    <\/li>\n                                    <li>\n                        <c-link external='false' icon='arrow'>\n                            <a href=\"\" title=\"Control de proyecto \/ Gesti\u00f3n de costes\">\n                                Control de proyecto \/ Gesti\u00f3n de costes                            <\/a>\n                        <\/c-link>\n                    <\/li>\n                                    <li>\n                        <c-link external='false' icon='arrow'>\n                            <a href=\"\" title=\"Gesti\u00f3n\">\n                                Gesti\u00f3n                            <\/a>\n                        <\/c-link>\n                    <\/li>\n                                    <li>\n                        <c-link external='false' icon='arrow'>\n                            <a href=\"\" title=\"Gesti\u00f3n de proyectos\">\n                                Gesti\u00f3n de proyectos                            <\/a>\n                        <\/c-link>\n                    <\/li>\n                                    <li>\n                        <c-link external='false' icon='arrow'>\n                            <a href=\"\" title=\"Desarrollo de negocio\">\n                                Desarrollo de negocio                            <\/a>\n                        <\/c-link>\n                    <\/li>\n                                    <li>\n                        <c-link external='false' icon='arrow'>\n                            <a href=\"\" title=\"Finanzas\">\n                                Finanzas                            <\/a>\n                        <\/c-link>\n                    <\/li>\n                                    <li>\n                        <c-link external='false' icon='arrow'>\n                            <a href=\"\" title=\"Ingenier\u00eda\">\n                                Ingenier\u00eda                            <\/a>\n                        <\/c-link>\n                    <\/li>\n                                    <li>\n                        <c-link external='false' icon='arrow'>\n                            <a href=\"\" title=\"Innovaci\u00f3n\">\n                                Innovaci\u00f3n                            <\/a>\n                        <\/c-link>\n                    <\/li>\n                                    <li>\n                        <c-link external='false' icon='arrow'>\n                            <a href=\"\" title=\"Legal\">\n                                Legal                            <\/a>\n                        <\/c-link>\n                    <\/li>\n                                    <li>\n                        <c-link external='false' icon='arrow'>\n                            <a href=\"\" title=\"Log\u00edstica\">\n                                Log\u00edstica                            <\/a>\n                        <\/c-link>\n                    <\/li>\n                                    <li>\n                        <c-link external='false' icon='arrow'>\n                            <a href=\"\" title=\"Marketing y Comunicaci\u00f3n\">\n                                Marketing y Comunicaci\u00f3n                            <\/a>\n                        <\/c-link>\n                    <\/li>\n                                    <li>\n                        <c-link external='false' icon='arrow'>\n                            <a href=\"\" title=\"Medio ambiente\">\n                                Medio ambiente                            <\/a>\n                        <\/c-link>\n                    <\/li>\n                                    <li>\n                        <c-link external='false' icon='arrow'>\n                            <a href=\"\" title=\"Operaciones \/ Producci\u00f3n\">\n                                Operaciones \/ Producci\u00f3n                            <\/a>\n                        <\/c-link>\n                    <\/li>\n                                    <li>\n                        <c-link external='false' icon='arrow'>\n                            <a href=\"\" title=\"Recursos Humanos\">\n                                Recursos Humanos                            <\/a>\n                        <\/c-link>\n                    <\/li>\n                                    <li>\n                        <c-link external='false' icon='arrow'>\n                            <a href=\"\" title=\"Seguridad y Salud\">\n                                Seguridad y Salud                            <\/a>\n                        <\/c-link>\n                    <\/li>\n                                    <li>\n                        <c-link external='false' icon='arrow'>\n                            <a href=\"\" title=\"Sistemas inform\u00e1ticos\">\n                                Sistemas inform\u00e1ticos                            <\/a>\n                        <\/c-link>\n                    <\/li>\n                                    <li>\n                        <c-link external='false' icon='arrow'>\n                            <a href=\"\" title=\"Skilled Trade \/Field\">\n                                Skilled Trade \/Field                            <\/a>\n                        <\/c-link>\n                    <\/li>\n                                    <li>\n                        <c-link external='false' icon='arrow'>\n                            <a href=\"\" title=\"Ventas\">\n                                Ventas                            <\/a>\n                        <\/c-link>\n                    <\/li>\n                            <\/ul>\n            <\/m-link-list>\n    ","protected":false},"excerpt":{"rendered":"","protected":false},"featured_media":0,"parent":114090,"menu_order":0,"comment_status":"closed","ping_status":"closed","template":"","meta":{"_acf_changed":false,"footnotes":""},"class_list":["post-114197","page","type-page","status-publish","hentry"],"acf":[],"yoast_head":"<!-- This site is optimized with the Yoast SEO plugin v27.2 - https:\/\/yoast.com\/product\/yoast-seo-wordpress\/ -->\n<title>Jobs in Design in the US, the UK, Spain, Australia... | Ferrovial<\/title>\n<meta name=\"description\" content=\"Find a Design position abroad at a top multinational in its sector. We operate in the US, the UK, Spain, Australia, Canada, Chile, Portugal...\" \/>\n<meta name=\"robots\" content=\"index, follow, max-snippet:-1, max-image-preview:large, max-video-preview:-1\" \/>\n<link rel=\"canonical\" href=\"https:\/\/www.ferrovial.com\/en-gb\/careers\/opportunities\/design\/\" \/>\n<meta property=\"og:locale\" content=\"en_GB\" \/>\n<meta property=\"og:type\" content=\"article\" \/>\n<meta property=\"og:title\" content=\"Jobs in Design in the US, the UK, Spain, Australia... | Ferrovial\" \/>\n<meta property=\"og:description\" content=\"Find a Design position abroad at a top multinational in its sector. We operate in the US, the UK, Spain, Australia, Canada, Chile, Portugal...\" \/>\n<meta property=\"og:url\" content=\"https:\/\/www.ferrovial.com\/en-gb\/careers\/opportunities\/design\/\" \/>\n<meta property=\"og:site_name\" content=\"Ferrovial\" \/>\n<meta property=\"article:publisher\" content=\"https:\/\/www.facebook.com\/ferrovial\" \/>\n<meta property=\"article:modified_time\" content=\"2022-07-11T11:43:29+00:00\" \/>\n<meta name=\"twitter:card\" content=\"summary_large_image\" \/>\n<meta name=\"twitter:site\" content=\"@ferrovial\" \/>\n<meta name=\"twitter:label1\" content=\"Estimated reading time\" \/>\n\t<meta name=\"twitter:data1\" content=\"1 minute\" \/>\n<!-- \/ Yoast SEO plugin. -->","yoast_head_json":{"title":"Jobs in Design in the US, the UK, Spain, Australia... | Ferrovial","description":"Find a Design position abroad at a top multinational in its sector. We operate in the US, the UK, Spain, Australia, Canada, Chile, Portugal...","robots":{"index":"index","follow":"follow","max-snippet":"max-snippet:-1","max-image-preview":"max-image-preview:large","max-video-preview":"max-video-preview:-1"},"canonical":"https:\/\/www.ferrovial.com\/en-gb\/careers\/opportunities\/design\/","og_locale":"en_GB","og_type":"article","og_title":"Jobs in Design in the US, the UK, Spain, Australia... | Ferrovial","og_description":"Find a Design position abroad at a top multinational in its sector. We operate in the US, the UK, Spain, Australia, Canada, Chile, Portugal...","og_url":"https:\/\/www.ferrovial.com\/en-gb\/careers\/opportunities\/design\/","og_site_name":"Ferrovial","article_publisher":"https:\/\/www.facebook.com\/ferrovial","article_modified_time":"2022-07-11T11:43:29+00:00","twitter_card":"summary_large_image","twitter_site":"@ferrovial","twitter_misc":{"Estimated reading time":"1 minute"},"schema":{"@context":"https:\/\/schema.org","@graph":[{"@type":"WebPage","@id":"https:\/\/www.ferrovial.com\/en-gb\/careers\/opportunities\/design\/","url":"https:\/\/www.ferrovial.com\/en-gb\/careers\/opportunities\/design\/","name":"Jobs in Design in the US, the UK, Spain, Australia... | Ferrovial","isPartOf":{"@id":"https:\/\/www.ferrovial.com\/en-gb\/#website"},"datePublished":"2019-09-05T15:29:16+00:00","dateModified":"2022-07-11T11:43:29+00:00","description":"Find a Design position abroad at a top multinational in its sector. We operate in the US, the UK, Spain, Australia, Canada, Chile, Portugal...","breadcrumb":{"@id":"https:\/\/www.ferrovial.com\/en-gb\/careers\/opportunities\/design\/#breadcrumb"},"inLanguage":"en-GB","potentialAction":[{"@type":"ReadAction","target":["https:\/\/www.ferrovial.com\/en-gb\/careers\/opportunities\/design\/"]}]},{"@type":"BreadcrumbList","@id":"https:\/\/www.ferrovial.com\/en-gb\/careers\/opportunities\/design\/#breadcrumb","itemListElement":[{"@type":"ListItem","position":1,"name":"Portada","item":"https:\/\/www.ferrovial.com\/en-gb\/"},{"@type":"ListItem","position":2,"name":"Careers","item":"https:\/\/www.ferrovial.com\/en-gb\/careers\/"},{"@type":"ListItem","position":3,"name":"Job Opportunities","item":"https:\/\/www.ferrovial.com\/en-gb\/careers\/opportunities\/"},{"@type":"ListItem","position":4,"name":"Design"}]},{"@type":"WebSite","@id":"https:\/\/www.ferrovial.com\/en-gb\/#website","url":"https:\/\/www.ferrovial.com\/en-gb\/","name":"Ferrovial","description":"Welcome to the Ferrovial&#039;s website, global operator of sustainable infrastructure. Here you can find all the information about the company and subsidiaries.","publisher":{"@id":"https:\/\/www.ferrovial.com\/en-gb\/#organization"},"potentialAction":[{"@type":"SearchAction","target":{"@type":"EntryPoint","urlTemplate":"https:\/\/www.ferrovial.com\/en-gb\/?s={search_term_string}"},"query-input":{"@type":"PropertyValueSpecification","valueRequired":true,"valueName":"search_term_string"}}],"inLanguage":"en-GB"},{"@type":"Organization","@id":"https:\/\/www.ferrovial.com\/en-gb\/#organization","name":"Ferrovial S.A.","url":"https:\/\/www.ferrovial.com\/en-gb\/","logo":{"@type":"ImageObject","inLanguage":"en-GB","@id":"https:\/\/www.ferrovial.com\/en-gb\/#\/schema\/logo\/image\/","url":"https:\/\/static.ferrovial.com\/wp-content\/uploads\/2020\/01\/13124948\/logo-ferrovial-cf7.png","contentUrl":"https:\/\/static.ferrovial.com\/wp-content\/uploads\/2020\/01\/13124948\/logo-ferrovial-cf7.png","width":144,"height":32,"caption":"Ferrovial S.A."},"image":{"@id":"https:\/\/www.ferrovial.com\/en-gb\/#\/schema\/logo\/image\/"},"sameAs":["https:\/\/www.facebook.com\/ferrovial","https:\/\/x.com\/ferrovial","https:\/\/www.instagram.com\/ferrovial\/","https:\/\/www.linkedin.com\/company\/ferrovial","https:\/\/www.pinterest.es\/ferrovial\/","https:\/\/www.youtube.com\/ferrovial","https:\/\/en.wikipedia.org\/wiki\/Ferrovial"]}]}},"_links":{"self":[{"href":"https:\/\/www.ferrovial.com\/en-gb\/wp-json\/wp\/v2\/pages\/114197","targetHints":{"allow":["GET"]}}],"collection":[{"href":"https:\/\/www.ferrovial.com\/en-gb\/wp-json\/wp\/v2\/pages"}],"about":[{"href":"https:\/\/www.ferrovial.com\/en-gb\/wp-json\/wp\/v2\/types\/page"}],"replies":[{"embeddable":true,"href":"https:\/\/www.ferrovial.com\/en-gb\/wp-json\/wp\/v2\/comments?post=114197"}],"version-history":[{"count":3,"href":"https:\/\/www.ferrovial.com\/en-gb\/wp-json\/wp\/v2\/pages\/114197\/revisions"}],"predecessor-version":[{"id":228997,"href":"https:\/\/www.ferrovial.com\/en-gb\/wp-json\/wp\/v2\/pages\/114197\/revisions\/228997"}],"up":[{"embeddable":true,"href":"https:\/\/www.ferrovial.com\/en-gb\/wp-json\/wp\/v2\/pages\/114090"}],"wp:attachment":[{"href":"https:\/\/www.ferrovial.com\/en-gb\/wp-json\/wp\/v2\/media?parent=114197"}],"curies":[{"name":"wp","href":"https:\/\/api.w.org\/{rel}","templated":true}]}}