{"id":148827,"date":"2020-01-17T18:52:47","date_gmt":"2020-01-17T17:52:47","guid":{"rendered":"https:\/\/www.ferrovial.com\/business\/electrification\/"},"modified":"2024-05-28T12:29:40","modified_gmt":"2024-05-28T10:29:40","slug":"electrification","status":"publish","type":"page","link":"https:\/\/www.ferrovial.com\/en-gb\/business-lines\/electrification\/","title":{"rendered":"Energy Transmission"},"content":{"rendered":"    <m-hero type='single' :translations='{\n        &quot;play&quot;:&quot;Play background video&quot;,\n        &quot;pause&quot;:&quot;Pause background video&quot;,\n        &quot;prev&quot;:&quot;Previous&quot;,\n        &quot;next&quot;:&quot;Next&quot;,\n        &quot;paginationseparator&quot;:&quot;of&quot;,\n        &quot;goto&quot;:&quot;Go to slide&quot;,\n        &quot;external&quot;:&quot;Open new window&quot;\n    }'>\n            <c-breadcrumb label-text=\"Breadcrumb\" slot=\"breadcrumbs\" type='1' align='left left' wrap='wrapped wrapped' aria-label='You came from Business Lines'>\n                        <ol>\n\n                                                            <li><a href=\"https:\/\/www.ferrovial.com\/en-gb\/\" title=\"Ferrovial\">Ferrovial<\/a><\/li>\n                                                                        <li><a href=\"https:\/\/www.ferrovial.com\/en\/business-lines\/\" title=\"Business Lines\">Business Lines<\/a><\/li>\n                                    \n                <\/ol>\n\n                <\/c-breadcrumb>\n    \n                        <div slot=\"carouselItem\">\n                            <c-background-video :sources=\"['https:\/\/static.ferrovial.com\/wp-content\/uploads\/2020\/01\/13140959\/13-power-lines-a_1.mp4']\" position=\"center center\" poster=\"https:\/\/static.ferrovial.com\/wp-content\/uploads\/2019\/12\/13132010\/power-infrastructure.jpg\" :translations=\"{&quot;play&quot;:&quot;Play background video&quot;,&quot;pause&quot;:&quot;Pause background video&quot;}\"><\/c-background-video>\n                        <\/div>        <section slot=\"hero\">\n            <article>\n                                        <h1>Energy Transmission<\/h1>\n                                                <p>Description placeholder<\/p>\n                                    <\/article>\n        <\/section>\n    <\/m-hero>\n\n    \n\n    <m-introduction-subhome type='primary' pathfront='1' pathback='2' icon='utilities'>\n        <img decoding=\"async\" class=\"dots hidden\" slot=\"bg\" src=\"https:\/\/www.ferrovial.com\/wp-content\/themes\/global\/front\/dist\/static\/img\/dots.svg\" alt=\"\" \/>\n                        <p slot=\"description\">\n                    We provide comprehensive solutions for developing and managing electrical transmission networks.                <\/p>\n                    <\/m-introduction-subhome>\n    \n\n\n<m-wysiwig class=\"wp-block-components-wysiwyg\"><div slot=\"maincontent\">\n<p>We add value throughout the entire <strong>life cycle of the infrastructure <\/strong>by taking advantage of the synergies created in the rest of our business in order to <strong>design, construct, finance, operate and maintain our assets<\/strong>. In continuous collaboration with our clients and interest groups, we are committed to offering operational excellence, high levels of safety and innovative solutions.<\/p>\n<\/div><\/m-wysiwig>\n\n\n    <m-cyphers-extended>\n         \n                <span slot=\"label\">\n                    Our transmission capacity                 <\/span>\n                                    <h2 slot=\"title\">\n                        We have a total of 2160MW, making us one of the most relevant actors in Chile                    <\/h2>\n                    \n                                            <div slot=\"cypher\">\n                                                            <span>\n                                    We manage                                <\/span>\n                                                        \n                                                            <div>\n                                    <span >1192<\/span>                                <\/div>\n                            \n                                                            <span>\n                                    Structures                                 <\/span>\n                                                    <\/div>\n                    \n                    \n                                            <div slot=\"cypher\">\n                                                            <span>\n                                    We cooperate with more than                                 <\/span>\n                                                        \n                                                            <div>\n                                    <span >621<\/span>                                <\/div>\n                            \n                                                            <span>\n                                     properties and communities                                 <\/span>\n                                                    <\/div>\n                    \n                                <\/m-cyphers-extended>\n    \n\n\n<m-wysiwig class=\"wp-block-components-wysiwyg\"><div slot=\"maincontent\">\n<p>Currently, our three principal electrical transmission assets combined under the <strong>Power Infrastructure<\/strong> brand are:<\/p>\n\n\n\n<ul class=\"wp-block-list\">\n<li><strong>Transchile Charr\u00faa Transmission<\/strong>. Through this subsidiary, we operate and maintain the Charr\u00faa &#8211; Caut\u00edn transmission line in southern Chile, in the B\u00edo-B\u00edo and Araucan\u00eda regions. This is a <strong>220kV double-circuit line measuring 204 kilometers long<\/strong> with a transmission capacity of <strong>500 MVA per circuit<\/strong>. Under the control of Chile\u2019s National Transmission System, backbone of the country\u2019s electrical system, the line serves over <strong>300,000 homes<\/strong> in the southern part of the country.<\/li>\n\n\n\n<li><strong>Centella Transmission.<\/strong> In July 2018, we were granted 100% of a concession to construct and operate a transmission line Nueva Pan de Az\u00facar \u2013 Punta Sierra \u2013 Centella, approximately <strong>250 kilometers long (2 x 220 kV)<\/strong> north of Santiago, Chile, with a nominal capacity of <strong>580 MVA per circuit<\/strong>. The project also includes the construction of the New Substation Centella in the region of Salamanca. Meanwhile,<a class=\"ek-link ek-link\" href=\"https:\/\/www.ferrovial.com\/en-gb\/f-agroman\/\"> Ferrovial Construction<\/a> is leading the construction project valued at $125 million. And through <a href=\"https:\/\/www.ferrovial.com\/en\/power-infrastructure\/\" class=\"ek-link\">Ferrovial Power Infrastructure<\/a> we will be responsible for the management of the permits involved in the project, the financing in the construction period, as well as the full management of the asset after it comes into operation.<\/li>\n\n\n\n<li><strong>Tap Mauro:<\/strong> On February 2020 Ferrovial Power Infrastructure was awarded the concession for the construction, operation and maintenance of a four-circuit transmission line. This new asset has 3 km per circuit, connecting Los Piuquenes-Tap Mauro transmission line and Ferrovial\u00b4s new under-construction power substation Centella, located at the Coquimbo Region, northern Santiago. Commercial operation date is scheduled for 2023.<\/li>\n<\/ul>\n<\/div><\/m-wysiwig>\n\n\n    <m-distributor-brands-extended>\n                        <h2 slot=\"label\">\n                    Business                <\/h2>\n                                <h3 slot=\"title\">\n                    Our Energy Infrastructure Company                <\/h3>\n                                    <a slot='card' href='https:\/\/www.ferrovial.com\/en-gb\/business-lines\/electrification\/' title='View more'>\n                        <h3>\n                                                                <img src='https:\/\/static.ferrovial.com\/wp-content\/uploads\/2024\/01\/12141848\/logo-ferrovial-energy.svg' alt='Logo_Ferrovial_ENERGY' \/>\n                                                            <\/h3>\n                                                        <p>\n                                    Innovative solutions for power generation and transmission.\n                                <\/p>\n                                                        <c-masked-image path='3' src='https:\/\/static.ferrovial.com\/wp-content\/uploads\/2022\/12\/02131610\/proyecto-ferrovial-infraestructuras-energetica-transchile-chile-350x350.jpg'>\n\t\t\t\t\t\t<\/c-masked-image>\n                    <\/a>\n                        <\/m-distributor-brands-extended>\n\n    \n\n    <m-annual-report :whitetext='false' :gutenberg='true'>\n                        <p slot=\"cta\">\n                    Ferrovial&#8217;s Key Figures from 2025                <\/p>\n                \n                        <c-button href='https:\/\/informeanualintegrado2025.ferrovial.com\/en\/' title='Integrated Annual Report' slot='cta' disabled='false' type='ghost-positive-alt' target='_blank' rel='noopener' >\n                Integrated Annual Report                <span class=\"sr-only\">Open in a new tab<\/span>\n                                <\/c-button>\n                \n        \n            <ul slot=\"cypher\">\n\n                                            <li>\n                                \n                                <div>\n                                    <span>\u20ac<\/span><span >9.6<\/span><span>B<\/span>\n                                <\/div>\n\n                                                                        <span>\n                                            Revenues                                        <\/span>\n                                                                    <\/li>\n                                                    <li>\n                                \n                                <div>\n                                    <span>\u20ac<\/span><span >40.6<\/span><span>B<\/span>\n                                <\/div>\n\n                                                                        <span>\n                                            Capitalization                                        <\/span>\n                                                                    <\/li>\n                                                    <li>\n                                \n                                <div>\n                                    <span>\u20ac<\/span><span >5.1<\/span><span>B<\/span>\n                                <\/div>\n\n                                                                        <span>\n                                            Total liquidity                                        <\/span>\n                                                                    <\/li>\n                                                    <li>\n                                \n                                <div>\n                                    <span><\/span><span >22609<\/span><span><\/span>\n                                <\/div>\n\n                                                                        <span>\n                                            Employees                                        <\/span>\n                                                                    <\/li>\n                        \n            <\/ul>\n            <\/m-annual-report>\n\n    ","protected":false},"excerpt":{"rendered":"","protected":false},"featured_media":0,"parent":114018,"menu_order":0,"comment_status":"closed","ping_status":"closed","template":"","meta":{"_acf_changed":false,"footnotes":""},"class_list":["post-148827","page","type-page","status-publish","hentry"],"acf":[],"yoast_head":"<!-- This site is optimized with the Yoast SEO plugin v27.2 - https:\/\/yoast.com\/product\/yoast-seo-wordpress\/ -->\n<title>Energy Transmission - Ferrovial<\/title>\n<meta name=\"description\" content=\"Energy Transition\" \/>\n<meta name=\"robots\" content=\"index, follow, max-snippet:-1, max-image-preview:large, max-video-preview:-1\" \/>\n<link rel=\"canonical\" href=\"https:\/\/www.ferrovial.com\/en-gb\/business-lines\/electrification\/\" \/>\n<meta property=\"og:locale\" content=\"en_GB\" \/>\n<meta property=\"og:type\" content=\"article\" \/>\n<meta property=\"og:title\" content=\"Energy Transmission - Ferrovial\" \/>\n<meta property=\"og:description\" content=\"Energy Transition\" \/>\n<meta property=\"og:url\" content=\"https:\/\/www.ferrovial.com\/en-gb\/business-lines\/electrification\/\" \/>\n<meta property=\"og:site_name\" content=\"Ferrovial\" \/>\n<meta property=\"article:publisher\" content=\"https:\/\/www.facebook.com\/ferrovial\" \/>\n<meta property=\"article:modified_time\" content=\"2024-05-28T10:29:40+00:00\" \/>\n<meta property=\"og:image\" content=\"https:\/\/www.ferrovial.com\/wp-content\/themes\/global\/front\/dist\/static\/img\/dots.svg\" \/>\n<meta name=\"twitter:card\" content=\"summary_large_image\" \/>\n<meta name=\"twitter:site\" content=\"@ferrovial\" \/>\n<meta name=\"twitter:label1\" content=\"Estimated reading time\" \/>\n\t<meta name=\"twitter:data1\" content=\"2 minutes\" \/>\n<!-- \/ Yoast SEO plugin. -->","yoast_head_json":{"title":"Energy Transmission - Ferrovial","description":"Energy Transition","robots":{"index":"index","follow":"follow","max-snippet":"max-snippet:-1","max-image-preview":"max-image-preview:large","max-video-preview":"max-video-preview:-1"},"canonical":"https:\/\/www.ferrovial.com\/en-gb\/business-lines\/electrification\/","og_locale":"en_GB","og_type":"article","og_title":"Energy Transmission - Ferrovial","og_description":"Energy Transition","og_url":"https:\/\/www.ferrovial.com\/en-gb\/business-lines\/electrification\/","og_site_name":"Ferrovial","article_publisher":"https:\/\/www.facebook.com\/ferrovial","article_modified_time":"2024-05-28T10:29:40+00:00","og_image":[{"url":"https:\/\/www.ferrovial.com\/wp-content\/themes\/global\/front\/dist\/static\/img\/dots.svg","type":"","width":"","height":""}],"twitter_card":"summary_large_image","twitter_site":"@ferrovial","twitter_misc":{"Estimated reading time":"2 minutes"},"schema":{"@context":"https:\/\/schema.org","@graph":[{"@type":"WebPage","@id":"https:\/\/www.ferrovial.com\/en-gb\/business-lines\/electrification\/","url":"https:\/\/www.ferrovial.com\/en-gb\/business-lines\/electrification\/","name":"Energy Transmission - Ferrovial","isPartOf":{"@id":"https:\/\/www.ferrovial.com\/en-gb\/#website"},"primaryImageOfPage":{"@id":"https:\/\/www.ferrovial.com\/en-gb\/business-lines\/electrification\/#primaryimage"},"image":{"@id":"https:\/\/www.ferrovial.com\/en-gb\/business-lines\/electrification\/#primaryimage"},"thumbnailUrl":"https:\/\/www.ferrovial.com\/wp-content\/themes\/global\/front\/dist\/static\/img\/dots.svg","datePublished":"2020-01-17T17:52:47+00:00","dateModified":"2024-05-28T10:29:40+00:00","description":"Energy Transition","breadcrumb":{"@id":"https:\/\/www.ferrovial.com\/en-gb\/business-lines\/electrification\/#breadcrumb"},"inLanguage":"en-GB","potentialAction":[{"@type":"ReadAction","target":["https:\/\/www.ferrovial.com\/en-gb\/business-lines\/electrification\/"]}]},{"@type":"ImageObject","inLanguage":"en-GB","@id":"https:\/\/www.ferrovial.com\/en-gb\/business-lines\/electrification\/#primaryimage","url":"https:\/\/www.ferrovial.com\/wp-content\/themes\/global\/front\/dist\/static\/img\/dots.svg","contentUrl":"https:\/\/www.ferrovial.com\/wp-content\/themes\/global\/front\/dist\/static\/img\/dots.svg"},{"@type":"BreadcrumbList","@id":"https:\/\/www.ferrovial.com\/en-gb\/business-lines\/electrification\/#breadcrumb","itemListElement":[{"@type":"ListItem","position":1,"name":"Portada","item":"https:\/\/www.ferrovial.com\/en-gb\/"},{"@type":"ListItem","position":2,"name":"Business Lines","item":"https:\/\/www.ferrovial.com\/en-gb\/business\/"},{"@type":"ListItem","position":3,"name":"Energy Transmission"}]},{"@type":"WebSite","@id":"https:\/\/www.ferrovial.com\/en-gb\/#website","url":"https:\/\/www.ferrovial.com\/en-gb\/","name":"Ferrovial","description":"Welcome to the Ferrovial&#039;s website, global operator of sustainable infrastructure. Here you can find all the information about the company and subsidiaries.","publisher":{"@id":"https:\/\/www.ferrovial.com\/en-gb\/#organization"},"potentialAction":[{"@type":"SearchAction","target":{"@type":"EntryPoint","urlTemplate":"https:\/\/www.ferrovial.com\/en-gb\/?s={search_term_string}"},"query-input":{"@type":"PropertyValueSpecification","valueRequired":true,"valueName":"search_term_string"}}],"inLanguage":"en-GB"},{"@type":"Organization","@id":"https:\/\/www.ferrovial.com\/en-gb\/#organization","name":"Ferrovial S.A.","url":"https:\/\/www.ferrovial.com\/en-gb\/","logo":{"@type":"ImageObject","inLanguage":"en-GB","@id":"https:\/\/www.ferrovial.com\/en-gb\/#\/schema\/logo\/image\/","url":"https:\/\/static.ferrovial.com\/wp-content\/uploads\/2020\/01\/13124948\/logo-ferrovial-cf7.png","contentUrl":"https:\/\/static.ferrovial.com\/wp-content\/uploads\/2020\/01\/13124948\/logo-ferrovial-cf7.png","width":144,"height":32,"caption":"Ferrovial S.A."},"image":{"@id":"https:\/\/www.ferrovial.com\/en-gb\/#\/schema\/logo\/image\/"},"sameAs":["https:\/\/www.facebook.com\/ferrovial","https:\/\/x.com\/ferrovial","https:\/\/www.instagram.com\/ferrovial\/","https:\/\/www.linkedin.com\/company\/ferrovial","https:\/\/www.pinterest.es\/ferrovial\/","https:\/\/www.youtube.com\/ferrovial","https:\/\/en.wikipedia.org\/wiki\/Ferrovial"]}]}},"_links":{"self":[{"href":"https:\/\/www.ferrovial.com\/en-gb\/wp-json\/wp\/v2\/pages\/148827","targetHints":{"allow":["GET"]}}],"collection":[{"href":"https:\/\/www.ferrovial.com\/en-gb\/wp-json\/wp\/v2\/pages"}],"about":[{"href":"https:\/\/www.ferrovial.com\/en-gb\/wp-json\/wp\/v2\/types\/page"}],"replies":[{"embeddable":true,"href":"https:\/\/www.ferrovial.com\/en-gb\/wp-json\/wp\/v2\/comments?post=148827"}],"version-history":[{"count":4,"href":"https:\/\/www.ferrovial.com\/en-gb\/wp-json\/wp\/v2\/pages\/148827\/revisions"}],"predecessor-version":[{"id":282238,"href":"https:\/\/www.ferrovial.com\/en-gb\/wp-json\/wp\/v2\/pages\/148827\/revisions\/282238"}],"up":[{"embeddable":true,"href":"https:\/\/www.ferrovial.com\/en-gb\/wp-json\/wp\/v2\/pages\/114018"}],"wp:attachment":[{"href":"https:\/\/www.ferrovial.com\/en-gb\/wp-json\/wp\/v2\/media?parent=148827"}],"curies":[{"name":"wp","href":"https:\/\/api.w.org\/{rel}","templated":true}]}}