{"id":114294,"date":"2019-11-08T11:57:12","date_gmt":"2019-11-08T10:57:12","guid":{"rendered":"https:\/\/www.ferrovial.com\/careers-2\/why-ferrovial\/health-and-safety\/road-safety-plan-2\/"},"modified":"2022-07-11T13:33:38","modified_gmt":"2022-07-11T11:33:38","slug":"road-safety-plan","status":"publish","type":"page","link":"https:\/\/www.ferrovial.com\/en-us\/sustainability\/health-and-safety\/road-safety-plan\/","title":{"rendered":"Road Safety Plan"},"content":{"rendered":"    <m-final-content-header bgimage='https:\/\/static.ferrovial.com\/wp-content\/uploads\/2020\/07\/13124302\/plan-de-seguridad-vial.jpg'>\n            <c-breadcrumb label-text=\"Breadcrumb\" slot=\"breadcrumbs\" type='2' align='left' wrap='wrapped wrapped' aria-label='You came from Seguridad, salud y bienestar'>\n                        <ol>\n\n                                                            <li><a href=\"https:\/\/www.ferrovial.com\/en-us\/\" title=\"Ferrovial\">Ferrovial<\/a><\/li>\n                                                                        <li><a href=\"https:\/\/www.ferrovial.com\/es\/sostenibilidad\/\" title=\"Sostenibilidad\">Sostenibilidad<\/a><\/li>\n                                                                        <li><a href=\"https:\/\/www.ferrovial.com\/es\/sostenibilidad\/seguridad-salud\/\" title=\"Seguridad, salud y bienestar\">Seguridad, salud y bienestar<\/a><\/li>\n                                    \n                <\/ol>\n\n                <\/c-breadcrumb>\n    \n        <div slot=\"header\">\n            <h1>\n                Plan de Seguridad Vial             <\/h1>\n                    <\/div>\n    <\/m-final-content-header>\n\n    \n<m-wysiwig class=\"wp-block-components-wysiwyg\"><div slot=\"maincontent\">    <p class=\"intro\">La gesti\u00f3n de la seguridad vial entre nuestros trabajadores y los ciudadanos forma parte de nuestra responsabilidades.\n<\/p>\n    \n\n\n<p>La<a href=\"http:\/\/www.dgt.es\/Galerias\/seguridad-vial\/estrategias-y-planes\/estrategicos-2011-2020\/doc\/estrategico_2020_004.pdf\" target=\"_blank\" rel=\"noreferrer noopener\" aria-label=\" (opens in a new tab)\" title=\"Estrategia Espa&#xF1;ola de Seguridad Vial 2011-2020\"> Estrategia Espa\u00f1ola de Seguridad Vial 2011-2020<\/a> establece 6 prioridades, entre las que se encuentran mejorar la seguridad en los desplazamientos relacionados con el trabajo y potenciar una movilidad sostenible. Por ello, entendemos que forma parte de nuestras responsabilidades en materia de seguridad y salud el examinar y mejorar la gesti\u00f3n de la seguridad vial de nuestros trabajadores.<\/p>\n\n\n\n<p>En septiembre de 2015, firmamos un convenio de colaboraci\u00f3n con<a href=\"http:\/\/www.fesvial.es\/\" target=\"_blank\" rel=\"noreferrer noopener\" aria-label=\" (opens in a new tab)\" title=\"Fesvial (Fundaci&#xF3;n Espa&#xF1;ola para la Seguridad Vial)\"> Fesvial (Fundaci\u00f3n Espa\u00f1ola para la Seguridad Vial)<\/a>, con el objeto de reducir al m\u00e1ximo los accidentes in itinere y en misi\u00f3n. En una primera fase, esta colaboraci\u00f3n se ha concretado en la elaboraci\u00f3n de un plan de seguridad vial, desarrollando un marco de movilidad segura y sostenible para todos nuestros trabajadores.<\/p>\n\n\n\n<p>Un plan de movilidad segura y sostenible en el trabajo consistente en:<\/p>\n\n\n\n<blockquote class=\"wp-block-quote is-layout-flow wp-block-quote-is-layout-flow\"><p> <em>Un conjunto de acciones enfocadas, por una parte, a\u00a0 eliminar, reducir, controlar y\/o actuar sobre los riesgos laborales derivados del uso de veh\u00edculos, y por otra a incrementar la eficiencia y reducir el impacto ambiental derivado de los desplazamientos relacionados con el trabajo (en misi\u00f3n), o en la ida o vuelta al mismo (in itinere)\u201d.<\/em> <\/p><\/blockquote>\n<\/div><\/m-wysiwig>\n","protected":false},"excerpt":{"rendered":"","protected":false},"featured_media":0,"parent":114287,"menu_order":0,"comment_status":"closed","ping_status":"closed","template":"","meta":{"_acf_changed":false,"footnotes":""},"class_list":["post-114294","page","type-page","status-publish","hentry"],"acf":[],"yoast_head":"<!-- This site is optimized with the Yoast SEO plugin v27.2 - https:\/\/yoast.com\/product\/yoast-seo-wordpress\/ -->\n<title>Road Safety Plan - Ferrovial<\/title>\n<meta name=\"description\" content=\"Welcome to the Ferrovial&#039;s website, global operator of sustainable infrastructure. Here you can find all the information about the company and subsidiaries.\" \/>\n<meta name=\"robots\" content=\"index, follow, max-snippet:-1, max-image-preview:large, max-video-preview:-1\" \/>\n<link rel=\"canonical\" href=\"https:\/\/www.ferrovial.com\/en-us\/sustainability\/health-and-safety\/road-safety-plan\/\" \/>\n<meta property=\"og:locale\" content=\"en_US\" \/>\n<meta property=\"og:type\" content=\"article\" \/>\n<meta property=\"og:title\" content=\"Road Safety Plan - Ferrovial\" \/>\n<meta property=\"og:description\" content=\"Welcome to the Ferrovial&#039;s website, global operator of sustainable infrastructure. Here you can find all the information about the company and subsidiaries.\" \/>\n<meta property=\"og:url\" content=\"https:\/\/www.ferrovial.com\/en-us\/sustainability\/health-and-safety\/road-safety-plan\/\" \/>\n<meta property=\"og:site_name\" content=\"Ferrovial\" \/>\n<meta property=\"article:publisher\" content=\"https:\/\/www.facebook.com\/ferrovial\" \/>\n<meta property=\"article:modified_time\" content=\"2022-07-11T11:33:38+00:00\" \/>\n<meta name=\"twitter:card\" content=\"summary_large_image\" \/>\n<meta name=\"twitter:site\" content=\"@ferrovial\" \/>\n<meta name=\"twitter:label1\" content=\"Est. reading time\" \/>\n\t<meta name=\"twitter:data1\" content=\"1 minute\" \/>\n<!-- \/ Yoast SEO plugin. -->","yoast_head_json":{"title":"Road Safety Plan - Ferrovial","description":"Welcome to the Ferrovial's website, global operator of sustainable infrastructure. Here you can find all the information about the company and subsidiaries.","robots":{"index":"index","follow":"follow","max-snippet":"max-snippet:-1","max-image-preview":"max-image-preview:large","max-video-preview":"max-video-preview:-1"},"canonical":"https:\/\/www.ferrovial.com\/en-us\/sustainability\/health-and-safety\/road-safety-plan\/","og_locale":"en_US","og_type":"article","og_title":"Road Safety Plan - Ferrovial","og_description":"Welcome to the Ferrovial's website, global operator of sustainable infrastructure. Here you can find all the information about the company and subsidiaries.","og_url":"https:\/\/www.ferrovial.com\/en-us\/sustainability\/health-and-safety\/road-safety-plan\/","og_site_name":"Ferrovial","article_publisher":"https:\/\/www.facebook.com\/ferrovial","article_modified_time":"2022-07-11T11:33:38+00:00","twitter_card":"summary_large_image","twitter_site":"@ferrovial","twitter_misc":{"Est. reading time":"1 minute"},"schema":{"@context":"https:\/\/schema.org","@graph":[{"@type":"WebPage","@id":"https:\/\/www.ferrovial.com\/en-us\/sustainability\/health-and-safety\/road-safety-plan\/","url":"https:\/\/www.ferrovial.com\/en-us\/sustainability\/health-and-safety\/road-safety-plan\/","name":"Road Safety Plan - Ferrovial","isPartOf":{"@id":"https:\/\/www.ferrovial.com\/en-us\/#website"},"datePublished":"2019-11-08T10:57:12+00:00","dateModified":"2022-07-11T11:33:38+00:00","description":"Welcome to the Ferrovial's website, global operator of sustainable infrastructure. Here you can find all the information about the company and subsidiaries.","breadcrumb":{"@id":"https:\/\/www.ferrovial.com\/en-us\/sustainability\/health-and-safety\/road-safety-plan\/#breadcrumb"},"inLanguage":"en-US","potentialAction":[{"@type":"ReadAction","target":["https:\/\/www.ferrovial.com\/en-us\/sustainability\/health-and-safety\/road-safety-plan\/"]}]},{"@type":"BreadcrumbList","@id":"https:\/\/www.ferrovial.com\/en-us\/sustainability\/health-and-safety\/road-safety-plan\/#breadcrumb","itemListElement":[{"@type":"ListItem","position":1,"name":"Portada","item":"https:\/\/www.ferrovial.com\/en-us\/"},{"@type":"ListItem","position":2,"name":"Sustainability","item":"https:\/\/www.ferrovial.com\/en-us\/sustainability\/"},{"@type":"ListItem","position":3,"name":"Health, Safety and Wellbeing","item":"https:\/\/www.ferrovial.com\/en-us\/sustainability\/health-and-safety\/"},{"@type":"ListItem","position":4,"name":"Road Safety Plan"}]},{"@type":"WebSite","@id":"https:\/\/www.ferrovial.com\/en-us\/#website","url":"https:\/\/www.ferrovial.com\/en-us\/","name":"Ferrovial","description":"Welcome to the Ferrovial&#039;s website, global operator of sustainable infrastructure. Here you can find all the information about the company and subsidiaries.","publisher":{"@id":"https:\/\/www.ferrovial.com\/en-us\/#organization"},"potentialAction":[{"@type":"SearchAction","target":{"@type":"EntryPoint","urlTemplate":"https:\/\/www.ferrovial.com\/en-us\/?s={search_term_string}"},"query-input":{"@type":"PropertyValueSpecification","valueRequired":true,"valueName":"search_term_string"}}],"inLanguage":"en-US"},{"@type":"Organization","@id":"https:\/\/www.ferrovial.com\/en-us\/#organization","name":"Ferrovial S.A.","url":"https:\/\/www.ferrovial.com\/en-us\/","logo":{"@type":"ImageObject","inLanguage":"en-US","@id":"https:\/\/www.ferrovial.com\/en-us\/#\/schema\/logo\/image\/","url":"https:\/\/static.ferrovial.com\/wp-content\/uploads\/2020\/01\/13124948\/logo-ferrovial-cf7.png","contentUrl":"https:\/\/static.ferrovial.com\/wp-content\/uploads\/2020\/01\/13124948\/logo-ferrovial-cf7.png","width":144,"height":32,"caption":"Ferrovial S.A."},"image":{"@id":"https:\/\/www.ferrovial.com\/en-us\/#\/schema\/logo\/image\/"},"sameAs":["https:\/\/www.facebook.com\/ferrovial","https:\/\/x.com\/ferrovial","https:\/\/www.instagram.com\/ferrovial\/","https:\/\/www.linkedin.com\/company\/ferrovial","https:\/\/www.pinterest.es\/ferrovial\/","https:\/\/www.youtube.com\/ferrovial","https:\/\/en.wikipedia.org\/wiki\/Ferrovial"]}]}},"_links":{"self":[{"href":"https:\/\/www.ferrovial.com\/en-us\/wp-json\/wp\/v2\/pages\/114294","targetHints":{"allow":["GET"]}}],"collection":[{"href":"https:\/\/www.ferrovial.com\/en-us\/wp-json\/wp\/v2\/pages"}],"about":[{"href":"https:\/\/www.ferrovial.com\/en-us\/wp-json\/wp\/v2\/types\/page"}],"replies":[{"embeddable":true,"href":"https:\/\/www.ferrovial.com\/en-us\/wp-json\/wp\/v2\/comments?post=114294"}],"version-history":[{"count":2,"href":"https:\/\/www.ferrovial.com\/en-us\/wp-json\/wp\/v2\/pages\/114294\/revisions"}],"predecessor-version":[{"id":228846,"href":"https:\/\/www.ferrovial.com\/en-us\/wp-json\/wp\/v2\/pages\/114294\/revisions\/228846"}],"up":[{"embeddable":true,"href":"https:\/\/www.ferrovial.com\/en-us\/wp-json\/wp\/v2\/pages\/114287"}],"wp:attachment":[{"href":"https:\/\/www.ferrovial.com\/en-us\/wp-json\/wp\/v2\/media?parent=114294"}],"curies":[{"name":"wp","href":"https:\/\/api.w.org\/{rel}","templated":true}]}}