{"id":139198,"date":"2019-12-12T19:38:52","date_gmt":"2019-12-12T18:38:52","guid":{"rendered":"https:\/\/www.ferrovial.com\/f-agroman\/what-we-do\/airport-construction\/"},"modified":"2022-02-23T13:11:10","modified_gmt":"2022-02-23T12:11:10","slug":"airport-construction","status":"publish","type":"page","link":"https:\/\/www.ferrovial.com\/en-us\/f-construction\/what-we-do\/airport-construction\/","title":{"rendered":"Airport Construction"},"content":{"rendered":"    <m-final-content-header bgimage='https:\/\/static.ferrovial.com\/wp-content\/uploads\/2019\/09\/13141316\/che17633d-1280x720.jpg'>\n            <c-breadcrumb label-text=\"Breadcrumb\" slot=\"breadcrumbs\" type='2' align='left' wrap='wrapped wrapped' aria-label='You came from What We Do &#8211; Ferrovial Construction'>\n                        <ol>\n\n                                                            <li><a href=\"https:\/\/www.ferrovial.com\/en-us\/\" title=\"Ferrovial\">Ferrovial<\/a><\/li>\n                                                                        <li><a href=\"https:\/\/www.ferrovial.com\/en-us\/f-construction\/\" title=\"Ferrovial Construction\">Ferrovial Construction<\/a><\/li>\n                                                                        <li><a href=\"https:\/\/www.ferrovial.com\/en-us\/f-construction\/what-we-do\/\" title=\"What We Do &#8211; Ferrovial Construction\">What We Do &#8211; Ferrovial Construction<\/a><\/li>\n                                    \n                <\/ol>\n\n                <\/c-breadcrumb>\n    \n        <div slot=\"header\">\n            <h1>\n                Airport Construction            <\/h1>\n                    <\/div>\n    <\/m-final-content-header>\n\n    \n\n\n<m-wysiwig class=\"wp-block-components-wysiwyg\"><div slot=\"maincontent\">    <p class=\"intro\">Over the years we have been involved in the construction of different terminals and airports around the world.<\/p>\n    \n\n\n<p>In a construction site, other than thinking about the structure&#8217;s functionality and objectives, it is essential to consider the aesthetic part as well. This is why, there are many airports that due to their capacity, construction process and beauty have become emblematic buildings. <\/p>\n\n\n\n<p>We have the experience of being involved in different construction areas of  <strong>41 airports in different parts of the world<\/strong> including: new terminals, control towers, parking lots, civil works, and runway renovations, among others.<\/p>\n\n\n\n<p>Most of our projects have been carried out in Europe such as: Heathrow Airport, Adolfo Suarez-Madrid Barajas Airport, El Prat Airport in Barcelona, George Bush Intercontinental Airport in Houston, Malaga Airport, Bilbao Airport, Tenerife Norte Airport and Gda\u0144sk-Lech Wa\u0142\u0119sa Airport in Poland, among others. <\/p>\n<\/div><\/m-wysiwig>\n\n\n\n<p><\/p>\n\n\n    <m-projects-distributor2 :translations='{\n        &quot;prev&quot;:&quot;Previous&quot;,\n        &quot;next&quot;:&quot;Next&quot;,\n        &quot;paginationseparator&quot;:&quot;of&quot;\n    }'>\n                        <h2 slot=\"label\">\n                    Projects                <\/h2>\n                                <h3 slot=\"title\">\n                Airport Construction                <\/h3>\n                        <a slot='button' title='See all' href='https:\/\/www.ferrovial.com\/en-us\/f-construction\/what-we-do\/airport-construction\/'>\n            See all        <\/a>\n\n            <\/m-projects-distributor2>\n\n    ","protected":false},"excerpt":{"rendered":"","protected":false},"featured_media":0,"parent":69969,"menu_order":0,"comment_status":"closed","ping_status":"closed","template":"","meta":{"_acf_changed":false,"footnotes":""},"class_list":["post-139198","page","type-page","status-publish","hentry"],"acf":[],"yoast_head":"<!-- This site is optimized with the Yoast SEO plugin v27.2 - https:\/\/yoast.com\/product\/yoast-seo-wordpress\/ -->\n<title>Airport construction - Ferrovial Agroman<\/title>\n<meta name=\"description\" content=\"Experts in building airports around the world. Ferrovial Agroman has years of experience in the construction sector, which makes it...\" \/>\n<meta name=\"robots\" content=\"index, follow, max-snippet:-1, max-image-preview:large, max-video-preview:-1\" \/>\n<link rel=\"canonical\" href=\"https:\/\/www.ferrovial.com\/en-us\/f-construction\/what-we-do\/airport-construction\/\" \/>\n<meta property=\"og:locale\" content=\"en_US\" \/>\n<meta property=\"og:type\" content=\"article\" \/>\n<meta property=\"og:title\" content=\"Airport construction - Ferrovial Agroman\" \/>\n<meta property=\"og:description\" content=\"Experts in building airports around the world. Ferrovial Agroman has years of experience in the construction sector, which makes it...\" \/>\n<meta property=\"og:url\" content=\"https:\/\/www.ferrovial.com\/en-us\/f-construction\/what-we-do\/airport-construction\/\" \/>\n<meta property=\"og:site_name\" content=\"Ferrovial\" \/>\n<meta property=\"article:publisher\" content=\"https:\/\/www.facebook.com\/ferrovial\" \/>\n<meta property=\"article:modified_time\" content=\"2022-02-23T12:11:10+00:00\" \/>\n<meta name=\"twitter:card\" content=\"summary_large_image\" \/>\n<meta name=\"twitter:site\" content=\"@ferrovial\" \/>\n<meta name=\"twitter:label1\" content=\"Est. reading time\" \/>\n\t<meta name=\"twitter:data1\" content=\"1 minute\" \/>\n<!-- \/ Yoast SEO plugin. -->","yoast_head_json":{"title":"Airport construction - Ferrovial Agroman","description":"Experts in building airports around the world. Ferrovial Agroman has years of experience in the construction sector, which makes it...","robots":{"index":"index","follow":"follow","max-snippet":"max-snippet:-1","max-image-preview":"max-image-preview:large","max-video-preview":"max-video-preview:-1"},"canonical":"https:\/\/www.ferrovial.com\/en-us\/f-construction\/what-we-do\/airport-construction\/","og_locale":"en_US","og_type":"article","og_title":"Airport construction - Ferrovial Agroman","og_description":"Experts in building airports around the world. Ferrovial Agroman has years of experience in the construction sector, which makes it...","og_url":"https:\/\/www.ferrovial.com\/en-us\/f-construction\/what-we-do\/airport-construction\/","og_site_name":"Ferrovial","article_publisher":"https:\/\/www.facebook.com\/ferrovial","article_modified_time":"2022-02-23T12:11:10+00:00","twitter_card":"summary_large_image","twitter_site":"@ferrovial","twitter_misc":{"Est. reading time":"1 minute"},"schema":{"@context":"https:\/\/schema.org","@graph":[{"@type":"WebPage","@id":"https:\/\/www.ferrovial.com\/en-us\/f-construction\/what-we-do\/airport-construction\/","url":"https:\/\/www.ferrovial.com\/en-us\/f-construction\/what-we-do\/airport-construction\/","name":"Airport construction - Ferrovial Agroman","isPartOf":{"@id":"https:\/\/www.ferrovial.com\/en-us\/#website"},"datePublished":"2019-12-12T18:38:52+00:00","dateModified":"2022-02-23T12:11:10+00:00","description":"Experts in building airports around the world. Ferrovial Agroman has years of experience in the construction sector, which makes it...","breadcrumb":{"@id":"https:\/\/www.ferrovial.com\/en-us\/f-construction\/what-we-do\/airport-construction\/#breadcrumb"},"inLanguage":"en-US","potentialAction":[{"@type":"ReadAction","target":["https:\/\/www.ferrovial.com\/en-us\/f-construction\/what-we-do\/airport-construction\/"]}]},{"@type":"BreadcrumbList","@id":"https:\/\/www.ferrovial.com\/en-us\/f-construction\/what-we-do\/airport-construction\/#breadcrumb","itemListElement":[{"@type":"ListItem","position":1,"name":"Portada","item":"https:\/\/www.ferrovial.com\/en-us\/"},{"@type":"ListItem","position":2,"name":"Ferrovial Construction","item":"https:\/\/www.ferrovial.com\/en-us\/f-construction\/"},{"@type":"ListItem","position":3,"name":"What We Do &#8211; Ferrovial Construction","item":"https:\/\/www.ferrovial.com\/en-us\/f-construction\/what-we-do\/"},{"@type":"ListItem","position":4,"name":"Airport Construction"}]},{"@type":"WebSite","@id":"https:\/\/www.ferrovial.com\/en-us\/#website","url":"https:\/\/www.ferrovial.com\/en-us\/","name":"Ferrovial","description":"Welcome to the Ferrovial&#039;s website, global operator of sustainable infrastructure. Here you can find all the information about the company and subsidiaries.","publisher":{"@id":"https:\/\/www.ferrovial.com\/en-us\/#organization"},"potentialAction":[{"@type":"SearchAction","target":{"@type":"EntryPoint","urlTemplate":"https:\/\/www.ferrovial.com\/en-us\/?s={search_term_string}"},"query-input":{"@type":"PropertyValueSpecification","valueRequired":true,"valueName":"search_term_string"}}],"inLanguage":"en-US"},{"@type":"Organization","@id":"https:\/\/www.ferrovial.com\/en-us\/#organization","name":"Ferrovial S.A.","url":"https:\/\/www.ferrovial.com\/en-us\/","logo":{"@type":"ImageObject","inLanguage":"en-US","@id":"https:\/\/www.ferrovial.com\/en-us\/#\/schema\/logo\/image\/","url":"https:\/\/static.ferrovial.com\/wp-content\/uploads\/2020\/01\/13124948\/logo-ferrovial-cf7.png","contentUrl":"https:\/\/static.ferrovial.com\/wp-content\/uploads\/2020\/01\/13124948\/logo-ferrovial-cf7.png","width":144,"height":32,"caption":"Ferrovial S.A."},"image":{"@id":"https:\/\/www.ferrovial.com\/en-us\/#\/schema\/logo\/image\/"},"sameAs":["https:\/\/www.facebook.com\/ferrovial","https:\/\/x.com\/ferrovial","https:\/\/www.instagram.com\/ferrovial\/","https:\/\/www.linkedin.com\/company\/ferrovial","https:\/\/www.pinterest.es\/ferrovial\/","https:\/\/www.youtube.com\/ferrovial","https:\/\/en.wikipedia.org\/wiki\/Ferrovial"]}]}},"_links":{"self":[{"href":"https:\/\/www.ferrovial.com\/en-us\/wp-json\/wp\/v2\/pages\/139198","targetHints":{"allow":["GET"]}}],"collection":[{"href":"https:\/\/www.ferrovial.com\/en-us\/wp-json\/wp\/v2\/pages"}],"about":[{"href":"https:\/\/www.ferrovial.com\/en-us\/wp-json\/wp\/v2\/types\/page"}],"replies":[{"embeddable":true,"href":"https:\/\/www.ferrovial.com\/en-us\/wp-json\/wp\/v2\/comments?post=139198"}],"version-history":[{"count":2,"href":"https:\/\/www.ferrovial.com\/en-us\/wp-json\/wp\/v2\/pages\/139198\/revisions"}],"predecessor-version":[{"id":215970,"href":"https:\/\/www.ferrovial.com\/en-us\/wp-json\/wp\/v2\/pages\/139198\/revisions\/215970"}],"up":[{"embeddable":true,"href":"https:\/\/www.ferrovial.com\/en-us\/wp-json\/wp\/v2\/pages\/69969"}],"wp:attachment":[{"href":"https:\/\/www.ferrovial.com\/en-us\/wp-json\/wp\/v2\/media?parent=139198"}],"curies":[{"name":"wp","href":"https:\/\/api.w.org\/{rel}","templated":true}]}}