{"id":160832,"date":"2020-03-18T10:21:39","date_gmt":"2020-03-18T09:21:39","guid":{"rendered":"https:\/\/www.ferrovial.com\/?page_id=160832"},"modified":"2024-10-08T14:10:18","modified_gmt":"2024-10-08T12:10:18","slug":"world-water-day","status":"publish","type":"page","link":"https:\/\/www.ferrovial.com\/en\/world-water-day\/","title":{"rendered":"World Water Day"},"content":{"rendered":"    <m-hero type='single' :translations='{\n        &quot;play&quot;:&quot;Play background video&quot;,\n        &quot;pause&quot;:&quot;Pause background video&quot;,\n        &quot;prev&quot;:&quot;Previous&quot;,\n        &quot;next&quot;:&quot;Next&quot;,\n        &quot;paginationseparator&quot;:&quot;of&quot;,\n        &quot;goto&quot;:&quot;Go to slide&quot;,\n        &quot;external&quot;:&quot;Open new window&quot;\n    }'>\n            <c-breadcrumb label-text=\"Breadcrumb\" slot=\"breadcrumbs\" type='1' align='left left' wrap='wrapped wrapped'>\n                        <ol>\n\n                                                            <li><a href=\"https:\/\/www.ferrovial.com\/en\/\" title=\"Ferrovial\">Ferrovial<\/a><\/li>\n                                    \n                <\/ol>\n\n                <\/c-breadcrumb>\n    \n                        <div slot=\"carouselItem\">\n                            <c-background-video :sources=\"['https:\/\/static.ferrovial.com\/wp-content\/uploads\/2020\/03\/13125223\/diadelagua_loop2-130320.mp4']\" position=\"center center\" poster=\"https:\/\/static.ferrovial.com\/wp-content\/uploads\/2019\/11\/13140907\/fotobucle-fuente-de-agua-rsc.png\" :translations=\"{&quot;play&quot;:&quot;Play background video&quot;,&quot;pause&quot;:&quot;Pause background video&quot;}\"><\/c-background-video>\n                        <\/div>        <section slot=\"hero\">\n            <article>\n                                        <h1>World Water Day<\/h1>\n                                                <p>Description placeholder<\/p>\n                                    <\/article>\n        <\/section>\n    <\/m-hero>\n\n    \n\n    <m-introduction-subhome type='primary' pathfront='1' pathback='2' icon='agua'>\n        <img decoding=\"async\" class=\"dots hidden\" slot=\"bg\" src=\"https:\/\/www.ferrovial.com\/wp-content\/themes\/global\/front\/dist\/static\/img\/dots.svg\" alt=\"\" \/>\n                        <h3 slot=\"title\">\n                    Stop and think about how many times you\u2019ve used water today.                 <\/h3>\n                                <p slot=\"description\">\n                    To take a shower, to drink, to wash a piece of fruit, to do the laundry. Water is an essential part of our lives and when it\u2019s accessible, it\u2019s easy to take it for granted. But did you know that 3 out of 10 people in the world lack potable water services?                 <\/p>\n                    <\/m-introduction-subhome>\n    \n\n\n<m-wysiwig class=\"wp-block-components-wysiwyg\"><div slot=\"maincontent\">\n<p class=\"has-text-align-center\"> That\u2019s why&nbsp;on <strong>World Water Day<\/strong>, we are highlighting those who haven\u2019t always been so fortunate and how access to clean water has changed their lives.&nbsp;<\/p>\n<\/div><\/m-wysiwig>\n\n\n    <m-cyphers-basic>\n                        <ul slot=\"cyphers\">\n                                                <li>\n                                                                        <p class=\"number\">\n                                            2.2 B                                        <\/p>\n                                                                                <p class=\"post\">\n                                            people without access to potable water                                         <\/p>\n                                                                    <\/li>\n                                                        <li>\n                                                                        <p class=\"number\">\n                                            6                                        <\/p>\n                                                                                <p class=\"post\">\n                                            km \/ average distance traveled for potable water                                        <\/p>\n                                                                    <\/li>\n                                                        <li>\n                                                                        <p class=\"number\">\n                                            4 B                                        <\/p>\n                                                                                <p class=\"post\">\n                                            people without basic sanitation                                        <\/p>\n                                                                    <\/li>\n                                            <\/ul>\n                    <\/m-cyphers-basic>\n\n    \n\n\n<m-wysiwig class=\"wp-block-components-wysiwyg\"><div slot=\"maincontent\"><\/div><\/m-wysiwig>\n\n\n\n<m-wysiwig class=\"wp-block-components-wysiwyg\"><div slot=\"maincontent\">\n<h2 class=\"wp-block-heading\"><strong>Our commitment to the UN Sustainable Development Goals<\/strong><\/h2>\n\n\n\n<p>Access to water and sanitation is <strong>the sixth out of the seventeen Sustainable Development Goals (SDGs) outlined in the United Nations 2030 Agenda and one that seeks a more sustainable and equal world. In addition<\/strong>, the period 2018-2028 has been declared by the UN as the International Decade of &#8220;Water for Sustainable Development&#8221;, as a way to promote initiatives that aim to solve the challenges faced by the planet&#8217;s water resources. A dream we all share in common and one that we are working towards.<\/p>\n\n\n\n<p>As part of <a href=\"https:\/\/www.ferrovial.com\/en\/sustainability\/ods\/\">our commitment to the Sustainable Development Goals<\/a>, we have set SDG n\u00ba 6: access to clean water and sanitation as one of our priorities. By doing so, we identify the best ways to integrate the SDGs into the strategy of the private sector and encourage new companies to join this challenge.<\/p>\n<\/div><\/m-wysiwig>\n\n\n\n<m-wysiwig class=\"wp-block-components-wysiwyg\"><div slot=\"maincontent\">\n<h2 class=\"wp-block-heading\"><strong>Today,&nbsp;we want to give them&nbsp;a&nbsp;voice.&nbsp; <\/strong><\/h2>\n<\/div><\/m-wysiwig>\n\n\n    <m-video >\n                <a class='m-video__modal' slot='modal' href='https:\/\/www.youtube-nocookie.com\/embed\/ptaPcZ0QKQE'>\n            <img slot=\"poster\" v-lazy=\"'http:\/\/img.youtube.com\/vi\/ptaPcZ0QKQE\/maxresdefault.jpg'\" title=\"\" width=\"1280\" height=\"100%\" >\n        <\/a>\n                        <h3 slot=\"title\">\n                    Eber Marino Libreros, San Benito (Colombia)                <\/h3>\n                    <\/m-video>\n    \n\n    <m-video >\n                <a class='m-video__modal' slot='modal' href='https:\/\/www.youtube-nocookie.com\/embed\/xk9TDgTdhxU'>\n            <img slot=\"poster\" v-lazy=\"'http:\/\/img.youtube.com\/vi\/xk9TDgTdhxU\/maxresdefault.jpg'\" title=\"\" width=\"1280\" height=\"100%\" >\n        <\/a>\n                        <h3 slot=\"title\">\n                    Mar\u00eda Em\u00e9rita Risco Sarnaqu\u00e9, Chato Chico (Peru)                <\/h3>\n                    <\/m-video>\n    \n\n    <m-video >\n                <a class='m-video__modal' slot='modal' href='https:\/\/www.youtube-nocookie.com\/embed\/2csaEOtU0Vw'>\n            <img slot=\"poster\" v-lazy=\"'http:\/\/img.youtube.com\/vi\/2csaEOtU0Vw\/maxresdefault.jpg'\" title=\"\" width=\"1280\" height=\"100%\" >\n        <\/a>\n                        <h3 slot=\"title\">\n                    Marta Garc\u00eda, Portugal (Colombia)                <\/h3>\n                    <\/m-video>\n    \n\n    <m-video >\n                <a class='m-video__modal' slot='modal' href='https:\/\/www.youtube-nocookie.com\/embed\/3eYljpOIT38'>\n            <img slot=\"poster\" v-lazy=\"'http:\/\/img.youtube.com\/vi\/3eYljpOIT38\/maxresdefault.jpg'\" title=\"\" width=\"1280\" height=\"100%\" >\n        <\/a>\n                        <h3 slot=\"title\">\n                    Buyende District, Uganda                <\/h3>\n                    <\/m-video>\n    \n\n    <m-video >\n                <a class='m-video__modal' slot='modal' href='https:\/\/www.youtube-nocookie.com\/embed\/IlXaZlaSMxU'>\n            <img slot=\"poster\" v-lazy=\"'http:\/\/img.youtube.com\/vi\/IlXaZlaSMxU\/maxresdefault.jpg'\" title=\"\" width=\"1280\" height=\"100%\" >\n        <\/a>\n                        <h3 slot=\"title\">\n                    Mar\u00eda Ang\u00e9lica Torres, El Salado (Colombia)                <\/h3>\n                    <\/m-video>\n    \n\n    <m-video >\n                <a class='m-video__modal' slot='modal' href='https:\/\/www.youtube-nocookie.com\/embed\/lEbuWvEWl0Y'>\n            <img slot=\"poster\" v-lazy=\"'http:\/\/img.youtube.com\/vi\/lEbuWvEWl0Y\/maxresdefault.jpg'\" title=\"\" width=\"1280\" height=\"100%\" >\n        <\/a>\n                        <h3 slot=\"title\">\n                    Ricardo Navas, Head of CSR Programs at Ferrovial                <\/h3>\n                    <\/m-video>\n    \n\n\n    <m-distributor-basic bgimg='https:\/\/static.ferrovial.com\/wp-content\/uploads\/2019\/12\/13140927\/infraestructuras-sociales-rsc-camisetas.jpg'>\n                        <h3 slot=\"title\">\n                    Social Infrastructure                <\/h3>\n                                <p slot=\"text\">\n                    Is a development program with the goal of improving access to potable water and sanitation.                <\/p>\n                                    <c-button slot='cta' type='primary' disabled='false' href='#'>\n                        <span>More information here<\/span>\n                                        <\/c-button>\n                    \n        \n\n    <\/m-distributor-basic>\n    \n\n    <m-projects-distributor2 :translations='{\n        &quot;prev&quot;:&quot;Previous&quot;,\n        &quot;next&quot;:&quot;Next&quot;,\n        &quot;paginationseparator&quot;:&quot;of&quot;\n    }'>\n                        <h2 slot=\"label\">\n                    World Water Day                <\/h2>\n                                <h3 slot=\"title\">\n                Projects                <\/h3>\n                        <a slot='button' title='All CSR Projects Here' href='https:\/\/www.ferrovial.com\/en\/business-lines\/projects\/'>\n            All CSR Projects Here        <\/a>\n\n                            <c-card slot=\"carouselItems\" type=\"type-1\" link=\"https:\/\/www.ferrovial.com\/en\/business\/projects\/design-and-construction-of-the-bucaramanga-barrancabermeja-yondo-bby-toll-road-colombia\/\"  >\n                                                <img slot='background' src='https:\/\/static.ferrovial.com\/wp-content\/uploads\/2019\/12\/13131709\/ruta-del-cacao-tramo-acabado-360x640.png' alt='autopista Ruta del Cacao en colombia, tramo acabado' \/>\n                                                        <h3 slot=\"title\" role=\"listitem\">\n                                    Ruta del Cacao, Colombia                                <\/h3>\n                                                                                <c-link slot=\"link\" type=\"negative\">\n                            <a href=\"https:\/\/www.ferrovial.com\/en\/business\/projects\/design-and-construction-of-the-bucaramanga-barrancabermeja-yondo-bby-toll-road-colombia\/\">\n                                Discover the project                            <\/a>\n                        <\/c-link>\n                    <\/c-card>\n                                        <c-card slot=\"carouselItems\" type=\"type-1\" link=\"https:\/\/www.ferrovial.com\/en\/business\/projects\/improve-access-to-drinking-water-for-15-communities-in-the-buyende-district\/\"  >\n                                                <img slot='background' src='https:\/\/static.ferrovial.com\/wp-content\/uploads\/2019\/09\/13135438\/acceso-agua-potable-distrito-de-buyende-uganda-plan-garrafas-agua-360x640.jpg' alt='acceso-agua-potable-distrito-de-buyende-uganda-plan-garrafas-agua.jpg' \/>\n                                                        <h3 slot=\"title\" role=\"listitem\">\n                                    Buyende, Uganda                                <\/h3>\n                                                                                <c-link slot=\"link\" type=\"negative\">\n                            <a href=\"https:\/\/www.ferrovial.com\/en\/business\/projects\/improve-access-to-drinking-water-for-15-communities-in-the-buyende-district\/\">\n                                Discover the project                            <\/a>\n                        <\/c-link>\n                    <\/c-card>\n                                        <c-card slot=\"carouselItems\" type=\"type-1\" link=\"https:\/\/www.ferrovial.com\/en\/business\/projects\/drinking-water-for-a-decent-life-in-the-population-centre-of-el-salado-bolivar\/\"  >\n                                                <img slot='background' src='https:\/\/static.ferrovial.com\/wp-content\/uploads\/2019\/09\/13142635\/drinking-water-population-el-salado-bolivar-ayuda-en-accion-5-360x640.jpg' alt='Poblado El Salado en Bol\u00edvar' \/>\n                                                        <h3 slot=\"title\" role=\"listitem\">\n                                    El Salado, Colombia                                <\/h3>\n                                                                                <c-link slot=\"link\" type=\"negative\">\n                            <a href=\"https:\/\/www.ferrovial.com\/en\/business\/projects\/drinking-water-for-a-decent-life-in-the-population-centre-of-el-salado-bolivar\/\">\n                                Discover the project                            <\/a>\n                        <\/c-link>\n                    <\/c-card>\n                        <\/m-projects-distributor2>\n\n    \n\n    <m-distributor-news  >\n                        <h2 slot=\"title\">Related Blog Articles<\/h2>\n                                        <div slot=\"report\">\n                            <h3><a href=\"https:\/\/www.ferrovial.com\/en\/ir-shareholders\/significant-events\/ferrovial-announces-the-effectiveness-of-the-conversion-of-its-legal-form-from-a-european-company-se-to-a-dutch-public-limited-company-n-v\/\" target='_blank' title=\"Ferrovial announces the effectiveness of the conversion of its legal form from a European company (SE) to a Dutch public limited company (N.V.)\">Ferrovial announces the effectiveness of the conversion of its legal form from a European company (SE) to a Dutch public limited company (N.V.)<\/a><\/h3>\n                                                                <span>04\/30\/2026<\/span>\n                                                            <\/div>\n                                                <div slot=\"report\">\n                            <h3><a href=\"https:\/\/www.ferrovial.com\/en\/ir-shareholders\/significant-events\/transactions-carried-out-by-ferrovial-between-20-and-24-april-2026-under-its-share-repurchase-program\/\" target='_blank' title=\"Transactions carried out by Ferrovial between 20\u00a0and 24 April 2026\u00a0under its share repurchase program\">Transactions carried out by Ferrovial between 20\u00a0and 24 April 2026\u00a0under its share repurchase program<\/a><\/h3>\n                                                                <span>04\/28\/2026<\/span>\n                                                            <\/div>\n                                                <div slot=\"report\">\n                            <h3><a href=\"https:\/\/www.linkedin.com\/posts\/ferrovial_estamos-de-enhorabuena-hemos-recibido-activity-7452740668948611072-ZXjE?utm_source=share&#038;utm_medium=member_desktop&#038;rcm=ACoAABFoZiQBZHWOfqQEVvusnrFKpCwaK03tAEs\" target='_blank' title=\"IV Business Law Awards\">IV Business Law Awards<\/a><\/h3>\n                                                                <span>04\/27\/2026<\/span>\n                                                                        <ul>\n                                        <li>Award<\/li>\n                                    <\/ul>\n                                                            <\/div>\n                                                <div slot=\"report\">\n                            <h3><a href=\"https:\/\/www.ferrovial.com\/en\/ir-shareholders\/significant-events\/transactions-carried-out-by-ferrovial-between-13-and-17-april-2026-under-its-share-repurchase-program\/\" target='_blank' title=\"Transactions carried out by Ferrovial between 13\u00a0and 17 April 2026\u00a0under its share repurchase program\">Transactions carried out by Ferrovial between 13\u00a0and 17 April 2026\u00a0under its share repurchase program<\/a><\/h3>\n                                                                <span>04\/21\/2026<\/span>\n                                                            <\/div>\n                            <\/m-distributor-news>\n    ","protected":false},"excerpt":{"rendered":"","protected":false},"featured_media":0,"parent":0,"menu_order":0,"comment_status":"closed","ping_status":"closed","template":"","meta":{"_acf_changed":false,"footnotes":""},"class_list":["post-160832","page","type-page","status-publish","hentry"],"acf":[],"yoast_head":"<!-- This site is optimized with the Yoast SEO plugin v27.2 - https:\/\/yoast.com\/product\/yoast-seo-wordpress\/ -->\n<title>World Water Day - Ferrovial<\/title>\n<meta name=\"description\" content=\"Welcome to the Ferrovial&#039;s website, global operator of sustainable infrastructure. Here you can find all the information about the company and subsidiaries.\" \/>\n<meta name=\"robots\" content=\"index, follow, max-snippet:-1, max-image-preview:large, max-video-preview:-1\" \/>\n<link rel=\"canonical\" href=\"https:\/\/www.ferrovial.com\/en\/world-water-day\/\" \/>\n<meta property=\"og:locale\" content=\"en_US\" \/>\n<meta property=\"og:type\" content=\"article\" \/>\n<meta property=\"og:title\" content=\"World Water Day - Ferrovial\" \/>\n<meta property=\"og:description\" content=\"Welcome to the Ferrovial&#039;s website, global operator of sustainable infrastructure. Here you can find all the information about the company and subsidiaries.\" \/>\n<meta property=\"og:url\" content=\"https:\/\/www.ferrovial.com\/en\/world-water-day\/\" \/>\n<meta property=\"og:site_name\" content=\"Ferrovial\" \/>\n<meta property=\"article:publisher\" content=\"https:\/\/www.facebook.com\/ferrovial\" \/>\n<meta property=\"article:modified_time\" content=\"2024-10-08T12:10:18+00:00\" \/>\n<meta property=\"og:image\" content=\"https:\/\/www.ferrovial.com\/wp-content\/themes\/global\/front\/dist\/static\/img\/dots.svg\" \/>\n<meta name=\"twitter:card\" content=\"summary_large_image\" \/>\n<meta name=\"twitter:site\" content=\"@ferrovial\" \/>\n<meta name=\"twitter:label1\" content=\"Est. reading time\" \/>\n\t<meta name=\"twitter:data1\" content=\"2 minutes\" \/>\n<!-- \/ Yoast SEO plugin. -->","yoast_head_json":{"title":"World Water Day - Ferrovial","description":"Welcome to the Ferrovial's website, global operator of sustainable infrastructure. Here you can find all the information about the company and subsidiaries.","robots":{"index":"index","follow":"follow","max-snippet":"max-snippet:-1","max-image-preview":"max-image-preview:large","max-video-preview":"max-video-preview:-1"},"canonical":"https:\/\/www.ferrovial.com\/en\/world-water-day\/","og_locale":"en_US","og_type":"article","og_title":"World Water Day - Ferrovial","og_description":"Welcome to the Ferrovial's website, global operator of sustainable infrastructure. Here you can find all the information about the company and subsidiaries.","og_url":"https:\/\/www.ferrovial.com\/en\/world-water-day\/","og_site_name":"Ferrovial","article_publisher":"https:\/\/www.facebook.com\/ferrovial","article_modified_time":"2024-10-08T12:10:18+00:00","og_image":[{"url":"https:\/\/www.ferrovial.com\/wp-content\/themes\/global\/front\/dist\/static\/img\/dots.svg","type":"","width":"","height":""}],"twitter_card":"summary_large_image","twitter_site":"@ferrovial","twitter_misc":{"Est. reading time":"2 minutes"},"schema":{"@context":"https:\/\/schema.org","@graph":[{"@type":"WebPage","@id":"https:\/\/www.ferrovial.com\/en\/world-water-day\/","url":"https:\/\/www.ferrovial.com\/en\/world-water-day\/","name":"World Water Day - Ferrovial","isPartOf":{"@id":"https:\/\/www.ferrovial.com\/en\/#website"},"primaryImageOfPage":{"@id":"https:\/\/www.ferrovial.com\/en\/world-water-day\/#primaryimage"},"image":{"@id":"https:\/\/www.ferrovial.com\/en\/world-water-day\/#primaryimage"},"thumbnailUrl":"https:\/\/www.ferrovial.com\/wp-content\/themes\/global\/front\/dist\/static\/img\/dots.svg","datePublished":"2020-03-18T09:21:39+00:00","dateModified":"2024-10-08T12:10:18+00:00","description":"Welcome to the Ferrovial's website, global operator of sustainable infrastructure. Here you can find all the information about the company and subsidiaries.","breadcrumb":{"@id":"https:\/\/www.ferrovial.com\/en\/world-water-day\/#breadcrumb"},"inLanguage":"en","potentialAction":[{"@type":"ReadAction","target":["https:\/\/www.ferrovial.com\/en\/world-water-day\/"]}]},{"@type":"ImageObject","inLanguage":"en","@id":"https:\/\/www.ferrovial.com\/en\/world-water-day\/#primaryimage","url":"https:\/\/www.ferrovial.com\/wp-content\/themes\/global\/front\/dist\/static\/img\/dots.svg","contentUrl":"https:\/\/www.ferrovial.com\/wp-content\/themes\/global\/front\/dist\/static\/img\/dots.svg"},{"@type":"BreadcrumbList","@id":"https:\/\/www.ferrovial.com\/en\/world-water-day\/#breadcrumb","itemListElement":[{"@type":"ListItem","position":1,"name":"Portada","item":"https:\/\/www.ferrovial.com\/en\/"},{"@type":"ListItem","position":2,"name":"World Water Day"}]},{"@type":"WebSite","@id":"https:\/\/www.ferrovial.com\/en\/#website","url":"https:\/\/www.ferrovial.com\/en\/","name":"Ferrovial","description":"Welcome to the Ferrovial&#039;s website, global operator of sustainable infrastructure. Here you can find all the information about the company and subsidiaries.","publisher":{"@id":"https:\/\/www.ferrovial.com\/en\/#organization"},"potentialAction":[{"@type":"SearchAction","target":{"@type":"EntryPoint","urlTemplate":"https:\/\/www.ferrovial.com\/en\/?s={search_term_string}"},"query-input":{"@type":"PropertyValueSpecification","valueRequired":true,"valueName":"search_term_string"}}],"inLanguage":"en"},{"@type":"Organization","@id":"https:\/\/www.ferrovial.com\/en\/#organization","name":"Ferrovial S.A.","url":"https:\/\/www.ferrovial.com\/en\/","logo":{"@type":"ImageObject","inLanguage":"en","@id":"https:\/\/www.ferrovial.com\/en\/#\/schema\/logo\/image\/","url":"https:\/\/static.ferrovial.com\/wp-content\/uploads\/2020\/01\/13124948\/logo-ferrovial-cf7.png","contentUrl":"https:\/\/static.ferrovial.com\/wp-content\/uploads\/2020\/01\/13124948\/logo-ferrovial-cf7.png","width":144,"height":32,"caption":"Ferrovial S.A."},"image":{"@id":"https:\/\/www.ferrovial.com\/en\/#\/schema\/logo\/image\/"},"sameAs":["https:\/\/www.facebook.com\/ferrovial","https:\/\/x.com\/ferrovial","https:\/\/www.instagram.com\/ferrovial\/","https:\/\/www.linkedin.com\/company\/ferrovial","https:\/\/www.pinterest.es\/ferrovial\/","https:\/\/www.youtube.com\/ferrovial","https:\/\/en.wikipedia.org\/wiki\/Ferrovial"]}]}},"_links":{"self":[{"href":"https:\/\/www.ferrovial.com\/en\/wp-json\/wp\/v2\/pages\/160832","targetHints":{"allow":["GET"]}}],"collection":[{"href":"https:\/\/www.ferrovial.com\/en\/wp-json\/wp\/v2\/pages"}],"about":[{"href":"https:\/\/www.ferrovial.com\/en\/wp-json\/wp\/v2\/types\/page"}],"replies":[{"embeddable":true,"href":"https:\/\/www.ferrovial.com\/en\/wp-json\/wp\/v2\/comments?post=160832"}],"version-history":[{"count":3,"href":"https:\/\/www.ferrovial.com\/en\/wp-json\/wp\/v2\/pages\/160832\/revisions"}],"predecessor-version":[{"id":289895,"href":"https:\/\/www.ferrovial.com\/en\/wp-json\/wp\/v2\/pages\/160832\/revisions\/289895"}],"wp:attachment":[{"href":"https:\/\/www.ferrovial.com\/en\/wp-json\/wp\/v2\/media?parent=160832"}],"curies":[{"name":"wp","href":"https:\/\/api.w.org\/{rel}","templated":true}]}}