{"id":205139,"date":"2021-10-28T14:07:23","date_gmt":"2021-10-28T12:07:23","guid":{"rendered":"https:\/\/www.ferrovial.com\/?page_id=205139"},"modified":"2024-01-12T13:35:49","modified_gmt":"2024-01-12T12:35:49","slug":"ceo-energy-infrastructure-mobility","status":"publish","type":"page","link":"https:\/\/www.ferrovial.com\/en\/company\/about-us\/management-committee\/ceo-energy-infrastructure-mobility\/","title":{"rendered":"Mar\u00eda Jos\u00e9\u00a0Esteruelas, CEO of Ferrovial Energy"},"content":{"rendered":"    <m-final-content-header >\n            <c-breadcrumb label-text=\"Breadcrumb\" slot=\"breadcrumbs\" type='2' align='left' wrap='wrapped wrapped' aria-label='You came from Management Committee'>\n                        <ol>\n\n                                                            <li><a href=\"https:\/\/www.ferrovial.com\/en\/\" title=\"Ferrovial\">Ferrovial<\/a><\/li>\n                                                                        <li><a href=\"https:\/\/www.ferrovial.com\/en\/company\/\" title=\"About Us\">About Us<\/a><\/li>\n                                                                        <li><a href=\"https:\/\/www.ferrovial.com\/en\/company\/about-us\/\" title=\"Our Company\">Our Company<\/a><\/li>\n                                                                        <li><a href=\"https:\/\/www.ferrovial.com\/en\/company\/about-us\/management-committee\/\" title=\"Management Committee\">Management Committee<\/a><\/li>\n                                    \n                <\/ol>\n\n                <\/c-breadcrumb>\n    \n        <div slot=\"header\">\n            <h1>\n                CEO of Ferrovial Energy            <\/h1>\n                    <\/div>\n    <\/m-final-content-header>\n\n    \n\n\n<m-wysiwig class=\"wp-block-components-wysiwyg\"><div slot=\"maincontent\">\n<h2 class=\"wp-block-heading\">Mar\u00eda Jos\u00e9\u00a0Esteruelas<\/h2>\n\n\n\n<figure class=\"wp-block-image size-large\"><img v-lazy=\"'https:\/\/static.ferrovial.com\/wp-content\/uploads\/2024\/01\/12133106\/maria-jose-esteruelas-ceo-ferrovial-energia-1024x799.jpg'\" alt=\"Mar\u00eda Jos\u00e9 Esteruelas CEO Ferrovial Energ\u00eda\" class=\"wp-image-274080\"\/><\/figure>\n\n\n\n<p>Mar\u00eda Jos\u00e9\u00a0Esteruelas is an Industrial\u00a0Electrical\u00a0Engineering\u00a0from ICAI\u00a0(Comillas Pontifical University, Madrid), Master&#8217;s Degree in Operations Management from IE Business School and a PDG from IESE Business School.<\/p>\n\n\n\n<p>She joined Ferrovial in 2021 as Managing Director of Energy Solutions.<\/p>\n\n\n\n<p>Previously, she developed her career in Abengoa, where she has held various positions in different areas, including Director of Concessions, Director of Latin America, Director of the Energy Division, Director of the Americas Region and member of the Executive Committee. Since February 2019, she was a member of the Board of Directors of Applus+.<\/p>\n\n\n\n<p><br><\/p>\n<\/div><\/m-wysiwig>\n","protected":false},"excerpt":{"rendered":"","protected":false},"featured_media":0,"parent":39478,"menu_order":0,"comment_status":"closed","ping_status":"closed","template":"","meta":{"_acf_changed":false,"footnotes":""},"class_list":["post-205139","page","type-page","status-publish","hentry"],"acf":[],"yoast_head":"<!-- This site is optimized with the Yoast SEO plugin v27.2 - https:\/\/yoast.com\/product\/yoast-seo-wordpress\/ -->\n<title>Mar\u00eda Jos\u00e9\u00a0Esteruelas, CEO of Ferrovial Energy - Ferrovial<\/title>\n<meta name=\"description\" content=\"Welcome to the Ferrovial&#039;s website, global operator of sustainable infrastructure. Here you can find all the information about the company and subsidiaries.\" \/>\n<meta name=\"robots\" content=\"index, follow, max-snippet:-1, max-image-preview:large, max-video-preview:-1\" \/>\n<link rel=\"canonical\" href=\"https:\/\/www.ferrovial.com\/en\/company\/about-us\/management-committee\/ceo-energy-infrastructure-mobility\/\" \/>\n<meta property=\"og:locale\" content=\"en_US\" \/>\n<meta property=\"og:type\" content=\"article\" \/>\n<meta property=\"og:title\" content=\"Mar\u00eda Jos\u00e9\u00a0Esteruelas, CEO of Ferrovial Energy - Ferrovial\" \/>\n<meta property=\"og:description\" content=\"Welcome to the Ferrovial&#039;s website, global operator of sustainable infrastructure. Here you can find all the information about the company and subsidiaries.\" \/>\n<meta property=\"og:url\" content=\"https:\/\/www.ferrovial.com\/en\/company\/about-us\/management-committee\/ceo-energy-infrastructure-mobility\/\" \/>\n<meta property=\"og:site_name\" content=\"Ferrovial\" \/>\n<meta property=\"article:publisher\" content=\"https:\/\/www.facebook.com\/ferrovial\" \/>\n<meta property=\"article:modified_time\" content=\"2024-01-12T12:35:49+00:00\" \/>\n<meta property=\"og:image\" content=\"https:\/\/www.ferrovial.com\/wp-content\/uploads\/2024\/01\/maria-jose-esteruelas-ceo-ferrovial-energia-1024x799.jpg\" \/>\n<meta name=\"twitter:card\" content=\"summary_large_image\" \/>\n<meta name=\"twitter:site\" content=\"@ferrovial\" \/>\n<meta name=\"twitter:label1\" content=\"Est. reading time\" \/>\n\t<meta name=\"twitter:data1\" content=\"1 minute\" \/>\n<!-- \/ Yoast SEO plugin. -->","yoast_head_json":{"title":"Mar\u00eda Jos\u00e9\u00a0Esteruelas, CEO of Ferrovial Energy - Ferrovial","description":"Welcome to the Ferrovial's website, global operator of sustainable infrastructure. Here you can find all the information about the company and subsidiaries.","robots":{"index":"index","follow":"follow","max-snippet":"max-snippet:-1","max-image-preview":"max-image-preview:large","max-video-preview":"max-video-preview:-1"},"canonical":"https:\/\/www.ferrovial.com\/en\/company\/about-us\/management-committee\/ceo-energy-infrastructure-mobility\/","og_locale":"en_US","og_type":"article","og_title":"Mar\u00eda Jos\u00e9\u00a0Esteruelas, CEO of Ferrovial Energy - Ferrovial","og_description":"Welcome to the Ferrovial's website, global operator of sustainable infrastructure. Here you can find all the information about the company and subsidiaries.","og_url":"https:\/\/www.ferrovial.com\/en\/company\/about-us\/management-committee\/ceo-energy-infrastructure-mobility\/","og_site_name":"Ferrovial","article_publisher":"https:\/\/www.facebook.com\/ferrovial","article_modified_time":"2024-01-12T12:35:49+00:00","og_image":[{"url":"https:\/\/www.ferrovial.com\/wp-content\/uploads\/2024\/01\/maria-jose-esteruelas-ceo-ferrovial-energia-1024x799.jpg","type":"","width":"","height":""}],"twitter_card":"summary_large_image","twitter_site":"@ferrovial","twitter_misc":{"Est. reading time":"1 minute"},"schema":{"@context":"https:\/\/schema.org","@graph":[{"@type":"WebPage","@id":"https:\/\/www.ferrovial.com\/en\/company\/about-us\/management-committee\/ceo-energy-infrastructure-mobility\/","url":"https:\/\/www.ferrovial.com\/en\/company\/about-us\/management-committee\/ceo-energy-infrastructure-mobility\/","name":"Mar\u00eda Jos\u00e9\u00a0Esteruelas, CEO of Ferrovial Energy - Ferrovial","isPartOf":{"@id":"https:\/\/www.ferrovial.com\/en\/#website"},"primaryImageOfPage":{"@id":"https:\/\/www.ferrovial.com\/en\/company\/about-us\/management-committee\/ceo-energy-infrastructure-mobility\/#primaryimage"},"image":{"@id":"https:\/\/www.ferrovial.com\/en\/company\/about-us\/management-committee\/ceo-energy-infrastructure-mobility\/#primaryimage"},"thumbnailUrl":"https:\/\/www.ferrovial.com\/wp-content\/uploads\/2024\/01\/maria-jose-esteruelas-ceo-ferrovial-energia-1024x799.jpg","datePublished":"2021-10-28T12:07:23+00:00","dateModified":"2024-01-12T12:35:49+00:00","description":"Welcome to the Ferrovial's website, global operator of sustainable infrastructure. Here you can find all the information about the company and subsidiaries.","breadcrumb":{"@id":"https:\/\/www.ferrovial.com\/en\/company\/about-us\/management-committee\/ceo-energy-infrastructure-mobility\/#breadcrumb"},"inLanguage":"en","potentialAction":[{"@type":"ReadAction","target":["https:\/\/www.ferrovial.com\/en\/company\/about-us\/management-committee\/ceo-energy-infrastructure-mobility\/"]}]},{"@type":"ImageObject","inLanguage":"en","@id":"https:\/\/www.ferrovial.com\/en\/company\/about-us\/management-committee\/ceo-energy-infrastructure-mobility\/#primaryimage","url":"https:\/\/www.ferrovial.com\/wp-content\/uploads\/2024\/01\/maria-jose-esteruelas-ceo-ferrovial-energia-1024x799.jpg","contentUrl":"https:\/\/www.ferrovial.com\/wp-content\/uploads\/2024\/01\/maria-jose-esteruelas-ceo-ferrovial-energia-1024x799.jpg"},{"@type":"BreadcrumbList","@id":"https:\/\/www.ferrovial.com\/en\/company\/about-us\/management-committee\/ceo-energy-infrastructure-mobility\/#breadcrumb","itemListElement":[{"@type":"ListItem","position":1,"name":"Portada","item":"https:\/\/www.ferrovial.com\/en\/"},{"@type":"ListItem","position":2,"name":"About Us","item":"https:\/\/www.ferrovial.com\/en\/company\/"},{"@type":"ListItem","position":3,"name":"Our Company","item":"https:\/\/www.ferrovial.com\/en\/company\/about-us\/"},{"@type":"ListItem","position":4,"name":"Management Committee","item":"https:\/\/www.ferrovial.com\/en\/company\/about-us\/management-committee\/"},{"@type":"ListItem","position":5,"name":"Mar\u00eda Jos\u00e9\u00a0Esteruelas, CEO of Ferrovial Energy"}]},{"@type":"WebSite","@id":"https:\/\/www.ferrovial.com\/en\/#website","url":"https:\/\/www.ferrovial.com\/en\/","name":"Ferrovial","description":"Welcome to the Ferrovial&#039;s website, global operator of sustainable infrastructure. Here you can find all the information about the company and subsidiaries.","publisher":{"@id":"https:\/\/www.ferrovial.com\/en\/#organization"},"potentialAction":[{"@type":"SearchAction","target":{"@type":"EntryPoint","urlTemplate":"https:\/\/www.ferrovial.com\/en\/?s={search_term_string}"},"query-input":{"@type":"PropertyValueSpecification","valueRequired":true,"valueName":"search_term_string"}}],"inLanguage":"en"},{"@type":"Organization","@id":"https:\/\/www.ferrovial.com\/en\/#organization","name":"Ferrovial S.A.","url":"https:\/\/www.ferrovial.com\/en\/","logo":{"@type":"ImageObject","inLanguage":"en","@id":"https:\/\/www.ferrovial.com\/en\/#\/schema\/logo\/image\/","url":"https:\/\/static.ferrovial.com\/wp-content\/uploads\/2020\/01\/13124948\/logo-ferrovial-cf7.png","contentUrl":"https:\/\/static.ferrovial.com\/wp-content\/uploads\/2020\/01\/13124948\/logo-ferrovial-cf7.png","width":144,"height":32,"caption":"Ferrovial S.A."},"image":{"@id":"https:\/\/www.ferrovial.com\/en\/#\/schema\/logo\/image\/"},"sameAs":["https:\/\/www.facebook.com\/ferrovial","https:\/\/x.com\/ferrovial","https:\/\/www.instagram.com\/ferrovial\/","https:\/\/www.linkedin.com\/company\/ferrovial","https:\/\/www.pinterest.es\/ferrovial\/","https:\/\/www.youtube.com\/ferrovial","https:\/\/en.wikipedia.org\/wiki\/Ferrovial"]}]}},"_links":{"self":[{"href":"https:\/\/www.ferrovial.com\/en\/wp-json\/wp\/v2\/pages\/205139","targetHints":{"allow":["GET"]}}],"collection":[{"href":"https:\/\/www.ferrovial.com\/en\/wp-json\/wp\/v2\/pages"}],"about":[{"href":"https:\/\/www.ferrovial.com\/en\/wp-json\/wp\/v2\/types\/page"}],"replies":[{"embeddable":true,"href":"https:\/\/www.ferrovial.com\/en\/wp-json\/wp\/v2\/comments?post=205139"}],"version-history":[{"count":2,"href":"https:\/\/www.ferrovial.com\/en\/wp-json\/wp\/v2\/pages\/205139\/revisions"}],"predecessor-version":[{"id":274090,"href":"https:\/\/www.ferrovial.com\/en\/wp-json\/wp\/v2\/pages\/205139\/revisions\/274090"}],"up":[{"embeddable":true,"href":"https:\/\/www.ferrovial.com\/en\/wp-json\/wp\/v2\/pages\/39478"}],"wp:attachment":[{"href":"https:\/\/www.ferrovial.com\/en\/wp-json\/wp\/v2\/media?parent=205139"}],"curies":[{"name":"wp","href":"https:\/\/api.w.org\/{rel}","templated":true}]}}