{"id":220775,"date":"2022-04-13T12:02:04","date_gmt":"2022-04-13T10:02:04","guid":{"rendered":"https:\/\/www.ferrovial.com\/?page_id=220775"},"modified":"2025-07-04T13:09:57","modified_gmt":"2025-07-04T11:09:57","slug":"viaduct","status":"publish","type":"page","link":"https:\/\/www.ferrovial.com\/en\/resources\/viaduct\/","title":{"rendered":"Viaduct"},"content":{"rendered":"    <m-final-content-header >\n            <c-breadcrumb label-text=\"Breadcrumb\" slot=\"breadcrumbs\" type='2' align='left' wrap='wrapped wrapped' aria-label='You came from Resources'>\n                        <ol>\n\n                                                            <li><a href=\"https:\/\/www.ferrovial.com\/en\/\" title=\"Ferrovial\">Ferrovial<\/a><\/li>\n                                                                        <li><a href=\"https:\/\/www.ferrovial.com\/en\/resources\/\" title=\"Resources\">Resources<\/a><\/li>\n                                    \n                <\/ol>\n\n                <\/c-breadcrumb>\n    \n        <div slot=\"header\">\n            <h1>\n                What is a viaduct?            <\/h1>\n                    <\/div>\n    <\/m-final-content-header>\n\n    \n\n\n<m-wysiwig class=\"wp-block-components-wysiwyg\"><div slot=\"maincontent\">\n<p>A viaduct is a feat of engineering that connects the end of one road to another over a hollow or valley. Its infrastructure generally consists of a highly resistant surface designed to ensure the passage of a large number of people, either on foot or in vehicles.<\/p>\n\n\n\n<p>The word is derived from two Latin words: <em>via<\/em>, which means &#8220;way,&#8221; and <em>ductus<\/em>, which means &#8220;driving.&#8221; <strong>Their shape is similar to the aqueducts built in ancient Rome, with the arched shape and symmetrical proportion<\/strong>.<\/p>\n\n\n\n<h2 class=\"wp-block-heading\">The difference between a bridge and a viaduct<\/h2>\n\n\n\n<p>The main difference between a bridge and a viaduct is the span. While a bridge ensures passage from one place to another over an obstacle or body of water, viaducts also create paths through various natural features, such as valleys or ravines, and they may even be located over other civil works, such as avenues, streets, and of course, bridges.<\/p>\n\n\n\n<p>Simply put: any <strong>viaduct can be considered a bridge, but not all bridges are viaducts<\/strong>. To test this statement out, let&#8217;s look at two different structures: Madrid&#8217;s Segovia Viaduct and the Centennial Bridge in Santiago, Chile.<\/p>\n\n\n\n<p><strong>The Segovia Viaduct<\/strong><\/p>\n\n\n\n<p>This viaduct is located at the extension of Calle de Bail\u00e9n and crosses over Calle de Segovia. Its purpose is to provide safe passage over the ravine located in the city. This civil engineering work connects important points in the city of Madrid, and it&#8217;s a reference point for those who live in the area.<\/p>\n\n\n\n<p>It came out of the need to have a way across the San Pedro stream. Though it wasn&#8217;t built until the 19th century, the project is known to have existed early as 1730. Finally, construction began in 1870, ending four years later with a structure made of wood and iron.&nbsp;<\/p>\n\n\n\n<p>The Segovia Viaduct has undergone various renovations throughout its history. The last one took place in 1974 and included construction of a new concrete and granite structure.<\/p>\n\n\n\n<p><strong>Santiago de Chile Viaduct<\/strong><\/p>\n\n\n\n<p>It is located in the commune of Vitacura, located in the municipality of Santiago; its actual name is Puente Centenario (the Centennial Bridge). It measures 195 meters in all and crosses the Mapocho River. The viaduct is designed for vehicular use and comprises three different highways: the Acceso Nororiente, the Costanera Norte, and the Vespucio Oriente.<\/p>\n\n\n\n<p>Both examples are civil works that share the same fundamental characteristic: withstanding heavy traffic and constant use, in addition to ensuring the safety of those who use them while getting around.<\/p>\n\n\n\n<h2 class=\"wp-block-heading\">What are the most impressive viaducts in the world?<\/h2>\n\n\n\n<ul class=\"wp-block-list\">\n<li><strong>The Millau Viaduct<\/strong>, southern France. It&#8217;s almost two and a half kilometers long and reaches 343 meters in height. The project started in 1987 and finally opened in 2004. It cost \u20ac320 million and, as of 2010, 4.5 million vehicles drove over it each year.<\/li>\n\n\n\n<li><strong>Vasco da Gama Bridge<\/strong>, in Portugal. This is the second-longest bridge in Europe, measuring 17.3 km long (11.5 km of which is the viaduct). It has spanned the Tagus River since 1998. Building it required 300 families to move.<\/li>\n\n\n\n<li><strong>Duge Bridge<\/strong>, in China. This is the highest bridge in the world at 565 meters, and it measures 1,340 meters in length. It&#8217;s part of the G56 Hangzhou-Ruili Expressway, and it has shortened travel times by about an hour since it opened in 2016.<\/li>\n\n\n\n<li><strong>Golden Gate Bridge<\/strong>, in the United States. This is one of the most famous viaducts in the world. It was built from 1933 to 1937 in response to the exponential increase in vehicular traffic after World War I.<\/li>\n<\/ul>\n\n\n\n<h2 class=\"wp-block-heading\">Fun facts<\/h2>\n\n\n\n<ul class=\"wp-block-list\">\n<li>The first Segovia Viaduct&#8217;s inauguration in 1874 coincided with Pedro Calder\u00f3n de la Barca&#8217;s remains being transferred to the San Nicol\u00e1s cemetery.<\/li>\n\n\n\n<li>Due to the high annual suicide rate on the Segovia Viaduct, it is also colloquially known as &#8220;the suicide bridge.&#8221;<\/li>\n\n\n\n<li>One of the most important characteristics of the Ormaiztegui viaduct in the Basque Country is that the person in charge of its construction was famous engineer Alexandre Lavalley, Gustave Eiffel&#8217;s predecessor.<\/li>\n\n\n\n<li>The Sankey Valley Viaduct in England was the world&#8217;s first railway viaduct.<\/li>\n\n\n\n<li>The Miguel Alem\u00e1n viaduct&#8217;s current location in Mexico City was once the site of one of the 70 rivers that flowed into Lake Tenochtitl\u00e1n before the arrival of Hern\u00e1n Cort\u00e9s.<\/li>\n<\/ul>\n<\/div><\/m-wysiwig>\n\n\n\n<p><\/p>\n","protected":false},"excerpt":{"rendered":"","protected":false},"featured_media":0,"parent":172,"menu_order":0,"comment_status":"closed","ping_status":"closed","template":"","meta":{"_acf_changed":false,"footnotes":""},"class_list":["post-220775","page","type-page","status-publish","hentry"],"acf":[],"yoast_head":"<!-- This site is optimized with the Yoast SEO plugin v27.2 - https:\/\/yoast.com\/product\/yoast-seo-wordpress\/ -->\n<title>Viaduct - Ferrovial<\/title>\n<meta name=\"description\" content=\"A viaduct is a feat of engineering that connects the end of one road to another over a hollow or valley.\" \/>\n<meta name=\"robots\" content=\"index, follow, max-snippet:-1, max-image-preview:large, max-video-preview:-1\" \/>\n<link rel=\"canonical\" href=\"https:\/\/www.ferrovial.com\/en\/resources\/viaduct\/\" \/>\n<meta property=\"og:locale\" content=\"en_US\" \/>\n<meta property=\"og:type\" content=\"article\" \/>\n<meta property=\"og:title\" content=\"Viaduct - Ferrovial\" \/>\n<meta property=\"og:description\" content=\"A viaduct is a feat of engineering that connects the end of one road to another over a hollow or valley.\" \/>\n<meta property=\"og:url\" content=\"https:\/\/www.ferrovial.com\/en\/resources\/viaduct\/\" \/>\n<meta property=\"og:site_name\" content=\"Ferrovial\" \/>\n<meta property=\"article:publisher\" content=\"https:\/\/www.facebook.com\/ferrovial\" \/>\n<meta property=\"article:modified_time\" content=\"2025-07-04T11:09:57+00:00\" \/>\n<meta name=\"twitter:card\" content=\"summary_large_image\" \/>\n<meta name=\"twitter:site\" content=\"@ferrovial\" \/>\n<meta name=\"twitter:label1\" content=\"Est. reading time\" \/>\n\t<meta name=\"twitter:data1\" content=\"4 minutes\" \/>\n<!-- \/ Yoast SEO plugin. -->","yoast_head_json":{"title":"Viaduct - Ferrovial","description":"A viaduct is a feat of engineering that connects the end of one road to another over a hollow or valley.","robots":{"index":"index","follow":"follow","max-snippet":"max-snippet:-1","max-image-preview":"max-image-preview:large","max-video-preview":"max-video-preview:-1"},"canonical":"https:\/\/www.ferrovial.com\/en\/resources\/viaduct\/","og_locale":"en_US","og_type":"article","og_title":"Viaduct - Ferrovial","og_description":"A viaduct is a feat of engineering that connects the end of one road to another over a hollow or valley.","og_url":"https:\/\/www.ferrovial.com\/en\/resources\/viaduct\/","og_site_name":"Ferrovial","article_publisher":"https:\/\/www.facebook.com\/ferrovial","article_modified_time":"2025-07-04T11:09:57+00:00","twitter_card":"summary_large_image","twitter_site":"@ferrovial","twitter_misc":{"Est. reading time":"4 minutes"},"schema":{"@context":"https:\/\/schema.org","@graph":[{"@type":"WebPage","@id":"https:\/\/www.ferrovial.com\/en\/resources\/viaduct\/","url":"https:\/\/www.ferrovial.com\/en\/resources\/viaduct\/","name":"Viaduct - Ferrovial","isPartOf":{"@id":"https:\/\/www.ferrovial.com\/en\/#website"},"datePublished":"2022-04-13T10:02:04+00:00","dateModified":"2025-07-04T11:09:57+00:00","description":"A viaduct is a feat of engineering that connects the end of one road to another over a hollow or valley.","breadcrumb":{"@id":"https:\/\/www.ferrovial.com\/en\/resources\/viaduct\/#breadcrumb"},"inLanguage":"en","potentialAction":[{"@type":"ReadAction","target":["https:\/\/www.ferrovial.com\/en\/resources\/viaduct\/"]}]},{"@type":"BreadcrumbList","@id":"https:\/\/www.ferrovial.com\/en\/resources\/viaduct\/#breadcrumb","itemListElement":[{"@type":"ListItem","position":1,"name":"Portada","item":"https:\/\/www.ferrovial.com\/en\/"},{"@type":"ListItem","position":2,"name":"Resources","item":"https:\/\/www.ferrovial.com\/en\/resources\/"},{"@type":"ListItem","position":3,"name":"Viaduct"}]},{"@type":"WebSite","@id":"https:\/\/www.ferrovial.com\/en\/#website","url":"https:\/\/www.ferrovial.com\/en\/","name":"Ferrovial","description":"Welcome to the Ferrovial&#039;s website, global operator of sustainable infrastructure. Here you can find all the information about the company and subsidiaries.","publisher":{"@id":"https:\/\/www.ferrovial.com\/en\/#organization"},"potentialAction":[{"@type":"SearchAction","target":{"@type":"EntryPoint","urlTemplate":"https:\/\/www.ferrovial.com\/en\/?s={search_term_string}"},"query-input":{"@type":"PropertyValueSpecification","valueRequired":true,"valueName":"search_term_string"}}],"inLanguage":"en"},{"@type":"Organization","@id":"https:\/\/www.ferrovial.com\/en\/#organization","name":"Ferrovial S.A.","url":"https:\/\/www.ferrovial.com\/en\/","logo":{"@type":"ImageObject","inLanguage":"en","@id":"https:\/\/www.ferrovial.com\/en\/#\/schema\/logo\/image\/","url":"https:\/\/static.ferrovial.com\/wp-content\/uploads\/2020\/01\/13124948\/logo-ferrovial-cf7.png","contentUrl":"https:\/\/static.ferrovial.com\/wp-content\/uploads\/2020\/01\/13124948\/logo-ferrovial-cf7.png","width":144,"height":32,"caption":"Ferrovial S.A."},"image":{"@id":"https:\/\/www.ferrovial.com\/en\/#\/schema\/logo\/image\/"},"sameAs":["https:\/\/www.facebook.com\/ferrovial","https:\/\/x.com\/ferrovial","https:\/\/www.instagram.com\/ferrovial\/","https:\/\/www.linkedin.com\/company\/ferrovial","https:\/\/www.pinterest.es\/ferrovial\/","https:\/\/www.youtube.com\/ferrovial","https:\/\/en.wikipedia.org\/wiki\/Ferrovial"]}]}},"_links":{"self":[{"href":"https:\/\/www.ferrovial.com\/en\/wp-json\/wp\/v2\/pages\/220775","targetHints":{"allow":["GET"]}}],"collection":[{"href":"https:\/\/www.ferrovial.com\/en\/wp-json\/wp\/v2\/pages"}],"about":[{"href":"https:\/\/www.ferrovial.com\/en\/wp-json\/wp\/v2\/types\/page"}],"replies":[{"embeddable":true,"href":"https:\/\/www.ferrovial.com\/en\/wp-json\/wp\/v2\/comments?post=220775"}],"version-history":[{"count":2,"href":"https:\/\/www.ferrovial.com\/en\/wp-json\/wp\/v2\/pages\/220775\/revisions"}],"predecessor-version":[{"id":308920,"href":"https:\/\/www.ferrovial.com\/en\/wp-json\/wp\/v2\/pages\/220775\/revisions\/308920"}],"up":[{"embeddable":true,"href":"https:\/\/www.ferrovial.com\/en\/wp-json\/wp\/v2\/pages\/172"}],"wp:attachment":[{"href":"https:\/\/www.ferrovial.com\/en\/wp-json\/wp\/v2\/media?parent=220775"}],"curies":[{"name":"wp","href":"https:\/\/api.w.org\/{rel}","templated":true}]}}