{"id":24747,"date":"2019-09-16T13:22:57","date_gmt":"2019-09-16T11:22:57","guid":{"rendered":"https:\/\/www.ferrovial.com\/?page_id=24747"},"modified":"2021-04-14T12:28:11","modified_gmt":"2021-04-14T10:28:11","slug":"search","status":"publish","type":"page","link":"https:\/\/www.ferrovial.com\/en\/search\/","title":{"rendered":"Search"},"content":{"rendered":"\n            <section>\n            <m-highlight-search search-url='https:\/\/www.ferrovial.com\/en\/search\/?q=' placeholder='What can we help you find?' submit-text='Search' lang='en' search-key='search-s4ki7n15knp5544mv57akrsk' search-endpoint='https:\/\/www.ferrovial.com\/wp-json\/search-service\/search' domain-identifier='1' domain-identifier-newsroom='2' domain-identifier-blog='3'>\n\n            \n        <\/m-highlight-search>\n        \n        <m-search-results page='1' search-url='https:\/\/www.ferrovial.com\/en\/search\/?q=' lang='en' search-key='search-s4ki7n15knp5544mv57akrsk' search-endpoint='https:\/\/www.ferrovial.com\/wp-json\/search-service\/search' :filter='{}' :translations='{\n        &quot;allOur&quot;:&quot;All Our&quot;,\n        &quot;autocompleteInitialNotice&quot;:&quot;Autocomplete initial notice&quot;,\n        &quot;autocompleteResultsNotice&quot;:&quot;Autocomplete initial results&quot;,\n        &quot;availableResults&quot;:&quot;results are available.&quot;,\n        &quot;projects&quot;:&quot;Projects&quot;,\n        &quot;awards&quot;:&quot;Awards&quot;,\n        &quot;filters&quot;:&quot;Filters&quot;,\n        &quot;filterBy&quot;:&quot;Filter By&quot;,\n        &quot;filteredBy&quot;:&quot;Filtered By&quot;,\n        &quot;sortBy&quot;: &quot;Sort by&quot;,\n        &quot;sortbyRelevancy&quot;: &quot;Relevancy&quot;,\n        &quot;sortbyDate&quot;: &quot;Date&quot;,\n        &quot;type&quot;: [&quot; All&quot;,&quot;Ferrovial&quot;,&quot;Newsroom&quot;,&quot;Blog&quot;],\n        &quot;contentType&quot;: [&quot; All&quot;,&quot;Ferrovial&quot;,&quot;Newsroom&quot;,&quot;Blog&quot;],\n        &quot;applyFilters&quot;:&quot;Apply filters&quot;,\n        &quot;deleteFilter&quot;:&quot;Delete filter&quot;,\n        &quot;closeFilters&quot;:&quot;Close filters&quot;,\n        &quot;search&quot;:&quot;Search&quot;,\n        &quot;clear&quot;:&quot;Clear all&quot;,    \n        &quot;prev&quot;: &quot;Previous&quot;,\n        &quot;next&quot;: &quot;Next&quot;,\n        &quot;showing&quot;: &quot;Showing&quot;,\n        &quot;showingOf&quot;: &quot;of&quot;,\n        &quot;results&quot;: &quot;results&quot;,\n        &quot;noSearchResults&quot;: &quot;No search results&quot;,\n        &quot;searchResults&quot;:&quot;Search results&quot;,\n        &quot;noResults&quot;: &quot;Sorry, we couldn\u00b4t find any exact results for&quot;,\n        &quot;post_tax_nivel_1&quot;: &quot;Business lines&quot;,\n        &quot;post_tax_nivel_3&quot;: &quot;Countries&quot;,\n        &quot;post_tax_nivel_5&quot;: &quot;Brand&quot;,\n        &quot;post_type&quot;: &quot;Type of content&quot;,\n        &quot;spellingCorrection&quot;: &quot;Maybe did you mean:&quot;\n    }'>\n            \n                            <div class=\"m-search-results__related\" slot=\"relatedcontent\">\n                                            <p>Related Content<\/p>\n                                        \n                                                <c-link external=\"false\" icon=\"arrow\" iconposition=\"right\">\n                                <a href=\"\" title=\"\">\n                                                                    <\/a>\n                            <\/c-link>\n                                                        <c-link external=\"false\" icon=\"arrow\" iconposition=\"right\">\n                                <a href=\"https:\/\/www.ferrovial.com\/en\/sustainability\/\" title=\"Sustainability\">\n                                    Sustainability                                <\/a>\n                            <\/c-link>\n                                            <\/div>\n                        \n        <\/m-search-results>\n            <\/section>\n    \n    \n        <template v-if=\"$root.external.searchNoResults == 1\">\n\n                <m-projects-distributor2 :translations='{\n        &quot;prev&quot;:&quot;Previous&quot;,\n        &quot;next&quot;:&quot;Next&quot;,\n        &quot;paginationseparator&quot;:&quot;of&quot;\n    }'>\n                        <h2 slot=\"label\">\n                    Highlighted Projects                <\/h2>\n                                <h3 slot=\"title\">\n                Most popular projects                <\/h3>\n                        <a slot='button' title='Learn about our projects' href='https:\/\/www.ferrovial.com\/en\/business-lines\/projects\/'>\n            Learn about our projects        <\/a>\n\n                            <c-card slot=\"carouselItems\" type=\"type-1\" link=\"https:\/\/www.ferrovial.com\/en\/business\/projects\/ontario-line-south\/\"  >\n                                                <img slot='background' src='https:\/\/static.ferrovial.com\/wp-content\/uploads\/2026\/02\/02170708\/corktown-station-piling-ontario-line-360x640.jpg' alt='Ontario Line South' \/>\n                                                        <h3 slot=\"title\" role=\"listitem\">\n                                    Ontario Line South                                <\/h3>\n                                                                                <c-link slot=\"link\" type=\"negative\">\n                            <a href=\"https:\/\/www.ferrovial.com\/en\/business\/projects\/ontario-line-south\/\">\n                                Discover the project                            <\/a>\n                        <\/c-link>\n                    <\/c-card>\n                                        <c-card slot=\"carouselItems\" type=\"type-1\" link=\"https:\/\/www.ferrovial.com\/en\/business\/projects\/jorge-chavez-international-airport-in-lima-peru\/\"  >\n                                                <img slot='background' src='https:\/\/static.ferrovial.com\/wp-content\/uploads\/2021\/03\/26170909\/torre-de-control-peru-lima-ferrovial-360x640.jpg' alt='Jorge Ch\u00e1vez Airport, Peru' \/>\n                                                        <h3 slot=\"title\" role=\"listitem\">\n                                    Jorge Ch\u00e1vez Airport, Peru                                <\/h3>\n                                                                                <c-link slot=\"link\" type=\"negative\">\n                            <a href=\"https:\/\/www.ferrovial.com\/en\/business\/projects\/jorge-chavez-international-airport-in-lima-peru\/\">\n                                Discover the project                            <\/a>\n                        <\/c-link>\n                    <\/c-card>\n                                        <c-card slot=\"carouselItems\" type=\"type-1\" link=\"https:\/\/www.ferrovial.com\/en\/business\/projects\/construction-on-stretch-2-of-the-santiago-de-chile-metros-line-6\/\"  >\n                                                <img slot='background' src='https:\/\/static.ferrovial.com\/wp-content\/uploads\/2019\/12\/13140415\/linea-6-metro-chile-avion-1920x1280-360x640.jpg' alt='Santiago de Chile Metro&#039;s Line 6' \/>\n                                                        <h3 slot=\"title\" role=\"listitem\">\n                                    Santiago de Chile Metro&#8217;s Line 6                                <\/h3>\n                                                                                <c-link slot=\"link\" type=\"negative\">\n                            <a href=\"https:\/\/www.ferrovial.com\/en\/business\/projects\/construction-on-stretch-2-of-the-santiago-de-chile-metros-line-6\/\">\n                                Discover the project                            <\/a>\n                        <\/c-link>\n                    <\/c-card>\n                                        <c-card slot=\"carouselItems\" type=\"type-1\" link=\"https:\/\/www.ferrovial.com\/en\/business\/projects\/thames-tideway-tunnel-central-section\/\"  >\n                                                <img slot='background' src='https:\/\/static.ferrovial.com\/wp-content\/uploads\/2019\/12\/13131608\/thames-06-360x640.jpg' alt='Thames Tideway Tunnel. Tramo central' \/>\n                                                        <h3 slot=\"title\" role=\"listitem\">\n                                    Thames Tideway Tunnel, Central Section                                <\/h3>\n                                                                                <c-link slot=\"link\" type=\"negative\">\n                            <a href=\"https:\/\/www.ferrovial.com\/en\/business\/projects\/thames-tideway-tunnel-central-section\/\">\n                                Discover the project                            <\/a>\n                        <\/c-link>\n                    <\/c-card>\n                                        <c-card slot=\"carouselItems\" type=\"type-1\" link=\"https:\/\/www.ferrovial.com\/en\/business\/projects\/nalon-river-viaduct-cantabrico-motorway-a-8-section-soto-del-barco-muros-de-nalon-asturias\/\"  >\n                                                <img slot='background' src='https:\/\/static.ferrovial.com\/wp-content\/uploads\/2019\/12\/13131843\/nalon2-360x640.jpg' alt='Viaducto del R\u00edo Nal\u00f3n. Autov\u00eda del Cant\u00e1brico A-8. Tramo: Soto del Barco \u2013 Muros de Nal\u00f3n. Asturias' \/>\n                                                        <h3 slot=\"title\" role=\"listitem\">\n                                    Nal\u00f3n River Viaduct                                <\/h3>\n                                                                                <c-link slot=\"link\" type=\"negative\">\n                            <a href=\"https:\/\/www.ferrovial.com\/en\/business\/projects\/nalon-river-viaduct-cantabrico-motorway-a-8-section-soto-del-barco-muros-de-nalon-asturias\/\">\n                                Discover the project                            <\/a>\n                        <\/c-link>\n                    <\/c-card>\n                                        <c-card slot=\"carouselItems\" type=\"type-1\" link=\"https:\/\/www.ferrovial.com\/en\/business\/projects\/viaducto-arco-del-barranco-de-erques-nueva-carretera-adeje-santiago-del-teide\/\"  >\n                                                <img slot='background' src='https:\/\/static.ferrovial.com\/wp-content\/uploads\/2019\/12\/13131909\/0634-erques-julio2015-1920x1281-360x640.jpg' alt='Viaducto de Erques en Tenerife' \/>\n                                                        <h3 slot=\"title\" role=\"listitem\">\n                                    Barranco de Erques Arch Viaduct                                <\/h3>\n                                                                                <c-link slot=\"link\" type=\"negative\">\n                            <a href=\"https:\/\/www.ferrovial.com\/en\/business\/projects\/viaducto-arco-del-barranco-de-erques-nueva-carretera-adeje-santiago-del-teide\/\">\n                                Discover the project                            <\/a>\n                        <\/c-link>\n                    <\/c-card>\n                                        <c-card slot=\"carouselItems\" type=\"type-1\" link=\"https:\/\/www.ferrovial.com\/en\/business\/projects\/i-77-express-lanes\/\"  >\n                                                <img slot='background' src='https:\/\/static.ferrovial.com\/wp-content\/uploads\/2019\/11\/25101057\/i-77-express-lanes-cintra-us-360x640.jpg' alt='I-77 Express Lanes - Cintra US' \/>\n                                                        <h3 slot=\"title\" role=\"listitem\">\n                                    I-77 Express Lanes, NC                                <\/h3>\n                                                                                <c-link slot=\"link\" type=\"negative\">\n                            <a href=\"https:\/\/www.ferrovial.com\/en\/business\/projects\/i-77-express-lanes\/\">\n                                Discover the project                            <\/a>\n                        <\/c-link>\n                    <\/c-card>\n                                        <c-card slot=\"carouselItems\" type=\"type-1\" link=\"https:\/\/www.ferrovial.com\/en\/business\/projects\/crossrail-c300c410-western-running-tunnels\/\"  >\n                                                <img slot='background' src='https:\/\/static.ferrovial.com\/wp-content\/uploads\/2019\/11\/13140019\/crossrail-300-410_02-360x640.jpg' alt='Crossrail Detail' \/>\n                                                        <h3 slot=\"title\" role=\"listitem\">\n                                    Crossrail                                <\/h3>\n                                                                                <c-link slot=\"link\" type=\"negative\">\n                            <a href=\"https:\/\/www.ferrovial.com\/en\/business\/projects\/crossrail-c300c410-western-running-tunnels\/\">\n                                Discover the project                            <\/a>\n                        <\/c-link>\n                    <\/c-card>\n                                        <c-card slot=\"carouselItems\" type=\"type-1\" link=\"https:\/\/www.ferrovial.com\/en\/business\/projects\/puerta-de-america-hotel\/\"  >\n                                                <img slot='background' src='https:\/\/static.ferrovial.com\/wp-content\/uploads\/2019\/09\/13131017\/puerta-america-distribuidor-360x600.jpg' alt='Distribuidor Puerta America' \/>\n                                                        <h3 slot=\"title\" role=\"listitem\">\n                                    Puerta de Am\u00e9rica Hotel                                <\/h3>\n                                                                                <c-link slot=\"link\" type=\"negative\">\n                            <a href=\"https:\/\/www.ferrovial.com\/en\/business\/projects\/puerta-de-america-hotel\/\">\n                                Discover the project                            <\/a>\n                        <\/c-link>\n                    <\/c-card>\n                                        <c-card slot=\"carouselItems\" type=\"type-1\" link=\"https:\/\/www.ferrovial.com\/en\/business\/projects\/caixaforum-madrid\/\"  >\n                                                <img slot='background' src='https:\/\/static.ferrovial.com\/wp-content\/uploads\/2019\/09\/13134930\/caixa-forum-ferrovial-6-1-360x270.jpg' alt='Caixa Forum Ferrovial' \/>\n                                                        <h3 slot=\"title\" role=\"listitem\">\n                                    Caixa Forum Madrid                                <\/h3>\n                                                                                <c-link slot=\"link\" type=\"negative\">\n                            <a href=\"https:\/\/www.ferrovial.com\/en\/business\/projects\/caixaforum-madrid\/\">\n                                Discover the project                            <\/a>\n                        <\/c-link>\n                    <\/c-card>\n                        <\/m-projects-distributor2>\n\n    \n\n    <m-distributor-news  >\n                        <h2 slot=\"title\">Most recent news<\/h2>\n                                        <div slot=\"report\">\n                            <h3><a href=\"https:\/\/www.ferrovial.com\/en\/ir-shareholders\/significant-events\/transactions-carried-out-by-ferrovial-between-13-and-17-april-2026-under-its-share-repurchase-program\/\" target='_blank' title=\"Transactions carried out by Ferrovial between 13\u00a0and 17 April 2026\u00a0under its share repurchase program\">Transactions carried out by Ferrovial between 13\u00a0and 17 April 2026\u00a0under its share repurchase program<\/a><\/h3>\n                                                                <span>04\/21\/2026<\/span>\n                                                            <\/div>\n                                                <div slot=\"report\">\n                            <h3><a href=\"https:\/\/www.ferrovial.com\/en\/ir-shareholders\/significant-events\/ferrovial-announces-the-first-quarter-2026-earnings-release-date\/\" target='_blank' title=\"Ferrovial announces the first quarter 2026 earnings release date\">Ferrovial announces the first quarter 2026 earnings release date<\/a><\/h3>\n                                                                <span>04\/16\/2026<\/span>\n                                                            <\/div>\n                                                <div slot=\"report\">\n                            <h3><a href=\"https:\/\/www.ferrovial.com\/en\/ir-shareholders\/significant-events\/transactions-carried-out-by-ferrovial-between-7-and-10-april-2026-under-its-share-repurchase-program\/\" target='_blank' title=\"Transactions carried out by Ferrovial between 7 and 10 April 2026\u00a0under its share repurchase program\">Transactions carried out by Ferrovial between 7 and 10 April 2026\u00a0under its share repurchase program<\/a><\/h3>\n                                                                <span>04\/14\/2026<\/span>\n                                                            <\/div>\n                                                <div slot=\"report\">\n                            <h3><a href=\"https:\/\/www.ferrovial.com\/en\/ir-shareholders\/significant-events\/ferrovial-announces-the-resolutions-adopted-by-the-2026-shareholders-meeting-held-on-9-april-2026\/\" target='_blank' title=\"Ferrovial announces the resolutions adopted by the 2026 Shareholders Meeting held on 9 April 2026\">Ferrovial announces the resolutions adopted by the 2026 Shareholders Meeting held on 9 April 2026<\/a><\/h3>\n                                                                <span>04\/09\/2026<\/span>\n                                                            <\/div>\n                            <\/m-distributor-news>\n    \n        <\/template>\n\n    ","protected":false},"excerpt":{"rendered":"","protected":false},"featured_media":0,"parent":0,"menu_order":0,"comment_status":"closed","ping_status":"closed","template":"searchpage.php","meta":{"_acf_changed":false,"footnotes":""},"class_list":["post-24747","page","type-page","status-publish","hentry"],"acf":[],"yoast_head":"<!-- This site is optimized with the Yoast SEO plugin v27.2 - https:\/\/yoast.com\/product\/yoast-seo-wordpress\/ -->\n<title>Search - Ferrovial<\/title>\n<meta name=\"description\" content=\"Welcome to the Ferrovial&#039;s website, global operator of sustainable infrastructure. Here you can find all the information about the company and subsidiaries.\" \/>\n<meta name=\"robots\" content=\"noindex, follow\" \/>\n<meta property=\"og:locale\" content=\"en_US\" \/>\n<meta property=\"og:type\" content=\"article\" \/>\n<meta property=\"og:title\" content=\"Search - Ferrovial\" \/>\n<meta property=\"og:description\" content=\"Welcome to the Ferrovial&#039;s website, global operator of sustainable infrastructure. Here you can find all the information about the company and subsidiaries.\" \/>\n<meta property=\"og:url\" content=\"https:\/\/www.ferrovial.com\/en\/search\/\" \/>\n<meta property=\"og:site_name\" content=\"Ferrovial\" \/>\n<meta property=\"article:publisher\" content=\"https:\/\/www.facebook.com\/ferrovial\" \/>\n<meta property=\"article:modified_time\" content=\"2021-04-14T10:28:11+00:00\" \/>\n<meta name=\"twitter:card\" content=\"summary_large_image\" \/>\n<meta name=\"twitter:site\" content=\"@ferrovial\" \/>\n<!-- \/ Yoast SEO plugin. -->","yoast_head_json":{"title":"Search - Ferrovial","description":"Welcome to the Ferrovial's website, global operator of sustainable infrastructure. Here you can find all the information about the company and subsidiaries.","robots":{"index":"noindex","follow":"follow"},"og_locale":"en_US","og_type":"article","og_title":"Search - Ferrovial","og_description":"Welcome to the Ferrovial's website, global operator of sustainable infrastructure. Here you can find all the information about the company and subsidiaries.","og_url":"https:\/\/www.ferrovial.com\/en\/search\/","og_site_name":"Ferrovial","article_publisher":"https:\/\/www.facebook.com\/ferrovial","article_modified_time":"2021-04-14T10:28:11+00:00","twitter_card":"summary_large_image","twitter_site":"@ferrovial","schema":{"@context":"https:\/\/schema.org","@graph":[{"@type":"WebPage","@id":"https:\/\/www.ferrovial.com\/en\/search\/","url":"https:\/\/www.ferrovial.com\/en\/search\/","name":"Search - Ferrovial","isPartOf":{"@id":"https:\/\/www.ferrovial.com\/en\/#website"},"datePublished":"2019-09-16T11:22:57+00:00","dateModified":"2021-04-14T10:28:11+00:00","description":"Welcome to the Ferrovial's website, global operator of sustainable infrastructure. Here you can find all the information about the company and subsidiaries.","breadcrumb":{"@id":"https:\/\/www.ferrovial.com\/en\/search\/#breadcrumb"},"inLanguage":"en","potentialAction":[{"@type":"ReadAction","target":["https:\/\/www.ferrovial.com\/en\/search\/"]}]},{"@type":"BreadcrumbList","@id":"https:\/\/www.ferrovial.com\/en\/search\/#breadcrumb","itemListElement":[{"@type":"ListItem","position":1,"name":"Portada","item":"https:\/\/www.ferrovial.com\/en\/"},{"@type":"ListItem","position":2,"name":"Search"}]},{"@type":"WebSite","@id":"https:\/\/www.ferrovial.com\/en\/#website","url":"https:\/\/www.ferrovial.com\/en\/","name":"Ferrovial","description":"Welcome to the Ferrovial&#039;s website, global operator of sustainable infrastructure. Here you can find all the information about the company and subsidiaries.","publisher":{"@id":"https:\/\/www.ferrovial.com\/en\/#organization"},"potentialAction":[{"@type":"SearchAction","target":{"@type":"EntryPoint","urlTemplate":"https:\/\/www.ferrovial.com\/en\/?s={search_term_string}"},"query-input":{"@type":"PropertyValueSpecification","valueRequired":true,"valueName":"search_term_string"}}],"inLanguage":"en"},{"@type":"Organization","@id":"https:\/\/www.ferrovial.com\/en\/#organization","name":"Ferrovial S.A.","url":"https:\/\/www.ferrovial.com\/en\/","logo":{"@type":"ImageObject","inLanguage":"en","@id":"https:\/\/www.ferrovial.com\/en\/#\/schema\/logo\/image\/","url":"https:\/\/static.ferrovial.com\/wp-content\/uploads\/2020\/01\/13124948\/logo-ferrovial-cf7.png","contentUrl":"https:\/\/static.ferrovial.com\/wp-content\/uploads\/2020\/01\/13124948\/logo-ferrovial-cf7.png","width":144,"height":32,"caption":"Ferrovial S.A."},"image":{"@id":"https:\/\/www.ferrovial.com\/en\/#\/schema\/logo\/image\/"},"sameAs":["https:\/\/www.facebook.com\/ferrovial","https:\/\/x.com\/ferrovial","https:\/\/www.instagram.com\/ferrovial\/","https:\/\/www.linkedin.com\/company\/ferrovial","https:\/\/www.pinterest.es\/ferrovial\/","https:\/\/www.youtube.com\/ferrovial","https:\/\/en.wikipedia.org\/wiki\/Ferrovial"]}]}},"_links":{"self":[{"href":"https:\/\/www.ferrovial.com\/en\/wp-json\/wp\/v2\/pages\/24747","targetHints":{"allow":["GET"]}}],"collection":[{"href":"https:\/\/www.ferrovial.com\/en\/wp-json\/wp\/v2\/pages"}],"about":[{"href":"https:\/\/www.ferrovial.com\/en\/wp-json\/wp\/v2\/types\/page"}],"replies":[{"embeddable":true,"href":"https:\/\/www.ferrovial.com\/en\/wp-json\/wp\/v2\/comments?post=24747"}],"version-history":[{"count":1,"href":"https:\/\/www.ferrovial.com\/en\/wp-json\/wp\/v2\/pages\/24747\/revisions"}],"predecessor-version":[{"id":163604,"href":"https:\/\/www.ferrovial.com\/en\/wp-json\/wp\/v2\/pages\/24747\/revisions\/163604"}],"wp:attachment":[{"href":"https:\/\/www.ferrovial.com\/en\/wp-json\/wp\/v2\/media?parent=24747"}],"curies":[{"name":"wp","href":"https:\/\/api.w.org\/{rel}","templated":true}]}}