{"id":71134,"date":"2019-11-21T13:06:03","date_gmt":"2019-11-21T12:06:03","guid":{"rendered":"https:\/\/www.ferrovial.com\/?page_id=71134"},"modified":"2020-06-10T18:01:12","modified_gmt":"2020-06-10T16:01:12","slug":"who-we-are","status":"publish","type":"page","link":"https:\/\/www.ferrovial.com\/en\/power-infrastructure\/who-we-are\/","title":{"rendered":"Who We Are"},"content":{"rendered":"    <m-final-content-header bgimage='https:\/\/static.ferrovial.com\/wp-content\/uploads\/2019\/12\/13132015\/power-infrastructure-home.jpg'>\n            <c-breadcrumb label-text=\"Breadcrumb\" slot=\"breadcrumbs\" type='2' align='left' wrap='wrapped wrapped' aria-label='You came from Power Infrastructure'>\n                        <ol>\n\n                                                            <li><a href=\"https:\/\/www.ferrovial.com\/en\/\" title=\"Ferrovial\">Ferrovial<\/a><\/li>\n                                                                        <li><a href=\"https:\/\/www.ferrovial.com\/en\/power-infrastructure\/\" title=\"Power Infrastructure\">Power Infrastructure<\/a><\/li>\n                                    \n                <\/ol>\n\n                <\/c-breadcrumb>\n    \n        <div slot=\"header\">\n            <h1>\n                Who We Are            <\/h1>\n                    <\/div>\n    <\/m-final-content-header>\n\n    \n\n\n<m-wysiwig class=\"wp-block-components-wysiwyg\"><div slot=\"maincontent\">    <p class=\"intro\">We integrate all of electrical transmission activities into the company. We provide comprehensive solutions for the design, construction, operation and maintenance of our transmission lines in a manner that is safe, reliable and efficient for our customers.\n<\/p>\n    <\/div><\/m-wysiwig>\n\n\n    <m-cyphers-basic>\n                        <div slot=\"head\">\n                                                <h3>\n                                Key Figures                            <\/h3>\n                                                            <p>\n                                    Description placeholder                                <\/p>\n                                                                <a href=\"https:\/\/www.ferrovial.com\/en\/power-infrastructure\/who-we-are\/\" title=\"Who We Are\">\n                                        Who We Are                                    <\/a>\n                                                    <\/div>\n                                <ul slot=\"cyphers\">\n                                                <li>\n                                                                        <p class=\"number\">\n                                            0                                        <\/p>\n                                                                                <p class=\"post\">\n                                            Accidents                                        <\/p>\n                                                                    <\/li>\n                                                        <li>\n                                                                        <p class=\"number\">\n                                            408                                         <\/p>\n                                                                                <p class=\"post\">\n                                            km Operation                                        <\/p>\n                                                                    <\/li>\n                                                        <li>\n                                                                        <p class=\"number\">\n                                            99.97%                                        <\/p>\n                                                                                <p class=\"post\">\n                                            availability                                        <\/p>\n                                                                    <\/li>\n                                                        <li>\n                                                                        <p class=\"number\">\n                                            512                                        <\/p>\n                                                                                <p class=\"post\">\n                                            km Construction                                        <\/p>\n                                                                    <\/li>\n                                            <\/ul>\n                    <\/m-cyphers-basic>\n\n    \n\n\n<m-wysiwig class=\"wp-block-components-wysiwyg\"><div slot=\"maincontent\">\n<h2 class=\"wp-block-heading\"><strong>Our<\/strong><strong>&nbsp;<\/strong><strong>Assets<\/strong>&nbsp;<\/h2>\n\n\n\n<ul class=\"wp-block-list\"><li><strong>Transchile<\/strong><\/li><\/ul>\n\n\n\n<p>By means of Transchile&nbsp;Charr\u00faa Transmission, we own, operate and maintain a transmission line that connects the Charr\u00faa, Mulch\u00e9n and Caut\u00edn substations in southern Chile, in the regions of B\u00edo-B\u00edo and Araucan\u00eda.&nbsp;<\/p>\n\n\n\n<p>The 220 kV double circuit electrical transmission line has a length of 204 kilometers and a transmission capacity of 500 MVA per circuit, and belongs to the National Transmission System. The line went into operation in January 2010 and supplies electricity to over 300,000 homes, connecting the hydroelectric energy sources in southern Chile to the central consumption areas.&nbsp;<\/p>\n\n\n\n<ul class=\"wp-block-list\"><li><strong>Centella Transmission<\/strong><\/li><\/ul>\n\n\n\n<p>In July 2018, we were granted 100% of a full concession to construct and operate a transmission line approximately 250 kilometers long (2 x 220 kV) north of Santiago, Chile, with a nominal capacity of 580 MVA per circuit. The new line will connect the Nueva Pan de Az\u00facar, Punta Sierra and Nueva los Pelambres substations, with Centella also making up part of the construction project; this will increase the connection of new renewable energy plants. <\/p>\n\n\n\n<p><a href=\"https:\/\/www.ferrovial.com\/en\/f-agroman\/\" class=\"ek-link\">Ferrovial Construction<\/a> will lead the $125 million construction project. Once the work is completed, Ferrovial Power Infrastructure will begin operating the line.&nbsp;&nbsp;<\/p>\n\n\n\n<ul class=\"wp-block-list\"><li><strong>Tap Mauro<\/strong><\/li><\/ul>\n\n\n\n<p>On February 2020 Ferrovial Power Infrastructure was awarded the concession for the construction, operation and maintenance of a four-circuit transmission line. This new asset has 3 km per circuit, connecting Los Piuquenes-Tap Mauro transmission line and Ferrovial\u00b4s new under-construction power substation Centella, located at the Coquimbo Region, northern Santiago. Commercial operation date is scheduled for 2023.<\/p>\n<\/div><\/m-wysiwig>\n","protected":false},"excerpt":{"rendered":"","protected":false},"featured_media":0,"parent":71129,"menu_order":0,"comment_status":"closed","ping_status":"closed","template":"","meta":{"_acf_changed":false,"footnotes":""},"class_list":["post-71134","page","type-page","status-publish","hentry"],"acf":[],"yoast_head":"<!-- This site is optimized with the Yoast SEO plugin v27.2 - https:\/\/yoast.com\/product\/yoast-seo-wordpress\/ -->\n<title>Who We Are<\/title>\n<meta name=\"description\" content=\"Welcome to the Ferrovial&#039;s website, global operator of sustainable infrastructure. Here you can find all the information about the company and subsidiaries.\" \/>\n<meta name=\"robots\" content=\"index, follow, max-snippet:-1, max-image-preview:large, max-video-preview:-1\" \/>\n<link rel=\"canonical\" href=\"https:\/\/www.ferrovial.com\/en\/power-infrastructure\/who-we-are\/\" \/>\n<meta property=\"og:locale\" content=\"en_US\" \/>\n<meta property=\"og:type\" content=\"article\" \/>\n<meta property=\"og:title\" content=\"Who We Are\" \/>\n<meta property=\"og:description\" content=\"Welcome to the Ferrovial&#039;s website, global operator of sustainable infrastructure. Here you can find all the information about the company and subsidiaries.\" \/>\n<meta property=\"og:url\" content=\"https:\/\/www.ferrovial.com\/en\/power-infrastructure\/who-we-are\/\" \/>\n<meta property=\"og:site_name\" content=\"Ferrovial\" \/>\n<meta property=\"article:publisher\" content=\"https:\/\/www.facebook.com\/ferrovial\" \/>\n<meta property=\"article:modified_time\" content=\"2020-06-10T16:01:12+00:00\" \/>\n<meta name=\"twitter:card\" content=\"summary_large_image\" \/>\n<meta name=\"twitter:site\" content=\"@ferrovial\" \/>\n<meta name=\"twitter:label1\" content=\"Est. reading time\" \/>\n\t<meta name=\"twitter:data1\" content=\"1 minute\" \/>\n<!-- \/ Yoast SEO plugin. -->","yoast_head_json":{"title":"Who We Are","description":"Welcome to the Ferrovial's website, global operator of sustainable infrastructure. Here you can find all the information about the company and subsidiaries.","robots":{"index":"index","follow":"follow","max-snippet":"max-snippet:-1","max-image-preview":"max-image-preview:large","max-video-preview":"max-video-preview:-1"},"canonical":"https:\/\/www.ferrovial.com\/en\/power-infrastructure\/who-we-are\/","og_locale":"en_US","og_type":"article","og_title":"Who We Are","og_description":"Welcome to the Ferrovial's website, global operator of sustainable infrastructure. Here you can find all the information about the company and subsidiaries.","og_url":"https:\/\/www.ferrovial.com\/en\/power-infrastructure\/who-we-are\/","og_site_name":"Ferrovial","article_publisher":"https:\/\/www.facebook.com\/ferrovial","article_modified_time":"2020-06-10T16:01:12+00:00","twitter_card":"summary_large_image","twitter_site":"@ferrovial","twitter_misc":{"Est. reading time":"1 minute"},"schema":{"@context":"https:\/\/schema.org","@graph":[{"@type":"WebPage","@id":"https:\/\/www.ferrovial.com\/en\/power-infrastructure\/who-we-are\/","url":"https:\/\/www.ferrovial.com\/en\/power-infrastructure\/who-we-are\/","name":"Who We Are","isPartOf":{"@id":"https:\/\/www.ferrovial.com\/en\/#website"},"datePublished":"2019-11-21T12:06:03+00:00","dateModified":"2020-06-10T16:01:12+00:00","description":"Welcome to the Ferrovial's website, global operator of sustainable infrastructure. Here you can find all the information about the company and subsidiaries.","breadcrumb":{"@id":"https:\/\/www.ferrovial.com\/en\/power-infrastructure\/who-we-are\/#breadcrumb"},"inLanguage":"en","potentialAction":[{"@type":"ReadAction","target":["https:\/\/www.ferrovial.com\/en\/power-infrastructure\/who-we-are\/"]}]},{"@type":"BreadcrumbList","@id":"https:\/\/www.ferrovial.com\/en\/power-infrastructure\/who-we-are\/#breadcrumb","itemListElement":[{"@type":"ListItem","position":1,"name":"Portada","item":"https:\/\/www.ferrovial.com\/en\/"},{"@type":"ListItem","position":2,"name":"Power Infrastructure","item":"https:\/\/www.ferrovial.com\/en\/power-infrastructure\/"},{"@type":"ListItem","position":3,"name":"Who We Are"}]},{"@type":"WebSite","@id":"https:\/\/www.ferrovial.com\/en\/#website","url":"https:\/\/www.ferrovial.com\/en\/","name":"Ferrovial","description":"Welcome to the Ferrovial&#039;s website, global operator of sustainable infrastructure. Here you can find all the information about the company and subsidiaries.","publisher":{"@id":"https:\/\/www.ferrovial.com\/en\/#organization"},"potentialAction":[{"@type":"SearchAction","target":{"@type":"EntryPoint","urlTemplate":"https:\/\/www.ferrovial.com\/en\/?s={search_term_string}"},"query-input":{"@type":"PropertyValueSpecification","valueRequired":true,"valueName":"search_term_string"}}],"inLanguage":"en"},{"@type":"Organization","@id":"https:\/\/www.ferrovial.com\/en\/#organization","name":"Ferrovial S.A.","url":"https:\/\/www.ferrovial.com\/en\/","logo":{"@type":"ImageObject","inLanguage":"en","@id":"https:\/\/www.ferrovial.com\/en\/#\/schema\/logo\/image\/","url":"https:\/\/static.ferrovial.com\/wp-content\/uploads\/2020\/01\/13124948\/logo-ferrovial-cf7.png","contentUrl":"https:\/\/static.ferrovial.com\/wp-content\/uploads\/2020\/01\/13124948\/logo-ferrovial-cf7.png","width":144,"height":32,"caption":"Ferrovial S.A."},"image":{"@id":"https:\/\/www.ferrovial.com\/en\/#\/schema\/logo\/image\/"},"sameAs":["https:\/\/www.facebook.com\/ferrovial","https:\/\/x.com\/ferrovial","https:\/\/www.instagram.com\/ferrovial\/","https:\/\/www.linkedin.com\/company\/ferrovial","https:\/\/www.pinterest.es\/ferrovial\/","https:\/\/www.youtube.com\/ferrovial","https:\/\/en.wikipedia.org\/wiki\/Ferrovial"]}]}},"_links":{"self":[{"href":"https:\/\/www.ferrovial.com\/en\/wp-json\/wp\/v2\/pages\/71134","targetHints":{"allow":["GET"]}}],"collection":[{"href":"https:\/\/www.ferrovial.com\/en\/wp-json\/wp\/v2\/pages"}],"about":[{"href":"https:\/\/www.ferrovial.com\/en\/wp-json\/wp\/v2\/types\/page"}],"replies":[{"embeddable":true,"href":"https:\/\/www.ferrovial.com\/en\/wp-json\/wp\/v2\/comments?post=71134"}],"version-history":[{"count":3,"href":"https:\/\/www.ferrovial.com\/en\/wp-json\/wp\/v2\/pages\/71134\/revisions"}],"predecessor-version":[{"id":168892,"href":"https:\/\/www.ferrovial.com\/en\/wp-json\/wp\/v2\/pages\/71134\/revisions\/168892"}],"up":[{"embeddable":true,"href":"https:\/\/www.ferrovial.com\/en\/wp-json\/wp\/v2\/pages\/71129"}],"wp:attachment":[{"href":"https:\/\/www.ferrovial.com\/en\/wp-json\/wp\/v2\/media?parent=71134"}],"curies":[{"name":"wp","href":"https:\/\/api.w.org\/{rel}","templated":true}]}}