{"id":112932,"date":"2019-11-12T16:56:50","date_gmt":"2019-11-12T15:56:50","guid":{"rendered":"https:\/\/www.ferrovial.com\/f-agroman\/que-hacemos\/puentes-y-viaductos\/"},"modified":"2020-04-21T22:02:24","modified_gmt":"2020-04-21T20:02:24","slug":"puentes-y-viaductos","status":"publish","type":"page","link":"https:\/\/www.ferrovial.com\/es-es\/f-construccion\/que-hacemos\/puentes-y-viaductos\/","title":{"rendered":"Puentes y viaductos"},"content":{"rendered":"    <m-final-content-header bgimage='https:\/\/static.ferrovial.com\/wp-content\/uploads\/2019\/10\/13133808\/41y-0187-1280x720.jpg'>\n            <c-breadcrumb label-text=\"Breadcrumb\" slot=\"breadcrumbs\" type='2' align='left' wrap='wrapped wrapped' aria-label='Vienes de Qu\u00e9 hacemos'>\n                        <ol>\n\n                                                            <li><a href=\"https:\/\/www.ferrovial.com\/es-es\/\" title=\"Ferrovial\">Ferrovial<\/a><\/li>\n                                                                        <li><a href=\"https:\/\/www.ferrovial.com\/es\/f-construccion\/\" title=\"Ferrovial Construcci\u00f3n\">Ferrovial Construcci\u00f3n<\/a><\/li>\n                                                                        <li><a href=\"https:\/\/www.ferrovial.com\/es\/f-construccion\/que-hacemos\/\" title=\"Qu\u00e9 hacemos\">Qu\u00e9 hacemos<\/a><\/li>\n                                    \n                <\/ol>\n\n                <\/c-breadcrumb>\n    \n        <div slot=\"header\">\n            <h1>\n                Puentes y viaductos             <\/h1>\n                    <\/div>\n    <\/m-final-content-header>\n\n    \n\n\n<m-wysiwig class=\"wp-block-components-wysiwyg\"><div slot=\"maincontent\">    <p class=\"intro\">En el campo de los grandes puentes para v\u00edas de comunicaci\u00f3n se han producido a lo\nlargo de los a\u00f1os importantes innovaciones tecnol\u00f3gicas tanto en materiales como en\nprocedimientos constructivos, que han permitido salvar luces y alturas cada vez m\u00e1s grandes. \n<\/p>\n    \n\n\n<p>Hemos intervenido de forma activa en este proceso, proyectando y construyendo numerosas estructuras, algunas realmente singulares, desarrollando sistemas propios de construcci\u00f3n, y superando retos que en ocasiones supon\u00edan batir r\u00e9cords\nsobre lo anteriormente construido.<\/p>\n\n\n\n<p>En nuestra gran experiencia destaca la construcci\u00f3n de todas las tipolog\u00edas de estas magn\u00edficas estructuras como: viaductos atirantados, arcos, viaductos de voladizos sucesivos, viaductos de cimbra autolanzable, viaductos de tablero empujado (con dintel met\u00e1lico o de hormig\u00f3n) y viaductos con tablero de dovelas prefabricadas. <\/p>\n\n\n\n<p>En Espa\u00f1a tenemos ejemplos muy significativos, tanto por su longitud, como por la dificultad del terreno que salvan. Por ejemplo: el <a href=\"https:\/\/www.ferrovial.com\/es\/project\/viaducto-de-montabliz\/\">Viaducto de Montabliz<\/a>, con una longitud de <strong>721 metros<\/strong>, uno de los m\u00e1s largos del pa\u00eds; el <a href=\"https:\/\/newsroom.ferrovial.com\/es\/videos\/viaducto-de-castilblanco-badajoz\/\">Viaducto de Castilblanco<\/a>, de <strong>437 metros<\/strong> de longitud; o el  <a href=\"https:\/\/www.ferrovial.com\/blog\/es\/2017\/03\/viaducto-del-barranco-de-erques-increible-construccion\/\">Viaducto del Barranco de Erques<\/a>, en la Isla de Tenerife, con arcos de <strong>110 metros<\/strong> de largo.<\/p>\n\n\n\n<p>A medida que mejoramos la t\u00e9cnica, conseguimos que los puentes salven distancias m\u00e1s grandes: como el&nbsp;Puente de los Tilos, que permite un salto de 255 metros sin apoyos intermedios sobre el Barranco del Agua, en la isla canaria de La Palma.  <\/p>\n<\/div><\/m-wysiwig>\n\n\n    <m-video >\n                        <p slot=\"type\">\n                    La construcci\u00f3n del viaducto de Erques en Tenerife                 <\/p>\n                        <a class='m-video__modal' slot='modal' href='https:\/\/www.youtube-nocookie.com\/embed\/WsuE83lGrbU'>\n            <img slot=\"poster\" v-lazy=\"'https:\/\/static.ferrovial.com\/wp-content\/uploads\/2019\/11\/13140945\/viaducto-de-erques-canarias-1280x603.png'\" title=\"La construcci\u00f3n del viaducto de Erques en Tenerife \" width=\"1280\" height=\"100%\" >\n        <\/a>\n            <\/m-video>\n    \n\n    <m-projects-distributor2 :translations='{\n        &quot;prev&quot;:&quot;Anterior&quot;,\n        &quot;next&quot;:&quot;Siguiente&quot;,\n        &quot;paginationseparator&quot;:&quot;de&quot;\n    }'>\n                        <h2 slot=\"label\">\n                    Proyectos                <\/h2>\n                                <h3 slot=\"title\">\n                Construcci\u00f3n de viaductos                <\/h3>\n                        <a slot='button' title='Ver todos' href='https:\/\/www.ferrovial.com\/es\/negocio\/proyectos\/'>\n            Ver todos        <\/a>\n\n            <\/m-projects-distributor2>\n\n    ","protected":false},"excerpt":{"rendered":"","protected":false},"featured_media":0,"parent":38635,"menu_order":0,"comment_status":"closed","ping_status":"closed","template":"","meta":{"_acf_changed":false,"footnotes":""},"class_list":["post-112932","page","type-page","status-publish","hentry"],"acf":[],"yoast_head":"<!-- This site is optimized with the Yoast SEO plugin v27.2 - https:\/\/yoast.com\/product\/yoast-seo-wordpress\/ -->\n<title>Puentes y viaductos - Ferrovial Agroman<\/title>\n<meta name=\"description\" content=\"Expertos en construcci\u00f3n de puentes y viaductos a lo largo del mundo. Ferrovial Agroman cuenta con a\u00f1os de experiencia en el sector construcci\u00f3n, lo que la convierte en ...\" \/>\n<meta name=\"robots\" content=\"index, follow, max-snippet:-1, max-image-preview:large, max-video-preview:-1\" \/>\n<link rel=\"canonical\" href=\"https:\/\/www.ferrovial.com\/es-es\/f-construccion\/que-hacemos\/puentes-y-viaductos\/\" \/>\n<meta property=\"og:locale\" content=\"es_ES\" \/>\n<meta property=\"og:type\" content=\"article\" \/>\n<meta property=\"og:title\" content=\"Puentes y viaductos - Ferrovial Agroman\" \/>\n<meta property=\"og:description\" content=\"Expertos en construcci\u00f3n de puentes y viaductos a lo largo del mundo. Ferrovial Agroman cuenta con a\u00f1os de experiencia en el sector construcci\u00f3n, lo que la convierte en ...\" \/>\n<meta property=\"og:url\" content=\"https:\/\/www.ferrovial.com\/es-es\/f-construccion\/que-hacemos\/puentes-y-viaductos\/\" \/>\n<meta property=\"og:site_name\" content=\"Ferrovial\" \/>\n<meta property=\"article:publisher\" content=\"https:\/\/www.facebook.com\/ferrovial\" \/>\n<meta property=\"article:modified_time\" content=\"2020-04-21T20:02:24+00:00\" \/>\n<meta name=\"twitter:card\" content=\"summary_large_image\" \/>\n<meta name=\"twitter:site\" content=\"@ferrovial\" \/>\n<meta name=\"twitter:label1\" content=\"Tiempo de lectura\" \/>\n\t<meta name=\"twitter:data1\" content=\"1 minuto\" \/>\n<!-- \/ Yoast SEO plugin. -->","yoast_head_json":{"title":"Puentes y viaductos - Ferrovial Agroman","description":"Expertos en construcci\u00f3n de puentes y viaductos a lo largo del mundo. Ferrovial Agroman cuenta con a\u00f1os de experiencia en el sector construcci\u00f3n, lo que la convierte en ...","robots":{"index":"index","follow":"follow","max-snippet":"max-snippet:-1","max-image-preview":"max-image-preview:large","max-video-preview":"max-video-preview:-1"},"canonical":"https:\/\/www.ferrovial.com\/es-es\/f-construccion\/que-hacemos\/puentes-y-viaductos\/","og_locale":"es_ES","og_type":"article","og_title":"Puentes y viaductos - Ferrovial Agroman","og_description":"Expertos en construcci\u00f3n de puentes y viaductos a lo largo del mundo. Ferrovial Agroman cuenta con a\u00f1os de experiencia en el sector construcci\u00f3n, lo que la convierte en ...","og_url":"https:\/\/www.ferrovial.com\/es-es\/f-construccion\/que-hacemos\/puentes-y-viaductos\/","og_site_name":"Ferrovial","article_publisher":"https:\/\/www.facebook.com\/ferrovial","article_modified_time":"2020-04-21T20:02:24+00:00","twitter_card":"summary_large_image","twitter_site":"@ferrovial","twitter_misc":{"Tiempo de lectura":"1 minuto"},"schema":{"@context":"https:\/\/schema.org","@graph":[{"@type":"WebPage","@id":"https:\/\/www.ferrovial.com\/es-es\/f-construccion\/que-hacemos\/puentes-y-viaductos\/","url":"https:\/\/www.ferrovial.com\/es-es\/f-construccion\/que-hacemos\/puentes-y-viaductos\/","name":"Puentes y viaductos - Ferrovial Agroman","isPartOf":{"@id":"https:\/\/www.ferrovial.com\/es-es\/#website"},"datePublished":"2019-11-12T15:56:50+00:00","dateModified":"2020-04-21T20:02:24+00:00","description":"Expertos en construcci\u00f3n de puentes y viaductos a lo largo del mundo. Ferrovial Agroman cuenta con a\u00f1os de experiencia en el sector construcci\u00f3n, lo que la convierte en ...","breadcrumb":{"@id":"https:\/\/www.ferrovial.com\/es-es\/f-construccion\/que-hacemos\/puentes-y-viaductos\/#breadcrumb"},"inLanguage":"es","potentialAction":[{"@type":"ReadAction","target":["https:\/\/www.ferrovial.com\/es-es\/f-construccion\/que-hacemos\/puentes-y-viaductos\/"]}]},{"@type":"BreadcrumbList","@id":"https:\/\/www.ferrovial.com\/es-es\/f-construccion\/que-hacemos\/puentes-y-viaductos\/#breadcrumb","itemListElement":[{"@type":"ListItem","position":1,"name":"Portada","item":"https:\/\/www.ferrovial.com\/es-es\/"},{"@type":"ListItem","position":2,"name":"Ferrovial Construcci\u00f3n","item":"https:\/\/www.ferrovial.com\/es-es\/f-construccion\/"},{"@type":"ListItem","position":3,"name":"Qu\u00e9 hacemos","item":"https:\/\/www.ferrovial.com\/es-es\/f-construccion\/que-hacemos\/"},{"@type":"ListItem","position":4,"name":"Puentes y viaductos"}]},{"@type":"WebSite","@id":"https:\/\/www.ferrovial.com\/es-es\/#website","url":"https:\/\/www.ferrovial.com\/es-es\/","name":"Ferrovial","description":"Welcome to the Ferrovial&#039;s website, global operator of sustainable infrastructure. Here you can find all the information about the company and subsidiaries.","publisher":{"@id":"https:\/\/www.ferrovial.com\/es-es\/#organization"},"potentialAction":[{"@type":"SearchAction","target":{"@type":"EntryPoint","urlTemplate":"https:\/\/www.ferrovial.com\/es-es\/?s={search_term_string}"},"query-input":{"@type":"PropertyValueSpecification","valueRequired":true,"valueName":"search_term_string"}}],"inLanguage":"es"},{"@type":"Organization","@id":"https:\/\/www.ferrovial.com\/es-es\/#organization","name":"Ferrovial S.A.","url":"https:\/\/www.ferrovial.com\/es-es\/","logo":{"@type":"ImageObject","inLanguage":"es","@id":"https:\/\/www.ferrovial.com\/es-es\/#\/schema\/logo\/image\/","url":"https:\/\/static.ferrovial.com\/wp-content\/uploads\/2020\/01\/13124948\/logo-ferrovial-cf7.png","contentUrl":"https:\/\/static.ferrovial.com\/wp-content\/uploads\/2020\/01\/13124948\/logo-ferrovial-cf7.png","width":144,"height":32,"caption":"Ferrovial S.A."},"image":{"@id":"https:\/\/www.ferrovial.com\/es-es\/#\/schema\/logo\/image\/"},"sameAs":["https:\/\/www.facebook.com\/ferrovial","https:\/\/x.com\/ferrovial","https:\/\/www.instagram.com\/ferrovial\/","https:\/\/www.linkedin.com\/company\/ferrovial","https:\/\/www.pinterest.es\/ferrovial\/","https:\/\/www.youtube.com\/ferrovial","https:\/\/en.wikipedia.org\/wiki\/Ferrovial"]}]}},"_links":{"self":[{"href":"https:\/\/www.ferrovial.com\/es-es\/wp-json\/wp\/v2\/pages\/112932","targetHints":{"allow":["GET"]}}],"collection":[{"href":"https:\/\/www.ferrovial.com\/es-es\/wp-json\/wp\/v2\/pages"}],"about":[{"href":"https:\/\/www.ferrovial.com\/es-es\/wp-json\/wp\/v2\/types\/page"}],"replies":[{"embeddable":true,"href":"https:\/\/www.ferrovial.com\/es-es\/wp-json\/wp\/v2\/comments?post=112932"}],"version-history":[{"count":3,"href":"https:\/\/www.ferrovial.com\/es-es\/wp-json\/wp\/v2\/pages\/112932\/revisions"}],"predecessor-version":[{"id":163273,"href":"https:\/\/www.ferrovial.com\/es-es\/wp-json\/wp\/v2\/pages\/112932\/revisions\/163273"}],"up":[{"embeddable":true,"href":"https:\/\/www.ferrovial.com\/es-es\/wp-json\/wp\/v2\/pages\/38635"}],"wp:attachment":[{"href":"https:\/\/www.ferrovial.com\/es-es\/wp-json\/wp\/v2\/media?parent=112932"}],"curies":[{"name":"wp","href":"https:\/\/api.w.org\/{rel}","templated":true}]}}