{"id":113013,"date":"2019-09-05T17:31:26","date_gmt":"2019-09-05T15:31:26","guid":{"rendered":"https:\/\/www.ferrovial.com\/empleo\/ofertas\/innovacion\/"},"modified":"2020-10-13T15:51:19","modified_gmt":"2020-10-13T13:51:19","slug":"innovacion","status":"publish","type":"page","link":"https:\/\/www.ferrovial.com\/es-es\/empleo\/ofertas\/innovacion\/","title":{"rendered":"Innovaci\u00f3n"},"content":{"rendered":"    <m-final-content-header >\n            <c-breadcrumb label-text=\"Breadcrumb\" slot=\"breadcrumbs\" type='2' align='left' wrap='wrapped wrapped' aria-label='Vienes de Ofertas de empleo'>\n                        <ol>\n\n                                                            <li><a href=\"https:\/\/www.ferrovial.com\/es-es\/\" title=\"Ferrovial\">Ferrovial<\/a><\/li>\n                                                                        <li><a href=\"https:\/\/www.ferrovial.com\/es-es\/empleo\/\" title=\"Empleo\">Empleo<\/a><\/li>\n                                                                        <li><a href=\"https:\/\/www.ferrovial.com\/es-es\/empleo\/ofertas\/\" title=\"Ofertas de empleo\">Ofertas de empleo<\/a><\/li>\n                                    \n                <\/ol>\n\n                <\/c-breadcrumb>\n    \n        <div slot=\"header\">\n            <h1>\n                Innovaci\u00f3n            <\/h1>\n                    <\/div>\n    <\/m-final-content-header>\n\n    \n\n\n\n\n<m-wysiwig class=\"wp-block-components-wysiwyg\"><div slot=\"maincontent\">\n<h2 class=\"wp-block-heading\">Caracter\u00edsticas de los empleos de&nbsp;<em>innovaci\u00f3n<\/em>&nbsp;en Ferrovial<\/h2>\n\n\n\n<h3 class=\"wp-block-heading\">Descripci\u00f3n<\/h3>\n\n\n\n<p>El profesional de innovaci\u00f3n es una persona cuyo trabajo se centra en el desarrollo de nuevos productos, servicios, procesos e ideas m\u00e1s eficaces, dot\u00e1ndolos de un enfoque disruptivo o revolucionario.<\/p>\n\n\n\n<h3 class=\"wp-block-heading\">Actividades laborales<\/h3>\n\n\n\n<p>Los profesionales del \u00e1rea de innovaci\u00f3n son expertos en gesti\u00f3n de proyectos, pensamiento estrat\u00e9gico y liderazgo. Entre sus tareas principales se encuentran dise\u00f1ar, investigar, desarrollar, analizar y sugerir nuevos conceptos y estrategias, interpretar la estrategia comercial y determinar soluciones innovadoras que respalden la implementaci\u00f3n de la estrategia.<\/p>\n\n\n\n<h3 class=\"wp-block-heading\">Perfil profesional<\/h3>\n\n\n\n<p>Entre sus cualidades principales deben contar:<\/p>\n\n\n\n<ul class=\"wp-block-list\"><li>Capacidad de comunicaci\u00f3n.<\/li><li>Pensamiento estrat\u00e9gico.<\/li><li>Habilidades de liderazgo.<\/li><li>Soluci\u00f3n creativa de problemas.<\/li><li>Resoluci\u00f3n de problemas complejos.<\/li><li>Pensamiento cr\u00edtico.<\/li><li>Creatividad.<\/li><li>Trabajo en equipo<\/li><li>Toma de decisiones.<\/li><li>Orientaci\u00f3n al servicio.<\/li><\/ul>\n\n\n\n<h3 class=\"wp-block-heading\">Titulaciones oficiales<\/h3>\n\n\n\n<ul class=\"wp-block-list\"><li>ADE (Administraci\u00f3n y Direcci\u00f3n de Empresas)<\/li><li>Grado en Ingenier\u00eda en Tecnolog\u00edas Ambientales<\/li><li>Grado en Ingenier\u00eda Civil<\/li><li>Grado en Ingenier\u00eda Mec\u00e1nica<\/li><li>Grado en Ingenier\u00eda Inform\u00e1tica<\/li><li>Grado en Ingenier\u00eda Civil y Territorial<\/li><li>Grado en Ingenier\u00eda El\u00e9ctrica<\/li><li>Doble Grado en Ingenier\u00eda en Dise\u00f1o Industrial y Desarrollo de Producto y en Ingenier\u00eda Mec\u00e1nica<\/li><li>Doble Grado en Ingenier\u00eda El\u00e9ctrica y en Ingenier\u00eda Electr\u00f3nica Industrial y Autom\u00e1tica<\/li><li>Grado en Ingenier\u00eda Electr\u00f3nica Industrial y Autom\u00e1tica<\/li><li>Grado en Ingenier\u00eda en Tecnolog\u00edas Industriales<\/li><\/ul>\n\n\n\n<p><\/p>\n<\/div><\/m-wysiwig>\n\n\n\n    <m-link-list>\n                    <h3 slot=\"maintitle\">\n                Ofertas de empleo en el resto de \u00e1reas funcionales            <\/h3>\n                    <p slot=\"text\">Descripci\u00f3n por defecto<\/p>\n                    <ul slot=\"links\">\n                                    <li>\n                        <c-link external='false' icon='arrow'>\n                            <a href=\"\" title=\"Administraci\u00f3n\">\n                                Administraci\u00f3n                            <\/a>\n                        <\/c-link>\n                    <\/li>\n                                    <li>\n                        <c-link external='false' icon='arrow'>\n                            <a href=\"\" title=\"Aprovisionamiento\">\n                                Aprovisionamiento                            <\/a>\n                        <\/c-link>\n                    <\/li>\n                                    <li>\n                        <c-link external='false' icon='arrow'>\n                            <a href=\"\" title=\"Calidad\">\n                                Calidad                            <\/a>\n                        <\/c-link>\n                    <\/li>\n                                    <li>\n                        <c-link external='false' icon='arrow'>\n                            <a href=\"\" title=\"Compras\">\n                                Compras                            <\/a>\n                        <\/c-link>\n                    <\/li>\n                                    <li>\n                        <c-link external='false' icon='arrow'>\n                            <a href=\"\" title=\"Consultor\u00eda\">\n                                Consultor\u00eda                            <\/a>\n                        <\/c-link>\n                    <\/li>\n                                    <li>\n                        <c-link external='false' icon='arrow'>\n                            <a href=\"\" title=\"Contabilidad \/ Auditor\u00eda\">\n                                Contabilidad \/ Auditor\u00eda                            <\/a>\n                        <\/c-link>\n                    <\/li>\n                                    <li>\n                        <c-link external='false' icon='arrow'>\n                            <a href=\"\" title=\"Control de proyecto \/ Gesti\u00f3n de costes\">\n                                Control de proyecto \/ Gesti\u00f3n de costes                            <\/a>\n                        <\/c-link>\n                    <\/li>\n                                    <li>\n                        <c-link external='false' icon='arrow'>\n                            <a href=\"\" title=\"Gesti\u00f3n\">\n                                Gesti\u00f3n                            <\/a>\n                        <\/c-link>\n                    <\/li>\n                                    <li>\n                        <c-link external='false' icon='arrow'>\n                            <a href=\"\" title=\"Gesti\u00f3n de proyectos\">\n                                Gesti\u00f3n de proyectos                            <\/a>\n                        <\/c-link>\n                    <\/li>\n                                    <li>\n                        <c-link external='false' icon='arrow'>\n                            <a href=\"\" title=\"Desarrollo de negocio\">\n                                Desarrollo de negocio                            <\/a>\n                        <\/c-link>\n                    <\/li>\n                                    <li>\n                        <c-link external='false' icon='arrow'>\n                            <a href=\"\" title=\"Dise\u00f1o\">\n                                Dise\u00f1o                            <\/a>\n                        <\/c-link>\n                    <\/li>\n                                    <li>\n                        <c-link external='false' icon='arrow'>\n                            <a href=\"\" title=\"Finanzas\">\n                                Finanzas                            <\/a>\n                        <\/c-link>\n                    <\/li>\n                                    <li>\n                        <c-link external='false' icon='arrow'>\n                            <a href=\"\" title=\"Ingenier\u00eda\">\n                                Ingenier\u00eda                            <\/a>\n                        <\/c-link>\n                    <\/li>\n                                    <li>\n                        <c-link external='false' icon='arrow'>\n                            <a href=\"\" title=\"Legal\">\n                                Legal                            <\/a>\n                        <\/c-link>\n                    <\/li>\n                                    <li>\n                        <c-link external='false' icon='arrow'>\n                            <a href=\"\" title=\"Log\u00edstica\">\n                                Log\u00edstica                            <\/a>\n                        <\/c-link>\n                    <\/li>\n                                    <li>\n                        <c-link external='false' icon='arrow'>\n                            <a href=\"\" title=\"Marketing y Comunicaci\u00f3n\">\n                                Marketing y Comunicaci\u00f3n                            <\/a>\n                        <\/c-link>\n                    <\/li>\n                                    <li>\n                        <c-link external='false' icon='arrow'>\n                            <a href=\"\" title=\"Medio ambiente\">\n                                Medio ambiente                            <\/a>\n                        <\/c-link>\n                    <\/li>\n                                    <li>\n                        <c-link external='false' icon='arrow'>\n                            <a href=\"\" title=\"Operaciones \/ Producci\u00f3n\">\n                                Operaciones \/ Producci\u00f3n                            <\/a>\n                        <\/c-link>\n                    <\/li>\n                                    <li>\n                        <c-link external='false' icon='arrow'>\n                            <a href=\"\" title=\"Recursos Humanos\">\n                                Recursos Humanos                            <\/a>\n                        <\/c-link>\n                    <\/li>\n                                    <li>\n                        <c-link external='false' icon='arrow'>\n                            <a href=\"\" title=\"Seguridad y Salud\">\n                                Seguridad y Salud                            <\/a>\n                        <\/c-link>\n                    <\/li>\n                                    <li>\n                        <c-link external='false' icon='arrow'>\n                            <a href=\"\" title=\"Sistemas inform\u00e1ticos\">\n                                Sistemas inform\u00e1ticos                            <\/a>\n                        <\/c-link>\n                    <\/li>\n                                    <li>\n                        <c-link external='false' icon='arrow'>\n                            <a href=\"\" title=\"Skilled Trade \/Field\">\n                                Skilled Trade \/Field                            <\/a>\n                        <\/c-link>\n                    <\/li>\n                                    <li>\n                        <c-link external='false' icon='arrow'>\n                            <a href=\"\" title=\"Ventas\">\n                                Ventas                            <\/a>\n                        <\/c-link>\n                    <\/li>\n                            <\/ul>\n            <\/m-link-list>\n    ","protected":false},"excerpt":{"rendered":"","protected":false},"featured_media":0,"parent":112998,"menu_order":0,"comment_status":"closed","ping_status":"closed","template":"","meta":{"_acf_changed":false,"footnotes":""},"class_list":["post-113013","page","type-page","status-publish","hentry"],"acf":[],"yoast_head":"<!-- This site is optimized with the Yoast SEO plugin v27.2 - https:\/\/yoast.com\/product\/yoast-seo-wordpress\/ -->\n<title>Trabajos de Innovaci\u00f3n en Espa\u00f1a. Perfiles Junior &amp; Senior - Ferrovial<\/title>\n<meta name=\"description\" content=\"Ecuentra trabajo de Innovaci\u00f3n en Espa\u00f1a y el extranjero en una multinacional l\u00edder en su sector. Ofrecemos trabajo en Espa\u00f1a, EEUU, UK, Australia, Canada, Chile, Portugal ...\" \/>\n<meta name=\"robots\" content=\"index, follow, max-snippet:-1, max-image-preview:large, max-video-preview:-1\" \/>\n<link rel=\"canonical\" href=\"https:\/\/www.ferrovial.com\/es-es\/empleo\/ofertas\/innovacion\/\" \/>\n<meta property=\"og:locale\" content=\"es_ES\" \/>\n<meta property=\"og:type\" content=\"article\" \/>\n<meta property=\"og:title\" content=\"Trabajos de Innovaci\u00f3n en Espa\u00f1a. Perfiles Junior &amp; Senior - Ferrovial\" \/>\n<meta property=\"og:description\" content=\"Ecuentra trabajo de Innovaci\u00f3n en Espa\u00f1a y el extranjero en una multinacional l\u00edder en su sector. Ofrecemos trabajo en Espa\u00f1a, EEUU, UK, Australia, Canada, Chile, Portugal ...\" \/>\n<meta property=\"og:url\" content=\"https:\/\/www.ferrovial.com\/es-es\/empleo\/ofertas\/innovacion\/\" \/>\n<meta property=\"og:site_name\" content=\"Ferrovial\" \/>\n<meta property=\"article:publisher\" content=\"https:\/\/www.facebook.com\/ferrovial\" \/>\n<meta property=\"article:modified_time\" content=\"2020-10-13T13:51:19+00:00\" \/>\n<meta name=\"twitter:card\" content=\"summary_large_image\" \/>\n<meta name=\"twitter:site\" content=\"@ferrovial\" \/>\n<meta name=\"twitter:label1\" content=\"Tiempo de lectura\" \/>\n\t<meta name=\"twitter:data1\" content=\"1 minuto\" \/>\n<!-- \/ Yoast SEO plugin. -->","yoast_head_json":{"title":"Trabajos de Innovaci\u00f3n en Espa\u00f1a. Perfiles Junior & Senior - Ferrovial","description":"Ecuentra trabajo de Innovaci\u00f3n en Espa\u00f1a y el extranjero en una multinacional l\u00edder en su sector. Ofrecemos trabajo en Espa\u00f1a, EEUU, UK, Australia, Canada, Chile, Portugal ...","robots":{"index":"index","follow":"follow","max-snippet":"max-snippet:-1","max-image-preview":"max-image-preview:large","max-video-preview":"max-video-preview:-1"},"canonical":"https:\/\/www.ferrovial.com\/es-es\/empleo\/ofertas\/innovacion\/","og_locale":"es_ES","og_type":"article","og_title":"Trabajos de Innovaci\u00f3n en Espa\u00f1a. Perfiles Junior & Senior - Ferrovial","og_description":"Ecuentra trabajo de Innovaci\u00f3n en Espa\u00f1a y el extranjero en una multinacional l\u00edder en su sector. Ofrecemos trabajo en Espa\u00f1a, EEUU, UK, Australia, Canada, Chile, Portugal ...","og_url":"https:\/\/www.ferrovial.com\/es-es\/empleo\/ofertas\/innovacion\/","og_site_name":"Ferrovial","article_publisher":"https:\/\/www.facebook.com\/ferrovial","article_modified_time":"2020-10-13T13:51:19+00:00","twitter_card":"summary_large_image","twitter_site":"@ferrovial","twitter_misc":{"Tiempo de lectura":"1 minuto"},"schema":{"@context":"https:\/\/schema.org","@graph":[{"@type":"WebPage","@id":"https:\/\/www.ferrovial.com\/es-es\/empleo\/ofertas\/innovacion\/","url":"https:\/\/www.ferrovial.com\/es-es\/empleo\/ofertas\/innovacion\/","name":"Trabajos de Innovaci\u00f3n en Espa\u00f1a. Perfiles Junior & Senior - Ferrovial","isPartOf":{"@id":"https:\/\/www.ferrovial.com\/es-es\/#website"},"datePublished":"2019-09-05T15:31:26+00:00","dateModified":"2020-10-13T13:51:19+00:00","description":"Ecuentra trabajo de Innovaci\u00f3n en Espa\u00f1a y el extranjero en una multinacional l\u00edder en su sector. Ofrecemos trabajo en Espa\u00f1a, EEUU, UK, Australia, Canada, Chile, Portugal ...","breadcrumb":{"@id":"https:\/\/www.ferrovial.com\/es-es\/empleo\/ofertas\/innovacion\/#breadcrumb"},"inLanguage":"es","potentialAction":[{"@type":"ReadAction","target":["https:\/\/www.ferrovial.com\/es-es\/empleo\/ofertas\/innovacion\/"]}]},{"@type":"BreadcrumbList","@id":"https:\/\/www.ferrovial.com\/es-es\/empleo\/ofertas\/innovacion\/#breadcrumb","itemListElement":[{"@type":"ListItem","position":1,"name":"Portada","item":"https:\/\/www.ferrovial.com\/es-es\/"},{"@type":"ListItem","position":2,"name":"Empleo","item":"https:\/\/www.ferrovial.com\/es-es\/empleo\/"},{"@type":"ListItem","position":3,"name":"Ofertas de empleo","item":"https:\/\/www.ferrovial.com\/es-es\/empleo\/ofertas\/"},{"@type":"ListItem","position":4,"name":"Innovaci\u00f3n"}]},{"@type":"WebSite","@id":"https:\/\/www.ferrovial.com\/es-es\/#website","url":"https:\/\/www.ferrovial.com\/es-es\/","name":"Ferrovial","description":"Welcome to the Ferrovial&#039;s website, global operator of sustainable infrastructure. Here you can find all the information about the company and subsidiaries.","publisher":{"@id":"https:\/\/www.ferrovial.com\/es-es\/#organization"},"potentialAction":[{"@type":"SearchAction","target":{"@type":"EntryPoint","urlTemplate":"https:\/\/www.ferrovial.com\/es-es\/?s={search_term_string}"},"query-input":{"@type":"PropertyValueSpecification","valueRequired":true,"valueName":"search_term_string"}}],"inLanguage":"es"},{"@type":"Organization","@id":"https:\/\/www.ferrovial.com\/es-es\/#organization","name":"Ferrovial S.A.","url":"https:\/\/www.ferrovial.com\/es-es\/","logo":{"@type":"ImageObject","inLanguage":"es","@id":"https:\/\/www.ferrovial.com\/es-es\/#\/schema\/logo\/image\/","url":"https:\/\/static.ferrovial.com\/wp-content\/uploads\/2020\/01\/13124948\/logo-ferrovial-cf7.png","contentUrl":"https:\/\/static.ferrovial.com\/wp-content\/uploads\/2020\/01\/13124948\/logo-ferrovial-cf7.png","width":144,"height":32,"caption":"Ferrovial S.A."},"image":{"@id":"https:\/\/www.ferrovial.com\/es-es\/#\/schema\/logo\/image\/"},"sameAs":["https:\/\/www.facebook.com\/ferrovial","https:\/\/x.com\/ferrovial","https:\/\/www.instagram.com\/ferrovial\/","https:\/\/www.linkedin.com\/company\/ferrovial","https:\/\/www.pinterest.es\/ferrovial\/","https:\/\/www.youtube.com\/ferrovial","https:\/\/en.wikipedia.org\/wiki\/Ferrovial"]}]}},"_links":{"self":[{"href":"https:\/\/www.ferrovial.com\/es-es\/wp-json\/wp\/v2\/pages\/113013","targetHints":{"allow":["GET"]}}],"collection":[{"href":"https:\/\/www.ferrovial.com\/es-es\/wp-json\/wp\/v2\/pages"}],"about":[{"href":"https:\/\/www.ferrovial.com\/es-es\/wp-json\/wp\/v2\/types\/page"}],"replies":[{"embeddable":true,"href":"https:\/\/www.ferrovial.com\/es-es\/wp-json\/wp\/v2\/comments?post=113013"}],"version-history":[{"count":4,"href":"https:\/\/www.ferrovial.com\/es-es\/wp-json\/wp\/v2\/pages\/113013\/revisions"}],"predecessor-version":[{"id":184791,"href":"https:\/\/www.ferrovial.com\/es-es\/wp-json\/wp\/v2\/pages\/113013\/revisions\/184791"}],"up":[{"embeddable":true,"href":"https:\/\/www.ferrovial.com\/es-es\/wp-json\/wp\/v2\/pages\/112998"}],"wp:attachment":[{"href":"https:\/\/www.ferrovial.com\/es-es\/wp-json\/wp\/v2\/media?parent=113013"}],"curies":[{"name":"wp","href":"https:\/\/api.w.org\/{rel}","templated":true}]}}