{"id":113021,"date":"2019-09-05T17:24:02","date_gmt":"2019-09-05T15:24:02","guid":{"rendered":"https:\/\/www.ferrovial.com\/empleo\/ofertas\/contabilidad\/"},"modified":"2020-10-14T09:11:56","modified_gmt":"2020-10-14T07:11:56","slug":"contabilidad","status":"publish","type":"page","link":"https:\/\/www.ferrovial.com\/es-es\/empleo\/ofertas\/contabilidad\/","title":{"rendered":"Contabilidad \/ Auditor\u00eda"},"content":{"rendered":"    <m-final-content-header >\n            <c-breadcrumb label-text=\"Breadcrumb\" slot=\"breadcrumbs\" type='2' align='left' wrap='wrapped wrapped' aria-label='Vienes de Ofertas de empleo'>\n                        <ol>\n\n                                                            <li><a href=\"https:\/\/www.ferrovial.com\/es-es\/\" title=\"Ferrovial\">Ferrovial<\/a><\/li>\n                                                                        <li><a href=\"https:\/\/www.ferrovial.com\/es-es\/empleo\/\" title=\"Empleo\">Empleo<\/a><\/li>\n                                                                        <li><a href=\"https:\/\/www.ferrovial.com\/es-es\/empleo\/ofertas\/\" title=\"Ofertas de empleo\">Ofertas de empleo<\/a><\/li>\n                                    \n                <\/ol>\n\n                <\/c-breadcrumb>\n    \n        <div slot=\"header\">\n            <h1>\n                Contabilidad \/ Auditor\u00eda            <\/h1>\n                    <\/div>\n    <\/m-final-content-header>\n\n    \n\n\n\n\n<m-wysiwig class=\"wp-block-components-wysiwyg\"><div slot=\"maincontent\">\n<h2 class=\"wp-block-heading\">Caracter\u00edsticas de los empleos de&nbsp;<em>contabilidad\/auditor\u00eda<\/em>&nbsp;en Ferrovial<\/h2>\n\n\n\n<h3 class=\"wp-block-heading\">Descripci\u00f3n:<\/h3>\n\n\n\n<p>Se encarga de realizar las auditor\u00edas internas contables, de finanzas y de los procesos de la empresa. Parte de su labor tambi\u00e9n consiste en planificar una auditor\u00eda anual, interpretar y analizar la informaci\u00f3n, realizar propuestas y establecer un seguimiento. Valoraci\u00f3n objetiva e independiente del funcionamiento de la compa\u00f1\u00eda o departamentos en cuanto a procesos, gesti\u00f3n, inversi\u00f3n, costes y\/o relaciones laborales.<\/p>\n\n\n\n<h3 class=\"wp-block-heading\">Actividades laborales:<\/h3>\n\n\n\n<ul class=\"wp-block-list\"><li>Se encarga de colaborar en la gesti\u00f3n contable y fiscal de la empresa y los empleados.<\/li><li>Tambi\u00e9n participa en el control financiero.<\/li><li>Control de la eficacia de las operaciones que se realizan en la compa\u00f1\u00eda.<\/li><li>Preparaci\u00f3n de informes financieros y de auditor\u00eda.<\/li><li>Encargados de mantener la transparencia de los activos que entran o salen de la compa\u00f1\u00eda.<\/li><li>En ciertos momentos, pueden llegar a ocupar un perfil de asesor financiero al establecer un control y proponer estrategias que contienen riesgos, reducen costes; proponen soluciones para el incremento de la productividad y el aumento de los m\u00e1rgenes de ganancia.<\/li><li>An\u00e1lisis de los registros de la empresa, as\u00ed como conocimiento y aprendizaje de la documentaci\u00f3n financiera de la empresa y sus departamentos.<\/li><\/ul>\n\n\n\n<h3 class=\"wp-block-heading\">Perfil profesional<\/h3>\n\n\n\n<ul class=\"wp-block-list\"><li>Preparado en cuanto a formaci\u00f3n universitaria (licenciaturas, grados, m\u00e1ster o posgrados especializados).<\/li><li>Grandes habilidades para la comunicaci\u00f3n y la simplificaci\u00f3n de conceptos t\u00e9cnicos.<\/li><li>Habilidad en el trato personal y las relaciones.<\/li><li>Capacidad de anal\u00edtica.<\/li><li>Un perfil muy observador para ser capaz de identificar errores o fallos en los procesos de control o gesti\u00f3n.<\/li><li>Debe tener tendencia al dinamismo, la proactividad, la toma de iniciativas y la capacidad de reponerse y aprender de los errores.<\/li><li>Capacidad de liderazgo.<\/li><li>Habilidades para la gesti\u00f3n, planificaci\u00f3n y organizaci\u00f3n.<\/li><li>Objetividad, independencia e imparcialidad.<\/li><li>Alto nivel de conocimiento de programas inform\u00e1ticos especializados.<\/li><li>Permanecer actualizado con respecto a la legislaci\u00f3n y normativa a seguir por la compa\u00f1\u00eda.<\/li><\/ul>\n\n\n\n<h3 class=\"wp-block-heading\">Titulaciones oficiales<\/h3>\n\n\n\n<ul class=\"wp-block-list\"><li>Licenciatura o grado en Administraci\u00f3n de Empresas<\/li><li>Grado superior en Administraci\u00f3n y Finanzas<\/li><li>Matem\u00e1ticas<\/li><li>Marketing<\/li><li>Contabilidad<\/li><li>Posgrados relacionados con la consultor\u00eda de negocio, las empresas o las finanzas.<\/li><\/ul>\n<\/div><\/m-wysiwig>\n\n\n\n    <m-link-list>\n                    <h3 slot=\"maintitle\">\n                Ofertas de empleo en el resto de \u00e1reas funcionales            <\/h3>\n                    <p slot=\"text\">Descripci\u00f3n por defecto<\/p>\n                    <ul slot=\"links\">\n                                    <li>\n                        <c-link external='false' icon='arrow'>\n                            <a href=\"\" title=\"Administraci\u00f3n\">\n                                Administraci\u00f3n                            <\/a>\n                        <\/c-link>\n                    <\/li>\n                                    <li>\n                        <c-link external='false' icon='arrow'>\n                            <a href=\"\" title=\"Aprovisionamiento\">\n                                Aprovisionamiento                            <\/a>\n                        <\/c-link>\n                    <\/li>\n                                    <li>\n                        <c-link external='false' icon='arrow'>\n                            <a href=\"\" title=\"Calidad\">\n                                Calidad                            <\/a>\n                        <\/c-link>\n                    <\/li>\n                                    <li>\n                        <c-link external='false' icon='arrow'>\n                            <a href=\"\" title=\"Compras\">\n                                Compras                            <\/a>\n                        <\/c-link>\n                    <\/li>\n                                    <li>\n                        <c-link external='false' icon='arrow'>\n                            <a href=\"\" title=\"Consultor\u00eda\">\n                                Consultor\u00eda                            <\/a>\n                        <\/c-link>\n                    <\/li>\n                                    <li>\n                        <c-link external='false' icon='arrow'>\n                            <a href=\"\" title=\"Control de proyecto \/ Gesti\u00f3n de costes\">\n                                Control de proyecto \/ Gesti\u00f3n de costes                            <\/a>\n                        <\/c-link>\n                    <\/li>\n                                    <li>\n                        <c-link external='false' icon='arrow'>\n                            <a href=\"\" title=\"Gesti\u00f3n\">\n                                Gesti\u00f3n                            <\/a>\n                        <\/c-link>\n                    <\/li>\n                                    <li>\n                        <c-link external='false' icon='arrow'>\n                            <a href=\"\" title=\"Gesti\u00f3n de proyectos\">\n                                Gesti\u00f3n de proyectos                            <\/a>\n                        <\/c-link>\n                    <\/li>\n                                    <li>\n                        <c-link external='false' icon='arrow'>\n                            <a href=\"\" title=\"Desarrollo de negocio\">\n                                Desarrollo de negocio                            <\/a>\n                        <\/c-link>\n                    <\/li>\n                                    <li>\n                        <c-link external='false' icon='arrow'>\n                            <a href=\"\" title=\"Dise\u00f1o\">\n                                Dise\u00f1o                            <\/a>\n                        <\/c-link>\n                    <\/li>\n                                    <li>\n                        <c-link external='false' icon='arrow'>\n                            <a href=\"\" title=\"Finanzas\">\n                                Finanzas                            <\/a>\n                        <\/c-link>\n                    <\/li>\n                                    <li>\n                        <c-link external='false' icon='arrow'>\n                            <a href=\"\" title=\"Ingenier\u00eda\">\n                                Ingenier\u00eda                            <\/a>\n                        <\/c-link>\n                    <\/li>\n                                    <li>\n                        <c-link external='false' icon='arrow'>\n                            <a href=\"\" title=\"Innovaci\u00f3n\">\n                                Innovaci\u00f3n                            <\/a>\n                        <\/c-link>\n                    <\/li>\n                                    <li>\n                        <c-link external='false' icon='arrow'>\n                            <a href=\"\" title=\"Legal\">\n                                Legal                            <\/a>\n                        <\/c-link>\n                    <\/li>\n                                    <li>\n                        <c-link external='false' icon='arrow'>\n                            <a href=\"\" title=\"Log\u00edstica\">\n                                Log\u00edstica                            <\/a>\n                        <\/c-link>\n                    <\/li>\n                                    <li>\n                        <c-link external='false' icon='arrow'>\n                            <a href=\"\" title=\"Marketing y Comunicaci\u00f3n\">\n                                Marketing y Comunicaci\u00f3n                            <\/a>\n                        <\/c-link>\n                    <\/li>\n                                    <li>\n                        <c-link external='false' icon='arrow'>\n                            <a href=\"\" title=\"Medio ambiente\">\n                                Medio ambiente                            <\/a>\n                        <\/c-link>\n                    <\/li>\n                                    <li>\n                        <c-link external='false' icon='arrow'>\n                            <a href=\"\" title=\"Operaciones \/ Producci\u00f3n\">\n                                Operaciones \/ Producci\u00f3n                            <\/a>\n                        <\/c-link>\n                    <\/li>\n                                    <li>\n                        <c-link external='false' icon='arrow'>\n                            <a href=\"\" title=\"Recursos Humanos\">\n                                Recursos Humanos                            <\/a>\n                        <\/c-link>\n                    <\/li>\n                                    <li>\n                        <c-link external='false' icon='arrow'>\n                            <a href=\"\" title=\"Seguridad y Salud\">\n                                Seguridad y Salud                            <\/a>\n                        <\/c-link>\n                    <\/li>\n                                    <li>\n                        <c-link external='false' icon='arrow'>\n                            <a href=\"\" title=\"Sistemas inform\u00e1ticos\">\n                                Sistemas inform\u00e1ticos                            <\/a>\n                        <\/c-link>\n                    <\/li>\n                                    <li>\n                        <c-link external='false' icon='arrow'>\n                            <a href=\"\" title=\"Skilled Trade \/Field\">\n                                Skilled Trade \/Field                            <\/a>\n                        <\/c-link>\n                    <\/li>\n                                    <li>\n                        <c-link external='false' icon='arrow'>\n                            <a href=\"\" title=\"Ventas\">\n                                Ventas                            <\/a>\n                        <\/c-link>\n                    <\/li>\n                            <\/ul>\n            <\/m-link-list>\n    ","protected":false},"excerpt":{"rendered":"","protected":false},"featured_media":0,"parent":112998,"menu_order":0,"comment_status":"closed","ping_status":"closed","template":"","meta":{"_acf_changed":false,"footnotes":""},"class_list":["post-113021","page","type-page","status-publish","hentry"],"acf":[],"yoast_head":"<!-- This site is optimized with the Yoast SEO plugin v27.2 - https:\/\/yoast.com\/product\/yoast-seo-wordpress\/ -->\n<title>Trabajos de Contabilidad en Espa\u00f1a. Perfiles Junior &amp; Senior - Ferrovial<\/title>\n<meta name=\"description\" content=\"Ecuentra trabajo de Contabilidad en Espa\u00f1a y el extranjero en una multinacional l\u00edder en su sector. Ofrecemos trabajo en Espa\u00f1a, EEUU, UK, Australia, Canada, Chile, Portugal ...\" \/>\n<meta name=\"robots\" content=\"index, follow, max-snippet:-1, max-image-preview:large, max-video-preview:-1\" \/>\n<link rel=\"canonical\" href=\"https:\/\/www.ferrovial.com\/es-es\/empleo\/ofertas\/contabilidad\/\" \/>\n<meta property=\"og:locale\" content=\"es_ES\" \/>\n<meta property=\"og:type\" content=\"article\" \/>\n<meta property=\"og:title\" content=\"Trabajos de Contabilidad en Espa\u00f1a. Perfiles Junior &amp; Senior - Ferrovial\" \/>\n<meta property=\"og:description\" content=\"Ecuentra trabajo de Contabilidad en Espa\u00f1a y el extranjero en una multinacional l\u00edder en su sector. Ofrecemos trabajo en Espa\u00f1a, EEUU, UK, Australia, Canada, Chile, Portugal ...\" \/>\n<meta property=\"og:url\" content=\"https:\/\/www.ferrovial.com\/es-es\/empleo\/ofertas\/contabilidad\/\" \/>\n<meta property=\"og:site_name\" content=\"Ferrovial\" \/>\n<meta property=\"article:publisher\" content=\"https:\/\/www.facebook.com\/ferrovial\" \/>\n<meta property=\"article:modified_time\" content=\"2020-10-14T07:11:56+00:00\" \/>\n<meta name=\"twitter:card\" content=\"summary_large_image\" \/>\n<meta name=\"twitter:site\" content=\"@ferrovial\" \/>\n<meta name=\"twitter:label1\" content=\"Tiempo de lectura\" \/>\n\t<meta name=\"twitter:data1\" content=\"2 minutos\" \/>\n<!-- \/ Yoast SEO plugin. -->","yoast_head_json":{"title":"Trabajos de Contabilidad en Espa\u00f1a. Perfiles Junior & Senior - Ferrovial","description":"Ecuentra trabajo de Contabilidad en Espa\u00f1a y el extranjero en una multinacional l\u00edder en su sector. Ofrecemos trabajo en Espa\u00f1a, EEUU, UK, Australia, Canada, Chile, Portugal ...","robots":{"index":"index","follow":"follow","max-snippet":"max-snippet:-1","max-image-preview":"max-image-preview:large","max-video-preview":"max-video-preview:-1"},"canonical":"https:\/\/www.ferrovial.com\/es-es\/empleo\/ofertas\/contabilidad\/","og_locale":"es_ES","og_type":"article","og_title":"Trabajos de Contabilidad en Espa\u00f1a. Perfiles Junior & Senior - Ferrovial","og_description":"Ecuentra trabajo de Contabilidad en Espa\u00f1a y el extranjero en una multinacional l\u00edder en su sector. Ofrecemos trabajo en Espa\u00f1a, EEUU, UK, Australia, Canada, Chile, Portugal ...","og_url":"https:\/\/www.ferrovial.com\/es-es\/empleo\/ofertas\/contabilidad\/","og_site_name":"Ferrovial","article_publisher":"https:\/\/www.facebook.com\/ferrovial","article_modified_time":"2020-10-14T07:11:56+00:00","twitter_card":"summary_large_image","twitter_site":"@ferrovial","twitter_misc":{"Tiempo de lectura":"2 minutos"},"schema":{"@context":"https:\/\/schema.org","@graph":[{"@type":"WebPage","@id":"https:\/\/www.ferrovial.com\/es-es\/empleo\/ofertas\/contabilidad\/","url":"https:\/\/www.ferrovial.com\/es-es\/empleo\/ofertas\/contabilidad\/","name":"Trabajos de Contabilidad en Espa\u00f1a. Perfiles Junior & Senior - Ferrovial","isPartOf":{"@id":"https:\/\/www.ferrovial.com\/es-es\/#website"},"datePublished":"2019-09-05T15:24:02+00:00","dateModified":"2020-10-14T07:11:56+00:00","description":"Ecuentra trabajo de Contabilidad en Espa\u00f1a y el extranjero en una multinacional l\u00edder en su sector. Ofrecemos trabajo en Espa\u00f1a, EEUU, UK, Australia, Canada, Chile, Portugal ...","breadcrumb":{"@id":"https:\/\/www.ferrovial.com\/es-es\/empleo\/ofertas\/contabilidad\/#breadcrumb"},"inLanguage":"es","potentialAction":[{"@type":"ReadAction","target":["https:\/\/www.ferrovial.com\/es-es\/empleo\/ofertas\/contabilidad\/"]}]},{"@type":"BreadcrumbList","@id":"https:\/\/www.ferrovial.com\/es-es\/empleo\/ofertas\/contabilidad\/#breadcrumb","itemListElement":[{"@type":"ListItem","position":1,"name":"Portada","item":"https:\/\/www.ferrovial.com\/es-es\/"},{"@type":"ListItem","position":2,"name":"Empleo","item":"https:\/\/www.ferrovial.com\/es-es\/empleo\/"},{"@type":"ListItem","position":3,"name":"Ofertas de empleo","item":"https:\/\/www.ferrovial.com\/es-es\/empleo\/ofertas\/"},{"@type":"ListItem","position":4,"name":"Contabilidad \/ Auditor\u00eda"}]},{"@type":"WebSite","@id":"https:\/\/www.ferrovial.com\/es-es\/#website","url":"https:\/\/www.ferrovial.com\/es-es\/","name":"Ferrovial","description":"Welcome to the Ferrovial&#039;s website, global operator of sustainable infrastructure. Here you can find all the information about the company and subsidiaries.","publisher":{"@id":"https:\/\/www.ferrovial.com\/es-es\/#organization"},"potentialAction":[{"@type":"SearchAction","target":{"@type":"EntryPoint","urlTemplate":"https:\/\/www.ferrovial.com\/es-es\/?s={search_term_string}"},"query-input":{"@type":"PropertyValueSpecification","valueRequired":true,"valueName":"search_term_string"}}],"inLanguage":"es"},{"@type":"Organization","@id":"https:\/\/www.ferrovial.com\/es-es\/#organization","name":"Ferrovial S.A.","url":"https:\/\/www.ferrovial.com\/es-es\/","logo":{"@type":"ImageObject","inLanguage":"es","@id":"https:\/\/www.ferrovial.com\/es-es\/#\/schema\/logo\/image\/","url":"https:\/\/static.ferrovial.com\/wp-content\/uploads\/2020\/01\/13124948\/logo-ferrovial-cf7.png","contentUrl":"https:\/\/static.ferrovial.com\/wp-content\/uploads\/2020\/01\/13124948\/logo-ferrovial-cf7.png","width":144,"height":32,"caption":"Ferrovial S.A."},"image":{"@id":"https:\/\/www.ferrovial.com\/es-es\/#\/schema\/logo\/image\/"},"sameAs":["https:\/\/www.facebook.com\/ferrovial","https:\/\/x.com\/ferrovial","https:\/\/www.instagram.com\/ferrovial\/","https:\/\/www.linkedin.com\/company\/ferrovial","https:\/\/www.pinterest.es\/ferrovial\/","https:\/\/www.youtube.com\/ferrovial","https:\/\/en.wikipedia.org\/wiki\/Ferrovial"]}]}},"_links":{"self":[{"href":"https:\/\/www.ferrovial.com\/es-es\/wp-json\/wp\/v2\/pages\/113021","targetHints":{"allow":["GET"]}}],"collection":[{"href":"https:\/\/www.ferrovial.com\/es-es\/wp-json\/wp\/v2\/pages"}],"about":[{"href":"https:\/\/www.ferrovial.com\/es-es\/wp-json\/wp\/v2\/types\/page"}],"replies":[{"embeddable":true,"href":"https:\/\/www.ferrovial.com\/es-es\/wp-json\/wp\/v2\/comments?post=113021"}],"version-history":[{"count":3,"href":"https:\/\/www.ferrovial.com\/es-es\/wp-json\/wp\/v2\/pages\/113021\/revisions"}],"predecessor-version":[{"id":184775,"href":"https:\/\/www.ferrovial.com\/es-es\/wp-json\/wp\/v2\/pages\/113021\/revisions\/184775"}],"up":[{"embeddable":true,"href":"https:\/\/www.ferrovial.com\/es-es\/wp-json\/wp\/v2\/pages\/112998"}],"wp:attachment":[{"href":"https:\/\/www.ferrovial.com\/es-es\/wp-json\/wp\/v2\/media?parent=113021"}],"curies":[{"name":"wp","href":"https:\/\/api.w.org\/{rel}","templated":true}]}}