{"id":113033,"date":"2019-11-08T11:38:35","date_gmt":"2019-11-08T10:38:35","guid":{"rendered":"https:\/\/www.ferrovial.com\/empleo\/por-que-ferrovial\/seguridad-salud\/sistema-de-gestion-de-seguridad-y-salud\/"},"modified":"2021-05-24T09:50:10","modified_gmt":"2021-05-24T07:50:10","slug":"estrategia-salud-seguridad-bienestar","status":"publish","type":"page","link":"https:\/\/www.ferrovial.com\/es-es\/sostenibilidad\/seguridad-salud\/estrategia-salud-seguridad-bienestar\/","title":{"rendered":"Estrategia de salud, seguridad y bienestar"},"content":{"rendered":"    <m-final-content-header bgimage='https:\/\/static.ferrovial.com\/wp-content\/uploads\/2020\/07\/13124255\/sistema-de-gestion-de-seguridad-y-salud.jpg'>\n            <c-breadcrumb label-text=\"Breadcrumb\" slot=\"breadcrumbs\" type='2' align='left' wrap='wrapped wrapped' aria-label='Vienes de Seguridad, salud y bienestar'>\n                        <ol>\n\n                                                            <li><a href=\"https:\/\/www.ferrovial.com\/es-es\/\" title=\"Ferrovial\">Ferrovial<\/a><\/li>\n                                                                        <li><a href=\"https:\/\/www.ferrovial.com\/es\/sostenibilidad\/\" title=\"Sostenibilidad\">Sostenibilidad<\/a><\/li>\n                                                                        <li><a href=\"https:\/\/www.ferrovial.com\/es\/sostenibilidad\/seguridad-salud\/\" title=\"Seguridad, salud y bienestar\">Seguridad, salud y bienestar<\/a><\/li>\n                                    \n                <\/ol>\n\n                <\/c-breadcrumb>\n    \n        <div slot=\"header\">\n            <h1>\n                Estrategia de salud, seguridad y bienestar            <\/h1>\n                    <\/div>\n    <\/m-final-content-header>\n\n    \n\n\n<m-wysiwig class=\"wp-block-components-wysiwyg\"><div slot=\"maincontent\">    <p class=\"intro\">La seguridad, la salud y el bienestar en el lugar de trabajo son fundamentales para alcanzar la excelencia operativa, ya que refuerzan nuestro compromiso con todas y cada una de las personas que forman parte de nuestro equipo. Esto implica trabajar para aplicar medidas de prevenci\u00f3n de riesgos laborales.<\/p>\n    \n\n\n<p>Una de las formas de hacerlo es estableciendo los cuatro pilares de nuestra estrategia de seguridad, salud y bienestar:<\/p>\n\n\n\n<h2 class=\"wp-block-heading\">Resiliencia<\/h2>\n\n\n\n<p>Conocida como la capacidad de un sistema para ajustar su funcionamiento antes, durante o despu\u00e9s de los cambios o perturbaciones y, por tanto, mantener el funcionamiento normal a pesar de las circunstancias. Ahora sabemos que a veces las cosas van mal, por lo que es necesario tener en cuenta la posibilidad de que se produzcan fallos y tenerla en cuenta en los planteamientos de gesti\u00f3n pertinentes. En este sentido, la resiliencia desempe\u00f1a un papel fundamental al ayudarnos a dar un paso m\u00e1s all\u00e1 del enfoque convencional hacia uno que nos permita hacer frente a cualquier situaci\u00f3n, por inesperada que sea.<\/p>\n\n\n\n<p>Esta evoluci\u00f3n de la resiliencia sirve para apuntalar nuestro conocimiento de los m\u00e9todos y t\u00e9cnicas existentes, ya que los mejoramos constantemente. S\u00f3lo podemos avanzar si entendemos nuestro d\u00eda a d\u00eda y c\u00f3mo responder a cosas que de otro modo ser\u00edan invisibles para nosotros.<\/p>\n\n\n\n<h2 class=\"wp-block-heading\">Competencia<\/h2>\n\n\n\n<p>Para que esta cultura sea lo m\u00e1s eficaz posible, tambi\u00e9n es necesario garantizar que los empleados, que son los que tienen la responsabilidad, tengan todo lo que necesitan para hacer el trabajo.<\/p>\n\n\n\n<p>Recientemente hemos identificado un conjunto de buenas pr\u00e1cticas para ofrecer un enfoque m\u00e1s estructurado y coherente de la competencia, y en este contexto se ha concebido la \u00abLicencia para operar\u00bb.<\/p>\n\n\n\n<p>El objetivo de esta iniciativa es identificar los puestos que son cr\u00edticos para la seguridad, garantizar que las personas tienen las competencias que necesitan para el trabajo, que las necesidades de formaci\u00f3n de la organizaci\u00f3n se eval\u00faan con precisi\u00f3n y que los compa\u00f1eros est\u00e1n preparados para el desarrollo de su carrera y la movilidad en toda la empresa.<\/p>\n\n\n\n<h2 class=\"wp-block-heading\">Liderazgo<\/h2>\n\n\n\n<p>Nuestros l\u00edderes son los que impulsar\u00e1n el cambio hacia nuestro futuro. Tenemos la responsabilidad de inspirar a los compa\u00f1eros y promover el cambio.<\/p>\n\n\n\n<p>El liderazgo, en este caso, no se refiere necesariamente al del Comit\u00e9 de Direcci\u00f3n o de los mandos superiores o intermedios. Los mejores l\u00edderes son aquellos que ayudan a sus colaboradores a mejorar sus h\u00e1bitos. El objetivo es ver a las personas como colaboradores, ya que representan la soluci\u00f3n, no el problema.<\/p>\n\n\n\n<p>Tambi\u00e9n es importante reconocer y recompensar los logros y la participaci\u00f3n de los equipos. Cuando se valora a los compa\u00f1eros y su trabajo, se aumenta su satisfacci\u00f3n y productividad, motiv\u00e1ndolos a mejorar su rendimiento.<\/p>\n\n\n\n<h2 class=\"wp-block-heading\">Compromiso<\/h2>\n\n\n\n<p>Las encuestas muestran que las empresas con un mayor nivel de compromiso tienen un 70% menos de accidentes que las empresas con menos compromiso.<\/p>\n\n\n\n<p>Para fomentar el compromiso, es importante establecer la seguridad como un valor fundamental de la cultura corporativa, aplicar un refuerzo positivo y hacer que los compa\u00f1eros sientan que son due\u00f1os del proceso de seguridad. La implicaci\u00f3n del equipo es importante para crear un entorno de trabajo seguro en el que los empleados no s\u00f3lo se sientan seguros para trabajar, sino tambi\u00e9n para hablar cuando haya un problema. Cuando todos los compa\u00f1eros se comprometen con la seguridad a todos los niveles, todos se convierten en gestores de la seguridad, ayudando a garantizar que todos lleguen a casa sanos y salvos al final del d\u00eda.<\/p>\n<\/div><\/m-wysiwig>\n","protected":false},"excerpt":{"rendered":"","protected":false},"featured_media":0,"parent":113030,"menu_order":0,"comment_status":"closed","ping_status":"closed","template":"","meta":{"_acf_changed":false,"footnotes":""},"class_list":["post-113033","page","type-page","status-publish","hentry"],"acf":[],"yoast_head":"<!-- This site is optimized with the Yoast SEO plugin v27.2 - https:\/\/yoast.com\/product\/yoast-seo-wordpress\/ -->\n<title>Estrategia de salud, seguridad y bienestar - Ferrovial<\/title>\n<meta name=\"description\" content=\"Welcome to the Ferrovial&#039;s website, global operator of sustainable infrastructure. Here you can find all the information about the company and subsidiaries.\" \/>\n<meta name=\"robots\" content=\"index, follow, max-snippet:-1, max-image-preview:large, max-video-preview:-1\" \/>\n<link rel=\"canonical\" href=\"https:\/\/www.ferrovial.com\/es-es\/sostenibilidad\/seguridad-salud\/estrategia-salud-seguridad-bienestar\/\" \/>\n<meta property=\"og:locale\" content=\"es_ES\" \/>\n<meta property=\"og:type\" content=\"article\" \/>\n<meta property=\"og:title\" content=\"Estrategia de salud, seguridad y bienestar - Ferrovial\" \/>\n<meta property=\"og:description\" content=\"Welcome to the Ferrovial&#039;s website, global operator of sustainable infrastructure. Here you can find all the information about the company and subsidiaries.\" \/>\n<meta property=\"og:url\" content=\"https:\/\/www.ferrovial.com\/es-es\/sostenibilidad\/seguridad-salud\/estrategia-salud-seguridad-bienestar\/\" \/>\n<meta property=\"og:site_name\" content=\"Ferrovial\" \/>\n<meta property=\"article:publisher\" content=\"https:\/\/www.facebook.com\/ferrovial\" \/>\n<meta property=\"article:modified_time\" content=\"2021-05-24T07:50:10+00:00\" \/>\n<meta name=\"twitter:card\" content=\"summary_large_image\" \/>\n<meta name=\"twitter:site\" content=\"@ferrovial\" \/>\n<meta name=\"twitter:label1\" content=\"Tiempo de lectura\" \/>\n\t<meta name=\"twitter:data1\" content=\"3 minutos\" \/>\n<!-- \/ Yoast SEO plugin. -->","yoast_head_json":{"title":"Estrategia de salud, seguridad y bienestar - Ferrovial","description":"Welcome to the Ferrovial's website, global operator of sustainable infrastructure. Here you can find all the information about the company and subsidiaries.","robots":{"index":"index","follow":"follow","max-snippet":"max-snippet:-1","max-image-preview":"max-image-preview:large","max-video-preview":"max-video-preview:-1"},"canonical":"https:\/\/www.ferrovial.com\/es-es\/sostenibilidad\/seguridad-salud\/estrategia-salud-seguridad-bienestar\/","og_locale":"es_ES","og_type":"article","og_title":"Estrategia de salud, seguridad y bienestar - Ferrovial","og_description":"Welcome to the Ferrovial's website, global operator of sustainable infrastructure. Here you can find all the information about the company and subsidiaries.","og_url":"https:\/\/www.ferrovial.com\/es-es\/sostenibilidad\/seguridad-salud\/estrategia-salud-seguridad-bienestar\/","og_site_name":"Ferrovial","article_publisher":"https:\/\/www.facebook.com\/ferrovial","article_modified_time":"2021-05-24T07:50:10+00:00","twitter_card":"summary_large_image","twitter_site":"@ferrovial","twitter_misc":{"Tiempo de lectura":"3 minutos"},"schema":{"@context":"https:\/\/schema.org","@graph":[{"@type":"WebPage","@id":"https:\/\/www.ferrovial.com\/es-es\/sostenibilidad\/seguridad-salud\/estrategia-salud-seguridad-bienestar\/","url":"https:\/\/www.ferrovial.com\/es-es\/sostenibilidad\/seguridad-salud\/estrategia-salud-seguridad-bienestar\/","name":"Estrategia de salud, seguridad y bienestar - Ferrovial","isPartOf":{"@id":"https:\/\/www.ferrovial.com\/es-es\/#website"},"datePublished":"2019-11-08T10:38:35+00:00","dateModified":"2021-05-24T07:50:10+00:00","description":"Welcome to the Ferrovial's website, global operator of sustainable infrastructure. Here you can find all the information about the company and subsidiaries.","breadcrumb":{"@id":"https:\/\/www.ferrovial.com\/es-es\/sostenibilidad\/seguridad-salud\/estrategia-salud-seguridad-bienestar\/#breadcrumb"},"inLanguage":"es","potentialAction":[{"@type":"ReadAction","target":["https:\/\/www.ferrovial.com\/es-es\/sostenibilidad\/seguridad-salud\/estrategia-salud-seguridad-bienestar\/"]}]},{"@type":"BreadcrumbList","@id":"https:\/\/www.ferrovial.com\/es-es\/sostenibilidad\/seguridad-salud\/estrategia-salud-seguridad-bienestar\/#breadcrumb","itemListElement":[{"@type":"ListItem","position":1,"name":"Portada","item":"https:\/\/www.ferrovial.com\/es-es\/"},{"@type":"ListItem","position":2,"name":"Sostenibilidad","item":"https:\/\/www.ferrovial.com\/es-es\/sostenibilidad\/"},{"@type":"ListItem","position":3,"name":"Seguridad, salud y bienestar","item":"https:\/\/www.ferrovial.com\/es-es\/sostenibilidad\/seguridad-salud\/"},{"@type":"ListItem","position":4,"name":"Estrategia de salud, seguridad y bienestar"}]},{"@type":"WebSite","@id":"https:\/\/www.ferrovial.com\/es-es\/#website","url":"https:\/\/www.ferrovial.com\/es-es\/","name":"Ferrovial","description":"Welcome to the Ferrovial&#039;s website, global operator of sustainable infrastructure. Here you can find all the information about the company and subsidiaries.","publisher":{"@id":"https:\/\/www.ferrovial.com\/es-es\/#organization"},"potentialAction":[{"@type":"SearchAction","target":{"@type":"EntryPoint","urlTemplate":"https:\/\/www.ferrovial.com\/es-es\/?s={search_term_string}"},"query-input":{"@type":"PropertyValueSpecification","valueRequired":true,"valueName":"search_term_string"}}],"inLanguage":"es"},{"@type":"Organization","@id":"https:\/\/www.ferrovial.com\/es-es\/#organization","name":"Ferrovial S.A.","url":"https:\/\/www.ferrovial.com\/es-es\/","logo":{"@type":"ImageObject","inLanguage":"es","@id":"https:\/\/www.ferrovial.com\/es-es\/#\/schema\/logo\/image\/","url":"https:\/\/static.ferrovial.com\/wp-content\/uploads\/2020\/01\/13124948\/logo-ferrovial-cf7.png","contentUrl":"https:\/\/static.ferrovial.com\/wp-content\/uploads\/2020\/01\/13124948\/logo-ferrovial-cf7.png","width":144,"height":32,"caption":"Ferrovial S.A."},"image":{"@id":"https:\/\/www.ferrovial.com\/es-es\/#\/schema\/logo\/image\/"},"sameAs":["https:\/\/www.facebook.com\/ferrovial","https:\/\/x.com\/ferrovial","https:\/\/www.instagram.com\/ferrovial\/","https:\/\/www.linkedin.com\/company\/ferrovial","https:\/\/www.pinterest.es\/ferrovial\/","https:\/\/www.youtube.com\/ferrovial","https:\/\/en.wikipedia.org\/wiki\/Ferrovial"]}]}},"_links":{"self":[{"href":"https:\/\/www.ferrovial.com\/es-es\/wp-json\/wp\/v2\/pages\/113033","targetHints":{"allow":["GET"]}}],"collection":[{"href":"https:\/\/www.ferrovial.com\/es-es\/wp-json\/wp\/v2\/pages"}],"about":[{"href":"https:\/\/www.ferrovial.com\/es-es\/wp-json\/wp\/v2\/types\/page"}],"replies":[{"embeddable":true,"href":"https:\/\/www.ferrovial.com\/es-es\/wp-json\/wp\/v2\/comments?post=113033"}],"version-history":[{"count":3,"href":"https:\/\/www.ferrovial.com\/es-es\/wp-json\/wp\/v2\/pages\/113033\/revisions"}],"predecessor-version":[{"id":194955,"href":"https:\/\/www.ferrovial.com\/es-es\/wp-json\/wp\/v2\/pages\/113033\/revisions\/194955"}],"up":[{"embeddable":true,"href":"https:\/\/www.ferrovial.com\/es-es\/wp-json\/wp\/v2\/pages\/113030"}],"wp:attachment":[{"href":"https:\/\/www.ferrovial.com\/es-es\/wp-json\/wp\/v2\/media?parent=113033"}],"curies":[{"name":"wp","href":"https:\/\/api.w.org\/{rel}","templated":true}]}}