{"id":113053,"date":"2019-09-05T13:00:08","date_gmt":"2019-09-05T11:00:08","guid":{"rendered":"https:\/\/www.ferrovial.com\/compania\/historia\/"},"modified":"2025-02-19T10:35:36","modified_gmt":"2025-02-19T09:35:36","slug":"historia","status":"publish","type":"page","link":"https:\/\/www.ferrovial.com\/es-es\/compania\/historia\/","title":{"rendered":"Nuestra historia"},"content":{"rendered":"    <m-history>\n        <div slot=\"historyFolds\">\n\n            \n            <m-history-fold class='fold-loaded' type='cover' bgtype='video' bgsource='https:\/\/static.ferrovial.com\/wp-content\/uploads\/2019\/09\/13141322\/2019-08-20-1.jpg, https:\/\/static.ferrovial.com\/wp-content\/uploads\/2019\/09\/13141322\/2019-08-20-1.jpg' bgposition='center center' poster='https:\/\/static.ferrovial.com\/wp-content\/uploads\/2019\/09\/13141322\/2019-08-20-1.jpg' navigation='false'>\n                                        <h2 slot=\"title\">\n                            Nuestra historia                        <\/h2>\n                                    <\/m-history-fold>\n\n\n                        <m-history-fold type='mask' bgtype='transparent' position='right' navigation='1950'>\n                                        <h3 slot=\"title\">\n                            1950                        <\/h3>\n                                                <h4 slot=\"subtitle\">\n                            Construcci\u00f3n ferroviaria y obras hidr\u00e1ulicas                        <\/h4>\n                                                <div slot=\"content\">\n                            <p>\n                                El 18 de diciembre de 1952, Rafael del Pino y Moreno funda Ferrovial en un \u00e1tico del centro de Madrid. Como indica el nombre, nuestro origen era puramente ferroviario: nacemos a ra\u00edz de un contrato con Renfe para cajear las traviesas de madera que asientan los ra\u00edles de las v\u00edas. En 1958, Renfe nos adjudic\u00f3 la construcci\u00f3n de los tramos de los Enlaces Ferroviarios de Madrid, el trayecto Las Rozas-Chamart\u00edn \u201c30 kil\u00f3metros en 30 d\u00edas\u201d.                            <\/p>\n                        <\/div>\n                                            <div slot=\"button\">\n                        <c-link class=\"modal-launcher\" icon=\"play\" data-type=\"iframe\" iconsize=\"m\" iconposition=\"left\">\n                            <a href=\"https:\/\/www.youtube-nocookie.com\/embed\/vi9XOL0JbKA\" target=\"_blank\" title=\"Reproducir v\u00eddeo Construcci\u00f3n ferroviaria y obras hidr\u00e1ulicas\">Reproducir v\u00eddeo<\/a>\n                        <\/c-link>\n                  <\/div>\n            <\/m-history-fold>\n\n\n                        <m-history-fold bgposition='center center' align='right' navigation='1960' bgtype='image' bgsource='https:\/\/static.ferrovial.com\/wp-content\/uploads\/2019\/12\/13140514\/1960-bilbao-behobia-zarauz-orio-historia-ferrovial-1803x1080.jpg'>\n                                        <h3 slot=\"title\">\n                            1960                        <\/h3>\n                                                <h4 slot=\"subtitle\">\n                            Construcci\u00f3n de carreteras                        <\/h4>\n                                                <div slot=\"content\">\n                            <p>\n                                A principios de esta d\u00e9cada, tenemos m\u00e1s de 500 empleados. Ampliamos el negocio hacia la construcci\u00f3n a trav\u00e9s de obras hidr\u00e1ulicas, carreteras, edificaciones, adem\u00e1s de iniciarnos en el negocio de concesiones de autopistas. Consolidamos nuestra apuesta por diversificar actividades en proyectos de alta complejidad en ingenier\u00eda civil y el \u00e1mbito financiero.                            <\/p>\n                        <\/div>\n                                        <div slot=\"button\">\n                    <c-link class=\"modal-launcher\" icon=\"play\" data-type=\"iframe\" iconsize=\"m\" iconposition=\"left\">\n                        <a href=\"https:\/\/www.youtube-nocookie.com\/embed\/omT3AsO82wU\" target=\"_blank\" title=\"Reproducir v\u00eddeo Construcci\u00f3n de carreteras\">Reproducir v\u00eddeo<\/a>\n                    <\/c-link>\n                <\/div>\n            <\/m-history-fold>\n\n\n                        <m-history-fold bgtype='map' navigation='1970'>\n                                        <h3 slot=\"title\">\n                            1970                        <\/h3>\n                                                <h4 slot=\"subtitle\">\n                            Primera etapa de expansi\u00f3n internacional                        <\/h4>\n                                                <div slot=\"content\">\n                            <p>\n                                A finales de la d\u00e9cada de los 70, en un contexto recesivo derivado de la crisis del petr\u00f3leo, nos planteamos explorar oportunidades en los mercados internacionales. Nuestra primera experiencia exterior estuvo concentrada fundamentalmente en cuatro pa\u00edses: Libia, M\u00e9xico, Brasil y Paraguay.                            <\/p>\n                        <\/div>\n                                    <\/m-history-fold>\n\n\n                        <m-history-fold bgtype='shapeimage' bgsource='https:\/\/static.ferrovial.com\/wp-content\/uploads\/2020\/01\/13141032\/autovia-terrasa-manresa_02-e1579012886189-1920x1080.jpg' bgposition='center center' position='right' navigation='1980' innerShape='type1'>\n                                        <h3 slot=\"title\">\n                            1980                        <\/h3>\n                                                <h4 slot=\"subtitle\">\n                            Se reactiva la construcci\u00f3n en Espa\u00f1a                        <\/h4>\n                                                <div slot=\"content\">\n                            <p>\n                                Desempe\u00f1amos un papel relevante en el avance de Espa\u00f1a tras la entrada en la entonces llamada Comunidad Econ\u00f3mica Europea. Somos un actor clave en la construcci\u00f3n de autov\u00edas y accesos a las grandes ciudades, as\u00ed como en la modernizaci\u00f3n de puertos y aeropuertos y en la creaci\u00f3n de nuevos colegios y hospitales. En esos a\u00f1os, adquirimos Cadagua, especialista en construcci\u00f3n y explotaci\u00f3n de plantas de tratamiento de aguas.\n\nFoto: proyecto Terrasa &#8211; Manresa                            <\/p>\n                        <\/div>\n                        \n                            <\/m-history-fold>\n\n\n                        <m-history-fold bgtype='color2' navigation='1990' innerShape='type2'>\n                                        <h3 slot=\"title\">\n                            1990                        <\/h3>\n                                                <h4 slot=\"subtitle\">\n                            Diversificaci\u00f3n, nueva internacionalizaci\u00f3n y salida a bolsa.                        <\/h4>\n                                                <div slot=\"content\">\n                            <p>\n                                En 1992 Rafael del Pino Calvo-Sotelo es nombrado Consejero Delegado. Durante este periodo, nos posicionamos como una de las constructoras m\u00e1s importantes en Espa\u00f1a con la adquisici\u00f3n de Agroman. Con la adjudicaci\u00f3n por 99 a\u00f1os de la autopista canadiense 407 ETR iniciamos la incursi\u00f3n en el mercado norteamericano. En 1999, salimos a bolsa.                            <\/p>\n                        <\/div>\n                                        <div slot=\"button\">\n                                        <c-link slot=\"link\" icon=\"external\" external=\"true\">\n                        <a href='https:\/\/www.ferrovial.com\/es\/negocio\/proyectos\/407-etr\/' title='Conocer el proyecto 407 ETR' target='_blank' sr-only='Abrir una nueva ventana' >Conocer el proyecto 407 ETR<\/a>\n                    <\/c-link>\n                <\/div>\n            <\/m-history-fold>\n\n\n                        <m-history-fold bgposition='center center' align='right' navigation='2000' bgtype='image' bgsource='https:\/\/static.ferrovial.com\/wp-content\/uploads\/2019\/09\/13140523\/ferrovial-aeropuertos-heathrow-airport.jpg'>\n                                        <h3 slot=\"title\">\n                            2000                        <\/h3>\n                                                <h4 slot=\"subtitle\">\n                            Consolidaci\u00f3n de la actividad de servicios, compra de importantes adquisiciones                        <\/h4>\n                                                <div slot=\"content\">\n                            <p>\n                                En el a\u00f1o 2000 Rafael del Pino Calvo-Sotelo asume la Presidencia de la compa\u00f1\u00eda. Durante esta d\u00e9cada, realizamos importantes adquisiciones: la constructora Budimex en Polonia, las compa\u00f1\u00edas de servicios Amey en Reino Unido y Cespa en Espa\u00f1a y el operador aeroportuario entonces llamado BAA, hoy Heathrow Airport Holdings.                            <\/p>\n                        <\/div>\n                                    <\/m-history-fold>\n\n\n                        <m-history-fold bgtype='color2' type='parallax' navigation='2010'>\n                                        <h3 slot=\"title\">\n                            2010                        <\/h3>\n                                                <c-history-fold-card slot=\"parallax\" ind=\"0\">\n                                                                <h4 slot=\"title\">\n                                        2010 &#8211; 2014 \n                                    <\/h4>\n                                                                        <div slot=\"content\">\n                                        <p>\n                                            La 2\u00aa d\u00e9cada del Siglo XXI nos ha visto crecer con adjudicaciones de autopistas en Norteam\u00e9rica, como la NTE y la LBJ en Texas, la I-77 en Carolina del Norte, y las ampliaciones de la 407 EDG en Canad\u00e1. En Reino Unido, adquirimos los aeropuertos de Aberdeen, Glasgow y Southampton, y afrontamos los proyectos de la T2 de Heathrow, Crossrail, Northern Line y M8. Adem\u00e1s, se nos adjudic\u00f3 la Pacific Highway en Australia, ITER en Francia, la central de Turow en Polonia, la central de los C\u00f3ndores en Chile, la desaladora Al Ghubrah en Om\u00e1n, y la conexi\u00f3n ferroviaria con el aeropuerto de Barcelona.                                        <\/p>\n                                    <\/div>\n                                                                        <div slot=\"image\">\n                                                                                        <img src='https:\/\/static.ferrovial.com\/wp-content\/uploads\/2019\/09\/13134314\/lbj-1-400x300.jpg' alt='LBJ highway in Texas, United States' width='380' height='163'>\n                                                                                                <img src='https:\/\/static.ferrovial.com\/wp-content\/uploads\/2019\/12\/13140503\/aerial-shot-of-glasgow-airport-crop-400x300.jpg' alt='foto aerea del aeropuerto de glasgow detalle pista' width='380' height='163'>\n                                                                                                <img src='https:\/\/static.ferrovial.com\/wp-content\/uploads\/2019\/11\/13140029\/i-77-and-cornelius-interchange-charlotte-proyectos-400x300.jpg' alt='I77 Charlotte 01' width='380' height='163'>\n                                                                                    <\/div>\n                                                            <\/c-history-fold-card>\n                                                <c-history-fold-card slot=\"parallax\" ind=\"1\">\n                                                                <h4 slot=\"title\">\n                                        2015 &#8211; 2018 \n                                    <\/h4>\n                                                                        <div slot=\"content\">\n                                        <p>\n                                            Desde 2015, hemos logrado la adjudicaci\u00f3n de la I-66 en Virginia, Grand Parkway y nuevos segmentos de la NTE (3A y 3B) en Texas, y un tramo del AVE de California, en EE.UU. En Australia, ganamos la circunvalaci\u00f3n de Toowoomba, la conexi\u00f3n del hospital de Northern Beaches, el cruce del r\u00edo Clarence, y el mantenimiento de carreteras en Melbourne. En Chile, construimos el tramo 2 de la L6 del metro de Santiago, las Rutas del Loa y una l\u00ednea de transmisi\u00f3n el\u00e9ctrica. Tambi\u00e9n emprendimos las obras de Thames Tideway Tunnel, en Londres, y la circunvalaci\u00f3n de Bratislava.                                        <\/p>\n                                    <\/div>\n                                                                        <div slot=\"image\">\n                                        <img src='https:\/\/static.ferrovial.com\/wp-content\/uploads\/2019\/12\/13140508\/construction-thames-tideway-london-450x600.jpg' alt='construcci\u00f3n alcantarillas de londres thame stideway' width='380' height='560'>\n                                    <\/div>\n                                                            <\/c-history-fold-card>\n                                                <c-history-fold-card slot=\"parallax\" ind=\"2\">\n                                                                <h4 slot=\"title\">\n                                        2019 \n                                    <\/h4>\n                                                                        <div slot=\"content\">\n                                        <p>\n                                            Durante el \u00faltimo a\u00f1o de la d\u00e9cada, comenzamos las obras de la autopista IH35 en Texas, la Ruta del Cacao en Colombia y la l\u00ednea del AVE entre Pulp\u00ed y Vera en Espa\u00f1a. Adem\u00e1s, logramos la adjudicaci\u00f3n de grandes proyectos como el T\u00fanel de Silvertown en Londres, la ampliaci\u00f3n de la NTE (segmento 3C), as\u00ed como la reconstrucci\u00f3n de la I-35 en Waco,Texas.                                        <\/p>\n                                    <\/div>\n                                                                        <div slot=\"image\">\n                                        <img src='https:\/\/static.ferrovial.com\/wp-content\/uploads\/2019\/12\/13140511\/silvertown-tfl-image-greenwich-portal-london-crop-450x600.jpg' alt='silvertown proyecto de descongesti\u00f3n del tr\u00e1fico en londres' width='380' height='560'>\n                                    <\/div>\n                                                            <\/c-history-fold-card>\n                                    <\/m-history-fold>\n            \n                        <m-history-fold navigation='Presente'>\n                                        <h3 slot=\"title\">\n                            Presente                        <\/h3>\n                                                <h4 slot=\"subtitle\">\n                            Preparados para el futuro                         <\/h4>\n                                                <div slot=\"content\">\n                            <p>\n                                Iniciamos un giro estrat\u00e9gico para la compa\u00f1\u00eda, un cambio de rumbo para convertir a Ferrovial en una empresa m\u00e1s \u00e1gil, m\u00e1s rentable y mejor posicionada y as\u00ed construir infraestructuras esenciales para dejar un futuro pr\u00f3spero para las generaciones venideras. Aplicamos nuestra experiencia y conocimientos para identificar soluciones de infraestructura en regiones de todo el mundo. Colaboramos con socios y grupos de inter\u00e9s locales para definir la mejor manera de desarrollar, operar y mantener infraestructuras que fomenten el crecimiento socioecon\u00f3mico en comunidades de m\u00e1s de 15 pa\u00edses, con especial foco en Estados Unidos. Desde 2024 cotizamos simult\u00e1neamente en 3 mercados burs\u00e1tiles: EE.UU. (Nasdaq), Pa\u00edses Bajos (Euronext Amsterdam) y Espa\u00f1a (IBEX 35). Somos miembros del \u00cdndice Dow Jones de Sostenibilidad y del FTSE4Good.                            <\/p>\n                        <\/div>\n                                        <div slot=\"image\">\n                    <img src='https:\/\/static.ferrovial.com\/wp-content\/uploads\/2019\/12\/13140509\/dummy_tomorrow.jpg' alt='Preparados para el futuro' width='411' height='394'>\n                <\/div>\n            <\/m-history-fold>\n        <\/div>\n    <\/m-history>\n\n    ","protected":false},"excerpt":{"rendered":"","protected":false},"featured_media":0,"parent":113048,"menu_order":0,"comment_status":"closed","ping_status":"closed","template":"","meta":{"_acf_changed":false,"footnotes":""},"class_list":["post-113053","page","type-page","status-publish","hentry"],"acf":[],"yoast_head":"<!-- This site is optimized with the Yoast SEO plugin v27.2 - https:\/\/yoast.com\/product\/yoast-seo-wordpress\/ -->\n<title>Historia de Ferrovial: l\u00edder en infraestructuras y movilidad<\/title>\n<meta name=\"description\" content=\"La historia de Ferrovial comienza desde su fundaci\u00f3n en 1952. Actualmente es una empresa de referencia en el sector de las infraestructuras. En la d\u00e9cada de ...\" \/>\n<meta name=\"robots\" content=\"index, follow, max-snippet:-1, max-image-preview:large, max-video-preview:-1\" \/>\n<link rel=\"canonical\" href=\"https:\/\/www.ferrovial.com\/es-es\/compania\/historia\/\" \/>\n<meta property=\"og:locale\" content=\"es_ES\" \/>\n<meta property=\"og:type\" content=\"article\" \/>\n<meta property=\"og:title\" content=\"Historia de Ferrovial: l\u00edder en infraestructuras y movilidad\" \/>\n<meta property=\"og:description\" content=\"La historia de Ferrovial comienza desde su fundaci\u00f3n en 1952. Actualmente es una empresa de referencia en el sector de las infraestructuras. En la d\u00e9cada de ...\" \/>\n<meta property=\"og:url\" content=\"https:\/\/www.ferrovial.com\/es-es\/compania\/historia\/\" \/>\n<meta property=\"og:site_name\" content=\"Ferrovial\" \/>\n<meta property=\"article:publisher\" content=\"https:\/\/www.facebook.com\/ferrovial\" \/>\n<meta property=\"article:modified_time\" content=\"2025-02-19T09:35:36+00:00\" \/>\n<meta name=\"twitter:card\" content=\"summary_large_image\" \/>\n<meta name=\"twitter:site\" content=\"@ferrovial\" \/>\n<!-- \/ Yoast SEO plugin. -->","yoast_head_json":{"title":"Historia de Ferrovial: l\u00edder en infraestructuras y movilidad","description":"La historia de Ferrovial comienza desde su fundaci\u00f3n en 1952. Actualmente es una empresa de referencia en el sector de las infraestructuras. En la d\u00e9cada de ...","robots":{"index":"index","follow":"follow","max-snippet":"max-snippet:-1","max-image-preview":"max-image-preview:large","max-video-preview":"max-video-preview:-1"},"canonical":"https:\/\/www.ferrovial.com\/es-es\/compania\/historia\/","og_locale":"es_ES","og_type":"article","og_title":"Historia de Ferrovial: l\u00edder en infraestructuras y movilidad","og_description":"La historia de Ferrovial comienza desde su fundaci\u00f3n en 1952. Actualmente es una empresa de referencia en el sector de las infraestructuras. En la d\u00e9cada de ...","og_url":"https:\/\/www.ferrovial.com\/es-es\/compania\/historia\/","og_site_name":"Ferrovial","article_publisher":"https:\/\/www.facebook.com\/ferrovial","article_modified_time":"2025-02-19T09:35:36+00:00","twitter_card":"summary_large_image","twitter_site":"@ferrovial","schema":{"@context":"https:\/\/schema.org","@graph":[{"@type":"WebPage","@id":"https:\/\/www.ferrovial.com\/es-es\/compania\/historia\/","url":"https:\/\/www.ferrovial.com\/es-es\/compania\/historia\/","name":"Historia de Ferrovial: l\u00edder en infraestructuras y movilidad","isPartOf":{"@id":"https:\/\/www.ferrovial.com\/es-es\/#website"},"datePublished":"2019-09-05T11:00:08+00:00","dateModified":"2025-02-19T09:35:36+00:00","description":"La historia de Ferrovial comienza desde su fundaci\u00f3n en 1952. Actualmente es una empresa de referencia en el sector de las infraestructuras. En la d\u00e9cada de ...","breadcrumb":{"@id":"https:\/\/www.ferrovial.com\/es-es\/compania\/historia\/#breadcrumb"},"inLanguage":"es","potentialAction":[{"@type":"ReadAction","target":["https:\/\/www.ferrovial.com\/es-es\/compania\/historia\/"]}]},{"@type":"BreadcrumbList","@id":"https:\/\/www.ferrovial.com\/es-es\/compania\/historia\/#breadcrumb","itemListElement":[{"@type":"ListItem","position":1,"name":"Portada","item":"https:\/\/www.ferrovial.com\/es-es\/"},{"@type":"ListItem","position":2,"name":"Sobre nosotros","item":"https:\/\/www.ferrovial.com\/es-es\/compania\/"},{"@type":"ListItem","position":3,"name":"Nuestra historia"}]},{"@type":"WebSite","@id":"https:\/\/www.ferrovial.com\/es-es\/#website","url":"https:\/\/www.ferrovial.com\/es-es\/","name":"Ferrovial","description":"Welcome to the Ferrovial&#039;s website, global operator of sustainable infrastructure. Here you can find all the information about the company and subsidiaries.","publisher":{"@id":"https:\/\/www.ferrovial.com\/es-es\/#organization"},"potentialAction":[{"@type":"SearchAction","target":{"@type":"EntryPoint","urlTemplate":"https:\/\/www.ferrovial.com\/es-es\/?s={search_term_string}"},"query-input":{"@type":"PropertyValueSpecification","valueRequired":true,"valueName":"search_term_string"}}],"inLanguage":"es"},{"@type":"Organization","@id":"https:\/\/www.ferrovial.com\/es-es\/#organization","name":"Ferrovial S.A.","url":"https:\/\/www.ferrovial.com\/es-es\/","logo":{"@type":"ImageObject","inLanguage":"es","@id":"https:\/\/www.ferrovial.com\/es-es\/#\/schema\/logo\/image\/","url":"https:\/\/static.ferrovial.com\/wp-content\/uploads\/2020\/01\/13124948\/logo-ferrovial-cf7.png","contentUrl":"https:\/\/static.ferrovial.com\/wp-content\/uploads\/2020\/01\/13124948\/logo-ferrovial-cf7.png","width":144,"height":32,"caption":"Ferrovial S.A."},"image":{"@id":"https:\/\/www.ferrovial.com\/es-es\/#\/schema\/logo\/image\/"},"sameAs":["https:\/\/www.facebook.com\/ferrovial","https:\/\/x.com\/ferrovial","https:\/\/www.instagram.com\/ferrovial\/","https:\/\/www.linkedin.com\/company\/ferrovial","https:\/\/www.pinterest.es\/ferrovial\/","https:\/\/www.youtube.com\/ferrovial","https:\/\/en.wikipedia.org\/wiki\/Ferrovial"]}]}},"_links":{"self":[{"href":"https:\/\/www.ferrovial.com\/es-es\/wp-json\/wp\/v2\/pages\/113053","targetHints":{"allow":["GET"]}}],"collection":[{"href":"https:\/\/www.ferrovial.com\/es-es\/wp-json\/wp\/v2\/pages"}],"about":[{"href":"https:\/\/www.ferrovial.com\/es-es\/wp-json\/wp\/v2\/types\/page"}],"replies":[{"embeddable":true,"href":"https:\/\/www.ferrovial.com\/es-es\/wp-json\/wp\/v2\/comments?post=113053"}],"version-history":[{"count":3,"href":"https:\/\/www.ferrovial.com\/es-es\/wp-json\/wp\/v2\/pages\/113053\/revisions"}],"predecessor-version":[{"id":299913,"href":"https:\/\/www.ferrovial.com\/es-es\/wp-json\/wp\/v2\/pages\/113053\/revisions\/299913"}],"up":[{"embeddable":true,"href":"https:\/\/www.ferrovial.com\/es-es\/wp-json\/wp\/v2\/pages\/113048"}],"wp:attachment":[{"href":"https:\/\/www.ferrovial.com\/es-es\/wp-json\/wp\/v2\/media?parent=113053"}],"curies":[{"name":"wp","href":"https:\/\/api.w.org\/{rel}","templated":true}]}}