{"id":113056,"date":"2019-09-05T12:19:59","date_gmt":"2019-09-05T10:19:59","guid":{"rendered":"https:\/\/www.ferrovial.com\/compania\/sobre-nosotros\/consejo\/"},"modified":"2021-04-22T19:32:45","modified_gmt":"2021-04-22T17:32:45","slug":"consejo","status":"publish","type":"page","link":"https:\/\/www.ferrovial.com\/es-es\/compania\/sobre-nosotros\/consejo\/","title":{"rendered":"Consejo de Administraci\u00f3n"},"content":{"rendered":"    <m-final-content-header >\n            <c-breadcrumb label-text=\"Breadcrumb\" slot=\"breadcrumbs\" type='2' align='left' wrap='wrapped wrapped' aria-label='Vienes de Nuestra compa\u00f1\u00eda'>\n                        <ol>\n\n                                                            <li><a href=\"https:\/\/www.ferrovial.com\/es-es\/\" title=\"Ferrovial\">Ferrovial<\/a><\/li>\n                                                                        <li><a href=\"https:\/\/www.ferrovial.com\/es\/compania\/\" title=\"Sobre nosotros\">Sobre nosotros<\/a><\/li>\n                                                                        <li><a href=\"https:\/\/www.ferrovial.com\/es\/compania\/sobre-nosotros\/\" title=\"Nuestra compa\u00f1\u00eda\">Nuestra compa\u00f1\u00eda<\/a><\/li>\n                                    \n                <\/ol>\n\n                <\/c-breadcrumb>\n    \n        <div slot=\"header\">\n            <h1>\n                Consejo de Administraci\u00f3n            <\/h1>\n                    <\/div>\n    <\/m-final-content-header>\n\n    \n\n\n<m-wysiwig class=\"wp-block-components-wysiwyg\"><div slot=\"maincontent\">\n<h3 class=\"wp-block-heading\"><em><strong><em>El 16 de junio de 2023, Ferrovial, S.A. se fusion\u00f3 con Ferrovial International SE, que pas\u00f3 a denominarse Ferrovial SE. El consejo de administraci\u00f3n de Ferrovial SE est\u00e1 compuesto por los mismos miembros que el consejo de administraci\u00f3n de Ferrovial, S.A. inmediatamente antes de la entrada en vigor de la fusi\u00f3n.<\/em><\/strong><\/em><\/h3>\n\n\n\n<p>El Consejo de Administraci\u00f3n (el \u00abConsejo\u00bb) es el principal \u00f3rgano de decisi\u00f3n de Ferrovial, salvo en los asuntos reservados a la Junta General de Accionistas.<\/p>\n\n\n\n<p>El Consejo es el responsable de la gesti\u00f3n de la Sociedad. El Consejo determina la estrategia de la Sociedad para la creaci\u00f3n de valor sostenible a largo plazo, mejora su desempe\u00f1o e identifica, analiza y gestiona los riesgos asociados con dicha estrategia y su actividad. El Consejo tiene en cuenta el impacto que Ferrovial tiene en las personas y el medio ambiente y, para ello, pondera los intereses de los grupos de inter\u00e9s que son relevantes en este contexto.<\/p>\n\n\n\n<p>El <a href=\"https:\/\/static.ferrovial.com\/wp-content\/uploads\/2026\/01\/08125342\/20251218-ferrovial-board-rules.pdf\" target=\"_blank\" rel=\"noreferrer noopener\">Reglamento del Consejo<\/a> (s\u00f3lo disponible en ingl\u00e9s) contiene las normas que rigen su organizaci\u00f3n, los procesos de toma de decisiones, sus funciones y otros aspectos que le son propios.<\/p>\n\n\n\n<h2 class=\"wp-block-heading\"><strong>Gobierno Corporativo de Ferrovial<\/strong><\/h2>\n\n\n\n<ul class=\"wp-block-list\">\n<li>Ferrovial cuenta con un sistema de administraci\u00f3n monista, compuesto por consejeros ejecutivos y no ejecutivos, quienes en conjunto constituyen el Consejo.<\/li>\n\n\n\n<li>El <strong>Consejo<\/strong> est\u00e1 formado actualmente por once miembros, de los cuales dos son Consejeros Ejecutivos y nueve son Consejeros No Ejecutivos. Uno de los Consejeros que tiene la categor\u00eda de independiente, es <strong>Consejero Coordinador<\/strong>, que, entre otras funciones, da voz a las preocupaciones planteadas por los Consejeros No Ejecutivos. Los miembros del Consejo son nombrados o reelegidos por per\u00edodos de hasta tres a\u00f1os, lo que permite a los accionistas dar su opini\u00f3n sobre su desempe\u00f1o con mayor frecuencia.<\/li>\n\n\n\n<li>De entre sus miembros, el Consejo ha constituido una Comisi\u00f3n Ejecutiva, una Comisi\u00f3n de Auditor\u00eda y Control y una Comisi\u00f3n de Nombramientos y Retribuciones.\n<ul class=\"wp-block-list\">\n<li>De conformidad con el Reglamento del Consejo, la <strong>Comisi\u00f3n Ejecutiva<\/strong> puede adoptar decisiones sobre todos los asuntos que competen al Consejo, sujeto en todo caso, a las limitaciones establecidas en la legislaci\u00f3n aplicable, los Estatutos Sociales o en el propio Reglamento del Consejo.<\/li>\n\n\n\n<li>La <strong>Comisi\u00f3n de Auditor\u00eda y Control<\/strong> y la <strong>Comisi\u00f3n de Nombramientos y Retribuciones<\/strong> tienen una funci\u00f3n preparatoria y consultiva del Consejo. Est\u00e1n formados por <strong>Consejeros Independientes No Ejecutivos<\/strong> de acuerdo con los requisitos de independencia de las Normas del Nasdaq y la SEC y el C\u00f3digo de Gobierno Corporativo neerland\u00e9s.<\/li>\n<\/ul>\n<\/li>\n\n\n\n<li>Ferrovial revisa peri\u00f3dicamente <strong>las mejores pr\u00e1cticas y est\u00e1ndares de <\/strong><a href=\"https:\/\/www.ferrovial.com\/es-es\/sostenibilidad\/buen-gobierno\/\"><strong>gobierno corporativo<\/strong><\/a> de los Pa\u00edses Bajos, Estados Unidos, Espa\u00f1a y otros mercados internacionales.<\/li>\n<\/ul>\n<\/div><\/m-wysiwig>\n\n\n\n<m-wysiwig class=\"wp-block-components-wysiwyg\"><div slot=\"maincontent\">\n<h2 class=\"wp-block-heading\"><strong>Presidente<\/strong><\/h2>\n\n\n\n<h3 class=\"wp-block-heading\"><strong>Rafael del Pino<\/strong><\/h3>\n\n\n\n<p><strong>Ejecutivo<\/strong><\/p>\n\n\n\n<ul class=\"wp-block-list\">\n<li>Ingeniero de Caminos, Canales y Puertos (Universidad Polit\u00e9cnica de Madrid, 1981); MBA, MIT Sloan School of Management (1986).<\/li>\n\n\n\n<li>Presidente Ejecutivo de Ferrovial SE desde 2023 (y de Ferrovial, S.A. desde 2000) y Consejero Delegado desde 1992 hasta 2000. Presidente de Cintra entre 1998 y 2009.<\/li>\n\n\n\n<li>Miembro de MIT Corporation, el MIT Energy Initiative\u2019s External Advisory Board y el MIT Sloan European Advisory Board. Tambi\u00e9n forma parte del International Advisory Board de IESE y es miembro de la Real Academia de Ingenier\u00eda espa\u00f1ola.<\/li>\n\n\n\n<li>Ha sido Consejero de Zurich Insurance Group, Banesto y Uralita. Tambi\u00e9n ha sido miembro de Harvard Business School European Advisory Board.<\/li>\n<\/ul>\n\n\n\n<p>Otra informaci\u00f3n:<\/p>\n\n\n\n<p>D. Rafael del Pino tiene una participaci\u00f3n de control en el accionista Rijn Capital SARL.<\/p>\n\n\n\n<p>D. Rafael del Pino es titular, directa o indirectamente, de 158.010.756 acciones de Ferrovial SE, representativas del 21,66% del capital social. Adicionalmente tiene asignadas, en el marco de los planes de incentivos a largo plazo, 71.699 \u201cunidades\u201d representativas del 0.01% del capital social emitido.<\/p>\n\n\n\n<h2 class=\"wp-block-heading\"><strong>Vicepresidente<\/strong><\/h2>\n\n\n\n<h3 class=\"wp-block-heading\"><strong>\u00d3scar Fanjul<\/strong><\/h3>\n\n\n\n<p><strong>No Ejecutivo.&nbsp;Independiente<\/strong><\/p>\n\n\n\n<ul class=\"wp-block-list\">\n<li>Licenciado en Ciencias Econ\u00f3micas (Universidad Complutense de Madrid).<\/li>\n\n\n\n<li>Consejero de Ferrovial SE desde 2023 (y de Ferrovial, S.A. desde 2015).<\/li>\n\n\n\n<li>Presidente No Ejecutivo de Cellnex Telecom y de HWK. Patrono del Centro de Estudios Monetarios y Financieros (Banco de Espa\u00f1a), del Aspen Institute (Espa\u00f1a) y de la Fundaci\u00f3n Norman Foster.<\/li>\n\n\n\n<li>Ha sido Presidente fundador y Consejero Delegado de Repsol; Presidente de Hidroel\u00e9ctrica del Cant\u00e1brico; Presidente no ejecutivo de NH Hoteles y de Deoleo; Vicepresidente no ejecutivo de Holcim; Consejero de Marsh &amp; McLennan Companies, Acerinox, Unilever, BBVA, London Stock Exchange y Areva.<\/li>\n<\/ul>\n\n\n\n<p>D. \u00d3scar Fanjul es titular de 48.243 acciones de Ferrovial SE, representativas del 0,01% del capital social.<\/p>\n\n\n\n<h2 class=\"wp-block-heading\"><strong>Consejero Delegado<\/strong><\/h2>\n\n\n\n<h3 class=\"wp-block-heading\"><strong>Ignacio Madridejos<\/strong><\/h3>\n\n\n\n<p><strong>Ejecutivo<\/strong><\/p>\n\n\n\n<ul class=\"wp-block-list\">\n<li>Ingeniero de Caminos, Canales y Puertos (Universidad Polit\u00e9cnica de Madrid); MBA por la Universidad de Stanford.<\/li>\n\n\n\n<li>Consejero Delegado de Ferrovial SE desde 2023 (y de Ferrovial, S.A. desde 2019).<\/li>\n\n\n\n<li>Ha sido Presidente Regional de CEMEX Estados Unidos; Presidente Regional de CEMEX Norte de Europa; responsable global de las \u00e1reas de Energ\u00eda, Seguridad y Salud, y Sostenibilidad de CEMEX; Presidente de CEMEX Espa\u00f1a; y Consejero Delegado de CEMEX Egipto. Anteriormente trabaj\u00f3 en McKinsey y Agroman. Ha sido asimismo Presidente de OFICEMEN (Agrupaci\u00f3n de fabricantes de cemento de Espa\u00f1a), IECA (Instituto Espa\u00f1ol del Cemento y sus Aplicaciones) y CEMBUREAU (Asociaci\u00f3n Europea del Cemento).<\/li>\n<\/ul>\n\n\n\n<p>D. Ignacio Madridejos es titular de 212.520 acciones de Ferrovial SE, representativas del 0,03% del capital social. Adicionalmente tiene asignadas, en el marco de los planes de incentivos a largo plazo, 112.261 \u201cunidades\u201d representativas del 0,02% del capital social emitido.<\/p>\n\n\n\n<h2 class=\"wp-block-heading\"><strong>Consejeros<\/strong><\/h2>\n\n\n\n<h3 class=\"wp-block-heading\"><strong>Mar\u00eda del Pino<\/strong><\/h3>\n\n\n\n<p><strong>No Ejecutivo<\/strong><\/p>\n\n\n\n<ul class=\"wp-block-list\">\n<li>Licenciada en Ciencias Econ\u00f3micas y Empresariales (Universidad Complutense de Madrid); PDD por el IESE.<\/li>\n\n\n\n<li>Consejera de Ferrovial SE desde 2023 (y de Ferrovial, S.A. desde 2006).<\/li>\n\n\n\n<li>Presidenta de la Fundaci\u00f3n Rafael del Pino. Representante persona f\u00edsica de Menosmares, S.L., que ocupa los cargos de Presidenta\/Vicepresidenta del Consejo de Administraci\u00f3n de Casa Grande de Cartagena, S.A.U. de forma rotatoria y de Vicepresidenta del Consejo de Administraci\u00f3n de Pactio Gesti\u00f3n, SGIIC, S.A.U. Miembro del Patronato Princesa de Asturias.<\/li>\n<\/ul>\n\n\n\n<p>Otra informaci\u00f3n:<\/p>\n\n\n\n<p>D\u00aa. Mar\u00eda del Pino es socia mayoritaria, as\u00ed como Presidenta y Consejera Delegada del accionista Menosmares, S.L.<\/p>\n\n\n\n<p>D\u00aa. Mar\u00eda del Pino es titular, directa o indirectamente, de 63.430.056 acciones de Ferrovial SE, representativas del 8,64% del capital social.<\/p>\n\n\n\n<h3 class=\"wp-block-heading\"><strong>Jos\u00e9 Fernando S\u00e1nchez-Junco<\/strong><\/h3>\n\n\n\n<p><strong>No Ejecutivo. Independiente<\/strong><\/p>\n\n\n\n<ul class=\"wp-block-list\">\n<li>Ingeniero Industrial (Universidad Polit\u00e9cnica de Catalu\u00f1a, Barcelona). Graduado ISMP en Harvard Business School. Cuerpo Superior de Ingenieros Industriales del Estado (en excedencia desde 1990).<\/li>\n\n\n\n<li>Consejero de Ferrovial SE desde 2023 (y de Ferrovial, S.A. desde 2009). Consejero de Cintra entre 2004 y 2009.<\/li>\n\n\n\n<li>Presidente de Villabuena Inversiones S.L. desde 2007. Presidente de honor de MaxamCorp Holding.<\/li>\n\n\n\n<li>Ha sido Presidente ejecutivo de Grupo Maxam; Director General de Industrias Siderometal\u00fargicas y Navales y Director General de Industria del Ministerio de Industria y Energ\u00eda; Consejero de Dinamia y Uralita.<\/li>\n<\/ul>\n\n\n\n<p>D. Jos\u00e9 Fernando S\u00e1nchez-Junco es titular de 190.011 acciones de Ferrovial SE, representativas del 0,03% del capital social.<\/p>\n\n\n\n<h3 class=\"wp-block-heading\"><strong>Philip Bowman<\/strong><\/h3>\n\n\n\n<p><strong>No Ejecutivo. Independiente<\/strong><\/p>\n\n\n\n<ul class=\"wp-block-list\">\n<li>Licenciado con honores en Ciencias Naturales por la Universidad de Cambridge; M\u00e1ster en Ciencias Naturales por la Universidad de Cambridge.<\/li>\n\n\n\n<li>Consejero de Ferrovial SE desde 2023 (y de Ferrovial, S.A. desde 2016).<\/li>\n\n\n\n<li>Presidente no ejecutivo de Tegel Group Holdings Limited, Sky Network Television Limited y Tom Tom Holdings Inc; y Consejero no ejecutivo de KMD Brands Limited.<\/li>\n\n\n\n<li>Ha sido Presidente de Potrero Distilling Holdings, Coral Eurobet Limited y Liberty plc; Presidente no ejecutivo de The Munroe Group (UK) Limited y Majid Al Futtaim Properties LLC; Consejero no ejecutivo de las sociedades del grupo Majid Al Futtaim Holding LLC y Majid Al Futtaim Capital LLC; Consejero Delegado de Smiths Group plc, Scottish Power plc y Allied Domecq plc; Consejero de Burberry Group plc, Berry Bros. &amp; Rudd Limited, Scottish &amp; Newcastle Group plc, Bass plc, British Sky Broadcasting Group plc, Coles Myer Limited y Better Capital PCC.<\/li>\n<\/ul>\n\n\n\n<p>D. Philip Bowman es titular de 34.312 acciones de Ferrovial SE, representativas del 0,00% del capital social.<\/p>\n\n\n\n<h3 class=\"wp-block-heading\"><strong>Hanne S\u00f8rensen<\/strong><\/h3>\n\n\n\n<p><strong>No Ejecutivo. Independiente<\/strong><\/p>\n\n\n\n<ul class=\"wp-block-list\">\n<li>M\u00e1ster (MSc) en Econom\u00eda y Administraci\u00f3n de Empresas por la Universidad de Aarhus (Dinamarca).<\/li>\n\n\n\n<li>Consejera de Ferrovial SE desde 2023 (y de Ferrovial, S.A. desde 2017).<\/li>\n\n\n\n<li>Consejera no ejecutiva de Tata Consulting Services, Jaguar Land Rover Automotive Plc y sus filiales Jaguar Land Rover Ltd y Jaguar Land Rover Holdings Ltd.<\/li>\n\n\n\n<li>Ha sido Vicepresidenta de Holcim; Consejera no ejecutiva de Tata Motors; Consejera Delegada de Damco y Maersk Tankers; Directora Comercial de Maersk Line; y Directora de Finanzas para la regi\u00f3n de Asia de Maersk Line (Grupo A.P. Moller-Maersk). Ha sido asimismo Presidenta de ITOPF, Vicepresidenta de Hoegh Autoliners y Consejera de Delhivery, Axcel e INTTRA.<\/li>\n<\/ul>\n\n\n\n<p>D\u00aa. Hanne S\u00f8rensen es titular de 242 acciones de Ferrovial SE, representativas del 0,00% del capital social.<\/p>\n\n\n\n<h3 class=\"wp-block-heading\"><strong>Bruno Di Leo<\/strong><\/h3>\n\n\n\n<p><strong>No Ejecutivo. Independiente<\/strong><\/p>\n\n\n\n<ul class=\"wp-block-list\">\n<li>Licenciado en Administraci\u00f3n de Empresas por la Universidad Ricardo Palma y t\u00edtulo de posgrado de la Escuela Superior de Administraci\u00f3n de Negocios, ambos en Lima (Per\u00fa).<\/li>\n\n\n\n<li>Consejero de Ferrovial SE desde 2023 (y de Ferrovial, S.A. desde 2018).<\/li>\n\n\n\n<li>Consejero no ejecutivo de Cummins.&nbsp; Miembro del Consejo Consultivo Internacional del Instituto de Estudios Superiores de la Empresa (IESE) en Espa\u00f1a y del Consejo Consultivo del Centro Deming de Columbia Business School.<\/li>\n\n\n\n<li>Ha sido Consejero no ejecutivo de Taiger. Ha desarrollado su carrera profesional en el grupo multinacional IBM. Ha sido Vicepresidente Senior de IBM Corporation; Vicepresidente Senior de Mercados Globales; Director General de la Divisi\u00f3n de Mercados en Expansi\u00f3n; Director General de Servicios Globales de Tecnolog\u00eda para el Suroeste de Europa y Presidente para el Noreste del continente europeo; Director General de IBM Latinoam\u00e9rica y Director General de IBM Brasil.<\/li>\n<\/ul>\n\n\n\n<p>D. Bruno Di Leo es titular de 335 acciones de Ferrovial SE, representativas del 0,00% del capital social.<\/p>\n\n\n\n<h3 class=\"wp-block-heading\"><strong>Juan Hoyos<\/strong><\/h3>\n\n\n\n<p><strong>No Ejecutivo. Independiente \/ Consejero Coordinador<\/strong><\/p>\n\n\n\n<ul class=\"wp-block-list\">\n<li>Licenciado en Ciencias Econ\u00f3micas (Universidad Complutense de Madrid); M\u00e1ster en Administraci\u00f3n de Empresas (MBA), Finanzas y Contabilidad por Columbia Business School.<\/li>\n\n\n\n<li>Consejero de Ferrovial SE desde 2023 (y de Ferrovial, S.A. desde 2019).<\/li>\n\n\n\n<li>Consejero de Inmoglaciar y Gescobro.<\/li>\n\n\n\n<li>Ha sido Presidente, Socio Director de McKinsey &amp; Company Iberia y Miembro del Consejo de Accionistas de McKinsey &amp; Company a nivel mundial; Vicepresidente Ejecutivo de Estrategia, Marca y Marketing de Banco Santander Brasil; Presidente Ejecutivo de Haya Real Estate; y Consejero de Banco Santander Chile y Banco Santander M\u00e9jico.<\/li>\n<\/ul>\n\n\n\n<p>D. Juan Hoyos es titular de 6.487 acciones de Ferrovial SE, representativas del 0,00% del capital social.<\/p>\n\n\n\n<h3 class=\"wp-block-heading\"><strong>Gonzalo Urquijo<\/strong><\/h3>\n\n\n\n<p><strong>No Ejecutivo. Independiente<\/strong><\/p>\n\n\n\n<ul class=\"wp-block-list\">\n<li>Licenciado en Ciencias Econ\u00f3micas y Pol\u00edticas por la Universidad de Yale. M\u00e1ster en Administraci\u00f3n de Empresas (<em>Executive MBA<\/em>) por el Instituto de Empresa (Madrid).<\/li>\n\n\n\n<li>Consejero de Ferrovial SE desde 2023 (y de Ferrovial, S.A. desde 2019).<\/li>\n\n\n\n<li>Presidente de la Fundaci\u00f3n Hesperia; miembro del Patronato de la Fundaci\u00f3n Princesa de Asturias.<\/li>\n\n\n\n<li>Ha sido CEO de Talgo; Presidente de Abengoa y de ArcelorMittal Espa\u00f1a; miembro de la direcci\u00f3n general de ArcelorMittal y responsable de los sectores de Productos Largos, Acero Inoxidable, Tubos, Mercados Emergentes; Director General Financiero y responsable del sector de Distribuci\u00f3n de Arcelor; Director General Financiero de Aceralia Corporaci\u00f3n Sider\u00fargica. Anteriormente trabaj\u00f3 en Citibank y Cr\u00e9dit Agricole. Tambi\u00e9n ha sido Presidente de la Fundaci\u00f3n ArcelorMittal y de UNESID (Uni\u00f3n de Empresas Sider\u00fargicas); Consejero de Gestamp Automoci\u00f3n, Aceralia, Atlantica Yield, Aperam, Vocento y otras sociedades.<\/li>\n<\/ul>\n\n\n\n<p>D. Gonzalo Urquijo es titular de 572 acciones de Ferrovial SE, representativas del 0,00% del capital social.<\/p>\n\n\n\n<h3 class=\"wp-block-heading\"><strong>Hildegard Wortmann<\/strong><\/h3>\n\n\n\n<p><strong>No Ejecutivo. Independiente<\/strong><\/p>\n\n\n\n<ul class=\"wp-block-list\">\n<li>Licenciada en Administraci\u00f3n de Empresas (Universidad de M\u00fcnster, Alemania); MBA por la Universidad de Londres.<\/li>\n\n\n\n<li>Consejera de Ferrovial SE desde 2023 (y de Ferrovial, S.A. desde 2021).<\/li>\n\n\n\n<li>Consejera Independiente de Bombardier Recreational Products.<\/li>\n\n\n\n<li>Ha sido miembro del&nbsp;<em>Board of Management<\/em>&nbsp;de Volkswagen Group, Miembro del&nbsp;<em>Extended Executive Committee<\/em>&nbsp;de Volkswagen Group; miembro del&nbsp;<em>Board of Management<\/em>&nbsp;de Audi AG como responsable de ventas y marketing; Consejera no Ejecutiva de Volkswagen FS AG y del&nbsp;<em>Supervisory Board<\/em>&nbsp;de Porsche Holding, Porsche Austria y Porsche Retail. Consejera no Ejecutiva del&nbsp;<em>Supervisory Board<\/em>&nbsp;de Cariad. Vicepresidenta Ejecutiva de Gesti\u00f3n de Producto, Vicepresidenta Ejecutiva de Marca y CEO para la regi\u00f3n de Asia-Pac\u00edfico (con base en Singapur) del Grupo BMW. Varios roles directivos en Unilever en Alemania y Reino Unido.<\/li>\n<\/ul>\n\n\n\n<p>D\u00aa. Hildegard Wortmann es titular de 324 acciones de Ferrovial SE, representativas del 0,00% del capital social.<\/p>\n\n\n\n<h2 class=\"wp-block-heading\"><strong>Secretaria<\/strong><\/h2>\n\n\n\n<h3 class=\"wp-block-heading\"><strong><strong>Geerte Hesen<\/strong><\/strong><\/h3>\n\n\n\n<ul class=\"wp-block-list\">\n<li>Doctora en Ciencias Econ\u00f3micas y Derecho por la Universidad de Maastricht, con becas de investigaci\u00f3n en el\u00a0<em>Scandinavian Consortium for Organisational Research\u00a0<\/em>(SCANCOR) de la Universidad de Stanford, la Facultad de Derecho de UC Berkeley y la Facultad de Derecho de Columbia. M\u00e1ster en Econom\u00eda Internacional y Derecho por la Universidad de Maastricht.<\/li>\n\n\n\n<li>Directora General Legal y de Cumplimiento y Secretaria del Consejo de Administraci\u00f3n de Ferrovial SE desde 2024.<\/li>\n\n\n\n<li>Actualmente es miembro del Consejo de Supervisi\u00f3n y del Comit\u00e9 de Auditor\u00eda de CARE Netherlands.<\/li>\n\n\n\n<li>Anteriormente ocup\u00f3 el cargo de Secretaria General en Lumicks, Secretaria General adjunta en ASML y Directora del Departamento Jur\u00eddico en Philips Personal Health, y fue asociada senior en el bufete de abogados De Brauw Blackstone Westbroek. Tambi\u00e9n ha sido presidenta de la Junta de la Asociaci\u00f3n Holandesa de Abogados\u00a0<em>In-House<\/em>\u00a0(NGB).<\/li>\n<\/ul>\n<\/div><\/m-wysiwig>\n","protected":false},"excerpt":{"rendered":"","protected":false},"featured_media":0,"parent":113054,"menu_order":0,"comment_status":"closed","ping_status":"closed","template":"","meta":{"_acf_changed":false,"footnotes":""},"class_list":["post-113056","page","type-page","status-publish","hentry"],"acf":[],"yoast_head":"<!-- This site is optimized with the Yoast SEO plugin v27.2 - https:\/\/yoast.com\/product\/yoast-seo-wordpress\/ -->\n<title>Consejo de Administraci\u00f3n - Ferrovial<\/title>\n<meta name=\"description\" content=\"El Consejo de Administraci\u00f3n, salvo en las materias reservadas a la competencia de la Junta General, es el m\u00e1ximo \u00f3rgano de decisi\u00f3n de Ferrovial. Se encarga de...\" \/>\n<meta name=\"robots\" content=\"index, follow, max-snippet:-1, max-image-preview:large, max-video-preview:-1\" \/>\n<link rel=\"canonical\" href=\"https:\/\/www.ferrovial.com\/es-es\/compania\/sobre-nosotros\/consejo\/\" \/>\n<meta property=\"og:locale\" content=\"es_ES\" \/>\n<meta property=\"og:type\" content=\"article\" \/>\n<meta property=\"og:title\" content=\"Consejo de Administraci\u00f3n - Ferrovial\" \/>\n<meta property=\"og:description\" content=\"El Consejo de Administraci\u00f3n, salvo en las materias reservadas a la competencia de la Junta General, es el m\u00e1ximo \u00f3rgano de decisi\u00f3n de Ferrovial. Se encarga de...\" \/>\n<meta property=\"og:url\" content=\"https:\/\/www.ferrovial.com\/es-es\/compania\/sobre-nosotros\/consejo\/\" \/>\n<meta property=\"og:site_name\" content=\"Ferrovial\" \/>\n<meta property=\"article:publisher\" content=\"https:\/\/www.facebook.com\/ferrovial\" \/>\n<meta property=\"article:modified_time\" content=\"2021-04-22T17:32:45+00:00\" \/>\n<meta name=\"twitter:card\" content=\"summary_large_image\" \/>\n<meta name=\"twitter:site\" content=\"@ferrovial\" \/>\n<!-- \/ Yoast SEO plugin. -->","yoast_head_json":{"title":"Consejo de Administraci\u00f3n - Ferrovial","description":"El Consejo de Administraci\u00f3n, salvo en las materias reservadas a la competencia de la Junta General, es el m\u00e1ximo \u00f3rgano de decisi\u00f3n de Ferrovial. Se encarga de...","robots":{"index":"index","follow":"follow","max-snippet":"max-snippet:-1","max-image-preview":"max-image-preview:large","max-video-preview":"max-video-preview:-1"},"canonical":"https:\/\/www.ferrovial.com\/es-es\/compania\/sobre-nosotros\/consejo\/","og_locale":"es_ES","og_type":"article","og_title":"Consejo de Administraci\u00f3n - Ferrovial","og_description":"El Consejo de Administraci\u00f3n, salvo en las materias reservadas a la competencia de la Junta General, es el m\u00e1ximo \u00f3rgano de decisi\u00f3n de Ferrovial. Se encarga de...","og_url":"https:\/\/www.ferrovial.com\/es-es\/compania\/sobre-nosotros\/consejo\/","og_site_name":"Ferrovial","article_publisher":"https:\/\/www.facebook.com\/ferrovial","article_modified_time":"2021-04-22T17:32:45+00:00","twitter_card":"summary_large_image","twitter_site":"@ferrovial","schema":{"@context":"https:\/\/schema.org","@graph":[{"@type":"WebPage","@id":"https:\/\/www.ferrovial.com\/es-es\/compania\/sobre-nosotros\/consejo\/","url":"https:\/\/www.ferrovial.com\/es-es\/compania\/sobre-nosotros\/consejo\/","name":"Consejo de Administraci\u00f3n - Ferrovial","isPartOf":{"@id":"https:\/\/www.ferrovial.com\/es-es\/#website"},"datePublished":"2019-09-05T10:19:59+00:00","dateModified":"2021-04-22T17:32:45+00:00","description":"El Consejo de Administraci\u00f3n, salvo en las materias reservadas a la competencia de la Junta General, es el m\u00e1ximo \u00f3rgano de decisi\u00f3n de Ferrovial. Se encarga de...","breadcrumb":{"@id":"https:\/\/www.ferrovial.com\/es-es\/compania\/sobre-nosotros\/consejo\/#breadcrumb"},"inLanguage":"es","potentialAction":[{"@type":"ReadAction","target":["https:\/\/www.ferrovial.com\/es-es\/compania\/sobre-nosotros\/consejo\/"]}]},{"@type":"BreadcrumbList","@id":"https:\/\/www.ferrovial.com\/es-es\/compania\/sobre-nosotros\/consejo\/#breadcrumb","itemListElement":[{"@type":"ListItem","position":1,"name":"Portada","item":"https:\/\/www.ferrovial.com\/es-es\/"},{"@type":"ListItem","position":2,"name":"Sobre nosotros","item":"https:\/\/www.ferrovial.com\/es-es\/compania\/"},{"@type":"ListItem","position":3,"name":"Nuestra compa\u00f1\u00eda","item":"https:\/\/www.ferrovial.com\/es-es\/compania\/sobre-nosotros\/"},{"@type":"ListItem","position":4,"name":"Consejo de Administraci\u00f3n"}]},{"@type":"WebSite","@id":"https:\/\/www.ferrovial.com\/es-es\/#website","url":"https:\/\/www.ferrovial.com\/es-es\/","name":"Ferrovial","description":"Welcome to the Ferrovial&#039;s website, global operator of sustainable infrastructure. Here you can find all the information about the company and subsidiaries.","publisher":{"@id":"https:\/\/www.ferrovial.com\/es-es\/#organization"},"potentialAction":[{"@type":"SearchAction","target":{"@type":"EntryPoint","urlTemplate":"https:\/\/www.ferrovial.com\/es-es\/?s={search_term_string}"},"query-input":{"@type":"PropertyValueSpecification","valueRequired":true,"valueName":"search_term_string"}}],"inLanguage":"es"},{"@type":"Organization","@id":"https:\/\/www.ferrovial.com\/es-es\/#organization","name":"Ferrovial S.A.","url":"https:\/\/www.ferrovial.com\/es-es\/","logo":{"@type":"ImageObject","inLanguage":"es","@id":"https:\/\/www.ferrovial.com\/es-es\/#\/schema\/logo\/image\/","url":"https:\/\/static.ferrovial.com\/wp-content\/uploads\/2020\/01\/13124948\/logo-ferrovial-cf7.png","contentUrl":"https:\/\/static.ferrovial.com\/wp-content\/uploads\/2020\/01\/13124948\/logo-ferrovial-cf7.png","width":144,"height":32,"caption":"Ferrovial S.A."},"image":{"@id":"https:\/\/www.ferrovial.com\/es-es\/#\/schema\/logo\/image\/"},"sameAs":["https:\/\/www.facebook.com\/ferrovial","https:\/\/x.com\/ferrovial","https:\/\/www.instagram.com\/ferrovial\/","https:\/\/www.linkedin.com\/company\/ferrovial","https:\/\/www.pinterest.es\/ferrovial\/","https:\/\/www.youtube.com\/ferrovial","https:\/\/en.wikipedia.org\/wiki\/Ferrovial"]}]}},"_links":{"self":[{"href":"https:\/\/www.ferrovial.com\/es-es\/wp-json\/wp\/v2\/pages\/113056","targetHints":{"allow":["GET"]}}],"collection":[{"href":"https:\/\/www.ferrovial.com\/es-es\/wp-json\/wp\/v2\/pages"}],"about":[{"href":"https:\/\/www.ferrovial.com\/es-es\/wp-json\/wp\/v2\/types\/page"}],"replies":[{"embeddable":true,"href":"https:\/\/www.ferrovial.com\/es-es\/wp-json\/wp\/v2\/comments?post=113056"}],"version-history":[{"count":3,"href":"https:\/\/www.ferrovial.com\/es-es\/wp-json\/wp\/v2\/pages\/113056\/revisions"}],"predecessor-version":[{"id":192713,"href":"https:\/\/www.ferrovial.com\/es-es\/wp-json\/wp\/v2\/pages\/113056\/revisions\/192713"}],"up":[{"embeddable":true,"href":"https:\/\/www.ferrovial.com\/es-es\/wp-json\/wp\/v2\/pages\/113054"}],"wp:attachment":[{"href":"https:\/\/www.ferrovial.com\/es-es\/wp-json\/wp\/v2\/media?parent=113056"}],"curies":[{"name":"wp","href":"https:\/\/api.w.org\/{rel}","templated":true}]}}