{"id":113063,"date":"2019-09-05T12:35:41","date_gmt":"2019-09-05T10:35:41","guid":{"rendered":"https:\/\/www.ferrovial.com\/compania\/sobre-nosotros\/comite-direccion\/cd-agroman\/"},"modified":"2025-03-26T16:32:22","modified_gmt":"2025-03-26T15:32:22","slug":"cd-f-construccion","status":"publish","type":"page","link":"https:\/\/www.ferrovial.com\/es-es\/compania\/sobre-nosotros\/comite-direccion\/cd-f-construccion\/","title":{"rendered":"Ignacio Gast\u00f3n, Consejero Delegado de Ferrovial Construcci\u00f3n"},"content":{"rendered":"    <m-final-content-header >\n            <c-breadcrumb label-text=\"Breadcrumb\" slot=\"breadcrumbs\" type='2' align='left' wrap='wrapped wrapped' aria-label='Vienes de Comit\u00e9 de Direcci\u00f3n'>\n                        <ol>\n\n                                                            <li><a href=\"https:\/\/www.ferrovial.com\/es-es\/\" title=\"Ferrovial\">Ferrovial<\/a><\/li>\n                                                                        <li><a href=\"https:\/\/www.ferrovial.com\/es\/compania\/\" title=\"Sobre nosotros\">Sobre nosotros<\/a><\/li>\n                                                                        <li><a href=\"https:\/\/www.ferrovial.com\/es\/compania\/sobre-nosotros\/\" title=\"Nuestra compa\u00f1\u00eda\">Nuestra compa\u00f1\u00eda<\/a><\/li>\n                                                                        <li><a href=\"https:\/\/www.ferrovial.com\/es\/compania\/sobre-nosotros\/comite-direccion\/\" title=\"Comit\u00e9 de Direcci\u00f3n\">Comit\u00e9 de Direcci\u00f3n<\/a><\/li>\n                                    \n                <\/ol>\n\n                <\/c-breadcrumb>\n    \n        <div slot=\"header\">\n            <h1>\n                Consejero Delegado de Ferrovial Construcci\u00f3n            <\/h1>\n                    <\/div>\n    <\/m-final-content-header>\n\n    \n\n\n<m-wysiwig class=\"wp-block-components-wysiwyg\"><div slot=\"maincontent\">\n<h2 class=\"wp-block-heading\">Ignacio Gast\u00f3n<\/h2>\n\n\n\n<figure class=\"wp-block-image size-large\"><img v-lazy=\"'https:\/\/static.ferrovial.com\/wp-content\/uploads\/2022\/02\/10174153\/ferrovial2021-ignaciogastonnanigutierrez-01-819x1024.jpg'\" alt=\"\" class=\"wp-image-215041\"\/><\/figure>\n\n\n\n<p>Ingeniero de Caminos, Canales y Puertos por la Universidad de Cantabria y MBA por la London Business School. Se incorpor\u00f3 a Ferrovial en 1995 y durante su carrera profesional ha ocupado distintos cargos de responsabilidad en las divisiones de Construcci\u00f3n y Servicios. En 2003 se incorpor\u00f3 a Amey, pasando en 2007 a ocupar la posici\u00f3n de Director de Ferrovial Construcci\u00f3n en el Reino Unido. En 2013 fue nombrado Director General de Ferrovial Servicios Espa\u00f1a, posici\u00f3n que ocup\u00f3 hasta ser elegido Consejero Delegado en Ferrovial Construcci\u00f3n en noviembre de 2018.<br><\/p>\n<\/div><\/m-wysiwig>\n","protected":false},"excerpt":{"rendered":"","protected":false},"featured_media":0,"parent":113055,"menu_order":0,"comment_status":"closed","ping_status":"closed","template":"","meta":{"_acf_changed":false,"footnotes":""},"class_list":["post-113063","page","type-page","status-publish","hentry"],"acf":[],"yoast_head":"<!-- This site is optimized with the Yoast SEO plugin v27.2 - https:\/\/yoast.com\/product\/yoast-seo-wordpress\/ -->\n<title>Ignacio Gast\u00f3n, Consejero Delegado de Ferrovial Agroman<\/title>\n<meta name=\"description\" content=\"Ingeniero de Caminos, Canales y Puertos por la Universidad de Cantabria y MBA por la London Business School. Se incorpor\u00f3 a Ferrovial en 1995 y durante su...\" \/>\n<meta name=\"robots\" content=\"index, follow, max-snippet:-1, max-image-preview:large, max-video-preview:-1\" \/>\n<link rel=\"canonical\" href=\"https:\/\/www.ferrovial.com\/es-es\/compania\/sobre-nosotros\/comite-direccion\/cd-f-construccion\/\" \/>\n<meta property=\"og:locale\" content=\"es_ES\" \/>\n<meta property=\"og:type\" content=\"article\" \/>\n<meta property=\"og:title\" content=\"Ignacio Gast\u00f3n, Consejero Delegado de Ferrovial Agroman\" \/>\n<meta property=\"og:description\" content=\"Ingeniero de Caminos, Canales y Puertos por la Universidad de Cantabria y MBA por la London Business School. Se incorpor\u00f3 a Ferrovial en 1995 y durante su...\" \/>\n<meta property=\"og:url\" content=\"https:\/\/www.ferrovial.com\/es-es\/compania\/sobre-nosotros\/comite-direccion\/cd-f-construccion\/\" \/>\n<meta property=\"og:site_name\" content=\"Ferrovial\" \/>\n<meta property=\"article:publisher\" content=\"https:\/\/www.facebook.com\/ferrovial\" \/>\n<meta property=\"article:modified_time\" content=\"2025-03-26T15:32:22+00:00\" \/>\n<meta property=\"og:image\" content=\"https:\/\/www.ferrovial.com\/wp-content\/uploads\/2022\/02\/ferrovial2021-ignaciogastonnanigutierrez-01-819x1024.jpg\" \/>\n<meta name=\"twitter:card\" content=\"summary_large_image\" \/>\n<meta name=\"twitter:site\" content=\"@ferrovial\" \/>\n<meta name=\"twitter:label1\" content=\"Tiempo de lectura\" \/>\n\t<meta name=\"twitter:data1\" content=\"1 minuto\" \/>\n<!-- \/ Yoast SEO plugin. -->","yoast_head_json":{"title":"Ignacio Gast\u00f3n, Consejero Delegado de Ferrovial Agroman","description":"Ingeniero de Caminos, Canales y Puertos por la Universidad de Cantabria y MBA por la London Business School. Se incorpor\u00f3 a Ferrovial en 1995 y durante su...","robots":{"index":"index","follow":"follow","max-snippet":"max-snippet:-1","max-image-preview":"max-image-preview:large","max-video-preview":"max-video-preview:-1"},"canonical":"https:\/\/www.ferrovial.com\/es-es\/compania\/sobre-nosotros\/comite-direccion\/cd-f-construccion\/","og_locale":"es_ES","og_type":"article","og_title":"Ignacio Gast\u00f3n, Consejero Delegado de Ferrovial Agroman","og_description":"Ingeniero de Caminos, Canales y Puertos por la Universidad de Cantabria y MBA por la London Business School. Se incorpor\u00f3 a Ferrovial en 1995 y durante su...","og_url":"https:\/\/www.ferrovial.com\/es-es\/compania\/sobre-nosotros\/comite-direccion\/cd-f-construccion\/","og_site_name":"Ferrovial","article_publisher":"https:\/\/www.facebook.com\/ferrovial","article_modified_time":"2025-03-26T15:32:22+00:00","og_image":[{"url":"https:\/\/www.ferrovial.com\/wp-content\/uploads\/2022\/02\/ferrovial2021-ignaciogastonnanigutierrez-01-819x1024.jpg","type":"","width":"","height":""}],"twitter_card":"summary_large_image","twitter_site":"@ferrovial","twitter_misc":{"Tiempo de lectura":"1 minuto"},"schema":{"@context":"https:\/\/schema.org","@graph":[{"@type":"WebPage","@id":"https:\/\/www.ferrovial.com\/es-es\/compania\/sobre-nosotros\/comite-direccion\/cd-f-construccion\/","url":"https:\/\/www.ferrovial.com\/es-es\/compania\/sobre-nosotros\/comite-direccion\/cd-f-construccion\/","name":"Ignacio Gast\u00f3n, Consejero Delegado de Ferrovial Agroman","isPartOf":{"@id":"https:\/\/www.ferrovial.com\/es-es\/#website"},"primaryImageOfPage":{"@id":"https:\/\/www.ferrovial.com\/es-es\/compania\/sobre-nosotros\/comite-direccion\/cd-f-construccion\/#primaryimage"},"image":{"@id":"https:\/\/www.ferrovial.com\/es-es\/compania\/sobre-nosotros\/comite-direccion\/cd-f-construccion\/#primaryimage"},"thumbnailUrl":"https:\/\/www.ferrovial.com\/wp-content\/uploads\/2022\/02\/ferrovial2021-ignaciogastonnanigutierrez-01-819x1024.jpg","datePublished":"2019-09-05T10:35:41+00:00","dateModified":"2025-03-26T15:32:22+00:00","description":"Ingeniero de Caminos, Canales y Puertos por la Universidad de Cantabria y MBA por la London Business School. Se incorpor\u00f3 a Ferrovial en 1995 y durante su...","breadcrumb":{"@id":"https:\/\/www.ferrovial.com\/es-es\/compania\/sobre-nosotros\/comite-direccion\/cd-f-construccion\/#breadcrumb"},"inLanguage":"es","potentialAction":[{"@type":"ReadAction","target":["https:\/\/www.ferrovial.com\/es-es\/compania\/sobre-nosotros\/comite-direccion\/cd-f-construccion\/"]}]},{"@type":"ImageObject","inLanguage":"es","@id":"https:\/\/www.ferrovial.com\/es-es\/compania\/sobre-nosotros\/comite-direccion\/cd-f-construccion\/#primaryimage","url":"https:\/\/www.ferrovial.com\/wp-content\/uploads\/2022\/02\/ferrovial2021-ignaciogastonnanigutierrez-01-819x1024.jpg","contentUrl":"https:\/\/www.ferrovial.com\/wp-content\/uploads\/2022\/02\/ferrovial2021-ignaciogastonnanigutierrez-01-819x1024.jpg"},{"@type":"BreadcrumbList","@id":"https:\/\/www.ferrovial.com\/es-es\/compania\/sobre-nosotros\/comite-direccion\/cd-f-construccion\/#breadcrumb","itemListElement":[{"@type":"ListItem","position":1,"name":"Portada","item":"https:\/\/www.ferrovial.com\/es-es\/"},{"@type":"ListItem","position":2,"name":"Sobre nosotros","item":"https:\/\/www.ferrovial.com\/es-es\/compania\/"},{"@type":"ListItem","position":3,"name":"Nuestra compa\u00f1\u00eda","item":"https:\/\/www.ferrovial.com\/es-es\/compania\/sobre-nosotros\/"},{"@type":"ListItem","position":4,"name":"Comit\u00e9 de Direcci\u00f3n","item":"https:\/\/www.ferrovial.com\/es-es\/compania\/sobre-nosotros\/comite-direccion\/"},{"@type":"ListItem","position":5,"name":"Ignacio Gast\u00f3n, Consejero Delegado de Ferrovial Construcci\u00f3n"}]},{"@type":"WebSite","@id":"https:\/\/www.ferrovial.com\/es-es\/#website","url":"https:\/\/www.ferrovial.com\/es-es\/","name":"Ferrovial","description":"Welcome to the Ferrovial&#039;s website, global operator of sustainable infrastructure. Here you can find all the information about the company and subsidiaries.","publisher":{"@id":"https:\/\/www.ferrovial.com\/es-es\/#organization"},"potentialAction":[{"@type":"SearchAction","target":{"@type":"EntryPoint","urlTemplate":"https:\/\/www.ferrovial.com\/es-es\/?s={search_term_string}"},"query-input":{"@type":"PropertyValueSpecification","valueRequired":true,"valueName":"search_term_string"}}],"inLanguage":"es"},{"@type":"Organization","@id":"https:\/\/www.ferrovial.com\/es-es\/#organization","name":"Ferrovial S.A.","url":"https:\/\/www.ferrovial.com\/es-es\/","logo":{"@type":"ImageObject","inLanguage":"es","@id":"https:\/\/www.ferrovial.com\/es-es\/#\/schema\/logo\/image\/","url":"https:\/\/static.ferrovial.com\/wp-content\/uploads\/2020\/01\/13124948\/logo-ferrovial-cf7.png","contentUrl":"https:\/\/static.ferrovial.com\/wp-content\/uploads\/2020\/01\/13124948\/logo-ferrovial-cf7.png","width":144,"height":32,"caption":"Ferrovial S.A."},"image":{"@id":"https:\/\/www.ferrovial.com\/es-es\/#\/schema\/logo\/image\/"},"sameAs":["https:\/\/www.facebook.com\/ferrovial","https:\/\/x.com\/ferrovial","https:\/\/www.instagram.com\/ferrovial\/","https:\/\/www.linkedin.com\/company\/ferrovial","https:\/\/www.pinterest.es\/ferrovial\/","https:\/\/www.youtube.com\/ferrovial","https:\/\/en.wikipedia.org\/wiki\/Ferrovial"]}]}},"_links":{"self":[{"href":"https:\/\/www.ferrovial.com\/es-es\/wp-json\/wp\/v2\/pages\/113063","targetHints":{"allow":["GET"]}}],"collection":[{"href":"https:\/\/www.ferrovial.com\/es-es\/wp-json\/wp\/v2\/pages"}],"about":[{"href":"https:\/\/www.ferrovial.com\/es-es\/wp-json\/wp\/v2\/types\/page"}],"replies":[{"embeddable":true,"href":"https:\/\/www.ferrovial.com\/es-es\/wp-json\/wp\/v2\/comments?post=113063"}],"version-history":[{"count":3,"href":"https:\/\/www.ferrovial.com\/es-es\/wp-json\/wp\/v2\/pages\/113063\/revisions"}],"predecessor-version":[{"id":302480,"href":"https:\/\/www.ferrovial.com\/es-es\/wp-json\/wp\/v2\/pages\/113063\/revisions\/302480"}],"up":[{"embeddable":true,"href":"https:\/\/www.ferrovial.com\/es-es\/wp-json\/wp\/v2\/pages\/113055"}],"wp:attachment":[{"href":"https:\/\/www.ferrovial.com\/es-es\/wp-json\/wp\/v2\/media?parent=113063"}],"curies":[{"name":"wp","href":"https:\/\/api.w.org\/{rel}","templated":true}]}}