{"id":113064,"date":"2019-09-05T12:34:39","date_gmt":"2019-09-05T10:34:39","guid":{"rendered":"https:\/\/www.ferrovial.com\/compania\/sobre-nosotros\/comite-direccion\/ciio\/"},"modified":"2022-03-16T08:22:26","modified_gmt":"2022-03-16T07:22:26","slug":"ciio","status":"publish","type":"page","link":"https:\/\/www.ferrovial.com\/es-es\/compania\/sobre-nosotros\/comite-direccion\/ciio\/","title":{"rendered":"Dimitris Bountolos, CIIO de Ferrovial"},"content":{"rendered":"    <m-final-content-header >\n            <c-breadcrumb label-text=\"Breadcrumb\" slot=\"breadcrumbs\" type='2' align='left' wrap='wrapped wrapped' aria-label='Vienes de Comit\u00e9 de Direcci\u00f3n'>\n                        <ol>\n\n                                                            <li><a href=\"https:\/\/www.ferrovial.com\/es-es\/\" title=\"Ferrovial\">Ferrovial<\/a><\/li>\n                                                                        <li><a href=\"https:\/\/www.ferrovial.com\/es\/compania\/\" title=\"Sobre nosotros\">Sobre nosotros<\/a><\/li>\n                                                                        <li><a href=\"https:\/\/www.ferrovial.com\/es\/compania\/sobre-nosotros\/\" title=\"Nuestra compa\u00f1\u00eda\">Nuestra compa\u00f1\u00eda<\/a><\/li>\n                                                                        <li><a href=\"https:\/\/www.ferrovial.com\/es\/compania\/sobre-nosotros\/comite-direccion\/\" title=\"Comit\u00e9 de Direcci\u00f3n\">Comit\u00e9 de Direcci\u00f3n<\/a><\/li>\n                                    \n                <\/ol>\n\n                <\/c-breadcrumb>\n    \n        <div slot=\"header\">\n            <h1>\n                Director general de sistemas de informaci\u00f3n e innovaci\u00f3n (CIIO)            <\/h1>\n                    <\/div>\n    <\/m-final-content-header>\n\n    \n\n\n<m-wysiwig class=\"wp-block-components-wysiwyg\"><div slot=\"maincontent\">\n<h2 class=\"wp-block-heading\">Dimitris Bountolos<\/h2>\n\n\n\n<figure class=\"wp-block-image size-large\"><img v-lazy=\"'https:\/\/static.ferrovial.com\/wp-content\/uploads\/2022\/02\/10174422\/ferrovial2021-drimitis-bountolosnanigutierrez-01-819x1024.jpg'\" alt=\"\" class=\"wp-image-215016\"\/><\/figure>\n\n\n\n<p>Ingeniero de Caminos, Canales y Puertos por la Universidad de Granada. Diplomado en diferentes cursos de alta direcci\u00f3n en Stanford, ESADE e IESE. En su trayectoria como emprendedor cabe destacar su participaci\u00f3n como fundador y socio en diferentes startups en el sector espacio, drones, employee experience, etc. como Zero 2 Infinity, Guudjob, BlueSouth e IllusionBox. Ha asumido diferentes puestos de responsabilidad en Iberia, destacando la direcci\u00f3n de transformaci\u00f3n y desarrollo del Hub y la vicepresidencia de Experiencia de Cliente, tambi\u00e9n ha sido Chief Digital Officer en Latam Airlines, consejero senior del Chief Innovation Officer de la NASA, en Houston; y de transformaci\u00f3n digital para el sector de Viajes, Trasporte y Log\u00edstica en la consultora McKinsey.<\/p>\n<\/div><\/m-wysiwig>\n","protected":false},"excerpt":{"rendered":"","protected":false},"featured_media":0,"parent":113055,"menu_order":0,"comment_status":"closed","ping_status":"closed","template":"","meta":{"_acf_changed":false,"footnotes":""},"class_list":["post-113064","page","type-page","status-publish","hentry"],"acf":[],"yoast_head":"<!-- This site is optimized with the Yoast SEO plugin v27.2 - https:\/\/yoast.com\/product\/yoast-seo-wordpress\/ -->\n<title>Dimitris Bountolos, CIIO de Ferrovial<\/title>\n<meta name=\"description\" content=\"Ingeniero Naval, M\u00e1ster en Direcci\u00f3n de empresas y Direcci\u00f3n de inform\u00e1tica, PAD IESE, Advanced Management Program INSEAD. Diplomado en diferentes...\" \/>\n<meta name=\"robots\" content=\"index, follow, max-snippet:-1, max-image-preview:large, max-video-preview:-1\" \/>\n<link rel=\"canonical\" href=\"https:\/\/www.ferrovial.com\/es-es\/compania\/sobre-nosotros\/comite-direccion\/ciio\/\" \/>\n<meta property=\"og:locale\" content=\"es_ES\" \/>\n<meta property=\"og:type\" content=\"article\" \/>\n<meta property=\"og:title\" content=\"Dimitris Bountolos, CIIO de Ferrovial\" \/>\n<meta property=\"og:description\" content=\"Ingeniero Naval, M\u00e1ster en Direcci\u00f3n de empresas y Direcci\u00f3n de inform\u00e1tica, PAD IESE, Advanced Management Program INSEAD. Diplomado en diferentes...\" \/>\n<meta property=\"og:url\" content=\"https:\/\/www.ferrovial.com\/es-es\/compania\/sobre-nosotros\/comite-direccion\/ciio\/\" \/>\n<meta property=\"og:site_name\" content=\"Ferrovial\" \/>\n<meta property=\"article:publisher\" content=\"https:\/\/www.facebook.com\/ferrovial\" \/>\n<meta property=\"article:modified_time\" content=\"2022-03-16T07:22:26+00:00\" \/>\n<meta property=\"og:image\" content=\"https:\/\/www.ferrovial.com\/wp-content\/uploads\/2022\/02\/ferrovial2021-drimitis-bountolosnanigutierrez-01-819x1024.jpg\" \/>\n<meta name=\"twitter:card\" content=\"summary_large_image\" \/>\n<meta name=\"twitter:site\" content=\"@ferrovial\" \/>\n<meta name=\"twitter:label1\" content=\"Tiempo de lectura\" \/>\n\t<meta name=\"twitter:data1\" content=\"1 minuto\" \/>\n<!-- \/ Yoast SEO plugin. -->","yoast_head_json":{"title":"Dimitris Bountolos, CIIO de Ferrovial","description":"Ingeniero Naval, M\u00e1ster en Direcci\u00f3n de empresas y Direcci\u00f3n de inform\u00e1tica, PAD IESE, Advanced Management Program INSEAD. Diplomado en diferentes...","robots":{"index":"index","follow":"follow","max-snippet":"max-snippet:-1","max-image-preview":"max-image-preview:large","max-video-preview":"max-video-preview:-1"},"canonical":"https:\/\/www.ferrovial.com\/es-es\/compania\/sobre-nosotros\/comite-direccion\/ciio\/","og_locale":"es_ES","og_type":"article","og_title":"Dimitris Bountolos, CIIO de Ferrovial","og_description":"Ingeniero Naval, M\u00e1ster en Direcci\u00f3n de empresas y Direcci\u00f3n de inform\u00e1tica, PAD IESE, Advanced Management Program INSEAD. Diplomado en diferentes...","og_url":"https:\/\/www.ferrovial.com\/es-es\/compania\/sobre-nosotros\/comite-direccion\/ciio\/","og_site_name":"Ferrovial","article_publisher":"https:\/\/www.facebook.com\/ferrovial","article_modified_time":"2022-03-16T07:22:26+00:00","og_image":[{"url":"https:\/\/www.ferrovial.com\/wp-content\/uploads\/2022\/02\/ferrovial2021-drimitis-bountolosnanigutierrez-01-819x1024.jpg","type":"","width":"","height":""}],"twitter_card":"summary_large_image","twitter_site":"@ferrovial","twitter_misc":{"Tiempo de lectura":"1 minuto"},"schema":{"@context":"https:\/\/schema.org","@graph":[{"@type":"WebPage","@id":"https:\/\/www.ferrovial.com\/es-es\/compania\/sobre-nosotros\/comite-direccion\/ciio\/","url":"https:\/\/www.ferrovial.com\/es-es\/compania\/sobre-nosotros\/comite-direccion\/ciio\/","name":"Dimitris Bountolos, CIIO de Ferrovial","isPartOf":{"@id":"https:\/\/www.ferrovial.com\/es-es\/#website"},"primaryImageOfPage":{"@id":"https:\/\/www.ferrovial.com\/es-es\/compania\/sobre-nosotros\/comite-direccion\/ciio\/#primaryimage"},"image":{"@id":"https:\/\/www.ferrovial.com\/es-es\/compania\/sobre-nosotros\/comite-direccion\/ciio\/#primaryimage"},"thumbnailUrl":"https:\/\/www.ferrovial.com\/wp-content\/uploads\/2022\/02\/ferrovial2021-drimitis-bountolosnanigutierrez-01-819x1024.jpg","datePublished":"2019-09-05T10:34:39+00:00","dateModified":"2022-03-16T07:22:26+00:00","description":"Ingeniero Naval, M\u00e1ster en Direcci\u00f3n de empresas y Direcci\u00f3n de inform\u00e1tica, PAD IESE, Advanced Management Program INSEAD. Diplomado en diferentes...","breadcrumb":{"@id":"https:\/\/www.ferrovial.com\/es-es\/compania\/sobre-nosotros\/comite-direccion\/ciio\/#breadcrumb"},"inLanguage":"es","potentialAction":[{"@type":"ReadAction","target":["https:\/\/www.ferrovial.com\/es-es\/compania\/sobre-nosotros\/comite-direccion\/ciio\/"]}]},{"@type":"ImageObject","inLanguage":"es","@id":"https:\/\/www.ferrovial.com\/es-es\/compania\/sobre-nosotros\/comite-direccion\/ciio\/#primaryimage","url":"https:\/\/www.ferrovial.com\/wp-content\/uploads\/2022\/02\/ferrovial2021-drimitis-bountolosnanigutierrez-01-819x1024.jpg","contentUrl":"https:\/\/www.ferrovial.com\/wp-content\/uploads\/2022\/02\/ferrovial2021-drimitis-bountolosnanigutierrez-01-819x1024.jpg"},{"@type":"BreadcrumbList","@id":"https:\/\/www.ferrovial.com\/es-es\/compania\/sobre-nosotros\/comite-direccion\/ciio\/#breadcrumb","itemListElement":[{"@type":"ListItem","position":1,"name":"Portada","item":"https:\/\/www.ferrovial.com\/es-es\/"},{"@type":"ListItem","position":2,"name":"Sobre nosotros","item":"https:\/\/www.ferrovial.com\/es-es\/compania\/"},{"@type":"ListItem","position":3,"name":"Nuestra compa\u00f1\u00eda","item":"https:\/\/www.ferrovial.com\/es-es\/compania\/sobre-nosotros\/"},{"@type":"ListItem","position":4,"name":"Comit\u00e9 de Direcci\u00f3n","item":"https:\/\/www.ferrovial.com\/es-es\/compania\/sobre-nosotros\/comite-direccion\/"},{"@type":"ListItem","position":5,"name":"Dimitris Bountolos, CIIO de Ferrovial"}]},{"@type":"WebSite","@id":"https:\/\/www.ferrovial.com\/es-es\/#website","url":"https:\/\/www.ferrovial.com\/es-es\/","name":"Ferrovial","description":"Welcome to the Ferrovial&#039;s website, global operator of sustainable infrastructure. Here you can find all the information about the company and subsidiaries.","publisher":{"@id":"https:\/\/www.ferrovial.com\/es-es\/#organization"},"potentialAction":[{"@type":"SearchAction","target":{"@type":"EntryPoint","urlTemplate":"https:\/\/www.ferrovial.com\/es-es\/?s={search_term_string}"},"query-input":{"@type":"PropertyValueSpecification","valueRequired":true,"valueName":"search_term_string"}}],"inLanguage":"es"},{"@type":"Organization","@id":"https:\/\/www.ferrovial.com\/es-es\/#organization","name":"Ferrovial S.A.","url":"https:\/\/www.ferrovial.com\/es-es\/","logo":{"@type":"ImageObject","inLanguage":"es","@id":"https:\/\/www.ferrovial.com\/es-es\/#\/schema\/logo\/image\/","url":"https:\/\/static.ferrovial.com\/wp-content\/uploads\/2020\/01\/13124948\/logo-ferrovial-cf7.png","contentUrl":"https:\/\/static.ferrovial.com\/wp-content\/uploads\/2020\/01\/13124948\/logo-ferrovial-cf7.png","width":144,"height":32,"caption":"Ferrovial S.A."},"image":{"@id":"https:\/\/www.ferrovial.com\/es-es\/#\/schema\/logo\/image\/"},"sameAs":["https:\/\/www.facebook.com\/ferrovial","https:\/\/x.com\/ferrovial","https:\/\/www.instagram.com\/ferrovial\/","https:\/\/www.linkedin.com\/company\/ferrovial","https:\/\/www.pinterest.es\/ferrovial\/","https:\/\/www.youtube.com\/ferrovial","https:\/\/en.wikipedia.org\/wiki\/Ferrovial"]}]}},"_links":{"self":[{"href":"https:\/\/www.ferrovial.com\/es-es\/wp-json\/wp\/v2\/pages\/113064","targetHints":{"allow":["GET"]}}],"collection":[{"href":"https:\/\/www.ferrovial.com\/es-es\/wp-json\/wp\/v2\/pages"}],"about":[{"href":"https:\/\/www.ferrovial.com\/es-es\/wp-json\/wp\/v2\/types\/page"}],"replies":[{"embeddable":true,"href":"https:\/\/www.ferrovial.com\/es-es\/wp-json\/wp\/v2\/comments?post=113064"}],"version-history":[{"count":3,"href":"https:\/\/www.ferrovial.com\/es-es\/wp-json\/wp\/v2\/pages\/113064\/revisions"}],"predecessor-version":[{"id":218362,"href":"https:\/\/www.ferrovial.com\/es-es\/wp-json\/wp\/v2\/pages\/113064\/revisions\/218362"}],"up":[{"embeddable":true,"href":"https:\/\/www.ferrovial.com\/es-es\/wp-json\/wp\/v2\/pages\/113055"}],"wp:attachment":[{"href":"https:\/\/www.ferrovial.com\/es-es\/wp-json\/wp\/v2\/media?parent=113064"}],"curies":[{"name":"wp","href":"https:\/\/api.w.org\/{rel}","templated":true}]}}