{"id":113096,"date":"2019-11-05T17:58:31","date_gmt":"2019-11-05T16:58:31","guid":{"rendered":"https:\/\/www.ferrovial.com\/sostenibilidad\/social\/cadena-suministros\/"},"modified":"2025-08-07T12:14:23","modified_gmt":"2025-08-07T10:14:23","slug":"cadena-suministros","status":"publish","type":"page","link":"https:\/\/www.ferrovial.com\/es-es\/sostenibilidad\/social\/cadena-suministros\/","title":{"rendered":"Cadena de suministro"},"content":{"rendered":"    <m-final-content-header bgimage='https:\/\/static.ferrovial.com\/wp-content\/uploads\/2019\/11\/13140829\/407-etr-best-quality-double-semi-truck-e1573140936688-559x720.jpg'>\n            <c-breadcrumb label-text=\"Breadcrumb\" slot=\"breadcrumbs\" type='2' align='left' wrap='wrapped wrapped' aria-label='Vienes de Compromiso con la sociedad'>\n                        <ol>\n\n                                                            <li><a href=\"https:\/\/www.ferrovial.com\/es-es\/\" title=\"Ferrovial\">Ferrovial<\/a><\/li>\n                                                                        <li><a href=\"https:\/\/www.ferrovial.com\/es\/sostenibilidad\/\" title=\"Sostenibilidad\">Sostenibilidad<\/a><\/li>\n                                                                        <li><a href=\"https:\/\/www.ferrovial.com\/es\/sostenibilidad\/social\/\" title=\"Compromiso con la sociedad\">Compromiso con la sociedad<\/a><\/li>\n                                    \n                <\/ol>\n\n                <\/c-breadcrumb>\n    \n        <div slot=\"header\">\n            <h1>\n                Cadena de suministro            <\/h1>\n                    <\/div>\n    <\/m-final-content-header>\n\n    \n\n\n<m-wysiwig class=\"wp-block-components-wysiwyg\"><div slot=\"maincontent\">    <p class=\"intro\">El objetivo de nuestro modelo es promover la eficiencia, la calidad, la sostenibilidad, la transparencia, el respeto por los derechos humanos, la no discriminaci\u00f3n y la igualdad de oportunidades.<\/p>\n    \n\n\n<p>Por ello, nuestros procesos de selecci\u00f3n, negociaci\u00f3n y contrataci\u00f3n de proveedores y contratistas se distinguen por su objetividad y rigor. Adem\u00e1s, realizamos un seguimiento continuo mediante evaluaciones sistem\u00e1ticas de control de calidad. Para garantizar la trazabilidad de los procesos, trabajamos con organizaciones, socios y colaboradores socialmente responsables que comparten nuestra visi\u00f3n de construir relaciones s\u00f3lidas a largo plazo.<\/p>\n\n\n\n<h2 class=\"wp-block-heading\">Nuestra cadena de suministro<\/h2>\n\n\n\n<p>La naturaleza de la cadena de suministro var\u00eda seg\u00fan la divisi\u00f3n, siendo <a href=\"https:\/\/static.ferrovial.com\/wp-content\/uploads\/2025\/08\/07110708\/cadena-de-valor-de-ferrovial-construccion.pdf\" target=\"_blank\" rel=\"noreferrer noopener\">Ferrovial Construcci\u00f3n<\/a> la que concentra el mayor volumen de compras, destinadas principalmente a proyectos en ejecuci\u00f3n.<\/p>\n\n\n\n<p>Nuestra cadena de suministro est\u00e1 compuesta por proveedores (fabricantes y distribuidores) y subcontratistas. Se caracteriza por un elevado n\u00famero de proveedores, un alto grado de subcontratistas, un significativo porcentaje de proveedores locales y una amplia diversidad de tipos de proveedores. Adem\u00e1s, exige una constante adaptaci\u00f3n a los requisitos espec\u00edficos de cada mercado local.<\/p>\n\n\n\n<h2 class=\"wp-block-heading\"><strong>Pol\u00edtica Global de Compras<\/strong><\/h2>\n\n\n\n<p>Nuestra <a href=\"https:\/\/static.ferrovial.com\/wp-content\/uploads\/2020\/05\/13124601\/ferrovial_politica-de-compras-global.pdf\" target=\"_blank\" rel=\"noreferrer noopener\">Pol\u00edtica Global de Compras<\/a> integra pol\u00edticas comerciales, medioambientales, sociales y de buen gobierno que son fundamentales y definen la relaci\u00f3n con nuestros proveedores. Esta pol\u00edtica se aplica en todas nuestras filiales y mercados, y se basa en el C\u00f3digo de \u00c9tica y Conducta Empresarial, las pol\u00edticas de Responsabilidad Corporativa y Derechos Humanos, as\u00ed como en el Procedimiento de Diligencia Debida e Integridad \u00c9tica de los Proveedores.<\/p>\n\n\n\n<p>Las cuestiones relacionadas con el \u00e1rea de compras se abordan en el Comit\u00e9 de Sostenibilidad, presidido por el Director de Sostenibilidad e integrado por representantes de las unidades de negocio y las \u00e1reas corporativas, as\u00ed como por el Director de Compras de Construcci\u00f3n.<\/p>\n\n\n\n<p>El Comit\u00e9 de Sostenibilidad es el nexo entre las \u00e1reas de negocio y corporativas y la alta direcci\u00f3n, siendo responsable de informar sobre avances y resultados, proponer acciones al Comit\u00e9 de Direcci\u00f3n y comunicar la aprobaci\u00f3n de las propuestas y resultados al resto de la organizaci\u00f3n.<\/p>\n\n\n\n<h2 class=\"wp-block-heading\">Gesti\u00f3n integral de proveedores<\/h2>\n\n\n\n<p>Seleccionamos a nuestros proveedores y socios en funci\u00f3n de criterios de transparencia, integridad, independencia y sostenibilidad, con el objetivo de ofrecer servicios de excelencia y m\u00e1xima eficiencia.<\/p>\n\n\n\n<p>La gesti\u00f3n de proveedores comienza con un proceso de clasificaci\u00f3n, en el que evaluamos su grado de criticidad, es decir, su importancia cr\u00edtica en funci\u00f3n del volumen de compras o de la naturaleza de su actividad econ\u00f3mica. Antes de formalizar cualquier relaci\u00f3n contractual, verificamos que los proveedores conocen y cumplen nuestro <a href=\"https:\/\/static.ferrovial.com\/wp-content\/uploads\/2024\/05\/08093128\/codigo-etico-proveedores.pdf\" target=\"_blank\" rel=\"noreferrer noopener\">C\u00f3digo \u00c9tico de Proveedores<\/a>, integrado en el Procedimiento de Diligencia Debida e Integridad \u00c9tica de los Proveedores.\u00a0Este documento establece los principios fundamentales que deben regir su comportamiento en el marco de su relaci\u00f3n comercial con Ferrovial, abarcando, entre otros, los siguientes aspectos:<\/p>\n\n\n\n<ul class=\"wp-block-list\">\n<li>Derechos Humanos y Condiciones laborales: trabajo forzado, trabajo infantil, condiciones laborales, seguridad y salud en el trabajo, no discriminaci\u00f3n, prevenci\u00f3n del acoso, libertad de asociaci\u00f3n y negociaci\u00f3n colectiva.<\/li>\n\n\n\n<li>Medioambiente: emisiones de GEI, consumo energ\u00e9tico, prevenci\u00f3n de la contaminaci\u00f3n, gesti\u00f3n de residuos, eficiencia de los recursos, biodiversidad, no deforestaci\u00f3n y conservaci\u00f3n del suelo.<\/li>\n\n\n\n<li>\u00c9tica empresarial: lucha contra la corrupci\u00f3n, integridad, transparencia, pr\u00e1cticas anticompetitivas y conflictos de inter\u00e9s.<\/li>\n<\/ul>\n\n\n\n<p>Los modelos de pedidos y contratos incluyen cl\u00e1usulas espec\u00edficas que abordan aspectos medioambientales, sociales, laborales, de seguridad y salud, as\u00ed como cuestiones \u00e9ticas y de lucha contra la corrupci\u00f3n. Estas cl\u00e1usulas contemplan, como medida final, la posibilidad de rescindir la relaci\u00f3n comercial en caso de incumplimiento.<\/p>\n\n\n\n<p>Una vez superado el proceso de selecci\u00f3n, el proveedor o subcontratista inicia la prestaci\u00f3n de sus servicios. Por nuestra parte, nos comprometemos a realizar evaluaciones peri\u00f3dicas conforme a nuestro Procedimiento. Los incidentes detectados se registran y pueden conllevar la exclusi\u00f3n del proveedor de futuras licitaciones.<\/p>\n\n\n\n<h2 class=\"wp-block-heading\">Innovaci\u00f3n y tecnolog\u00eda<\/h2>\n\n\n\n<p>Gracias a la innovaci\u00f3n y al uso de nuevas tecnolog\u00edas, hemos consolidado una cadena de suministro \u00e1gil, eficiente y transparente. La colaboraci\u00f3n con nuestros proveedores a\u00f1ade valor y contribuye a la mejora continua de los procesos. <\/p>\n\n\n\n<p>Un ejemplo destacado es la divisi\u00f3n de Construcci\u00f3n, que utiliza herramientas como Insite, Supplier360 y BuildAdvisor para monitorizar el desempe\u00f1o de la cadena de suministro. BuildAdvisor, adem\u00e1s, permite a los proveedores comparar su desempe\u00f1o ESG con el de sus hom\u00f3logos.<\/p>\n\n\n\n<h2 class=\"wp-block-heading\">Compras sostenibles<\/h2>\n\n\n\n<p>La sostenibilidad en nuestra cadena de suministro se centra principalmente en torno a las decisiones de compra. Los proveedores que suministran productos de alto riesgo o &nbsp;pertenecen a sectores o pa\u00edses identificados como de alto riesgo, se clasifican como proveedores de alto riesgo.<\/p>\n\n\n\n<p>La divisi\u00f3n de Construcci\u00f3n utiliza una aplicaci\u00f3n inform\u00e1tica interna para evaluar y hacer seguimiento del desempe\u00f1o de los proveedores, bas\u00e1ndose en las valoraciones realizadas en cada obra o centro de trabajo y la monitorizaci\u00f3n del desempe\u00f1o de la cadena de suministro.<\/p>\n\n\n\n<p>Estas evaluaciones, llevadas a cabo in situ por los responsables de obra siguiendo la metodolog\u00eda interna de Ferrovial Construcci\u00f3n, permiten seleccionar a los proveedores preferentes en los procesos de adjudicaci\u00f3n, teniendo en cuenta criterios ESG.<\/p>\n\n\n\n<p>En 2024 se evaluaron 6.280 proveedores. Los resultados de estas evaluaciones pueden derivar en un apercibimiento , la implementaci\u00f3n de un plan de mejora o incluso la suspensi\u00f3n de la colaboraci\u00f3n con Ferrovial, dependiendo de la gravedad del caso. El Procedimiento de Evaluaci\u00f3n y Seguimiento de la Calidad de Proveedores incluye un mecanismo que permite rechazar a un proveedor tras tres incidencias leves en un a\u00f1o o una sola incidencia grave (relacionada con ESG, incumplimiento del pedido o del contrato, violaci\u00f3n de la Pol\u00edtica Anticorrupci\u00f3n de Ferrovial, del C\u00f3digo \u00c9tico de Proveedores o problemas significativos).<br>\n             <a class='rich-link' href='https:\/\/static.ferrovial.com\/wp-content\/uploads\/2025\/08\/07111322\/desarrollo-sostenible-de-la-cadena-de-suministro.pdf' title='M\u00e1s informaci\u00f3n de las iniciativas de Ferrovial Construcci\u00f3n en la cadena de suministro' target='_blank'>\n                <span>M\u00e1s informaci\u00f3n de las iniciativas de Ferrovial Construcci\u00f3n en la cadena de suministro<\/span>\n                <img src='https:\/\/www.ferrovial.com\/wp-content\/themes\/global\/front\/dist\/static\/img\/icon-download.svg' alt='download link'>\n            <\/a>\n        <\/p>\n\n\n\n<p>Para garantizar la transparencia en las relaciones, el Canal \u00c9tico est\u00e1 disponible para todos los grupos de inter\u00e9s a trav\u00e9s de la web de Ferrovial, permitiendo la notificaci\u00f3n de cualquier conducta que no se ajuste a los est\u00e1ndares de la compa\u00f1\u00eda.<\/p>\n\n\n\n<p>Asimismo, desde el departamento de Compras de Construcci\u00f3n seguimos reforzando el Cat\u00e1logo de Compras Verdes, una herramienta que promueve y facilita la adquisici\u00f3n de productos con un impacto positivo en el medioambiente. \n             <a class='rich-link' href='https:\/\/static.ferrovial.com\/wp-content\/uploads\/2025\/07\/09152050\/independent-assurance-report.pdf' title='Ver indicadores de compras de la divisi\u00f3n de Construcci\u00f3n de 2024' target='_blank'>\n                <span>Ver indicadores de compras de la divisi\u00f3n de Construcci\u00f3n de 2024<\/span>\n                <img src='https:\/\/www.ferrovial.com\/wp-content\/themes\/global\/front\/dist\/static\/img\/icon-download.svg' alt='download link'>\n            <\/a>\n        <\/p>\n\n\n\n<h2 class=\"wp-block-heading\">Est\u00e1ndares de Sostenibilidad<\/h2>\n\n\n\n<p>Con el objetivo de alinear a los proveedores con el compromiso de Ferrovial con el desarrollo sostenible, la compa\u00f1\u00eda ha establecido sus est\u00e1ndares en sus pol\u00edticas, tomando como referencia las principales tendencias internacionales de sostenibilidad, as\u00ed como las iniciativas y requisitos asociados.<\/p>\n\n\n\n<p>Las normas y compromisos se aplican a todos los proveedores, as\u00ed como a sus subsidiarias, afiliadas y contratistas, en relaci\u00f3n con aspectos clave como los sistemas laborales, medioambientales, de \u00e9tica empresarial, seguridad y salud, y gesti\u00f3n. A trav\u00e9s del C\u00f3digo \u00c9tico de Proveedores, esperamos que nuestros colaboradores puedan transmitir los requisitos de sostenibilidad relevantes a sus proveedores, realizar un seguimiento de su cumplimiento y trabajar conjuntamente para impulsar el desarrollo sostenible en toda la cadena de valor.<\/p>\n\n\n\n<figure class=\"wp-block-image size-large\"><img v-lazy=\"'https:\/\/static.ferrovial.com\/wp-content\/uploads\/2025\/08\/07113331\/infografia-3-ing-esp-1024x830.png'\" alt=\"\" class=\"wp-image-311115\"\/><\/figure>\n\n\n\n<h2 class=\"wp-block-heading\"><strong>Programas de capacitaci\u00f3n<\/strong><\/h2>\n\n\n\n<p>Fomentamos el desarrollo de capacidades ESG en nuestros principales proveedores. Los involucramos en programas de formaci\u00f3n dise\u00f1ados para mejorar su desempe\u00f1o en sostenibilidad y facilitar la transferencia de este conocimiento a sus propias cadenas de suministro. <\/p>\n\n\n\n<p>Desde 2024 participamos en el Programa de Capacitaci\u00f3n de Proveedores Sostenibles del Pacto Mundial de Naciones Unidas, una iniciativa internacional de formaci\u00f3n centrada en \u00e1reas espec\u00edficas de los&nbsp;Diez Principios del Pacto Mundial y la&nbsp;sostenibilidad empresarial.<\/p>\n\n\n\n\n             <a class='rich-link' href='https:\/\/static.ferrovial.com\/wp-content\/uploads\/2025\/08\/07112037\/ferrovial-construccion-uk-en-la-supply-chain-sustainability-school-de-uk.pdf' title='Para m\u00e1s informaci\u00f3n sobre los programas de formaci\u00f3n y reconocimiento en Construcci\u00f3n UK haz clic aqu\u00ed' target='_blank'>\n                <span>Para m\u00e1s informaci\u00f3n sobre los programas de formaci\u00f3n y reconocimiento en Construcci\u00f3n UK haz clic aqu\u00ed<\/span>\n                <img src='https:\/\/www.ferrovial.com\/wp-content\/themes\/global\/front\/dist\/static\/img\/icon-download.svg' alt='download link'>\n            <\/a>\n        \n\n\n\n<h2 class=\"wp-block-heading\"><br><\/h2>\n<\/div><\/m-wysiwig>\n","protected":false},"excerpt":{"rendered":"","protected":false},"featured_media":0,"parent":113094,"menu_order":0,"comment_status":"closed","ping_status":"closed","template":"","meta":{"_acf_changed":false,"footnotes":""},"class_list":["post-113096","page","type-page","status-publish","hentry"],"acf":[],"yoast_head":"<!-- This site is optimized with the Yoast SEO plugin v27.2 - https:\/\/yoast.com\/product\/yoast-seo-wordpress\/ -->\n<title>Cadena de suministro y proveedores - Ferrovial<\/title>\n<meta name=\"description\" content=\"El objetivo de nuestro modelo es fomentar la eficiencia, la calidad, la sostenibilidad, la transparencia, el respeto a los Derechos Humanos, la no ...\" \/>\n<meta name=\"robots\" content=\"index, follow, max-snippet:-1, max-image-preview:large, max-video-preview:-1\" \/>\n<link rel=\"canonical\" href=\"https:\/\/www.ferrovial.com\/es-es\/sostenibilidad\/social\/cadena-suministros\/\" \/>\n<meta property=\"og:locale\" content=\"es_ES\" \/>\n<meta property=\"og:type\" content=\"article\" \/>\n<meta property=\"og:title\" content=\"Cadena de suministro y proveedores - Ferrovial\" \/>\n<meta property=\"og:description\" content=\"El objetivo de nuestro modelo es fomentar la eficiencia, la calidad, la sostenibilidad, la transparencia, el respeto a los Derechos Humanos, la no ...\" \/>\n<meta property=\"og:url\" content=\"https:\/\/www.ferrovial.com\/es-es\/sostenibilidad\/social\/cadena-suministros\/\" \/>\n<meta property=\"og:site_name\" content=\"Ferrovial\" \/>\n<meta property=\"article:publisher\" content=\"https:\/\/www.facebook.com\/ferrovial\" \/>\n<meta property=\"article:modified_time\" content=\"2025-08-07T10:14:23+00:00\" \/>\n<meta property=\"og:image\" content=\"https:\/\/www.ferrovial.com\/wp-content\/uploads\/2025\/08\/infografia-3-ing-esp-1024x830.png\" \/>\n<meta name=\"twitter:card\" content=\"summary_large_image\" \/>\n<meta name=\"twitter:site\" content=\"@ferrovial\" \/>\n<meta name=\"twitter:label1\" content=\"Tiempo de lectura\" \/>\n\t<meta name=\"twitter:data1\" content=\"6 minutos\" \/>\n<!-- \/ Yoast SEO plugin. -->","yoast_head_json":{"title":"Cadena de suministro y proveedores - Ferrovial","description":"El objetivo de nuestro modelo es fomentar la eficiencia, la calidad, la sostenibilidad, la transparencia, el respeto a los Derechos Humanos, la no ...","robots":{"index":"index","follow":"follow","max-snippet":"max-snippet:-1","max-image-preview":"max-image-preview:large","max-video-preview":"max-video-preview:-1"},"canonical":"https:\/\/www.ferrovial.com\/es-es\/sostenibilidad\/social\/cadena-suministros\/","og_locale":"es_ES","og_type":"article","og_title":"Cadena de suministro y proveedores - Ferrovial","og_description":"El objetivo de nuestro modelo es fomentar la eficiencia, la calidad, la sostenibilidad, la transparencia, el respeto a los Derechos Humanos, la no ...","og_url":"https:\/\/www.ferrovial.com\/es-es\/sostenibilidad\/social\/cadena-suministros\/","og_site_name":"Ferrovial","article_publisher":"https:\/\/www.facebook.com\/ferrovial","article_modified_time":"2025-08-07T10:14:23+00:00","og_image":[{"url":"https:\/\/www.ferrovial.com\/wp-content\/uploads\/2025\/08\/infografia-3-ing-esp-1024x830.png","type":"","width":"","height":""}],"twitter_card":"summary_large_image","twitter_site":"@ferrovial","twitter_misc":{"Tiempo de lectura":"6 minutos"},"schema":{"@context":"https:\/\/schema.org","@graph":[{"@type":"WebPage","@id":"https:\/\/www.ferrovial.com\/es-es\/sostenibilidad\/social\/cadena-suministros\/","url":"https:\/\/www.ferrovial.com\/es-es\/sostenibilidad\/social\/cadena-suministros\/","name":"Cadena de suministro y proveedores - Ferrovial","isPartOf":{"@id":"https:\/\/www.ferrovial.com\/es-es\/#website"},"primaryImageOfPage":{"@id":"https:\/\/www.ferrovial.com\/es-es\/sostenibilidad\/social\/cadena-suministros\/#primaryimage"},"image":{"@id":"https:\/\/www.ferrovial.com\/es-es\/sostenibilidad\/social\/cadena-suministros\/#primaryimage"},"thumbnailUrl":"https:\/\/www.ferrovial.com\/wp-content\/uploads\/2025\/08\/infografia-3-ing-esp-1024x830.png","datePublished":"2019-11-05T16:58:31+00:00","dateModified":"2025-08-07T10:14:23+00:00","description":"El objetivo de nuestro modelo es fomentar la eficiencia, la calidad, la sostenibilidad, la transparencia, el respeto a los Derechos Humanos, la no ...","breadcrumb":{"@id":"https:\/\/www.ferrovial.com\/es-es\/sostenibilidad\/social\/cadena-suministros\/#breadcrumb"},"inLanguage":"es","potentialAction":[{"@type":"ReadAction","target":["https:\/\/www.ferrovial.com\/es-es\/sostenibilidad\/social\/cadena-suministros\/"]}]},{"@type":"ImageObject","inLanguage":"es","@id":"https:\/\/www.ferrovial.com\/es-es\/sostenibilidad\/social\/cadena-suministros\/#primaryimage","url":"https:\/\/www.ferrovial.com\/wp-content\/uploads\/2025\/08\/infografia-3-ing-esp-1024x830.png","contentUrl":"https:\/\/www.ferrovial.com\/wp-content\/uploads\/2025\/08\/infografia-3-ing-esp-1024x830.png"},{"@type":"BreadcrumbList","@id":"https:\/\/www.ferrovial.com\/es-es\/sostenibilidad\/social\/cadena-suministros\/#breadcrumb","itemListElement":[{"@type":"ListItem","position":1,"name":"Portada","item":"https:\/\/www.ferrovial.com\/es-es\/"},{"@type":"ListItem","position":2,"name":"Sostenibilidad","item":"https:\/\/www.ferrovial.com\/es-es\/sostenibilidad\/"},{"@type":"ListItem","position":3,"name":"Compromiso con la sociedad","item":"https:\/\/www.ferrovial.com\/es-es\/sostenibilidad\/social\/"},{"@type":"ListItem","position":4,"name":"Cadena de suministro"}]},{"@type":"WebSite","@id":"https:\/\/www.ferrovial.com\/es-es\/#website","url":"https:\/\/www.ferrovial.com\/es-es\/","name":"Ferrovial","description":"Welcome to the Ferrovial&#039;s website, global operator of sustainable infrastructure. Here you can find all the information about the company and subsidiaries.","publisher":{"@id":"https:\/\/www.ferrovial.com\/es-es\/#organization"},"potentialAction":[{"@type":"SearchAction","target":{"@type":"EntryPoint","urlTemplate":"https:\/\/www.ferrovial.com\/es-es\/?s={search_term_string}"},"query-input":{"@type":"PropertyValueSpecification","valueRequired":true,"valueName":"search_term_string"}}],"inLanguage":"es"},{"@type":"Organization","@id":"https:\/\/www.ferrovial.com\/es-es\/#organization","name":"Ferrovial S.A.","url":"https:\/\/www.ferrovial.com\/es-es\/","logo":{"@type":"ImageObject","inLanguage":"es","@id":"https:\/\/www.ferrovial.com\/es-es\/#\/schema\/logo\/image\/","url":"https:\/\/static.ferrovial.com\/wp-content\/uploads\/2020\/01\/13124948\/logo-ferrovial-cf7.png","contentUrl":"https:\/\/static.ferrovial.com\/wp-content\/uploads\/2020\/01\/13124948\/logo-ferrovial-cf7.png","width":144,"height":32,"caption":"Ferrovial S.A."},"image":{"@id":"https:\/\/www.ferrovial.com\/es-es\/#\/schema\/logo\/image\/"},"sameAs":["https:\/\/www.facebook.com\/ferrovial","https:\/\/x.com\/ferrovial","https:\/\/www.instagram.com\/ferrovial\/","https:\/\/www.linkedin.com\/company\/ferrovial","https:\/\/www.pinterest.es\/ferrovial\/","https:\/\/www.youtube.com\/ferrovial","https:\/\/en.wikipedia.org\/wiki\/Ferrovial"]}]}},"_links":{"self":[{"href":"https:\/\/www.ferrovial.com\/es-es\/wp-json\/wp\/v2\/pages\/113096","targetHints":{"allow":["GET"]}}],"collection":[{"href":"https:\/\/www.ferrovial.com\/es-es\/wp-json\/wp\/v2\/pages"}],"about":[{"href":"https:\/\/www.ferrovial.com\/es-es\/wp-json\/wp\/v2\/types\/page"}],"replies":[{"embeddable":true,"href":"https:\/\/www.ferrovial.com\/es-es\/wp-json\/wp\/v2\/comments?post=113096"}],"version-history":[{"count":3,"href":"https:\/\/www.ferrovial.com\/es-es\/wp-json\/wp\/v2\/pages\/113096\/revisions"}],"predecessor-version":[{"id":311131,"href":"https:\/\/www.ferrovial.com\/es-es\/wp-json\/wp\/v2\/pages\/113096\/revisions\/311131"}],"up":[{"embeddable":true,"href":"https:\/\/www.ferrovial.com\/es-es\/wp-json\/wp\/v2\/pages\/113094"}],"wp:attachment":[{"href":"https:\/\/www.ferrovial.com\/es-es\/wp-json\/wp\/v2\/media?parent=113096"}],"curies":[{"name":"wp","href":"https:\/\/api.w.org\/{rel}","templated":true}]}}