{"id":113110,"date":"2019-11-06T12:38:57","date_gmt":"2019-11-06T11:38:57","guid":{"rendered":"https:\/\/www.ferrovial.com\/sostenibilidad\/social\/comunidad\/accion-social\/"},"modified":"2025-03-20T17:25:43","modified_gmt":"2025-03-20T16:25:43","slug":"accion-social","status":"publish","type":"page","link":"https:\/\/www.ferrovial.com\/es-es\/sostenibilidad\/social\/comunidad\/accion-social\/","title":{"rendered":"Comedores Sociales en Espa\u00f1a"},"content":{"rendered":"    <m-final-content-header bgimage='https:\/\/static.ferrovial.com\/wp-content\/uploads\/2019\/12\/13140929\/accion-social-cruz-roja-1280x720.jpg'>\n            <c-breadcrumb label-text=\"Breadcrumb\" slot=\"breadcrumbs\" type='2' align='left' wrap='wrapped wrapped' aria-label='Vienes de Impacto en la comunidad'>\n                        <ol>\n\n                                                            <li><a href=\"https:\/\/www.ferrovial.com\/es-es\/\" title=\"Ferrovial\">Ferrovial<\/a><\/li>\n                                                                        <li><a href=\"https:\/\/www.ferrovial.com\/es\/sostenibilidad\/\" title=\"Sostenibilidad\">Sostenibilidad<\/a><\/li>\n                                                                        <li><a href=\"https:\/\/www.ferrovial.com\/es\/sostenibilidad\/social\/\" title=\"Compromiso con la sociedad\">Compromiso con la sociedad<\/a><\/li>\n                                                                        <li><a href=\"https:\/\/www.ferrovial.com\/es\/sostenibilidad\/social\/comunidad\/\" title=\"Impacto en la comunidad\">Impacto en la comunidad<\/a><\/li>\n                                    \n                <\/ol>\n\n                <\/c-breadcrumb>\n    \n        <div slot=\"header\">\n            <h1>\n                On the move for Zero Hunger: comedores sociales            <\/h1>\n                    <\/div>\n    <\/m-final-content-header>\n\n    \n\n\n<m-wysiwig class=\"wp-block-components-wysiwyg\"><div slot=\"maincontent\">    <p class=\"intro\">Tras la crisis iniciada en 2008, la desigualdad y la fragilidad social se intensificaron en Espa\u00f1a. El aumento del desempleo provoc\u00f3 el empobrecimiento de una parte importante de la poblaci\u00f3n y muchas familias se quedaron en la antesala de la exclusi\u00f3n social, compitiendo por obtener unas ayudas cada vez m\u00e1s escasas.<\/p>\n    <\/div><\/m-wysiwig>\n\n\n    <m-cyphers-basic>\n                        <ul slot=\"cyphers\">\n                                                <li>\n                                                                        <p class=\"number\">\n                                            56                                        <\/p>\n                                                                                <p class=\"post\">\n                                            Intervenciones                                        <\/p>\n                                                                    <\/li>\n                                                        <li>\n                                                                        <p class=\"number\">\n                                            81.692                                        <\/p>\n                                                                                <p class=\"post\">\n                                            Beneficiarios                                        <\/p>\n                                                                    <\/li>\n                                                        <li>\n                                                                        <p class=\"number\">\n                                            1.297.894 \u20ac                                        <\/p>\n                                                                                <p class=\"post\">\n                                            invertidos                                        <\/p>\n                                                                    <\/li>\n                                            <\/ul>\n                    <\/m-cyphers-basic>\n\n    \n\n\n<m-wysiwig class=\"wp-block-components-wysiwyg\"><div slot=\"maincontent\">\n<p>Ante esta situaci\u00f3n, dentro de nuestro compromiso y nuestra pol\u00edtica responsable con la sociedad, hemos puesto en marcha este programa acci\u00f3n social, con el que buscamos apoyar a las organizaciones que luchan contra el hambre y la desnutrici\u00f3n en Espa\u00f1a mediante la mejora de infraestructuras y medios, y con especial atenci\u00f3n a los colectivos vulnerables.&nbsp;<\/p>\n\n\n\n<p>Para dar respuesta al incremento de la desigualdad, la mayor\u00eda de organizaciones sociales se han visto en la necesidad de aumentar sus infraestructuras y medios de respuesta ante emergencias, incluyendo la distribuci\u00f3n de alimentos y la entrega de lotes de ayuda social.<\/p>\n\n\n\n<p>Por eso, hemos centrado nuestro apoyo a estas organizaciones en la reforma de comedores sociales e infraestructuras para el reparto de alimentos y en la adquisici\u00f3n de equipamiento en centros de atenci\u00f3n social, que facilite el acceso a una alimentaci\u00f3n de calidad a personas en riesgo de exclusi\u00f3n.<\/p>\n\n\n\n<p>En marcha desde el a\u00f1o 2012, nuestro programa Acci\u00f3n social en Espa\u00f1a ha contribuido a garantizar el acceso a alimentaci\u00f3n a 80.692 personas repartidas en 26 provincias del territorio espa\u00f1ol. A trav\u00e9s de diez proyectos diferentes, hemos rehabilitado nueve centros de acogida de personas sin hogar, cinco cocinas y 14 espacios de distribuci\u00f3n y comedores sociales. Tambi\u00e9n hemos adecuado 23 espacios de almacenaje de alimentos y suministrado equipamiento especializado para otros cuatro centros.<\/p>\n\n\n\n<p>Estos ocho proyectos, que hemos financiado con un total de 1.197.894 euros, han sido llevados a cabo en colaboraci\u00f3n con cinco organizaciones: Cruz Roja Espa\u00f1ola, la Federaci\u00f3n Espa\u00f1ola de Banco de Alimentos (FESBAL), C\u00e1ritas, World Vision y la Fundaci\u00f3n Altius.<\/p>\n<\/div><\/m-wysiwig>\n","protected":false},"excerpt":{"rendered":"","protected":false},"featured_media":0,"parent":113098,"menu_order":0,"comment_status":"closed","ping_status":"closed","template":"","meta":{"_acf_changed":false,"footnotes":""},"class_list":["post-113110","page","type-page","status-publish","hentry"],"acf":[],"yoast_head":"<!-- This site is optimized with the Yoast SEO plugin v27.2 - https:\/\/yoast.com\/product\/yoast-seo-wordpress\/ -->\n<title>Comedores Sociales en Espa\u00f1a - Ferrovial<\/title>\n<meta name=\"description\" content=\"Welcome to the Ferrovial&#039;s website, global operator of sustainable infrastructure. Here you can find all the information about the company and subsidiaries.\" \/>\n<meta name=\"robots\" content=\"index, follow, max-snippet:-1, max-image-preview:large, max-video-preview:-1\" \/>\n<link rel=\"canonical\" href=\"https:\/\/www.ferrovial.com\/es-es\/sostenibilidad\/social\/comunidad\/accion-social\/\" \/>\n<meta property=\"og:locale\" content=\"es_ES\" \/>\n<meta property=\"og:type\" content=\"article\" \/>\n<meta property=\"og:title\" content=\"Comedores Sociales en Espa\u00f1a - Ferrovial\" \/>\n<meta property=\"og:description\" content=\"Welcome to the Ferrovial&#039;s website, global operator of sustainable infrastructure. Here you can find all the information about the company and subsidiaries.\" \/>\n<meta property=\"og:url\" content=\"https:\/\/www.ferrovial.com\/es-es\/sostenibilidad\/social\/comunidad\/accion-social\/\" \/>\n<meta property=\"og:site_name\" content=\"Ferrovial\" \/>\n<meta property=\"article:publisher\" content=\"https:\/\/www.facebook.com\/ferrovial\" \/>\n<meta property=\"article:modified_time\" content=\"2025-03-20T16:25:43+00:00\" \/>\n<meta name=\"twitter:card\" content=\"summary_large_image\" \/>\n<meta name=\"twitter:site\" content=\"@ferrovial\" \/>\n<meta name=\"twitter:label1\" content=\"Tiempo de lectura\" \/>\n\t<meta name=\"twitter:data1\" content=\"2 minutos\" \/>\n<!-- \/ Yoast SEO plugin. -->","yoast_head_json":{"title":"Comedores Sociales en Espa\u00f1a - Ferrovial","description":"Welcome to the Ferrovial's website, global operator of sustainable infrastructure. Here you can find all the information about the company and subsidiaries.","robots":{"index":"index","follow":"follow","max-snippet":"max-snippet:-1","max-image-preview":"max-image-preview:large","max-video-preview":"max-video-preview:-1"},"canonical":"https:\/\/www.ferrovial.com\/es-es\/sostenibilidad\/social\/comunidad\/accion-social\/","og_locale":"es_ES","og_type":"article","og_title":"Comedores Sociales en Espa\u00f1a - Ferrovial","og_description":"Welcome to the Ferrovial's website, global operator of sustainable infrastructure. Here you can find all the information about the company and subsidiaries.","og_url":"https:\/\/www.ferrovial.com\/es-es\/sostenibilidad\/social\/comunidad\/accion-social\/","og_site_name":"Ferrovial","article_publisher":"https:\/\/www.facebook.com\/ferrovial","article_modified_time":"2025-03-20T16:25:43+00:00","twitter_card":"summary_large_image","twitter_site":"@ferrovial","twitter_misc":{"Tiempo de lectura":"2 minutos"},"schema":{"@context":"https:\/\/schema.org","@graph":[{"@type":"WebPage","@id":"https:\/\/www.ferrovial.com\/es-es\/sostenibilidad\/social\/comunidad\/accion-social\/","url":"https:\/\/www.ferrovial.com\/es-es\/sostenibilidad\/social\/comunidad\/accion-social\/","name":"Comedores Sociales en Espa\u00f1a - Ferrovial","isPartOf":{"@id":"https:\/\/www.ferrovial.com\/es-es\/#website"},"datePublished":"2019-11-06T11:38:57+00:00","dateModified":"2025-03-20T16:25:43+00:00","description":"Welcome to the Ferrovial's website, global operator of sustainable infrastructure. Here you can find all the information about the company and subsidiaries.","breadcrumb":{"@id":"https:\/\/www.ferrovial.com\/es-es\/sostenibilidad\/social\/comunidad\/accion-social\/#breadcrumb"},"inLanguage":"es","potentialAction":[{"@type":"ReadAction","target":["https:\/\/www.ferrovial.com\/es-es\/sostenibilidad\/social\/comunidad\/accion-social\/"]}]},{"@type":"BreadcrumbList","@id":"https:\/\/www.ferrovial.com\/es-es\/sostenibilidad\/social\/comunidad\/accion-social\/#breadcrumb","itemListElement":[{"@type":"ListItem","position":1,"name":"Portada","item":"https:\/\/www.ferrovial.com\/es-es\/"},{"@type":"ListItem","position":2,"name":"Sostenibilidad","item":"https:\/\/www.ferrovial.com\/es-es\/sostenibilidad\/"},{"@type":"ListItem","position":3,"name":"Compromiso con la sociedad","item":"https:\/\/www.ferrovial.com\/es-es\/sostenibilidad\/social\/"},{"@type":"ListItem","position":4,"name":"Impacto en la comunidad","item":"https:\/\/www.ferrovial.com\/es-es\/sostenibilidad\/social\/comunidad\/"},{"@type":"ListItem","position":5,"name":"Comedores Sociales en Espa\u00f1a"}]},{"@type":"WebSite","@id":"https:\/\/www.ferrovial.com\/es-es\/#website","url":"https:\/\/www.ferrovial.com\/es-es\/","name":"Ferrovial","description":"Welcome to the Ferrovial&#039;s website, global operator of sustainable infrastructure. Here you can find all the information about the company and subsidiaries.","publisher":{"@id":"https:\/\/www.ferrovial.com\/es-es\/#organization"},"potentialAction":[{"@type":"SearchAction","target":{"@type":"EntryPoint","urlTemplate":"https:\/\/www.ferrovial.com\/es-es\/?s={search_term_string}"},"query-input":{"@type":"PropertyValueSpecification","valueRequired":true,"valueName":"search_term_string"}}],"inLanguage":"es"},{"@type":"Organization","@id":"https:\/\/www.ferrovial.com\/es-es\/#organization","name":"Ferrovial S.A.","url":"https:\/\/www.ferrovial.com\/es-es\/","logo":{"@type":"ImageObject","inLanguage":"es","@id":"https:\/\/www.ferrovial.com\/es-es\/#\/schema\/logo\/image\/","url":"https:\/\/static.ferrovial.com\/wp-content\/uploads\/2020\/01\/13124948\/logo-ferrovial-cf7.png","contentUrl":"https:\/\/static.ferrovial.com\/wp-content\/uploads\/2020\/01\/13124948\/logo-ferrovial-cf7.png","width":144,"height":32,"caption":"Ferrovial S.A."},"image":{"@id":"https:\/\/www.ferrovial.com\/es-es\/#\/schema\/logo\/image\/"},"sameAs":["https:\/\/www.facebook.com\/ferrovial","https:\/\/x.com\/ferrovial","https:\/\/www.instagram.com\/ferrovial\/","https:\/\/www.linkedin.com\/company\/ferrovial","https:\/\/www.pinterest.es\/ferrovial\/","https:\/\/www.youtube.com\/ferrovial","https:\/\/en.wikipedia.org\/wiki\/Ferrovial"]}]}},"_links":{"self":[{"href":"https:\/\/www.ferrovial.com\/es-es\/wp-json\/wp\/v2\/pages\/113110","targetHints":{"allow":["GET"]}}],"collection":[{"href":"https:\/\/www.ferrovial.com\/es-es\/wp-json\/wp\/v2\/pages"}],"about":[{"href":"https:\/\/www.ferrovial.com\/es-es\/wp-json\/wp\/v2\/types\/page"}],"replies":[{"embeddable":true,"href":"https:\/\/www.ferrovial.com\/es-es\/wp-json\/wp\/v2\/comments?post=113110"}],"version-history":[{"count":3,"href":"https:\/\/www.ferrovial.com\/es-es\/wp-json\/wp\/v2\/pages\/113110\/revisions"}],"predecessor-version":[{"id":302140,"href":"https:\/\/www.ferrovial.com\/es-es\/wp-json\/wp\/v2\/pages\/113110\/revisions\/302140"}],"up":[{"embeddable":true,"href":"https:\/\/www.ferrovial.com\/es-es\/wp-json\/wp\/v2\/pages\/113098"}],"wp:attachment":[{"href":"https:\/\/www.ferrovial.com\/es-es\/wp-json\/wp\/v2\/media?parent=113110"}],"curies":[{"name":"wp","href":"https:\/\/api.w.org\/{rel}","templated":true}]}}