{"id":113127,"date":"2019-11-15T12:59:13","date_gmt":"2019-11-15T11:59:13","guid":{"rendered":"https:\/\/www.ferrovial.com\/sostenibilidad\/medio-ambiente\/grupo-verde\/"},"modified":"2020-04-21T23:38:53","modified_gmt":"2020-04-21T21:38:53","slug":"grupo-verde","status":"publish","type":"page","link":"https:\/\/www.ferrovial.com\/es-es\/sostenibilidad\/medio-ambiente\/grupo-verde\/","title":{"rendered":"El Grupo Espa\u00f1ol para el Crecimiento Verde"},"content":{"rendered":"    <m-final-content-header >\n            <c-breadcrumb label-text=\"Breadcrumb\" slot=\"breadcrumbs\" type='2' align='left' wrap='wrapped wrapped' aria-label='Vienes de Medio Ambiente'>\n                        <ol>\n\n                                                            <li><a href=\"https:\/\/www.ferrovial.com\/es-es\/\" title=\"Ferrovial\">Ferrovial<\/a><\/li>\n                                                                        <li><a href=\"https:\/\/www.ferrovial.com\/es\/sostenibilidad\/\" title=\"Sostenibilidad\">Sostenibilidad<\/a><\/li>\n                                                                        <li><a href=\"https:\/\/www.ferrovial.com\/es\/sostenibilidad\/medio-ambiente\/\" title=\"Medio Ambiente\">Medio Ambiente<\/a><\/li>\n                                    \n                <\/ol>\n\n                <\/c-breadcrumb>\n    \n        <div slot=\"header\">\n            <h1>\n                El Grupo Espa\u00f1ol para el Crecimiento Verde            <\/h1>\n                    <\/div>\n    <\/m-final-content-header>\n\n    \n\n\n<m-wysiwig class=\"wp-block-components-wysiwyg\"><div slot=\"maincontent\">\n<p>Nuestra colaboraci\u00f3n con<a href=\"https:\/\/grupocrecimientoverde.org\/tag\/ferrovial\/\" title=\"Grupo Espa\u00f1ol para el Crecimiento Verde\" target=\"_blank\" rel=\"nofollow noopener noreferrer\"> el Grupo Espa\u00f1ol para el Crecimiento Verde<\/a> (GECV) ha sido constante en los \u00faltimos a\u00f1os. El grupo apuesta por la valoraci\u00f3n del capital natural, un primer paso indispensable para poder desarrollar estrategias que minimicen los impactos de la actividad humana, as\u00ed como compensar sus efectos y restaurar los ecosistemas si fuese necesario.<\/p>\n\n\n\n<h2 class=\"wp-block-heading\">Qu\u00e9 es el capital natural<\/h2>\n\n\n\n<p>Todas las actividades econ\u00f3micas dependen, en mayor o menor medida, de la naturaleza y, a su vez, generan, de una manera u otra, impactos sobre los ecosistemas. As\u00ed, el capital natural se refiere al flujo de bienes y servicios proporcionados por la biodiversidad y los ecosistemas de manera sostenible.<\/p>\n\n\n\n<p>Es importante ser consciente de que la degradaci\u00f3n de los ecosistemas puede llegar a comprometer el desempe\u00f1o de las empresas. Por ello, es importante\u202fvalorar el capital natural para garantizar el desarrollo sostenible y establecer marcos normativos que permitan llevar a cabo acciones de restauraci\u00f3n y compensaci\u00f3n, asegurando la permanencia de dicho capital en el futuro.<\/p>\n\n\n\n<h2 class=\"wp-block-heading\">El Grupo Espa\u00f1ol para el Crecimiento Verde y Ferrovial<\/h2>\n\n\n\n<p>El objetivo principal del GECV es trabajar por esa valoraci\u00f3n del capital natural. En la actualidad, el grupo consiste en una asociaci\u00f3n de empresas que busca fomentar la colaboraci\u00f3n entre administraciones p\u00fablicas y organizaciones privadas con el objetivo de avanzar conjuntamente en los retos ambientales. Desde Ferrovial participamos activamente en el GECV, grupo que preside nuestro director de HSQ&amp;E, Valent\u00edn Alfaya.<\/p>\n\n\n\n<p>A trav\u00e9s de esta plataforma, se comparte informaci\u00f3n, se identifican oportunidades y se debate sobre las soluciones en materia de mitigaci\u00f3n y adaptaci\u00f3n al cambio clim\u00e1tico, la descarbonizaci\u00f3n de la econom\u00eda o el fomento de una econom\u00eda circular. Estos son aspectos que necesitan la implicaci\u00f3n del tejido empresarial y son clave para una sociedad pr\u00f3spera. Entre los objetivos que hemos alcanzado a trav\u00e9s del Grupo Espa\u00f1ol para el Crecimiento Verde, destacan:<\/p>\n\n\n\n<ul class=\"wp-block-list\"><li>Trabajar en posiciones comunes desde el sector privado y crear una v\u00eda de comunicaci\u00f3n con la administraci\u00f3n p\u00fablica de cara a las negociaciones internacionales sobre cambio clim\u00e1tico.<\/li><li>Identificar oportunidades de negocio, crecimiento y empleo.<\/li><li>Debatir sobre qu\u00e9 pol\u00edticas p\u00fablicas podr\u00edan ser m\u00e1s eficaces.<\/li><li>Dar visibilidad al compromiso conjunto de las empresas y el gobierno espa\u00f1ol.<\/li><li>Contar con una red de aprendizaje, experiencias y contactos.<\/li><li>Explorar iniciativas para la colaboraci\u00f3n p\u00fablico\u2013privada en la lucha contra el cambio clim\u00e1tico.<\/li><\/ul>\n<\/div><\/m-wysiwig>\n","protected":false},"excerpt":{"rendered":"","protected":false},"featured_media":0,"parent":113095,"menu_order":0,"comment_status":"closed","ping_status":"closed","template":"","meta":{"_acf_changed":false,"footnotes":""},"class_list":["post-113127","page","type-page","status-publish","hentry"],"acf":[],"yoast_head":"<!-- This site is optimized with the Yoast SEO plugin v27.2 - https:\/\/yoast.com\/product\/yoast-seo-wordpress\/ -->\n<title>El Grupo Espa\u00f1ol para el Crecimiento Verde - Ferrovial<\/title>\n<meta name=\"description\" content=\"Welcome to the Ferrovial&#039;s website, global operator of sustainable infrastructure. Here you can find all the information about the company and subsidiaries.\" \/>\n<meta name=\"robots\" content=\"index, follow, max-snippet:-1, max-image-preview:large, max-video-preview:-1\" \/>\n<link rel=\"canonical\" href=\"https:\/\/www.ferrovial.com\/es-es\/sostenibilidad\/medio-ambiente\/grupo-verde\/\" \/>\n<meta property=\"og:locale\" content=\"es_ES\" \/>\n<meta property=\"og:type\" content=\"article\" \/>\n<meta property=\"og:title\" content=\"El Grupo Espa\u00f1ol para el Crecimiento Verde - Ferrovial\" \/>\n<meta property=\"og:description\" content=\"Welcome to the Ferrovial&#039;s website, global operator of sustainable infrastructure. Here you can find all the information about the company and subsidiaries.\" \/>\n<meta property=\"og:url\" content=\"https:\/\/www.ferrovial.com\/es-es\/sostenibilidad\/medio-ambiente\/grupo-verde\/\" \/>\n<meta property=\"og:site_name\" content=\"Ferrovial\" \/>\n<meta property=\"article:publisher\" content=\"https:\/\/www.facebook.com\/ferrovial\" \/>\n<meta property=\"article:modified_time\" content=\"2020-04-21T21:38:53+00:00\" \/>\n<meta name=\"twitter:card\" content=\"summary_large_image\" \/>\n<meta name=\"twitter:site\" content=\"@ferrovial\" \/>\n<meta name=\"twitter:label1\" content=\"Tiempo de lectura\" \/>\n\t<meta name=\"twitter:data1\" content=\"2 minutos\" \/>\n<!-- \/ Yoast SEO plugin. -->","yoast_head_json":{"title":"El Grupo Espa\u00f1ol para el Crecimiento Verde - Ferrovial","description":"Welcome to the Ferrovial's website, global operator of sustainable infrastructure. Here you can find all the information about the company and subsidiaries.","robots":{"index":"index","follow":"follow","max-snippet":"max-snippet:-1","max-image-preview":"max-image-preview:large","max-video-preview":"max-video-preview:-1"},"canonical":"https:\/\/www.ferrovial.com\/es-es\/sostenibilidad\/medio-ambiente\/grupo-verde\/","og_locale":"es_ES","og_type":"article","og_title":"El Grupo Espa\u00f1ol para el Crecimiento Verde - Ferrovial","og_description":"Welcome to the Ferrovial's website, global operator of sustainable infrastructure. Here you can find all the information about the company and subsidiaries.","og_url":"https:\/\/www.ferrovial.com\/es-es\/sostenibilidad\/medio-ambiente\/grupo-verde\/","og_site_name":"Ferrovial","article_publisher":"https:\/\/www.facebook.com\/ferrovial","article_modified_time":"2020-04-21T21:38:53+00:00","twitter_card":"summary_large_image","twitter_site":"@ferrovial","twitter_misc":{"Tiempo de lectura":"2 minutos"},"schema":{"@context":"https:\/\/schema.org","@graph":[{"@type":"WebPage","@id":"https:\/\/www.ferrovial.com\/es-es\/sostenibilidad\/medio-ambiente\/grupo-verde\/","url":"https:\/\/www.ferrovial.com\/es-es\/sostenibilidad\/medio-ambiente\/grupo-verde\/","name":"El Grupo Espa\u00f1ol para el Crecimiento Verde - Ferrovial","isPartOf":{"@id":"https:\/\/www.ferrovial.com\/es-es\/#website"},"datePublished":"2019-11-15T11:59:13+00:00","dateModified":"2020-04-21T21:38:53+00:00","description":"Welcome to the Ferrovial's website, global operator of sustainable infrastructure. Here you can find all the information about the company and subsidiaries.","breadcrumb":{"@id":"https:\/\/www.ferrovial.com\/es-es\/sostenibilidad\/medio-ambiente\/grupo-verde\/#breadcrumb"},"inLanguage":"es","potentialAction":[{"@type":"ReadAction","target":["https:\/\/www.ferrovial.com\/es-es\/sostenibilidad\/medio-ambiente\/grupo-verde\/"]}]},{"@type":"BreadcrumbList","@id":"https:\/\/www.ferrovial.com\/es-es\/sostenibilidad\/medio-ambiente\/grupo-verde\/#breadcrumb","itemListElement":[{"@type":"ListItem","position":1,"name":"Portada","item":"https:\/\/www.ferrovial.com\/es-es\/"},{"@type":"ListItem","position":2,"name":"Sostenibilidad","item":"https:\/\/www.ferrovial.com\/es-es\/sostenibilidad\/"},{"@type":"ListItem","position":3,"name":"Medio Ambiente","item":"https:\/\/www.ferrovial.com\/es-es\/sostenibilidad\/medio-ambiente\/"},{"@type":"ListItem","position":4,"name":"El Grupo Espa\u00f1ol para el Crecimiento Verde"}]},{"@type":"WebSite","@id":"https:\/\/www.ferrovial.com\/es-es\/#website","url":"https:\/\/www.ferrovial.com\/es-es\/","name":"Ferrovial","description":"Welcome to the Ferrovial&#039;s website, global operator of sustainable infrastructure. Here you can find all the information about the company and subsidiaries.","publisher":{"@id":"https:\/\/www.ferrovial.com\/es-es\/#organization"},"potentialAction":[{"@type":"SearchAction","target":{"@type":"EntryPoint","urlTemplate":"https:\/\/www.ferrovial.com\/es-es\/?s={search_term_string}"},"query-input":{"@type":"PropertyValueSpecification","valueRequired":true,"valueName":"search_term_string"}}],"inLanguage":"es"},{"@type":"Organization","@id":"https:\/\/www.ferrovial.com\/es-es\/#organization","name":"Ferrovial S.A.","url":"https:\/\/www.ferrovial.com\/es-es\/","logo":{"@type":"ImageObject","inLanguage":"es","@id":"https:\/\/www.ferrovial.com\/es-es\/#\/schema\/logo\/image\/","url":"https:\/\/static.ferrovial.com\/wp-content\/uploads\/2020\/01\/13124948\/logo-ferrovial-cf7.png","contentUrl":"https:\/\/static.ferrovial.com\/wp-content\/uploads\/2020\/01\/13124948\/logo-ferrovial-cf7.png","width":144,"height":32,"caption":"Ferrovial S.A."},"image":{"@id":"https:\/\/www.ferrovial.com\/es-es\/#\/schema\/logo\/image\/"},"sameAs":["https:\/\/www.facebook.com\/ferrovial","https:\/\/x.com\/ferrovial","https:\/\/www.instagram.com\/ferrovial\/","https:\/\/www.linkedin.com\/company\/ferrovial","https:\/\/www.pinterest.es\/ferrovial\/","https:\/\/www.youtube.com\/ferrovial","https:\/\/en.wikipedia.org\/wiki\/Ferrovial"]}]}},"_links":{"self":[{"href":"https:\/\/www.ferrovial.com\/es-es\/wp-json\/wp\/v2\/pages\/113127","targetHints":{"allow":["GET"]}}],"collection":[{"href":"https:\/\/www.ferrovial.com\/es-es\/wp-json\/wp\/v2\/pages"}],"about":[{"href":"https:\/\/www.ferrovial.com\/es-es\/wp-json\/wp\/v2\/types\/page"}],"replies":[{"embeddable":true,"href":"https:\/\/www.ferrovial.com\/es-es\/wp-json\/wp\/v2\/comments?post=113127"}],"version-history":[{"count":1,"href":"https:\/\/www.ferrovial.com\/es-es\/wp-json\/wp\/v2\/pages\/113127\/revisions"}],"predecessor-version":[{"id":164052,"href":"https:\/\/www.ferrovial.com\/es-es\/wp-json\/wp\/v2\/pages\/113127\/revisions\/164052"}],"up":[{"embeddable":true,"href":"https:\/\/www.ferrovial.com\/es-es\/wp-json\/wp\/v2\/pages\/113095"}],"wp:attachment":[{"href":"https:\/\/www.ferrovial.com\/es-es\/wp-json\/wp\/v2\/media?parent=113127"}],"curies":[{"name":"wp","href":"https:\/\/api.w.org\/{rel}","templated":true}]}}