{"id":113128,"date":"2019-11-07T19:35:45","date_gmt":"2019-11-07T18:35:45","guid":{"rendered":"https:\/\/www.ferrovial.com\/sostenibilidad\/medio-ambiente\/huella-hidrica\/"},"modified":"2025-06-24T14:02:47","modified_gmt":"2025-06-24T12:02:47","slug":"huella-hidrica","status":"publish","type":"page","link":"https:\/\/www.ferrovial.com\/es-es\/sostenibilidad\/medio-ambiente\/huella-hidrica\/","title":{"rendered":"Huella h\u00eddrica"},"content":{"rendered":"    <m-final-content-header bgimage='https:\/\/static.ferrovial.com\/wp-content\/uploads\/2019\/11\/13140941\/huella-hidrica-ferrovial.jpg'>\n            <c-breadcrumb label-text=\"Breadcrumb\" slot=\"breadcrumbs\" type='2' align='left' wrap='wrapped wrapped' aria-label='Vienes de Medio Ambiente'>\n                        <ol>\n\n                                                            <li><a href=\"https:\/\/www.ferrovial.com\/es-es\/\" title=\"Ferrovial\">Ferrovial<\/a><\/li>\n                                                                        <li><a href=\"https:\/\/www.ferrovial.com\/es\/sostenibilidad\/\" title=\"Sostenibilidad\">Sostenibilidad<\/a><\/li>\n                                                                        <li><a href=\"https:\/\/www.ferrovial.com\/es\/sostenibilidad\/medio-ambiente\/\" title=\"Medio Ambiente\">Medio Ambiente<\/a><\/li>\n                                    \n                <\/ol>\n\n                <\/c-breadcrumb>\n    \n        <div slot=\"header\">\n            <h1>\n                Huella h\u00eddrica            <\/h1>\n                    <\/div>\n    <\/m-final-content-header>\n\n    \n\n\n<m-wysiwig class=\"wp-block-components-wysiwyg\"><div slot=\"maincontent\">    <p class=\"intro\">Disponemos de una metodolog\u00eda para calcular y reportar la huella h\u00eddrica desde 2015. Conociendo nuestra huella h\u00eddrica y el detalle de sus componentes podemos analizar los riesgos y oportunidades relacionados con el agua.<\/p>\n    \n\n\n<p>Esta metodolog\u00eda de c\u00e1lculo abarca a todas las compa\u00f1\u00edas del grupo sobre las que se tiene control operacional. Se ha desarrollado de forma espec\u00edfica para nuestra compa\u00f1\u00eda y ha sido desarrollada tomando como base los principios de <a href=\"http:\/\/waterfootprint.org\/media\/downloads\/TheWaterFootprintAssessmentManual_2.pdf\" target=\"_blank\" rel=\"noreferrer noopener\">The Water Footprint Assessment Manual<\/a> (WFM), <a href=\"https:\/\/www.wbcsd.org\/Programs\/Food-and-Nature\/Water\/News\/WBCSD-Releases-Updated-Global-Water-Tool-for-Sustainable-Water-Management\" target=\"_blank\" rel=\"noreferrer noopener\">Global Water Tool<\/a> (GWT) y <a aria-label=\" (opens in a new tab)\" class=\"ek-link\" href=\"https:\/\/www.globalreporting.org\/\" target=\"_blank\" rel=\"noreferrer noopener\">GRI-G4<\/a>. Estos \u00edndices consideran aspectos como el estr\u00e9s h\u00eddrico del pa\u00eds, impacto sobre el recurso h\u00eddrico, impacto sobre gesti\u00f3n de vegetaci\u00f3n, la calidad y la accesibilidad al agua. De esta forma se cuantifica el impacto global sobre este recurso.<\/p>\n\n\n\n<h2 class=\"wp-block-heading\">Nuestra huella h\u00eddrica se compone de tres \u00edndices:<\/h2>\n\n\n\n<ul class=\"wp-block-list\">\n<li><strong>\u00cdndice de Agua de los Negocios \/ Business Water Index (BWI)<\/strong>, relacionado con el consumo de agua y su vertido llevado a cabo en las actividades que desarrollamos.<\/li>\n\n\n\n<li><strong>\u00cdndice de Tratamiento de Agua \/ Water Treatment Index (WTI)<\/strong>, relacionado con el impacto que sobre el recurso tiene la actividad de tratamiento de agua (EDAR, Estaci\u00f3n Depuradora de Aguas Residuales; EDARi, Estaci\u00f3n Depuradora de Aguas Residuales Industriales; ETAP, Estaci\u00f3n de Tratamiento de Agua Potable; e IDAM, Instalaciones Desaladoras de Agua de Mar).<\/li>\n\n\n\n<li><strong>\u00cdndice de Acceso al Agua \/ Water Access Index (WAI)<\/strong>, relacionado con nuestros proyectos de abastecimiento de agua dentro del <a href=\"https:\/\/www.ferrovial.com\/es-es\/sostenibilidad\/rsc\/\" class=\"ek-link\">Programa de Acci\u00f3n Social<\/a>.<\/li>\n<\/ul>\n<\/div><\/m-wysiwig>\n\n\n    <m-cyphers-basic>\n                        <div slot=\"head\">\n                                                <h2>\n                                \u00cdndices de sostenibilidad                            <\/h2>\n                                                        <h3>\n                                Huella h\u00eddrica en 2024                            <\/h3>\n                                                            <p>\n                                    Descripci\u00f3n por defecto                                <\/p>\n                                            <\/div>\n                                <ul slot=\"cyphers\">\n                                                <li>\n                                                                        <p class=\"number\">\n                                            2.133.800                                        <\/p>\n                                                                                <p class=\"post\">\n                                            BWI                                        <\/p>\n                                                                    <\/li>\n                                                        <li>\n                                                                        <p class=\"number\">\n                                            -237.219.996                                        <\/p>\n                                                                                <p class=\"post\">\n                                            WTI                                        <\/p>\n                                                                    <\/li>\n                                                        <li>\n                                                                        <p class=\"number\">\n                                            -496.703                                        <\/p>\n                                                                                <p class=\"post\">\n                                            WAI                                        <\/p>\n                                                                    <\/li>\n                                            <\/ul>\n                    <\/m-cyphers-basic>\n\n    \n\n\n<m-wysiwig class=\"wp-block-components-wysiwyg\"><div slot=\"maincontent\">\n<h2 class=\"wp-block-heading\">Consumo de agua por fuente<\/h2>\n\n\n\n<figure class=\"wp-block-table\"><table class=\"has-fixed-layout\"><tbody><tr><td><\/td><td><strong>2021<\/strong><\/td><td><strong>2021<\/strong><\/td><td><strong>2022<\/strong><\/td><td><strong>2022<\/strong><\/td><td><strong>2023<\/strong><\/td><td><strong>2023<\/strong><\/td><td><strong>2024<\/strong><\/td><td><strong>2024<\/strong><\/td><\/tr><tr><td><\/td><td><strong>Extracci\u00f3n total de agua de todas las zonas<\/strong><\/td><td><strong>Extracci\u00f3n total de agua de todas las zonas con estr\u00e9s h\u00eddrico<\/strong><\/td><td><strong>Extracci\u00f3n total de agua de todas las zonas<\/strong><\/td><td><strong>Extracci\u00f3n total de agua de todas las zonas con estr\u00e9s h\u00eddrico<\/strong><\/td><td><strong>Extracci\u00f3n total de agua de todas las zonas<\/strong><\/td><td><strong>Extracci\u00f3n total de agua de todas las zonas con estr\u00e9s h\u00eddrico<\/strong><\/td><td><strong>Extracci\u00f3n total de agua de todas las zonas<\/strong><\/td><td><strong>Extracci\u00f3n total de agua de todas las zonas con estr\u00e9s h\u00eddrico<\/strong><\/td><\/tr><tr><td><strong>Red de suministro (m3)<\/strong><\/td><td>1.326.316<\/td><td>746.180<\/td><td>931.346<\/td><td>652.561<\/td><td>1.115.436<\/td><td>911.877<\/td><td>1.359.057<\/td><td>1.114.414<\/td><\/tr><tr><td><strong>Agua dulce superficial (m3)<\/strong><\/td><td>293.066<\/td><td>293.066<\/td><td>343.306<\/td><td>343.306<\/td><td>328.462<\/td><td>328.462<\/td><td>204.525<\/td><td>204.525<\/td><\/tr><tr><td><strong>Agua subterr\u00e1nea (m3)<\/strong><\/td><td>376.210<\/td><td>376.210<\/td><td>416.858<\/td><td>416.858<\/td><td>386.538<\/td><td>384.646<\/td><td>471.556<\/td><td>402.704<\/td><\/tr><tr><td><strong>Agua de lluvia (m3)<\/strong><\/td><td>0<\/td><td>0<\/td><td>6.580<\/td><td>6.580<\/td><td>181<\/td><td>181<\/td><td>0<\/td><td>0<\/td><\/tr><tr><td><strong>Agua de origen residual (m3)<\/strong><\/td><td>0<\/td><td>0<\/td><td>0<\/td><td>0<\/td><td>0<\/td><td>0<\/td><td>21<\/td><td>0<\/td><\/tr><tr><td><strong>Agua pretratada en Cadagua (m3)<\/strong><\/td><td>4.775.762<\/td><td>4.775.762<\/td><td>4.699.448<\/td><td>4.699.448<\/td><td>4.321.764<\/td><td>4.321.764<\/td><td>4.536.824<\/td><td>4.536.141<\/td><\/tr><tr><td><strong>Agua reciclada &#8211; reutilizada (m3)<\/strong><\/td><td>6.179<\/td><td>6.179<\/td><td>21.899<\/td><td>21.899<\/td><td>43.765<\/td><td>43.765<\/td><td>65.960<\/td><td>65.960<\/td><\/tr><tr><td><strong>TOTAL (m3)<\/strong><\/td><td><strong><strong><strong>6.777.533<\/strong><\/strong><\/strong><\/td><td><strong><strong><strong><strong>6.197.397<\/strong><\/strong><\/strong><\/strong><\/td><td><strong><strong><strong>6.419.438<\/strong><\/strong><\/strong><\/td><td><strong><strong><strong>6.140.653<\/strong><\/strong><\/strong><\/td><td><strong><strong>6.196.146<\/strong><\/strong><\/td><td><strong><strong>5.990.695<\/strong><\/strong><\/td><td><strong>6.637.943<\/strong><\/td><td><strong>6.323.744<\/strong><\/td><\/tr><\/tbody><\/table><figcaption class=\"wp-element-caption\"> <br><\/figcaption><\/figure>\n\n\n\n<h2 class=\"wp-block-heading\"><strong>Objetivos<\/strong><\/h2>\n\n\n\n<p>Ferrovial ha establecido un <strong>objetivo reducci\u00f3n del \u00edndice de BWI de un 20% para 2030, con a\u00f1o base 2017<\/strong> y un<strong> Objetivo anual de compensaci\u00f3n de la Huella H\u00eddrica (WTI + WAI\/BWI ) <strong>\u2265 70<\/strong><\/strong><\/p>\n\n\n\n<h2 class=\"wp-block-heading\"><strong>Pol\u00edtica de agua<\/strong><\/h2>\n\n\n\n<p>Reconocemos el agua como un recurso natural limitado e irremplazable. Relacionado directamente con el cambio global y elemento necesario y fundamental dentro de la econom\u00eda circular.<\/p>\n\n\n\n<p>En nuestro papel de consumidor y suministrador de servicios asociados al recurso h\u00eddrico, promovemos los siguientes principios entre todos nuestros grupos de inter\u00e9s.<\/p>\n\n\n\n<h3 class=\"wp-block-heading\"><strong>Principios<\/strong><\/h3>\n\n\n\n<ul class=\"wp-block-list\">\n<li>Cumplimiento de la legislaci\u00f3n y normativa vigente en materia de agua, as\u00ed como las especificaciones de las normas internacionales de referencia y las establecidas de forma interna por la organizaci\u00f3n, orientando su gesti\u00f3n a alcanzar los m\u00e1ximos est\u00e1ndares de calidad.<\/li>\n\n\n\n<li>Apoyo en el desarrollo de marcos regulatorios orientados al uso eficiente y sostenible del agua.<\/li>\n\n\n\n<li>Gesti\u00f3n responsable y eficiente del recurso, atendiendo a la totalidad de su ciclo integral, favoreciendo el desarrollo social y la conservaci\u00f3n de los ecosistemas.<\/li>\n\n\n\n<li>B\u00fasqueda de soluciones a la demanda creciente de agua potable y deterioro de la calidad debido a la contaminaci\u00f3n<\/li>\n\n\n\n<li>Establecimiento de indicadores, objetivos, procedimientos de monitorizaci\u00f3n y estrategias que permitan un control y una evaluaci\u00f3n continua de la gesti\u00f3n eficiente del ciclo integral del agua y su uso responsable en las operaciones directas de la compa\u00f1\u00eda, optimizando el balance que resulta en la huella h\u00eddrica del Grupo.<\/li>\n\n\n\n<li>Apoyo al desarrollo y uso de nuevas tecnolog\u00edas que permitan un uso m\u00e1s eficiente del recurso del agua.<\/li>\n\n\n\n<li>Integraci\u00f3n del uso y gesti\u00f3n del agua en la estrategia de gesti\u00f3n de riesgos de la compa\u00f1\u00eda.<\/li>\n\n\n\n<li>Comunicaci\u00f3n de los resultados de la gesti\u00f3n integral del agua en la compa\u00f1\u00eda.<\/li>\n\n\n\n<li>Implicaci\u00f3n de la compa\u00f1\u00eda para permitir el acceso a agua limpia y saneamiento de la poblaci\u00f3n en pa\u00edses en v\u00edas de desarrollo.<\/li>\n<\/ul>\n\n\n\n<p><a href=\"https:\/\/static.ferrovial.com\/wp-content\/uploads\/2025\/05\/20105120\/ngferso-002-politica-de-agua.pdf\" target=\"_blank\" rel=\"noreferrer noopener\">Revisa nuestra Pol\u00edtica de agua aqu\u00ed.<\/a><\/p>\n<\/div><\/m-wysiwig>\n\n\n\n    <m-link-list>\n                    <h3 slot=\"maintitle\">\n                Infraestructuras            <\/h3>\n                    <p slot=\"text\">Descripci\u00f3n por defecto<\/p>\n                    <ul slot=\"links\">\n                                    <li>\n                        <c-link external='false' icon='arrow'>\n                            <a href=\"\" title=\"Acera\">\n                                Acera                            <\/a>\n                        <\/c-link>\n                    <\/li>\n                                    <li>\n                        <c-link external='false' icon='arrow'>\n                            <a href=\"\" title=\"Aparcamiento\">\n                                Aparcamiento                            <\/a>\n                        <\/c-link>\n                    <\/li>\n                                    <li>\n                        <c-link external='false' icon='arrow'>\n                            <a href=\"\" title=\"Hoteles\">\n                                Hoteles                            <\/a>\n                        <\/c-link>\n                    <\/li>\n                                    <li>\n                        <c-link external='false' icon='arrow'>\n                            <a href=\"\" title=\"Infraestructuras\">\n                                Infraestructuras                            <\/a>\n                        <\/c-link>\n                    <\/li>\n                                    <li>\n                        <c-link external='false' icon='arrow'>\n                            <a href=\"\" title=\"Infraestructuras Ferroviarias\">\n                                Infraestructuras Ferroviarias                            <\/a>\n                        <\/c-link>\n                    <\/li>\n                                    <li>\n                        <c-link external='false' icon='arrow'>\n                            <a href=\"\" title=\"Museos\">\n                                Museos                            <\/a>\n                        <\/c-link>\n                    <\/li>\n                                    <li>\n                        <c-link external='false' icon='arrow'>\n                            <a href=\"\" title=\"Teatros\">\n                                Teatros                            <\/a>\n                        <\/c-link>\n                    <\/li>\n                            <\/ul>\n            <\/m-link-list>\n    ","protected":false},"excerpt":{"rendered":"","protected":false},"featured_media":0,"parent":113095,"menu_order":0,"comment_status":"closed","ping_status":"closed","template":"","meta":{"_acf_changed":false,"footnotes":""},"class_list":["post-113128","page","type-page","status-publish","hentry"],"acf":[],"yoast_head":"<!-- This site is optimized with the Yoast SEO plugin v27.2 - https:\/\/yoast.com\/product\/yoast-seo-wordpress\/ -->\n<title>Water footprint: what it is and what calculating it shows | Ferrovial<\/title>\n<meta name=\"description\" content=\"By knowing our water footprint and the specifics of its components, we can analyze risks and benefits related to water. Find out how...\" \/>\n<meta name=\"robots\" content=\"index, follow, max-snippet:-1, max-image-preview:large, max-video-preview:-1\" \/>\n<link rel=\"canonical\" href=\"https:\/\/www.ferrovial.com\/es-es\/sostenibilidad\/medio-ambiente\/huella-hidrica\/\" \/>\n<meta property=\"og:locale\" content=\"es_ES\" \/>\n<meta property=\"og:type\" content=\"article\" \/>\n<meta property=\"og:title\" content=\"Water footprint: what it is and what calculating it shows | Ferrovial\" \/>\n<meta property=\"og:description\" content=\"By knowing our water footprint and the specifics of its components, we can analyze risks and benefits related to water. Find out how...\" \/>\n<meta property=\"og:url\" content=\"https:\/\/www.ferrovial.com\/es-es\/sostenibilidad\/medio-ambiente\/huella-hidrica\/\" \/>\n<meta property=\"og:site_name\" content=\"Ferrovial\" \/>\n<meta property=\"article:publisher\" content=\"https:\/\/www.facebook.com\/ferrovial\" \/>\n<meta property=\"article:modified_time\" content=\"2025-06-24T12:02:47+00:00\" \/>\n<meta name=\"twitter:card\" content=\"summary_large_image\" \/>\n<meta name=\"twitter:site\" content=\"@ferrovial\" \/>\n<meta name=\"twitter:label1\" content=\"Tiempo de lectura\" \/>\n\t<meta name=\"twitter:data1\" content=\"7 minutos\" \/>\n<!-- \/ Yoast SEO plugin. -->","yoast_head_json":{"title":"Water footprint: what it is and what calculating it shows | Ferrovial","description":"By knowing our water footprint and the specifics of its components, we can analyze risks and benefits related to water. Find out how...","robots":{"index":"index","follow":"follow","max-snippet":"max-snippet:-1","max-image-preview":"max-image-preview:large","max-video-preview":"max-video-preview:-1"},"canonical":"https:\/\/www.ferrovial.com\/es-es\/sostenibilidad\/medio-ambiente\/huella-hidrica\/","og_locale":"es_ES","og_type":"article","og_title":"Water footprint: what it is and what calculating it shows | Ferrovial","og_description":"By knowing our water footprint and the specifics of its components, we can analyze risks and benefits related to water. Find out how...","og_url":"https:\/\/www.ferrovial.com\/es-es\/sostenibilidad\/medio-ambiente\/huella-hidrica\/","og_site_name":"Ferrovial","article_publisher":"https:\/\/www.facebook.com\/ferrovial","article_modified_time":"2025-06-24T12:02:47+00:00","twitter_card":"summary_large_image","twitter_site":"@ferrovial","twitter_misc":{"Tiempo de lectura":"7 minutos"},"schema":{"@context":"https:\/\/schema.org","@graph":[{"@type":"WebPage","@id":"https:\/\/www.ferrovial.com\/es-es\/sostenibilidad\/medio-ambiente\/huella-hidrica\/","url":"https:\/\/www.ferrovial.com\/es-es\/sostenibilidad\/medio-ambiente\/huella-hidrica\/","name":"Water footprint: what it is and what calculating it shows | Ferrovial","isPartOf":{"@id":"https:\/\/www.ferrovial.com\/es-es\/#website"},"datePublished":"2019-11-07T18:35:45+00:00","dateModified":"2025-06-24T12:02:47+00:00","description":"By knowing our water footprint and the specifics of its components, we can analyze risks and benefits related to water. Find out how...","breadcrumb":{"@id":"https:\/\/www.ferrovial.com\/es-es\/sostenibilidad\/medio-ambiente\/huella-hidrica\/#breadcrumb"},"inLanguage":"es","potentialAction":[{"@type":"ReadAction","target":["https:\/\/www.ferrovial.com\/es-es\/sostenibilidad\/medio-ambiente\/huella-hidrica\/"]}]},{"@type":"BreadcrumbList","@id":"https:\/\/www.ferrovial.com\/es-es\/sostenibilidad\/medio-ambiente\/huella-hidrica\/#breadcrumb","itemListElement":[{"@type":"ListItem","position":1,"name":"Portada","item":"https:\/\/www.ferrovial.com\/es-es\/"},{"@type":"ListItem","position":2,"name":"Sostenibilidad","item":"https:\/\/www.ferrovial.com\/es-es\/sostenibilidad\/"},{"@type":"ListItem","position":3,"name":"Medio Ambiente","item":"https:\/\/www.ferrovial.com\/es-es\/sostenibilidad\/medio-ambiente\/"},{"@type":"ListItem","position":4,"name":"Huella h\u00eddrica"}]},{"@type":"WebSite","@id":"https:\/\/www.ferrovial.com\/es-es\/#website","url":"https:\/\/www.ferrovial.com\/es-es\/","name":"Ferrovial","description":"Welcome to the Ferrovial&#039;s website, global operator of sustainable infrastructure. Here you can find all the information about the company and subsidiaries.","publisher":{"@id":"https:\/\/www.ferrovial.com\/es-es\/#organization"},"potentialAction":[{"@type":"SearchAction","target":{"@type":"EntryPoint","urlTemplate":"https:\/\/www.ferrovial.com\/es-es\/?s={search_term_string}"},"query-input":{"@type":"PropertyValueSpecification","valueRequired":true,"valueName":"search_term_string"}}],"inLanguage":"es"},{"@type":"Organization","@id":"https:\/\/www.ferrovial.com\/es-es\/#organization","name":"Ferrovial S.A.","url":"https:\/\/www.ferrovial.com\/es-es\/","logo":{"@type":"ImageObject","inLanguage":"es","@id":"https:\/\/www.ferrovial.com\/es-es\/#\/schema\/logo\/image\/","url":"https:\/\/static.ferrovial.com\/wp-content\/uploads\/2020\/01\/13124948\/logo-ferrovial-cf7.png","contentUrl":"https:\/\/static.ferrovial.com\/wp-content\/uploads\/2020\/01\/13124948\/logo-ferrovial-cf7.png","width":144,"height":32,"caption":"Ferrovial S.A."},"image":{"@id":"https:\/\/www.ferrovial.com\/es-es\/#\/schema\/logo\/image\/"},"sameAs":["https:\/\/www.facebook.com\/ferrovial","https:\/\/x.com\/ferrovial","https:\/\/www.instagram.com\/ferrovial\/","https:\/\/www.linkedin.com\/company\/ferrovial","https:\/\/www.pinterest.es\/ferrovial\/","https:\/\/www.youtube.com\/ferrovial","https:\/\/en.wikipedia.org\/wiki\/Ferrovial"]}]}},"_links":{"self":[{"href":"https:\/\/www.ferrovial.com\/es-es\/wp-json\/wp\/v2\/pages\/113128","targetHints":{"allow":["GET"]}}],"collection":[{"href":"https:\/\/www.ferrovial.com\/es-es\/wp-json\/wp\/v2\/pages"}],"about":[{"href":"https:\/\/www.ferrovial.com\/es-es\/wp-json\/wp\/v2\/types\/page"}],"replies":[{"embeddable":true,"href":"https:\/\/www.ferrovial.com\/es-es\/wp-json\/wp\/v2\/comments?post=113128"}],"version-history":[{"count":3,"href":"https:\/\/www.ferrovial.com\/es-es\/wp-json\/wp\/v2\/pages\/113128\/revisions"}],"predecessor-version":[{"id":308102,"href":"https:\/\/www.ferrovial.com\/es-es\/wp-json\/wp\/v2\/pages\/113128\/revisions\/308102"}],"up":[{"embeddable":true,"href":"https:\/\/www.ferrovial.com\/es-es\/wp-json\/wp\/v2\/pages\/113095"}],"wp:attachment":[{"href":"https:\/\/www.ferrovial.com\/es-es\/wp-json\/wp\/v2\/media?parent=113128"}],"curies":[{"name":"wp","href":"https:\/\/api.w.org\/{rel}","templated":true}]}}