{"id":113133,"date":"2019-09-05T16:42:33","date_gmt":"2019-09-05T14:42:33","guid":{"rendered":"https:\/\/www.ferrovial.com\/sostenibilidad\/medio-ambiente\/desempeno\/"},"modified":"2021-04-14T15:59:46","modified_gmt":"2021-04-14T13:59:46","slug":"desempeno","status":"publish","type":"page","link":"https:\/\/www.ferrovial.com\/es-es\/sostenibilidad\/medio-ambiente\/desempeno\/","title":{"rendered":"Desempe\u00f1o ambiental"},"content":{"rendered":"    <m-final-content-header >\n            <c-breadcrumb label-text=\"Breadcrumb\" slot=\"breadcrumbs\" type='2' align='left' wrap='wrapped wrapped' aria-label='Vienes de Medio Ambiente'>\n                        <ol>\n\n                                                            <li><a href=\"https:\/\/www.ferrovial.com\/es-es\/\" title=\"Ferrovial\">Ferrovial<\/a><\/li>\n                                                                        <li><a href=\"https:\/\/www.ferrovial.com\/es\/sostenibilidad\/\" title=\"Sostenibilidad\">Sostenibilidad<\/a><\/li>\n                                                                        <li><a href=\"https:\/\/www.ferrovial.com\/es\/sostenibilidad\/medio-ambiente\/\" title=\"Medio Ambiente\">Medio Ambiente<\/a><\/li>\n                                    \n                <\/ol>\n\n                <\/c-breadcrumb>\n    \n        <div slot=\"header\">\n            <h1>\n                Desempe\u00f1o Ambiental            <\/h1>\n                    <\/div>\n    <\/m-final-content-header>\n\n    \n\n\n<m-wysiwig class=\"wp-block-components-wysiwyg\"><div slot=\"maincontent\">    <p class=\"intro\">Una de nuestras prioridades es el desempe\u00f1o ambiental para fortalecer nuestras capacidades para ofrecer infraestructuras y servicios que respondan a retos globales.<\/p>\n    <\/div><\/m-wysiwig>\n\n\n\n<m-wysiwig class=\"wp-block-components-wysiwyg\"><div slot=\"maincontent\">\n<h2 class=\"wp-block-heading\">Impacto ambiental, nuestro compromiso<\/h2>\n\n\n\n<p>Cada vez con mayor intensidad, la<strong>&nbsp;sostenibilidad ambiental<\/strong>&nbsp;cobra un papel relevante en Ferrovial, no s\u00f3lo desde la perspectiva de la responsabilidad o como un mecanismo para gestionar con m\u00e1s eficiencia cierto tipo de riesgos, sino tambi\u00e9n como una fuente de nuevas ideas y modelos de negocio.<\/p>\n\n\n\n<p>En este sentido, Ferrovial fortalece sus capacidades para ofrecer infraestructuras y servicios que respondan a retos globales, como el&nbsp;<strong>cambio&nbsp;clim\u00e1tico, la crisis energ\u00e9tica o la p\u00e9rdida de biodiversidad.<\/strong><\/p>\n\n\n\n<p>Nos hemos comprometido con el desarrollo sostenible de la&nbsp;sociedad reportando cada a\u00f1o indicadores como por ejemplo emisiones de CO<sub>2&nbsp;<\/sub><a href=\"https:\/\/www.ferrovial.com\/es\/nuestro-compromiso-ferrovial\/calidad-y-medio-ambiente\/estrategia-climatica\/gestion-de-la-huella-de-carbono\/\" target=\"_blank\" rel=\"noreferrer noopener\">(ver Huella de Carbono)<\/a>, consumo de agua, residuos, sanciones medioambientales, etc. Adem\u00e1s, la empresa fija objetivos para la mejora de su comportamiento&nbsp;ambiental y fortalece su estrategia clim\u00e1tica mediante el&nbsp;desarrollo de infraestructuras y servicios para&nbsp;<strong>una econom\u00eda \u201cverde\u201d<\/strong>&nbsp;de bajas emisiones.<\/p>\n\n\n\n<h2 class=\"wp-block-heading\">Residuos no peligrosos, residuos peligrosos, RCDS y reciclaje<\/h2>\n\n\n\n<h3 class=\"wp-block-heading\">Reducci\u00f3n del impacto ambiental<\/h3>\n\n\n\n<p>Los considerables vol\u00famenes de movimiento de tierras en los contratos de construcci\u00f3n nos han llevado a establecer un objetivo de reutilizaci\u00f3n con el fin de minimizar los impactos asociados a esta actividad.<\/p>\n\n\n\n<p>La reutilizaci\u00f3n de tierras en el emplazamiento de construcci\u00f3n evita las emisiones que de otra forma se generar\u00edan por el transporte, adem\u00e1s de favorecer una mejor integraci\u00f3n paisaj\u00edstica in situ.<\/p>\n\n\n\n<p>En 2020 hemos establecido un objetivo de&nbsp;<strong>reutilizaci\u00f3n de tierras anual del 80% en construcci\u00f3n.<\/strong><\/p>\n<\/div><\/m-wysiwig>\n\n\n\n<m-table class=\"wp-block-components-table\"><h2>Tierras Reutilizadas<\/h2><div class=\"m-table__group-buttons\" slot=\"buttons\"><a href=\"https:\/\/www.ferrovial.com\/es-es\/sostenibilidad\/medio-ambiente\/desempeno\/?action=themePrintTable&#038;block=1568967389537\" title=\"Imprimir tabla Tierras Reutilizadas\" icon=\"file\" print=\"true\" target=\"_blank\" rel=\"noopener noreferrer\" sr-only=\"Abrir una nueva ventana\">Imprimir<\/a><\/div><div slot=\"table\">\n<table style=\"border-collapse: collapse; width: 100%; height: 89px;\">\n<thead>\n<tr style=\"height: 23px;\">\n<th style=\"width: 25%; height: 23px;\">\u00a0<\/th>\n<td style=\"width: 25%; text-align: center;\" width=\"89\">\n<p><strong>2018<\/strong><\/p>\n<\/td>\n<td style=\"width: 25%; text-align: center;\" width=\"89\">\n<p><strong>2019<\/strong><\/p>\n<\/td>\n<td style=\"width: 25%; text-align: center;\" width=\"89\">\n<p><strong>2020<\/strong><\/p>\n<\/td>\n<\/tr>\n<\/thead>\n<tbody>\n<tr>\n<td style=\"width: 25%;\" width=\"391\">\n<p>Tierra vegetal reutilizada en obra (m3)<\/p>\n<\/td>\n<td style=\"width: 25%;\" width=\"89\">\n<p>922.936<\/p>\n<\/td>\n<td style=\"width: 25%;\" width=\"89\">\n<p>2.893.285<\/p>\n<\/td>\n<td style=\"width: 25%;\" width=\"89\">\n<p>1.576.854<\/p>\n<\/td>\n<\/tr>\n<tr>\n<td style=\"width: 25%;\" width=\"391\">\n<p>Material enviado a vertedero fuera del \u00e1mbito de la obra (m3)<\/p>\n<\/td>\n<td style=\"width: 25%;\" width=\"89\">\n<p>528.749<\/p>\n<\/td>\n<td style=\"width: 25%;\" width=\"89\">\n<p>762.077<\/p>\n<\/td>\n<td style=\"width: 25%;\" width=\"89\">\n<p>931.948<\/p>\n<\/td>\n<\/tr>\n<tr>\n<td style=\"width: 25%;\" width=\"391\">\n<p>Material reutilizado en obra (m3)<\/p>\n<\/td>\n<td style=\"width: 25%;\" width=\"89\">\n<p>14.336.346<\/p>\n<\/td>\n<td style=\"width: 25%;\" width=\"89\">\n<p>12.059.463<\/p>\n<\/td>\n<td style=\"width: 25%;\" width=\"89\">\n<p>15.889.312<\/p>\n<\/td>\n<\/tr>\n<tr>\n<td style=\"width: 25%;\" width=\"391\">\n<p>Material enviado a otra obra o relleno autorizado (M3)<\/p>\n<\/td>\n<td style=\"width: 25%;\" width=\"89\">\n<p>3.554.355<\/p>\n<\/td>\n<td style=\"width: 25%;\" width=\"89\">\n<p>5.932.290<\/p>\n<\/td>\n<td style=\"width: 25%;\" width=\"89\">\n<p>2.892.956<\/p>\n<\/td>\n<\/tr>\n<\/tbody>\n<\/table>\n<p>\u00a0<\/p>\n<\/div><\/m-table>\n\n\n\n<p><\/p>\n\n\n\n<m-wysiwig class=\"wp-block-components-wysiwyg\"><div slot=\"maincontent\">\n<p><em>* Los datos de Residuos No Peligrosos de 2018 incluyen 161.740 Tn de residuos gestionados y no producidos.<\/em><\/p>\n\n\n\n<h3 class=\"wp-block-heading\">Residuos no peligrosos<\/h3>\n\n\n\n<p>Ferrovial tiene un objetivo de reducci\u00f3n de residuos no peligrosos del 2,5% anual, tomando 2016 como a\u00f1o base.<\/p>\n\n\n\n<p>Este objetivo se ha alcanzado en 2018.<\/p>\n<\/div><\/m-wysiwig>\n\n\n    <m-cyphers-basic>\n                        <div slot=\"head\">\n                                                <h2>\n                                Residuos no peligrosos(Tn)                            <\/h2>\n                                                            <p>\n                                    Descripci\u00f3n por defecto                                <\/p>\n                                            <\/div>\n                                <ul slot=\"cyphers\">\n                                                <li>\n                                                                        <p class=\"pre\">\n                                            2016                                        <\/p>\n                                                                                <p class=\"number\">\n                                            627.897                                        <\/p>\n                                                                    <\/li>\n                                                        <li>\n                                                                        <p class=\"pre\">\n                                            2017                                        <\/p>\n                                                                                <p class=\"number\">\n                                            683.842                                        <\/p>\n                                                                    <\/li>\n                                                        <li>\n                                                                        <p class=\"pre\">\n                                            2018                                        <\/p>\n                                                                                <p class=\"number\">\n                                            604.545                                        <\/p>\n                                                                    <\/li>\n                                            <\/ul>\n                    <\/m-cyphers-basic>\n\n    \n\n\n<m-wysiwig class=\"wp-block-components-wysiwyg\"><div slot=\"maincontent\">\n<p><em>** El volumen de residuos no peligrosos reportados en el Informe Annual 2018 incluyen&nbsp;&nbsp; 161,740 Tn de residuo no peligroso gestionado pero no producido por&nbsp; Ferrovial<\/em><\/p>\n\n\n\n<p><em>*El volumen de residuo no peligroso de 2016 ha sido recalculado teniendo en cuenta la contribuci\u00f3n de las nuevas sociedades adquiridas, asegurando la comparabilidad de los datos.<\/em><\/p>\n\n\n\n<h3 class=\"wp-block-heading\">Residuos peligrosos<\/h3>\n\n\n\n<p>Ferrovial tiene un objetivo de reducci\u00f3n anual del 5% que ha sido cumplido en 2018.<\/p>\n<\/div><\/m-wysiwig>\n\n\n    <m-cyphers-basic>\n                        <div slot=\"head\">\n                                                <h2>\n                                Residuos peligrosos producidos                            <\/h2>\n                                                            <p>\n                                    Descripci\u00f3n por defecto                                <\/p>\n                                            <\/div>\n                                <ul slot=\"cyphers\">\n                                                <li>\n                                                                        <p class=\"pre\">\n                                            2017                                        <\/p>\n                                                                                <p class=\"number\">\n                                            27.943                                        <\/p>\n                                                                    <\/li>\n                                                        <li>\n                                                                        <p class=\"pre\">\n                                            2018                                        <\/p>\n                                                                                <p class=\"number\">\n                                            18.419                                        <\/p>\n                                                                    <\/li>\n                                            <\/ul>\n                    <\/m-cyphers-basic>\n\n    \n\n\n<m-table class=\"wp-block-components-table\"><h2>Residuos por tipo y m\u00e9todo de eliminaci\u00f3n<\/h2><div class=\"m-table__group-buttons\" slot=\"buttons\"><a href=\"https:\/\/www.ferrovial.com\/es-es\/sostenibilidad\/medio-ambiente\/desempeno\/?action=themePrintTable&#038;block=1568967389384\" title=\"Imprimir tabla Residuos por tipo y m\u00e9todo de eliminaci\u00f3n\" icon=\"file\" print=\"true\" target=\"_blank\" rel=\"noopener noreferrer\" sr-only=\"Abrir una nueva ventana\">Imprimir<\/a><\/div><div slot=\"table\">\n<table style=\"border-collapse: collapse; width: 103.59%; height: 281px;\">\n<tbody>\n<tr style=\"height: 23px;\">\n<th style=\"width: 25%; height: 23px;\">\u00a0<\/th>\n<th style=\"width: 25%; height: 23px;\">2016<\/th>\n<th style=\"width: 25%; height: 23px;\">2017<\/th>\n<th style=\"width: 24.8879%; height: 23px;\">2018<\/th>\n<\/tr>\n<tr style=\"height: 43px;\">\n<td style=\"width: 25%; height: 43px;\">Residuos producidos de construcci\u00f3n y demolici\u00f3n (m\u00b3)<\/td>\n<td style=\"width: 25%; height: 43px;\" width=\"10%\">1.628.147<\/td>\n<td style=\"width: 25%; height: 43px;\" width=\"10%\">\u00a01.439.795<\/td>\n<td style=\"width: 24.8879%; height: 43px;\" width=\"10%\">\u00a02.344.504<\/td>\n<\/tr>\n<tr style=\"height: 43px;\">\n<td style=\"width: 25%; height: 43px;\" width=\"68%\">Total de tierras de excavaci\u00f3n (m\u00b3)<\/td>\n<td style=\"width: 25%; height: 43px;\" width=\"10%\">19.759.576<\/td>\n<td style=\"width: 25%; height: 43px;\" width=\"10%\">\u00a027.612.500<\/td>\n<td style=\"width: 24.8879%; height: 43px;\" width=\"10%\">19.363.051<\/td>\n<\/tr>\n<tr style=\"height: 23px;\">\n<td style=\"width: 25%; height: 23px;\" width=\"68%\">Tierra vegetal reutilizada (m\u00b3)<\/td>\n<td style=\"width: 25%; height: 23px;\" width=\"10%\">558.310<\/td>\n<td style=\"width: 25%; height: 23px;\" width=\"10%\">1.458.280<\/td>\n<td style=\"width: 24.8879%; height: 23px;\" width=\"10%\">922.936<\/td>\n<\/tr>\n<tr style=\"height: 63px;\">\n<td style=\"width: 25%; height: 63px;\" width=\"68%\">Material enviado a vertedero fuera del \u00e1mbito de la obra (m\u00b3)<\/td>\n<td style=\"width: 25%; height: 63px;\" width=\"10%\">1.447.743<\/td>\n<td style=\"width: 25%; height: 63px;\" width=\"10%\">5.287.068<\/td>\n<td style=\"width: 24.8879%; height: 63px;\" width=\"10%\">528.749<\/td>\n<\/tr>\n<tr style=\"height: 43px;\">\n<td style=\"width: 25%; height: 43px;\" width=\"68%\">Material reutilizado en obra (m\u00b3)<\/td>\n<td style=\"width: 25%; height: 43px;\" width=\"10%\">11.692.839<\/td>\n<td style=\"width: 25%; height: 43px;\" width=\"10%\">\u00a015.498.439<\/td>\n<td style=\"width: 24.8879%; height: 43px;\" width=\"10%\">14.336.346<\/td>\n<\/tr>\n<tr style=\"height: 43px;\">\n<td style=\"width: 25%; height: 43px;\" width=\"68%\">Material enviado a otra obra o relleno autorizado (m\u00b3)<\/td>\n<td style=\"width: 25%; height: 43px;\" width=\"10%\">6.060.683<\/td>\n<td style=\"width: 25%; height: 43px;\" width=\"10%\">5.368.713<\/td>\n<td style=\"width: 24.8879%; height: 43px;\" width=\"10%\">3.575.020<\/td>\n<\/tr>\n<\/tbody>\n<\/table>\n<\/div><\/m-table>\n\n\n\n<m-wysiwig class=\"wp-block-components-wysiwyg\"><div slot=\"maincontent\">\n<h2 class=\"wp-block-heading\"><strong>Actuaciones ambientales relevantes<\/strong><\/h2>\n\n\n\n<p>A continuaci\u00f3n accede a los proyectos en los que se han desarrollado o se desarrollan actuaciones ambientales.<br><\/p>\n<\/div><\/m-wysiwig>\n","protected":false},"excerpt":{"rendered":"","protected":false},"featured_media":0,"parent":113095,"menu_order":0,"comment_status":"closed","ping_status":"closed","template":"","meta":{"_acf_changed":false,"footnotes":""},"class_list":["post-113133","page","type-page","status-publish","hentry"],"acf":[],"yoast_head":"<!-- This site is optimized with the Yoast SEO plugin v27.2 - https:\/\/yoast.com\/product\/yoast-seo-wordpress\/ -->\n<title>Desempe\u00f1o ambiental y reducci\u00f3n del impacto ambiental - Ferrovial<\/title>\n<meta name=\"description\" content=\"Una de nuestras prioridades es el desempe\u00f1o ambiental con tal de fortalecer nuestras capacidades para ofrecer infraestructuras y servicios que ...\" \/>\n<meta name=\"robots\" content=\"index, follow, max-snippet:-1, max-image-preview:large, max-video-preview:-1\" \/>\n<link rel=\"canonical\" href=\"https:\/\/www.ferrovial.com\/es-es\/sostenibilidad\/medio-ambiente\/desempeno\/\" \/>\n<meta property=\"og:locale\" content=\"es_ES\" \/>\n<meta property=\"og:type\" content=\"article\" \/>\n<meta property=\"og:title\" content=\"Desempe\u00f1o ambiental y reducci\u00f3n del impacto ambiental - Ferrovial\" \/>\n<meta property=\"og:description\" content=\"Una de nuestras prioridades es el desempe\u00f1o ambiental con tal de fortalecer nuestras capacidades para ofrecer infraestructuras y servicios que ...\" \/>\n<meta property=\"og:url\" content=\"https:\/\/www.ferrovial.com\/es-es\/sostenibilidad\/medio-ambiente\/desempeno\/\" \/>\n<meta property=\"og:site_name\" content=\"Ferrovial\" \/>\n<meta property=\"article:publisher\" content=\"https:\/\/www.facebook.com\/ferrovial\" \/>\n<meta property=\"article:modified_time\" content=\"2021-04-14T13:59:46+00:00\" \/>\n<meta name=\"twitter:card\" content=\"summary_large_image\" \/>\n<meta name=\"twitter:site\" content=\"@ferrovial\" \/>\n<meta name=\"twitter:label1\" content=\"Tiempo de lectura\" \/>\n\t<meta name=\"twitter:data1\" content=\"2 minutos\" \/>\n<!-- \/ Yoast SEO plugin. -->","yoast_head_json":{"title":"Desempe\u00f1o ambiental y reducci\u00f3n del impacto ambiental - Ferrovial","description":"Una de nuestras prioridades es el desempe\u00f1o ambiental con tal de fortalecer nuestras capacidades para ofrecer infraestructuras y servicios que ...","robots":{"index":"index","follow":"follow","max-snippet":"max-snippet:-1","max-image-preview":"max-image-preview:large","max-video-preview":"max-video-preview:-1"},"canonical":"https:\/\/www.ferrovial.com\/es-es\/sostenibilidad\/medio-ambiente\/desempeno\/","og_locale":"es_ES","og_type":"article","og_title":"Desempe\u00f1o ambiental y reducci\u00f3n del impacto ambiental - Ferrovial","og_description":"Una de nuestras prioridades es el desempe\u00f1o ambiental con tal de fortalecer nuestras capacidades para ofrecer infraestructuras y servicios que ...","og_url":"https:\/\/www.ferrovial.com\/es-es\/sostenibilidad\/medio-ambiente\/desempeno\/","og_site_name":"Ferrovial","article_publisher":"https:\/\/www.facebook.com\/ferrovial","article_modified_time":"2021-04-14T13:59:46+00:00","twitter_card":"summary_large_image","twitter_site":"@ferrovial","twitter_misc":{"Tiempo de lectura":"2 minutos"},"schema":{"@context":"https:\/\/schema.org","@graph":[{"@type":"WebPage","@id":"https:\/\/www.ferrovial.com\/es-es\/sostenibilidad\/medio-ambiente\/desempeno\/","url":"https:\/\/www.ferrovial.com\/es-es\/sostenibilidad\/medio-ambiente\/desempeno\/","name":"Desempe\u00f1o ambiental y reducci\u00f3n del impacto ambiental - Ferrovial","isPartOf":{"@id":"https:\/\/www.ferrovial.com\/es-es\/#website"},"datePublished":"2019-09-05T14:42:33+00:00","dateModified":"2021-04-14T13:59:46+00:00","description":"Una de nuestras prioridades es el desempe\u00f1o ambiental con tal de fortalecer nuestras capacidades para ofrecer infraestructuras y servicios que ...","breadcrumb":{"@id":"https:\/\/www.ferrovial.com\/es-es\/sostenibilidad\/medio-ambiente\/desempeno\/#breadcrumb"},"inLanguage":"es","potentialAction":[{"@type":"ReadAction","target":["https:\/\/www.ferrovial.com\/es-es\/sostenibilidad\/medio-ambiente\/desempeno\/"]}]},{"@type":"BreadcrumbList","@id":"https:\/\/www.ferrovial.com\/es-es\/sostenibilidad\/medio-ambiente\/desempeno\/#breadcrumb","itemListElement":[{"@type":"ListItem","position":1,"name":"Portada","item":"https:\/\/www.ferrovial.com\/es-es\/"},{"@type":"ListItem","position":2,"name":"Sostenibilidad","item":"https:\/\/www.ferrovial.com\/es-es\/sostenibilidad\/"},{"@type":"ListItem","position":3,"name":"Medio Ambiente","item":"https:\/\/www.ferrovial.com\/es-es\/sostenibilidad\/medio-ambiente\/"},{"@type":"ListItem","position":4,"name":"Desempe\u00f1o ambiental"}]},{"@type":"WebSite","@id":"https:\/\/www.ferrovial.com\/es-es\/#website","url":"https:\/\/www.ferrovial.com\/es-es\/","name":"Ferrovial","description":"Welcome to the Ferrovial&#039;s website, global operator of sustainable infrastructure. Here you can find all the information about the company and subsidiaries.","publisher":{"@id":"https:\/\/www.ferrovial.com\/es-es\/#organization"},"potentialAction":[{"@type":"SearchAction","target":{"@type":"EntryPoint","urlTemplate":"https:\/\/www.ferrovial.com\/es-es\/?s={search_term_string}"},"query-input":{"@type":"PropertyValueSpecification","valueRequired":true,"valueName":"search_term_string"}}],"inLanguage":"es"},{"@type":"Organization","@id":"https:\/\/www.ferrovial.com\/es-es\/#organization","name":"Ferrovial S.A.","url":"https:\/\/www.ferrovial.com\/es-es\/","logo":{"@type":"ImageObject","inLanguage":"es","@id":"https:\/\/www.ferrovial.com\/es-es\/#\/schema\/logo\/image\/","url":"https:\/\/static.ferrovial.com\/wp-content\/uploads\/2020\/01\/13124948\/logo-ferrovial-cf7.png","contentUrl":"https:\/\/static.ferrovial.com\/wp-content\/uploads\/2020\/01\/13124948\/logo-ferrovial-cf7.png","width":144,"height":32,"caption":"Ferrovial S.A."},"image":{"@id":"https:\/\/www.ferrovial.com\/es-es\/#\/schema\/logo\/image\/"},"sameAs":["https:\/\/www.facebook.com\/ferrovial","https:\/\/x.com\/ferrovial","https:\/\/www.instagram.com\/ferrovial\/","https:\/\/www.linkedin.com\/company\/ferrovial","https:\/\/www.pinterest.es\/ferrovial\/","https:\/\/www.youtube.com\/ferrovial","https:\/\/en.wikipedia.org\/wiki\/Ferrovial"]}]}},"_links":{"self":[{"href":"https:\/\/www.ferrovial.com\/es-es\/wp-json\/wp\/v2\/pages\/113133","targetHints":{"allow":["GET"]}}],"collection":[{"href":"https:\/\/www.ferrovial.com\/es-es\/wp-json\/wp\/v2\/pages"}],"about":[{"href":"https:\/\/www.ferrovial.com\/es-es\/wp-json\/wp\/v2\/types\/page"}],"replies":[{"embeddable":true,"href":"https:\/\/www.ferrovial.com\/es-es\/wp-json\/wp\/v2\/comments?post=113133"}],"version-history":[{"count":3,"href":"https:\/\/www.ferrovial.com\/es-es\/wp-json\/wp\/v2\/pages\/113133\/revisions"}],"predecessor-version":[{"id":192063,"href":"https:\/\/www.ferrovial.com\/es-es\/wp-json\/wp\/v2\/pages\/113133\/revisions\/192063"}],"up":[{"embeddable":true,"href":"https:\/\/www.ferrovial.com\/es-es\/wp-json\/wp\/v2\/pages\/113095"}],"wp:attachment":[{"href":"https:\/\/www.ferrovial.com\/es-es\/wp-json\/wp\/v2\/media?parent=113133"}],"curies":[{"name":"wp","href":"https:\/\/api.w.org\/{rel}","templated":true}]}}