{"id":113144,"date":"2019-11-06T10:52:19","date_gmt":"2019-11-06T09:52:19","guid":{"rendered":"https:\/\/www.ferrovial.com\/sostenibilidad\/medio-ambiente\/economia-circular\/gestion-de-residuos\/"},"modified":"2025-05-29T15:47:08","modified_gmt":"2025-05-29T13:47:08","slug":"gestion-de-residuos","status":"publish","type":"page","link":"https:\/\/www.ferrovial.com\/es-es\/sostenibilidad\/medio-ambiente\/economia-circular\/gestion-de-residuos\/","title":{"rendered":"Gesti\u00f3n de residuos"},"content":{"rendered":"    <m-final-content-header bgimage='https:\/\/static.ferrovial.com\/wp-content\/uploads\/2019\/11\/13141801\/pomeranian-metropolitan-railway-1-1280x720.jpg'>\n            <c-breadcrumb label-text=\"Breadcrumb\" slot=\"breadcrumbs\" type='2' align='left' wrap='wrapped wrapped' aria-label='Vienes de Econom\u00eda circular'>\n                        <ol>\n\n                                                            <li><a href=\"https:\/\/www.ferrovial.com\/es-es\/\" title=\"Ferrovial\">Ferrovial<\/a><\/li>\n                                                                        <li><a href=\"https:\/\/www.ferrovial.com\/es\/sostenibilidad\/\" title=\"Sostenibilidad\">Sostenibilidad<\/a><\/li>\n                                                                        <li><a href=\"https:\/\/www.ferrovial.com\/es\/sostenibilidad\/medio-ambiente\/\" title=\"Medio Ambiente\">Medio Ambiente<\/a><\/li>\n                                                                        <li><a href=\"https:\/\/www.ferrovial.com\/es\/sostenibilidad\/medio-ambiente\/economia-circular\/\" title=\"Econom\u00eda circular\">Econom\u00eda circular<\/a><\/li>\n                                    \n                <\/ol>\n\n                <\/c-breadcrumb>\n    \n        <div slot=\"header\">\n            <h1>\n                Gesti\u00f3n de residuos            <\/h1>\n                    <\/div>\n    <\/m-final-content-header>\n\n    \n\n\n<m-wysiwig class=\"wp-block-components-wysiwyg\"><div slot=\"maincontent\">\n<h2 class=\"wp-block-heading\">Desempe\u00f1o ambiental<\/h2>\n\n\n    <p class=\"intro\">Una de nuestras prioridades es ofrecer infraestructuras y servicios que respondan a retos globales, como el cambio clim\u00e1tico, la crisis energ\u00e9tica o la p\u00e9rdida de biodiversidad, ofreciendo nuestras capacidades para hacerlo con el mejor desempe\u00f1o ambiental posible.<\/p>\n    \n\n\n<p>La<strong> sostenibilidad ambiental<\/strong> ha tenido siempre un papel relevante para nosotros, no s\u00f3lo desde la perspectiva de la responsabilidad o como un mecanismo para gestionar con m\u00e1s eficiencia cierto tipo de riesgos, sino tambi\u00e9n como una fuente de nuevas ideas y modelos de negocio.<\/p>\n\n\n\n<p>Nos hemos comprometido con el desarrollo sostenible reportando cada a\u00f1o indicadores como emisiones de CO<sub>2 <\/sub>(<a href=\"https:\/\/www.ferrovial.com\/es-es\/sostenibilidad\/medio-ambiente\/huella-carbono\/\">ver Huella de Carbono<\/a>), consumo de agua, residuos o sanciones medioambientales. Adem\u00e1s, fijamos objetivos para la mejora de nuestro comportamiento ambiental y fortalecemos nuestra estrategia clim\u00e1tica mediante el desarrollo de infraestructuras y servicios para <strong>una econom\u00eda \u201cverde\u201d<\/strong> de bajas emisiones.<\/p>\n\n\n\n<h2 class=\"wp-block-heading\"><strong>Reducci\u00f3n del impacto ambiental&nbsp;<\/strong><\/h2>\n\n\n\n<p>Los considerables vol\u00famenes de movimiento de tierras en los contratos de construcci\u00f3n nos han llevado a establecer un objetivo de reutilizaci\u00f3n con el fin de minimizar los impactos asociados a esta actividad.<\/p>\n\n\n\n<p>La reutilizaci\u00f3n de tierras en el emplazamiento de construcci\u00f3n evita las emisiones que de otra forma se generar\u00edan por el transporte, adem\u00e1s de favorecer una mejor integraci\u00f3n paisaj\u00edstica in situ.<\/p>\n\n\n\n<p>Hemos establecido un objetivo de reutilizaci\u00f3n de tierras del 80%, as\u00ed como el 70% de recuperaci\u00f3n de los residuos de construcci\u00f3n y demolici\u00f3n (RCDs). En 2024, se ha alcanzado un 93% de recuperaci\u00f3n de RCDs y un 92% de tierras reutilizadas.<\/p>\n<\/div><\/m-wysiwig>\n\n\n\n<m-wysiwig class=\"wp-block-components-wysiwyg\"><div slot=\"maincontent\">\n<h3 class=\"wp-block-heading\"><strong>Residuos de construcci\u00f3n y demolici\u00f3n (RCD) + residuos no peligrosos<\/strong><\/h3>\n\n\n\n<figure class=\"wp-block-table\"><table><tbody><tr><td><strong>Tratamiento<\/strong><\/td><td><strong>2021<\/strong><\/td><td><strong>2022<\/strong><\/td><td><strong>2023<\/strong><\/td><td><strong>2024<\/strong><\/td><\/tr><tr><td><strong>VALORIZACI\u00d3N (t)<\/strong><\/td><td>3.801.750<\/td><td>3.488.122<\/td><td>3.408.416<\/td><td>3.615.240<\/td><\/tr><tr><td><strong>ELIMINACI\u00d3N (t)<\/strong><\/td><td>1.720.836<\/td><td>980.502<\/td><td>268.548<\/td><td>487.571<\/td><\/tr><tr><td>Vertedero (t)<\/td><td>1.700.414<\/td><td>947.103<\/td><td>238.523<\/td><td>439.212<\/td><\/tr><tr><td>Incineraci\u00f3n (t)<\/td><td>20.422<\/td><td>33.399<\/td><td>30.024<\/td><td>48.359<\/td><\/tr><tr><td>Eliminaci\u00f3n desconocida (t)<\/td><td>&#8211;<\/td><td>&#8211;<\/td><td>&#8211;<\/td><td>&#8211;<\/td><\/tr><\/tbody><\/table><\/figure>\n\n\n\n<p><\/p>\n\n\n\n<p><\/p>\n\n\n\n<h3 class=\"wp-block-heading\"><strong><strong>Residuos peligrosos<\/strong><\/strong><\/h3>\n\n\n\n<figure class=\"wp-block-table\"><table><tbody><tr><td><strong>Tratamiento<\/strong><\/td><td><strong>2021<\/strong><\/td><td><strong>2022<\/strong><\/td><td><strong>2023<\/strong><\/td><td><strong>2024<\/strong><\/td><\/tr><tr><td><strong>VALORIZACI\u00d3N (t)<\/strong><\/td><td>17.103<\/td><td>17.114<\/td><td>18.577<\/td><td>7.554<\/td><\/tr><tr><td><strong>ELIMINACI\u00d3N (t)<\/strong><\/td><td>5.076<\/td><td>3.824<\/td><td>5.848<\/td><td>6.143<\/td><\/tr><tr><td>Vertedero (t)<\/td><td>&#8211;<\/td><td>&#8211;<\/td><td>&#8211;<\/td><td>&#8211;<\/td><\/tr><tr><td>Incineraci\u00f3n (t)<\/td><td>&#8211;<\/td><td>&#8211;<\/td><td>&#8211;<\/td><td>&#8211;<\/td><\/tr><tr><td>Eliminaci\u00f3n desconocida (t)<\/td><td>5.076<\/td><td>3.824<\/td><td>5.848<\/td><td>6.143<\/td><\/tr><\/tbody><\/table><\/figure>\n<\/div><\/m-wysiwig>\n\n\n\n<m-wysiwig class=\"wp-block-components-wysiwyg\"><div slot=\"maincontent\">\n<h2 class=\"wp-block-heading\"><strong>Actuaciones ambientales relevantes<\/strong><\/h2>\n\n\n\n<p>A continuaci\u00f3n accede a los proyectos en los que se han desarrollado o se desarrollan actuaciones ambientales:<\/p>\n<\/div><\/m-wysiwig>\n\n\n    <m-projects-distributor2 :translations='{\n        &quot;prev&quot;:&quot;Anterior&quot;,\n        &quot;next&quot;:&quot;Siguiente&quot;,\n        &quot;paginationseparator&quot;:&quot;de&quot;\n    }'>\n                        <h2 slot=\"title\">\n                Nuestros proyectos alrededor del mundo                <\/h2>\n                        <a slot='button' title='Conoce nuestros proyectos' href='https:\/\/www.ferrovial.com\/es\/negocio\/proyectos\/'>\n            Conoce nuestros proyectos        <\/a>\n\n                            <c-card slot=\"carouselItems\" type=\"type-1\" link=\"https:\/\/www.ferrovial.com\/es-es\/negocio\/proyectos\/declaracion-ambiental-de-producto-montaje-de-via-caceres-merida\/\"  >\n                                                <img slot='background' src='https:\/\/static.ferrovial.com\/wp-content\/uploads\/2020\/06\/13124530\/montaje-via-caceres-merida-360x640.jpg' alt='Declaraci\u00f3n ambiental de producto:...' \/>\n                                                        <h3 slot=\"title\" role=\"listitem\">\n                                    Declaraci\u00f3n ambiental de producto:&#8230;                                <\/h3>\n                                                                                <c-link slot=\"link\" type=\"negative\">\n                            <a href=\"https:\/\/www.ferrovial.com\/es-es\/negocio\/proyectos\/declaracion-ambiental-de-producto-montaje-de-via-caceres-merida\/\">\n                                Descubra el proyecto                            <\/a>\n                        <\/c-link>\n                    <\/c-card>\n                                        <c-card slot=\"carouselItems\" type=\"type-1\" link=\"https:\/\/www.ferrovial.com\/es-es\/negocio\/proyectos\/terminal-2-aeropuerto-de-heathrow-londres\/\"  >\n                                                <img slot='background' src='https:\/\/static.ferrovial.com\/wp-content\/uploads\/2019\/09\/13135541\/heathrow_t2_header_distribuidora-360x640.jpg' alt='T2 Heathrow Reino Unido' \/>\n                                                        <h3 slot=\"title\" role=\"listitem\">\n                                    Terminal 2 Aeropuerto de Heathrow                                <\/h3>\n                                                                                <c-link slot=\"link\" type=\"negative\">\n                            <a href=\"https:\/\/www.ferrovial.com\/es-es\/negocio\/proyectos\/terminal-2-aeropuerto-de-heathrow-londres\/\">\n                                Descubra el proyecto                            <\/a>\n                        <\/c-link>\n                    <\/c-card>\n                        <\/m-projects-distributor2>\n\n    \n\n\n    <m-link-list>\n                    <h3 slot=\"maintitle\">\n                Residuos            <\/h3>\n                    <p slot=\"text\">Descripci\u00f3n por defecto<\/p>\n                    <ul slot=\"links\">\n                                    <li>\n                        <c-link external='_blank' sr-only='Abrir en una nueva pesta\u00f1a' icon='download'>\n                            <a href=\"https:\/\/static.ferrovial.com\/wp-content\/uploads\/2019\/11\/13132556\/milton-keynes-waste-recovery-park.pdf\" title=\"Planta de tratamiento de residuos\">\n                                Planta de tratamiento de residuos (PDF 431 KB)                            <\/a>\n                        <\/c-link>\n                    <\/li>\n                                    <li>\n                        <c-link external='_blank' sr-only='Abrir en una nueva pesta\u00f1a' icon='download'>\n                            <a href=\"https:\/\/static.ferrovial.com\/wp-content\/uploads\/2019\/11\/13132556\/materials-recovery-facility.pdf\" title=\"Recuperaci\u00f3n de materiales \">\n                                Recuperaci\u00f3n de materiales  (PDF 373 KB)                            <\/a>\n                        <\/c-link>\n                    <\/li>\n                                    <li>\n                        <c-link external='_blank' sr-only='Abrir en una nueva pesta\u00f1a' icon='download'>\n                            <a href=\"https:\/\/static.ferrovial.com\/wp-content\/uploads\/2019\/11\/13132556\/design-of-a-table-based-solution-to-replace-paper.pdf\" title=\"Dise\u00f1o de soluci\u00f3n para reemplazar las encuestas en papel\">\n                                Dise\u00f1o de soluci\u00f3n para reemplazar las encuestas en papel (PDF 176 KB)                            <\/a>\n                        <\/c-link>\n                    <\/li>\n                                    <li>\n                        <c-link external='_blank' sr-only='Abrir en una nueva pesta\u00f1a' icon='download'>\n                            <a href=\"https:\/\/static.ferrovial.com\/wp-content\/uploads\/2019\/09\/13135041\/VALORIZACION-DE-RESIDUOS-Reutilizacion-de-materiales-de-demolici%C3%B3n-UK.pdf\" title=\"Reutilizaci\u00f3n de materiales procedentes de la demolici\u00f3n en obras de UK\">\n                                Reutilizaci\u00f3n de materiales procedentes de la demolici\u00f3n en obras de UK (PDF 1 MB)                            <\/a>\n                        <\/c-link>\n                    <\/li>\n                            <\/ul>\n            <\/m-link-list>\n    ","protected":false},"excerpt":{"rendered":"","protected":false},"featured_media":0,"parent":113130,"menu_order":0,"comment_status":"closed","ping_status":"closed","template":"","meta":{"_acf_changed":false,"footnotes":""},"class_list":["post-113144","page","type-page","status-publish","hentry"],"acf":[],"yoast_head":"<!-- This site is optimized with the Yoast SEO plugin v27.2 - https:\/\/yoast.com\/product\/yoast-seo-wordpress\/ -->\n<title>Gesti\u00f3n de residuos por tipo de residuo - Ferrovial<\/title>\n<meta name=\"description\" content=\"Gestionamos todo tipo de residuos para contribuir a la protecci\u00f3n del medio ambiente. Consulta los datos y fichas t\u00e9cnicas de nuestra actividad.\" \/>\n<meta name=\"robots\" content=\"index, follow, max-snippet:-1, max-image-preview:large, max-video-preview:-1\" \/>\n<link rel=\"canonical\" href=\"https:\/\/www.ferrovial.com\/es-es\/sostenibilidad\/medio-ambiente\/economia-circular\/gestion-de-residuos\/\" \/>\n<meta property=\"og:locale\" content=\"es_ES\" \/>\n<meta property=\"og:type\" content=\"article\" \/>\n<meta property=\"og:title\" content=\"Gesti\u00f3n de residuos por tipo de residuo - Ferrovial\" \/>\n<meta property=\"og:description\" content=\"Gestionamos todo tipo de residuos para contribuir a la protecci\u00f3n del medio ambiente. Consulta los datos y fichas t\u00e9cnicas de nuestra actividad.\" \/>\n<meta property=\"og:url\" content=\"https:\/\/www.ferrovial.com\/es-es\/sostenibilidad\/medio-ambiente\/economia-circular\/gestion-de-residuos\/\" \/>\n<meta property=\"og:site_name\" content=\"Ferrovial\" \/>\n<meta property=\"article:publisher\" content=\"https:\/\/www.facebook.com\/ferrovial\" \/>\n<meta property=\"article:modified_time\" content=\"2025-05-29T13:47:08+00:00\" \/>\n<meta name=\"twitter:card\" content=\"summary_large_image\" \/>\n<meta name=\"twitter:site\" content=\"@ferrovial\" \/>\n<meta name=\"twitter:label1\" content=\"Tiempo de lectura\" \/>\n\t<meta name=\"twitter:data1\" content=\"2 minutos\" \/>\n<!-- \/ Yoast SEO plugin. -->","yoast_head_json":{"title":"Gesti\u00f3n de residuos por tipo de residuo - Ferrovial","description":"Gestionamos todo tipo de residuos para contribuir a la protecci\u00f3n del medio ambiente. Consulta los datos y fichas t\u00e9cnicas de nuestra actividad.","robots":{"index":"index","follow":"follow","max-snippet":"max-snippet:-1","max-image-preview":"max-image-preview:large","max-video-preview":"max-video-preview:-1"},"canonical":"https:\/\/www.ferrovial.com\/es-es\/sostenibilidad\/medio-ambiente\/economia-circular\/gestion-de-residuos\/","og_locale":"es_ES","og_type":"article","og_title":"Gesti\u00f3n de residuos por tipo de residuo - Ferrovial","og_description":"Gestionamos todo tipo de residuos para contribuir a la protecci\u00f3n del medio ambiente. Consulta los datos y fichas t\u00e9cnicas de nuestra actividad.","og_url":"https:\/\/www.ferrovial.com\/es-es\/sostenibilidad\/medio-ambiente\/economia-circular\/gestion-de-residuos\/","og_site_name":"Ferrovial","article_publisher":"https:\/\/www.facebook.com\/ferrovial","article_modified_time":"2025-05-29T13:47:08+00:00","twitter_card":"summary_large_image","twitter_site":"@ferrovial","twitter_misc":{"Tiempo de lectura":"2 minutos"},"schema":{"@context":"https:\/\/schema.org","@graph":[{"@type":"WebPage","@id":"https:\/\/www.ferrovial.com\/es-es\/sostenibilidad\/medio-ambiente\/economia-circular\/gestion-de-residuos\/","url":"https:\/\/www.ferrovial.com\/es-es\/sostenibilidad\/medio-ambiente\/economia-circular\/gestion-de-residuos\/","name":"Gesti\u00f3n de residuos por tipo de residuo - Ferrovial","isPartOf":{"@id":"https:\/\/www.ferrovial.com\/es-es\/#website"},"datePublished":"2019-11-06T09:52:19+00:00","dateModified":"2025-05-29T13:47:08+00:00","description":"Gestionamos todo tipo de residuos para contribuir a la protecci\u00f3n del medio ambiente. Consulta los datos y fichas t\u00e9cnicas de nuestra actividad.","breadcrumb":{"@id":"https:\/\/www.ferrovial.com\/es-es\/sostenibilidad\/medio-ambiente\/economia-circular\/gestion-de-residuos\/#breadcrumb"},"inLanguage":"es","potentialAction":[{"@type":"ReadAction","target":["https:\/\/www.ferrovial.com\/es-es\/sostenibilidad\/medio-ambiente\/economia-circular\/gestion-de-residuos\/"]}]},{"@type":"BreadcrumbList","@id":"https:\/\/www.ferrovial.com\/es-es\/sostenibilidad\/medio-ambiente\/economia-circular\/gestion-de-residuos\/#breadcrumb","itemListElement":[{"@type":"ListItem","position":1,"name":"Portada","item":"https:\/\/www.ferrovial.com\/es-es\/"},{"@type":"ListItem","position":2,"name":"Sostenibilidad","item":"https:\/\/www.ferrovial.com\/es-es\/sostenibilidad\/"},{"@type":"ListItem","position":3,"name":"Medio Ambiente","item":"https:\/\/www.ferrovial.com\/es-es\/sostenibilidad\/medio-ambiente\/"},{"@type":"ListItem","position":4,"name":"Econom\u00eda circular","item":"https:\/\/www.ferrovial.com\/es-es\/sostenibilidad\/medio-ambiente\/economia-circular\/"},{"@type":"ListItem","position":5,"name":"Gesti\u00f3n de residuos"}]},{"@type":"WebSite","@id":"https:\/\/www.ferrovial.com\/es-es\/#website","url":"https:\/\/www.ferrovial.com\/es-es\/","name":"Ferrovial","description":"Welcome to the Ferrovial&#039;s website, global operator of sustainable infrastructure. Here you can find all the information about the company and subsidiaries.","publisher":{"@id":"https:\/\/www.ferrovial.com\/es-es\/#organization"},"potentialAction":[{"@type":"SearchAction","target":{"@type":"EntryPoint","urlTemplate":"https:\/\/www.ferrovial.com\/es-es\/?s={search_term_string}"},"query-input":{"@type":"PropertyValueSpecification","valueRequired":true,"valueName":"search_term_string"}}],"inLanguage":"es"},{"@type":"Organization","@id":"https:\/\/www.ferrovial.com\/es-es\/#organization","name":"Ferrovial S.A.","url":"https:\/\/www.ferrovial.com\/es-es\/","logo":{"@type":"ImageObject","inLanguage":"es","@id":"https:\/\/www.ferrovial.com\/es-es\/#\/schema\/logo\/image\/","url":"https:\/\/static.ferrovial.com\/wp-content\/uploads\/2020\/01\/13124948\/logo-ferrovial-cf7.png","contentUrl":"https:\/\/static.ferrovial.com\/wp-content\/uploads\/2020\/01\/13124948\/logo-ferrovial-cf7.png","width":144,"height":32,"caption":"Ferrovial S.A."},"image":{"@id":"https:\/\/www.ferrovial.com\/es-es\/#\/schema\/logo\/image\/"},"sameAs":["https:\/\/www.facebook.com\/ferrovial","https:\/\/x.com\/ferrovial","https:\/\/www.instagram.com\/ferrovial\/","https:\/\/www.linkedin.com\/company\/ferrovial","https:\/\/www.pinterest.es\/ferrovial\/","https:\/\/www.youtube.com\/ferrovial","https:\/\/en.wikipedia.org\/wiki\/Ferrovial"]}]}},"_links":{"self":[{"href":"https:\/\/www.ferrovial.com\/es-es\/wp-json\/wp\/v2\/pages\/113144","targetHints":{"allow":["GET"]}}],"collection":[{"href":"https:\/\/www.ferrovial.com\/es-es\/wp-json\/wp\/v2\/pages"}],"about":[{"href":"https:\/\/www.ferrovial.com\/es-es\/wp-json\/wp\/v2\/types\/page"}],"replies":[{"embeddable":true,"href":"https:\/\/www.ferrovial.com\/es-es\/wp-json\/wp\/v2\/comments?post=113144"}],"version-history":[{"count":4,"href":"https:\/\/www.ferrovial.com\/es-es\/wp-json\/wp\/v2\/pages\/113144\/revisions"}],"predecessor-version":[{"id":306276,"href":"https:\/\/www.ferrovial.com\/es-es\/wp-json\/wp\/v2\/pages\/113144\/revisions\/306276"}],"up":[{"embeddable":true,"href":"https:\/\/www.ferrovial.com\/es-es\/wp-json\/wp\/v2\/pages\/113130"}],"wp:attachment":[{"href":"https:\/\/www.ferrovial.com\/es-es\/wp-json\/wp\/v2\/media?parent=113144"}],"curies":[{"name":"wp","href":"https:\/\/api.w.org\/{rel}","templated":true}]}}