{"id":113161,"date":"2019-09-05T16:55:25","date_gmt":"2019-09-05T14:55:25","guid":{"rendered":"https:\/\/www.ferrovial.com\/sostenibilidad\/medio-ambiente\/huella-carbono\/calidad-aire\/"},"modified":"2023-02-21T11:30:55","modified_gmt":"2023-02-21T10:30:55","slug":"calidad-aire","status":"publish","type":"page","link":"https:\/\/www.ferrovial.com\/es-es\/sostenibilidad\/medio-ambiente\/huella-carbono\/calidad-aire\/","title":{"rendered":"Calidad del aire"},"content":{"rendered":"    <m-final-content-header >\n            <c-breadcrumb label-text=\"Breadcrumb\" slot=\"breadcrumbs\" type='2' align='left' wrap='wrapped wrapped' aria-label='Vienes de Huella de carbono'>\n                        <ol>\n\n                                                            <li><a href=\"https:\/\/www.ferrovial.com\/es-es\/\" title=\"Ferrovial\">Ferrovial<\/a><\/li>\n                                                                        <li><a href=\"https:\/\/www.ferrovial.com\/es\/sostenibilidad\/\" title=\"Sostenibilidad\">Sostenibilidad<\/a><\/li>\n                                                                        <li><a href=\"https:\/\/www.ferrovial.com\/es\/sostenibilidad\/medio-ambiente\/\" title=\"Medio Ambiente\">Medio Ambiente<\/a><\/li>\n                                                                        <li><a href=\"https:\/\/www.ferrovial.com\/es\/sostenibilidad\/medio-ambiente\/huella-carbono\/\" title=\"Huella de carbono\">Huella de carbono<\/a><\/li>\n                                    \n                <\/ol>\n\n                <\/c-breadcrumb>\n    \n        <div slot=\"header\">\n            <h1>\n                Calidad del aire            <\/h1>\n                    <\/div>\n    <\/m-final-content-header>\n\n    \n\n\n<m-wysiwig class=\"wp-block-components-wysiwyg\"><div slot=\"maincontent\">    <p class=\"intro\">Una buena calidad del aire es imprescindible para mantener una buena salud por parte de la poblaci\u00f3n.<\/p>\n    \n\n\n<p>La <strong>calidad del aire<\/strong> resulta imprescindible para que la salud de las personas se desarrolle con normalidad. Una desviaci\u00f3n de los compuestos qu\u00edmicos con los que hemos evolucionado durante milenios puede hacernos enfermar. De ah\u00ed que sea importante monitorizar el aire y establecer pol\u00edticas para <a href=\"https:\/\/www.ferrovial.com\/es-es\/sostenibilidad\/medio-ambiente\/huella-carbono\/reduccion-emisiones\/\">descarbonizar la atm\u00f3sfera<\/a>, as\u00ed como limpiarla de <a href=\"https:\/\/www.ferrovial.com\/es-es\/sostenibilidad\/medio-ambiente\/huella-carbono\/\">gases con efectos nocivos<\/a> sobre seres vivos.<\/p>\n\n\n\n<h2 class=\"wp-block-heading\">Compuestos contaminantes<\/h2>\n\n\n\n<p>Las ciudades llevan a\u00f1os midiendo los diferentes componentes de gases de efecto invernadero derivados de la combusti\u00f3n de veh\u00edculos, calderas, y actividad en las empresas (CO<sub>2<\/sub>, CO, CH4); as\u00ed como gases cancer\u00edgenos como los compuestos hidrocarburos arom\u00e1ticos polic\u00edclicos (HAP), los aceites minerales, el tricloroetileno (TCE), la 4,4&#8242;-Metilenodianilina, el epiclorohidrino (C), el dibromuro de etileno o el dicloro de etileno. Y haciendo estudios al respecto.<\/p>\n\n\n\n<h2 class=\"wp-block-heading\">Consecuencias<\/h2>\n\n\n\n<p>Recientes estudios cient\u00edficos han demostrado c\u00f3mo algunas de estas emisiones provocan <a href=\"https:\/\/www.bmj.com\/content\/359\/bmj.j5299\" title=\"Impact of London's road traffic air and noise pollution on birth weight: retrospective population based cohort study | The BMJ\" target=\"_blank\" rel=\"nofollow noopener noreferrer\">da\u00f1os en los beb\u00e9s<\/a>, <a href=\"https:\/\/www.sciencedirect.com\/science\/article\/pii\/S0160412016307553\" title=\"The association of air pollution and greenness with mortality and life expectancy in Spain: A small-area study - ScienceDirect\" target=\"_blank\" rel=\"nofollow noopener noreferrer\">reduce la esperanza de vida<\/a>, provoca <a href=\"https:\/\/www.who.int\/es\/news-room\/detail\/27-09-2016-who-releases-country-estimates-on-air-pollution-exposure-and-health-impact\" title=\"La OMS publica estimaciones nacionales sobre la exposicion a la contaminacion del aire y sus repercusiones para la salud\" target=\"_blank\" rel=\"nofollow noopener noreferrer\">muertes prematuras<\/a>. Con respecto a los pulmones genera enfermedades obstructivas, neumon\u00edas, <a href=\"https:\/\/www.ncbi.nlm.nih.gov\/pubmed\/29685309\" title=\"Facts in treatment of pulmonary arterial hypertension associated with mixed connective tissue disease\" target=\"_blank\" rel=\"nofollow noopener noreferrer\">afectaciones a la respiraci\u00f3n<\/a> e incluso c\u00e1ncer de pulm\u00f3n, seg\u00fan la <a href=\"http:\/\/www.who.int\/mediacentre\/factsheets\/fs292\/es\/\" title=\"Contaminacion del aire de interiores y salud\" target=\"_blank\" rel=\"nofollow noopener noreferrer\">Organizaci\u00f3n Mundial de la Salud<\/a>.<\/p>\n\n\n\n<p>Pero tambi\u00e9n afectan al cerebro con ictus, <a href=\"http:\/\/public-files.prbb.org\/publicacions\/5876f610-6cbf-0136-7294-00155df14f0e.pdf\" title=\"The Effects of Air Pollution on the Brain: a Review of Studies Interfacing Environmental Epidemiology and Neuroimaging\" target=\"_blank\" rel=\"nofollow noopener noreferrer\">da\u00f1os neurales<\/a>, <a href=\"https:\/\/www.ncbi.nlm.nih.gov\/pmc\/articles\/PMC4129915\/\" title=\"Air pollution and detrimental effects on children\u2019s brain. The need for a multidisciplinary approach to the issue complexity and challenges\" target=\"_blank\" rel=\"nofollow noopener noreferrer\">baja salud mental en ni\u00f1os<\/a> o <a href=\"https:\/\/www.ncbi.nlm.nih.gov\/pubmed\/25633678\" title=\"Decreases in Short Term Memory, IQ, and Altered Brain Metabolic Ratios in Urban Apolipoprotein \u03b54 Children Exposed to Air Pollution\" target=\"_blank\" rel=\"nofollow noopener noreferrer\">enfermedades neurodegenerativas<\/a> como alzheimer. Incluso <a href=\"https:\/\/www.ncbi.nlm.nih.gov\/pubmed\/20458016\" title=\"Particulate matter air pollution and cardiovascular disease: An update to the scientific statement from the American Heart Association\" target=\"_blank\" rel=\"nofollow noopener noreferrer\">afecta al coraz\u00f3n<\/a> con infartos de miocardio, arritmia o fallos congestivos card\u00edacos, y a la reproducci\u00f3n humana. Las consecuencias son notables.<\/p>\n\n\n\n<h2 class=\"wp-block-heading\">Soluciones<\/h2>\n\n\n\n<p>La <strong>gravedad de estos hechos<\/strong> ha fomentado medidas para un cambio completo en el modo de plantear las ciudades, orient\u00e1ndolas hacia <a title=\"Los veh\u00edculos de carsharing de Madrid contribuyen a mejorar la calidad del aire Sala de prensa\" href=\"https:\/\/newsroom.ferrovial.com\/es\/noticias\/los-vehiculos-de-carsharing-de-madrid-contribuyen-a-mejorar-la-calidad-del-aire\/\" target=\"_blank\" rel=\"dofollow noopener noreferrer\">una movilidad limpia<\/a>, as\u00ed como la modificaci\u00f3n de la econom\u00eda hacia una baja o nula en carbono a trav\u00e9s de las Agendas 2030 y <a href=\"https:\/\/www.ferrovial.com\/es-es\/sostenibilidad\/medio-ambiente\/huella-carbono\/\">estrategias clim\u00e1ticas<\/a> con objetivos de reducci\u00f3n de emisiones a todos los niveles.<\/p>\n\n\n\n<p>Nuestra determinaci\u00f3n a la hora de reducir emisiones nos ha llevado a medir el 100% de las mismas desde 2009, al tiempo que establecemos una hoja de ruta de reducci\u00f3n paulatina en consonancia con el <a href=\"https:\/\/ec.europa.eu\/clima\/policies\/international\/negotiations\/paris_es\" title=\"Acuerdo de Par\u00eds | Acci\u00f3n por el Clima\" target=\"_blank\" rel=\"nofollow noopener noreferrer\">Acuerdo de Par\u00eds<\/a> y alineamos el atractivo inversor de la empresa a trav\u00e9s de \u00edndices que valoren la cantidad de carbono emitido.<\/p>\n<\/div><\/m-wysiwig>\n","protected":false},"excerpt":{"rendered":"","protected":false},"featured_media":0,"parent":113129,"menu_order":0,"comment_status":"closed","ping_status":"closed","template":"","meta":{"_acf_changed":false,"footnotes":""},"class_list":["post-113161","page","type-page","status-publish","hentry"],"acf":[],"yoast_head":"<!-- This site is optimized with the Yoast SEO plugin v27.2 - https:\/\/yoast.com\/product\/yoast-seo-wordpress\/ -->\n<title>Calidad del aire - Efectos de la contaminaci\u00f3n y soluciones - Ferrovial<\/title>\n<meta name=\"description\" content=\"La contaminaci\u00f3n del aire es uno de los graves problemas mundiales. Recientes estudios cient\u00edficos han demostrado c\u00f3mo algunas de estas emisiones provocan da\u00f1os en ...\" \/>\n<meta name=\"robots\" content=\"index, follow, max-snippet:-1, max-image-preview:large, max-video-preview:-1\" \/>\n<link rel=\"canonical\" href=\"https:\/\/www.ferrovial.com\/es-es\/sostenibilidad\/medio-ambiente\/huella-carbono\/calidad-aire\/\" \/>\n<meta property=\"og:locale\" content=\"es_ES\" \/>\n<meta property=\"og:type\" content=\"article\" \/>\n<meta property=\"og:title\" content=\"Calidad del aire - Efectos de la contaminaci\u00f3n y soluciones - Ferrovial\" \/>\n<meta property=\"og:description\" content=\"La contaminaci\u00f3n del aire es uno de los graves problemas mundiales. Recientes estudios cient\u00edficos han demostrado c\u00f3mo algunas de estas emisiones provocan da\u00f1os en ...\" \/>\n<meta property=\"og:url\" content=\"https:\/\/www.ferrovial.com\/es-es\/sostenibilidad\/medio-ambiente\/huella-carbono\/calidad-aire\/\" \/>\n<meta property=\"og:site_name\" content=\"Ferrovial\" \/>\n<meta property=\"article:publisher\" content=\"https:\/\/www.facebook.com\/ferrovial\" \/>\n<meta property=\"article:modified_time\" content=\"2023-02-21T10:30:55+00:00\" \/>\n<meta name=\"twitter:card\" content=\"summary_large_image\" \/>\n<meta name=\"twitter:site\" content=\"@ferrovial\" \/>\n<meta name=\"twitter:label1\" content=\"Tiempo de lectura\" \/>\n\t<meta name=\"twitter:data1\" content=\"2 minutos\" \/>\n<!-- \/ Yoast SEO plugin. -->","yoast_head_json":{"title":"Calidad del aire - Efectos de la contaminaci\u00f3n y soluciones - Ferrovial","description":"La contaminaci\u00f3n del aire es uno de los graves problemas mundiales. Recientes estudios cient\u00edficos han demostrado c\u00f3mo algunas de estas emisiones provocan da\u00f1os en ...","robots":{"index":"index","follow":"follow","max-snippet":"max-snippet:-1","max-image-preview":"max-image-preview:large","max-video-preview":"max-video-preview:-1"},"canonical":"https:\/\/www.ferrovial.com\/es-es\/sostenibilidad\/medio-ambiente\/huella-carbono\/calidad-aire\/","og_locale":"es_ES","og_type":"article","og_title":"Calidad del aire - Efectos de la contaminaci\u00f3n y soluciones - Ferrovial","og_description":"La contaminaci\u00f3n del aire es uno de los graves problemas mundiales. Recientes estudios cient\u00edficos han demostrado c\u00f3mo algunas de estas emisiones provocan da\u00f1os en ...","og_url":"https:\/\/www.ferrovial.com\/es-es\/sostenibilidad\/medio-ambiente\/huella-carbono\/calidad-aire\/","og_site_name":"Ferrovial","article_publisher":"https:\/\/www.facebook.com\/ferrovial","article_modified_time":"2023-02-21T10:30:55+00:00","twitter_card":"summary_large_image","twitter_site":"@ferrovial","twitter_misc":{"Tiempo de lectura":"2 minutos"},"schema":{"@context":"https:\/\/schema.org","@graph":[{"@type":"WebPage","@id":"https:\/\/www.ferrovial.com\/es-es\/sostenibilidad\/medio-ambiente\/huella-carbono\/calidad-aire\/","url":"https:\/\/www.ferrovial.com\/es-es\/sostenibilidad\/medio-ambiente\/huella-carbono\/calidad-aire\/","name":"Calidad del aire - Efectos de la contaminaci\u00f3n y soluciones - Ferrovial","isPartOf":{"@id":"https:\/\/www.ferrovial.com\/es-es\/#website"},"datePublished":"2019-09-05T14:55:25+00:00","dateModified":"2023-02-21T10:30:55+00:00","description":"La contaminaci\u00f3n del aire es uno de los graves problemas mundiales. Recientes estudios cient\u00edficos han demostrado c\u00f3mo algunas de estas emisiones provocan da\u00f1os en ...","breadcrumb":{"@id":"https:\/\/www.ferrovial.com\/es-es\/sostenibilidad\/medio-ambiente\/huella-carbono\/calidad-aire\/#breadcrumb"},"inLanguage":"es","potentialAction":[{"@type":"ReadAction","target":["https:\/\/www.ferrovial.com\/es-es\/sostenibilidad\/medio-ambiente\/huella-carbono\/calidad-aire\/"]}]},{"@type":"BreadcrumbList","@id":"https:\/\/www.ferrovial.com\/es-es\/sostenibilidad\/medio-ambiente\/huella-carbono\/calidad-aire\/#breadcrumb","itemListElement":[{"@type":"ListItem","position":1,"name":"Portada","item":"https:\/\/www.ferrovial.com\/es-es\/"},{"@type":"ListItem","position":2,"name":"Sostenibilidad","item":"https:\/\/www.ferrovial.com\/es-es\/sostenibilidad\/"},{"@type":"ListItem","position":3,"name":"Medio Ambiente","item":"https:\/\/www.ferrovial.com\/es-es\/sostenibilidad\/medio-ambiente\/"},{"@type":"ListItem","position":4,"name":"Huella de carbono","item":"https:\/\/www.ferrovial.com\/es-es\/sostenibilidad\/medio-ambiente\/huella-carbono\/"},{"@type":"ListItem","position":5,"name":"Calidad del aire"}]},{"@type":"WebSite","@id":"https:\/\/www.ferrovial.com\/es-es\/#website","url":"https:\/\/www.ferrovial.com\/es-es\/","name":"Ferrovial","description":"Welcome to the Ferrovial&#039;s website, global operator of sustainable infrastructure. Here you can find all the information about the company and subsidiaries.","publisher":{"@id":"https:\/\/www.ferrovial.com\/es-es\/#organization"},"potentialAction":[{"@type":"SearchAction","target":{"@type":"EntryPoint","urlTemplate":"https:\/\/www.ferrovial.com\/es-es\/?s={search_term_string}"},"query-input":{"@type":"PropertyValueSpecification","valueRequired":true,"valueName":"search_term_string"}}],"inLanguage":"es"},{"@type":"Organization","@id":"https:\/\/www.ferrovial.com\/es-es\/#organization","name":"Ferrovial S.A.","url":"https:\/\/www.ferrovial.com\/es-es\/","logo":{"@type":"ImageObject","inLanguage":"es","@id":"https:\/\/www.ferrovial.com\/es-es\/#\/schema\/logo\/image\/","url":"https:\/\/static.ferrovial.com\/wp-content\/uploads\/2020\/01\/13124948\/logo-ferrovial-cf7.png","contentUrl":"https:\/\/static.ferrovial.com\/wp-content\/uploads\/2020\/01\/13124948\/logo-ferrovial-cf7.png","width":144,"height":32,"caption":"Ferrovial S.A."},"image":{"@id":"https:\/\/www.ferrovial.com\/es-es\/#\/schema\/logo\/image\/"},"sameAs":["https:\/\/www.facebook.com\/ferrovial","https:\/\/x.com\/ferrovial","https:\/\/www.instagram.com\/ferrovial\/","https:\/\/www.linkedin.com\/company\/ferrovial","https:\/\/www.pinterest.es\/ferrovial\/","https:\/\/www.youtube.com\/ferrovial","https:\/\/en.wikipedia.org\/wiki\/Ferrovial"]}]}},"_links":{"self":[{"href":"https:\/\/www.ferrovial.com\/es-es\/wp-json\/wp\/v2\/pages\/113161","targetHints":{"allow":["GET"]}}],"collection":[{"href":"https:\/\/www.ferrovial.com\/es-es\/wp-json\/wp\/v2\/pages"}],"about":[{"href":"https:\/\/www.ferrovial.com\/es-es\/wp-json\/wp\/v2\/types\/page"}],"replies":[{"embeddable":true,"href":"https:\/\/www.ferrovial.com\/es-es\/wp-json\/wp\/v2\/comments?post=113161"}],"version-history":[{"count":2,"href":"https:\/\/www.ferrovial.com\/es-es\/wp-json\/wp\/v2\/pages\/113161\/revisions"}],"predecessor-version":[{"id":255014,"href":"https:\/\/www.ferrovial.com\/es-es\/wp-json\/wp\/v2\/pages\/113161\/revisions\/255014"}],"up":[{"embeddable":true,"href":"https:\/\/www.ferrovial.com\/es-es\/wp-json\/wp\/v2\/pages\/113129"}],"wp:attachment":[{"href":"https:\/\/www.ferrovial.com\/es-es\/wp-json\/wp\/v2\/media?parent=113161"}],"curies":[{"name":"wp","href":"https:\/\/api.w.org\/{rel}","templated":true}]}}