{"id":113162,"date":"2019-09-05T16:43:55","date_gmt":"2019-09-05T14:43:55","guid":{"rendered":"https:\/\/www.ferrovial.com\/sostenibilidad\/medio-ambiente\/huella-carbono\/reduccion-emisiones\/"},"modified":"2025-12-23T11:55:40","modified_gmt":"2025-12-23T10:55:40","slug":"reduccion-emisiones","status":"publish","type":"page","link":"https:\/\/www.ferrovial.com\/es-es\/sostenibilidad\/medio-ambiente\/huella-carbono\/reduccion-emisiones\/","title":{"rendered":"Reducci\u00f3n de emisiones"},"content":{"rendered":"    <m-final-content-header bgimage='https:\/\/static.ferrovial.com\/wp-content\/uploads\/2019\/11\/13133044\/euroscut_azores-ferrovial-1232x720.jpg'>\n            <c-breadcrumb label-text=\"Breadcrumb\" slot=\"breadcrumbs\" type='2' align='left' wrap='wrapped wrapped' aria-label='Vienes de Huella de carbono'>\n                        <ol>\n\n                                                            <li><a href=\"https:\/\/www.ferrovial.com\/es-es\/\" title=\"Ferrovial\">Ferrovial<\/a><\/li>\n                                                                        <li><a href=\"https:\/\/www.ferrovial.com\/es\/sostenibilidad\/\" title=\"Sostenibilidad\">Sostenibilidad<\/a><\/li>\n                                                                        <li><a href=\"https:\/\/www.ferrovial.com\/es\/sostenibilidad\/medio-ambiente\/\" title=\"Medio Ambiente\">Medio Ambiente<\/a><\/li>\n                                                                        <li><a href=\"https:\/\/www.ferrovial.com\/es\/sostenibilidad\/medio-ambiente\/huella-carbono\/\" title=\"Huella de carbono\">Huella de carbono<\/a><\/li>\n                                    \n                <\/ol>\n\n                <\/c-breadcrumb>\n    \n        <div slot=\"header\">\n            <h1>\n                Reducci\u00f3n de emisiones            <\/h1>\n                    <\/div>\n    <\/m-final-content-header>\n\n    \n\n\n<m-wysiwig class=\"wp-block-components-wysiwyg\"><div slot=\"maincontent\">    <p class=\"intro\">La reducci\u00f3n de emisiones de efecto invernadero derivadas de la actividad debe convertirse en un compromiso empresarial.\n<\/p>\n    \n\n\n<p>Las emisiones de efecto invernadero se dan a todos los niveles de la industria, no solo en la producci\u00f3n de bienes o implementaci\u00f3n de servicios; sino tambi\u00e9n en todas aquellas actividades indirectas y necesarias para aportar valor al cliente final. Con el objetivo de avanzar hacia una transici\u00f3n energ\u00e9tica de la econom\u00eda, se siguen una serie de pautas recogidas en marcos internacionales para <strong>reducir emisiones<\/strong>.<\/p>\n\n\n\n<h2 class=\"wp-block-heading\">Medici\u00f3n y reducci\u00f3n de las emisiones<\/h2>\n\n\n\n<p>El primer paso para controlar dichas emisiones de CO<sub>2<\/sub> y reducirlas consiste en ser capaces de medirlas a trav\u00e9s de la huella de carbono. Ferrovial lleva desde 2009 auditando el 100% de sus emisiones de gases de efecto invernadero, dividi\u00e9ndolas en aquellas pertenecientes a nuestra actividad (Scope 1 y 2) y aquellas que provienen de la cadena de valor (Scope 3).<\/p>\n\n\n\n<p>Esta divisi\u00f3n permite establecer objetivos diferenciados para cada actividad. Los objetivos de la reducci\u00f3n de gases de efecto invernadero (GEI) procedentes de nuestras operaciones (Scope 1 y 2) est\u00e1n aprobados por&nbsp; <a title=\"Science Based Targets\" aria-label=\" (opens in a new tab)\" href=\"https:\/\/sciencebasedtargets.org\" target=\"_blank\" rel=\"nofollow noopener noreferrer\">Science Based Targets initiative<\/a> (SBTi) en consistencia con la ciencia. El objetivo para los GEI Scope 3 cumplen los criterios SBTi en l\u00ednea con las mejores pr\u00e1cticas actuales.<\/p>\n\n\n\n<p>Ferrovial, con el fin de ser m\u00e1s ambiciosos con el compromiso clim\u00e1tico, inici\u00f3 el proceso en 2024 de re-validaci\u00f3n de los nuevos objetivos alineados con la trayectoria de 1,5\u00ba, de acuerdo con SBTi. La validaci\u00f3n final se ha obtenido en febrero de 2025. Asimismo, la compa\u00f1\u00eda ha establecido un plan de compensaci\u00f3n de sus emisiones directas fundamentado en fomentar las soluciones basadas en la naturaleza (en 2024 Ferrovial ha compensado el 22% de esas toneladas totales con proyectos de reforestaci\u00f3n y gesti\u00f3n forestal sostenible).<\/p>\n\n\n\n<h2 class=\"wp-block-heading\">Plan 2030<\/h2>\n\n\n\n<p>La compa\u00f1\u00eda se ha comprometido a reducir un 42% los Scopes 1&amp;2 para 2030, tomando como referencia el a\u00f1o 2020. Asimismo, se compromete a reducir las emisiones del scope 3 un 25% hasta 2030, tomando como referencia el a\u00f1o 2020.<\/p>\n\n\n\n<p>Desde 2020 hemos reducido nuestras emisiones de Scope 1&amp;2 en un 35,78%, cumpliendo con los objetivos establecidos. Con respecto a las emisiones de Scope 3, en t\u00e9rminos absolutos se han reducido en un 18,08%. Todo ello refleja que estamos cumpliendo con la hoja de ruta establecida. Seg\u00fan nuestras estimaciones, en 2024 hemos evitado cerca de 574.644 tCO<sub>2<\/sub>e, una apuesta de valor que seguiremos manteniendo en el tiempo y nos coloca cada a\u00f1o en los \u00edndices de sostenibilidad m\u00e1s prestigiosos.<\/p>\n<\/div><\/m-wysiwig>\n\n\n\n<m-wysiwig class=\"wp-block-components-wysiwyg\"><div slot=\"maincontent\">\n<h2 class=\"wp-block-heading\">Evoluci\u00f3n de las Emisiones<\/h2>\n\n\n\n<figure class=\"wp-block-table\"><table><tbody><tr><td><strong>POR NEGOCIO<\/strong><\/td><td><strong>2020<\/strong> <strong>(a\u00f1o base)<\/strong><\/td><td><strong>2021<\/strong><\/td><td><strong>2022<\/strong><\/td><td><strong>2023<\/strong><\/td><td><strong>2024<\/strong><\/td><\/tr><tr><td><strong>Aeropuertos<\/strong><\/td><td>8.920<\/td><td>8.920<\/td><td>8.920<\/td><td>8.709<\/td><td>5.966<\/td><\/tr><tr><td><strong>Construcci\u00f3n<\/strong><\/td><td>269.029<\/td><td>236.053<\/td><td>211.166<\/td><td>229.776<\/td><td>238.730<\/td><\/tr><tr><td><strong>Corporaci\u00f3n<\/strong><\/td><td>516<\/td><td>539<\/td><td>372<\/td><td>154<\/td><td>159<\/td><\/tr><tr><td><strong>Energ\u00eda<\/strong><\/td><td>13<\/td><td>1.214<\/td><td>3.582<\/td><td>3.099<\/td><td>4.431<\/td><\/tr><tr><td><strong>Infraestructuras<\/strong><\/td><td>4.523<\/td><td>4.098<\/td><td>4.549<\/td><td>5.553<\/td><td>3.247<\/td><\/tr><tr><td><strong>Waste Management<\/strong><\/td><td>239.472<\/td><td>225.926<\/td><td>232.688<\/td><td>103.323<\/td><td>82.994<\/td><\/tr><tr><td><strong><strong>TOTAL (tCO<sub>2<\/sub>e)<\/strong><\/strong><\/td><td><strong>522.473<\/strong><\/td><td><strong>476.749<\/strong><\/td><td><strong>461.278<\/strong><\/td><td><strong>350.613<\/strong><\/td><td><strong>335.527<\/strong><\/td><\/tr><\/tbody><\/table><\/figure>\n\n\n\n<p><\/p>\n\n\n\n<p><\/p>\n\n\n\n<h2 class=\"wp-block-heading\">Emisiones evitadas<\/h2>\n\n\n\n<figure class=\"wp-block-table\"><table><tbody><tr><td><strong>Emisiones evitadas (tCO<sub>2<\/sub>e)<\/strong><\/td><td><strong>2009<\/strong><\/td><td><strong>2021<\/strong><\/td><td><strong>2022<\/strong><\/td><td><strong>2023<\/strong><\/td><td><strong>2024<\/strong><\/td><\/tr><tr><td>Compra de electricidad renovable<\/td><td>4.813<\/td><td>38.010<\/td><td>36.952<\/td><td>37.057<\/td><td>47.332<\/td><\/tr><tr><td>Por la captaci\u00f3n de biog\u00e1s en plantas de tratamiento de agua<\/td><td>0<\/td><td>565.203<\/td><td>538.915<\/td><td>529.677<\/td><td>467.399<\/td><\/tr><tr><td>Por la actividad de triaje<\/td><td>0<\/td><td>168.505<\/td><td>169.067<\/td><td>56.992<\/td><td>59.912<\/td><\/tr><\/tbody><\/table><\/figure>\n<\/div><\/m-wysiwig>\n\n\n    <m-distributor-related>\n                        <h3 slot=\"title\">\n                    Conoce nuestra huella de carbono                <\/h3>\n                                    <a slot='carouselItems' title='Emisiones GEI (Scope 1 y 2)'>\n                        <span>\n                        <\/span>\n                                                        <div role=\"listitem\">\n                                    Emisiones GEI (Scope 1 y 2)                                <\/div>\n                                                    <\/a>\n                                        <a slot='carouselItems' title='Emisiones GEI Scope 3'>\n                        <span>\n                        <\/span>\n                                                        <div role=\"listitem\">\n                                    Emisiones GEI Scope 3                                <\/div>\n                                                    <\/a>\n                                        <a slot='carouselItems' title='Emisiones de C02 Biog\u00e9nico'>\n                        <span>\n                        <\/span>\n                                                        <div role=\"listitem\">\n                                    Emisiones de C02 Biog\u00e9nico                                <\/div>\n                                                    <\/a>\n                        <\/m-distributor-related>\n\n    ","protected":false},"excerpt":{"rendered":"","protected":false},"featured_media":0,"parent":113129,"menu_order":0,"comment_status":"closed","ping_status":"closed","template":"","meta":{"_acf_changed":false,"footnotes":""},"class_list":["post-113162","page","type-page","status-publish","hentry"],"acf":[],"yoast_head":"<!-- This site is optimized with the Yoast SEO plugin v27.2 - https:\/\/yoast.com\/product\/yoast-seo-wordpress\/ -->\n<title>Reducci\u00f3n de emisiones de CO2 - Objetivo principal - Ferrovial<\/title>\n<meta name=\"description\" content=\"La reducci\u00f3n de emisiones de gases de efecto invernadero (GEI) se presenta como un objetivo presente en todas y cada una de nuestros negocios. La superaci\u00f3n de ...\" \/>\n<meta name=\"robots\" content=\"index, follow, max-snippet:-1, max-image-preview:large, max-video-preview:-1\" \/>\n<link rel=\"canonical\" href=\"https:\/\/www.ferrovial.com\/es-es\/sostenibilidad\/medio-ambiente\/huella-carbono\/reduccion-emisiones\/\" \/>\n<meta property=\"og:locale\" content=\"es_ES\" \/>\n<meta property=\"og:type\" content=\"article\" \/>\n<meta property=\"og:title\" content=\"Reducci\u00f3n de emisiones de CO2 - Objetivo principal - Ferrovial\" \/>\n<meta property=\"og:description\" content=\"La reducci\u00f3n de emisiones de gases de efecto invernadero (GEI) se presenta como un objetivo presente en todas y cada una de nuestros negocios. La superaci\u00f3n de ...\" \/>\n<meta property=\"og:url\" content=\"https:\/\/www.ferrovial.com\/es-es\/sostenibilidad\/medio-ambiente\/huella-carbono\/reduccion-emisiones\/\" \/>\n<meta property=\"og:site_name\" content=\"Ferrovial\" \/>\n<meta property=\"article:publisher\" content=\"https:\/\/www.facebook.com\/ferrovial\" \/>\n<meta property=\"article:modified_time\" content=\"2025-12-23T10:55:40+00:00\" \/>\n<meta name=\"twitter:card\" content=\"summary_large_image\" \/>\n<meta name=\"twitter:site\" content=\"@ferrovial\" \/>\n<meta name=\"twitter:label1\" content=\"Tiempo de lectura\" \/>\n\t<meta name=\"twitter:data1\" content=\"3 minutos\" \/>\n<!-- \/ Yoast SEO plugin. -->","yoast_head_json":{"title":"Reducci\u00f3n de emisiones de CO2 - Objetivo principal - Ferrovial","description":"La reducci\u00f3n de emisiones de gases de efecto invernadero (GEI) se presenta como un objetivo presente en todas y cada una de nuestros negocios. La superaci\u00f3n de ...","robots":{"index":"index","follow":"follow","max-snippet":"max-snippet:-1","max-image-preview":"max-image-preview:large","max-video-preview":"max-video-preview:-1"},"canonical":"https:\/\/www.ferrovial.com\/es-es\/sostenibilidad\/medio-ambiente\/huella-carbono\/reduccion-emisiones\/","og_locale":"es_ES","og_type":"article","og_title":"Reducci\u00f3n de emisiones de CO2 - Objetivo principal - Ferrovial","og_description":"La reducci\u00f3n de emisiones de gases de efecto invernadero (GEI) se presenta como un objetivo presente en todas y cada una de nuestros negocios. La superaci\u00f3n de ...","og_url":"https:\/\/www.ferrovial.com\/es-es\/sostenibilidad\/medio-ambiente\/huella-carbono\/reduccion-emisiones\/","og_site_name":"Ferrovial","article_publisher":"https:\/\/www.facebook.com\/ferrovial","article_modified_time":"2025-12-23T10:55:40+00:00","twitter_card":"summary_large_image","twitter_site":"@ferrovial","twitter_misc":{"Tiempo de lectura":"3 minutos"},"schema":{"@context":"https:\/\/schema.org","@graph":[{"@type":"WebPage","@id":"https:\/\/www.ferrovial.com\/es-es\/sostenibilidad\/medio-ambiente\/huella-carbono\/reduccion-emisiones\/","url":"https:\/\/www.ferrovial.com\/es-es\/sostenibilidad\/medio-ambiente\/huella-carbono\/reduccion-emisiones\/","name":"Reducci\u00f3n de emisiones de CO2 - Objetivo principal - Ferrovial","isPartOf":{"@id":"https:\/\/www.ferrovial.com\/es-es\/#website"},"datePublished":"2019-09-05T14:43:55+00:00","dateModified":"2025-12-23T10:55:40+00:00","description":"La reducci\u00f3n de emisiones de gases de efecto invernadero (GEI) se presenta como un objetivo presente en todas y cada una de nuestros negocios. La superaci\u00f3n de ...","breadcrumb":{"@id":"https:\/\/www.ferrovial.com\/es-es\/sostenibilidad\/medio-ambiente\/huella-carbono\/reduccion-emisiones\/#breadcrumb"},"inLanguage":"es","potentialAction":[{"@type":"ReadAction","target":["https:\/\/www.ferrovial.com\/es-es\/sostenibilidad\/medio-ambiente\/huella-carbono\/reduccion-emisiones\/"]}]},{"@type":"BreadcrumbList","@id":"https:\/\/www.ferrovial.com\/es-es\/sostenibilidad\/medio-ambiente\/huella-carbono\/reduccion-emisiones\/#breadcrumb","itemListElement":[{"@type":"ListItem","position":1,"name":"Portada","item":"https:\/\/www.ferrovial.com\/es-es\/"},{"@type":"ListItem","position":2,"name":"Sostenibilidad","item":"https:\/\/www.ferrovial.com\/es-es\/sostenibilidad\/"},{"@type":"ListItem","position":3,"name":"Medio Ambiente","item":"https:\/\/www.ferrovial.com\/es-es\/sostenibilidad\/medio-ambiente\/"},{"@type":"ListItem","position":4,"name":"Huella de carbono","item":"https:\/\/www.ferrovial.com\/es-es\/sostenibilidad\/medio-ambiente\/huella-carbono\/"},{"@type":"ListItem","position":5,"name":"Reducci\u00f3n de emisiones"}]},{"@type":"WebSite","@id":"https:\/\/www.ferrovial.com\/es-es\/#website","url":"https:\/\/www.ferrovial.com\/es-es\/","name":"Ferrovial","description":"Welcome to the Ferrovial&#039;s website, global operator of sustainable infrastructure. Here you can find all the information about the company and subsidiaries.","publisher":{"@id":"https:\/\/www.ferrovial.com\/es-es\/#organization"},"potentialAction":[{"@type":"SearchAction","target":{"@type":"EntryPoint","urlTemplate":"https:\/\/www.ferrovial.com\/es-es\/?s={search_term_string}"},"query-input":{"@type":"PropertyValueSpecification","valueRequired":true,"valueName":"search_term_string"}}],"inLanguage":"es"},{"@type":"Organization","@id":"https:\/\/www.ferrovial.com\/es-es\/#organization","name":"Ferrovial S.A.","url":"https:\/\/www.ferrovial.com\/es-es\/","logo":{"@type":"ImageObject","inLanguage":"es","@id":"https:\/\/www.ferrovial.com\/es-es\/#\/schema\/logo\/image\/","url":"https:\/\/static.ferrovial.com\/wp-content\/uploads\/2020\/01\/13124948\/logo-ferrovial-cf7.png","contentUrl":"https:\/\/static.ferrovial.com\/wp-content\/uploads\/2020\/01\/13124948\/logo-ferrovial-cf7.png","width":144,"height":32,"caption":"Ferrovial S.A."},"image":{"@id":"https:\/\/www.ferrovial.com\/es-es\/#\/schema\/logo\/image\/"},"sameAs":["https:\/\/www.facebook.com\/ferrovial","https:\/\/x.com\/ferrovial","https:\/\/www.instagram.com\/ferrovial\/","https:\/\/www.linkedin.com\/company\/ferrovial","https:\/\/www.pinterest.es\/ferrovial\/","https:\/\/www.youtube.com\/ferrovial","https:\/\/en.wikipedia.org\/wiki\/Ferrovial"]}]}},"_links":{"self":[{"href":"https:\/\/www.ferrovial.com\/es-es\/wp-json\/wp\/v2\/pages\/113162","targetHints":{"allow":["GET"]}}],"collection":[{"href":"https:\/\/www.ferrovial.com\/es-es\/wp-json\/wp\/v2\/pages"}],"about":[{"href":"https:\/\/www.ferrovial.com\/es-es\/wp-json\/wp\/v2\/types\/page"}],"replies":[{"embeddable":true,"href":"https:\/\/www.ferrovial.com\/es-es\/wp-json\/wp\/v2\/comments?post=113162"}],"version-history":[{"count":3,"href":"https:\/\/www.ferrovial.com\/es-es\/wp-json\/wp\/v2\/pages\/113162\/revisions"}],"predecessor-version":[{"id":320914,"href":"https:\/\/www.ferrovial.com\/es-es\/wp-json\/wp\/v2\/pages\/113162\/revisions\/320914"}],"up":[{"embeddable":true,"href":"https:\/\/www.ferrovial.com\/es-es\/wp-json\/wp\/v2\/pages\/113129"}],"wp:attachment":[{"href":"https:\/\/www.ferrovial.com\/es-es\/wp-json\/wp\/v2\/media?parent=113162"}],"curies":[{"name":"wp","href":"https:\/\/api.w.org\/{rel}","templated":true}]}}