{"id":113177,"date":"2019-09-05T16:48:10","date_gmt":"2019-09-05T14:48:10","guid":{"rendered":"https:\/\/www.ferrovial.com\/sostenibilidad\/medio-ambiente\/huella-carbono\/reduccion-emisiones\/shadow-carbon\/"},"modified":"2025-07-10T14:47:45","modified_gmt":"2025-07-10T12:47:45","slug":"shadow-carbon","status":"publish","type":"page","link":"https:\/\/www.ferrovial.com\/es-es\/sostenibilidad\/medio-ambiente\/huella-carbono\/reduccion-emisiones\/shadow-carbon\/","title":{"rendered":"Shadow Carbon Pricing"},"content":{"rendered":"    <m-final-content-header bgimage='https:\/\/static.ferrovial.com\/wp-content\/uploads\/2019\/09\/13134144\/407-etr-toronto-canada.jpg'>\n            <c-breadcrumb label-text=\"Breadcrumb\" slot=\"breadcrumbs\" type='2' align='left' wrap='wrapped wrapped' aria-label='Vienes de Reducci\u00f3n de emisiones'>\n                        <ol>\n\n                                                            <li><a href=\"https:\/\/www.ferrovial.com\/es-es\/\" title=\"Ferrovial\">Ferrovial<\/a><\/li>\n                                                                        <li><a href=\"https:\/\/www.ferrovial.com\/es\/sostenibilidad\/\" title=\"Sostenibilidad\">Sostenibilidad<\/a><\/li>\n                                                                        <li><a href=\"https:\/\/www.ferrovial.com\/es\/sostenibilidad\/medio-ambiente\/\" title=\"Medio Ambiente\">Medio Ambiente<\/a><\/li>\n                                                                        <li><a href=\"https:\/\/www.ferrovial.com\/es\/sostenibilidad\/medio-ambiente\/huella-carbono\/\" title=\"Huella de carbono\">Huella de carbono<\/a><\/li>\n                                                                        <li><a href=\"https:\/\/www.ferrovial.com\/es\/sostenibilidad\/medio-ambiente\/huella-carbono\/reduccion-emisiones\/\" title=\"Reducci\u00f3n de emisiones\">Reducci\u00f3n de emisiones<\/a><\/li>\n                                    \n                <\/ol>\n\n                <\/c-breadcrumb>\n    \n        <div slot=\"header\">\n            <h1>\n                Shadow Carbon Pricing            <\/h1>\n                    <\/div>\n    <\/m-final-content-header>\n\n    \n\n\n<m-wysiwig class=\"wp-block-components-wysiwyg\"><div slot=\"maincontent\">    <p class=\"intro\">Shadow Carbon Pricing es una metodolog\u00eda que cuantifica riesgos y oportunidades de nuevas inversiones de cara a las emisiones de CO2.<\/p>\n    \n\n\n<h2 class=\"wp-block-heading\">\u00bfQu\u00e9 es el Shadow Carbon Pricing?<\/h2>\n\n\n\n<p>Shadow Carbon Pricing es una metodolog\u00eda que cuantifica riesgos y oportunidades de nuevas inversiones de cara a las emisiones de CO<sub>2<\/sub>, creada con base en recomendaciones internacionales para establecer precios para el carbono.<\/p>\n\n\n\n<p>Para ello, el Shadow Carbon Pricing tiene en cuenta diferentes factores como el coste econ\u00f3mico de las emisiones de carbono, las tasas aplicadas a los combustibles f\u00f3siles y los cambios de uso de los usuarios, orientados a nuevos h\u00e1bitos y demandas por parte de la sociedad.<\/p>\n\n\n\n<p>La metodolog\u00eda de trabajo va m\u00e1s all\u00e1 de una medici\u00f3n constante de las emisiones de CO<sub>2<\/sub> asociadas a cada proyecto. La idea es contabilizar y trasladar a un valor monetario el coste medioambiental y de percepci\u00f3n social de dichas emisiones en un crescendo (2020, 2030, 2040, 2050). De esta forma, los riesgos asociados a la transici\u00f3n clim\u00e1tica se reflejan de forma fiel, permiti\u00e9ndonos identificar riesgos a corto, medio y largo plazo.<\/p>\n\n\n\n<p>Uno de los objetivos clave de esta forma de trabajar es mantener la rentabilidad de los negocios en los que operamos a medida que estos migran a modelos bajos en carbono. Tambi\u00e9n ejercer un ejercicio de transparencia y servir como referente para que otras industrias sigan nuestro ejemplo. Esto nos ha llevado a participar como <em>partners<\/em> del Banco Mundial en la redacci\u00f3n de informes como \u201cCarbon Pricing Leadership report\u201d.<\/p>\n\n\n\n<h2 class=\"wp-block-heading\">Estimaciones del precio medio al carbono <\/h2>\n\n\n\n<p>Nuestra metodolog\u00eda distingue entre horizontes temporales, geograf\u00edas y tipos de proyecto. De esta forma, se asigna un coste en aumento que facilite a los inversores el an\u00e1lisis empresarial que necesitan, proporcionando una estimaci\u00f3n m\u00e1s pr\u00f3xima a la realidad. Este c\u00e1lculo, junto a los \u00edndices de sostenibilidad entre los que nos encontramos presentes, como es el caso de <a href=\"https:\/\/www.ferrovial.com\/es-es\/sostenibilidad\/rsc\/indices\/\" target=\"_blank\" rel=\"noreferrer noopener\">DJSI y FTSE4Good<\/a>, son m\u00e9tricas a tener en cuenta, que nos permiten mejorar nuestras pol\u00edticas y proyectos de sostenibilidad. <br><br>En s\u00edntesis, nuestros respectivos horizontes por d\u00e9cada estiman un precio medio al carbono de 60 euros en 2030, 114 euros en 2040 y 173 euros en 2050.<br><br><\/p>\n\n\n<div class=\"wp-block-image\">\n<figure class=\"aligncenter size-full is-resized\"><img v-lazy=\"'https:\/\/static.ferrovial.com\/wp-content\/uploads\/2023\/07\/20103459\/ma.png'\" alt=\"\" class=\"wp-image-265480\" style=\"width:506px;height:452px\"\/><\/figure><\/div><\/div><\/m-wysiwig>\n","protected":false},"excerpt":{"rendered":"","protected":false},"featured_media":0,"parent":113162,"menu_order":0,"comment_status":"closed","ping_status":"closed","template":"","meta":{"_acf_changed":false,"footnotes":""},"class_list":["post-113177","page","type-page","status-publish","hentry"],"acf":[],"yoast_head":"<!-- This site is optimized with the Yoast SEO plugin v27.2 - https:\/\/yoast.com\/product\/yoast-seo-wordpress\/ -->\n<title>Shadow Carbon Pricing o precio del carbono - Ferrovial<\/title>\n<meta name=\"description\" content=\"La metodolog\u00eda Shadow Carbon Pricing permitir\u00e1 cuantificar los riesgos y oportunidades de nuevas inversiones...\" \/>\n<meta name=\"robots\" content=\"index, follow, max-snippet:-1, max-image-preview:large, max-video-preview:-1\" \/>\n<link rel=\"canonical\" href=\"https:\/\/www.ferrovial.com\/es-es\/sostenibilidad\/medio-ambiente\/huella-carbono\/reduccion-emisiones\/shadow-carbon\/\" \/>\n<meta property=\"og:locale\" content=\"es_ES\" \/>\n<meta property=\"og:type\" content=\"article\" \/>\n<meta property=\"og:title\" content=\"Shadow Carbon Pricing o precio del carbono - Ferrovial\" \/>\n<meta property=\"og:description\" content=\"La metodolog\u00eda Shadow Carbon Pricing permitir\u00e1 cuantificar los riesgos y oportunidades de nuevas inversiones...\" \/>\n<meta property=\"og:url\" content=\"https:\/\/www.ferrovial.com\/es-es\/sostenibilidad\/medio-ambiente\/huella-carbono\/reduccion-emisiones\/shadow-carbon\/\" \/>\n<meta property=\"og:site_name\" content=\"Ferrovial\" \/>\n<meta property=\"article:publisher\" content=\"https:\/\/www.facebook.com\/ferrovial\" \/>\n<meta property=\"article:modified_time\" content=\"2025-07-10T12:47:45+00:00\" \/>\n<meta property=\"og:image\" content=\"https:\/\/www.ferrovial.com\/wp-content\/uploads\/2023\/07\/ma.png\" \/>\n<meta name=\"twitter:card\" content=\"summary_large_image\" \/>\n<meta name=\"twitter:site\" content=\"@ferrovial\" \/>\n<meta name=\"twitter:label1\" content=\"Tiempo de lectura\" \/>\n\t<meta name=\"twitter:data1\" content=\"2 minutos\" \/>\n<!-- \/ Yoast SEO plugin. -->","yoast_head_json":{"title":"Shadow Carbon Pricing o precio del carbono - Ferrovial","description":"La metodolog\u00eda Shadow Carbon Pricing permitir\u00e1 cuantificar los riesgos y oportunidades de nuevas inversiones...","robots":{"index":"index","follow":"follow","max-snippet":"max-snippet:-1","max-image-preview":"max-image-preview:large","max-video-preview":"max-video-preview:-1"},"canonical":"https:\/\/www.ferrovial.com\/es-es\/sostenibilidad\/medio-ambiente\/huella-carbono\/reduccion-emisiones\/shadow-carbon\/","og_locale":"es_ES","og_type":"article","og_title":"Shadow Carbon Pricing o precio del carbono - Ferrovial","og_description":"La metodolog\u00eda Shadow Carbon Pricing permitir\u00e1 cuantificar los riesgos y oportunidades de nuevas inversiones...","og_url":"https:\/\/www.ferrovial.com\/es-es\/sostenibilidad\/medio-ambiente\/huella-carbono\/reduccion-emisiones\/shadow-carbon\/","og_site_name":"Ferrovial","article_publisher":"https:\/\/www.facebook.com\/ferrovial","article_modified_time":"2025-07-10T12:47:45+00:00","og_image":[{"url":"https:\/\/www.ferrovial.com\/wp-content\/uploads\/2023\/07\/ma.png","type":"","width":"","height":""}],"twitter_card":"summary_large_image","twitter_site":"@ferrovial","twitter_misc":{"Tiempo de lectura":"2 minutos"},"schema":{"@context":"https:\/\/schema.org","@graph":[{"@type":"WebPage","@id":"https:\/\/www.ferrovial.com\/es-es\/sostenibilidad\/medio-ambiente\/huella-carbono\/reduccion-emisiones\/shadow-carbon\/","url":"https:\/\/www.ferrovial.com\/es-es\/sostenibilidad\/medio-ambiente\/huella-carbono\/reduccion-emisiones\/shadow-carbon\/","name":"Shadow Carbon Pricing o precio del carbono - Ferrovial","isPartOf":{"@id":"https:\/\/www.ferrovial.com\/es-es\/#website"},"primaryImageOfPage":{"@id":"https:\/\/www.ferrovial.com\/es-es\/sostenibilidad\/medio-ambiente\/huella-carbono\/reduccion-emisiones\/shadow-carbon\/#primaryimage"},"image":{"@id":"https:\/\/www.ferrovial.com\/es-es\/sostenibilidad\/medio-ambiente\/huella-carbono\/reduccion-emisiones\/shadow-carbon\/#primaryimage"},"thumbnailUrl":"https:\/\/www.ferrovial.com\/wp-content\/uploads\/2023\/07\/ma.png","datePublished":"2019-09-05T14:48:10+00:00","dateModified":"2025-07-10T12:47:45+00:00","description":"La metodolog\u00eda Shadow Carbon Pricing permitir\u00e1 cuantificar los riesgos y oportunidades de nuevas inversiones...","breadcrumb":{"@id":"https:\/\/www.ferrovial.com\/es-es\/sostenibilidad\/medio-ambiente\/huella-carbono\/reduccion-emisiones\/shadow-carbon\/#breadcrumb"},"inLanguage":"es","potentialAction":[{"@type":"ReadAction","target":["https:\/\/www.ferrovial.com\/es-es\/sostenibilidad\/medio-ambiente\/huella-carbono\/reduccion-emisiones\/shadow-carbon\/"]}]},{"@type":"ImageObject","inLanguage":"es","@id":"https:\/\/www.ferrovial.com\/es-es\/sostenibilidad\/medio-ambiente\/huella-carbono\/reduccion-emisiones\/shadow-carbon\/#primaryimage","url":"https:\/\/www.ferrovial.com\/wp-content\/uploads\/2023\/07\/ma.png","contentUrl":"https:\/\/www.ferrovial.com\/wp-content\/uploads\/2023\/07\/ma.png"},{"@type":"BreadcrumbList","@id":"https:\/\/www.ferrovial.com\/es-es\/sostenibilidad\/medio-ambiente\/huella-carbono\/reduccion-emisiones\/shadow-carbon\/#breadcrumb","itemListElement":[{"@type":"ListItem","position":1,"name":"Portada","item":"https:\/\/www.ferrovial.com\/es-es\/"},{"@type":"ListItem","position":2,"name":"Sostenibilidad","item":"https:\/\/www.ferrovial.com\/es-es\/sostenibilidad\/"},{"@type":"ListItem","position":3,"name":"Medio Ambiente","item":"https:\/\/www.ferrovial.com\/es-es\/sostenibilidad\/medio-ambiente\/"},{"@type":"ListItem","position":4,"name":"Huella de carbono","item":"https:\/\/www.ferrovial.com\/es-es\/sostenibilidad\/medio-ambiente\/huella-carbono\/"},{"@type":"ListItem","position":5,"name":"Reducci\u00f3n de emisiones","item":"https:\/\/www.ferrovial.com\/es-es\/sostenibilidad\/medio-ambiente\/huella-carbono\/reduccion-emisiones\/"},{"@type":"ListItem","position":6,"name":"Shadow Carbon Pricing"}]},{"@type":"WebSite","@id":"https:\/\/www.ferrovial.com\/es-es\/#website","url":"https:\/\/www.ferrovial.com\/es-es\/","name":"Ferrovial","description":"Welcome to the Ferrovial&#039;s website, global operator of sustainable infrastructure. Here you can find all the information about the company and subsidiaries.","publisher":{"@id":"https:\/\/www.ferrovial.com\/es-es\/#organization"},"potentialAction":[{"@type":"SearchAction","target":{"@type":"EntryPoint","urlTemplate":"https:\/\/www.ferrovial.com\/es-es\/?s={search_term_string}"},"query-input":{"@type":"PropertyValueSpecification","valueRequired":true,"valueName":"search_term_string"}}],"inLanguage":"es"},{"@type":"Organization","@id":"https:\/\/www.ferrovial.com\/es-es\/#organization","name":"Ferrovial S.A.","url":"https:\/\/www.ferrovial.com\/es-es\/","logo":{"@type":"ImageObject","inLanguage":"es","@id":"https:\/\/www.ferrovial.com\/es-es\/#\/schema\/logo\/image\/","url":"https:\/\/static.ferrovial.com\/wp-content\/uploads\/2020\/01\/13124948\/logo-ferrovial-cf7.png","contentUrl":"https:\/\/static.ferrovial.com\/wp-content\/uploads\/2020\/01\/13124948\/logo-ferrovial-cf7.png","width":144,"height":32,"caption":"Ferrovial S.A."},"image":{"@id":"https:\/\/www.ferrovial.com\/es-es\/#\/schema\/logo\/image\/"},"sameAs":["https:\/\/www.facebook.com\/ferrovial","https:\/\/x.com\/ferrovial","https:\/\/www.instagram.com\/ferrovial\/","https:\/\/www.linkedin.com\/company\/ferrovial","https:\/\/www.pinterest.es\/ferrovial\/","https:\/\/www.youtube.com\/ferrovial","https:\/\/en.wikipedia.org\/wiki\/Ferrovial"]}]}},"_links":{"self":[{"href":"https:\/\/www.ferrovial.com\/es-es\/wp-json\/wp\/v2\/pages\/113177","targetHints":{"allow":["GET"]}}],"collection":[{"href":"https:\/\/www.ferrovial.com\/es-es\/wp-json\/wp\/v2\/pages"}],"about":[{"href":"https:\/\/www.ferrovial.com\/es-es\/wp-json\/wp\/v2\/types\/page"}],"replies":[{"embeddable":true,"href":"https:\/\/www.ferrovial.com\/es-es\/wp-json\/wp\/v2\/comments?post=113177"}],"version-history":[{"count":3,"href":"https:\/\/www.ferrovial.com\/es-es\/wp-json\/wp\/v2\/pages\/113177\/revisions"}],"predecessor-version":[{"id":309486,"href":"https:\/\/www.ferrovial.com\/es-es\/wp-json\/wp\/v2\/pages\/113177\/revisions\/309486"}],"up":[{"embeddable":true,"href":"https:\/\/www.ferrovial.com\/es-es\/wp-json\/wp\/v2\/pages\/113162"}],"wp:attachment":[{"href":"https:\/\/www.ferrovial.com\/es-es\/wp-json\/wp\/v2\/media?parent=113177"}],"curies":[{"name":"wp","href":"https:\/\/api.w.org\/{rel}","templated":true}]}}