{"id":113214,"date":"2019-09-05T15:14:20","date_gmt":"2019-09-05T13:14:20","guid":{"rendered":"https:\/\/www.ferrovial.com\/innovacion\/autopistas\/"},"modified":"2021-11-02T09:44:30","modified_gmt":"2021-11-02T08:44:30","slug":"autopistas","status":"publish","type":"page","link":"https:\/\/www.ferrovial.com\/es-es\/innovacion\/autopistas\/","title":{"rendered":"Innovaci\u00f3n en Autopistas"},"content":{"rendered":"    <m-final-content-header bgimage='https:\/\/static.ferrovial.com\/wp-content\/uploads\/2019\/12\/13140607\/north-tarrant-express-highway-in-texas-usa-lights-1280x720.jpg'>\n            <c-breadcrumb label-text=\"Breadcrumb\" slot=\"breadcrumbs\" type='2' align='left' wrap='wrapped wrapped' aria-label='Vienes de Innovaci\u00f3n'>\n                        <ol>\n\n                                                            <li><a href=\"https:\/\/www.ferrovial.com\/es-es\/\" title=\"Ferrovial\">Ferrovial<\/a><\/li>\n                                                                        <li><a href=\"https:\/\/www.ferrovial.com\/es\/innovacion\/\" title=\"Innovaci\u00f3n\">Innovaci\u00f3n<\/a><\/li>\n                                    \n                <\/ol>\n\n                <\/c-breadcrumb>\n    \n        <div slot=\"header\">\n            <h1>\n                Innovaci\u00f3n en Autopistas            <\/h1>\n                    <\/div>\n    <\/m-final-content-header>\n\n    \n\n\n<m-wysiwig class=\"wp-block-components-wysiwyg\"><div slot=\"maincontent\">    <p class=\"intro\">Siempre hemos estado a la vanguardia de la ejecuci\u00f3n de proyectos de infraestructura innovadores, desde la 407ETR en Toronto, la primera carretera de peaje de paso libre de Estados Unidos, hasta los proyectos de carriles de peaje con precios din\u00e1micos en Texas, Virginia y Carolina del Norte.<\/p>\n    \n\n\n<p>La tecnolog\u00eda y las expectativas relacionadas con las infraestructuras y la movilidad evolucionan r\u00e1pidamente y, de forma paralela, seguimos superando los l\u00edmites con nuestra visi\u00f3n de futuro.<\/p>\n\n\n\n<figure class=\"wp-block-embed is-type-video is-provider-youtube wp-block-embed-youtube wp-embed-aspect-16-9 wp-has-aspect-ratio\"><div class=\"wp-block-embed__wrapper\">\n<iframe loading=\"lazy\" title=\"I-66 An historic project for Virginia\" width=\"500\" height=\"281\" src=\"https:\/\/www.youtube.com\/embed\/tC35v_QBsyg?feature=oembed\" frameborder=\"0\" allow=\"accelerometer; autoplay; clipboard-write; encrypted-media; gyroscope; picture-in-picture; web-share\" referrerpolicy=\"strict-origin-when-cross-origin\" allowfullscreen><\/iframe>\n<\/div><\/figure>\n\n\n\n<p><\/p>\n\n\n\n<h2 class=\"wp-block-heading\"><strong>Digitalizaci\u00f3n y sostenibilidad<\/strong><\/h2>\n\n\n\n<p>La <strong>digitalizaci\u00f3n y la sostenibilidad son los pilares de nuestra estrategia de innovaci\u00f3n<\/strong>. Estamos pasando de las autopistas tradicionales a los corredores digitales sostenibles que responden a las \u00faltimas necesidades de movilidad, como el respeto al medio ambiente reduciendo las congestiones, una especial atenci\u00f3n a la seguridad de usuarios y empleados gracias a la pura creatividad y la tecnolog\u00eda aplicada, y la creaci\u00f3n de valor para las comunidades a trav\u00e9s de la innovaci\u00f3n, el empleo cualificado y el crecimiento econ\u00f3mico.<\/p>\n\n\n\n<p>Con la llegada de los <strong>veh\u00edculos el\u00e9ctricos, conectados y aut\u00f3nomos, es probable que el mundo de la movilidad cambie sustancialmente<\/strong>, y la infraestructura que sustenta esta nueva movilidad liderada por nuestras soluciones de movilidad, evolucionar\u00e1 para captar y maximizar los beneficios para los usuarios y la sociedad con estas tecnolog\u00edas, especialmente en t\u00e9rminos de <strong>optimizaci\u00f3n de la capacidad de las carreteras y seguridad para todos<\/strong>.<\/p>\n\n\n\n<h2 class=\"wp-block-heading\"><strong>Autopistas inteligentes<\/strong><\/h2>\n\n\n\n<p>Nuestros <strong><a href=\"https:\/\/www.ferrovial.com\/es-es\/recursos\/managed-lanes\/\" target=\"_blank\" rel=\"noreferrer noopener\">carriles de peaje y las autopistas<\/a> que controlan la<\/strong> <strong>congesti\u00f3n mediante diferentes tarifas ser\u00e1n a\u00fan m\u00e1s inteligentes, c\u00f3modos y seguros<\/strong>. A la vez que perfeccionamos progresivamente nuestros algoritmos para gestionar los atascos en nuestras autopistas, disponemos de otras herramientas para mejorar a\u00fan m\u00e1s la experiencia del cliente.<\/p>\n\n\n\n<figure class=\"wp-block-embed is-type-video is-provider-youtube wp-block-embed-youtube wp-embed-aspect-16-9 wp-has-aspect-ratio\"><div class=\"wp-block-embed__wrapper\">\n<iframe loading=\"lazy\" title=\"MANAGED LANES\" width=\"500\" height=\"281\" src=\"https:\/\/www.youtube.com\/embed\/kJ3f-SnSehY?feature=oembed\" frameborder=\"0\" allow=\"accelerometer; autoplay; clipboard-write; encrypted-media; gyroscope; picture-in-picture; web-share\" referrerpolicy=\"strict-origin-when-cross-origin\" allowfullscreen><\/iframe>\n<\/div><\/figure>\n\n\n\n<p>Los nuevos sensores de la carretera, al igual que los que se est\u00e1n desplegando en los <strong>veh\u00edculos aut\u00f3nomos<\/strong> (Lidars, c\u00e1maras de aprendizaje autom\u00e1tico, etc.) permitir\u00e1n identificar todos los eventos, incidentes, obst\u00e1culos, etc. en la carretera, de forma que se puedan comunicar en tiempo real y con total fiabilidad a todos los usuarios gracias a modernos sistemas inform\u00e1ticos y de comunicaci\u00f3n, para que tanto veh\u00edculos como conductores puedan tomar decisiones sobre la conducci\u00f3n al instante.<\/p>\n\n\n\n<p>Estas tecnolog\u00edas permitir\u00e1n que nuestra infraestructura se comunique con los conductores o sus veh\u00edculos de diferentes maneras. <strong>Los CAV recibir\u00e1n autom\u00e1ticamente los datos asociados a esta informaci\u00f3n<\/strong>, mientras que el resto de veh\u00edculos se beneficiar\u00e1n de aplicaciones y paneles digitales adicionales a lo largo del recorrido.<\/p>\n\n\n\n<p>La <strong>gesti\u00f3n din\u00e1mica de la capacidad podr\u00eda utilizarse para perfeccionar los ciclos verdes de los sem\u00e1foros<\/strong> o recomendar carriles y velocidades de circulaci\u00f3n para minimizar los atascos durante situaciones especiales, en base al an\u00e1lisis de aprendizaje autom\u00e1tico de eventos anteriores de forma automatizada e ininterrumpida para los conductores.<\/p>\n\n\n\n<p>Se est\u00e1n explorando nuevas oportunidades de negocio y valor para los operadores a partir de la implementaci\u00f3n de la tecnolog\u00eda de conectividad m\u00e1s vanguardista (5G, C-V2X, etc.) a lo largo de los corredores de infraestructura, con el fin de mejorar y agilizar la entrega de mensajes cr\u00edticos a los veh\u00edculos, as\u00ed como servicios de Internet tanto para los conductores del corredor como, posiblemente, para las \u00e1reas vecinas.<\/p>\n\n\n\n<p>Operamos un conjunto \u00fanico de <strong><a href=\"https:\/\/www.ferrovial.com\/es\/innovacion\/aivia-corredores-conectados-orquestados\/\" target=\"_blank\" rel=\"noreferrer noopener\">corredores tecnol\u00f3gicamente avanzados como AIVIA<\/a><\/strong>, en colaboraci\u00f3n con los principales actores de la industria que nos ayudan a presentar el prototipo de la infraestructura del futuro y a ser los primeros en poner a prueba las m\u00e1s modernas plataformas y servicios.<\/p>\n\n\n\n<figure class=\"wp-block-embed is-type-video is-provider-youtube wp-block-embed-youtube wp-embed-aspect-16-9 wp-has-aspect-ratio\"><div class=\"wp-block-embed__wrapper\">\n<iframe loading=\"lazy\" title=\"AIVIA Orchestrated Connected Corridors\" width=\"500\" height=\"281\" src=\"https:\/\/www.youtube.com\/embed\/zpN-rdmY4aQ?feature=oembed\" frameborder=\"0\" allow=\"accelerometer; autoplay; clipboard-write; encrypted-media; gyroscope; picture-in-picture; web-share\" referrerpolicy=\"strict-origin-when-cross-origin\" allowfullscreen><\/iframe>\n<\/div><\/figure>\n\n\n\n<p><\/p>\n\n\n\n<h2 class=\"wp-block-heading\"><strong>Gesti\u00f3n de la movilidad<\/strong><\/h2>\n\n\n\n<p>Nuestra probada trayectoria como <strong>gestores de movilidad a trav\u00e9s de la digitalizaci\u00f3n, la tarificaci\u00f3n din\u00e1mica, las capacidades operativas y la experiencia en anal\u00edtica<\/strong>, es fundamental a la hora de crear valor en nuestros activos existentes, as\u00ed como para la expansi\u00f3n a otras l\u00edneas, como el pago por uso o los esquemas de gesti\u00f3n de la congesti\u00f3n en entornos urbanos.<\/p>\n\n\n\n<p>Estos \u00faltimos tambi\u00e9n est\u00e1n alineados con los<strong> principios de sostenibilidad y digitalizaci\u00f3n<\/strong> que crean valor a largo plazo para la sociedad que perseguimos.<\/p>\n\n\n\n<p>La mayor penetraci\u00f3n de veh\u00edculos el\u00e9ctricos, combinada con aspectos externos del transporte (deterioro de la infraestructura, accidentes, contaminaci\u00f3n, etc.), hacen que sea necesario encontrar soluciones sostenibles a largo plazo basadas en el principio de que el usuario paga; quien contamina paga, por lo que se crean incentivos adecuados para obtener resultados m\u00e1s eficaces. Ya estamos trabajando con diferentes autoridades, no solo para aplicar esos principios, sino para hacerlo de la manera m\u00e1s eficiente, aprovechando las <strong>\u00faltimas innovaciones y todo el valor que pueden aportar nuestros conocimientos y experiencia<\/strong>.<\/p>\n\n\n\n<p>En los entornos urbanos, las tendencias actuales y previstas apuntan a un aumento del tr\u00e1fico debido a los servicios de paqueter\u00eda, al paso del transporte p\u00fablico al transporte en coche (compartido o no) y, en el futuro, una congesti\u00f3n a\u00fan mayor debido a los viajes en vac\u00edo de los veh\u00edculos aut\u00f3nomos, entre otros. Creemos en ciudades m\u00e1s habitables, para lo cual deben existir diferentes conjuntos de herramientas que aprovechen las \u00faltimas tecnolog\u00edas y se apliquen de forma diferente en funci\u00f3n de la idiosincrasia de cada ciudad.<\/p>\n\n\n\n<p>La digitalizaci\u00f3n y las <strong>zonas digitales de bajas emisiones <\/strong>constituyen un paso primordial para rastrear, diagnosticar y aplicar determinadas medidas; la gesti\u00f3n digital de las aceras que permite reservar y aparcar durante un corto periodo de tiempo en los n\u00facleos urbanos congestionados tambi\u00e9n podr\u00eda ser una herramienta muy eficaz; si se requiere un cambio modal hacia el transporte p\u00fablico, tambi\u00e9n podr\u00eda aplicarse un desincentivo directo de manera estrat\u00e9gica, en forma de cobro por congesti\u00f3n gracias al GPS, los tel\u00e9fonos inteligentes y otras tecnolog\u00edas de sensores; y, en \u00faltima instancia, la inversi\u00f3n en el costos\u00edsimo sistema de transporte p\u00fablico a trav\u00e9s de modelos de concesi\u00f3n podr\u00eda ser clave en algunas ciudades en las que el transporte p\u00fablico no es capaz de hacer frente a la demanda.<\/p>\n\n\n\n<p>Todas <strong>las iniciativas forman parte de nuestra cartera de soluciones<\/strong>, que se ajustan a nuestra visi\u00f3n a largo plazo de la movilidad del futuro tanto en el \u00e1mbito urbano como el interurbano.<\/p>\n\n\n\n<p>La ciencia del comportamiento, la experiencia del usuario y las herramientas de an\u00e1lisis del cliente son tambi\u00e9n componentes clave de nuestras iniciativas de innovaci\u00f3n. Identificar y crear soluciones beneficiosas para nuestros clientes e incentivarles para que tomen decisiones m\u00e1s seguras e inteligentes seguir\u00e1 siendo la forma de maximizar el valor y la buena voluntad.<\/p>\n\n\n\n<h2 class=\"wp-block-heading\"><strong>Avances innovadores a nivel de proyecto<\/strong><\/h2>\n\n\n\n<p>Los equipos de nuestras concesiones han demostrado una y otra vez su compromiso con <strong>la innovaci\u00f3n y la sostenibilidad<\/strong>, y toman constantemente medidas para optimizar sus operaciones de forma creativa. Algunos ejemplos son la instalaci\u00f3n de paneles solares en la parte superior de los t\u00faneles del proyecto para minimizar el consumo de energ\u00eda en el momento de mayor demanda (durante el d\u00eda), o el uso de especies locales de plantas para minimizar los esfuerzos de jardiner\u00eda y contribuir a la preservaci\u00f3n de los ecosistemas locales.<\/p>\n\n\n\n<p>Varias concesiones ya participan como plataforma de <strong>experimentaci\u00f3n en programas de veh\u00edculos conectados para mejorar la seguridad<\/strong>, siendo adem\u00e1s la <a href=\"https:\/\/www.ferrovial.com\/es-es\/negocio\/proyectos\/407-etr\/\" target=\"_blank\" rel=\"noreferrer noopener\">407ETR<\/a> la primera de Canad\u00e1 en instalar una se\u00f1alizaci\u00f3n de carriles de alto contraste especialmente dise\u00f1ada para ayudar a los veh\u00edculos aut\u00f3nomos como parte de su programa Living Labs.<\/p>\n\n\n\n<p>El compromiso del equipo y el m\u00e1s puro ingenio son, como siempre, los cimientos sobre los que, junto con nuestras filiales,<strong> construimos mejores soluciones para todos y seguiremos haci\u00e9ndolo en el futuro<\/strong>.<\/p>\n<\/div><\/m-wysiwig>\n","protected":false},"excerpt":{"rendered":"","protected":false},"featured_media":0,"parent":112990,"menu_order":0,"comment_status":"closed","ping_status":"closed","template":"","meta":{"_acf_changed":false,"footnotes":""},"class_list":["post-113214","page","type-page","status-publish","hentry"],"acf":[],"yoast_head":"<!-- This site is optimized with the Yoast SEO plugin v27.2 - https:\/\/yoast.com\/product\/yoast-seo-wordpress\/ -->\n<title>Autopistas inteligentes e innovadoras - Ferrovial<\/title>\n<meta name=\"description\" content=\"La innovaci\u00f3n en autopistas est\u00e1 relacionada con la reducci\u00f3n de emisiones contaminantes y una infraestructura m\u00e1s segura y duradera. Descubre c\u00f3mo ...\" \/>\n<meta name=\"robots\" content=\"index, follow, max-snippet:-1, max-image-preview:large, max-video-preview:-1\" \/>\n<link rel=\"canonical\" href=\"https:\/\/www.ferrovial.com\/es-es\/innovacion\/autopistas\/\" \/>\n<meta property=\"og:locale\" content=\"es_ES\" \/>\n<meta property=\"og:type\" content=\"article\" \/>\n<meta property=\"og:title\" content=\"Autopistas inteligentes e innovadoras - Ferrovial\" \/>\n<meta property=\"og:description\" content=\"La innovaci\u00f3n en autopistas est\u00e1 relacionada con la reducci\u00f3n de emisiones contaminantes y una infraestructura m\u00e1s segura y duradera. Descubre c\u00f3mo ...\" \/>\n<meta property=\"og:url\" content=\"https:\/\/www.ferrovial.com\/es-es\/innovacion\/autopistas\/\" \/>\n<meta property=\"og:site_name\" content=\"Ferrovial\" \/>\n<meta property=\"article:publisher\" content=\"https:\/\/www.facebook.com\/ferrovial\" \/>\n<meta property=\"article:modified_time\" content=\"2021-11-02T08:44:30+00:00\" \/>\n<meta name=\"twitter:card\" content=\"summary_large_image\" \/>\n<meta name=\"twitter:site\" content=\"@ferrovial\" \/>\n<meta name=\"twitter:label1\" content=\"Tiempo de lectura\" \/>\n\t<meta name=\"twitter:data1\" content=\"6 minutos\" \/>\n<!-- \/ Yoast SEO plugin. -->","yoast_head_json":{"title":"Autopistas inteligentes e innovadoras - Ferrovial","description":"La innovaci\u00f3n en autopistas est\u00e1 relacionada con la reducci\u00f3n de emisiones contaminantes y una infraestructura m\u00e1s segura y duradera. Descubre c\u00f3mo ...","robots":{"index":"index","follow":"follow","max-snippet":"max-snippet:-1","max-image-preview":"max-image-preview:large","max-video-preview":"max-video-preview:-1"},"canonical":"https:\/\/www.ferrovial.com\/es-es\/innovacion\/autopistas\/","og_locale":"es_ES","og_type":"article","og_title":"Autopistas inteligentes e innovadoras - Ferrovial","og_description":"La innovaci\u00f3n en autopistas est\u00e1 relacionada con la reducci\u00f3n de emisiones contaminantes y una infraestructura m\u00e1s segura y duradera. Descubre c\u00f3mo ...","og_url":"https:\/\/www.ferrovial.com\/es-es\/innovacion\/autopistas\/","og_site_name":"Ferrovial","article_publisher":"https:\/\/www.facebook.com\/ferrovial","article_modified_time":"2021-11-02T08:44:30+00:00","twitter_card":"summary_large_image","twitter_site":"@ferrovial","twitter_misc":{"Tiempo de lectura":"6 minutos"},"schema":{"@context":"https:\/\/schema.org","@graph":[{"@type":"WebPage","@id":"https:\/\/www.ferrovial.com\/es-es\/innovacion\/autopistas\/","url":"https:\/\/www.ferrovial.com\/es-es\/innovacion\/autopistas\/","name":"Autopistas inteligentes e innovadoras - Ferrovial","isPartOf":{"@id":"https:\/\/www.ferrovial.com\/es-es\/#website"},"datePublished":"2019-09-05T13:14:20+00:00","dateModified":"2021-11-02T08:44:30+00:00","description":"La innovaci\u00f3n en autopistas est\u00e1 relacionada con la reducci\u00f3n de emisiones contaminantes y una infraestructura m\u00e1s segura y duradera. Descubre c\u00f3mo ...","breadcrumb":{"@id":"https:\/\/www.ferrovial.com\/es-es\/innovacion\/autopistas\/#breadcrumb"},"inLanguage":"es","potentialAction":[{"@type":"ReadAction","target":["https:\/\/www.ferrovial.com\/es-es\/innovacion\/autopistas\/"]}]},{"@type":"BreadcrumbList","@id":"https:\/\/www.ferrovial.com\/es-es\/innovacion\/autopistas\/#breadcrumb","itemListElement":[{"@type":"ListItem","position":1,"name":"Portada","item":"https:\/\/www.ferrovial.com\/es-es\/"},{"@type":"ListItem","position":2,"name":"Innovaci\u00f3n","item":"https:\/\/www.ferrovial.com\/es-es\/innovacion\/"},{"@type":"ListItem","position":3,"name":"Innovaci\u00f3n en Autopistas"}]},{"@type":"WebSite","@id":"https:\/\/www.ferrovial.com\/es-es\/#website","url":"https:\/\/www.ferrovial.com\/es-es\/","name":"Ferrovial","description":"Welcome to the Ferrovial&#039;s website, global operator of sustainable infrastructure. Here you can find all the information about the company and subsidiaries.","publisher":{"@id":"https:\/\/www.ferrovial.com\/es-es\/#organization"},"potentialAction":[{"@type":"SearchAction","target":{"@type":"EntryPoint","urlTemplate":"https:\/\/www.ferrovial.com\/es-es\/?s={search_term_string}"},"query-input":{"@type":"PropertyValueSpecification","valueRequired":true,"valueName":"search_term_string"}}],"inLanguage":"es"},{"@type":"Organization","@id":"https:\/\/www.ferrovial.com\/es-es\/#organization","name":"Ferrovial S.A.","url":"https:\/\/www.ferrovial.com\/es-es\/","logo":{"@type":"ImageObject","inLanguage":"es","@id":"https:\/\/www.ferrovial.com\/es-es\/#\/schema\/logo\/image\/","url":"https:\/\/static.ferrovial.com\/wp-content\/uploads\/2020\/01\/13124948\/logo-ferrovial-cf7.png","contentUrl":"https:\/\/static.ferrovial.com\/wp-content\/uploads\/2020\/01\/13124948\/logo-ferrovial-cf7.png","width":144,"height":32,"caption":"Ferrovial S.A."},"image":{"@id":"https:\/\/www.ferrovial.com\/es-es\/#\/schema\/logo\/image\/"},"sameAs":["https:\/\/www.facebook.com\/ferrovial","https:\/\/x.com\/ferrovial","https:\/\/www.instagram.com\/ferrovial\/","https:\/\/www.linkedin.com\/company\/ferrovial","https:\/\/www.pinterest.es\/ferrovial\/","https:\/\/www.youtube.com\/ferrovial","https:\/\/en.wikipedia.org\/wiki\/Ferrovial"]}]}},"_links":{"self":[{"href":"https:\/\/www.ferrovial.com\/es-es\/wp-json\/wp\/v2\/pages\/113214","targetHints":{"allow":["GET"]}}],"collection":[{"href":"https:\/\/www.ferrovial.com\/es-es\/wp-json\/wp\/v2\/pages"}],"about":[{"href":"https:\/\/www.ferrovial.com\/es-es\/wp-json\/wp\/v2\/types\/page"}],"replies":[{"embeddable":true,"href":"https:\/\/www.ferrovial.com\/es-es\/wp-json\/wp\/v2\/comments?post=113214"}],"version-history":[{"count":4,"href":"https:\/\/www.ferrovial.com\/es-es\/wp-json\/wp\/v2\/pages\/113214\/revisions"}],"predecessor-version":[{"id":205440,"href":"https:\/\/www.ferrovial.com\/es-es\/wp-json\/wp\/v2\/pages\/113214\/revisions\/205440"}],"up":[{"embeddable":true,"href":"https:\/\/www.ferrovial.com\/es-es\/wp-json\/wp\/v2\/pages\/112990"}],"wp:attachment":[{"href":"https:\/\/www.ferrovial.com\/es-es\/wp-json\/wp\/v2\/media?parent=113214"}],"curies":[{"name":"wp","href":"https:\/\/api.w.org\/{rel}","templated":true}]}}