{"id":113232,"date":"2019-09-05T15:35:41","date_gmt":"2019-09-05T13:35:41","guid":{"rendered":"https:\/\/www.ferrovial.com\/innovacion\/como-innovamos\/abierta\/agencias\/eit\/"},"modified":"2024-10-21T12:29:17","modified_gmt":"2024-10-21T10:29:17","slug":"eit","status":"publish","type":"page","link":"https:\/\/www.ferrovial.com\/es-es\/innovacion\/como-innovamos\/abierta\/agencias\/eit\/","title":{"rendered":"Instituto Europeo de innovaci\u00f3n y tecnolog\u00eda (EIT)"},"content":{"rendered":"    <m-final-content-header bgimage='https:\/\/static.ferrovial.com\/wp-content\/uploads\/2019\/10\/13140625\/eit-digital-ferrovial-1280x705.jpg'>\n            <c-breadcrumb label-text=\"Breadcrumb\" slot=\"breadcrumbs\" type='2' align='left' wrap='wrapped wrapped' aria-label='Vienes de Agencias p\u00fablicas'>\n                        <ol>\n\n                                                            <li><a href=\"https:\/\/www.ferrovial.com\/es-es\/\" title=\"Ferrovial\">Ferrovial<\/a><\/li>\n                                                                        <li><a href=\"https:\/\/www.ferrovial.com\/es-es\/innovacion\/\" title=\"Innovaci\u00f3n\">Innovaci\u00f3n<\/a><\/li>\n                                                                        <li><a href=\"https:\/\/www.ferrovial.com\/es-es\/innovacion\/como-innovamos\/\" title=\"C\u00f3mo innovamos\">C\u00f3mo innovamos<\/a><\/li>\n                                                                        <li><a href=\"https:\/\/www.ferrovial.com\/es-es\/innovacion\/como-innovamos\/abierta\/\" title=\"Innovaci\u00f3n abierta\">Innovaci\u00f3n abierta<\/a><\/li>\n                                                                        <li><a href=\"https:\/\/www.ferrovial.com\/es-es\/innovacion\/como-innovamos\/abierta\/agencias\/\" title=\"Agencias p\u00fablicas\">Agencias p\u00fablicas<\/a><\/li>\n                                    \n                <\/ol>\n\n                <\/c-breadcrumb>\n    \n        <div slot=\"header\">\n            <h1>\n                Instituto Europeo de innovaci\u00f3n y tecnolog\u00eda (EIT)            <\/h1>\n                    <\/div>\n    <\/m-final-content-header>\n\n    \n\n\n<m-wysiwig class=\"wp-block-components-wysiwyg\"><div slot=\"maincontent\">    <p class=\"intro\"> En el a\u00f1o 2007, la Comisi\u00f3n Europea crea el Instituto Europeo de Innovaci\u00f3n y Tecnolog\u00eda (EIT)  como instrumento para impulsar la competitividad y el liderazgo del ecosistema empresarial europeo en a trav\u00e9s de la innovaci\u00f3n.  <\/p>\n    \n\n\n<p>El <a href=\"https:\/\/eit.europa.eu\/\" target=\"_blank\" rel=\"noreferrer noopener\" aria-label=\" (opens in a new tab)\">EIT <\/a>es la primera iniciativa europea que integra la <strong>educaci\u00f3n<\/strong>, el <strong>emprendimiento <\/strong>y la <strong>innovaci\u00f3n <\/strong>para impulsar la capacidad de transformar las ideas y el conocimiento en oportunidades de negocio en forma de nuevos productos y servicios al mercado.<\/p>\n\n\n\n<p>Para conseguir estos objetivos, el EIT se estructura en <strong>KICs<\/strong> (<em>Knowledge Innovation Communities<\/em>), comunidades de conocimiento e innovaci\u00f3n. <\/p>\n\n\n\n<h2 class=\"wp-block-heading\">Nuestra colaboraci\u00f3n en el EIT<\/h2>\n\n\n\n<p>Somos uno de los socios principales del Instituto Europeo de Innovaci\u00f3n y Tecnolog\u00eda de Europa a trav\u00e9s de las \u00e1reas de<strong> conocimiento e innovaci\u00f3n digital<\/strong> (EIT Digital) y de <strong><a href=\"https:\/\/www.ferrovial.com\/es-es\/sostenibilidad\/medio-ambiente\/cambio-climatico\/\">cambio clim\u00e1tico<\/a> <\/strong>(Climate-KIC), en los que participamos de manera activa en la definici\u00f3n y ejecuci\u00f3n de la estrategia.<\/p>\n\n\n\n<h3 class=\"wp-block-heading\"> Las principales actividades <\/h3>\n\n\n\n<ul class=\"wp-block-list\">\n<li>Hemos trabajado en <strong>m\u00e1s de 20 proyectos de innovaci\u00f3n<\/strong>, en torno las siguientes l\u00edneas de acci\u00f3n: movilidad, tecnolog\u00edas emergentes, industria, finanzas clim\u00e1ticas y econom\u00eda circular.<\/li>\n\n\n\n<li>En el <strong>\u00e1rea de emprendimiento<\/strong>, en t\u00e9rminos de colaboraci\u00f3n con <em>startups<\/em>, hemos establecido una <strong>colaboraci\u00f3n con 14 startups<\/strong> aceleradas por EIT Digital y Climate-KIC. tambi\u00e9n, hemos desarrollado programas como \u201cLas <em>startups <\/em>se encuentran con grandes corporaciones. C\u00f3mo trabajar juntos \u00ab; \u201cNegociaci\u00f3n con grandes corporaciones\u201d y el programa de l\u00edderes comunitarios de \u00abStart-up Ejecutivos en 2019\u00bb (ESCL);  y programas abiertos como \u201c\u00a1Construir! Heathrow Sustainability Challenge \u201d en 2018, una competici\u00f3n global en la que dichas <em>startups <\/em>presentaron sus ideas a un desaf\u00edo propuesto por nosotros.<\/li>\n\n\n\n<li>Dentro del pilar acad\u00e9mico, <strong>acogimos a 8 profesionales<\/strong> que trabajaron en proyectos de innovaci\u00f3n; organizamos <strong>2 Climathons<\/strong> (<em>hackathons <\/em>enfocados al cambio clim\u00e1tico) a trav\u00e9s del Centro de Innovaci\u00f3n de Infraestructuras Inteligentes (CI3), y fuimos socio en un <strong>proyecto educativo <\/strong>de ciberseguridad.<\/li>\n<\/ul>\n\n\n\n<h2 class=\"wp-block-heading\"><strong>Digital KIC, Comunidad de Conocimiento Digital<\/strong><\/h2>\n\n\n\n<p>Somos miembros del <a title=\"Ferrovial 'core partner' del EIT Digital, European Institute of Innovation and Technology Sala de prensa\" rel=\"dofollow noopener noreferrer\" href=\"https:\/\/newsroom.ferrovial.com\/es\/noticias\/ferrovial-entra-a-formar-parte-del-eit-digital-como-core-partner\/\" target=\"_blank\"><strong>Digital KIC<\/strong><\/a>, organizaci\u00f3n de innovaci\u00f3n abierta l\u00edder en Europa. Su misi\u00f3n es <strong>fomentar la innovaci\u00f3n de la tecnolog\u00eda digital<\/strong> y el <strong>talento empresarial<\/strong> para el crecimiento econ\u00f3mico y la calidad de vida de Europa. EIT Digital invierte en \u00e1reas estrat\u00e9gicas para <strong>acelerar la absorci\u00f3n del mercado de tecnolog\u00edas digitales<\/strong> basadas en la investigaci\u00f3n y para <strong>atraer el talento empresarial y liderazgo a Europa<\/strong>. Actualmente se compone de <strong>m\u00e1s de 150 socios<\/strong> entre los que se encuentran grandes corporaciones, pymes, <em>startups<\/em>, universidades y centros de investigaci\u00f3n.<\/p>\n\n\n\n<p>La organizaci\u00f3n es por centros de colocaci\u00f3n, donde los estudiantes, investigadores, ingenieros, personas de desarrollo de negocio y emprendedores trabajan juntos en soluciones digitales para <strong>resolver los retos de la industria<\/strong>. La sede central est\u00e1 en Bruselas, y el resto de <em>colocation centers <\/em>est\u00e1n en: Berlin, Eindhoven, Helsinki, Londres, Paris, Estocolmo, Trento, Budapest y Madrid. <\/p>\n\n\n\n<h2 class=\"wp-block-heading\"><strong>Climate KIC, Comunidad de Conocimiento sobre Cambio Clim\u00e1tico<\/strong><\/h2>\n\n\n\n<p>El objetivo de <a title=\"Ferrovial socio del Climate KIC para continuar trabajando en la mejora del medio ambiente Sala de prensa\" rel=\"dofollow noopener noreferrer\" href=\"https:\/\/newsroom.ferrovial.com\/es\/noticias\/climate-kic-mejora-del-medio-ambiente\/\" target=\"_blank\">Climate KIC<\/a> es reunir y empoderar a una comunidad que, mediante la innovaci\u00f3n, el emprendimiento y la formaci\u00f3n ayuden a construir una <strong>econom\u00eda sin carbono<\/strong> para hacer frente al cambio clim\u00e1tico. Se ha establecido el trabajo en torno a cuatro \u00e1reas tem\u00e1ticas: fomento de la sostenibilidad en los \u00e1mbitos urbanos, la producci\u00f3n, la gesti\u00f3n del territorio y los par\u00e1metros financieros y de toma de decisiones. Con nuestra participaci\u00f3n buscamos mejorar el futuro mediante el desarrollo y la operaci\u00f3n de <strong>infraestructuras y ciudades sostenibles<\/strong>.  <\/p>\n<\/div><\/m-wysiwig>\n","protected":false},"excerpt":{"rendered":"","protected":false},"featured_media":0,"parent":113223,"menu_order":0,"comment_status":"closed","ping_status":"closed","template":"","meta":{"_acf_changed":false,"footnotes":""},"class_list":["post-113232","page","type-page","status-publish","hentry"],"acf":[],"yoast_head":"<!-- This site is optimized with the Yoast SEO plugin v27.2 - https:\/\/yoast.com\/product\/yoast-seo-wordpress\/ -->\n<title>Instituto Europeo de innovaci\u00f3n y tecnolog\u00eda (EIT) - Ferrovial<\/title>\n<meta name=\"description\" content=\"El EIT es la primera iniciativa europea que integra la educaci\u00f3n, el emprendimiento y la innovaci\u00f3n para impulsar la capacidad de transformar las ideas y el ...\" \/>\n<meta name=\"robots\" content=\"index, follow, max-snippet:-1, max-image-preview:large, max-video-preview:-1\" \/>\n<link rel=\"canonical\" href=\"https:\/\/www.ferrovial.com\/es-es\/innovacion\/como-innovamos\/abierta\/agencias\/eit\/\" \/>\n<meta property=\"og:locale\" content=\"es_ES\" \/>\n<meta property=\"og:type\" content=\"article\" \/>\n<meta property=\"og:title\" content=\"Instituto Europeo de innovaci\u00f3n y tecnolog\u00eda (EIT) - Ferrovial\" \/>\n<meta property=\"og:description\" content=\"El EIT es la primera iniciativa europea que integra la educaci\u00f3n, el emprendimiento y la innovaci\u00f3n para impulsar la capacidad de transformar las ideas y el ...\" \/>\n<meta property=\"og:url\" content=\"https:\/\/www.ferrovial.com\/es-es\/innovacion\/como-innovamos\/abierta\/agencias\/eit\/\" \/>\n<meta property=\"og:site_name\" content=\"Ferrovial\" \/>\n<meta property=\"article:publisher\" content=\"https:\/\/www.facebook.com\/ferrovial\" \/>\n<meta property=\"article:modified_time\" content=\"2024-10-21T10:29:17+00:00\" \/>\n<meta name=\"twitter:card\" content=\"summary_large_image\" \/>\n<meta name=\"twitter:site\" content=\"@ferrovial\" \/>\n<meta name=\"twitter:label1\" content=\"Tiempo de lectura\" \/>\n\t<meta name=\"twitter:data1\" content=\"3 minutos\" \/>\n<!-- \/ Yoast SEO plugin. -->","yoast_head_json":{"title":"Instituto Europeo de innovaci\u00f3n y tecnolog\u00eda (EIT) - Ferrovial","description":"El EIT es la primera iniciativa europea que integra la educaci\u00f3n, el emprendimiento y la innovaci\u00f3n para impulsar la capacidad de transformar las ideas y el ...","robots":{"index":"index","follow":"follow","max-snippet":"max-snippet:-1","max-image-preview":"max-image-preview:large","max-video-preview":"max-video-preview:-1"},"canonical":"https:\/\/www.ferrovial.com\/es-es\/innovacion\/como-innovamos\/abierta\/agencias\/eit\/","og_locale":"es_ES","og_type":"article","og_title":"Instituto Europeo de innovaci\u00f3n y tecnolog\u00eda (EIT) - Ferrovial","og_description":"El EIT es la primera iniciativa europea que integra la educaci\u00f3n, el emprendimiento y la innovaci\u00f3n para impulsar la capacidad de transformar las ideas y el ...","og_url":"https:\/\/www.ferrovial.com\/es-es\/innovacion\/como-innovamos\/abierta\/agencias\/eit\/","og_site_name":"Ferrovial","article_publisher":"https:\/\/www.facebook.com\/ferrovial","article_modified_time":"2024-10-21T10:29:17+00:00","twitter_card":"summary_large_image","twitter_site":"@ferrovial","twitter_misc":{"Tiempo de lectura":"3 minutos"},"schema":{"@context":"https:\/\/schema.org","@graph":[{"@type":"WebPage","@id":"https:\/\/www.ferrovial.com\/es-es\/innovacion\/como-innovamos\/abierta\/agencias\/eit\/","url":"https:\/\/www.ferrovial.com\/es-es\/innovacion\/como-innovamos\/abierta\/agencias\/eit\/","name":"Instituto Europeo de innovaci\u00f3n y tecnolog\u00eda (EIT) - Ferrovial","isPartOf":{"@id":"https:\/\/www.ferrovial.com\/es-es\/#website"},"datePublished":"2019-09-05T13:35:41+00:00","dateModified":"2024-10-21T10:29:17+00:00","description":"El EIT es la primera iniciativa europea que integra la educaci\u00f3n, el emprendimiento y la innovaci\u00f3n para impulsar la capacidad de transformar las ideas y el ...","breadcrumb":{"@id":"https:\/\/www.ferrovial.com\/es-es\/innovacion\/como-innovamos\/abierta\/agencias\/eit\/#breadcrumb"},"inLanguage":"es","potentialAction":[{"@type":"ReadAction","target":["https:\/\/www.ferrovial.com\/es-es\/innovacion\/como-innovamos\/abierta\/agencias\/eit\/"]}]},{"@type":"BreadcrumbList","@id":"https:\/\/www.ferrovial.com\/es-es\/innovacion\/como-innovamos\/abierta\/agencias\/eit\/#breadcrumb","itemListElement":[{"@type":"ListItem","position":1,"name":"Portada","item":"https:\/\/www.ferrovial.com\/es-es\/"},{"@type":"ListItem","position":2,"name":"Innovaci\u00f3n","item":"https:\/\/www.ferrovial.com\/es-es\/innovacion\/"},{"@type":"ListItem","position":3,"name":"C\u00f3mo innovamos","item":"https:\/\/www.ferrovial.com\/es-es\/innovacion\/como-innovamos\/"},{"@type":"ListItem","position":4,"name":"Innovaci\u00f3n abierta","item":"https:\/\/www.ferrovial.com\/es-es\/innovacion\/como-innovamos\/abierta\/"},{"@type":"ListItem","position":5,"name":"Agencias p\u00fablicas","item":"https:\/\/www.ferrovial.com\/es-es\/innovacion\/como-innovamos\/abierta\/agencias\/"},{"@type":"ListItem","position":6,"name":"Instituto Europeo de innovaci\u00f3n y tecnolog\u00eda (EIT)"}]},{"@type":"WebSite","@id":"https:\/\/www.ferrovial.com\/es-es\/#website","url":"https:\/\/www.ferrovial.com\/es-es\/","name":"Ferrovial","description":"Welcome to the Ferrovial&#039;s website, global operator of sustainable infrastructure. Here you can find all the information about the company and subsidiaries.","publisher":{"@id":"https:\/\/www.ferrovial.com\/es-es\/#organization"},"potentialAction":[{"@type":"SearchAction","target":{"@type":"EntryPoint","urlTemplate":"https:\/\/www.ferrovial.com\/es-es\/?s={search_term_string}"},"query-input":{"@type":"PropertyValueSpecification","valueRequired":true,"valueName":"search_term_string"}}],"inLanguage":"es"},{"@type":"Organization","@id":"https:\/\/www.ferrovial.com\/es-es\/#organization","name":"Ferrovial S.A.","url":"https:\/\/www.ferrovial.com\/es-es\/","logo":{"@type":"ImageObject","inLanguage":"es","@id":"https:\/\/www.ferrovial.com\/es-es\/#\/schema\/logo\/image\/","url":"https:\/\/static.ferrovial.com\/wp-content\/uploads\/2020\/01\/13124948\/logo-ferrovial-cf7.png","contentUrl":"https:\/\/static.ferrovial.com\/wp-content\/uploads\/2020\/01\/13124948\/logo-ferrovial-cf7.png","width":144,"height":32,"caption":"Ferrovial S.A."},"image":{"@id":"https:\/\/www.ferrovial.com\/es-es\/#\/schema\/logo\/image\/"},"sameAs":["https:\/\/www.facebook.com\/ferrovial","https:\/\/x.com\/ferrovial","https:\/\/www.instagram.com\/ferrovial\/","https:\/\/www.linkedin.com\/company\/ferrovial","https:\/\/www.pinterest.es\/ferrovial\/","https:\/\/www.youtube.com\/ferrovial","https:\/\/en.wikipedia.org\/wiki\/Ferrovial"]}]}},"_links":{"self":[{"href":"https:\/\/www.ferrovial.com\/es-es\/wp-json\/wp\/v2\/pages\/113232","targetHints":{"allow":["GET"]}}],"collection":[{"href":"https:\/\/www.ferrovial.com\/es-es\/wp-json\/wp\/v2\/pages"}],"about":[{"href":"https:\/\/www.ferrovial.com\/es-es\/wp-json\/wp\/v2\/types\/page"}],"replies":[{"embeddable":true,"href":"https:\/\/www.ferrovial.com\/es-es\/wp-json\/wp\/v2\/comments?post=113232"}],"version-history":[{"count":3,"href":"https:\/\/www.ferrovial.com\/es-es\/wp-json\/wp\/v2\/pages\/113232\/revisions"}],"predecessor-version":[{"id":290365,"href":"https:\/\/www.ferrovial.com\/es-es\/wp-json\/wp\/v2\/pages\/113232\/revisions\/290365"}],"up":[{"embeddable":true,"href":"https:\/\/www.ferrovial.com\/es-es\/wp-json\/wp\/v2\/pages\/113223"}],"wp:attachment":[{"href":"https:\/\/www.ferrovial.com\/es-es\/wp-json\/wp\/v2\/media?parent=113232"}],"curies":[{"name":"wp","href":"https:\/\/api.w.org\/{rel}","templated":true}]}}