{"id":113248,"date":"2019-09-05T15:50:11","date_gmt":"2019-09-05T13:50:11","guid":{"rendered":"https:\/\/www.ferrovial.com\/innovacion\/tecnologias\/impresion3d\/"},"modified":"2020-04-21T22:47:02","modified_gmt":"2020-04-21T20:47:02","slug":"impresion3d","status":"publish","type":"page","link":"https:\/\/www.ferrovial.com\/es-es\/innovacion\/tecnologias\/impresion3d\/","title":{"rendered":"Impresi\u00f3n 3D"},"content":{"rendered":"    <m-final-content-header bgimage='https:\/\/static.ferrovial.com\/wp-content\/uploads\/2019\/11\/13140646\/impresion-3d-digital-hub.png'>\n            <c-breadcrumb label-text=\"Breadcrumb\" slot=\"breadcrumbs\" type='2' align='left' wrap='wrapped wrapped' aria-label='Vienes de Tecnolog\u00edas'>\n                        <ol>\n\n                                                            <li><a href=\"https:\/\/www.ferrovial.com\/es-es\/\" title=\"Ferrovial\">Ferrovial<\/a><\/li>\n                                                                        <li><a href=\"https:\/\/www.ferrovial.com\/es\/innovacion\/\" title=\"Innovaci\u00f3n\">Innovaci\u00f3n<\/a><\/li>\n                                                                        <li><a href=\"https:\/\/www.ferrovial.com\/es\/innovacion\/tecnologias\/\" title=\"Tecnolog\u00edas\">Tecnolog\u00edas<\/a><\/li>\n                                    \n                <\/ol>\n\n                <\/c-breadcrumb>\n    \n        <div slot=\"header\">\n            <h1>\n                Impresi\u00f3n 3D            <\/h1>\n                    <\/div>\n    <\/m-final-content-header>\n\n    \n\n\n<m-wysiwig class=\"wp-block-components-wysiwyg\"><div slot=\"maincontent\">    <p class=\"intro\">La impresi\u00f3n 3D es una t\u00e9cnica de fabricaci\u00f3n aditiva por capas que permite crear objetos tridimensionales desde un modelo digital.<\/p>\n    \n\n\n<h2 class=\"wp-block-heading\">\u00bfQu\u00e9 es?<\/h2>\n\n\n\n<p>La&nbsp;<strong>impresi\u00f3n 3D<\/strong>&nbsp;consiste en fabricar objetos tridimensionales a partir de un modelo digital. Se logra con una serie de t\u00e9cnicas que permiten ir creando dicho modelo a partir de la superposici\u00f3n de capas de material que se van acumulando hasta conseguir el tama\u00f1o, caracter\u00edsticas y forma del objeto dise\u00f1ado. <\/p>\n\n\n\n<p>La primera impresora 3D del mercado (1995) hac\u00eda uso de t\u00e9cnicas de inyecci\u00f3n localizada de pol\u00edmero para crear capas. A medida que la I3D ha ido evolucionando, han ido apareciendo otras t\u00e9cnicas que permiten llevar a cabo distintos tipos de impresiones y acabados, desde piezas de pl\u00e1stico (PLA, ABS, Nylon), cer\u00e1mica, metal u hormig\u00f3n, entre otros. <\/p>\n\n\n\n<p>Frente a m\u00e9todos tradicionales, estas t\u00e9cnicas&nbsp;tienen la ventaja de que para determinados casos de uso, permiten el dise\u00f1o y fabricaci\u00f3n de piezas complejas de una manera sencilla, r\u00e1pida y a un bajo coste.<\/p>\n\n\n\n<p>Adicionalmente, la impresi\u00f3n 3D resulta interesante\nporque no genera residuos, permite la creaci\u00f3n de piezas \u00fanicas y puede\nconvertirse en&nbsp;<strong>un eslab\u00f3n clave en la econom\u00eda circular<\/strong> ya que permite que un objeto usado se funda y pase\na formar parte de los materiales de partida de uno nuevo, con el impacto\npositivo que eso tiene de cara a las emisiones de CO<sub>2<\/sub>.<\/p>\n\n\n\n<h2 class=\"wp-block-heading\">La impresi\u00f3n 3D en Ferrovial<\/h2>\n\n\n\n<p>Ferrovial cuenta en su Digital Hub con <strong>especialistas<\/strong> en esta tecnolog\u00eda, as\u00ed como un <strong>laboratorio de impresi\u00f3n 3D<\/strong> dotado de software espec\u00edfico de dise\u00f1o y modelado, esc\u00e1ner 3D, varias impresoras de diferente tipolog\u00eda y equipos de post procesado adecuados para poder fabricar objetos de distintos tama\u00f1os y propiedades.&nbsp; <\/p>\n\n\n\n<p>Estas capacidades se extienden a trav\u00e9s de colaboraciones con una <strong>red de partners y proveedores<\/strong> que cuentan con equipos que complementan a los ya existentes, permitiendo impresiones con otro tipo de materiales (metales, hormig\u00f3n) y tama\u00f1os.<\/p>\n\n\n\n<p>Adicionalmente, se ha puesto en marcha dentro de Ferrovial el primer Portal dedicado a la Impresi\u00f3n 3D. Este portal permite por un lado dar a conocer las iniciativas que se llevan a cabo con esta tecnolog\u00eda y por otro, identificar nuevas oportunidades dentro de las actividades que se llevan a cabo en el negocio. <\/p>\n\n\n\n<p>Entre los <strong>proyectos m\u00e1s destacados<\/strong> se encuentran\nel uso de impresi\u00f3n 3D para reparaci\u00f3n de v\u00edas de ferrocarril, el dise\u00f1o y\nfabricaci\u00f3n de un veh\u00edculo portaherramientas, la elaboraci\u00f3n de diferentes\nmaquetas para construcci\u00f3n, la fabricaci\u00f3n de piezas en actividades de\nmantenimiento de edificios o la impresi\u00f3n de piezas reales sobre\ninfraestructura civil.<\/p>\n<\/div><\/m-wysiwig>\n","protected":false},"excerpt":{"rendered":"","protected":false},"featured_media":0,"parent":113212,"menu_order":0,"comment_status":"closed","ping_status":"closed","template":"","meta":{"_acf_changed":false,"footnotes":""},"class_list":["post-113248","page","type-page","status-publish","hentry"],"acf":[],"yoast_head":"<!-- This site is optimized with the Yoast SEO plugin v27.2 - https:\/\/yoast.com\/product\/yoast-seo-wordpress\/ -->\n<title>Impresi\u00f3n 3D: qu\u00e9 es y c\u00f3mo funciona - Ferrovial<\/title>\n<meta name=\"description\" content=\"La impresi\u00f3n 3D consiste en la fabricaci\u00f3n de objetos tridimensionales a partir de un modelo digital y de una serie de t\u00e9cnicas que permiten ir creando dicho ...\" \/>\n<meta name=\"robots\" content=\"index, follow, max-snippet:-1, max-image-preview:large, max-video-preview:-1\" \/>\n<link rel=\"canonical\" href=\"https:\/\/www.ferrovial.com\/es-es\/innovacion\/tecnologias\/impresion3d\/\" \/>\n<meta property=\"og:locale\" content=\"es_ES\" \/>\n<meta property=\"og:type\" content=\"article\" \/>\n<meta property=\"og:title\" content=\"Impresi\u00f3n 3D: qu\u00e9 es y c\u00f3mo funciona - Ferrovial\" \/>\n<meta property=\"og:description\" content=\"La impresi\u00f3n 3D consiste en la fabricaci\u00f3n de objetos tridimensionales a partir de un modelo digital y de una serie de t\u00e9cnicas que permiten ir creando dicho ...\" \/>\n<meta property=\"og:url\" content=\"https:\/\/www.ferrovial.com\/es-es\/innovacion\/tecnologias\/impresion3d\/\" \/>\n<meta property=\"og:site_name\" content=\"Ferrovial\" \/>\n<meta property=\"article:publisher\" content=\"https:\/\/www.facebook.com\/ferrovial\" \/>\n<meta property=\"article:modified_time\" content=\"2020-04-21T20:47:02+00:00\" \/>\n<meta name=\"twitter:card\" content=\"summary_large_image\" \/>\n<meta name=\"twitter:site\" content=\"@ferrovial\" \/>\n<meta name=\"twitter:label1\" content=\"Tiempo de lectura\" \/>\n\t<meta name=\"twitter:data1\" content=\"2 minutos\" \/>\n<!-- \/ Yoast SEO plugin. -->","yoast_head_json":{"title":"Impresi\u00f3n 3D: qu\u00e9 es y c\u00f3mo funciona - Ferrovial","description":"La impresi\u00f3n 3D consiste en la fabricaci\u00f3n de objetos tridimensionales a partir de un modelo digital y de una serie de t\u00e9cnicas que permiten ir creando dicho ...","robots":{"index":"index","follow":"follow","max-snippet":"max-snippet:-1","max-image-preview":"max-image-preview:large","max-video-preview":"max-video-preview:-1"},"canonical":"https:\/\/www.ferrovial.com\/es-es\/innovacion\/tecnologias\/impresion3d\/","og_locale":"es_ES","og_type":"article","og_title":"Impresi\u00f3n 3D: qu\u00e9 es y c\u00f3mo funciona - Ferrovial","og_description":"La impresi\u00f3n 3D consiste en la fabricaci\u00f3n de objetos tridimensionales a partir de un modelo digital y de una serie de t\u00e9cnicas que permiten ir creando dicho ...","og_url":"https:\/\/www.ferrovial.com\/es-es\/innovacion\/tecnologias\/impresion3d\/","og_site_name":"Ferrovial","article_publisher":"https:\/\/www.facebook.com\/ferrovial","article_modified_time":"2020-04-21T20:47:02+00:00","twitter_card":"summary_large_image","twitter_site":"@ferrovial","twitter_misc":{"Tiempo de lectura":"2 minutos"},"schema":{"@context":"https:\/\/schema.org","@graph":[{"@type":"WebPage","@id":"https:\/\/www.ferrovial.com\/es-es\/innovacion\/tecnologias\/impresion3d\/","url":"https:\/\/www.ferrovial.com\/es-es\/innovacion\/tecnologias\/impresion3d\/","name":"Impresi\u00f3n 3D: qu\u00e9 es y c\u00f3mo funciona - Ferrovial","isPartOf":{"@id":"https:\/\/www.ferrovial.com\/es-es\/#website"},"datePublished":"2019-09-05T13:50:11+00:00","dateModified":"2020-04-21T20:47:02+00:00","description":"La impresi\u00f3n 3D consiste en la fabricaci\u00f3n de objetos tridimensionales a partir de un modelo digital y de una serie de t\u00e9cnicas que permiten ir creando dicho ...","breadcrumb":{"@id":"https:\/\/www.ferrovial.com\/es-es\/innovacion\/tecnologias\/impresion3d\/#breadcrumb"},"inLanguage":"es","potentialAction":[{"@type":"ReadAction","target":["https:\/\/www.ferrovial.com\/es-es\/innovacion\/tecnologias\/impresion3d\/"]}]},{"@type":"BreadcrumbList","@id":"https:\/\/www.ferrovial.com\/es-es\/innovacion\/tecnologias\/impresion3d\/#breadcrumb","itemListElement":[{"@type":"ListItem","position":1,"name":"Portada","item":"https:\/\/www.ferrovial.com\/es-es\/"},{"@type":"ListItem","position":2,"name":"Innovaci\u00f3n","item":"https:\/\/www.ferrovial.com\/es-es\/innovacion\/"},{"@type":"ListItem","position":3,"name":"Tecnolog\u00edas","item":"https:\/\/www.ferrovial.com\/es-es\/innovacion\/tecnologias\/"},{"@type":"ListItem","position":4,"name":"Impresi\u00f3n 3D"}]},{"@type":"WebSite","@id":"https:\/\/www.ferrovial.com\/es-es\/#website","url":"https:\/\/www.ferrovial.com\/es-es\/","name":"Ferrovial","description":"Welcome to the Ferrovial&#039;s website, global operator of sustainable infrastructure. Here you can find all the information about the company and subsidiaries.","publisher":{"@id":"https:\/\/www.ferrovial.com\/es-es\/#organization"},"potentialAction":[{"@type":"SearchAction","target":{"@type":"EntryPoint","urlTemplate":"https:\/\/www.ferrovial.com\/es-es\/?s={search_term_string}"},"query-input":{"@type":"PropertyValueSpecification","valueRequired":true,"valueName":"search_term_string"}}],"inLanguage":"es"},{"@type":"Organization","@id":"https:\/\/www.ferrovial.com\/es-es\/#organization","name":"Ferrovial S.A.","url":"https:\/\/www.ferrovial.com\/es-es\/","logo":{"@type":"ImageObject","inLanguage":"es","@id":"https:\/\/www.ferrovial.com\/es-es\/#\/schema\/logo\/image\/","url":"https:\/\/static.ferrovial.com\/wp-content\/uploads\/2020\/01\/13124948\/logo-ferrovial-cf7.png","contentUrl":"https:\/\/static.ferrovial.com\/wp-content\/uploads\/2020\/01\/13124948\/logo-ferrovial-cf7.png","width":144,"height":32,"caption":"Ferrovial S.A."},"image":{"@id":"https:\/\/www.ferrovial.com\/es-es\/#\/schema\/logo\/image\/"},"sameAs":["https:\/\/www.facebook.com\/ferrovial","https:\/\/x.com\/ferrovial","https:\/\/www.instagram.com\/ferrovial\/","https:\/\/www.linkedin.com\/company\/ferrovial","https:\/\/www.pinterest.es\/ferrovial\/","https:\/\/www.youtube.com\/ferrovial","https:\/\/en.wikipedia.org\/wiki\/Ferrovial"]}]}},"_links":{"self":[{"href":"https:\/\/www.ferrovial.com\/es-es\/wp-json\/wp\/v2\/pages\/113248","targetHints":{"allow":["GET"]}}],"collection":[{"href":"https:\/\/www.ferrovial.com\/es-es\/wp-json\/wp\/v2\/pages"}],"about":[{"href":"https:\/\/www.ferrovial.com\/es-es\/wp-json\/wp\/v2\/types\/page"}],"replies":[{"embeddable":true,"href":"https:\/\/www.ferrovial.com\/es-es\/wp-json\/wp\/v2\/comments?post=113248"}],"version-history":[{"count":2,"href":"https:\/\/www.ferrovial.com\/es-es\/wp-json\/wp\/v2\/pages\/113248\/revisions"}],"predecessor-version":[{"id":143094,"href":"https:\/\/www.ferrovial.com\/es-es\/wp-json\/wp\/v2\/pages\/113248\/revisions\/143094"}],"up":[{"embeddable":true,"href":"https:\/\/www.ferrovial.com\/es-es\/wp-json\/wp\/v2\/pages\/113212"}],"wp:attachment":[{"href":"https:\/\/www.ferrovial.com\/es-es\/wp-json\/wp\/v2\/media?parent=113248"}],"curies":[{"name":"wp","href":"https:\/\/api.w.org\/{rel}","templated":true}]}}