{"id":113252,"date":"2019-09-05T15:45:11","date_gmt":"2019-09-05T13:45:11","guid":{"rendered":"https:\/\/www.ferrovial.com\/innovacion\/tecnologias\/big-data\/"},"modified":"2026-01-04T18:05:18","modified_gmt":"2026-01-04T17:05:18","slug":"big-data","status":"publish","type":"page","link":"https:\/\/www.ferrovial.com\/es-es\/innovacion\/tecnologias\/big-data\/","title":{"rendered":"Big Data"},"content":{"rendered":"    <m-final-content-header bgimage='https:\/\/static.ferrovial.com\/wp-content\/uploads\/2019\/11\/13140649\/tr-pic-euroscut_algarve-009_low-e1526024471663-1280x720.jpg'>\n            <c-breadcrumb label-text=\"Breadcrumb\" slot=\"breadcrumbs\" type='2' align='left' wrap='wrapped wrapped' aria-label='Vienes de Tecnolog\u00edas'>\n                        <ol>\n\n                                                            <li><a href=\"https:\/\/www.ferrovial.com\/es-es\/\" title=\"Ferrovial\">Ferrovial<\/a><\/li>\n                                                                        <li><a href=\"https:\/\/www.ferrovial.com\/es\/innovacion\/\" title=\"Innovaci\u00f3n\">Innovaci\u00f3n<\/a><\/li>\n                                                                        <li><a href=\"https:\/\/www.ferrovial.com\/es\/innovacion\/tecnologias\/\" title=\"Tecnolog\u00edas\">Tecnolog\u00edas<\/a><\/li>\n                                    \n                <\/ol>\n\n                <\/c-breadcrumb>\n    \n        <div slot=\"header\">\n            <h1>\n                Big Data            <\/h1>\n                    <\/div>\n    <\/m-final-content-header>\n\n    \n\n\n<m-wysiwig class=\"wp-block-components-wysiwyg\"><div slot=\"maincontent\">    <p class=\"intro\">El Big Data analiza un gran volumen de datos para obtener informaci\u00f3n con la que construir conocimiento y generar valor.<\/p>\n    \n\n\n<h2 class=\"wp-block-heading\">\u00bfQu\u00e9 es?<\/h2>\n\n\n\n<p>El <strong>Big Data<\/strong> es un t\u00e9rmino que describe un gran volumen de datos, tanto en tama\u00f1o (volumen), complejidad (variabilidad) y velocidad de crecimiento. Analizados, estos datos se pueden convertirse en informaci\u00f3n con la que construir conocimiento empresarial y, por tanto, aportan valor a las empresas que saben sacarles provecho. Aplicados, forman parte del <em>know how<\/em>.<\/p>\n\n\n\n<h2 class=\"wp-block-heading\">Aplicaciones del Big Data<\/h2>\n\n\n\n<p>Con una buena medici\u00f3n de las variables, y una sensorizaci\u00f3n previa \u00f3ptima, <a href=\"https:\/\/www.ferrovial.com\/blog\/es\/2019\/06\/big-data-analisis-de-datos\/\" title=\"Big Data, \u00bfcaf\u00e9 para todos? - Ferrovial Blog\" target=\"_blank\" rel=\"dofollow noopener noreferrer\">cualquier proceso puede ser analizado<\/a> y genera grandes cantidades de datos: desde el comportamiento de pistones hidr\u00e1ulicos al movimiento de las maletas por un aeropuerto, al tr\u00e1fico de veh\u00edculos por las Managed Lanes o los tableros de <a href=\"https:\/\/www.ferrovial.com\/blog\/es\/2016\/05\/big-data-valor-datos-toma-de-decisiones-de-una-empresa\/\" title=\"C\u00f3mo el Big Data dota de valor a los datos para la toma de decisiones de una empresa - Ferrovial Blog\" target=\"_blank\" rel=\"dofollow noopener noreferrer\">toma de decisiones<\/a> en las empresas.<\/p>\n\n\n\n<h3 class=\"wp-block-heading\">Movilidad<\/h3>\n\n\n\n<p>Las Managed Lanes son v\u00edas de pago cuya tarificaci\u00f3n depende de la intensidad de tr\u00e1fico y de variables basadas en Big Data como la demanda estimada por franjas horarias basadas en hist\u00f3ricos previos. Estos modelos juegan un papel importante a la hora de hacer un uso m\u00e1s eficiente de la infraestructura y minimizar contaminantes como el CO<sub>2<\/sub>.<\/p>\n\n\n\n<p>Adem\u00e1s, estamos asistiendo al nacimiento de <a title=\"sistemas de datos abiertos\" href=\"https:\/\/www.elconfidencial.com\/tecnologia\/2018-03-06\/big-data-transporte-carreteras-ferrovial-fomento-bra_1529133\/\" target=\"_blank\" rel=\"nofollow noopener noreferrer\">sistemas de datos abiertos por parte de las administraciones<\/a> que fomentan el hacer uso de datos masivos e inteligencia artificial para atraer la innovaci\u00f3n de empresas privadas capaces de integrar sus sistemas y generar nuevos modelos de negocio.<\/p>\n\n\n\n<h3 class=\"wp-block-heading\">Sostenibilidad<\/h3>\n\n\n\n<p>Algo similar est\u00e1 ocurriendo en las ciudades, en las que una primera fase de sensorizaci\u00f3n ha conseguido la <a href=\"https:\/\/www.ferrovial.com\/blog\/es\/2017\/04\/big-data-control-de-contaminacion-ciudad\/\" title=\"El big data como v\u00eda para el control de contaminaci\u00f3n en ciudades - Ferrovial Blog\" target=\"_blank\" rel=\"dofollow noopener noreferrer\">medici\u00f3n continua de la contaminaci\u00f3n<\/a>, ha facilitado la elaboraci\u00f3n de mapas de ruido durante a\u00f1os, o est\u00e1 permitiendo analizar el tr\u00e1fico en decenas de puntos clave. En algunas ciudades, como Nueva York, la recogida de datos es masiva.<\/p>\n\n\n\n<p>Todo esto ayudar\u00e1 a generar mejores pol\u00edticas de descarbonizaci\u00f3n que mejoren la calidad de aire de la ciudad, elaborar pol\u00edticas de prioridad para minimizar el impacto ac\u00fastico de la movilidad, o <a href=\"https:\/\/www.ferrovial.com\/blog\/es\/2019\/05\/tecnologia-permitira-reducir-atascos\/\" title=\"As\u00ed funciona la tecnolog\u00eda que permitir\u00e1 reducir los atascos\" target=\"_blank\" rel=\"dofollow noopener noreferrer\">gestionar el tr\u00e1fico para reducir los atascos<\/a> en las urbes, respectivamente. El Big Data es una herramienta clave tanto para la econom\u00eda 4.0 como para las <em>smart cities<\/em>.<\/p>\n<\/div><\/m-wysiwig>\n","protected":false},"excerpt":{"rendered":"","protected":false},"featured_media":0,"parent":113212,"menu_order":0,"comment_status":"closed","ping_status":"closed","template":"","meta":{"_acf_changed":false,"footnotes":""},"class_list":["post-113252","page","type-page","status-publish","hentry"],"acf":[],"yoast_head":"<!-- This site is optimized with the Yoast SEO plugin v27.2 - https:\/\/yoast.com\/product\/yoast-seo-wordpress\/ -->\n<title>Qu\u00e9 es Big Data y para qu\u00e9 sirve el an\u00e1lisis de datos - Ferrovial<\/title>\n<meta name=\"description\" content=\"El uso y el manejo de datos internos y externos a trav\u00e9s de nuevas tecnolog\u00edas big data aporta valor a las empresas. Desde el Digital Hub, trabajamos con ...\" \/>\n<meta name=\"robots\" content=\"index, follow, max-snippet:-1, max-image-preview:large, max-video-preview:-1\" \/>\n<link rel=\"canonical\" href=\"https:\/\/www.ferrovial.com\/es-es\/innovacion\/tecnologias\/big-data\/\" \/>\n<meta property=\"og:locale\" content=\"es_ES\" \/>\n<meta property=\"og:type\" content=\"article\" \/>\n<meta property=\"og:title\" content=\"Qu\u00e9 es Big Data y para qu\u00e9 sirve el an\u00e1lisis de datos - Ferrovial\" \/>\n<meta property=\"og:description\" content=\"El uso y el manejo de datos internos y externos a trav\u00e9s de nuevas tecnolog\u00edas big data aporta valor a las empresas. Desde el Digital Hub, trabajamos con ...\" \/>\n<meta property=\"og:url\" content=\"https:\/\/www.ferrovial.com\/es-es\/innovacion\/tecnologias\/big-data\/\" \/>\n<meta property=\"og:site_name\" content=\"Ferrovial\" \/>\n<meta property=\"article:publisher\" content=\"https:\/\/www.facebook.com\/ferrovial\" \/>\n<meta property=\"article:modified_time\" content=\"2026-01-04T17:05:18+00:00\" \/>\n<meta name=\"twitter:card\" content=\"summary_large_image\" \/>\n<meta name=\"twitter:site\" content=\"@ferrovial\" \/>\n<meta name=\"twitter:label1\" content=\"Tiempo de lectura\" \/>\n\t<meta name=\"twitter:data1\" content=\"2 minutos\" \/>\n<!-- \/ Yoast SEO plugin. -->","yoast_head_json":{"title":"Qu\u00e9 es Big Data y para qu\u00e9 sirve el an\u00e1lisis de datos - Ferrovial","description":"El uso y el manejo de datos internos y externos a trav\u00e9s de nuevas tecnolog\u00edas big data aporta valor a las empresas. Desde el Digital Hub, trabajamos con ...","robots":{"index":"index","follow":"follow","max-snippet":"max-snippet:-1","max-image-preview":"max-image-preview:large","max-video-preview":"max-video-preview:-1"},"canonical":"https:\/\/www.ferrovial.com\/es-es\/innovacion\/tecnologias\/big-data\/","og_locale":"es_ES","og_type":"article","og_title":"Qu\u00e9 es Big Data y para qu\u00e9 sirve el an\u00e1lisis de datos - Ferrovial","og_description":"El uso y el manejo de datos internos y externos a trav\u00e9s de nuevas tecnolog\u00edas big data aporta valor a las empresas. Desde el Digital Hub, trabajamos con ...","og_url":"https:\/\/www.ferrovial.com\/es-es\/innovacion\/tecnologias\/big-data\/","og_site_name":"Ferrovial","article_publisher":"https:\/\/www.facebook.com\/ferrovial","article_modified_time":"2026-01-04T17:05:18+00:00","twitter_card":"summary_large_image","twitter_site":"@ferrovial","twitter_misc":{"Tiempo de lectura":"2 minutos"},"schema":{"@context":"https:\/\/schema.org","@graph":[{"@type":"WebPage","@id":"https:\/\/www.ferrovial.com\/es-es\/innovacion\/tecnologias\/big-data\/","url":"https:\/\/www.ferrovial.com\/es-es\/innovacion\/tecnologias\/big-data\/","name":"Qu\u00e9 es Big Data y para qu\u00e9 sirve el an\u00e1lisis de datos - Ferrovial","isPartOf":{"@id":"https:\/\/www.ferrovial.com\/es-es\/#website"},"datePublished":"2019-09-05T13:45:11+00:00","dateModified":"2026-01-04T17:05:18+00:00","description":"El uso y el manejo de datos internos y externos a trav\u00e9s de nuevas tecnolog\u00edas big data aporta valor a las empresas. Desde el Digital Hub, trabajamos con ...","breadcrumb":{"@id":"https:\/\/www.ferrovial.com\/es-es\/innovacion\/tecnologias\/big-data\/#breadcrumb"},"inLanguage":"es","potentialAction":[{"@type":"ReadAction","target":["https:\/\/www.ferrovial.com\/es-es\/innovacion\/tecnologias\/big-data\/"]}]},{"@type":"BreadcrumbList","@id":"https:\/\/www.ferrovial.com\/es-es\/innovacion\/tecnologias\/big-data\/#breadcrumb","itemListElement":[{"@type":"ListItem","position":1,"name":"Portada","item":"https:\/\/www.ferrovial.com\/es-es\/"},{"@type":"ListItem","position":2,"name":"Innovaci\u00f3n","item":"https:\/\/www.ferrovial.com\/es-es\/innovacion\/"},{"@type":"ListItem","position":3,"name":"Tecnolog\u00edas","item":"https:\/\/www.ferrovial.com\/es-es\/innovacion\/tecnologias\/"},{"@type":"ListItem","position":4,"name":"Big Data"}]},{"@type":"WebSite","@id":"https:\/\/www.ferrovial.com\/es-es\/#website","url":"https:\/\/www.ferrovial.com\/es-es\/","name":"Ferrovial","description":"Welcome to the Ferrovial&#039;s website, global operator of sustainable infrastructure. Here you can find all the information about the company and subsidiaries.","publisher":{"@id":"https:\/\/www.ferrovial.com\/es-es\/#organization"},"potentialAction":[{"@type":"SearchAction","target":{"@type":"EntryPoint","urlTemplate":"https:\/\/www.ferrovial.com\/es-es\/?s={search_term_string}"},"query-input":{"@type":"PropertyValueSpecification","valueRequired":true,"valueName":"search_term_string"}}],"inLanguage":"es"},{"@type":"Organization","@id":"https:\/\/www.ferrovial.com\/es-es\/#organization","name":"Ferrovial S.A.","url":"https:\/\/www.ferrovial.com\/es-es\/","logo":{"@type":"ImageObject","inLanguage":"es","@id":"https:\/\/www.ferrovial.com\/es-es\/#\/schema\/logo\/image\/","url":"https:\/\/static.ferrovial.com\/wp-content\/uploads\/2020\/01\/13124948\/logo-ferrovial-cf7.png","contentUrl":"https:\/\/static.ferrovial.com\/wp-content\/uploads\/2020\/01\/13124948\/logo-ferrovial-cf7.png","width":144,"height":32,"caption":"Ferrovial S.A."},"image":{"@id":"https:\/\/www.ferrovial.com\/es-es\/#\/schema\/logo\/image\/"},"sameAs":["https:\/\/www.facebook.com\/ferrovial","https:\/\/x.com\/ferrovial","https:\/\/www.instagram.com\/ferrovial\/","https:\/\/www.linkedin.com\/company\/ferrovial","https:\/\/www.pinterest.es\/ferrovial\/","https:\/\/www.youtube.com\/ferrovial","https:\/\/en.wikipedia.org\/wiki\/Ferrovial"]}]}},"_links":{"self":[{"href":"https:\/\/www.ferrovial.com\/es-es\/wp-json\/wp\/v2\/pages\/113252","targetHints":{"allow":["GET"]}}],"collection":[{"href":"https:\/\/www.ferrovial.com\/es-es\/wp-json\/wp\/v2\/pages"}],"about":[{"href":"https:\/\/www.ferrovial.com\/es-es\/wp-json\/wp\/v2\/types\/page"}],"replies":[{"embeddable":true,"href":"https:\/\/www.ferrovial.com\/es-es\/wp-json\/wp\/v2\/comments?post=113252"}],"version-history":[{"count":3,"href":"https:\/\/www.ferrovial.com\/es-es\/wp-json\/wp\/v2\/pages\/113252\/revisions"}],"predecessor-version":[{"id":321289,"href":"https:\/\/www.ferrovial.com\/es-es\/wp-json\/wp\/v2\/pages\/113252\/revisions\/321289"}],"up":[{"embeddable":true,"href":"https:\/\/www.ferrovial.com\/es-es\/wp-json\/wp\/v2\/pages\/113212"}],"wp:attachment":[{"href":"https:\/\/www.ferrovial.com\/es-es\/wp-json\/wp\/v2\/media?parent=113252"}],"curies":[{"name":"wp","href":"https:\/\/api.w.org\/{rel}","templated":true}]}}