{"id":113253,"date":"2019-09-05T15:43:24","date_gmt":"2019-09-05T13:43:24","guid":{"rendered":"https:\/\/www.ferrovial.com\/innovacion\/tecnologias\/inteligencia-artificial\/"},"modified":"2026-01-04T15:11:48","modified_gmt":"2026-01-04T14:11:48","slug":"inteligencia-artificial","status":"publish","type":"page","link":"https:\/\/www.ferrovial.com\/es-es\/innovacion\/tecnologias\/inteligencia-artificial\/","title":{"rendered":"Inteligencia Artificial"},"content":{"rendered":"    <m-final-content-header bgimage='https:\/\/static.ferrovial.com\/wp-content\/uploads\/2019\/09\/13140632\/imacor20171222_2646-1-e1526469466981-1280x715.jpg'>\n            <c-breadcrumb label-text=\"Breadcrumb\" slot=\"breadcrumbs\" type='2' align='left' wrap='wrapped wrapped' aria-label='Vienes de Tecnolog\u00edas'>\n                        <ol>\n\n                                                            <li><a href=\"https:\/\/www.ferrovial.com\/es-es\/\" title=\"Ferrovial\">Ferrovial<\/a><\/li>\n                                                                        <li><a href=\"https:\/\/www.ferrovial.com\/es\/innovacion\/\" title=\"Innovaci\u00f3n\">Innovaci\u00f3n<\/a><\/li>\n                                                                        <li><a href=\"https:\/\/www.ferrovial.com\/es\/innovacion\/tecnologias\/\" title=\"Tecnolog\u00edas\">Tecnolog\u00edas<\/a><\/li>\n                                    \n                <\/ol>\n\n                <\/c-breadcrumb>\n    \n        <div slot=\"header\">\n            <h1>\n                Inteligencia Artificial            <\/h1>\n                    <\/div>\n    <\/m-final-content-header>\n\n    \n\n\n<m-wysiwig class=\"wp-block-components-wysiwyg\"><div slot=\"maincontent\">    <p class=\"intro\">La inteligencia artificial permite a las m\u00e1quinas simular comportamientos humanos como aprender o extraer conocimiento.<\/p>\n    \n\n\n<h2 class=\"wp-block-heading\">\u00bfQu\u00e9 es?<\/h2>\n\n\n\n<p>La <strong>inteligencia artificial<\/strong> facilita a las m\u00e1quinas el simular comportamientos humanos tales como aprender, al menos en una definici\u00f3n coloquial. En <a href=\"http:\/\/people.cs.ubc.ca\/~poole\/ci\/ch1.pdf\" title=\"pincha aqui\" target=\"_blank\" rel=\"nofollow noopener noreferrer\">ciencias de la computaci\u00f3n<\/a> tambi\u00e9n se habla de \u201cagentes flexibles que perciben su entorno y maximizan sus posibilidades de \u00e9xito en alg\u00fan objetivo o tarea\u201d y es que, las m\u00e1quinas con IA requieren de un reto que optimizar.<\/p>\n\n\n\n<p>Desde nuestro Digital HUB trabajamos en diferentes l\u00edneas de innovaci\u00f3n orientadas a las diferentes divisiones de la IA tales como el <strong><em>machine learning<\/em><\/strong>, la creaci\u00f3n de modelos capaces de aprender y presidir comportamientos futuros; el <strong>an\u00e1lisis de patrones<\/strong> y <em>clustering<\/em>, an\u00e1lisis de comportamientos y agrupaci\u00f3n autom\u00e1tico de los mismos; y <strong><em>cognitive<\/em><\/strong>.<\/p>\n\n\n\n<h2 class=\"wp-block-heading\">\u00bfC\u00f3mo aplicamos la AI?<\/h2>\n\n\n\n<p>En esta \u00faltima vertiente aplicamos inteligencia artificial a las m\u00e1quinas que procesan el lenguaje natural (PLN) y su sem\u00e1ntica, aplicamos <em>deep learning<\/em> a redes neurales para consolidar la visi\u00f3n artificial y el reconocimiento de im\u00e1genes, y programamos chatbots capaces de llevar a cabo tareas espec\u00edficas de forma autom\u00e1tica.<\/p>\n\n\n\n<h3 class=\"wp-block-heading\">AI en Recursos Humanos<\/h3>\n\n\n\n<p>Uno de nuestros chatbots es <a href=\"https:\/\/newsroom.ferrovial.com\/es\/noticias\/chatbot-robot-conversacional\/\" title=\"Qo, el chatbot de Ferrovial para ayudar a sus empleados a alcanzar su m\u00e1ximo potencial Sala de prensa\" target=\"_blank\" rel=\"dofollow noopener noreferrer\">Qo<\/a>, desarrollado como iniciativa piloto para ayudar a nuestros empleados a <strong>alcanzar su m\u00e1ximo potencial<\/strong>. Se trata de una herramienta capaz de procesar el lenguaje natural y mantener una conversaci\u00f3n coherente a trav\u00e9s de un chat con el empleado. En este chat se trabaja mediante recomendaciones que mejoran las competencias del trabajador.<\/p>\n\n\n\n<h3 class=\"wp-block-heading\"> AI en  Residuos<\/h3>\n\n\n\n<p>Con respecto a la visi\u00f3n artificial, lideramos el proyecto ZRR for Municipal Waste. Consiste en la clasificaci\u00f3n de residuos mediante t\u00e9cnicas de visi\u00f3n artificial. La idea es hacer uso de robots aut\u00f3nomos en la l\u00ednea de selecci\u00f3n de residuos para que los clasifiquen, un modelo de gesti\u00f3n que pretende ampliar el ciclo de vida de los objetos y eliminar los impropios.<\/p>\n<\/div><\/m-wysiwig>\n","protected":false},"excerpt":{"rendered":"","protected":false},"featured_media":0,"parent":113212,"menu_order":0,"comment_status":"closed","ping_status":"closed","template":"","meta":{"_acf_changed":false,"footnotes":""},"class_list":["post-113253","page","type-page","status-publish","hentry"],"acf":[],"yoast_head":"<!-- This site is optimized with the Yoast SEO plugin v27.2 - https:\/\/yoast.com\/product\/yoast-seo-wordpress\/ -->\n<title>Qu\u00e9 es la Inteligencia Artificial y c\u00f3mo la aplicamos - Ferrovial<\/title>\n<meta name=\"description\" content=\"La inteligencia artificial o AI permite a las m\u00e1quinas simular comportamientos humanos como pueden ser aprender o extraer conocimiento del contexto. \u00c1reas como el ...\" \/>\n<meta name=\"robots\" content=\"index, follow, max-snippet:-1, max-image-preview:large, max-video-preview:-1\" \/>\n<link rel=\"canonical\" href=\"https:\/\/www.ferrovial.com\/es-es\/innovacion\/tecnologias\/inteligencia-artificial\/\" \/>\n<meta property=\"og:locale\" content=\"es_ES\" \/>\n<meta property=\"og:type\" content=\"article\" \/>\n<meta property=\"og:title\" content=\"Qu\u00e9 es la Inteligencia Artificial y c\u00f3mo la aplicamos - Ferrovial\" \/>\n<meta property=\"og:description\" content=\"La inteligencia artificial o AI permite a las m\u00e1quinas simular comportamientos humanos como pueden ser aprender o extraer conocimiento del contexto. \u00c1reas como el ...\" \/>\n<meta property=\"og:url\" content=\"https:\/\/www.ferrovial.com\/es-es\/innovacion\/tecnologias\/inteligencia-artificial\/\" \/>\n<meta property=\"og:site_name\" content=\"Ferrovial\" \/>\n<meta property=\"article:publisher\" content=\"https:\/\/www.facebook.com\/ferrovial\" \/>\n<meta property=\"article:modified_time\" content=\"2026-01-04T14:11:48+00:00\" \/>\n<meta name=\"twitter:card\" content=\"summary_large_image\" \/>\n<meta name=\"twitter:site\" content=\"@ferrovial\" \/>\n<meta name=\"twitter:label1\" content=\"Tiempo de lectura\" \/>\n\t<meta name=\"twitter:data1\" content=\"2 minutos\" \/>\n<!-- \/ Yoast SEO plugin. -->","yoast_head_json":{"title":"Qu\u00e9 es la Inteligencia Artificial y c\u00f3mo la aplicamos - Ferrovial","description":"La inteligencia artificial o AI permite a las m\u00e1quinas simular comportamientos humanos como pueden ser aprender o extraer conocimiento del contexto. \u00c1reas como el ...","robots":{"index":"index","follow":"follow","max-snippet":"max-snippet:-1","max-image-preview":"max-image-preview:large","max-video-preview":"max-video-preview:-1"},"canonical":"https:\/\/www.ferrovial.com\/es-es\/innovacion\/tecnologias\/inteligencia-artificial\/","og_locale":"es_ES","og_type":"article","og_title":"Qu\u00e9 es la Inteligencia Artificial y c\u00f3mo la aplicamos - Ferrovial","og_description":"La inteligencia artificial o AI permite a las m\u00e1quinas simular comportamientos humanos como pueden ser aprender o extraer conocimiento del contexto. \u00c1reas como el ...","og_url":"https:\/\/www.ferrovial.com\/es-es\/innovacion\/tecnologias\/inteligencia-artificial\/","og_site_name":"Ferrovial","article_publisher":"https:\/\/www.facebook.com\/ferrovial","article_modified_time":"2026-01-04T14:11:48+00:00","twitter_card":"summary_large_image","twitter_site":"@ferrovial","twitter_misc":{"Tiempo de lectura":"2 minutos"},"schema":{"@context":"https:\/\/schema.org","@graph":[{"@type":"WebPage","@id":"https:\/\/www.ferrovial.com\/es-es\/innovacion\/tecnologias\/inteligencia-artificial\/","url":"https:\/\/www.ferrovial.com\/es-es\/innovacion\/tecnologias\/inteligencia-artificial\/","name":"Qu\u00e9 es la Inteligencia Artificial y c\u00f3mo la aplicamos - Ferrovial","isPartOf":{"@id":"https:\/\/www.ferrovial.com\/es-es\/#website"},"datePublished":"2019-09-05T13:43:24+00:00","dateModified":"2026-01-04T14:11:48+00:00","description":"La inteligencia artificial o AI permite a las m\u00e1quinas simular comportamientos humanos como pueden ser aprender o extraer conocimiento del contexto. \u00c1reas como el ...","breadcrumb":{"@id":"https:\/\/www.ferrovial.com\/es-es\/innovacion\/tecnologias\/inteligencia-artificial\/#breadcrumb"},"inLanguage":"es","potentialAction":[{"@type":"ReadAction","target":["https:\/\/www.ferrovial.com\/es-es\/innovacion\/tecnologias\/inteligencia-artificial\/"]}]},{"@type":"BreadcrumbList","@id":"https:\/\/www.ferrovial.com\/es-es\/innovacion\/tecnologias\/inteligencia-artificial\/#breadcrumb","itemListElement":[{"@type":"ListItem","position":1,"name":"Portada","item":"https:\/\/www.ferrovial.com\/es-es\/"},{"@type":"ListItem","position":2,"name":"Innovaci\u00f3n","item":"https:\/\/www.ferrovial.com\/es-es\/innovacion\/"},{"@type":"ListItem","position":3,"name":"Tecnolog\u00edas","item":"https:\/\/www.ferrovial.com\/es-es\/innovacion\/tecnologias\/"},{"@type":"ListItem","position":4,"name":"Inteligencia Artificial"}]},{"@type":"WebSite","@id":"https:\/\/www.ferrovial.com\/es-es\/#website","url":"https:\/\/www.ferrovial.com\/es-es\/","name":"Ferrovial","description":"Welcome to the Ferrovial&#039;s website, global operator of sustainable infrastructure. Here you can find all the information about the company and subsidiaries.","publisher":{"@id":"https:\/\/www.ferrovial.com\/es-es\/#organization"},"potentialAction":[{"@type":"SearchAction","target":{"@type":"EntryPoint","urlTemplate":"https:\/\/www.ferrovial.com\/es-es\/?s={search_term_string}"},"query-input":{"@type":"PropertyValueSpecification","valueRequired":true,"valueName":"search_term_string"}}],"inLanguage":"es"},{"@type":"Organization","@id":"https:\/\/www.ferrovial.com\/es-es\/#organization","name":"Ferrovial S.A.","url":"https:\/\/www.ferrovial.com\/es-es\/","logo":{"@type":"ImageObject","inLanguage":"es","@id":"https:\/\/www.ferrovial.com\/es-es\/#\/schema\/logo\/image\/","url":"https:\/\/static.ferrovial.com\/wp-content\/uploads\/2020\/01\/13124948\/logo-ferrovial-cf7.png","contentUrl":"https:\/\/static.ferrovial.com\/wp-content\/uploads\/2020\/01\/13124948\/logo-ferrovial-cf7.png","width":144,"height":32,"caption":"Ferrovial S.A."},"image":{"@id":"https:\/\/www.ferrovial.com\/es-es\/#\/schema\/logo\/image\/"},"sameAs":["https:\/\/www.facebook.com\/ferrovial","https:\/\/x.com\/ferrovial","https:\/\/www.instagram.com\/ferrovial\/","https:\/\/www.linkedin.com\/company\/ferrovial","https:\/\/www.pinterest.es\/ferrovial\/","https:\/\/www.youtube.com\/ferrovial","https:\/\/en.wikipedia.org\/wiki\/Ferrovial"]}]}},"_links":{"self":[{"href":"https:\/\/www.ferrovial.com\/es-es\/wp-json\/wp\/v2\/pages\/113253","targetHints":{"allow":["GET"]}}],"collection":[{"href":"https:\/\/www.ferrovial.com\/es-es\/wp-json\/wp\/v2\/pages"}],"about":[{"href":"https:\/\/www.ferrovial.com\/es-es\/wp-json\/wp\/v2\/types\/page"}],"replies":[{"embeddable":true,"href":"https:\/\/www.ferrovial.com\/es-es\/wp-json\/wp\/v2\/comments?post=113253"}],"version-history":[{"count":3,"href":"https:\/\/www.ferrovial.com\/es-es\/wp-json\/wp\/v2\/pages\/113253\/revisions"}],"predecessor-version":[{"id":321281,"href":"https:\/\/www.ferrovial.com\/es-es\/wp-json\/wp\/v2\/pages\/113253\/revisions\/321281"}],"up":[{"embeddable":true,"href":"https:\/\/www.ferrovial.com\/es-es\/wp-json\/wp\/v2\/pages\/113212"}],"wp:attachment":[{"href":"https:\/\/www.ferrovial.com\/es-es\/wp-json\/wp\/v2\/media?parent=113253"}],"curies":[{"name":"wp","href":"https:\/\/api.w.org\/{rel}","templated":true}]}}