{"id":114664,"date":"2019-09-05T14:55:51","date_gmt":"2019-09-05T12:55:51","guid":{"rendered":"https:\/\/www.ferrovial.com\/innovacion\/como-innovamos\/cultura\/zuritanken\/"},"modified":"2025-05-08T13:06:41","modified_gmt":"2025-05-08T11:06:41","slug":"zuritanken","status":"publish","type":"page","link":"https:\/\/www.ferrovial.com\/es-es\/innovacion\/como-innovamos\/cultura\/zuritanken\/","title":{"rendered":"Zuritanken"},"content":{"rendered":"    <m-final-content-header bgimage='https:\/\/static.ferrovial.com\/wp-content\/uploads\/2019\/11\/13133114\/zuritanken-innovation-programme-copia-e1525965045860-1280x720.jpg'>\n            <c-breadcrumb label-text=\"Breadcrumb\" slot=\"breadcrumbs\" type='2' align='left' wrap='wrapped wrapped' aria-label='Vienes de Cultura de innovaci\u00f3n'>\n                        <ol>\n\n                                                            <li><a href=\"https:\/\/www.ferrovial.com\/es-es\/\" title=\"Ferrovial\">Ferrovial<\/a><\/li>\n                                                                        <li><a href=\"https:\/\/www.ferrovial.com\/es\/innovacion\/\" title=\"Innovaci\u00f3n\">Innovaci\u00f3n<\/a><\/li>\n                                                                        <li><a href=\"https:\/\/www.ferrovial.com\/es\/innovacion\/como-innovamos\/\" title=\"C\u00f3mo innovamos\">C\u00f3mo innovamos<\/a><\/li>\n                                                                        <li><a href=\"https:\/\/www.ferrovial.com\/es\/innovacion\/como-innovamos\/cultura\/\" title=\"Cultura de innovaci\u00f3n\">Cultura de innovaci\u00f3n<\/a><\/li>\n                                    \n                <\/ol>\n\n                <\/c-breadcrumb>\n    \n        <div slot=\"header\">\n            <h1>\n                Zuritanken            <\/h1>\n                    <\/div>\n    <\/m-final-content-header>\n\n    \n\n\n<m-wysiwig class=\"wp-block-components-wysiwyg\"><div slot=\"maincontent\">    <p class=\"intro\">Zuritanken es un programa de generaci\u00f3n de ideas de innovaci\u00f3n abierto a todos los empleados, para fomentar la cultura de innovaci\u00f3n.<\/p>\n    \n\n\n<p>Este programa interno tiene como objetivo la&nbsp;<strong>generaci\u00f3n de ideas<\/strong>&nbsp;que den respuesta a una serie de retos planteados por nuestros negocios. Adem\u00e1s, busca reconocer el&nbsp;<strong>talento&nbsp;<\/strong>innovador, premiando y reconociendo las mejores ideas con potencial de ser implantadas en una gala de entrega de premios.<\/p>\n\n\n\n<p>Se celebra cada dos a\u00f1os, siendo la primera edici\u00f3n en el 2012. La tercera edici\u00f3n, celebrada en 2016, puede considerarse todo un \u00e9xito tanto por el n\u00famero de ideas presentadas,&nbsp;<strong>m\u00e1s de 1.400<\/strong>, como por el n\u00famero de participantes,&nbsp;<strong>m\u00e1s de 1.700 personas<\/strong>. Por esta iniciativa, hemos sido galardonados en la categor\u00eda de talento digital en la II edici\u00f3n de los&nbsp;<a rel=\"noreferrer noopener\" href=\"http:\/\/www.expansion.com\/economia-digital\/ideas-digitales\/2016\/11\/14\/5829be63268e3e576a8b45a5.html\" target=\"_blank\">Premios Expansi\u00f3n<\/a>&nbsp;a las 50 mejores iniciativas digitales.<\/p>\n\n\n\n<h2 class=\"wp-block-heading\"><strong>\u00bfC\u00f3mo funciona <em>Zuritanken<\/em>?<\/strong><\/h2>\n\n\n\n<p>El programa se vertebra a trav\u00e9s de&nbsp;<strong>retos de negocio<\/strong>. Cada participante, de forma individual o en grupo, puede enviar todas las ideas que mejor respondan a los retos identificados. Las ideas son seleccionadas tras ir pasando por distintas etapas de evaluaci\u00f3n de manera an\u00f3nima en cuanto a los autores de las mismas. Distintos grupos de expertos, elegidos en base a unos criterios de conocimiento, experiencia y visi\u00f3n, realizan sucesivas evaluaciones de acuerdo a criterios de <strong>novedad<\/strong>, <strong>valor potencial<\/strong> y <strong>viabilidad<\/strong>.<\/p>\n\n\n\n<p>Mantenemos el compromiso de&nbsp;<strong>implantar<\/strong>&nbsp;todas las ideas finalistas y ganadoras que incrementen la productividad y la eficiencia de los procesos y que puedan llegar a generar nuevas oportunidades de negocio. Los equipos de implantaci\u00f3n est\u00e1n constituidos por los autores de las ideas junto con responsables del negocio relacionado directamente con la idea.<\/p>\n<\/div><\/m-wysiwig>\n","protected":false},"excerpt":{"rendered":"","protected":false},"featured_media":0,"parent":113220,"menu_order":0,"comment_status":"closed","ping_status":"closed","template":"","meta":{"_acf_changed":false,"footnotes":""},"class_list":["post-114664","page","type-page","status-publish","hentry"],"acf":[],"yoast_head":"<!-- This site is optimized with the Yoast SEO plugin v27.2 - https:\/\/yoast.com\/product\/yoast-seo-wordpress\/ -->\n<title>Zuritanken - Ferrovial<\/title>\n<meta name=\"description\" content=\"Zuritanken es un programa para empleados que estimula la generaci\u00f3n de ideas de innovaci\u00f3n, impulsado desde la alta direcci\u00f3n de Ferrovial.\" \/>\n<meta name=\"robots\" content=\"index, follow, max-snippet:-1, max-image-preview:large, max-video-preview:-1\" \/>\n<link rel=\"canonical\" href=\"https:\/\/www.ferrovial.com\/es-es\/innovacion\/como-innovamos\/cultura\/zuritanken\/\" \/>\n<meta property=\"og:locale\" content=\"es_ES\" \/>\n<meta property=\"og:type\" content=\"article\" \/>\n<meta property=\"og:title\" content=\"Zuritanken - Ferrovial\" \/>\n<meta property=\"og:description\" content=\"Zuritanken es un programa para empleados que estimula la generaci\u00f3n de ideas de innovaci\u00f3n, impulsado desde la alta direcci\u00f3n de Ferrovial.\" \/>\n<meta property=\"og:url\" content=\"https:\/\/www.ferrovial.com\/es-es\/innovacion\/como-innovamos\/cultura\/zuritanken\/\" \/>\n<meta property=\"og:site_name\" content=\"Ferrovial\" \/>\n<meta property=\"article:publisher\" content=\"https:\/\/www.facebook.com\/ferrovial\" \/>\n<meta property=\"article:modified_time\" content=\"2025-05-08T11:06:41+00:00\" \/>\n<meta name=\"twitter:card\" content=\"summary_large_image\" \/>\n<meta name=\"twitter:site\" content=\"@ferrovial\" \/>\n<meta name=\"twitter:label1\" content=\"Tiempo de lectura\" \/>\n\t<meta name=\"twitter:data1\" content=\"1 minuto\" \/>\n<!-- \/ Yoast SEO plugin. -->","yoast_head_json":{"title":"Zuritanken - Ferrovial","description":"Zuritanken es un programa para empleados que estimula la generaci\u00f3n de ideas de innovaci\u00f3n, impulsado desde la alta direcci\u00f3n de Ferrovial.","robots":{"index":"index","follow":"follow","max-snippet":"max-snippet:-1","max-image-preview":"max-image-preview:large","max-video-preview":"max-video-preview:-1"},"canonical":"https:\/\/www.ferrovial.com\/es-es\/innovacion\/como-innovamos\/cultura\/zuritanken\/","og_locale":"es_ES","og_type":"article","og_title":"Zuritanken - Ferrovial","og_description":"Zuritanken es un programa para empleados que estimula la generaci\u00f3n de ideas de innovaci\u00f3n, impulsado desde la alta direcci\u00f3n de Ferrovial.","og_url":"https:\/\/www.ferrovial.com\/es-es\/innovacion\/como-innovamos\/cultura\/zuritanken\/","og_site_name":"Ferrovial","article_publisher":"https:\/\/www.facebook.com\/ferrovial","article_modified_time":"2025-05-08T11:06:41+00:00","twitter_card":"summary_large_image","twitter_site":"@ferrovial","twitter_misc":{"Tiempo de lectura":"1 minuto"},"schema":{"@context":"https:\/\/schema.org","@graph":[{"@type":"WebPage","@id":"https:\/\/www.ferrovial.com\/es-es\/innovacion\/como-innovamos\/cultura\/zuritanken\/","url":"https:\/\/www.ferrovial.com\/es-es\/innovacion\/como-innovamos\/cultura\/zuritanken\/","name":"Zuritanken - Ferrovial","isPartOf":{"@id":"https:\/\/www.ferrovial.com\/es-es\/#website"},"datePublished":"2019-09-05T12:55:51+00:00","dateModified":"2025-05-08T11:06:41+00:00","description":"Zuritanken es un programa para empleados que estimula la generaci\u00f3n de ideas de innovaci\u00f3n, impulsado desde la alta direcci\u00f3n de Ferrovial.","breadcrumb":{"@id":"https:\/\/www.ferrovial.com\/es-es\/innovacion\/como-innovamos\/cultura\/zuritanken\/#breadcrumb"},"inLanguage":"es","potentialAction":[{"@type":"ReadAction","target":["https:\/\/www.ferrovial.com\/es-es\/innovacion\/como-innovamos\/cultura\/zuritanken\/"]}]},{"@type":"BreadcrumbList","@id":"https:\/\/www.ferrovial.com\/es-es\/innovacion\/como-innovamos\/cultura\/zuritanken\/#breadcrumb","itemListElement":[{"@type":"ListItem","position":1,"name":"Portada","item":"https:\/\/www.ferrovial.com\/es-es\/"},{"@type":"ListItem","position":2,"name":"Innovaci\u00f3n","item":"https:\/\/www.ferrovial.com\/es-es\/innovacion\/"},{"@type":"ListItem","position":3,"name":"C\u00f3mo innovamos","item":"https:\/\/www.ferrovial.com\/es-es\/innovacion\/como-innovamos\/"},{"@type":"ListItem","position":4,"name":"Cultura de innovaci\u00f3n","item":"https:\/\/www.ferrovial.com\/es-es\/innovacion\/como-innovamos\/cultura\/"},{"@type":"ListItem","position":5,"name":"Zuritanken"}]},{"@type":"WebSite","@id":"https:\/\/www.ferrovial.com\/es-es\/#website","url":"https:\/\/www.ferrovial.com\/es-es\/","name":"Ferrovial","description":"Welcome to the Ferrovial&#039;s website, global operator of sustainable infrastructure. Here you can find all the information about the company and subsidiaries.","publisher":{"@id":"https:\/\/www.ferrovial.com\/es-es\/#organization"},"potentialAction":[{"@type":"SearchAction","target":{"@type":"EntryPoint","urlTemplate":"https:\/\/www.ferrovial.com\/es-es\/?s={search_term_string}"},"query-input":{"@type":"PropertyValueSpecification","valueRequired":true,"valueName":"search_term_string"}}],"inLanguage":"es"},{"@type":"Organization","@id":"https:\/\/www.ferrovial.com\/es-es\/#organization","name":"Ferrovial S.A.","url":"https:\/\/www.ferrovial.com\/es-es\/","logo":{"@type":"ImageObject","inLanguage":"es","@id":"https:\/\/www.ferrovial.com\/es-es\/#\/schema\/logo\/image\/","url":"https:\/\/static.ferrovial.com\/wp-content\/uploads\/2020\/01\/13124948\/logo-ferrovial-cf7.png","contentUrl":"https:\/\/static.ferrovial.com\/wp-content\/uploads\/2020\/01\/13124948\/logo-ferrovial-cf7.png","width":144,"height":32,"caption":"Ferrovial S.A."},"image":{"@id":"https:\/\/www.ferrovial.com\/es-es\/#\/schema\/logo\/image\/"},"sameAs":["https:\/\/www.facebook.com\/ferrovial","https:\/\/x.com\/ferrovial","https:\/\/www.instagram.com\/ferrovial\/","https:\/\/www.linkedin.com\/company\/ferrovial","https:\/\/www.pinterest.es\/ferrovial\/","https:\/\/www.youtube.com\/ferrovial","https:\/\/en.wikipedia.org\/wiki\/Ferrovial"]}]}},"_links":{"self":[{"href":"https:\/\/www.ferrovial.com\/es-es\/wp-json\/wp\/v2\/pages\/114664","targetHints":{"allow":["GET"]}}],"collection":[{"href":"https:\/\/www.ferrovial.com\/es-es\/wp-json\/wp\/v2\/pages"}],"about":[{"href":"https:\/\/www.ferrovial.com\/es-es\/wp-json\/wp\/v2\/types\/page"}],"replies":[{"embeddable":true,"href":"https:\/\/www.ferrovial.com\/es-es\/wp-json\/wp\/v2\/comments?post=114664"}],"version-history":[{"count":3,"href":"https:\/\/www.ferrovial.com\/es-es\/wp-json\/wp\/v2\/pages\/114664\/revisions"}],"predecessor-version":[{"id":304911,"href":"https:\/\/www.ferrovial.com\/es-es\/wp-json\/wp\/v2\/pages\/114664\/revisions\/304911"}],"up":[{"embeddable":true,"href":"https:\/\/www.ferrovial.com\/es-es\/wp-json\/wp\/v2\/pages\/113220"}],"wp:attachment":[{"href":"https:\/\/www.ferrovial.com\/es-es\/wp-json\/wp\/v2\/media?parent=114664"}],"curies":[{"name":"wp","href":"https:\/\/api.w.org\/{rel}","templated":true}]}}