{"id":121339,"date":"2019-12-18T11:15:20","date_gmt":"2019-12-18T10:15:20","guid":{"rendered":"https:\/\/www.ferrovial.com\/?page_id=121339"},"modified":"2020-04-21T20:27:34","modified_gmt":"2020-04-21T18:27:34","slug":"betunes-caracteristicas","status":"publish","type":"page","link":"https:\/\/www.ferrovial.com\/es-es\/ditecpesa\/que-hacemos\/betunes-caracteristicas\/","title":{"rendered":"Betunes: caracter\u00edsticas de los productos"},"content":{"rendered":"    <m-final-content-header >\n            <c-breadcrumb label-text=\"Breadcrumb\" slot=\"breadcrumbs\" type='2' align='left' wrap='wrapped wrapped' aria-label='Vienes de Qu\u00e9 hacemos'>\n                        <ol>\n\n                                                            <li><a href=\"https:\/\/www.ferrovial.com\/es-es\/\" title=\"Ferrovial\">Ferrovial<\/a><\/li>\n                                                                        <li><a href=\"https:\/\/www.ferrovial.com\/es-es\/ditecpesa\/\" title=\"Ditecpesa\">Ditecpesa<\/a><\/li>\n                                                                        <li><a href=\"https:\/\/www.ferrovial.com\/es-es\/ditecpesa\/que-hacemos\/\" title=\"Qu\u00e9 hacemos\">Qu\u00e9 hacemos<\/a><\/li>\n                                    \n                <\/ol>\n\n                <\/c-breadcrumb>\n    \n        <div slot=\"header\">\n            <h1>\n                Betunes: caracter\u00edsticas de los productos            <\/h1>\n                    <\/div>\n    <\/m-final-content-header>\n\n    \n\n\n    <m-link-list>\n                    <h3 slot=\"maintitle\">\n                Betunes convencionales de penetraci\u00f3n            <\/h3>\n                    <p slot=\"text\">Descripci\u00f3n por defecto<\/p>\n                    <ul slot=\"links\">\n                                    <li>\n                        <c-link external='_blank' sr-only='Abrir en una nueva pesta\u00f1a' icon='download'>\n                            <a href=\"https:\/\/static.ferrovial.com\/wp-content\/uploads\/2019\/12\/13131644\/1489675325-1-1.pdf\" title=\"Bet\u00fan 15\/25\">\n                                Bet\u00fan 15\/25 (PDF 46 KB)                            <\/a>\n                        <\/c-link>\n                    <\/li>\n                                    <li>\n                        <c-link external='_blank' sr-only='Abrir en una nueva pesta\u00f1a' icon='download'>\n                            <a href=\"https:\/\/static.ferrovial.com\/wp-content\/uploads\/2019\/12\/13131644\/1459954714-1.pdf\" title=\"Bet\u00fan 35\/50\">\n                                Bet\u00fan 35\/50 (PDF 86 KB)                            <\/a>\n                        <\/c-link>\n                    <\/li>\n                                    <li>\n                        <c-link external='_blank' sr-only='Abrir en una nueva pesta\u00f1a' icon='download'>\n                            <a href=\"https:\/\/static.ferrovial.com\/wp-content\/uploads\/2019\/12\/13131643\/1459954740-1.pdf\" title=\"Bet\u00fan 50\/70\">\n                                Bet\u00fan 50\/70 (PDF 86 KB)                            <\/a>\n                        <\/c-link>\n                    <\/li>\n                                    <li>\n                        <c-link external='_blank' sr-only='Abrir en una nueva pesta\u00f1a' icon='download'>\n                            <a href=\"https:\/\/static.ferrovial.com\/wp-content\/uploads\/2019\/12\/13131643\/1459954764-1.pdf\" title=\"Bet\u00fan 160\/220\">\n                                Bet\u00fan 160\/220 (PDF 86 KB)                            <\/a>\n                        <\/c-link>\n                    <\/li>\n                            <\/ul>\n            <\/m-link-list>\n    \n\n\n    <m-link-list>\n                    <h3 slot=\"maintitle\">\n                Betunes modificados            <\/h3>\n                    <p slot=\"text\">Descripci\u00f3n por defecto<\/p>\n                    <ul slot=\"links\">\n                                    <li>\n                        <c-link external='_blank' sr-only='Abrir en una nueva pesta\u00f1a' icon='download'>\n                            <a href=\"https:\/\/static.ferrovial.com\/wp-content\/uploads\/2019\/12\/13131646\/1460476357.pdf\" title=\"PMB 10\/40-70\">\n                                PMB 10\/40-70 (PDF 88 KB)                            <\/a>\n                        <\/c-link>\n                    <\/li>\n                                    <li>\n                        <c-link external='_blank' sr-only='Abrir en una nueva pesta\u00f1a' icon='download'>\n                            <a href=\"https:\/\/static.ferrovial.com\/wp-content\/uploads\/2019\/12\/13131646\/1460476388.pdf\" title=\"PMB 25\/55-65\">\n                                PMB 25\/55-65 (PDF 88 KB)                            <\/a>\n                        <\/c-link>\n                    <\/li>\n                                    <li>\n                        <c-link external='_blank' sr-only='Abrir en una nueva pesta\u00f1a' icon='download'>\n                            <a href=\"https:\/\/static.ferrovial.com\/wp-content\/uploads\/2019\/12\/13131645\/1460476427.pdf\" title=\"PMB 45\/80-60 (BM-3b)\">\n                                PMB 45\/80-60 (BM-3b) (PDF 89 KB)                            <\/a>\n                        <\/c-link>\n                    <\/li>\n                                    <li>\n                        <c-link external='_blank' sr-only='Abrir en una nueva pesta\u00f1a' icon='download'>\n                            <a href=\"#\" title=\"PMB 45\/80-65 (BM-3c)\">\n                                PMB 45\/80-65 (BM-3c) ()                            <\/a>\n                        <\/c-link>\n                    <\/li>\n                                    <li>\n                        <c-link external='_blank' sr-only='Abrir en una nueva pesta\u00f1a' icon='download'>\n                            <a href=\"https:\/\/static.ferrovial.com\/wp-content\/uploads\/2019\/12\/13131643\/1460476786-1.pdf\" title=\"PMB 45\/80-75\">\n                                PMB 45\/80-75 (PDF 88 KB)                            <\/a>\n                        <\/c-link>\n                    <\/li>\n                            <\/ul>\n            <\/m-link-list>\n    \n\n\n    <m-link-list>\n                    <h3 slot=\"maintitle\">\n                Betunes Multigrado            <\/h3>\n                    <p slot=\"text\">Descripci\u00f3n por defecto<\/p>\n                    <ul slot=\"links\">\n                                    <li>\n                        <c-link external='_blank' sr-only='Abrir en una nueva pesta\u00f1a' icon='download'>\n                            <a href=\"https:\/\/static.ferrovial.com\/wp-content\/uploads\/2019\/12\/13131642\/1510835141.pdf\" title=\"MG 35\/50-59\/69\">\n                                MG 35\/50-59\/69 (PDF 144 KB)                            <\/a>\n                        <\/c-link>\n                    <\/li>\n                                    <li>\n                        <c-link external='_blank' sr-only='Abrir en una nueva pesta\u00f1a' icon='download'>\n                            <a href=\"https:\/\/static.ferrovial.com\/wp-content\/uploads\/2019\/12\/13131642\/1510835188.pdf\" title=\"MG 50\/70-54\/64\">\n                                MG 50\/70-54\/64 (PDF 143 KB)                            <\/a>\n                        <\/c-link>\n                    <\/li>\n                            <\/ul>\n            <\/m-link-list>\n    \n\n\n    <m-link-list>\n                    <h3 slot=\"maintitle\">\n                Betunes Ecol\u00f3gicos            <\/h3>\n                    <p slot=\"text\">Descripci\u00f3n por defecto<\/p>\n                    <ul slot=\"links\">\n                                    <li>\n                        <c-link external='_blank' sr-only='Abrir en una nueva pesta\u00f1a' icon='download'>\n                            <a href=\"https:\/\/static.ferrovial.com\/wp-content\/uploads\/2019\/12\/13131642\/1460475730.pdf\" title=\"Bet\u00fan Semicaliente baja Viscosidad - B 35\/50 LV\">\n                                Bet\u00fan Semicaliente baja Viscosidad &#8211; B 35\/50 LV (PDF 98 KB)                            <\/a>\n                        <\/c-link>\n                    <\/li>\n                                    <li>\n                        <c-link external='_blank' sr-only='Abrir en una nueva pesta\u00f1a' icon='download'>\n                            <a href=\"https:\/\/static.ferrovial.com\/wp-content\/uploads\/2019\/12\/13131642\/1460475640.pdf\" title=\"Bet\u00fan semicaliente baja temperatura - B 35\/50 LT\">\n                                Bet\u00fan semicaliente baja temperatura &#8211; B 35\/50 LT (PDF 91 KB)                            <\/a>\n                        <\/c-link>\n                    <\/li>\n                                    <li>\n                        <c-link external='_blank' sr-only='Abrir en una nueva pesta\u00f1a' icon='download'>\n                            <a href=\"https:\/\/static.ferrovial.com\/wp-content\/uploads\/2019\/12\/13131641\/1460475688.pdf\" title=\"Bet\u00fan Semicaliente baja temperatura - B 50\/70 LT\">\n                                Bet\u00fan Semicaliente baja temperatura &#8211; B 50\/70 LT (PDF 91 KB)                            <\/a>\n                        <\/c-link>\n                    <\/li>\n                                    <li>\n                        <c-link external='false' icon='arrow'>\n                            <a href=\"\" title=\"Bet\u00fan modificado con polvo de caucho de neum\u00e1tico fuera de servicio: PMB 45\/80-60C\">\n                                Bet\u00fan modificado con polvo de caucho de neum\u00e1tico fuera de servicio: PMB 45\/80-60C                            <\/a>\n                        <\/c-link>\n                    <\/li>\n                                    <li>\n                        <c-link external='_blank' sr-only='Abrir en una nueva pesta\u00f1a' icon='download'>\n                            <a href=\"https:\/\/static.ferrovial.com\/wp-content\/uploads\/2019\/12\/13131641\/1460545470.pdf\" title=\"Bet\u00fan modificado con polvo de caucho de neum\u00e1tico fuera de servicio: PMB 45\/80-65C\">\n                                Bet\u00fan modificado con polvo de caucho de neum\u00e1tico fuera de servicio: PMB 45\/80-65C (PDF 94 KB)                            <\/a>\n                        <\/c-link>\n                    <\/li>\n                                    <li>\n                        <c-link external='_blank' sr-only='Abrir en una nueva pesta\u00f1a' icon='download'>\n                            <a href=\"https:\/\/static.ferrovial.com\/wp-content\/uploads\/2019\/12\/13131641\/1460475949.pdf\" title=\"Betunes mejorados con caucho BC 35\/50\">\n                                Betunes mejorados con caucho BC 35\/50 (PDF 92 KB)                            <\/a>\n                        <\/c-link>\n                    <\/li>\n                                    <li>\n                        <c-link external='_blank' sr-only='Abrir en una nueva pesta\u00f1a' icon='download'>\n                            <a href=\"https:\/\/static.ferrovial.com\/wp-content\/uploads\/2019\/12\/13131641\/1460475982.pdf\" title=\"Betunes mejorados con caucho BC 50\/70\">\n                                Betunes mejorados con caucho BC 50\/70 (PDF 92 KB)                            <\/a>\n                        <\/c-link>\n                    <\/li>\n                                    <li>\n                        <c-link external='_blank' sr-only='Abrir en una nueva pesta\u00f1a' icon='download'>\n                            <a href=\"https:\/\/static.ferrovial.com\/wp-content\/uploads\/2019\/12\/13131640\/1460475801.pdf\" title=\"Betunes modificados de alta viscosidad con caucho BMAVC-1\">\n                                Betunes modificados de alta viscosidad con caucho BMAVC-1 (PDF 96 KB)                            <\/a>\n                        <\/c-link>\n                    <\/li>\n                                    <li>\n                        <c-link external='_blank' sr-only='Abrir en una nueva pesta\u00f1a' icon='download'>\n                            <a href=\"https:\/\/static.ferrovial.com\/wp-content\/uploads\/2019\/12\/13131640\/1392111325.pdf\" title=\"Bet\u00fan modificado con polietileno reciclado estable al almacenamiento - PMB Cicloplast\">\n                                Bet\u00fan modificado con polietileno reciclado estable al almacenamiento &#8211; PMB Cicloplast (PDF 65 KB)                            <\/a>\n                        <\/c-link>\n                    <\/li>\n                            <\/ul>\n            <\/m-link-list>\n    \n\n\n    <m-link-list>\n                    <h3 slot=\"maintitle\">\n                Betunes Especiales            <\/h3>\n                    <p slot=\"text\">Descripci\u00f3n por defecto<\/p>\n                    <ul slot=\"links\">\n                                    <li>\n                        <c-link external='_blank' sr-only='Abrir en una nueva pesta\u00f1a' icon='download'>\n                            <a href=\"https:\/\/static.ferrovial.com\/wp-content\/uploads\/2019\/12\/13131640\/1460476287.pdf\" title=\"PMB 45\/80-65 Activado (Activado)\">\n                                PMB 45\/80-65 Activado (Activado) (PDF 90 KB)                            <\/a>\n                        <\/c-link>\n                    <\/li>\n                                    <li>\n                        <c-link external='_blank' sr-only='Abrir en una nueva pesta\u00f1a' icon='download'>\n                            <a href=\"https:\/\/static.ferrovial.com\/wp-content\/uploads\/2019\/12\/13131639\/1460476219.pdf\" title=\"Bet\u00fan sint\u00e9tico\">\n                                Bet\u00fan sint\u00e9tico (PDF 89 KB)                            <\/a>\n                        <\/c-link>\n                    <\/li>\n                                    <li>\n                        <c-link external='_blank' sr-only='Abrir en una nueva pesta\u00f1a' icon='download'>\n                            <a href=\"https:\/\/static.ferrovial.com\/wp-content\/uploads\/2019\/12\/13131639\/1460476181.pdf\" title=\"Bet\u00fan Anticarburante\">\n                                Bet\u00fan Anticarburante (PDF 98 KB)                            <\/a>\n                        <\/c-link>\n                    <\/li>\n                            <\/ul>\n            <\/m-link-list>\n    \n\n\n    <m-link-list>\n                    <h3 slot=\"maintitle\">\n                Emulsiones            <\/h3>\n                    <p slot=\"text\">Descripci\u00f3n por defecto<\/p>\n                    <ul slot=\"links\">\n                                    <li>\n                        <c-link external='false' icon='arrow'>\n                            <a href=\"\" title=\"C60B3 (ECR-1)\">\n                                C60B3 (ECR-1)                            <\/a>\n                        <\/c-link>\n                    <\/li>\n                                    <li>\n                        <c-link external='_blank' sr-only='Abrir en una nueva pesta\u00f1a' icon='download'>\n                            <a href=\"https:\/\/static.ferrovial.com\/wp-content\/uploads\/2019\/12\/13131639\/1489675427.pdf\" title=\"C60B3 TER\">\n                                C60B3 TER (PDF 58 KB)                            <\/a>\n                        <\/c-link>\n                    <\/li>\n                                    <li>\n                        <c-link external='_blank' sr-only='Abrir en una nueva pesta\u00f1a' icon='download'>\n                            <a href=\"https:\/\/static.ferrovial.com\/wp-content\/uploads\/2019\/12\/13131639\/1460476960.pdf\" title=\"C65B3 (ECR-2)\">\n                                C65B3 (ECR-2) (PDF 58 KB)                            <\/a>\n                        <\/c-link>\n                    <\/li>\n                                    <li>\n                        <c-link external='_blank' sr-only='Abrir en una nueva pesta\u00f1a' icon='download'>\n                            <a href=\"https:\/\/static.ferrovial.com\/wp-content\/uploads\/2019\/12\/13131638\/1460476935.pdf\" title=\"C60B5(ECL-1)\">\n                                C60B5(ECL-1) (PDF 58 KB)                            <\/a>\n                        <\/c-link>\n                    <\/li>\n                                    <li>\n                        <c-link external='_blank' sr-only='Abrir en una nueva pesta\u00f1a' icon='download'>\n                            <a href=\"https:\/\/static.ferrovial.com\/wp-content\/uploads\/2019\/12\/13131638\/1460546560.pdf\" title=\"C50BF4 (ECI)\">\n                                C50BF4 (ECI) (PDF 58 KB)                            <\/a>\n                        <\/c-link>\n                    <\/li>\n                                    <li>\n                        <c-link external='_blank' sr-only='Abrir en una nueva pesta\u00f1a' icon='download'>\n                            <a href=\"https:\/\/static.ferrovial.com\/wp-content\/uploads\/2019\/12\/13131638\/1460476844.pdf\" title=\"C67BF3(ECM)\">\n                                C67BF3(ECM) (PDF 57 KB)                            <\/a>\n                        <\/c-link>\n                    <\/li>\n                                    <li>\n                        <c-link external='_blank' sr-only='Abrir en una nueva pesta\u00f1a' icon='download'>\n                            <a href=\"https:\/\/static.ferrovial.com\/wp-content\/uploads\/2019\/12\/13131637\/1460477003.pdf\" title=\"C60BP5\">\n                                C60BP5 (PDF 58 KB)                            <\/a>\n                        <\/c-link>\n                    <\/li>\n                                    <li>\n                        <c-link external='_blank' sr-only='Abrir en una nueva pesta\u00f1a' icon='download'>\n                            <a href=\"https:\/\/static.ferrovial.com\/wp-content\/uploads\/2019\/12\/13131637\/1489675515.pdf\" title=\"C60BP3\">\n                                C60BP3 (PDF 57 KB)                            <\/a>\n                        <\/c-link>\n                    <\/li>\n                                    <li>\n                        <c-link external='_blank' sr-only='Abrir en una nueva pesta\u00f1a' icon='download'>\n                            <a href=\"https:\/\/static.ferrovial.com\/wp-content\/uploads\/2019\/12\/13131637\/1489676038.pdf\" title=\"C60BP3 TER\">\n                                C60BP3 TER (PDF 59 KB)                            <\/a>\n                        <\/c-link>\n                    <\/li>\n                            <\/ul>\n            <\/m-link-list>\n    \n\n    <m-multiple-distributor columns='3'>\n                            <div class=\"card\">\n                                                <img decoding=\"async\" src=\"https:\/\/static.ferrovial.com\/wp-content\/uploads\/2020\/02\/13130124\/documentos-comerciales-y-tecnicos-800x600.jpg\" alt=\"documentos-comerciales-y-tecnicos-ditecpesa\" position=\"center center\" \/>\n                                                        <p class=\"name\">Documentos comerciales y t\u00e9cnicos<\/p>\n                                                                    <p class=\"description\">Descripci\u00f3n por defecto<\/p>\n                                                                        <a title='M\u00e1s informaci\u00f3n' aria-label='M\u00e1s informaci\u00f3n sobre Documentos comerciales y t\u00e9cnicos'>M\u00e1s informaci\u00f3n<\/a>\n                                                            <\/div>\n                                        <div class=\"card\">\n                                                <img decoding=\"async\" src=\"https:\/\/static.ferrovial.com\/wp-content\/uploads\/2020\/02\/13130120\/marcado-ce-800x600.jpg\" alt=\"marcado-ce\" position=\"center center\" \/>\n                                                        <p class=\"name\">Marcado CE<\/p>\n                                                                    <p class=\"description\">Descripci\u00f3n por defecto<\/p>\n                                                                        <a title='M\u00e1s informaci\u00f3n' aria-label='M\u00e1s informaci\u00f3n sobre Marcado CE'>M\u00e1s informaci\u00f3n<\/a>\n                                                            <\/div>\n                        <\/m-multiple-distributor>\n\n    ","protected":false},"excerpt":{"rendered":"","protected":false},"featured_media":0,"parent":18073,"menu_order":0,"comment_status":"closed","ping_status":"closed","template":"","meta":{"_acf_changed":false,"footnotes":""},"class_list":["post-121339","page","type-page","status-publish","hentry"],"acf":[],"yoast_head":"<!-- This site is optimized with the Yoast SEO plugin v27.2 - https:\/\/yoast.com\/product\/yoast-seo-wordpress\/ -->\n<title>Betunes: caracter\u00edsticas de los productos - Ferrovial<\/title>\n<meta name=\"description\" content=\"Welcome to the Ferrovial&#039;s website, global operator of sustainable infrastructure. Here you can find all the information about the company and subsidiaries.\" \/>\n<meta name=\"robots\" content=\"index, follow, max-snippet:-1, max-image-preview:large, max-video-preview:-1\" \/>\n<link rel=\"canonical\" href=\"https:\/\/www.ferrovial.com\/es-es\/ditecpesa\/que-hacemos\/betunes-caracteristicas\/\" \/>\n<meta property=\"og:locale\" content=\"es_ES\" \/>\n<meta property=\"og:type\" content=\"article\" \/>\n<meta property=\"og:title\" content=\"Betunes: caracter\u00edsticas de los productos - Ferrovial\" \/>\n<meta property=\"og:description\" content=\"Welcome to the Ferrovial&#039;s website, global operator of sustainable infrastructure. Here you can find all the information about the company and subsidiaries.\" \/>\n<meta property=\"og:url\" content=\"https:\/\/www.ferrovial.com\/es-es\/ditecpesa\/que-hacemos\/betunes-caracteristicas\/\" \/>\n<meta property=\"og:site_name\" content=\"Ferrovial\" \/>\n<meta property=\"article:publisher\" content=\"https:\/\/www.facebook.com\/ferrovial\" \/>\n<meta property=\"article:modified_time\" content=\"2020-04-21T18:27:34+00:00\" \/>\n<meta name=\"twitter:card\" content=\"summary_large_image\" \/>\n<meta name=\"twitter:site\" content=\"@ferrovial\" \/>\n<!-- \/ Yoast SEO plugin. -->","yoast_head_json":{"title":"Betunes: caracter\u00edsticas de los productos - Ferrovial","description":"Welcome to the Ferrovial's website, global operator of sustainable infrastructure. Here you can find all the information about the company and subsidiaries.","robots":{"index":"index","follow":"follow","max-snippet":"max-snippet:-1","max-image-preview":"max-image-preview:large","max-video-preview":"max-video-preview:-1"},"canonical":"https:\/\/www.ferrovial.com\/es-es\/ditecpesa\/que-hacemos\/betunes-caracteristicas\/","og_locale":"es_ES","og_type":"article","og_title":"Betunes: caracter\u00edsticas de los productos - Ferrovial","og_description":"Welcome to the Ferrovial's website, global operator of sustainable infrastructure. Here you can find all the information about the company and subsidiaries.","og_url":"https:\/\/www.ferrovial.com\/es-es\/ditecpesa\/que-hacemos\/betunes-caracteristicas\/","og_site_name":"Ferrovial","article_publisher":"https:\/\/www.facebook.com\/ferrovial","article_modified_time":"2020-04-21T18:27:34+00:00","twitter_card":"summary_large_image","twitter_site":"@ferrovial","schema":{"@context":"https:\/\/schema.org","@graph":[{"@type":"WebPage","@id":"https:\/\/www.ferrovial.com\/es-es\/ditecpesa\/que-hacemos\/betunes-caracteristicas\/","url":"https:\/\/www.ferrovial.com\/es-es\/ditecpesa\/que-hacemos\/betunes-caracteristicas\/","name":"Betunes: caracter\u00edsticas de los productos - Ferrovial","isPartOf":{"@id":"https:\/\/www.ferrovial.com\/es-es\/#website"},"datePublished":"2019-12-18T10:15:20+00:00","dateModified":"2020-04-21T18:27:34+00:00","description":"Welcome to the Ferrovial's website, global operator of sustainable infrastructure. Here you can find all the information about the company and subsidiaries.","breadcrumb":{"@id":"https:\/\/www.ferrovial.com\/es-es\/ditecpesa\/que-hacemos\/betunes-caracteristicas\/#breadcrumb"},"inLanguage":"es","potentialAction":[{"@type":"ReadAction","target":["https:\/\/www.ferrovial.com\/es-es\/ditecpesa\/que-hacemos\/betunes-caracteristicas\/"]}]},{"@type":"BreadcrumbList","@id":"https:\/\/www.ferrovial.com\/es-es\/ditecpesa\/que-hacemos\/betunes-caracteristicas\/#breadcrumb","itemListElement":[{"@type":"ListItem","position":1,"name":"Portada","item":"https:\/\/www.ferrovial.com\/es-es\/"},{"@type":"ListItem","position":2,"name":"Ditecpesa","item":"https:\/\/www.ferrovial.com\/es-es\/ditecpesa\/"},{"@type":"ListItem","position":3,"name":"Qu\u00e9 hacemos","item":"https:\/\/www.ferrovial.com\/es-es\/ditecpesa\/que-hacemos\/"},{"@type":"ListItem","position":4,"name":"Betunes: caracter\u00edsticas de los productos"}]},{"@type":"WebSite","@id":"https:\/\/www.ferrovial.com\/es-es\/#website","url":"https:\/\/www.ferrovial.com\/es-es\/","name":"Ferrovial","description":"Welcome to the Ferrovial&#039;s website, global operator of sustainable infrastructure. Here you can find all the information about the company and subsidiaries.","publisher":{"@id":"https:\/\/www.ferrovial.com\/es-es\/#organization"},"potentialAction":[{"@type":"SearchAction","target":{"@type":"EntryPoint","urlTemplate":"https:\/\/www.ferrovial.com\/es-es\/?s={search_term_string}"},"query-input":{"@type":"PropertyValueSpecification","valueRequired":true,"valueName":"search_term_string"}}],"inLanguage":"es"},{"@type":"Organization","@id":"https:\/\/www.ferrovial.com\/es-es\/#organization","name":"Ferrovial S.A.","url":"https:\/\/www.ferrovial.com\/es-es\/","logo":{"@type":"ImageObject","inLanguage":"es","@id":"https:\/\/www.ferrovial.com\/es-es\/#\/schema\/logo\/image\/","url":"https:\/\/static.ferrovial.com\/wp-content\/uploads\/2020\/01\/13124948\/logo-ferrovial-cf7.png","contentUrl":"https:\/\/static.ferrovial.com\/wp-content\/uploads\/2020\/01\/13124948\/logo-ferrovial-cf7.png","width":144,"height":32,"caption":"Ferrovial S.A."},"image":{"@id":"https:\/\/www.ferrovial.com\/es-es\/#\/schema\/logo\/image\/"},"sameAs":["https:\/\/www.facebook.com\/ferrovial","https:\/\/x.com\/ferrovial","https:\/\/www.instagram.com\/ferrovial\/","https:\/\/www.linkedin.com\/company\/ferrovial","https:\/\/www.pinterest.es\/ferrovial\/","https:\/\/www.youtube.com\/ferrovial","https:\/\/en.wikipedia.org\/wiki\/Ferrovial"]}]}},"_links":{"self":[{"href":"https:\/\/www.ferrovial.com\/es-es\/wp-json\/wp\/v2\/pages\/121339","targetHints":{"allow":["GET"]}}],"collection":[{"href":"https:\/\/www.ferrovial.com\/es-es\/wp-json\/wp\/v2\/pages"}],"about":[{"href":"https:\/\/www.ferrovial.com\/es-es\/wp-json\/wp\/v2\/types\/page"}],"replies":[{"embeddable":true,"href":"https:\/\/www.ferrovial.com\/es-es\/wp-json\/wp\/v2\/comments?post=121339"}],"version-history":[{"count":3,"href":"https:\/\/www.ferrovial.com\/es-es\/wp-json\/wp\/v2\/pages\/121339\/revisions"}],"predecessor-version":[{"id":162826,"href":"https:\/\/www.ferrovial.com\/es-es\/wp-json\/wp\/v2\/pages\/121339\/revisions\/162826"}],"up":[{"embeddable":true,"href":"https:\/\/www.ferrovial.com\/es-es\/wp-json\/wp\/v2\/pages\/18073"}],"wp:attachment":[{"href":"https:\/\/www.ferrovial.com\/es-es\/wp-json\/wp\/v2\/media?parent=121339"}],"curies":[{"name":"wp","href":"https:\/\/api.w.org\/{rel}","templated":true}]}}