{"id":149485,"date":"2020-01-20T09:19:41","date_gmt":"2020-01-20T08:19:41","guid":{"rendered":"https:\/\/www.ferrovial.com\/innovacion\/tecnologias\/vehiculos-autonomas-conectados\/"},"modified":"2023-11-16T21:01:00","modified_gmt":"2023-11-16T20:01:00","slug":"vehiculos-autonomas-conectados","status":"publish","type":"page","link":"https:\/\/www.ferrovial.com\/es-es\/innovacion\/tecnologias\/vehiculos-autonomas-conectados\/","title":{"rendered":"Veh\u00edculos aut\u00f3nomos conectados"},"content":{"rendered":"    <m-final-content-header >\n            <c-breadcrumb label-text=\"Breadcrumb\" slot=\"breadcrumbs\" type='2' align='left' wrap='wrapped wrapped' aria-label='Vienes de Tecnolog\u00edas'>\n                        <ol>\n\n                                                            <li><a href=\"https:\/\/www.ferrovial.com\/es-es\/\" title=\"Ferrovial\">Ferrovial<\/a><\/li>\n                                                                        <li><a href=\"https:\/\/www.ferrovial.com\/es\/innovacion\/\" title=\"Innovaci\u00f3n\">Innovaci\u00f3n<\/a><\/li>\n                                                                        <li><a href=\"https:\/\/www.ferrovial.com\/es\/innovacion\/tecnologias\/\" title=\"Tecnolog\u00edas\">Tecnolog\u00edas<\/a><\/li>\n                                    \n                <\/ol>\n\n                <\/c-breadcrumb>\n    \n        <div slot=\"header\">\n            <h1>\n                Veh\u00edculos aut\u00f3nomos conectados            <\/h1>\n                    <\/div>\n    <\/m-final-content-header>\n\n    \n\n\n<m-wysiwig class=\"wp-block-components-wysiwyg\"><div slot=\"maincontent\">\n<h2 class=\"wp-block-heading\"><strong>\u00bfQu\u00e9 es un VAC?<\/strong><\/h2>\n\n\n\n<p>Los veh\u00edculos aut\u00f3nomos conectados (VAC) son veh\u00edculos que pueden sustituir al conductor en parte o en todas las funciones de la conducci\u00f3n. Veh\u00edculos que accionan de manera autom\u00e1tica los frenos, el acelerador o el volante bajo la supervisi\u00f3n constante del conductor (\u00abnivel 2 de la Sociedad de ingenieros automotrices [SAE, por sus siglas en ingl\u00e9s]) ya se comercializan en el mercado europeo. De acuerdo con el Consejo asesor europeo de investigaci\u00f3n sobre el transporte por carretera (2017), los veh\u00edculos automatizados que permiten al conductor realizar tareas secundarias (niveles 3-4 de la SAE) deber\u00edan encontrarse disponibles en 2020 en el mercado europeo para un n\u00famero determinado de situaciones de conducci\u00f3n (es decir, conducci\u00f3n autom\u00e1tica en autopista o transportes urbanos para itinerarios recurrentes). Los veh\u00edculos capaces de conducir de manera aut\u00f3noma de puerta a puerta (nivel 5 de la SAE) bajo cualquier condici\u00f3n del tr\u00e1fico no se prev\u00e9 que est\u00e9n disponibles antes de 2030, excepto para realizar pruebas.<\/p>\n\n\n\n<h2 class=\"wp-block-heading\"><strong>La recepci\u00f3n prevista de la automatizaci\u00f3n de los veh\u00edculos<\/strong><\/h2>\n\n\n\n<figure class=\"wp-block-image\"><img v-lazy=\"'https:\/\/static.ferrovial.com\/wp-content\/uploads\/2020\/01\/13130821\/infografiacav_es_v2-1-1024x862.jpg'\" alt=\"Expectativa de adopci\u00f3n de la automatizaci\u00f3n del veh\u00edculo\" class=\"wp-image-145975\"\/><\/figure>\n\n\n\n<h2 class=\"wp-block-heading\"><strong>Aplicaciones y\nrepercusi\u00f3n<\/strong><strong><\/strong><\/h2>\n\n\n\n<p>La repercusi\u00f3n que podr\u00edan tener los VAC podr\u00eda ser enorme. En relaci\u00f3n con los sistemas de transporte, estos veh\u00edculos podr\u00edan reducir dr\u00e1sticamente el n\u00famero de v\u00edctimas en carretera ya que el 90% de los accidentes en carretera se deben a errores humanos; en el transporte p\u00fablico, los veh\u00edculos aut\u00f3nomos supondr\u00edan una reducci\u00f3n de los costes de aproximadamente el 50%. Adem\u00e1s, los VAC podr\u00edan favorecer innovaciones en la movilidad de los servicios bajo demanda, econom\u00eda compartida y nuevos modelos de negocio. P. ej.: robotaxis, autobuses urbanos; servicios para personas mayores o discapacitadas; centros de control para monitorizar y coordinar el tr\u00e1fico de VAC; opciones de entretenimiento a bordo; opciones de oficina a bordo;&#8230;<\/p>\n\n\n\n<p>Desde el punto de vista de las concesionarias de carreteras, la digitalizaci\u00f3n y la transformaci\u00f3n del transporte con VAC se contempla como un medio crucial para alcanzar los objetivos impuestos por las autoridades de pol\u00edticas a largo plazo, para racionalizar los procesos internos y para mantener la viabilidad a largo plazo de las empresas concesionarias de carreteras en este panorama cambiante.<\/p>\n\n\n\n<h2 class=\"wp-block-heading\"><strong>Nuestros proyectos de VAC<\/strong><\/h2>\n\n\n\n<p>Colaboramos de manera activa en diferentes proyectos de coches aut\u00f3nomos y conectados, como son: el proyecto VIRIATO en Portugal, un proyecto de investigaci\u00f3n realizado con la Universidad de Texas en Austin, el proyecto C-Roads (carreteras conectadas) en Espa\u00f1a o un proyecto en colaboraci\u00f3n con el Ministerio de transporte de Ontario.<\/p>\n\n\n\n<p>En todos ellos, la compa\u00f1\u00eda analiza la tecnolog\u00eda\nnecesaria para implementar las comunicaciones V2X (veh\u00edculo-veh\u00edculo y\nveh\u00edculo-infraestructura) en las carreteras que gestiona alrededor del mundo y\nhacer m\u00e1s f\u00e1cil la penetraci\u00f3n de los veh\u00edculos conectados y aut\u00f3nomos. Estos\nproyectos se encargan de estudiar el impacto que supondr\u00e1 para el tr\u00e1fico el\nperiodo de coexistencia de veh\u00edculos convencionales y veh\u00edculos sin conductor,\ny analizar la repercusi\u00f3n en el sector de las autopistas de la evoluci\u00f3n del\nuso de otros modos de transporte como veh\u00edculos de alta ocupaci\u00f3n, servicios\npara compartir coche o nuevos servicios de transporte de pasajeros.<\/p>\n<\/div><\/m-wysiwig>\n","protected":false},"excerpt":{"rendered":"","protected":false},"featured_media":0,"parent":113212,"menu_order":0,"comment_status":"closed","ping_status":"closed","template":"","meta":{"_acf_changed":false,"footnotes":""},"class_list":["post-149485","page","type-page","status-publish","hentry"],"acf":[],"yoast_head":"<!-- This site is optimized with the Yoast SEO plugin v27.2 - https:\/\/yoast.com\/product\/yoast-seo-wordpress\/ -->\n<title>Veh\u00edculos aut\u00f3nomos conectados - Ferrovial<\/title>\n<meta name=\"description\" content=\"Welcome to the Ferrovial&#039;s website, global operator of sustainable infrastructure. Here you can find all the information about the company and subsidiaries.\" \/>\n<meta name=\"robots\" content=\"index, follow, max-snippet:-1, max-image-preview:large, max-video-preview:-1\" \/>\n<link rel=\"canonical\" href=\"https:\/\/www.ferrovial.com\/es-es\/innovacion\/tecnologias\/vehiculos-autonomas-conectados\/\" \/>\n<meta property=\"og:locale\" content=\"es_ES\" \/>\n<meta property=\"og:type\" content=\"article\" \/>\n<meta property=\"og:title\" content=\"Veh\u00edculos aut\u00f3nomos conectados - Ferrovial\" \/>\n<meta property=\"og:description\" content=\"Welcome to the Ferrovial&#039;s website, global operator of sustainable infrastructure. Here you can find all the information about the company and subsidiaries.\" \/>\n<meta property=\"og:url\" content=\"https:\/\/www.ferrovial.com\/es-es\/innovacion\/tecnologias\/vehiculos-autonomas-conectados\/\" \/>\n<meta property=\"og:site_name\" content=\"Ferrovial\" \/>\n<meta property=\"article:publisher\" content=\"https:\/\/www.facebook.com\/ferrovial\" \/>\n<meta property=\"article:modified_time\" content=\"2023-11-16T20:01:00+00:00\" \/>\n<meta property=\"og:image\" content=\"https:\/\/www.ferrovial.com\/wp-content\/uploads\/2020\/01\/infografiacav_es_v2-1-1024x862.jpg\" \/>\n<meta name=\"twitter:card\" content=\"summary_large_image\" \/>\n<meta name=\"twitter:site\" content=\"@ferrovial\" \/>\n<meta name=\"twitter:label1\" content=\"Tiempo de lectura\" \/>\n\t<meta name=\"twitter:data1\" content=\"3 minutos\" \/>\n<!-- \/ Yoast SEO plugin. -->","yoast_head_json":{"title":"Veh\u00edculos aut\u00f3nomos conectados - Ferrovial","description":"Welcome to the Ferrovial's website, global operator of sustainable infrastructure. Here you can find all the information about the company and subsidiaries.","robots":{"index":"index","follow":"follow","max-snippet":"max-snippet:-1","max-image-preview":"max-image-preview:large","max-video-preview":"max-video-preview:-1"},"canonical":"https:\/\/www.ferrovial.com\/es-es\/innovacion\/tecnologias\/vehiculos-autonomas-conectados\/","og_locale":"es_ES","og_type":"article","og_title":"Veh\u00edculos aut\u00f3nomos conectados - Ferrovial","og_description":"Welcome to the Ferrovial's website, global operator of sustainable infrastructure. Here you can find all the information about the company and subsidiaries.","og_url":"https:\/\/www.ferrovial.com\/es-es\/innovacion\/tecnologias\/vehiculos-autonomas-conectados\/","og_site_name":"Ferrovial","article_publisher":"https:\/\/www.facebook.com\/ferrovial","article_modified_time":"2023-11-16T20:01:00+00:00","og_image":[{"url":"https:\/\/www.ferrovial.com\/wp-content\/uploads\/2020\/01\/infografiacav_es_v2-1-1024x862.jpg","type":"","width":"","height":""}],"twitter_card":"summary_large_image","twitter_site":"@ferrovial","twitter_misc":{"Tiempo de lectura":"3 minutos"},"schema":{"@context":"https:\/\/schema.org","@graph":[{"@type":"WebPage","@id":"https:\/\/www.ferrovial.com\/es-es\/innovacion\/tecnologias\/vehiculos-autonomas-conectados\/","url":"https:\/\/www.ferrovial.com\/es-es\/innovacion\/tecnologias\/vehiculos-autonomas-conectados\/","name":"Veh\u00edculos aut\u00f3nomos conectados - Ferrovial","isPartOf":{"@id":"https:\/\/www.ferrovial.com\/es-es\/#website"},"primaryImageOfPage":{"@id":"https:\/\/www.ferrovial.com\/es-es\/innovacion\/tecnologias\/vehiculos-autonomas-conectados\/#primaryimage"},"image":{"@id":"https:\/\/www.ferrovial.com\/es-es\/innovacion\/tecnologias\/vehiculos-autonomas-conectados\/#primaryimage"},"thumbnailUrl":"https:\/\/www.ferrovial.com\/wp-content\/uploads\/2020\/01\/infografiacav_es_v2-1-1024x862.jpg","datePublished":"2020-01-20T08:19:41+00:00","dateModified":"2023-11-16T20:01:00+00:00","description":"Welcome to the Ferrovial's website, global operator of sustainable infrastructure. Here you can find all the information about the company and subsidiaries.","breadcrumb":{"@id":"https:\/\/www.ferrovial.com\/es-es\/innovacion\/tecnologias\/vehiculos-autonomas-conectados\/#breadcrumb"},"inLanguage":"es","potentialAction":[{"@type":"ReadAction","target":["https:\/\/www.ferrovial.com\/es-es\/innovacion\/tecnologias\/vehiculos-autonomas-conectados\/"]}]},{"@type":"ImageObject","inLanguage":"es","@id":"https:\/\/www.ferrovial.com\/es-es\/innovacion\/tecnologias\/vehiculos-autonomas-conectados\/#primaryimage","url":"https:\/\/www.ferrovial.com\/wp-content\/uploads\/2020\/01\/infografiacav_es_v2-1-1024x862.jpg","contentUrl":"https:\/\/www.ferrovial.com\/wp-content\/uploads\/2020\/01\/infografiacav_es_v2-1-1024x862.jpg"},{"@type":"BreadcrumbList","@id":"https:\/\/www.ferrovial.com\/es-es\/innovacion\/tecnologias\/vehiculos-autonomas-conectados\/#breadcrumb","itemListElement":[{"@type":"ListItem","position":1,"name":"Portada","item":"https:\/\/www.ferrovial.com\/es-es\/"},{"@type":"ListItem","position":2,"name":"Innovaci\u00f3n","item":"https:\/\/www.ferrovial.com\/es-es\/innovacion\/"},{"@type":"ListItem","position":3,"name":"Tecnolog\u00edas","item":"https:\/\/www.ferrovial.com\/es-es\/innovacion\/tecnologias\/"},{"@type":"ListItem","position":4,"name":"Veh\u00edculos aut\u00f3nomos conectados"}]},{"@type":"WebSite","@id":"https:\/\/www.ferrovial.com\/es-es\/#website","url":"https:\/\/www.ferrovial.com\/es-es\/","name":"Ferrovial","description":"Welcome to the Ferrovial&#039;s website, global operator of sustainable infrastructure. Here you can find all the information about the company and subsidiaries.","publisher":{"@id":"https:\/\/www.ferrovial.com\/es-es\/#organization"},"potentialAction":[{"@type":"SearchAction","target":{"@type":"EntryPoint","urlTemplate":"https:\/\/www.ferrovial.com\/es-es\/?s={search_term_string}"},"query-input":{"@type":"PropertyValueSpecification","valueRequired":true,"valueName":"search_term_string"}}],"inLanguage":"es"},{"@type":"Organization","@id":"https:\/\/www.ferrovial.com\/es-es\/#organization","name":"Ferrovial S.A.","url":"https:\/\/www.ferrovial.com\/es-es\/","logo":{"@type":"ImageObject","inLanguage":"es","@id":"https:\/\/www.ferrovial.com\/es-es\/#\/schema\/logo\/image\/","url":"https:\/\/static.ferrovial.com\/wp-content\/uploads\/2020\/01\/13124948\/logo-ferrovial-cf7.png","contentUrl":"https:\/\/static.ferrovial.com\/wp-content\/uploads\/2020\/01\/13124948\/logo-ferrovial-cf7.png","width":144,"height":32,"caption":"Ferrovial S.A."},"image":{"@id":"https:\/\/www.ferrovial.com\/es-es\/#\/schema\/logo\/image\/"},"sameAs":["https:\/\/www.facebook.com\/ferrovial","https:\/\/x.com\/ferrovial","https:\/\/www.instagram.com\/ferrovial\/","https:\/\/www.linkedin.com\/company\/ferrovial","https:\/\/www.pinterest.es\/ferrovial\/","https:\/\/www.youtube.com\/ferrovial","https:\/\/en.wikipedia.org\/wiki\/Ferrovial"]}]}},"_links":{"self":[{"href":"https:\/\/www.ferrovial.com\/es-es\/wp-json\/wp\/v2\/pages\/149485","targetHints":{"allow":["GET"]}}],"collection":[{"href":"https:\/\/www.ferrovial.com\/es-es\/wp-json\/wp\/v2\/pages"}],"about":[{"href":"https:\/\/www.ferrovial.com\/es-es\/wp-json\/wp\/v2\/types\/page"}],"replies":[{"embeddable":true,"href":"https:\/\/www.ferrovial.com\/es-es\/wp-json\/wp\/v2\/comments?post=149485"}],"version-history":[{"count":2,"href":"https:\/\/www.ferrovial.com\/es-es\/wp-json\/wp\/v2\/pages\/149485\/revisions"}],"predecessor-version":[{"id":271443,"href":"https:\/\/www.ferrovial.com\/es-es\/wp-json\/wp\/v2\/pages\/149485\/revisions\/271443"}],"up":[{"embeddable":true,"href":"https:\/\/www.ferrovial.com\/es-es\/wp-json\/wp\/v2\/pages\/113212"}],"wp:attachment":[{"href":"https:\/\/www.ferrovial.com\/es-es\/wp-json\/wp\/v2\/media?parent=149485"}],"curies":[{"name":"wp","href":"https:\/\/api.w.org\/{rel}","templated":true}]}}