{"id":169491,"date":"2020-06-17T17:54:01","date_gmt":"2020-06-17T15:54:01","guid":{"rendered":"https:\/\/www.ferrovial.com\/?page_id=169491"},"modified":"2024-10-21T16:18:52","modified_gmt":"2024-10-21T14:18:52","slug":"movimiento-de-grandes-cargas-y-reparaciones-de-estructuras","status":"publish","type":"page","link":"https:\/\/www.ferrovial.com\/es-es\/tecpresa\/movimiento-de-grandes-cargas-y-reparaciones-de-estructuras\/","title":{"rendered":"Movimiento de grandes cargas y reparaciones de estructuras"},"content":{"rendered":"    <m-final-content-header >\n            <c-breadcrumb label-text=\"Breadcrumb\" slot=\"breadcrumbs\" type='2' align='left' wrap='wrapped wrapped' aria-label='Vienes de Tecpresa'>\n                        <ol>\n\n                                                            <li><a href=\"https:\/\/www.ferrovial.com\/es-es\/\" title=\"Ferrovial\">Ferrovial<\/a><\/li>\n                                                                        <li><a href=\"https:\/\/www.ferrovial.com\/es-es\/tecpresa\/\" title=\"Tecpresa\">Tecpresa<\/a><\/li>\n                                    \n                <\/ol>\n\n                <\/c-breadcrumb>\n    \n        <div slot=\"header\">\n            <h1>\n                Movimiento de grandes cargas y reparaciones de estructuras            <\/h1>\n                    <\/div>\n    <\/m-final-content-header>\n\n    \n\n\n<m-wysiwig class=\"wp-block-components-wysiwyg\"><div slot=\"maincontent\">    <p class=\"intro\">Disponemos de los medios y experiencia para acometer cualquier tipo de maniobra de movimiento de grandes cargas con gatos hidr\u00e1ulicos tanto en obra nueva como en reparaci\u00f3n de estructuras.<\/p>\n    \n\n\n<p>Desarrollamos soluciones a medida para las necesidades particulares de cada proyecto.<\/p>\n\n\n\n<p>Por ello hemos empleado una gran diversidad de sistemas con las siguientes posibilidades, entre otras:<\/p>\n\n\n\n<ul class=\"wp-block-list\">\n<li>Control individual y simult\u00e1neo de varios equipos.<\/li>\n\n\n\n<li>Control por carga.<\/li>\n\n\n\n<li>Control por desplazamientos.<\/li>\n\n\n\n<li>Control electr\u00f3nico e inform\u00e1tico de los sistemas hidr\u00e1ulicos.<\/li>\n<\/ul>\n\n\n\n<p>Estos sistemas pueden aplicarse a cualquier capacidad, carrera y tipolog\u00eda de gatos:<\/p>\n\n\n\n<ul class=\"wp-block-list\">\n<li>Cilindros de doble efecto.<\/li>\n\n\n\n<li>Cilindros huecos.<\/li>\n\n\n\n<li>Cilindros con tuercas de seguridad.<\/li>\n\n\n\n<li>Cilindros con cabezal basculante.<\/li>\n<\/ul>\n<\/div><\/m-wysiwig>\n\n\n    <m-gallery :translations='{\n        &quot;prev&quot;:&quot;Anterior&quot;,\n        &quot;next&quot;:&quot;Siguiente&quot;,\n        &quot;paginationseparator&quot;:&quot;de&quot;,\n        &quot;close&quot;:&quot;Cerrar&quot;\n    }' class='gutenberg'>\n\n    <div slot=\"header\">\n                    <p>Descripci\u00f3n por defecto<\/p>\n                <\/div>\n\n                    <div slot=\"carouselItem\" v-lazy:background-image=\"'https:\/\/static.ferrovial.com\/wp-content\/uploads\/2020\/10\/13123403\/terminal-4-aeropuerto-adolfo-suarez-1-1280x720.jpg'\">\n                                            <p>T4 Aeropuerto Adolfo Suarez, Madrid<\/p>\n                                        <\/div>\n                                <div slot=\"carouselItem\" v-lazy:background-image=\"'https:\/\/static.ferrovial.com\/wp-content\/uploads\/2020\/10\/13123401\/alfajarin-calatayud-1024x720.jpg'\">\n                                            <p>A-2 Calatayud &#8211; Alfajar\u00edn, Arag\u00f3n<\/p>\n                                        <\/div>\n                                <div slot=\"carouselItem\" v-lazy:background-image=\"'https:\/\/static.ferrovial.com\/wp-content\/uploads\/2020\/10\/13123400\/indiana-toll-road-1024x720.png'\">\n                                            <p>Autopista de Indiana, Estados Unidos<\/p>\n                                        <\/div>\n                                <div slot=\"carouselItem\" v-lazy:background-image=\"'https:\/\/static.ferrovial.com\/wp-content\/uploads\/2020\/10\/13123358\/ocana-la-roda-1181x720.jpg'\">\n                                            <p>AP-36 Oca\u00f1a &#8211; La Roda<\/p>\n                                        <\/div>\n                                <div slot=\"modalItem\">\n                    <img v-lazy=\"'https:\/\/static.ferrovial.com\/wp-content\/uploads\/2020\/10\/13123403\/terminal-4-aeropuerto-adolfo-suarez-1-1280x720.jpg'\" alt=\"tecpresa movimiento de grandes cargas y reparaciones de estructuras terminal 4 aeropuerto barajas\" hidden\/>\n                <\/div>\n                                <div slot=\"modalItem\">\n                    <img v-lazy=\"'https:\/\/static.ferrovial.com\/wp-content\/uploads\/2020\/10\/13123401\/alfajarin-calatayud-1024x720.jpg'\" alt=\"tecpresa movimiento de grandes cargas y reparaciones de estructuras alfajarin- calatayud\" hidden\/>\n                <\/div>\n                                <div slot=\"modalItem\">\n                    <img v-lazy=\"'https:\/\/static.ferrovial.com\/wp-content\/uploads\/2020\/10\/13123400\/indiana-toll-road-1024x720.png'\" alt=\"tecpresa movimiento de grandes cargas y reparaciones de estructuras autopista indiana toll road\" hidden\/>\n                <\/div>\n                                <div slot=\"modalItem\">\n                    <img v-lazy=\"'https:\/\/static.ferrovial.com\/wp-content\/uploads\/2020\/10\/13123358\/ocana-la-roda-1181x720.jpg'\" alt=\"tecpresa movimiento de grandes cargas y reparaciones de estructuras Oca\u00f1a La Roda\" hidden\/>\n                <\/div>\n                    <\/m-gallery>\n\n    ","protected":false},"excerpt":{"rendered":"","protected":false},"featured_media":0,"parent":18011,"menu_order":0,"comment_status":"closed","ping_status":"closed","template":"","meta":{"_acf_changed":false,"footnotes":""},"class_list":["post-169491","page","type-page","status-publish","hentry"],"acf":[],"yoast_head":"<!-- This site is optimized with the Yoast SEO plugin v27.2 - https:\/\/yoast.com\/product\/yoast-seo-wordpress\/ -->\n<title>Movimiento de grandes cargas y reparaciones de estructuras - Ferrovial<\/title>\n<meta name=\"description\" content=\"Welcome to the Ferrovial&#039;s website, global operator of sustainable infrastructure. Here you can find all the information about the company and subsidiaries.\" \/>\n<meta name=\"robots\" content=\"index, follow, max-snippet:-1, max-image-preview:large, max-video-preview:-1\" \/>\n<link rel=\"canonical\" href=\"https:\/\/www.ferrovial.com\/es-es\/tecpresa\/movimiento-de-grandes-cargas-y-reparaciones-de-estructuras\/\" \/>\n<meta property=\"og:locale\" content=\"es_ES\" \/>\n<meta property=\"og:type\" content=\"article\" \/>\n<meta property=\"og:title\" content=\"Movimiento de grandes cargas y reparaciones de estructuras - Ferrovial\" \/>\n<meta property=\"og:description\" content=\"Welcome to the Ferrovial&#039;s website, global operator of sustainable infrastructure. Here you can find all the information about the company and subsidiaries.\" \/>\n<meta property=\"og:url\" content=\"https:\/\/www.ferrovial.com\/es-es\/tecpresa\/movimiento-de-grandes-cargas-y-reparaciones-de-estructuras\/\" \/>\n<meta property=\"og:site_name\" content=\"Ferrovial\" \/>\n<meta property=\"article:publisher\" content=\"https:\/\/www.facebook.com\/ferrovial\" \/>\n<meta property=\"article:modified_time\" content=\"2024-10-21T14:18:52+00:00\" \/>\n<meta name=\"twitter:card\" content=\"summary_large_image\" \/>\n<meta name=\"twitter:site\" content=\"@ferrovial\" \/>\n<meta name=\"twitter:label1\" content=\"Tiempo de lectura\" \/>\n\t<meta name=\"twitter:data1\" content=\"1 minuto\" \/>\n<!-- \/ Yoast SEO plugin. -->","yoast_head_json":{"title":"Movimiento de grandes cargas y reparaciones de estructuras - Ferrovial","description":"Welcome to the Ferrovial's website, global operator of sustainable infrastructure. Here you can find all the information about the company and subsidiaries.","robots":{"index":"index","follow":"follow","max-snippet":"max-snippet:-1","max-image-preview":"max-image-preview:large","max-video-preview":"max-video-preview:-1"},"canonical":"https:\/\/www.ferrovial.com\/es-es\/tecpresa\/movimiento-de-grandes-cargas-y-reparaciones-de-estructuras\/","og_locale":"es_ES","og_type":"article","og_title":"Movimiento de grandes cargas y reparaciones de estructuras - Ferrovial","og_description":"Welcome to the Ferrovial's website, global operator of sustainable infrastructure. Here you can find all the information about the company and subsidiaries.","og_url":"https:\/\/www.ferrovial.com\/es-es\/tecpresa\/movimiento-de-grandes-cargas-y-reparaciones-de-estructuras\/","og_site_name":"Ferrovial","article_publisher":"https:\/\/www.facebook.com\/ferrovial","article_modified_time":"2024-10-21T14:18:52+00:00","twitter_card":"summary_large_image","twitter_site":"@ferrovial","twitter_misc":{"Tiempo de lectura":"1 minuto"},"schema":{"@context":"https:\/\/schema.org","@graph":[{"@type":"WebPage","@id":"https:\/\/www.ferrovial.com\/es-es\/tecpresa\/movimiento-de-grandes-cargas-y-reparaciones-de-estructuras\/","url":"https:\/\/www.ferrovial.com\/es-es\/tecpresa\/movimiento-de-grandes-cargas-y-reparaciones-de-estructuras\/","name":"Movimiento de grandes cargas y reparaciones de estructuras - Ferrovial","isPartOf":{"@id":"https:\/\/www.ferrovial.com\/es-es\/#website"},"datePublished":"2020-06-17T15:54:01+00:00","dateModified":"2024-10-21T14:18:52+00:00","description":"Welcome to the Ferrovial's website, global operator of sustainable infrastructure. Here you can find all the information about the company and subsidiaries.","breadcrumb":{"@id":"https:\/\/www.ferrovial.com\/es-es\/tecpresa\/movimiento-de-grandes-cargas-y-reparaciones-de-estructuras\/#breadcrumb"},"inLanguage":"es","potentialAction":[{"@type":"ReadAction","target":["https:\/\/www.ferrovial.com\/es-es\/tecpresa\/movimiento-de-grandes-cargas-y-reparaciones-de-estructuras\/"]}]},{"@type":"BreadcrumbList","@id":"https:\/\/www.ferrovial.com\/es-es\/tecpresa\/movimiento-de-grandes-cargas-y-reparaciones-de-estructuras\/#breadcrumb","itemListElement":[{"@type":"ListItem","position":1,"name":"Portada","item":"https:\/\/www.ferrovial.com\/es-es\/"},{"@type":"ListItem","position":2,"name":"Tecpresa","item":"https:\/\/www.ferrovial.com\/es-es\/tecpresa\/"},{"@type":"ListItem","position":3,"name":"Movimiento de grandes cargas y reparaciones de estructuras"}]},{"@type":"WebSite","@id":"https:\/\/www.ferrovial.com\/es-es\/#website","url":"https:\/\/www.ferrovial.com\/es-es\/","name":"Ferrovial","description":"Welcome to the Ferrovial&#039;s website, global operator of sustainable infrastructure. Here you can find all the information about the company and subsidiaries.","publisher":{"@id":"https:\/\/www.ferrovial.com\/es-es\/#organization"},"potentialAction":[{"@type":"SearchAction","target":{"@type":"EntryPoint","urlTemplate":"https:\/\/www.ferrovial.com\/es-es\/?s={search_term_string}"},"query-input":{"@type":"PropertyValueSpecification","valueRequired":true,"valueName":"search_term_string"}}],"inLanguage":"es"},{"@type":"Organization","@id":"https:\/\/www.ferrovial.com\/es-es\/#organization","name":"Ferrovial S.A.","url":"https:\/\/www.ferrovial.com\/es-es\/","logo":{"@type":"ImageObject","inLanguage":"es","@id":"https:\/\/www.ferrovial.com\/es-es\/#\/schema\/logo\/image\/","url":"https:\/\/static.ferrovial.com\/wp-content\/uploads\/2020\/01\/13124948\/logo-ferrovial-cf7.png","contentUrl":"https:\/\/static.ferrovial.com\/wp-content\/uploads\/2020\/01\/13124948\/logo-ferrovial-cf7.png","width":144,"height":32,"caption":"Ferrovial S.A."},"image":{"@id":"https:\/\/www.ferrovial.com\/es-es\/#\/schema\/logo\/image\/"},"sameAs":["https:\/\/www.facebook.com\/ferrovial","https:\/\/x.com\/ferrovial","https:\/\/www.instagram.com\/ferrovial\/","https:\/\/www.linkedin.com\/company\/ferrovial","https:\/\/www.pinterest.es\/ferrovial\/","https:\/\/www.youtube.com\/ferrovial","https:\/\/en.wikipedia.org\/wiki\/Ferrovial"]}]}},"_links":{"self":[{"href":"https:\/\/www.ferrovial.com\/es-es\/wp-json\/wp\/v2\/pages\/169491","targetHints":{"allow":["GET"]}}],"collection":[{"href":"https:\/\/www.ferrovial.com\/es-es\/wp-json\/wp\/v2\/pages"}],"about":[{"href":"https:\/\/www.ferrovial.com\/es-es\/wp-json\/wp\/v2\/types\/page"}],"replies":[{"embeddable":true,"href":"https:\/\/www.ferrovial.com\/es-es\/wp-json\/wp\/v2\/comments?post=169491"}],"version-history":[{"count":3,"href":"https:\/\/www.ferrovial.com\/es-es\/wp-json\/wp\/v2\/pages\/169491\/revisions"}],"predecessor-version":[{"id":290401,"href":"https:\/\/www.ferrovial.com\/es-es\/wp-json\/wp\/v2\/pages\/169491\/revisions\/290401"}],"up":[{"embeddable":true,"href":"https:\/\/www.ferrovial.com\/es-es\/wp-json\/wp\/v2\/pages\/18011"}],"wp:attachment":[{"href":"https:\/\/www.ferrovial.com\/es-es\/wp-json\/wp\/v2\/media?parent=169491"}],"curies":[{"name":"wp","href":"https:\/\/api.w.org\/{rel}","templated":true}]}}