{"id":175601,"date":"2020-10-06T16:49:48","date_gmt":"2020-10-06T14:49:48","guid":{"rendered":"https:\/\/www.ferrovial.com\/foresight\/corporate-venturing\/"},"modified":"2024-02-20T16:04:03","modified_gmt":"2024-02-20T15:04:03","slug":"corporate-venturing","status":"publish","type":"page","link":"https:\/\/www.ferrovial.com\/es-es\/foresight\/corporate-venturing\/","title":{"rendered":"Corporate Venturing | Foresight"},"content":{"rendered":"    <m-final-content-header bgimage='https:\/\/static.ferrovial.com\/wp-content\/uploads\/2020\/10\/13123654\/lilium_ram_switzerland-airport-1280x720.jpg'>\n            <c-breadcrumb label-text=\"Breadcrumb\" slot=\"breadcrumbs\" type='2' align='left' wrap='wrapped wrapped' aria-label='Vienes de Foresight'>\n                        <ol>\n\n                                                            <li><a href=\"https:\/\/www.ferrovial.com\/es-es\/\" title=\"Ferrovial\">Ferrovial<\/a><\/li>\n                                                                        <li><a href=\"https:\/\/www.ferrovial.com\/es\/foresight\/\" title=\"Foresight\">Foresight<\/a><\/li>\n                                    \n                <\/ol>\n\n                <\/c-breadcrumb>\n    \n        <div slot=\"header\">\n            <h1>\n                Corporate Venturing            <\/h1>\n                    <\/div>\n    <\/m-final-content-header>\n\n    \n\n\n<m-wysiwig class=\"wp-block-components-wysiwyg\"><div slot=\"maincontent\">    <p class=\"intro\">Existe una gran cantidad de talento fuera de nuestras oficinas que no queremos desaprovechar. Creemos en una cultura de innovaci\u00f3n colaborativa y participativa, en la que podamos sumar entre todos. \u00bfTe unes? <\/p>\n    <\/div><\/m-wysiwig>\n\n\n    <m-distributor-carousel-highlights :translations='{\n        &quot;paginationseparator&quot;:&quot;de&quot;,\n        &quot;next&quot;:&quot;Siguiente&quot;,\n        &quot;prev&quot;:&quot;Anterior&quot;\n    }'>\n                            <div class=\"m-distributor-carousel-highlights__inner__viewport__wrapper\" slot=\"carouselItem\">\n                        <c-card class=\"m-distributor-carousel-highlights__inner__viewport__slide\" type=\"type-3\" link=\"\"  >\n                                                                <label slot=\"label\">Innovaci\u00f3n Abierta<\/label>\n                                                                        <h3 role=\"listitem\" slot=\"title\">Build Up!<\/h3>\n                                                                        <p slot=\"description\">\n                                        Lorem ipsum                                    <\/p>\n                                                                        <c-icon slot=\"icon\" icon=\"startups\" size=\"xxl\">\n                                    <\/c-icon>\n                                                                        <c-masked-image path=\"3\"  slot=\"image\">\n                                    <\/c-masked-image>\n                                                            <\/c-card>\n                    <\/div>\n                                        <div class=\"m-distributor-carousel-highlights__inner__viewport__wrapper\" slot=\"carouselItem\">\n                        <c-card class=\"m-distributor-carousel-highlights__inner__viewport__slide\" type=\"type-3\" link=\"\"  >\n                                                                <label slot=\"label\">Innovaci\u00f3n Abierta<\/label>\n                                                                        <h3 role=\"listitem\" slot=\"title\">Zuritanken<\/h3>\n                                                                        <p slot=\"description\">\n                                        Lorem ipsum                                    <\/p>\n                                                                        <c-icon slot=\"icon\" icon=\"colaboracion\" size=\"xxl\">\n                                    <\/c-icon>\n                                                                        <c-masked-image path=\"3\"  slot=\"image\">\n                                    <\/c-masked-image>\n                                                            <\/c-card>\n                    <\/div>\n                                        <div class=\"m-distributor-carousel-highlights__inner__viewport__wrapper\" slot=\"carouselItem\">\n                        <c-card class=\"m-distributor-carousel-highlights__inner__viewport__slide\" type=\"type-4\" link=\"https:\/\/newsroom.ferrovial.com\/es\/noticias\/madrid-in-motion-startups-movilidad-urbana\/\" target='_blank' >\n                                                                <img decoding=\"async\" slot=\"background\" src=\"https:\/\/static.newsroom.ferrovial.com\/wp-content\/uploads\/2019\/03\/15152207\/madrid-in-motion-602x445.jpg\" video=\"true\" height=\"100%\">\n                                                                        <h3 role=\"listitem\" slot=\"title\">Madrid in Motion<\/h3>\n                                                                        <p slot=\"description\">\n                                        Lorem ipsum                                    <\/p>\n                                                            <\/c-card>\n                    <\/div>\n                                        <div class=\"m-distributor-carousel-highlights__inner__viewport__wrapper\" slot=\"carouselItem\">\n                        <c-card class=\"m-distributor-carousel-highlights__inner__viewport__slide\" type=\"type-3\" link=\"https:\/\/newsroom.ferrovial.com\/es\/notas-prensa\/ferrovial-georgia-tech-asocian-impulsar-soluciones-sostenibles-infraestructuras-movilidad\/\"  >\n                                                                <label slot=\"label\">Notas de prensa<\/label>\n                                                                        <h3 role=\"listitem\" slot=\"title\">Georgia Tech<\/h3>\n                                                                        <p slot=\"description\">\n                                        Lorem ipsum                                    <\/p>\n                                                                        <c-icon slot=\"icon\" icon=\"mobility\" size=\"xxl\">\n                                    <\/c-icon>\n                                                                        <c-masked-image path=\"3\"  slot=\"image\">\n                                    <\/c-masked-image>\n                                                            <\/c-card>\n                    <\/div>\n                        <\/m-distributor-carousel-highlights>\n    \n\n\n<m-wysiwig class=\"wp-block-components-wysiwyg\"><div slot=\"maincontent\"><\/div><\/m-wysiwig>\n\n\n\n<m-wysiwig class=\"wp-block-components-wysiwyg\"><div slot=\"maincontent\">\n<p><em><strong>Scouting<\/strong><\/em><strong>:<\/strong> cada a\u00f1o, analizamos m\u00e1s de 500&nbsp;<em>startup<\/em>s&nbsp;y llevamos a cabo&nbsp;alrededor de 40 pilotos (PoCs) para probar soluciones tecnol\u00f3gicas propuestas por&nbsp;<em>startups<\/em>.&nbsp;Nos servimos de&nbsp;distintas fuentes: participamos&nbsp;en&nbsp;algunos de los principales eventos&nbsp;del ecosistema emprendedor en el mundo, como&nbsp;Slush, Web Summit, MWC \/ 4YFN,&nbsp;Ecomotion&nbsp;o South Summit,&nbsp;entre otros.&nbsp;Adem\u00e1s,&nbsp;en colaboraci\u00f3n con agencias p\u00fablicas,&nbsp;organizamos&nbsp;misiones de&nbsp;<em>scouting<\/em>&nbsp;en las principales geograf\u00edas con un alto potencial de innovaci\u00f3n a nivel global, como pueden ser&nbsp;EEUU, Israel, Singapur, Finlandia, Reino Unido, Suecia&nbsp;o Alemania.&nbsp; <\/p>\n\n\n\n<p>El acuerdo estrat\u00e9gico que nos une con el MIT es otra fuente inmejorable para conocer <em>startups<\/em> surgidas alrededor de este instituto tecnol\u00f3gico de gran prestigio.<\/p>\n\n\n\n<p><em><strong>Open Calls<\/strong><\/em><strong>:<\/strong> nuestras convocatorias abiertas para <em>startups<\/em>, o <em>challenge prizes<\/em>, nos ayudan a buscar soluciones a retos espec\u00edficos de negocio. Build Up! es el programa corporativo bajo la cual lanzamos nuestras convocatorias. Hasta la fecha, hemos organizado tres ediciones en el \u00e1mbito de la construcci\u00f3n, la seguridad y la salud y la sostenibilidad en aeropuertos.<\/p>\n\n\n\n<p>Adem\u00e1s, hemos unido fuerzas con Cemex Ventures, Vinci, Hilti y Saint Gobain para lanzar la Construction Startup&nbsp;Competition 2020 (CSC2020), una convocatoria conjunta en el \u00e1mbito de Construtech que cubre toda la cadena de valor del sector. Esta uni\u00f3n hace que la convocatoria sea m\u00e1s atractiva y ofrezca m\u00e1s valor a las <em>startups<\/em>.<\/p>\n\n\n\n<p>Adem\u00e1s de CSC2020, hemos participado en otras convocatorias para <em>startups<\/em> en el \u00e1mbito de la movilidad junto con otros actores del ecosistema. Un ejemplo es Madrid in Motion, en la que colaboramos junto a Naturgy, Banco Santander, Seat, Iberdrola, Mastercard, la EMT y el Ayuntamiento de Madrid. Otros ejemplos son Smart Open Lisboa, en el que particip\u00f3 tambi\u00e9n el ayuntamiento de Lisboa, y el Intelligent Mobility Accelerator, gestionado por Wayra.<\/p>\n\n\n\n<p><strong>Colaboraciones estrat\u00e9gicas:<\/strong> Hemos llegado a acuerdos con <em>startups<\/em> para codesarrollar oportunidades de negocio. Wondo, nuestra aplicaci\u00f3n de <em>mobility as service<\/em>, colabora con Moovit, la <em>startup<\/em> israel\u00ed recientemente adquirida por Intel. Tambi\u00e9n unimos fuerzas con la <em>startup<\/em> finlandesa Zenrobotics, en la gesti\u00f3n de residuos urbanos.<\/p>\n\n\n\n<p><strong>Inversiones:<\/strong> Nuestra participaci\u00f3n en Atomico como <em>Limited Partner<\/em> nos permite conocer nuevas tendencias, modelos de negocio y casos de uso de tecnolog\u00edas transformadoras.<\/p>\n<\/div><\/m-wysiwig>\n","protected":false},"excerpt":{"rendered":"","protected":false},"featured_media":0,"parent":175596,"menu_order":0,"comment_status":"closed","ping_status":"closed","template":"","meta":{"_acf_changed":false,"footnotes":""},"class_list":["post-175601","page","type-page","status-publish","hentry"],"acf":[],"yoast_head":"<!-- This site is optimized with the Yoast SEO plugin v27.2 - https:\/\/yoast.com\/product\/yoast-seo-wordpress\/ -->\n<title>Corporate Venturing | Foresight - Ferrovial<\/title>\n<meta name=\"description\" content=\"Existe una gran cantidad de talento fuera de nuestras oficinas que no queremos desaprovechar. Creemos en una cultura de innovaci\u00f3n colaborativa y participativa, en la que podamos sumar entre todos. \u00bfTe unes?\" \/>\n<meta name=\"robots\" content=\"index, follow, max-snippet:-1, max-image-preview:large, max-video-preview:-1\" \/>\n<link rel=\"canonical\" href=\"https:\/\/www.ferrovial.com\/es-es\/foresight\/corporate-venturing\/\" \/>\n<meta property=\"og:locale\" content=\"es_ES\" \/>\n<meta property=\"og:type\" content=\"article\" \/>\n<meta property=\"og:title\" content=\"Corporate Venturing | Foresight - Ferrovial\" \/>\n<meta property=\"og:description\" content=\"Existe una gran cantidad de talento fuera de nuestras oficinas que no queremos desaprovechar. Creemos en una cultura de innovaci\u00f3n colaborativa y participativa, en la que podamos sumar entre todos. \u00bfTe unes?\" \/>\n<meta property=\"og:url\" content=\"https:\/\/www.ferrovial.com\/es-es\/foresight\/corporate-venturing\/\" \/>\n<meta property=\"og:site_name\" content=\"Ferrovial\" \/>\n<meta property=\"article:publisher\" content=\"https:\/\/www.facebook.com\/ferrovial\" \/>\n<meta property=\"article:modified_time\" content=\"2024-02-20T15:04:03+00:00\" \/>\n<meta name=\"twitter:card\" content=\"summary_large_image\" \/>\n<meta name=\"twitter:site\" content=\"@ferrovial\" \/>\n<meta name=\"twitter:label1\" content=\"Tiempo de lectura\" \/>\n\t<meta name=\"twitter:data1\" content=\"2 minutos\" \/>\n<!-- \/ Yoast SEO plugin. -->","yoast_head_json":{"title":"Corporate Venturing | Foresight - Ferrovial","description":"Existe una gran cantidad de talento fuera de nuestras oficinas que no queremos desaprovechar. Creemos en una cultura de innovaci\u00f3n colaborativa y participativa, en la que podamos sumar entre todos. \u00bfTe unes?","robots":{"index":"index","follow":"follow","max-snippet":"max-snippet:-1","max-image-preview":"max-image-preview:large","max-video-preview":"max-video-preview:-1"},"canonical":"https:\/\/www.ferrovial.com\/es-es\/foresight\/corporate-venturing\/","og_locale":"es_ES","og_type":"article","og_title":"Corporate Venturing | Foresight - Ferrovial","og_description":"Existe una gran cantidad de talento fuera de nuestras oficinas que no queremos desaprovechar. Creemos en una cultura de innovaci\u00f3n colaborativa y participativa, en la que podamos sumar entre todos. \u00bfTe unes?","og_url":"https:\/\/www.ferrovial.com\/es-es\/foresight\/corporate-venturing\/","og_site_name":"Ferrovial","article_publisher":"https:\/\/www.facebook.com\/ferrovial","article_modified_time":"2024-02-20T15:04:03+00:00","twitter_card":"summary_large_image","twitter_site":"@ferrovial","twitter_misc":{"Tiempo de lectura":"2 minutos"},"schema":{"@context":"https:\/\/schema.org","@graph":[{"@type":"WebPage","@id":"https:\/\/www.ferrovial.com\/es-es\/foresight\/corporate-venturing\/","url":"https:\/\/www.ferrovial.com\/es-es\/foresight\/corporate-venturing\/","name":"Corporate Venturing | Foresight - Ferrovial","isPartOf":{"@id":"https:\/\/www.ferrovial.com\/es-es\/#website"},"datePublished":"2020-10-06T14:49:48+00:00","dateModified":"2024-02-20T15:04:03+00:00","description":"Existe una gran cantidad de talento fuera de nuestras oficinas que no queremos desaprovechar. Creemos en una cultura de innovaci\u00f3n colaborativa y participativa, en la que podamos sumar entre todos. \u00bfTe unes?","breadcrumb":{"@id":"https:\/\/www.ferrovial.com\/es-es\/foresight\/corporate-venturing\/#breadcrumb"},"inLanguage":"es","potentialAction":[{"@type":"ReadAction","target":["https:\/\/www.ferrovial.com\/es-es\/foresight\/corporate-venturing\/"]}]},{"@type":"BreadcrumbList","@id":"https:\/\/www.ferrovial.com\/es-es\/foresight\/corporate-venturing\/#breadcrumb","itemListElement":[{"@type":"ListItem","position":1,"name":"Portada","item":"https:\/\/www.ferrovial.com\/es-es\/"},{"@type":"ListItem","position":2,"name":"Foresight","item":"https:\/\/www.ferrovial.com\/es-es\/foresight\/"},{"@type":"ListItem","position":3,"name":"Corporate Venturing | Foresight"}]},{"@type":"WebSite","@id":"https:\/\/www.ferrovial.com\/es-es\/#website","url":"https:\/\/www.ferrovial.com\/es-es\/","name":"Ferrovial","description":"Welcome to the Ferrovial&#039;s website, global operator of sustainable infrastructure. Here you can find all the information about the company and subsidiaries.","publisher":{"@id":"https:\/\/www.ferrovial.com\/es-es\/#organization"},"potentialAction":[{"@type":"SearchAction","target":{"@type":"EntryPoint","urlTemplate":"https:\/\/www.ferrovial.com\/es-es\/?s={search_term_string}"},"query-input":{"@type":"PropertyValueSpecification","valueRequired":true,"valueName":"search_term_string"}}],"inLanguage":"es"},{"@type":"Organization","@id":"https:\/\/www.ferrovial.com\/es-es\/#organization","name":"Ferrovial S.A.","url":"https:\/\/www.ferrovial.com\/es-es\/","logo":{"@type":"ImageObject","inLanguage":"es","@id":"https:\/\/www.ferrovial.com\/es-es\/#\/schema\/logo\/image\/","url":"https:\/\/static.ferrovial.com\/wp-content\/uploads\/2020\/01\/13124948\/logo-ferrovial-cf7.png","contentUrl":"https:\/\/static.ferrovial.com\/wp-content\/uploads\/2020\/01\/13124948\/logo-ferrovial-cf7.png","width":144,"height":32,"caption":"Ferrovial S.A."},"image":{"@id":"https:\/\/www.ferrovial.com\/es-es\/#\/schema\/logo\/image\/"},"sameAs":["https:\/\/www.facebook.com\/ferrovial","https:\/\/x.com\/ferrovial","https:\/\/www.instagram.com\/ferrovial\/","https:\/\/www.linkedin.com\/company\/ferrovial","https:\/\/www.pinterest.es\/ferrovial\/","https:\/\/www.youtube.com\/ferrovial","https:\/\/en.wikipedia.org\/wiki\/Ferrovial"]}]}},"_links":{"self":[{"href":"https:\/\/www.ferrovial.com\/es-es\/wp-json\/wp\/v2\/pages\/175601","targetHints":{"allow":["GET"]}}],"collection":[{"href":"https:\/\/www.ferrovial.com\/es-es\/wp-json\/wp\/v2\/pages"}],"about":[{"href":"https:\/\/www.ferrovial.com\/es-es\/wp-json\/wp\/v2\/types\/page"}],"replies":[{"embeddable":true,"href":"https:\/\/www.ferrovial.com\/es-es\/wp-json\/wp\/v2\/comments?post=175601"}],"version-history":[{"count":3,"href":"https:\/\/www.ferrovial.com\/es-es\/wp-json\/wp\/v2\/pages\/175601\/revisions"}],"predecessor-version":[{"id":275885,"href":"https:\/\/www.ferrovial.com\/es-es\/wp-json\/wp\/v2\/pages\/175601\/revisions\/275885"}],"up":[{"embeddable":true,"href":"https:\/\/www.ferrovial.com\/es-es\/wp-json\/wp\/v2\/pages\/175596"}],"wp:attachment":[{"href":"https:\/\/www.ferrovial.com\/es-es\/wp-json\/wp\/v2\/media?parent=175601"}],"curies":[{"name":"wp","href":"https:\/\/api.w.org\/{rel}","templated":true}]}}