{"id":17897,"date":"2019-09-05T10:50:25","date_gmt":"2019-09-05T08:50:25","guid":{"rendered":"https:\/\/www.ferrovial.com\/?page_id=17897"},"modified":"2025-07-28T09:47:39","modified_gmt":"2025-07-28T07:47:39","slug":"quienes-somos","status":"publish","type":"page","link":"https:\/\/www.ferrovial.com\/es-es\/cadagua\/quienes-somos\/","title":{"rendered":"Qui\u00e9nes somos"},"content":{"rendered":"    <m-final-content-header bgimage='https:\/\/static.ferrovial.com\/wp-content\/uploads\/2019\/10\/13134025\/planta-de-tratamiento-de-agua-cadagua-1-1280x720.jpg'>\n            <c-breadcrumb label-text=\"Breadcrumb\" slot=\"breadcrumbs\" type='2' align='left' wrap='wrapped wrapped' aria-label='Vienes de Cadagua'>\n                        <ol>\n\n                                                            <li><a href=\"https:\/\/www.ferrovial.com\/es-es\/\" title=\"Ferrovial\">Ferrovial<\/a><\/li>\n                                                                        <li><a href=\"https:\/\/www.ferrovial.com\/es-es\/cadagua\/\" title=\"Cadagua\">Cadagua<\/a><\/li>\n                                    \n                <\/ol>\n\n                <\/c-breadcrumb>\n    \n        <div slot=\"header\">\n            <h1>\n                \u00bfQui\u00e9nes somos?            <\/h1>\n                    <\/div>\n    <\/m-final-content-header>\n\n    \n\n\n<m-wysiwig class=\"wp-block-components-wysiwyg\"><div slot=\"maincontent\">    <p class=\"intro\">Estamos especializados en el dise\u00f1o, construcci\u00f3n y operaci\u00f3n de instalaciones de tratamiento de agua.<\/p>\n    \n\n    <p class=\"intro\"><\/p>\n    \n\n\n<p>Con casi 50 a\u00f1os de historia, hemos aportado soluciones en m\u00e1s de 400 proyectos, tanto en instalaciones industriales como en entornos urbanos. Tenemos la misi\u00f3n de asegurar el suministro de agua potable, proteger el medio ambiente y prevenir la contaminaci\u00f3n.<\/p>\n<\/div><\/m-wysiwig>\n\n\n    <m-cyphers-basic>\n                        <div slot=\"head\">\n                                                <h3>\n                                Cifras clave                            <\/h3>\n                                                            <p>\n                                    Descripci\u00f3n por defecto                                <\/p>\n                                            <\/div>\n                                <ul slot=\"cyphers\">\n                                                <li>\n                                                                        <p class=\"number\">\n                                            24.843.323 Nm\u00b3                                        <\/p>\n                                                                                <p class=\"post\">\n                                            Biog\u00e1s Generado                                        <\/p>\n                                                                    <\/li>\n                                                        <li>\n                                                                        <p class=\"number\">\n                                            288.194.235 m\u00b3                                        <\/p>\n                                                                                <p class=\"post\">\n                                            Caudal Depurado                                        <\/p>\n                                                                    <\/li>\n                                                        <li>\n                                                                        <p class=\"number\">\n                                            64.809.213 m\u00b3                                        <\/p>\n                                                                                <p class=\"post\">\n                                            Caudal Potable                                        <\/p>\n                                                                    <\/li>\n                                                        <li>\n                                                                        <p class=\"pre\">\n                                            Recup. Vertidos                                        <\/p>\n                                                                                <p class=\"number\">\n                                            42,02%                                        <\/p>\n                                                                                <p class=\"post\">\n                                            influentes fuera de par\u00e1metros                                        <\/p>\n                                                                    <\/li>\n                                                        <li>\n                                                                        <p class=\"number\">\n                                            52,33%                                        <\/p>\n                                                                                <p class=\"post\">\n                                            Generaci\u00f3n de Energ\u00eda                                        <\/p>\n                                                                    <\/li>\n                                                        <li>\n                                                                        <p class=\"number\">\n                                            80,15%                                        <\/p>\n                                                                                <p class=\"post\">\n                                            Fango Valorizado                                         <\/p>\n                                                                    <\/li>\n                                            <\/ul>\n                    <\/m-cyphers-basic>\n\n    \n\n\n<m-wysiwig class=\"wp-block-components-wysiwyg\"><div slot=\"maincontent\">\n<p>Adem\u00e1s, somos una referencia mundial en el campo de la desalaci\u00f3n de agua de mar por \u00f3smosis inversa.<\/p>\n\n\n\n<p>Trabajamos cada d\u00eda para asegurar la calidad del agua, minimizar la generaci\u00f3n de residuos, vertidos, emisiones atmosf\u00e9ricas y otras fuentes de posibles molestias, usar eficientemente la energ\u00eda&nbsp;y aplicar la innovaci\u00f3n en cada uno de nuestros procesos. Para ello, contamos con el talento y el compromiso de nuestros m\u00e1s de 475 profesionales en todo el mundo. Valoramos y promovemos la capacitaci\u00f3n de nuestros ingenieros y t\u00e9cnicos para ofrecer los servicios de Ingenier\u00eda, Construcci\u00f3n y Operaci\u00f3n y Mantenimiento de Plantas de tratamiento de agua. Esta capacitaci\u00f3n de los recursos propios nos permite aportar valor e innovaci\u00f3n a nuestros dise\u00f1os y seleccionar las tecnolog\u00edas m\u00e1s adecuadas a cada necesidad en todos nuestros \u00e1mbitos de actuaci\u00f3n.<\/p>\n<\/div><\/m-wysiwig>\n\n\n\n    <m-distributor-basic bgimg='https:\/\/static.ferrovial.com\/wp-content\/uploads\/2019\/10\/13134024\/planta-de-tratamiento-de-agua-a-coruna-cadagua.jpg'>\n                        <h3 slot=\"title\">\n                    Nuestro compromiso con la sostenibilidad                <\/h3>\n                                    <c-button slot='cta' type='primary' disabled='false' href='#'>\n                        <span>Conocer los compromisos<\/span>\n                                        <\/c-button>\n                    \n        \n\n    <\/m-distributor-basic>\n    \n\n    <m-distributor-related>\n                        <h3 slot=\"title\">\n                    Conoce nuestras \u00e1reas de especializaci\u00f3n                <\/h3>\n                                    <a slot='carouselItems' title='Depuraci\u00f3n de Aguas'>\n                        <span>\n                        <\/span>\n                                                        <div role=\"listitem\">\n                                    Depuraci\u00f3n de Aguas                                <\/div>\n                                                    <\/a>\n                                        <a slot='carouselItems' title='Potabilizaci\u00f3n de Aguas'>\n                        <span>\n                        <\/span>\n                                                        <div role=\"listitem\">\n                                    Potabilizaci\u00f3n de Aguas                                <\/div>\n                                                    <\/a>\n                                        <a slot='carouselItems' title='Desalaci\u00f3n de Aguas'>\n                        <span>\n                        <\/span>\n                                                        <div role=\"listitem\">\n                                    Desalaci\u00f3n de Aguas                                <\/div>\n                                                                <p>\n                                    Reciben el nombre de IDAM                                <\/p>\n                                                    <\/a>\n                                        <a slot='carouselItems' title='Aguas industriales'>\n                        <span>\n                        <\/span>\n                                                        <div role=\"listitem\">\n                                    Aguas industriales                                <\/div>\n                                                                <p>\n                                    En depuradoras de aguas EDARI                                <\/p>\n                                                    <\/a>\n                                        <a slot='carouselItems' title='Secado T\u00e9rmico'>\n                        <span>\n                        <\/span>\n                                                        <div role=\"listitem\">\n                                    Secado T\u00e9rmico                                <\/div>\n                                                                <p>\n                                    Tratamiento del fango generado                                <\/p>\n                                                    <\/a>\n                        <\/m-distributor-related>\n\n    \n\n\n<m-wysiwig class=\"wp-block-components-wysiwyg\"><div slot=\"maincontent\">\n<h2 class=\"wp-block-heading\">Historia<\/h2>\n\n\n    <p class=\"intro\">Nuestra empresa, fundada el 16 de diciembre de 1971, dise\u00f1a, construye y opera y mantiene plantas de tratamiento de aguas. En 1985 entramos a formar parte de Ferrovial siendo l\u00edderes en el sector.<\/p>\n    \n\n\n<p>La\ninnovaci\u00f3n est\u00e1 presente en cada uno de nuestros procesos y debido a esto\nfuimos pioneros en nuestro sector en crear un departamento propio de I+D+i en\n1995. El equipo de I+D+i, en colaboraci\u00f3n con el MIT y otros centros de\ninvestigaci\u00f3n, nos mantiene en la vanguardia de las \u00faltimas tecnolog\u00edas.\nNuestra metodolog\u00eda nos permite abarcar desde la investigaci\u00f3n b\u00e1sica de\nlaboratorio, hasta su estudio en planta piloto y su aplicaci\u00f3n industrial.<\/p>\n\n\n\n<p>Fuimos la primera empresa del sector en el mercado nacional que obtuvo la certificaci\u00f3n en Calidad seg\u00fan <a href=\"https:\/\/www.ferrovial.com\/es-es\/sostenibilidad\/social\/usuarios-clientes\/certificaciones\/iso-9001\/\">ISO 9001<\/a> en el a\u00f1o 1997 y en 2003 obtuvimos igualmente la certificaci\u00f3n en Medio Ambiente seg\u00fan <a href=\"https:\/\/www.ferrovial.com\/es-es\/sostenibilidad\/social\/usuarios-clientes\/certificaciones\/iso-14001\/\">ISO 14001<\/a>.<\/p>\n\n\n\n<p>Ya\nen 2008, volvimos a ser pioneros con la obtenci\u00f3n de la certificaci\u00f3n de la\ngesti\u00f3n de I+D+i seg\u00fan la norma UNE 166002.<\/p>\n\n\n\n<p>Desde\n2011, el Greenhouse Gas Protocol y de conformidad con la ISO 14064-1 verifica\nnuestro C\u00e1lculo y reporte de Huella de Carbono. <\/p>\n\n\n\n<p>Estamos incluidos en\nlos ratings Carbon Disclosure Leadership Index y Carbon Performance Leadership\nIndex desde 2011.<\/p>\n\n\n\n<p>En\n2012, debido a nuestro compromiso con la gesti\u00f3n ambiental, fuimos la primera\nempresa en obtener el Registro EMAS de una desaladora. Asimismo, en 2014\ntambi\u00e9n fuimos pioneros en conseguir la certificaci\u00f3n en Energ\u00eda seg\u00fan ISO\n50001.<\/p>\n\n\n\n<p>En 2016 nos convertimos en la primera compa\u00f1\u00eda del sector en establecer una metodolog\u00eda para cuantificar nuestro impacto sobre el recurso agua. Est\u00e1 basada en los principios de The Water Footprint Assessment Manual, de la Global Water Tool y GRI-G4.<\/p>\n\n\n\n<p>Tambi\u00e9n\nhemos sido la primera empresa del sector en establecer objetivos de reducci\u00f3n\nalineados y validados por Science Based Target en 2017.<\/p>\n<\/div><\/m-wysiwig>\n\n\n\n    <m-distributor-basic video='true'>\n                        <h3 slot=\"title\">\n                    Waterworks                <\/h3>\n                                <p slot=\"text\">\n                    +25 a\u00f1os de experiencia en la construcci\u00f3n de tratamiento de agua                <\/p>\n                                    <c-button slot='cta' type='primary' disabled='false' href='https:\/\/www.ferrovial.com\/es\/plw-waterworks\/ ' target='_blank' sr-only='Abrir en una nueva pesta\u00f1a' icon='true'>\n                        <span>M\u00e1s informaci\u00f3n<\/span>\n                                            <c-icon icon=\"external\" size=\"s\">\n                        <\/c-icon>\n                                        <\/c-button>\n                    \n                        <c-background-video slot='video' :sources='[&quot;https:\/\/static.ferrovial.com\/wp-content\/uploads\/2019\/09\/13141025\/358_d2F0ZXJfMThfU3ViXzIy.mp4&quot;]' position='center' poster='https:\/\/static.ferrovial.com\/wp-content\/uploads\/2019\/12\/13132102\/jong-marshes-79mnmavsorg-unsplash-1920x1080.jpg'>\n                <\/c-background-video>\n                \n\n    <\/m-distributor-basic>\n    ","protected":false},"excerpt":{"rendered":"","protected":false},"featured_media":0,"parent":17893,"menu_order":0,"comment_status":"closed","ping_status":"closed","template":"","meta":{"_acf_changed":false,"footnotes":""},"class_list":["post-17897","page","type-page","status-publish","hentry"],"acf":[],"yoast_head":"<!-- This site is optimized with the Yoast SEO plugin v27.2 - https:\/\/yoast.com\/product\/yoast-seo-wordpress\/ -->\n<title>Empresa experta en tratamiento de aguas residuales | Cadagua<\/title>\n<meta name=\"description\" content=\"Somos una filial de Ferrovial, operador de infraestructuras con presencia en 15 p\u00e1ises, especializados en el tratamiento de aguas. Entra y conoce m\u00e1s sobre nosotros\" \/>\n<meta name=\"robots\" content=\"index, follow, max-snippet:-1, max-image-preview:large, max-video-preview:-1\" \/>\n<link rel=\"canonical\" href=\"https:\/\/www.ferrovial.com\/es-es\/cadagua\/quienes-somos\/\" \/>\n<meta property=\"og:locale\" content=\"es_ES\" \/>\n<meta property=\"og:type\" content=\"article\" \/>\n<meta property=\"og:title\" content=\"Empresa experta en tratamiento de aguas residuales | Cadagua\" \/>\n<meta property=\"og:description\" content=\"Somos una filial de Ferrovial, operador de infraestructuras con presencia en 15 p\u00e1ises, especializados en el tratamiento de aguas. Entra y conoce m\u00e1s sobre nosotros\" \/>\n<meta property=\"og:url\" content=\"https:\/\/www.ferrovial.com\/es-es\/cadagua\/quienes-somos\/\" \/>\n<meta property=\"og:site_name\" content=\"Ferrovial\" \/>\n<meta property=\"article:publisher\" content=\"https:\/\/www.facebook.com\/ferrovial\" \/>\n<meta property=\"article:modified_time\" content=\"2025-07-28T07:47:39+00:00\" \/>\n<meta name=\"twitter:card\" content=\"summary_large_image\" \/>\n<meta name=\"twitter:site\" content=\"@ferrovial\" \/>\n<meta name=\"twitter:label1\" content=\"Tiempo de lectura\" \/>\n\t<meta name=\"twitter:data1\" content=\"3 minutos\" \/>\n<!-- \/ Yoast SEO plugin. -->","yoast_head_json":{"title":"Empresa experta en tratamiento de aguas residuales | Cadagua","description":"Somos una filial de Ferrovial, operador de infraestructuras con presencia en 15 p\u00e1ises, especializados en el tratamiento de aguas. Entra y conoce m\u00e1s sobre nosotros","robots":{"index":"index","follow":"follow","max-snippet":"max-snippet:-1","max-image-preview":"max-image-preview:large","max-video-preview":"max-video-preview:-1"},"canonical":"https:\/\/www.ferrovial.com\/es-es\/cadagua\/quienes-somos\/","og_locale":"es_ES","og_type":"article","og_title":"Empresa experta en tratamiento de aguas residuales | Cadagua","og_description":"Somos una filial de Ferrovial, operador de infraestructuras con presencia en 15 p\u00e1ises, especializados en el tratamiento de aguas. Entra y conoce m\u00e1s sobre nosotros","og_url":"https:\/\/www.ferrovial.com\/es-es\/cadagua\/quienes-somos\/","og_site_name":"Ferrovial","article_publisher":"https:\/\/www.facebook.com\/ferrovial","article_modified_time":"2025-07-28T07:47:39+00:00","twitter_card":"summary_large_image","twitter_site":"@ferrovial","twitter_misc":{"Tiempo de lectura":"3 minutos"},"schema":{"@context":"https:\/\/schema.org","@graph":[{"@type":"WebPage","@id":"https:\/\/www.ferrovial.com\/es-es\/cadagua\/quienes-somos\/","url":"https:\/\/www.ferrovial.com\/es-es\/cadagua\/quienes-somos\/","name":"Empresa experta en tratamiento de aguas residuales | Cadagua","isPartOf":{"@id":"https:\/\/www.ferrovial.com\/es-es\/#website"},"datePublished":"2019-09-05T08:50:25+00:00","dateModified":"2025-07-28T07:47:39+00:00","description":"Somos una filial de Ferrovial, operador de infraestructuras con presencia en 15 p\u00e1ises, especializados en el tratamiento de aguas. Entra y conoce m\u00e1s sobre nosotros","breadcrumb":{"@id":"https:\/\/www.ferrovial.com\/es-es\/cadagua\/quienes-somos\/#breadcrumb"},"inLanguage":"es","potentialAction":[{"@type":"ReadAction","target":["https:\/\/www.ferrovial.com\/es-es\/cadagua\/quienes-somos\/"]}]},{"@type":"BreadcrumbList","@id":"https:\/\/www.ferrovial.com\/es-es\/cadagua\/quienes-somos\/#breadcrumb","itemListElement":[{"@type":"ListItem","position":1,"name":"Portada","item":"https:\/\/www.ferrovial.com\/es-es\/"},{"@type":"ListItem","position":2,"name":"Cadagua","item":"https:\/\/www.ferrovial.com\/es-es\/cadagua\/"},{"@type":"ListItem","position":3,"name":"Qui\u00e9nes somos"}]},{"@type":"WebSite","@id":"https:\/\/www.ferrovial.com\/es-es\/#website","url":"https:\/\/www.ferrovial.com\/es-es\/","name":"Ferrovial","description":"Welcome to the Ferrovial&#039;s website, global operator of sustainable infrastructure. Here you can find all the information about the company and subsidiaries.","publisher":{"@id":"https:\/\/www.ferrovial.com\/es-es\/#organization"},"potentialAction":[{"@type":"SearchAction","target":{"@type":"EntryPoint","urlTemplate":"https:\/\/www.ferrovial.com\/es-es\/?s={search_term_string}"},"query-input":{"@type":"PropertyValueSpecification","valueRequired":true,"valueName":"search_term_string"}}],"inLanguage":"es"},{"@type":"Organization","@id":"https:\/\/www.ferrovial.com\/es-es\/#organization","name":"Ferrovial S.A.","url":"https:\/\/www.ferrovial.com\/es-es\/","logo":{"@type":"ImageObject","inLanguage":"es","@id":"https:\/\/www.ferrovial.com\/es-es\/#\/schema\/logo\/image\/","url":"https:\/\/static.ferrovial.com\/wp-content\/uploads\/2020\/01\/13124948\/logo-ferrovial-cf7.png","contentUrl":"https:\/\/static.ferrovial.com\/wp-content\/uploads\/2020\/01\/13124948\/logo-ferrovial-cf7.png","width":144,"height":32,"caption":"Ferrovial S.A."},"image":{"@id":"https:\/\/www.ferrovial.com\/es-es\/#\/schema\/logo\/image\/"},"sameAs":["https:\/\/www.facebook.com\/ferrovial","https:\/\/x.com\/ferrovial","https:\/\/www.instagram.com\/ferrovial\/","https:\/\/www.linkedin.com\/company\/ferrovial","https:\/\/www.pinterest.es\/ferrovial\/","https:\/\/www.youtube.com\/ferrovial","https:\/\/en.wikipedia.org\/wiki\/Ferrovial"]}]}},"_links":{"self":[{"href":"https:\/\/www.ferrovial.com\/es-es\/wp-json\/wp\/v2\/pages\/17897","targetHints":{"allow":["GET"]}}],"collection":[{"href":"https:\/\/www.ferrovial.com\/es-es\/wp-json\/wp\/v2\/pages"}],"about":[{"href":"https:\/\/www.ferrovial.com\/es-es\/wp-json\/wp\/v2\/types\/page"}],"replies":[{"embeddable":true,"href":"https:\/\/www.ferrovial.com\/es-es\/wp-json\/wp\/v2\/comments?post=17897"}],"version-history":[{"count":3,"href":"https:\/\/www.ferrovial.com\/es-es\/wp-json\/wp\/v2\/pages\/17897\/revisions"}],"predecessor-version":[{"id":310322,"href":"https:\/\/www.ferrovial.com\/es-es\/wp-json\/wp\/v2\/pages\/17897\/revisions\/310322"}],"up":[{"embeddable":true,"href":"https:\/\/www.ferrovial.com\/es-es\/wp-json\/wp\/v2\/pages\/17893"}],"wp:attachment":[{"href":"https:\/\/www.ferrovial.com\/es-es\/wp-json\/wp\/v2\/media?parent=17897"}],"curies":[{"name":"wp","href":"https:\/\/api.w.org\/{rel}","templated":true}]}}