{"id":18014,"date":"2019-09-05T11:19:11","date_gmt":"2019-09-05T09:19:11","guid":{"rendered":"https:\/\/www.ferrovial.com\/?page_id=18014"},"modified":"2020-10-14T18:24:56","modified_gmt":"2020-10-14T16:24:56","slug":"quienes-somos","status":"publish","type":"page","link":"https:\/\/www.ferrovial.com\/es-es\/tecpresa\/quienes-somos\/","title":{"rendered":"Qui\u00e9nes somos"},"content":{"rendered":"    <m-final-content-header bgimage='https:\/\/static.ferrovial.com\/wp-content\/uploads\/2020\/10\/13123443\/estructuras-atirantadas-arco-de-los-tilos-1280x720.jpg'>\n            <c-breadcrumb label-text=\"Breadcrumb\" slot=\"breadcrumbs\" type='2' align='left' wrap='wrapped wrapped' aria-label='Vienes de Tecpresa'>\n                        <ol>\n\n                                                            <li><a href=\"https:\/\/www.ferrovial.com\/es-es\/\" title=\"Ferrovial\">Ferrovial<\/a><\/li>\n                                                                        <li><a href=\"https:\/\/www.ferrovial.com\/es-es\/tecpresa\/\" title=\"Tecpresa\">Tecpresa<\/a><\/li>\n                                    \n                <\/ol>\n\n                <\/c-breadcrumb>\n    \n        <div slot=\"header\">\n            <h1>\n                \u00bfQui\u00e9nes somos?            <\/h1>\n                    <\/div>\n    <\/m-final-content-header>\n\n    \n\n\n<m-wysiwig class=\"wp-block-components-wysiwyg\"><div slot=\"maincontent\">    <p class=\"intro\">Somos especialistas en el dise\u00f1o de soluciones constructivas del postesado, el tesado, las estructuras atirantadas, as\u00ed como el movimiento de grandes cargas y la ingenier\u00eda ac\u00fastica en proyectos de infraestructura y edificios singulares.<\/p>\n    \n\n\n<p>En los proyectos, formamos parte de equipos m\u00e1s grandes, realizando actividades complementarias a la construcci\u00f3n. Adem\u00e1s, a trav\u00e9s de nuestro esfuerzo en I+D+i, desarrollamos nuestros propios m\u00e9todos de trabajo, auditados por la <a href=\"https:\/\/dit.ietcc.csic.es\/ete-07-0003-sistema-de-pretensado-tecpresa\/\" title=\"Unidad de Evaluaci\u00f3n T\u00e9cnica de Productos Innovadores del CSIC\" target=\"_blank\" rel=\"nofollow noopener noreferrer\" aria-label=\" (opens in a new tab)\">Unidad de Evaluaci\u00f3n T\u00e9cnica de Productos Innovadores del CSIC<\/a>.<\/p>\n\n\n\n<p>La implantaci\u00f3n de la norma ISO 9001:2000 forma parte de nuestro ADN empresarial, motivo por el cual participamos activamente en la elaboraci\u00f3n normativa y recomendaciones t\u00e9cnicas, tanto en el \u00e1mbito nacional (ACHE, Asociaci\u00f3n Espa\u00f1ola de Ingenier\u00eda Estructural) como internacional (CEN, Comit\u00e9 Europeo de Normalizaci\u00f3n). Tambi\u00e9n Formamos parte de organismos como AENOR, ANIPAR, el Comit\u00e9 T\u00e9cnico de la Carretera, IABSE o FIB, entre otros.<\/p>\n\n\n\n<h2 class=\"wp-block-heading\">Expertos en hormig\u00f3n postesado<\/h2>\n\n\n\n<p>Nuestro \u00e9xito se debe, fundamentalmente, a nuestro personal altamente especializado. Contamos con una de las plantillas, Ingenieros y T\u00e9cnicos, con m\u00e1s experiencia en el sector. Disponemos adem\u00e1s de recursos de fabricaci\u00f3n propios desde 1956, lo que supone una enorme ventaja a la hora de desarrollar cualquier soluci\u00f3n a medida de nuestros clientes.<\/p>\n\n\n\n<div class=\"wp-block-image\"><figure class=\"aligncenter\"><img v-lazy=\"'https:\/\/static.ferrovial.com\/wp-content\/uploads\/2019\/10\/13133645\/pasarela_tecpresa_-1024x668.jpg'\" alt=\"obra de hormig\u00f3n postesado\" class=\"wp-image-40007\"\/><\/figure><\/div>\n\n\n\n<h2 class=\"wp-block-heading\">Historia de Tecpresa<\/h2>\n\n\n\n<p>Tecpresa tiene sus or\u00edgenes en Procedimientos Barredo que, desde 1957, fue una empresa pionera en Espa\u00f1a en la actividad del postesado, centrada en el hormig\u00f3n postesado, las cimbras para lanzamientos de vigas, anclajes y refuerzos en estructuras de hormig\u00f3n. En aquel momento ya ofrec\u00eda servicios a grandes constructoras como Helma (constructora de origen griego) en trabajos como el puente sobre el r\u00edo Cijara, convertido en pantano apenas un a\u00f1o antes.<\/p>\n\n\n\n<p>Ese mismo a\u00f1o, Procedimientos Barredo aparec\u00eda en una de las publicaciones del Consejo Superior de Investigaciones Cient\u00edficas (CSIC) <strong><a href=\"http:\/\/informesdelaconstruccion.revistas.csic.es\/index.php\/informesdelaconstruccion\/article\/view\/5796\" title=\"informes de la construccion\" target=\"_blank\" rel=\"nofollow noopener noreferrer\" aria-label=\" (opens in a new tab)\">sobre vigas prefabricadas<\/a><\/strong>, y ha sido frecuente a lo largo de toda su historia la edici\u00f3n de libros de car\u00e1cter t\u00e9cnico o la colaboraci\u00f3n en revistas especializadas.<\/p>\n\n\n\n<p>En abril de 2002 se consolida ya como Tecpresa con el objetivo de ejecutar todas aquellas facetas t\u00e9cnicas de la construcci\u00f3n no residencial (contrataci\u00f3n, gesti\u00f3n, proyecci\u00f3n y construcci\u00f3n), y desde entonces nos hemos convertido en un referente en la ejecuci\u00f3n de postesado, tirantes o empuje de viaductos.<\/p>\n<\/div><\/m-wysiwig>\n","protected":false},"excerpt":{"rendered":"","protected":false},"featured_media":0,"parent":18011,"menu_order":0,"comment_status":"closed","ping_status":"closed","template":"","meta":{"_acf_changed":false,"footnotes":""},"class_list":["post-18014","page","type-page","status-publish","hentry"],"acf":[],"yoast_head":"<!-- This site is optimized with the Yoast SEO plugin v27.2 - https:\/\/yoast.com\/product\/yoast-seo-wordpress\/ -->\n<title>Expertos en hormig\u00f3n postesado, tesado de viaductos...| Tecpresa<\/title>\n<meta name=\"description\" content=\"Tecpresa tiene sus or\u00edgenes en Procedimientos Barredo, empresa pionera en Espa\u00f1a en el Postesado. Contamos con m\u00e1s de 50 a\u00f1os de experiencia. Entra y con\u00f3cenos.\" \/>\n<meta name=\"robots\" content=\"index, follow, max-snippet:-1, max-image-preview:large, max-video-preview:-1\" \/>\n<link rel=\"canonical\" href=\"https:\/\/www.ferrovial.com\/es-es\/tecpresa\/quienes-somos\/\" \/>\n<meta property=\"og:locale\" content=\"es_ES\" \/>\n<meta property=\"og:type\" content=\"article\" \/>\n<meta property=\"og:title\" content=\"Expertos en hormig\u00f3n postesado, tesado de viaductos...| Tecpresa\" \/>\n<meta property=\"og:description\" content=\"Tecpresa tiene sus or\u00edgenes en Procedimientos Barredo, empresa pionera en Espa\u00f1a en el Postesado. Contamos con m\u00e1s de 50 a\u00f1os de experiencia. Entra y con\u00f3cenos.\" \/>\n<meta property=\"og:url\" content=\"https:\/\/www.ferrovial.com\/es-es\/tecpresa\/quienes-somos\/\" \/>\n<meta property=\"og:site_name\" content=\"Ferrovial\" \/>\n<meta property=\"article:publisher\" content=\"https:\/\/www.facebook.com\/ferrovial\" \/>\n<meta property=\"article:modified_time\" content=\"2020-10-14T16:24:56+00:00\" \/>\n<meta property=\"og:image\" content=\"https:\/\/www.ferrovial.com\/wp-content\/uploads\/2019\/10\/pasarela_tecpresa_-1024x668.jpg\" \/>\n<meta name=\"twitter:card\" content=\"summary_large_image\" \/>\n<meta name=\"twitter:site\" content=\"@ferrovial\" \/>\n<meta name=\"twitter:label1\" content=\"Tiempo de lectura\" \/>\n\t<meta name=\"twitter:data1\" content=\"2 minutos\" \/>\n<!-- \/ Yoast SEO plugin. -->","yoast_head_json":{"title":"Expertos en hormig\u00f3n postesado, tesado de viaductos...| Tecpresa","description":"Tecpresa tiene sus or\u00edgenes en Procedimientos Barredo, empresa pionera en Espa\u00f1a en el Postesado. Contamos con m\u00e1s de 50 a\u00f1os de experiencia. Entra y con\u00f3cenos.","robots":{"index":"index","follow":"follow","max-snippet":"max-snippet:-1","max-image-preview":"max-image-preview:large","max-video-preview":"max-video-preview:-1"},"canonical":"https:\/\/www.ferrovial.com\/es-es\/tecpresa\/quienes-somos\/","og_locale":"es_ES","og_type":"article","og_title":"Expertos en hormig\u00f3n postesado, tesado de viaductos...| Tecpresa","og_description":"Tecpresa tiene sus or\u00edgenes en Procedimientos Barredo, empresa pionera en Espa\u00f1a en el Postesado. Contamos con m\u00e1s de 50 a\u00f1os de experiencia. Entra y con\u00f3cenos.","og_url":"https:\/\/www.ferrovial.com\/es-es\/tecpresa\/quienes-somos\/","og_site_name":"Ferrovial","article_publisher":"https:\/\/www.facebook.com\/ferrovial","article_modified_time":"2020-10-14T16:24:56+00:00","og_image":[{"url":"https:\/\/www.ferrovial.com\/wp-content\/uploads\/2019\/10\/pasarela_tecpresa_-1024x668.jpg","type":"","width":"","height":""}],"twitter_card":"summary_large_image","twitter_site":"@ferrovial","twitter_misc":{"Tiempo de lectura":"2 minutos"},"schema":{"@context":"https:\/\/schema.org","@graph":[{"@type":"WebPage","@id":"https:\/\/www.ferrovial.com\/es-es\/tecpresa\/quienes-somos\/","url":"https:\/\/www.ferrovial.com\/es-es\/tecpresa\/quienes-somos\/","name":"Expertos en hormig\u00f3n postesado, tesado de viaductos...| Tecpresa","isPartOf":{"@id":"https:\/\/www.ferrovial.com\/es-es\/#website"},"primaryImageOfPage":{"@id":"https:\/\/www.ferrovial.com\/es-es\/tecpresa\/quienes-somos\/#primaryimage"},"image":{"@id":"https:\/\/www.ferrovial.com\/es-es\/tecpresa\/quienes-somos\/#primaryimage"},"thumbnailUrl":"https:\/\/www.ferrovial.com\/wp-content\/uploads\/2019\/10\/pasarela_tecpresa_-1024x668.jpg","datePublished":"2019-09-05T09:19:11+00:00","dateModified":"2020-10-14T16:24:56+00:00","description":"Tecpresa tiene sus or\u00edgenes en Procedimientos Barredo, empresa pionera en Espa\u00f1a en el Postesado. Contamos con m\u00e1s de 50 a\u00f1os de experiencia. Entra y con\u00f3cenos.","breadcrumb":{"@id":"https:\/\/www.ferrovial.com\/es-es\/tecpresa\/quienes-somos\/#breadcrumb"},"inLanguage":"es","potentialAction":[{"@type":"ReadAction","target":["https:\/\/www.ferrovial.com\/es-es\/tecpresa\/quienes-somos\/"]}]},{"@type":"ImageObject","inLanguage":"es","@id":"https:\/\/www.ferrovial.com\/es-es\/tecpresa\/quienes-somos\/#primaryimage","url":"https:\/\/www.ferrovial.com\/wp-content\/uploads\/2019\/10\/pasarela_tecpresa_-1024x668.jpg","contentUrl":"https:\/\/www.ferrovial.com\/wp-content\/uploads\/2019\/10\/pasarela_tecpresa_-1024x668.jpg"},{"@type":"BreadcrumbList","@id":"https:\/\/www.ferrovial.com\/es-es\/tecpresa\/quienes-somos\/#breadcrumb","itemListElement":[{"@type":"ListItem","position":1,"name":"Portada","item":"https:\/\/www.ferrovial.com\/es-es\/"},{"@type":"ListItem","position":2,"name":"Tecpresa","item":"https:\/\/www.ferrovial.com\/es-es\/tecpresa\/"},{"@type":"ListItem","position":3,"name":"Qui\u00e9nes somos"}]},{"@type":"WebSite","@id":"https:\/\/www.ferrovial.com\/es-es\/#website","url":"https:\/\/www.ferrovial.com\/es-es\/","name":"Ferrovial","description":"Welcome to the Ferrovial&#039;s website, global operator of sustainable infrastructure. Here you can find all the information about the company and subsidiaries.","publisher":{"@id":"https:\/\/www.ferrovial.com\/es-es\/#organization"},"potentialAction":[{"@type":"SearchAction","target":{"@type":"EntryPoint","urlTemplate":"https:\/\/www.ferrovial.com\/es-es\/?s={search_term_string}"},"query-input":{"@type":"PropertyValueSpecification","valueRequired":true,"valueName":"search_term_string"}}],"inLanguage":"es"},{"@type":"Organization","@id":"https:\/\/www.ferrovial.com\/es-es\/#organization","name":"Ferrovial S.A.","url":"https:\/\/www.ferrovial.com\/es-es\/","logo":{"@type":"ImageObject","inLanguage":"es","@id":"https:\/\/www.ferrovial.com\/es-es\/#\/schema\/logo\/image\/","url":"https:\/\/static.ferrovial.com\/wp-content\/uploads\/2020\/01\/13124948\/logo-ferrovial-cf7.png","contentUrl":"https:\/\/static.ferrovial.com\/wp-content\/uploads\/2020\/01\/13124948\/logo-ferrovial-cf7.png","width":144,"height":32,"caption":"Ferrovial S.A."},"image":{"@id":"https:\/\/www.ferrovial.com\/es-es\/#\/schema\/logo\/image\/"},"sameAs":["https:\/\/www.facebook.com\/ferrovial","https:\/\/x.com\/ferrovial","https:\/\/www.instagram.com\/ferrovial\/","https:\/\/www.linkedin.com\/company\/ferrovial","https:\/\/www.pinterest.es\/ferrovial\/","https:\/\/www.youtube.com\/ferrovial","https:\/\/en.wikipedia.org\/wiki\/Ferrovial"]}]}},"_links":{"self":[{"href":"https:\/\/www.ferrovial.com\/es-es\/wp-json\/wp\/v2\/pages\/18014","targetHints":{"allow":["GET"]}}],"collection":[{"href":"https:\/\/www.ferrovial.com\/es-es\/wp-json\/wp\/v2\/pages"}],"about":[{"href":"https:\/\/www.ferrovial.com\/es-es\/wp-json\/wp\/v2\/types\/page"}],"replies":[{"embeddable":true,"href":"https:\/\/www.ferrovial.com\/es-es\/wp-json\/wp\/v2\/comments?post=18014"}],"version-history":[{"count":4,"href":"https:\/\/www.ferrovial.com\/es-es\/wp-json\/wp\/v2\/pages\/18014\/revisions"}],"predecessor-version":[{"id":196014,"href":"https:\/\/www.ferrovial.com\/es-es\/wp-json\/wp\/v2\/pages\/18014\/revisions\/196014"}],"up":[{"embeddable":true,"href":"https:\/\/www.ferrovial.com\/es-es\/wp-json\/wp\/v2\/pages\/18011"}],"wp:attachment":[{"href":"https:\/\/www.ferrovial.com\/es-es\/wp-json\/wp\/v2\/media?parent=18014"}],"curies":[{"name":"wp","href":"https:\/\/api.w.org\/{rel}","templated":true}]}}