{"id":18017,"date":"2019-09-05T11:19:39","date_gmt":"2019-09-05T09:19:39","guid":{"rendered":"https:\/\/www.ferrovial.com\/?page_id=18017"},"modified":"2024-10-21T12:43:27","modified_gmt":"2024-10-21T10:43:27","slug":"que-hacemos","status":"publish","type":"page","link":"https:\/\/www.ferrovial.com\/es-es\/tecpresa\/que-hacemos\/","title":{"rendered":"Qu\u00e9 hacemos"},"content":{"rendered":"    <m-final-content-header bgimage='https:\/\/static.ferrovial.com\/wp-content\/uploads\/2019\/10\/13134044\/arco-de-los-tilos-5-1280x720.jpg'>\n            <c-breadcrumb label-text=\"Breadcrumb\" slot=\"breadcrumbs\" type='2' align='left' wrap='wrapped wrapped' aria-label='Vienes de Tecpresa'>\n                        <ol>\n\n                                                            <li><a href=\"https:\/\/www.ferrovial.com\/es-es\/\" title=\"Ferrovial\">Ferrovial<\/a><\/li>\n                                                                        <li><a href=\"https:\/\/www.ferrovial.com\/es-es\/tecpresa\/\" title=\"Tecpresa\">Tecpresa<\/a><\/li>\n                                    \n                <\/ol>\n\n                <\/c-breadcrumb>\n    \n        <div slot=\"header\">\n            <h1>\n                \u00bfQu\u00e9 hacemos?            <\/h1>\n                    <\/div>\n    <\/m-final-content-header>\n\n    \n\n\n<m-wysiwig class=\"wp-block-components-wysiwyg\"><div slot=\"maincontent\">    <p class=\"intro\">Somos una filial de grupo Ferrovial, l\u00edder mundial en construcci\u00f3n y gesti\u00f3n de infraestructuras.\n\n<\/p>\n    \n\n\n<p>Comenzamos a operar como Procedimientos Barredo, siendo esta empresa pionera en Espa\u00f1a en la actividad del Postesado desde 1957.&nbsp;<\/p>\n\n\n\n<p>Dentro de las soluciones t\u00e9cnicas que ejecuta y desarrolla Tecpresa tanto en Obra Civil como Edificaci\u00f3n destacan:<\/p>\n\n\n\n<ul class=\"wp-block-list\">\n<li>Sistemas de Postesado<\/li>\n\n\n\n<li>Sistemas de Tirantes<\/li>\n\n\n\n<li>Empuje de viaductos<\/li>\n\n\n\n<li>Hinca de cajones bajo ferrocarril<\/li>\n\n\n\n<li>Maniobras de Heavy lifting<\/li>\n\n\n\n<li>Reparaci\u00f3n de estructuras<\/li>\n\n\n\n<li>Ingenier\u00eda ac\u00fastica<\/li>\n<\/ul>\n<\/div><\/m-wysiwig>\n\n\n    <m-distributor-brands-extended>\n                        <h2 slot=\"label\">\n                    Actividades                <\/h2>\n                                <h3 slot=\"title\">\n                    Nuestras \u00e1reas de especializaci\u00f3n                <\/h3>\n                                    <a slot='card' href='https:\/\/www.ferrovial.com\/es-es\/tecpresa\/que-hacemos\/' title='Postesado de estructuras'>\n                        <h3>\n                            Postesado de estructuras                        <\/h3>\n                                                        <p>\n                                    Especializados en el postesado de estructuras cimbradas, viaductos, estructuras especiales y en edificaci\u00f3n. \n                                <\/p>\n                                                                <label>\n                                    Descubre m\u00e1s                                <\/label>\n                                                        <c-masked-image path='3' src='https:\/\/static.ferrovial.com\/wp-content\/uploads\/2020\/06\/13124427\/obra-oficinas-corporativas-real-madrid-350x350.png'>\n\t\t\t\t\t\t<\/c-masked-image>\n                    <\/a>\n                                        <a slot='card' href='https:\/\/www.ferrovial.com\/es-es\/tecpresa\/que-hacemos\/' title='Empuje de viaductos'>\n                        <h3>\n                            Empuje de viaductos                        <\/h3>\n                                                        <p>\n                                    Especializados en procesos y equipos de empuje. \n                                <\/p>\n                                                                <label>\n                                    Descubre m\u00e1s                                <\/label>\n                                                        <c-masked-image path='3' src='https:\/\/static.ferrovial.com\/wp-content\/uploads\/2020\/06\/13124435\/viaducto-de-vinaixa-350x350.jpg'>\n\t\t\t\t\t\t<\/c-masked-image>\n                    <\/a>\n                                        <a slot='card' href='https:\/\/www.ferrovial.com\/es-es\/tecpresa\/que-hacemos\/' title='Estructuras atirantadas'>\n                        <h3>\n                            Estructuras atirantadas                        <\/h3>\n                                                        <p>\n                                    Especialistas en la ejecuci\u00f3n de estructuras atirantadas.\n                                <\/p>\n                                                                <label>\n                                    Descubre m\u00e1s                                <\/label>\n                                                        <c-masked-image path='3' src='https:\/\/static.ferrovial.com\/wp-content\/uploads\/2020\/06\/13124431\/ocana-la-roda-350x350.png'>\n\t\t\t\t\t\t<\/c-masked-image>\n                    <\/a>\n                        <\/m-distributor-brands-extended>\n\n    \n\n    <m-distributor-brands-basic>\n                            <a slot='card'>\n                                                        <h4>Sistemas de cable cerrado<\/h4>\n                                                        <p class=\"description\">\n                            Maestros en realizaciones con sistemas de barras y de cable cerrado.                         <\/p>\n                                            <\/a>\n                                        <a slot='card'>\n                                                        <h4>Empuje oleodin\u00e1mico de cajones<\/h4>\n                                                        <p class=\"description\">\n                            Empuje oleodin\u00e1mico de cajones de hormig\u00f3n bajo ferrocarril y carretera.                        <\/p>\n                                            <\/a>\n                                        <a slot='card'>\n                                                        <h4>Movimiento de grandes cargas<\/h4>\n                                                        <p class=\"description\">\n                            Movimiento de grandes cargas y reparaciones de estructuras.                        <\/p>\n                                            <\/a>\n                                        <a slot='card'>\n                                                        <h4>Ingenier\u00eda ac\u00fastica<\/h4>\n                                                        <p class=\"description\">\n                            Ingenier\u00eda ac\u00fastica y dispositivos antirruido.                         <\/p>\n                                            <\/a>\n                        <\/m-distributor-brands-basic>\n\n    \n\n\n<m-wysiwig class=\"wp-block-components-wysiwyg\"><div slot=\"maincontent\">\n<h3 class=\"wp-block-heading\">Tesado y postesado<\/h3>\n\n\n\n<p>La actividad constructiva m\u00e1s conocida de nuestra empresa es el postesado y tesado, t\u00e9cnicas muy utilizadas en grandes obras como puentes, viaductos o edificaci\u00f3n singular, entre otros. Esta t\u00e9cnica facilita que el hormig\u00f3n alcance un nivel de esfuerzo \u00f3ptimo para trabajar.<\/p>\n\n\n\n<h3 class=\"wp-block-heading\">Hinca de cajones para ferrocarril<\/h3>\n\n\n\n<p>Esta t\u00e9cnica permite el paso a baja velocidad de los trenes durante la obra. Somos expertos en el refuerzo de las v\u00edas, la construcci\u00f3n de cajones de hormig\u00f3n y su posterior empuje al lugar de destino.<\/p>\n\n\n\n<h3 class=\"wp-block-heading\">Estructuras atirantadas<\/h3>\n\n\n\n<p>Destaca especialmente nuestro sistema para puentes atirantados. Contamos tambi\u00e9n con un abanico de patentes sobre el tensado de cables de acero. Estos son usados con frecuencia en grandes elementos de la infraestructura vial como viaductos,&nbsp; as\u00ed como en aeropuertos de \u00faltima generaci\u00f3n o en edificios singulares.<\/p>\n\n\n\n<h3 class=\"wp-block-heading\">Empuje de tableros<\/h3>\n\n\n\n<p>Para grandes viaductos, somos especialistas en producir un tablero por tramos (dovelas) en un parque de fabricaci\u00f3n, trasladarlo hasta la infraestructura final y hacerlo pasar sobre las pilas mediante una concatenaci\u00f3n de apoyos especiales y gatos. Las dovelas pueden llegar a medir m\u00e1s de 100 metros (como en el caso del <strong>viaducto de Uztarreta<\/strong>) y se colocan a gran altura.<\/p>\n\n\n\n<h3 class=\"wp-block-heading\">Movimiento de grandes cargas<\/h3>\n\n\n\n<p>Disponemos de los medios y experiencia para acometer cualquier tipo de maniobra de movimiento de grandes cargas con gatos hidr\u00e1ulicos tanto en obra nueva como en reparaci\u00f3n de estructuras. Desarrollamos soluciones a medida para las necesidades particulares de cada proyecto.<\/p>\n\n\n\n<h3 class=\"wp-block-heading\">Hinca de cajones<\/h3>\n\n\n\n<p>Somos especialistas en esta soluci\u00f3n para la realizaci\u00f3n de pasos\ninferiores de ferrocarril o de carretera. El m\u00e9todo de hinca permite realizar\nla estructura \u00edntegramente fuera de la plataforma de la infraestructura y,\nposteriormente, mediante una fase de excavaci\u00f3n y otra de translaci\u00f3n\nrealizadas simult\u00e1neamente se sit\u00faa la estructura en su posici\u00f3n definitiva sin\nafectar a la infraestructura existente.<\/p>\n\n\n\n<h3 class=\"wp-block-heading\">Estudios de impacto ac\u00fastico<\/h3>\n\n\n\n<p>Incluimos en nuestra cartera de negocio los estudios de impacto ac\u00fastico para el trazado de mapas de ruido y generaci\u00f3n de informes al respecto. <\/p>\n\n\n\n<p>Nuestro departamento de ingenier\u00eda ac\u00fastica trabaja con el objetivo de subsanar las deficiencias a nivel de contaminaci\u00f3n ac\u00fastica de algunas infraestructuras, as\u00ed como el prever este tipo de impacto en proyectos de obra nueva.<\/p>\n\n\n\n<h3 class=\"wp-block-heading\">Postesado en Edificaci\u00f3n<\/h3>\n\n\n\n<p>Para la construcci\u00f3n de la cubierta de la Terminal 4 de Barajas, ideamos y desarrollamos equipos con el fin de tesar el sistema de barras que sujeta el muro cortina entre las juntas de dilataci\u00f3n actuando mediante 16 gatos simult\u00e1neos controlados de forma computarizada tanto en carga como en desplazamiento.<\/p>\n\n\n\n<h3 class=\"wp-block-heading\">Movimiento de grandes cargas<\/h3>\n\n\n\n<p>Para el viaducto de Broadway de la Indiana Toll\nRoad dise\u00f1amos un sistema de gatos hidr\u00e1ulicos que permiti\u00f3 cambiar las\npendientes longitudinales, transversales y peraltes de tramos de 100 m con\nelevaciones de hasta 1,5 m de forma autom\u00e1tica y proporcional con el fin de no\nda\u00f1ar la estructura. El sistema ten\u00eda que operar en 16 puntos de forma\nsimult\u00e1nea con controles en cargas y desplazamientos.<\/p>\n<\/div><\/m-wysiwig>\n","protected":false},"excerpt":{"rendered":"","protected":false},"featured_media":0,"parent":18011,"menu_order":0,"comment_status":"closed","ping_status":"closed","template":"","meta":{"_acf_changed":false,"footnotes":""},"class_list":["post-18017","page","type-page","status-publish","hentry"],"acf":[],"yoast_head":"<!-- This site is optimized with the Yoast SEO plugin v27.2 - https:\/\/yoast.com\/product\/yoast-seo-wordpress\/ -->\n<title>Postesado en edificaci\u00f3n, con autocimbra, apeo de vigas..| Tecpresa<\/title>\n<meta name=\"description\" content=\"La actividad m\u00e1s conocida de nuestra empresa es el postesado y tesado, t\u00e9cnicas muy utilizadas en grandes obras como puentes, viaductos o edificaci\u00f3n singular.\" \/>\n<meta name=\"robots\" content=\"index, follow, max-snippet:-1, max-image-preview:large, max-video-preview:-1\" \/>\n<link rel=\"canonical\" href=\"https:\/\/www.ferrovial.com\/es-es\/tecpresa\/que-hacemos\/\" \/>\n<meta property=\"og:locale\" content=\"es_ES\" \/>\n<meta property=\"og:type\" content=\"article\" \/>\n<meta property=\"og:title\" content=\"Postesado en edificaci\u00f3n, con autocimbra, apeo de vigas..| Tecpresa\" \/>\n<meta property=\"og:description\" content=\"La actividad m\u00e1s conocida de nuestra empresa es el postesado y tesado, t\u00e9cnicas muy utilizadas en grandes obras como puentes, viaductos o edificaci\u00f3n singular.\" \/>\n<meta property=\"og:url\" content=\"https:\/\/www.ferrovial.com\/es-es\/tecpresa\/que-hacemos\/\" \/>\n<meta property=\"og:site_name\" content=\"Ferrovial\" \/>\n<meta property=\"article:publisher\" content=\"https:\/\/www.facebook.com\/ferrovial\" \/>\n<meta property=\"article:modified_time\" content=\"2024-10-21T10:43:27+00:00\" \/>\n<meta name=\"twitter:card\" content=\"summary_large_image\" \/>\n<meta name=\"twitter:site\" content=\"@ferrovial\" \/>\n<meta name=\"twitter:label1\" content=\"Tiempo de lectura\" \/>\n\t<meta name=\"twitter:data1\" content=\"3 minutos\" \/>\n<!-- \/ Yoast SEO plugin. -->","yoast_head_json":{"title":"Postesado en edificaci\u00f3n, con autocimbra, apeo de vigas..| Tecpresa","description":"La actividad m\u00e1s conocida de nuestra empresa es el postesado y tesado, t\u00e9cnicas muy utilizadas en grandes obras como puentes, viaductos o edificaci\u00f3n singular.","robots":{"index":"index","follow":"follow","max-snippet":"max-snippet:-1","max-image-preview":"max-image-preview:large","max-video-preview":"max-video-preview:-1"},"canonical":"https:\/\/www.ferrovial.com\/es-es\/tecpresa\/que-hacemos\/","og_locale":"es_ES","og_type":"article","og_title":"Postesado en edificaci\u00f3n, con autocimbra, apeo de vigas..| Tecpresa","og_description":"La actividad m\u00e1s conocida de nuestra empresa es el postesado y tesado, t\u00e9cnicas muy utilizadas en grandes obras como puentes, viaductos o edificaci\u00f3n singular.","og_url":"https:\/\/www.ferrovial.com\/es-es\/tecpresa\/que-hacemos\/","og_site_name":"Ferrovial","article_publisher":"https:\/\/www.facebook.com\/ferrovial","article_modified_time":"2024-10-21T10:43:27+00:00","twitter_card":"summary_large_image","twitter_site":"@ferrovial","twitter_misc":{"Tiempo de lectura":"3 minutos"},"schema":{"@context":"https:\/\/schema.org","@graph":[{"@type":"WebPage","@id":"https:\/\/www.ferrovial.com\/es-es\/tecpresa\/que-hacemos\/","url":"https:\/\/www.ferrovial.com\/es-es\/tecpresa\/que-hacemos\/","name":"Postesado en edificaci\u00f3n, con autocimbra, apeo de vigas..| Tecpresa","isPartOf":{"@id":"https:\/\/www.ferrovial.com\/es-es\/#website"},"datePublished":"2019-09-05T09:19:39+00:00","dateModified":"2024-10-21T10:43:27+00:00","description":"La actividad m\u00e1s conocida de nuestra empresa es el postesado y tesado, t\u00e9cnicas muy utilizadas en grandes obras como puentes, viaductos o edificaci\u00f3n singular.","breadcrumb":{"@id":"https:\/\/www.ferrovial.com\/es-es\/tecpresa\/que-hacemos\/#breadcrumb"},"inLanguage":"es","potentialAction":[{"@type":"ReadAction","target":["https:\/\/www.ferrovial.com\/es-es\/tecpresa\/que-hacemos\/"]}]},{"@type":"BreadcrumbList","@id":"https:\/\/www.ferrovial.com\/es-es\/tecpresa\/que-hacemos\/#breadcrumb","itemListElement":[{"@type":"ListItem","position":1,"name":"Portada","item":"https:\/\/www.ferrovial.com\/es-es\/"},{"@type":"ListItem","position":2,"name":"Tecpresa","item":"https:\/\/www.ferrovial.com\/es-es\/tecpresa\/"},{"@type":"ListItem","position":3,"name":"Qu\u00e9 hacemos"}]},{"@type":"WebSite","@id":"https:\/\/www.ferrovial.com\/es-es\/#website","url":"https:\/\/www.ferrovial.com\/es-es\/","name":"Ferrovial","description":"Welcome to the Ferrovial&#039;s website, global operator of sustainable infrastructure. Here you can find all the information about the company and subsidiaries.","publisher":{"@id":"https:\/\/www.ferrovial.com\/es-es\/#organization"},"potentialAction":[{"@type":"SearchAction","target":{"@type":"EntryPoint","urlTemplate":"https:\/\/www.ferrovial.com\/es-es\/?s={search_term_string}"},"query-input":{"@type":"PropertyValueSpecification","valueRequired":true,"valueName":"search_term_string"}}],"inLanguage":"es"},{"@type":"Organization","@id":"https:\/\/www.ferrovial.com\/es-es\/#organization","name":"Ferrovial S.A.","url":"https:\/\/www.ferrovial.com\/es-es\/","logo":{"@type":"ImageObject","inLanguage":"es","@id":"https:\/\/www.ferrovial.com\/es-es\/#\/schema\/logo\/image\/","url":"https:\/\/static.ferrovial.com\/wp-content\/uploads\/2020\/01\/13124948\/logo-ferrovial-cf7.png","contentUrl":"https:\/\/static.ferrovial.com\/wp-content\/uploads\/2020\/01\/13124948\/logo-ferrovial-cf7.png","width":144,"height":32,"caption":"Ferrovial S.A."},"image":{"@id":"https:\/\/www.ferrovial.com\/es-es\/#\/schema\/logo\/image\/"},"sameAs":["https:\/\/www.facebook.com\/ferrovial","https:\/\/x.com\/ferrovial","https:\/\/www.instagram.com\/ferrovial\/","https:\/\/www.linkedin.com\/company\/ferrovial","https:\/\/www.pinterest.es\/ferrovial\/","https:\/\/www.youtube.com\/ferrovial","https:\/\/en.wikipedia.org\/wiki\/Ferrovial"]}]}},"_links":{"self":[{"href":"https:\/\/www.ferrovial.com\/es-es\/wp-json\/wp\/v2\/pages\/18017","targetHints":{"allow":["GET"]}}],"collection":[{"href":"https:\/\/www.ferrovial.com\/es-es\/wp-json\/wp\/v2\/pages"}],"about":[{"href":"https:\/\/www.ferrovial.com\/es-es\/wp-json\/wp\/v2\/types\/page"}],"replies":[{"embeddable":true,"href":"https:\/\/www.ferrovial.com\/es-es\/wp-json\/wp\/v2\/comments?post=18017"}],"version-history":[{"count":3,"href":"https:\/\/www.ferrovial.com\/es-es\/wp-json\/wp\/v2\/pages\/18017\/revisions"}],"predecessor-version":[{"id":290372,"href":"https:\/\/www.ferrovial.com\/es-es\/wp-json\/wp\/v2\/pages\/18017\/revisions\/290372"}],"up":[{"embeddable":true,"href":"https:\/\/www.ferrovial.com\/es-es\/wp-json\/wp\/v2\/pages\/18011"}],"wp:attachment":[{"href":"https:\/\/www.ferrovial.com\/es-es\/wp-json\/wp\/v2\/media?parent=18017"}],"curies":[{"name":"wp","href":"https:\/\/api.w.org\/{rel}","templated":true}]}}