{"id":18051,"date":"2019-09-05T11:29:50","date_gmt":"2019-09-05T09:29:50","guid":{"rendered":"https:\/\/www.ferrovial.com\/?page_id=18051"},"modified":"2020-09-30T08:06:42","modified_gmt":"2020-09-30T06:06:42","slug":"quienes-somos","status":"publish","type":"page","link":"https:\/\/www.ferrovial.com\/es-es\/edytesa\/quienes-somos\/","title":{"rendered":"Qui\u00e9nes somos"},"content":{"rendered":"    <m-final-content-header bgimage='https:\/\/static.ferrovial.com\/wp-content\/uploads\/2019\/10\/13133638\/construccion-singular-edytesa.jpg'>\n            <c-breadcrumb label-text=\"Breadcrumb\" slot=\"breadcrumbs\" type='2' align='left' wrap='wrapped wrapped' aria-label='Vienes de Edytesa'>\n                        <ol>\n\n                                                            <li><a href=\"https:\/\/www.ferrovial.com\/es-es\/\" title=\"Ferrovial\">Ferrovial<\/a><\/li>\n                                                                        <li><a href=\"https:\/\/www.ferrovial.com\/es-es\/edytesa\/\" title=\"Edytesa\">Edytesa<\/a><\/li>\n                                    \n                <\/ol>\n\n                <\/c-breadcrumb>\n    \n        <div slot=\"header\">\n            <h1>\n                \u00bfQui\u00e9nes somos?            <\/h1>\n                    <\/div>\n    <\/m-final-content-header>\n\n    \n\n\n<m-wysiwig class=\"wp-block-components-wysiwyg\"><div slot=\"maincontent\">    <p class=\"intro\">Somos una empresa especializada en la tecnolog\u00eda del encofrado deslizante y en la elevaci\u00f3n, desplazamiento y descenso de grandes cargas.<\/p>\n    \n\n\n<p>Llevamos d\u00e9cadas trabajando en el sector y somos una de las principales empresas en materia de construcci\u00f3n vertical, levantamiento de grandes cargas, encofrado deslizante y edificaci\u00f3n singular en Espa\u00f1a. <\/p>\n\n\n\n<h2 class=\"wp-block-heading\">Certificados de calidad<\/h2>\n\n\n\n<p>Debido a la importancia de la calidad aplicada a nuestras construcciones y t\u00e9cnicas, disponemos de la <a href=\"https:\/\/static.ferrovial.com\/wp-content\/uploads\/2019\/11\/13132432\/certificado-iso-9001.pdf\" title=\"Certificado ISO\" target=\"_blank\" rel=\"dofollow noopener noreferrer\">ISO 9001:2008<\/a> en \u00e1reas como el encofrado deslizante, chimeneas industriales o equipos hidr\u00e1ulicos, entre otros.<\/p>\n\n\n\n<p>Tambi\u00e9n disponemos del certificado <a aria-label=\"OHSAS 18001:2007 (opens in a new tab)\" href=\"https:\/\/static.ferrovial.com\/wp-content\/uploads\/2019\/11\/13132432\/certificado-ohsas.pdf\" title=\"Certificado ohsas\" target=\"_blank\" rel=\"dofollow noopener noreferrer\">OHSAS 18001:2007<\/a>, del certificado de <a href=\"https:\/\/static.ferrovial.com\/wp-content\/uploads\/2019\/11\/13132431\/certificado-repro.pdf\" title=\"certificado repro\" target=\"_blank\" rel=\"dofollow noopener noreferrer\" aria-label=\"proveedores RePro (opens in a new tab)\">proveedores RePro<\/a> y del certificado de gesti\u00f3n ambiental<a aria-label=\" ISO 14001:2004 (opens in a new tab)\" href=\"https:\/\/static.ferrovial.com\/wp-content\/uploads\/2019\/11\/13132432\/certificado-gestion-ambiental.pdf\" title=\"certificado gestion ambiental\" target=\"_blank\" rel=\"dofollow noopener noreferrer\"> ISO 14001:2004<\/a>. Parte de nuestra I+D+i abarca mejoras medioambientales para reducir las emisiones de CO<sub>2<\/sub> mediante la reutilizaci\u00f3n de elementos.<\/p>\n\n\n\n<h2 class=\"wp-block-heading\">Historia de Edytesa<\/h2>\n\n\n\n<p><strong>Edytesa<\/strong> se consolida en 2003 al fusionarse las empresas Bygging Encofrados Deslizantes S.A. y Karman T\u00e9cnicas Especiales S.A., ambas con una larga trayectoria en los segmentos del encofrado deslizante y sistemas hidr\u00e1ulicos de elevaci\u00f3n. Cada una tiene su propio origen.<\/p>\n\n\n\n<p><a href=\"https:\/\/www.bygging-uddemann.se\/about-us\/\" title=\"About us - Bygging\" target=\"_blank\" rel=\"nofollow noopener noreferrer\">Bygging-Uddemann AB<\/a> es una empresa sueca que lleva desde 1944 reinventando el deslizamiento hidr\u00e1ulico y de la que <strong>Bygging Encofrados Deslizantes S.A.<\/strong> ha obtenido parte de su <em>know how<\/em>. Esta experiencia acumulada, registrada como BYGGING<sup>\u00ae<\/sup>, suma el saber hacer y experiencia de Bygging Espa\u00f1ola, S.A., Encofrados Deslizantes, S.A. e YDE, S.A.<\/p>\n\n\n\n<p><strong>Karman T\u00e9cnicas Especiales, S.A.<\/strong> empez\u00f3 su actividad en Espa\u00f1a en 1978 con el objetivo de especializarse en chimeneas industriales y torres de comunicaci\u00f3n. Durante a\u00f1os esto ha incluido el mantenimiento, la inspecci\u00f3n, el diagn\u00f3stico y la ejecuci\u00f3n de proyectos bajo la marca KARMAN<sup>\u00ae<\/sup>.<\/p>\n\n\n\n<p>Como resultado de la fusi\u00f3n de dos empresas que lideraban el mercado desde hac\u00eda d\u00e9cadas, en 2003 Edytesa inicia su actividad orientada a la ejecuci\u00f3n de obras completas con encofrado deslizante: pilas para viaductos, torres, silos, digestores y todas aquellas construcciones singulares en las que la altura es un factor predominante.<br><\/p>\n<\/div><\/m-wysiwig>\n\n\n\n    <m-distributor-basic bgimg='https:\/\/static.ferrovial.com\/wp-content\/uploads\/2019\/10\/13133637\/edytesa_ferrovial.jpg'>\n                        <h2 slot=\"label\">\n                    Edytesa                <\/h2>\n                                <h3 slot=\"title\">\n                    \u00bfQuieres saber qu\u00e9 hacemos en Edytesa?                <\/h3>\n                                <p slot=\"text\">\n                    Accede a toda la informaci\u00f3n sobre nuestras actividades y negocio.                <\/p>\n                                    <c-button slot='cta' type='primary' disabled='false' href='#'>\n                        <span>Ver m\u00e1s<\/span>\n                                        <\/c-button>\n                    \n        \n\n    <\/m-distributor-basic>\n    ","protected":false},"excerpt":{"rendered":"","protected":false},"featured_media":0,"parent":18047,"menu_order":0,"comment_status":"closed","ping_status":"closed","template":"","meta":{"_acf_changed":false,"footnotes":""},"class_list":["post-18051","page","type-page","status-publish","hentry"],"acf":[],"yoast_head":"<!-- This site is optimized with the Yoast SEO plugin v27.2 - https:\/\/yoast.com\/product\/yoast-seo-wordpress\/ -->\n<title>Expertos en encofrados de hormig\u00f3n, soluciones t\u00e9cnicas - Edytesa<\/title>\n<meta name=\"description\" content=\"Somos una de las empresas de construcci\u00f3n referentes en materia de construcci\u00f3n vertical, encofrado deslizante y grandes cargas. Entra y con\u00f3cenos\" \/>\n<meta name=\"robots\" content=\"index, follow, max-snippet:-1, max-image-preview:large, max-video-preview:-1\" \/>\n<link rel=\"canonical\" href=\"https:\/\/www.ferrovial.com\/es-es\/edytesa\/quienes-somos\/\" \/>\n<meta property=\"og:locale\" content=\"es_ES\" \/>\n<meta property=\"og:type\" content=\"article\" \/>\n<meta property=\"og:title\" content=\"Expertos en encofrados de hormig\u00f3n, soluciones t\u00e9cnicas - Edytesa\" \/>\n<meta property=\"og:description\" content=\"Somos una de las empresas de construcci\u00f3n referentes en materia de construcci\u00f3n vertical, encofrado deslizante y grandes cargas. Entra y con\u00f3cenos\" \/>\n<meta property=\"og:url\" content=\"https:\/\/www.ferrovial.com\/es-es\/edytesa\/quienes-somos\/\" \/>\n<meta property=\"og:site_name\" content=\"Ferrovial\" \/>\n<meta property=\"article:publisher\" content=\"https:\/\/www.facebook.com\/ferrovial\" \/>\n<meta property=\"article:modified_time\" content=\"2020-09-30T06:06:42+00:00\" \/>\n<meta name=\"twitter:card\" content=\"summary_large_image\" \/>\n<meta name=\"twitter:site\" content=\"@ferrovial\" \/>\n<meta name=\"twitter:label1\" content=\"Tiempo de lectura\" \/>\n\t<meta name=\"twitter:data1\" content=\"2 minutos\" \/>\n<!-- \/ Yoast SEO plugin. -->","yoast_head_json":{"title":"Expertos en encofrados de hormig\u00f3n, soluciones t\u00e9cnicas - Edytesa","description":"Somos una de las empresas de construcci\u00f3n referentes en materia de construcci\u00f3n vertical, encofrado deslizante y grandes cargas. Entra y con\u00f3cenos","robots":{"index":"index","follow":"follow","max-snippet":"max-snippet:-1","max-image-preview":"max-image-preview:large","max-video-preview":"max-video-preview:-1"},"canonical":"https:\/\/www.ferrovial.com\/es-es\/edytesa\/quienes-somos\/","og_locale":"es_ES","og_type":"article","og_title":"Expertos en encofrados de hormig\u00f3n, soluciones t\u00e9cnicas - Edytesa","og_description":"Somos una de las empresas de construcci\u00f3n referentes en materia de construcci\u00f3n vertical, encofrado deslizante y grandes cargas. Entra y con\u00f3cenos","og_url":"https:\/\/www.ferrovial.com\/es-es\/edytesa\/quienes-somos\/","og_site_name":"Ferrovial","article_publisher":"https:\/\/www.facebook.com\/ferrovial","article_modified_time":"2020-09-30T06:06:42+00:00","twitter_card":"summary_large_image","twitter_site":"@ferrovial","twitter_misc":{"Tiempo de lectura":"2 minutos"},"schema":{"@context":"https:\/\/schema.org","@graph":[{"@type":"WebPage","@id":"https:\/\/www.ferrovial.com\/es-es\/edytesa\/quienes-somos\/","url":"https:\/\/www.ferrovial.com\/es-es\/edytesa\/quienes-somos\/","name":"Expertos en encofrados de hormig\u00f3n, soluciones t\u00e9cnicas - Edytesa","isPartOf":{"@id":"https:\/\/www.ferrovial.com\/es-es\/#website"},"datePublished":"2019-09-05T09:29:50+00:00","dateModified":"2020-09-30T06:06:42+00:00","description":"Somos una de las empresas de construcci\u00f3n referentes en materia de construcci\u00f3n vertical, encofrado deslizante y grandes cargas. Entra y con\u00f3cenos","breadcrumb":{"@id":"https:\/\/www.ferrovial.com\/es-es\/edytesa\/quienes-somos\/#breadcrumb"},"inLanguage":"es","potentialAction":[{"@type":"ReadAction","target":["https:\/\/www.ferrovial.com\/es-es\/edytesa\/quienes-somos\/"]}]},{"@type":"BreadcrumbList","@id":"https:\/\/www.ferrovial.com\/es-es\/edytesa\/quienes-somos\/#breadcrumb","itemListElement":[{"@type":"ListItem","position":1,"name":"Portada","item":"https:\/\/www.ferrovial.com\/es-es\/"},{"@type":"ListItem","position":2,"name":"Edytesa","item":"https:\/\/www.ferrovial.com\/es-es\/edytesa\/"},{"@type":"ListItem","position":3,"name":"Qui\u00e9nes somos"}]},{"@type":"WebSite","@id":"https:\/\/www.ferrovial.com\/es-es\/#website","url":"https:\/\/www.ferrovial.com\/es-es\/","name":"Ferrovial","description":"Welcome to the Ferrovial&#039;s website, global operator of sustainable infrastructure. Here you can find all the information about the company and subsidiaries.","publisher":{"@id":"https:\/\/www.ferrovial.com\/es-es\/#organization"},"potentialAction":[{"@type":"SearchAction","target":{"@type":"EntryPoint","urlTemplate":"https:\/\/www.ferrovial.com\/es-es\/?s={search_term_string}"},"query-input":{"@type":"PropertyValueSpecification","valueRequired":true,"valueName":"search_term_string"}}],"inLanguage":"es"},{"@type":"Organization","@id":"https:\/\/www.ferrovial.com\/es-es\/#organization","name":"Ferrovial S.A.","url":"https:\/\/www.ferrovial.com\/es-es\/","logo":{"@type":"ImageObject","inLanguage":"es","@id":"https:\/\/www.ferrovial.com\/es-es\/#\/schema\/logo\/image\/","url":"https:\/\/static.ferrovial.com\/wp-content\/uploads\/2020\/01\/13124948\/logo-ferrovial-cf7.png","contentUrl":"https:\/\/static.ferrovial.com\/wp-content\/uploads\/2020\/01\/13124948\/logo-ferrovial-cf7.png","width":144,"height":32,"caption":"Ferrovial S.A."},"image":{"@id":"https:\/\/www.ferrovial.com\/es-es\/#\/schema\/logo\/image\/"},"sameAs":["https:\/\/www.facebook.com\/ferrovial","https:\/\/x.com\/ferrovial","https:\/\/www.instagram.com\/ferrovial\/","https:\/\/www.linkedin.com\/company\/ferrovial","https:\/\/www.pinterest.es\/ferrovial\/","https:\/\/www.youtube.com\/ferrovial","https:\/\/en.wikipedia.org\/wiki\/Ferrovial"]}]}},"_links":{"self":[{"href":"https:\/\/www.ferrovial.com\/es-es\/wp-json\/wp\/v2\/pages\/18051","targetHints":{"allow":["GET"]}}],"collection":[{"href":"https:\/\/www.ferrovial.com\/es-es\/wp-json\/wp\/v2\/pages"}],"about":[{"href":"https:\/\/www.ferrovial.com\/es-es\/wp-json\/wp\/v2\/types\/page"}],"replies":[{"embeddable":true,"href":"https:\/\/www.ferrovial.com\/es-es\/wp-json\/wp\/v2\/comments?post=18051"}],"version-history":[{"count":3,"href":"https:\/\/www.ferrovial.com\/es-es\/wp-json\/wp\/v2\/pages\/18051\/revisions"}],"predecessor-version":[{"id":174694,"href":"https:\/\/www.ferrovial.com\/es-es\/wp-json\/wp\/v2\/pages\/18051\/revisions\/174694"}],"up":[{"embeddable":true,"href":"https:\/\/www.ferrovial.com\/es-es\/wp-json\/wp\/v2\/pages\/18047"}],"wp:attachment":[{"href":"https:\/\/www.ferrovial.com\/es-es\/wp-json\/wp\/v2\/media?parent=18051"}],"curies":[{"name":"wp","href":"https:\/\/api.w.org\/{rel}","templated":true}]}}