{"id":18054,"date":"2019-09-05T11:30:21","date_gmt":"2019-09-05T09:30:21","guid":{"rendered":"https:\/\/www.ferrovial.com\/?page_id=18054"},"modified":"2020-11-04T12:40:44","modified_gmt":"2020-11-04T11:40:44","slug":"que-hacemos","status":"publish","type":"page","link":"https:\/\/www.ferrovial.com\/es-es\/edytesa\/que-hacemos\/","title":{"rendered":"Qu\u00e9 hacemos"},"content":{"rendered":"    <m-final-content-header >\n            <c-breadcrumb label-text=\"Breadcrumb\" slot=\"breadcrumbs\" type='2' align='left' wrap='wrapped wrapped' aria-label='Vienes de Edytesa'>\n                        <ol>\n\n                                                            <li><a href=\"https:\/\/www.ferrovial.com\/es-es\/\" title=\"Ferrovial\">Ferrovial<\/a><\/li>\n                                                                        <li><a href=\"https:\/\/www.ferrovial.com\/es-es\/edytesa\/\" title=\"Edytesa\">Edytesa<\/a><\/li>\n                                    \n                <\/ol>\n\n                <\/c-breadcrumb>\n    \n        <div slot=\"header\">\n            <h1>\n                \u00bfQu\u00e9 hacemos?            <\/h1>\n                    <\/div>\n    <\/m-final-content-header>\n\n    \n\n\n<m-wysiwig class=\"wp-block-components-wysiwyg\"><div slot=\"maincontent\">    <p class=\"intro\">Nuestras actividades principales son el encofrado deslizante, la elevaci\u00f3n, desplazamiento y descenso de grandes cargas y la construcci\u00f3n de cajones, dep\u00f3sitos, chimeneas industriales, torres solares, silos, trabajos de ingenier\u00eda, as\u00ed como la comercializaci\u00f3n de equipos hidr\u00e1ulicos.<\/p>\n    \n\n\n<p> Especializados en la ejecuci\u00f3n de numerosos elementos de construcci\u00f3n civil, nuestra tarea consiste en levantar pilas y pilonos en viaductos. Gracias a nuestra tecnolog\u00eda de encofrado deslizante, hemos sido capaces de aumentar la velocidad de construcci\u00f3n de estas infraestructuras clave, as\u00ed como su seguridad. Tambi\u00e9n aplicamos esta tecnolog\u00eda a la construcci\u00f3n de chimeneas de equilibrio, galer\u00edas, torres de toma de agua y cierre de compuertas, en obras hidr\u00e1ulicas y en el recubrimiento de pozos en obras subterr\u00e1neas. <\/p>\n<\/div><\/m-wysiwig>\n\n\n    <m-distributor-brands-basic>\n                        <h2 slot=\"label\">\n                    Actividades                <\/h2>\n                                <h3 slot=\"title\">\n                     Nuestras \u00e1reas de especializaci\u00f3n                 <\/h3>\n                                    <a slot='card'>\n                                                        <h4>Encofrados deslizantes<\/h4>\n                                                        <p class=\"description\">\n                            T\u00e9cnica constructiva que facilita la ejecuci\u00f3n de  estructuras, chimeneas, pilar o torres.                        <\/p>\n                                            <\/a>\n                                        <a slot='card'>\n                                                        <h4>Cajones <\/h4>\n                                                        <p class=\"description\">\n                            Tenemos experiencia tanto en el dise\u00f1o y construcci\u00f3n de cajones especiales.                        <\/p>\n                                            <\/a>\n                                        <a slot='card'>\n                                                        <h4>Dep\u00f3sitos<\/h4>\n                                                        <p class=\"description\">\n                            Realizaci\u00f3n de Dep\u00f3sitos aplicando la t\u00e9cnica del encofrado deslizante.                         <\/p>\n                                            <\/a>\n                                        <a slot='card' href='https:\/\/www.ferrovial.com\/es-es\/edytesa\/que-hacemos\/edificacion-singular\/' target='_blank'>\n                                                        <h4>Edificaci\u00f3n en altura<\/h4>\n                                                        <p class=\"description\">\n                            Mediante la aplicaci\u00f3n del m\u00e9todo del encofrado deslizante.                        <\/p>\n                                            <\/a>\n                        <\/m-distributor-brands-basic>\n\n    \n\n    <m-distributor-brands-basic>\n                            <a slot='card'>\n                                                        <h4>Construcci\u00f3n Industrial<\/h4>\n                                                        <p class=\"description\">\n                            Hemos realizado el deslizamiento de para almacenamiento de todo tipo de materiales.                         <\/p>\n                                            <\/a>\n                                        <a slot='card'>\n                                                        <h4>Chimeneas industriales<\/h4>\n                                                        <p class=\"description\">\n                            Disponemos de una gran experiencia en la ejecuci\u00f3n de chimeneas. De hormig\u00f3n y met\u00e1licas.                        <\/p>\n                                            <\/a>\n                                        <a slot='card'>\n                                                        <h4>Torres solares<\/h4>\n                                                        <p class=\"description\">\n                            Realizamos el dise\u00f1o, proyecto, ejecuci\u00f3n de obra completa y direcci\u00f3n de obra.                        <\/p>\n                                            <\/a>\n                                        <a slot='card'>\n                                                        <h4>Heavy Lifting<\/h4>\n                                                        <p class=\"description\">\n                            Movimiento, elevaci\u00f3n y descenso de grandes cargas realizados con los sistemas hidr\u00e1ulicos                        <\/p>\n                                            <\/a>\n                        <\/m-distributor-brands-basic>\n\n    ","protected":false},"excerpt":{"rendered":"","protected":false},"featured_media":0,"parent":18047,"menu_order":0,"comment_status":"closed","ping_status":"closed","template":"","meta":{"_acf_changed":false,"footnotes":""},"class_list":["post-18054","page","type-page","status-publish","hentry"],"acf":[],"yoast_head":"<!-- This site is optimized with the Yoast SEO plugin v27.2 - https:\/\/yoast.com\/product\/yoast-seo-wordpress\/ -->\n<title>Encofrados, elevaci\u00f3n y movimiento de grandes cargas - Edytesa<\/title>\n<meta name=\"description\" content=\"Nuestras actividades principales son aquellas relacionadas con la tecnolog\u00eda del encofrado deslizante y la elevaci\u00f3n, desplazamiento y descenso de grandes cargas\" \/>\n<meta name=\"robots\" content=\"index, follow, max-snippet:-1, max-image-preview:large, max-video-preview:-1\" \/>\n<link rel=\"canonical\" href=\"https:\/\/www.ferrovial.com\/es-es\/edytesa\/que-hacemos\/\" \/>\n<meta property=\"og:locale\" content=\"es_ES\" \/>\n<meta property=\"og:type\" content=\"article\" \/>\n<meta property=\"og:title\" content=\"Encofrados, elevaci\u00f3n y movimiento de grandes cargas - Edytesa\" \/>\n<meta property=\"og:description\" content=\"Nuestras actividades principales son aquellas relacionadas con la tecnolog\u00eda del encofrado deslizante y la elevaci\u00f3n, desplazamiento y descenso de grandes cargas\" \/>\n<meta property=\"og:url\" content=\"https:\/\/www.ferrovial.com\/es-es\/edytesa\/que-hacemos\/\" \/>\n<meta property=\"og:site_name\" content=\"Ferrovial\" \/>\n<meta property=\"article:publisher\" content=\"https:\/\/www.facebook.com\/ferrovial\" \/>\n<meta property=\"article:modified_time\" content=\"2020-11-04T11:40:44+00:00\" \/>\n<meta name=\"twitter:card\" content=\"summary_large_image\" \/>\n<meta name=\"twitter:site\" content=\"@ferrovial\" \/>\n<!-- \/ Yoast SEO plugin. -->","yoast_head_json":{"title":"Encofrados, elevaci\u00f3n y movimiento de grandes cargas - Edytesa","description":"Nuestras actividades principales son aquellas relacionadas con la tecnolog\u00eda del encofrado deslizante y la elevaci\u00f3n, desplazamiento y descenso de grandes cargas","robots":{"index":"index","follow":"follow","max-snippet":"max-snippet:-1","max-image-preview":"max-image-preview:large","max-video-preview":"max-video-preview:-1"},"canonical":"https:\/\/www.ferrovial.com\/es-es\/edytesa\/que-hacemos\/","og_locale":"es_ES","og_type":"article","og_title":"Encofrados, elevaci\u00f3n y movimiento de grandes cargas - Edytesa","og_description":"Nuestras actividades principales son aquellas relacionadas con la tecnolog\u00eda del encofrado deslizante y la elevaci\u00f3n, desplazamiento y descenso de grandes cargas","og_url":"https:\/\/www.ferrovial.com\/es-es\/edytesa\/que-hacemos\/","og_site_name":"Ferrovial","article_publisher":"https:\/\/www.facebook.com\/ferrovial","article_modified_time":"2020-11-04T11:40:44+00:00","twitter_card":"summary_large_image","twitter_site":"@ferrovial","schema":{"@context":"https:\/\/schema.org","@graph":[{"@type":"WebPage","@id":"https:\/\/www.ferrovial.com\/es-es\/edytesa\/que-hacemos\/","url":"https:\/\/www.ferrovial.com\/es-es\/edytesa\/que-hacemos\/","name":"Encofrados, elevaci\u00f3n y movimiento de grandes cargas - Edytesa","isPartOf":{"@id":"https:\/\/www.ferrovial.com\/es-es\/#website"},"datePublished":"2019-09-05T09:30:21+00:00","dateModified":"2020-11-04T11:40:44+00:00","description":"Nuestras actividades principales son aquellas relacionadas con la tecnolog\u00eda del encofrado deslizante y la elevaci\u00f3n, desplazamiento y descenso de grandes cargas","breadcrumb":{"@id":"https:\/\/www.ferrovial.com\/es-es\/edytesa\/que-hacemos\/#breadcrumb"},"inLanguage":"es","potentialAction":[{"@type":"ReadAction","target":["https:\/\/www.ferrovial.com\/es-es\/edytesa\/que-hacemos\/"]}]},{"@type":"BreadcrumbList","@id":"https:\/\/www.ferrovial.com\/es-es\/edytesa\/que-hacemos\/#breadcrumb","itemListElement":[{"@type":"ListItem","position":1,"name":"Portada","item":"https:\/\/www.ferrovial.com\/es-es\/"},{"@type":"ListItem","position":2,"name":"Edytesa","item":"https:\/\/www.ferrovial.com\/es-es\/edytesa\/"},{"@type":"ListItem","position":3,"name":"Qu\u00e9 hacemos"}]},{"@type":"WebSite","@id":"https:\/\/www.ferrovial.com\/es-es\/#website","url":"https:\/\/www.ferrovial.com\/es-es\/","name":"Ferrovial","description":"Welcome to the Ferrovial&#039;s website, global operator of sustainable infrastructure. Here you can find all the information about the company and subsidiaries.","publisher":{"@id":"https:\/\/www.ferrovial.com\/es-es\/#organization"},"potentialAction":[{"@type":"SearchAction","target":{"@type":"EntryPoint","urlTemplate":"https:\/\/www.ferrovial.com\/es-es\/?s={search_term_string}"},"query-input":{"@type":"PropertyValueSpecification","valueRequired":true,"valueName":"search_term_string"}}],"inLanguage":"es"},{"@type":"Organization","@id":"https:\/\/www.ferrovial.com\/es-es\/#organization","name":"Ferrovial S.A.","url":"https:\/\/www.ferrovial.com\/es-es\/","logo":{"@type":"ImageObject","inLanguage":"es","@id":"https:\/\/www.ferrovial.com\/es-es\/#\/schema\/logo\/image\/","url":"https:\/\/static.ferrovial.com\/wp-content\/uploads\/2020\/01\/13124948\/logo-ferrovial-cf7.png","contentUrl":"https:\/\/static.ferrovial.com\/wp-content\/uploads\/2020\/01\/13124948\/logo-ferrovial-cf7.png","width":144,"height":32,"caption":"Ferrovial S.A."},"image":{"@id":"https:\/\/www.ferrovial.com\/es-es\/#\/schema\/logo\/image\/"},"sameAs":["https:\/\/www.facebook.com\/ferrovial","https:\/\/x.com\/ferrovial","https:\/\/www.instagram.com\/ferrovial\/","https:\/\/www.linkedin.com\/company\/ferrovial","https:\/\/www.pinterest.es\/ferrovial\/","https:\/\/www.youtube.com\/ferrovial","https:\/\/en.wikipedia.org\/wiki\/Ferrovial"]}]}},"_links":{"self":[{"href":"https:\/\/www.ferrovial.com\/es-es\/wp-json\/wp\/v2\/pages\/18054","targetHints":{"allow":["GET"]}}],"collection":[{"href":"https:\/\/www.ferrovial.com\/es-es\/wp-json\/wp\/v2\/pages"}],"about":[{"href":"https:\/\/www.ferrovial.com\/es-es\/wp-json\/wp\/v2\/types\/page"}],"replies":[{"embeddable":true,"href":"https:\/\/www.ferrovial.com\/es-es\/wp-json\/wp\/v2\/comments?post=18054"}],"version-history":[{"count":3,"href":"https:\/\/www.ferrovial.com\/es-es\/wp-json\/wp\/v2\/pages\/18054\/revisions"}],"predecessor-version":[{"id":178943,"href":"https:\/\/www.ferrovial.com\/es-es\/wp-json\/wp\/v2\/pages\/18054\/revisions\/178943"}],"up":[{"embeddable":true,"href":"https:\/\/www.ferrovial.com\/es-es\/wp-json\/wp\/v2\/pages\/18047"}],"wp:attachment":[{"href":"https:\/\/www.ferrovial.com\/es-es\/wp-json\/wp\/v2\/media?parent=18054"}],"curies":[{"name":"wp","href":"https:\/\/api.w.org\/{rel}","templated":true}]}}