{"id":18070,"date":"2019-09-05T11:33:56","date_gmt":"2019-09-05T09:33:56","guid":{"rendered":"https:\/\/www.ferrovial.com\/?page_id=18070"},"modified":"2020-03-26T09:06:29","modified_gmt":"2020-03-26T08:06:29","slug":"quienes-somos","status":"publish","type":"page","link":"https:\/\/www.ferrovial.com\/es-es\/ditecpesa\/quienes-somos\/","title":{"rendered":"Qui\u00e9nes somos"},"content":{"rendered":"    <m-final-content-header bgimage='https:\/\/static.ferrovial.com\/wp-content\/uploads\/2019\/10\/13133922\/como-se-hace-el-betun-asfaltico-dictecpesa-1280x720.jpg'>\n            <c-breadcrumb label-text=\"Breadcrumb\" slot=\"breadcrumbs\" type='2' align='left' wrap='wrapped wrapped' aria-label='Vienes de Ditecpesa'>\n                        <ol>\n\n                                                            <li><a href=\"https:\/\/www.ferrovial.com\/es-es\/\" title=\"Ferrovial\">Ferrovial<\/a><\/li>\n                                                                        <li><a href=\"https:\/\/www.ferrovial.com\/es-es\/ditecpesa\/\" title=\"Ditecpesa\">Ditecpesa<\/a><\/li>\n                                    \n                <\/ol>\n\n                <\/c-breadcrumb>\n    \n        <div slot=\"header\">\n            <h1>\n                \u00bfQui\u00e9nes somos?            <\/h1>\n                    <\/div>\n    <\/m-final-content-header>\n\n    \n\n\n<m-wysiwig class=\"wp-block-components-wysiwyg\"><div slot=\"maincontent\">    <p class=\"intro\">Nos dedicamos al desarrollo, fabricaci\u00f3n y comercializaci\u00f3n de productos asf\u00e1lticos.\n<\/p>\n    \n\n\n<p>La tecnolog\u00eda, capacidad de suministro y la calidad de nuestros servicios, junto con la ampliaci\u00f3n de la gama de productos y la realizaci\u00f3n de proyectos de investigaci\u00f3n, han permitido el crecimiento de la compa\u00f1\u00eda hasta alcanzar un 10% de cuota de mercado en Espa\u00f1a y suministrar a clientes en otros pa\u00edses, como Reino Unido. <\/p>\n\n\n\n<p>Entre nuestros proyectos, destacamos la fabricaci\u00f3n de pavimento para aeropuertos (Aeropuerto de Madrid Barajas Adolfo Su\u00e1rez), circuitos de carreras (DR7, Cuenca) y autopistas por toda la geograf\u00eda nacional.  <\/p>\n\n\n\n<p>Dos de nuestros mayores retos fueron el suministro de 100.000 toneladas de productos asf\u00e1lticos para la autopista Oca\u00f1a-La Roda y de 75.000 toneladas  en la Radial 4.<\/p>\n\n\n\n<p>La calidad es importante para nosotros, por ello sometemos los productos a ensayos de caracterizaci\u00f3n de ligantes del programa SHRP (Strategic Highway Research Program). Gracias a ello, hemos obtenido el certificado <a href=\"https:\/\/www.ferrovial.com\/es-es\/sostenibilidad\/social\/usuarios-clientes\/certificaciones\/iso-9001\/\">ISO 9001<\/a> para nuestras actividades de dise\u00f1o y producci\u00f3n de betunes modificados y emulsiones.<\/p>\n<\/div><\/m-wysiwig>\n\n\n    <m-video >\n                <a class='m-video__modal' slot='modal' href='https:\/\/www.youtube-nocookie.com\/embed\/tN_ZxjuDi48'>\n            <img slot=\"poster\" v-lazy=\"'https:\/\/static.ferrovial.com\/wp-content\/uploads\/2020\/01\/13131453\/quienes-somos-ditecpesa.png'\" title=\"\" width=\"1239\" height=\"100%\" >\n        <\/a>\n            <\/m-video>\n    \n\n\n<m-wysiwig class=\"wp-block-components-wysiwyg\"><div slot=\"maincontent\">\n<h2 class=\"wp-block-heading\"><strong>Historia de Ditecpesa<\/strong><\/h2>\n\n\n\n<p>En 1988 Ferrovial cambi\u00f3 de modelo de aprovisionamiento de\nproductos asf\u00e1lticos, pasando a producirlo en lugar de comprarlo. Primero a\ntrav\u00e9s de nuestra filial Tecpresa y, desde 1993, a trav\u00e9s de Ditecpesa.<\/p>\n\n\n\n<p>En 1991 finalizamos la construcci\u00f3n de la Terminal de\nAlicante, uno de nuestros activos de mayor peso debido a su situaci\u00f3n\nestrat\u00e9gica. M\u00e1s tarde, en 1996, se incorpor\u00f3 la Terminal de Gij\u00f3n (ampliada en\n2009) para dar cobertura a la demanda en el norte de la Pen\u00ednsula Ib\u00e9rica.\nEntre 1995 y 1997 tambi\u00e9n ampliamos nuestra capacidad con dos plantas m\u00f3viles,\nuna para la fabricaci\u00f3n de bet\u00fan modificado con pol\u00edmeros y otra para\nemulsiones asf\u00e1lticas. Por todo ello, desde 1997 somos fabricantes y\ncomercializadores con un elevado perfil tecnol\u00f3gico.<\/p>\n\n\n\n<p>Tras a\u00f1os de trabajo, en 1999 recibimos la certificaci\u00f3n ISO 9001 por nuestro sistema de gesti\u00f3n de calidad, acreditaci\u00f3n que precedi\u00f3 a los certificados <a href=\"https:\/\/www.ferrovial.com\/es-es\/sostenibilidad\/social\/usuarios-clientes\/certificaciones\/iso-14001\/\">ISO 140001<\/a>, de medio ambiente; OSHAS 18001, de prevenci\u00f3n de riesgos laborales, e ISO 50001, de eficiencia energ\u00e9tica.<\/p>\n\n\n\n<p>En los a\u00f1os 2000 abrimos el actual laboratorio de ligantes\nasf\u00e1lticos y pavimentos, a la vez que instalamos nuestra oficina central en\nAlcal\u00e1, abrimos una sede en Portugal y empezamos a participar en <a href=\"https:\/\/www.ptcarretera.es\/proyecto-fenix\/\" target=\"_blank\" rel=\"noopener noreferrer\">F\u00e9nix<\/a>,\nel mayor proyecto de investigaci\u00f3n de carreteras realizado por consorcio.<\/p>\n\n\n\n<p>En 2016, nuestra apuesta por la I+D da como resultado los\nbetunes h\u00edbridos, compuestos por pol\u00edmeros SBS convencionales y polvo de\nneum\u00e1tico. Ese mismo a\u00f1o aplicamos un bet\u00fan modificado para un circuito de\ncarreras y presentamos un bet\u00fan novedoso que resiste al fr\u00edo, al hielo y a la\nsal de los tratamientos invernales: el <a href=\"https:\/\/www.ferrovial.com\/blog\/es\/2018\/12\/pavimentos-y-climas-extremos\/\">Bet\u00fan de Clima Extremo<\/a> (BCE).<\/p>\n\n\n\n<p>Y, en 2017, llega la colaboraci\u00f3n con el MIT, que nos ha\npermitido participar en un proyecto de investigaci\u00f3n para desarrollar bet\u00fan\npara pavimentos asf\u00e1lticos a nanoescala.<\/p>\n\n\n\n<p>Hacia el futuro, seguiremos apostando por la innovaci\u00f3n como\nse\u00f1a de identidad, con el objetivo de lograr nuevas mezclas asf\u00e1lticas que\nmejoren la seguridad en la conducci\u00f3n y reduzcan el impacto medioambiental de\nnuestras infraestructuras.<\/p>\n<\/div><\/m-wysiwig>\n","protected":false},"excerpt":{"rendered":"","protected":false},"featured_media":0,"parent":18066,"menu_order":0,"comment_status":"closed","ping_status":"closed","template":"","meta":{"_acf_changed":false,"footnotes":""},"class_list":["post-18070","page","type-page","status-publish","hentry"],"acf":[],"yoast_head":"<!-- This site is optimized with the Yoast SEO plugin v27.2 - https:\/\/yoast.com\/product\/yoast-seo-wordpress\/ -->\n<title>Expertos en productos asfalticos y sus derivados - Ditecpesa<\/title>\n<meta name=\"description\" content=\"Tenemos una cuota del 10% del mercado espa\u00f1ol en materia de fabricaci\u00f3n de productos asf\u00e1lticos que cubrimos gracias a nuestras terminales propias.\" \/>\n<meta name=\"robots\" content=\"index, follow, max-snippet:-1, max-image-preview:large, max-video-preview:-1\" \/>\n<link rel=\"canonical\" href=\"https:\/\/www.ferrovial.com\/es-es\/ditecpesa\/quienes-somos\/\" \/>\n<meta property=\"og:locale\" content=\"es_ES\" \/>\n<meta property=\"og:type\" content=\"article\" \/>\n<meta property=\"og:title\" content=\"Expertos en productos asfalticos y sus derivados - Ditecpesa\" \/>\n<meta property=\"og:description\" content=\"Tenemos una cuota del 10% del mercado espa\u00f1ol en materia de fabricaci\u00f3n de productos asf\u00e1lticos que cubrimos gracias a nuestras terminales propias.\" \/>\n<meta property=\"og:url\" content=\"https:\/\/www.ferrovial.com\/es-es\/ditecpesa\/quienes-somos\/\" \/>\n<meta property=\"og:site_name\" content=\"Ferrovial\" \/>\n<meta property=\"article:publisher\" content=\"https:\/\/www.facebook.com\/ferrovial\" \/>\n<meta property=\"article:modified_time\" content=\"2020-03-26T08:06:29+00:00\" \/>\n<meta name=\"twitter:card\" content=\"summary_large_image\" \/>\n<meta name=\"twitter:site\" content=\"@ferrovial\" \/>\n<meta name=\"twitter:label1\" content=\"Tiempo de lectura\" \/>\n\t<meta name=\"twitter:data1\" content=\"3 minutos\" \/>\n<!-- \/ Yoast SEO plugin. -->","yoast_head_json":{"title":"Expertos en productos asfalticos y sus derivados - Ditecpesa","description":"Tenemos una cuota del 10% del mercado espa\u00f1ol en materia de fabricaci\u00f3n de productos asf\u00e1lticos que cubrimos gracias a nuestras terminales propias.","robots":{"index":"index","follow":"follow","max-snippet":"max-snippet:-1","max-image-preview":"max-image-preview:large","max-video-preview":"max-video-preview:-1"},"canonical":"https:\/\/www.ferrovial.com\/es-es\/ditecpesa\/quienes-somos\/","og_locale":"es_ES","og_type":"article","og_title":"Expertos en productos asfalticos y sus derivados - Ditecpesa","og_description":"Tenemos una cuota del 10% del mercado espa\u00f1ol en materia de fabricaci\u00f3n de productos asf\u00e1lticos que cubrimos gracias a nuestras terminales propias.","og_url":"https:\/\/www.ferrovial.com\/es-es\/ditecpesa\/quienes-somos\/","og_site_name":"Ferrovial","article_publisher":"https:\/\/www.facebook.com\/ferrovial","article_modified_time":"2020-03-26T08:06:29+00:00","twitter_card":"summary_large_image","twitter_site":"@ferrovial","twitter_misc":{"Tiempo de lectura":"3 minutos"},"schema":{"@context":"https:\/\/schema.org","@graph":[{"@type":"WebPage","@id":"https:\/\/www.ferrovial.com\/es-es\/ditecpesa\/quienes-somos\/","url":"https:\/\/www.ferrovial.com\/es-es\/ditecpesa\/quienes-somos\/","name":"Expertos en productos asfalticos y sus derivados - Ditecpesa","isPartOf":{"@id":"https:\/\/www.ferrovial.com\/es-es\/#website"},"datePublished":"2019-09-05T09:33:56+00:00","dateModified":"2020-03-26T08:06:29+00:00","description":"Tenemos una cuota del 10% del mercado espa\u00f1ol en materia de fabricaci\u00f3n de productos asf\u00e1lticos que cubrimos gracias a nuestras terminales propias.","breadcrumb":{"@id":"https:\/\/www.ferrovial.com\/es-es\/ditecpesa\/quienes-somos\/#breadcrumb"},"inLanguage":"es","potentialAction":[{"@type":"ReadAction","target":["https:\/\/www.ferrovial.com\/es-es\/ditecpesa\/quienes-somos\/"]}]},{"@type":"BreadcrumbList","@id":"https:\/\/www.ferrovial.com\/es-es\/ditecpesa\/quienes-somos\/#breadcrumb","itemListElement":[{"@type":"ListItem","position":1,"name":"Portada","item":"https:\/\/www.ferrovial.com\/es-es\/"},{"@type":"ListItem","position":2,"name":"Ditecpesa","item":"https:\/\/www.ferrovial.com\/es-es\/ditecpesa\/"},{"@type":"ListItem","position":3,"name":"Qui\u00e9nes somos"}]},{"@type":"WebSite","@id":"https:\/\/www.ferrovial.com\/es-es\/#website","url":"https:\/\/www.ferrovial.com\/es-es\/","name":"Ferrovial","description":"Welcome to the Ferrovial&#039;s website, global operator of sustainable infrastructure. Here you can find all the information about the company and subsidiaries.","publisher":{"@id":"https:\/\/www.ferrovial.com\/es-es\/#organization"},"potentialAction":[{"@type":"SearchAction","target":{"@type":"EntryPoint","urlTemplate":"https:\/\/www.ferrovial.com\/es-es\/?s={search_term_string}"},"query-input":{"@type":"PropertyValueSpecification","valueRequired":true,"valueName":"search_term_string"}}],"inLanguage":"es"},{"@type":"Organization","@id":"https:\/\/www.ferrovial.com\/es-es\/#organization","name":"Ferrovial S.A.","url":"https:\/\/www.ferrovial.com\/es-es\/","logo":{"@type":"ImageObject","inLanguage":"es","@id":"https:\/\/www.ferrovial.com\/es-es\/#\/schema\/logo\/image\/","url":"https:\/\/static.ferrovial.com\/wp-content\/uploads\/2020\/01\/13124948\/logo-ferrovial-cf7.png","contentUrl":"https:\/\/static.ferrovial.com\/wp-content\/uploads\/2020\/01\/13124948\/logo-ferrovial-cf7.png","width":144,"height":32,"caption":"Ferrovial S.A."},"image":{"@id":"https:\/\/www.ferrovial.com\/es-es\/#\/schema\/logo\/image\/"},"sameAs":["https:\/\/www.facebook.com\/ferrovial","https:\/\/x.com\/ferrovial","https:\/\/www.instagram.com\/ferrovial\/","https:\/\/www.linkedin.com\/company\/ferrovial","https:\/\/www.pinterest.es\/ferrovial\/","https:\/\/www.youtube.com\/ferrovial","https:\/\/en.wikipedia.org\/wiki\/Ferrovial"]}]}},"_links":{"self":[{"href":"https:\/\/www.ferrovial.com\/es-es\/wp-json\/wp\/v2\/pages\/18070","targetHints":{"allow":["GET"]}}],"collection":[{"href":"https:\/\/www.ferrovial.com\/es-es\/wp-json\/wp\/v2\/pages"}],"about":[{"href":"https:\/\/www.ferrovial.com\/es-es\/wp-json\/wp\/v2\/types\/page"}],"replies":[{"embeddable":true,"href":"https:\/\/www.ferrovial.com\/es-es\/wp-json\/wp\/v2\/comments?post=18070"}],"version-history":[{"count":3,"href":"https:\/\/www.ferrovial.com\/es-es\/wp-json\/wp\/v2\/pages\/18070\/revisions"}],"predecessor-version":[{"id":161105,"href":"https:\/\/www.ferrovial.com\/es-es\/wp-json\/wp\/v2\/pages\/18070\/revisions\/161105"}],"up":[{"embeddable":true,"href":"https:\/\/www.ferrovial.com\/es-es\/wp-json\/wp\/v2\/pages\/18066"}],"wp:attachment":[{"href":"https:\/\/www.ferrovial.com\/es-es\/wp-json\/wp\/v2\/media?parent=18070"}],"curies":[{"name":"wp","href":"https:\/\/api.w.org\/{rel}","templated":true}]}}