{"id":18073,"date":"2019-09-05T11:34:22","date_gmt":"2019-09-05T09:34:22","guid":{"rendered":"https:\/\/www.ferrovial.com\/?page_id=18073"},"modified":"2020-08-25T12:31:10","modified_gmt":"2020-08-25T10:31:10","slug":"que-hacemos","status":"publish","type":"page","link":"https:\/\/www.ferrovial.com\/es-es\/ditecpesa\/que-hacemos\/","title":{"rendered":"Qu\u00e9 hacemos"},"content":{"rendered":"    <m-final-content-header bgimage='https:\/\/static.ferrovial.com\/wp-content\/uploads\/2019\/10\/13133921\/betun-asfaltico-ditecpesa-1280x720.jpg'>\n            <c-breadcrumb label-text=\"Breadcrumb\" slot=\"breadcrumbs\" type='2' align='left' wrap='wrapped wrapped' aria-label='Vienes de Ditecpesa'>\n                        <ol>\n\n                                                            <li><a href=\"https:\/\/www.ferrovial.com\/es-es\/\" title=\"Ferrovial\">Ferrovial<\/a><\/li>\n                                                                        <li><a href=\"https:\/\/www.ferrovial.com\/es-es\/ditecpesa\/\" title=\"Ditecpesa\">Ditecpesa<\/a><\/li>\n                                    \n                <\/ol>\n\n                <\/c-breadcrumb>\n    \n        <div slot=\"header\">\n            <h1>\n                \u00bfQu\u00e9 hacemos?            <\/h1>\n                    <\/div>\n    <\/m-final-content-header>\n\n    \n\n\n<m-wysiwig class=\"wp-block-components-wysiwyg\"><div slot=\"maincontent\">    <p class=\"intro\">Fabricamos y comercializamos productos asf\u00e1lticos: betunes de penetraci\u00f3n, betunes modificados, betunes modificados con productos de econom\u00eda circular (pl\u00e1sticos reciclados y neum\u00e1ticos fuera de uso), emulsiones y el primer Bet\u00fan para Climas Extremos (BCE) modificado con nanotecnolog\u00eda.<\/p>\n    \n\n\n<h2 class=\"wp-block-heading\"><strong>Nuestras \u00e1reas de especializaci\u00f3n<\/strong><\/h2>\n\n\n\n<h3 class=\"wp-block-heading\">Producci\u00f3n de asfaltos y betunes<\/h3>\n\n\n\n<p>Como filial de Ferrovial, atendemos los suministros de las obras de la compa\u00f1\u00eda, pero tambi\u00e9n ofrecemos servicios industriales a otras empresas de construcci\u00f3n. Nuestro objetivo es proporcionar el producto asf\u00e1ltico id\u00f3neo para cada proyecto y, si es necesario, inventarlo.<\/p>\n\n\n\n<h3 class=\"wp-block-heading\">Servicios industriales<\/h3>\n\n\n\n<p>&nbsp;Llevamos m\u00e1s de dos\nd\u00e9cadas en la gesti\u00f3n de activos industriales de almacenamiento, fabricaci\u00f3n y\ndistribuci\u00f3n de productos asf\u00e1lticos. Asimismo, trasladamos nuestro know how al\ncliente a trav\u00e9s de concesiones sobre la infraestructura. Contamos con un\nsistema de gesti\u00f3n integral de instalaciones de productos asf\u00e1lticos que cubre\ntodo el ciclo de vida: desde la planificaci\u00f3n hasta la gesti\u00f3n, la operaci\u00f3n y\nel mantenimiento.<\/p>\n\n\n\n<h3 class=\"wp-block-heading\">Construcci\u00f3n de instalaciones petrol\u00edferas<\/h3>\n\n\n\n<p>En colaboraci\u00f3n con Ferrovial Construcci\u00f3n-, tambi\u00e9n nos dedicamos a la construcci\u00f3n de instalaciones petrol\u00edferas. Esto logra consolidar sinergias con importantes beneficios para el grupo, extendiendo nuestra actividad aguas arriba del proceso productivo. <\/p>\n\n\n\n<p>Las terminales de almacenamiento y distribuci\u00f3n de Alicante (construida en 1991) y la de Gij\u00f3n (en 1996) forman parte de estas obras de ingenier\u00eda en las que Ditecpesa ha participado activamente. Tambi\u00e9n contamos en nuestra cartera con la construcci\u00f3n de una planta en Gran Canaria, propiedad de Asfaltos de Arinaga. Mediante las terminales de Alicante y Gij\u00f3n, completadas con las instalaciones de dos plantas m\u00f3viles de fabricaci\u00f3n de betunes modificados y emulsiones, distribuimos nuestros productos a toda la Pen\u00ednsula Ib\u00e9rica, con una gesti\u00f3n coordinada desde nuestras oficinas centrales en Madrid.<\/p>\n\n\n\n<h3 class=\"wp-block-heading\">Asistencia T\u00e9cnica<\/h3>\n\n\n\n<p>El nuestro personal procede del sector de la construcci\u00f3n y\naporta su experiencia pr\u00e1ctica en obra en el momento de la selecci\u00f3n del\nproducto asf\u00e1ltico id\u00f3neo y en la definici\u00f3n de las soluciones constructivas\npara su aplicaci\u00f3n en grandes proyectos.<\/p>\n\n\n\n<p>La asistencia t\u00e9cnica prestada incluye la realizaci\u00f3n de\nensayos en laboratorio con la posibilidad de caracterizar los betunes\nmodificados y las emulsiones a la medida de las necesidades del cliente.<\/p>\n\n\n\n<h2 class=\"wp-block-heading\">Innovaci\u00f3n<\/h2>\n\n\n\n<p>Disponemos de un laboratorio propio donde llevamos a cabo programas de I+D+i destinados a la caracterizaci\u00f3n de productos asf\u00e1lticos especiales, el desarrollo de patentes y la optimizaci\u00f3n de sus unidades de fabricaci\u00f3n.<\/p>\n\n\n\n<p>Desde este laboratorio, participamos en proyectos de I+D a\nnivel europeo, como el Proyecto F\u00e9nix para la producci\u00f3n de mezcla bituminosa\norientada a la pavimentaci\u00f3n de carreteras y autopistas.<\/p>\n<\/div><\/m-wysiwig>\n\n\n    <m-distributor-related>\n                        <h2 slot=\"label\">\n                    Actividades                <\/h2>\n                                <h3 slot=\"title\">\n                    Conoce nuestras actividades                <\/h3>\n                                    <a slot='carouselItems' title='Bet\u00fan asf\u00e1ltico'>\n                        <span>\n                        <\/span>\n                                                        <div role=\"listitem\">\n                                    Bet\u00fan asf\u00e1ltico                                <\/div>\n                                                    <\/a>\n                                        <a slot='carouselItems' title='Asfalto '>\n                        <span>\n                        <\/span>\n                                                        <div role=\"listitem\">\n                                    Asfalto                                 <\/div>\n                                                    <\/a>\n                        <\/m-distributor-related>\n\n    \n\n    <m-multiple-distributor columns='3'>\n                            <div class=\"card\">\n                                                <img decoding=\"async\" src=\"https:\/\/static.ferrovial.com\/wp-content\/uploads\/2020\/02\/13130124\/documentos-comerciales-y-tecnicos-800x600.jpg\" alt=\"documentos-comerciales-y-tecnicos-ditecpesa\" position=\"center center\" \/>\n                                                        <p class=\"name\">Documentos comerciales y t\u00e9cnicos<\/p>\n                                                                    <p class=\"description\">Descripci\u00f3n por defecto<\/p>\n                                                                        <a title='M\u00e1s informaci\u00f3n' aria-label='M\u00e1s informaci\u00f3n sobre Documentos comerciales y t\u00e9cnicos'>M\u00e1s informaci\u00f3n<\/a>\n                                                            <\/div>\n                                        <div class=\"card\">\n                                                <img decoding=\"async\" src=\"https:\/\/static.ferrovial.com\/wp-content\/uploads\/2020\/02\/13130123\/hojas-de-caracteristicas-de-productos-800x600.jpg\" alt=\"hojas\" position=\"center center\" \/>\n                                                        <p class=\"name\">Hojas de caracter\u00edsticas de productos<\/p>\n                                                                    <p class=\"description\">Descripci\u00f3n por defecto<\/p>\n                                                                        <a title='M\u00e1s informaci\u00f3n' aria-label='M\u00e1s informaci\u00f3n sobre Hojas de caracter\u00edsticas de productos'>M\u00e1s informaci\u00f3n<\/a>\n                                                            <\/div>\n                                        <div class=\"card\">\n                                                <img decoding=\"async\" src=\"https:\/\/static.ferrovial.com\/wp-content\/uploads\/2020\/02\/13130120\/marcado-ce-800x600.jpg\" alt=\"marcado-ce\" position=\"center center\" \/>\n                                                        <p class=\"name\">Marcado CE<\/p>\n                                                                    <p class=\"description\">Descripci\u00f3n por defecto<\/p>\n                                                                        <a title='M\u00e1s informaci\u00f3n' aria-label='M\u00e1s informaci\u00f3n sobre Marcado CE'>M\u00e1s informaci\u00f3n<\/a>\n                                                            <\/div>\n                        <\/m-multiple-distributor>\n\n    ","protected":false},"excerpt":{"rendered":"","protected":false},"featured_media":0,"parent":18066,"menu_order":0,"comment_status":"closed","ping_status":"closed","template":"","meta":{"_acf_changed":false,"footnotes":""},"class_list":["post-18073","page","type-page","status-publish","hentry"],"acf":[],"yoast_head":"<!-- This site is optimized with the Yoast SEO plugin v27.2 - https:\/\/yoast.com\/product\/yoast-seo-wordpress\/ -->\n<title>Pavimentos asf\u00e1lticos para carreteras, aeropuertos... - Ditecpesa<\/title>\n<meta name=\"description\" content=\"En Ditecpesa nos dedicamos a fabricar y comercializar productos asf\u00e1lticos de todo tipo, con especial \u00e9nfasis en los pavimentos asf\u00e1lticos.\" \/>\n<meta name=\"robots\" content=\"index, follow, max-snippet:-1, max-image-preview:large, max-video-preview:-1\" \/>\n<link rel=\"canonical\" href=\"https:\/\/www.ferrovial.com\/es-es\/ditecpesa\/que-hacemos\/\" \/>\n<meta property=\"og:locale\" content=\"es_ES\" \/>\n<meta property=\"og:type\" content=\"article\" \/>\n<meta property=\"og:title\" content=\"Pavimentos asf\u00e1lticos para carreteras, aeropuertos... - Ditecpesa\" \/>\n<meta property=\"og:description\" content=\"En Ditecpesa nos dedicamos a fabricar y comercializar productos asf\u00e1lticos de todo tipo, con especial \u00e9nfasis en los pavimentos asf\u00e1lticos.\" \/>\n<meta property=\"og:url\" content=\"https:\/\/www.ferrovial.com\/es-es\/ditecpesa\/que-hacemos\/\" \/>\n<meta property=\"og:site_name\" content=\"Ferrovial\" \/>\n<meta property=\"article:publisher\" content=\"https:\/\/www.facebook.com\/ferrovial\" \/>\n<meta property=\"article:modified_time\" content=\"2020-08-25T10:31:10+00:00\" \/>\n<meta name=\"twitter:card\" content=\"summary_large_image\" \/>\n<meta name=\"twitter:site\" content=\"@ferrovial\" \/>\n<meta name=\"twitter:label1\" content=\"Tiempo de lectura\" \/>\n\t<meta name=\"twitter:data1\" content=\"2 minutos\" \/>\n<!-- \/ Yoast SEO plugin. -->","yoast_head_json":{"title":"Pavimentos asf\u00e1lticos para carreteras, aeropuertos... - Ditecpesa","description":"En Ditecpesa nos dedicamos a fabricar y comercializar productos asf\u00e1lticos de todo tipo, con especial \u00e9nfasis en los pavimentos asf\u00e1lticos.","robots":{"index":"index","follow":"follow","max-snippet":"max-snippet:-1","max-image-preview":"max-image-preview:large","max-video-preview":"max-video-preview:-1"},"canonical":"https:\/\/www.ferrovial.com\/es-es\/ditecpesa\/que-hacemos\/","og_locale":"es_ES","og_type":"article","og_title":"Pavimentos asf\u00e1lticos para carreteras, aeropuertos... - Ditecpesa","og_description":"En Ditecpesa nos dedicamos a fabricar y comercializar productos asf\u00e1lticos de todo tipo, con especial \u00e9nfasis en los pavimentos asf\u00e1lticos.","og_url":"https:\/\/www.ferrovial.com\/es-es\/ditecpesa\/que-hacemos\/","og_site_name":"Ferrovial","article_publisher":"https:\/\/www.facebook.com\/ferrovial","article_modified_time":"2020-08-25T10:31:10+00:00","twitter_card":"summary_large_image","twitter_site":"@ferrovial","twitter_misc":{"Tiempo de lectura":"2 minutos"},"schema":{"@context":"https:\/\/schema.org","@graph":[{"@type":"WebPage","@id":"https:\/\/www.ferrovial.com\/es-es\/ditecpesa\/que-hacemos\/","url":"https:\/\/www.ferrovial.com\/es-es\/ditecpesa\/que-hacemos\/","name":"Pavimentos asf\u00e1lticos para carreteras, aeropuertos... - Ditecpesa","isPartOf":{"@id":"https:\/\/www.ferrovial.com\/es-es\/#website"},"datePublished":"2019-09-05T09:34:22+00:00","dateModified":"2020-08-25T10:31:10+00:00","description":"En Ditecpesa nos dedicamos a fabricar y comercializar productos asf\u00e1lticos de todo tipo, con especial \u00e9nfasis en los pavimentos asf\u00e1lticos.","breadcrumb":{"@id":"https:\/\/www.ferrovial.com\/es-es\/ditecpesa\/que-hacemos\/#breadcrumb"},"inLanguage":"es","potentialAction":[{"@type":"ReadAction","target":["https:\/\/www.ferrovial.com\/es-es\/ditecpesa\/que-hacemos\/"]}]},{"@type":"BreadcrumbList","@id":"https:\/\/www.ferrovial.com\/es-es\/ditecpesa\/que-hacemos\/#breadcrumb","itemListElement":[{"@type":"ListItem","position":1,"name":"Portada","item":"https:\/\/www.ferrovial.com\/es-es\/"},{"@type":"ListItem","position":2,"name":"Ditecpesa","item":"https:\/\/www.ferrovial.com\/es-es\/ditecpesa\/"},{"@type":"ListItem","position":3,"name":"Qu\u00e9 hacemos"}]},{"@type":"WebSite","@id":"https:\/\/www.ferrovial.com\/es-es\/#website","url":"https:\/\/www.ferrovial.com\/es-es\/","name":"Ferrovial","description":"Welcome to the Ferrovial&#039;s website, global operator of sustainable infrastructure. Here you can find all the information about the company and subsidiaries.","publisher":{"@id":"https:\/\/www.ferrovial.com\/es-es\/#organization"},"potentialAction":[{"@type":"SearchAction","target":{"@type":"EntryPoint","urlTemplate":"https:\/\/www.ferrovial.com\/es-es\/?s={search_term_string}"},"query-input":{"@type":"PropertyValueSpecification","valueRequired":true,"valueName":"search_term_string"}}],"inLanguage":"es"},{"@type":"Organization","@id":"https:\/\/www.ferrovial.com\/es-es\/#organization","name":"Ferrovial S.A.","url":"https:\/\/www.ferrovial.com\/es-es\/","logo":{"@type":"ImageObject","inLanguage":"es","@id":"https:\/\/www.ferrovial.com\/es-es\/#\/schema\/logo\/image\/","url":"https:\/\/static.ferrovial.com\/wp-content\/uploads\/2020\/01\/13124948\/logo-ferrovial-cf7.png","contentUrl":"https:\/\/static.ferrovial.com\/wp-content\/uploads\/2020\/01\/13124948\/logo-ferrovial-cf7.png","width":144,"height":32,"caption":"Ferrovial S.A."},"image":{"@id":"https:\/\/www.ferrovial.com\/es-es\/#\/schema\/logo\/image\/"},"sameAs":["https:\/\/www.facebook.com\/ferrovial","https:\/\/x.com\/ferrovial","https:\/\/www.instagram.com\/ferrovial\/","https:\/\/www.linkedin.com\/company\/ferrovial","https:\/\/www.pinterest.es\/ferrovial\/","https:\/\/www.youtube.com\/ferrovial","https:\/\/en.wikipedia.org\/wiki\/Ferrovial"]}]}},"_links":{"self":[{"href":"https:\/\/www.ferrovial.com\/es-es\/wp-json\/wp\/v2\/pages\/18073","targetHints":{"allow":["GET"]}}],"collection":[{"href":"https:\/\/www.ferrovial.com\/es-es\/wp-json\/wp\/v2\/pages"}],"about":[{"href":"https:\/\/www.ferrovial.com\/es-es\/wp-json\/wp\/v2\/types\/page"}],"replies":[{"embeddable":true,"href":"https:\/\/www.ferrovial.com\/es-es\/wp-json\/wp\/v2\/comments?post=18073"}],"version-history":[{"count":3,"href":"https:\/\/www.ferrovial.com\/es-es\/wp-json\/wp\/v2\/pages\/18073\/revisions"}],"predecessor-version":[{"id":172946,"href":"https:\/\/www.ferrovial.com\/es-es\/wp-json\/wp\/v2\/pages\/18073\/revisions\/172946"}],"up":[{"embeddable":true,"href":"https:\/\/www.ferrovial.com\/es-es\/wp-json\/wp\/v2\/pages\/18066"}],"wp:attachment":[{"href":"https:\/\/www.ferrovial.com\/es-es\/wp-json\/wp\/v2\/media?parent=18073"}],"curies":[{"name":"wp","href":"https:\/\/api.w.org\/{rel}","templated":true}]}}