{"id":195471,"date":"2021-05-28T10:14:38","date_gmt":"2021-05-28T08:14:38","guid":{"rendered":"https:\/\/www.ferrovial.com\/?page_id=195471"},"modified":"2021-06-07T09:47:58","modified_gmt":"2021-06-07T07:47:58","slug":"robotica","status":"publish","type":"page","link":"https:\/\/www.ferrovial.com\/es-es\/innovacion\/tecnologias\/robotica\/","title":{"rendered":"Rob\u00f3tica"},"content":{"rendered":"    <m-final-content-header >\n            <c-breadcrumb label-text=\"Breadcrumb\" slot=\"breadcrumbs\" type='2' align='left' wrap='wrapped wrapped' aria-label='Vienes de Tecnolog\u00edas'>\n                        <ol>\n\n                                                            <li><a href=\"https:\/\/www.ferrovial.com\/es-es\/\" title=\"Ferrovial\">Ferrovial<\/a><\/li>\n                                                                        <li><a href=\"https:\/\/www.ferrovial.com\/es\/innovacion\/\" title=\"Innovaci\u00f3n\">Innovaci\u00f3n<\/a><\/li>\n                                                                        <li><a href=\"https:\/\/www.ferrovial.com\/es\/innovacion\/tecnologias\/\" title=\"Tecnolog\u00edas\">Tecnolog\u00edas<\/a><\/li>\n                                    \n                <\/ol>\n\n                <\/c-breadcrumb>\n    \n        <div slot=\"header\">\n            <h1>\n                Rob\u00f3tica            <\/h1>\n                    <\/div>\n    <\/m-final-content-header>\n\n    \n\n\n<p><script type=\"application\/ld+json\">\n{\n  \"@context\": \"https:\/\/schema.org\",\n  \"@type\": \"FAQPage\",\n  \"mainEntity\": [{\n    \"@type\": \"Question\",\n    \"name\": \"\u00bfQu\u00e9 es la rob\u00f3tica?\",\n    \"acceptedAnswer\": {\n      \"@type\": \"Answer\",\n      \"text\": \"Se podr\u00eda definir rob\u00f3tica como una ciencia que aglutina varias disciplinas o ramas de la tecnolog\u00eda con el objetivo de dise\u00f1ar m\u00e1quinas programadas para realizar tareas de forma autom\u00e1tica o para simular el comportamiento humano o animal.\"\n    }\n  },{\n    \"@type\": \"Question\",\n    \"name\": \"\u00bfCu\u00e1l es el origen de la palabra rob\u00f3tica?\",\n    \"acceptedAnswer\": {\n      \"@type\": \"Answer\",\n      \"text\": \"El t\u00e9rmino robot se deriva de la palabra checa \u00abrobota\u00bb, que significa \u00abtrabajo forzoso\u00bb. La utiliza por primera vez el escritor de ciencia ficci\u00f3n Karel \u010capek en su obra dram\u00e1tica R. U. R. (Robots Universales Rossum), escrita en 1920, para designar a unas m\u00e1quinas pensantes que se sublevan y terminan por matar a su creador.\"\n    }\n  },{\n    \"@type\": \"Question\",\n    \"name\": \"\u00bfCu\u00e1ndo se construy\u00f3 el primer robot?\",\n    \"acceptedAnswer\": {\n      \"@type\": \"Answer\",\n      \"text\": \"Se considera que el primer robot humanoide del mundo se llam\u00f3 Elektro y fue construido por la Westinghouse. Era una m\u00e1quina de dos metros que pod\u00eda caminar y contaba con una grabaci\u00f3n de 700 palabras para que el artefacto simulara que establec\u00eda una conversaci\u00f3n. Se exhibi\u00f3 en la Exposici\u00f3n Universal entre 1939 y 1940.\"\n    }\n  },{\n    \"@type\": \"Question\",\n    \"name\": \"\u00bfCu\u00e1les son los usos m\u00e1s destacados de la rob\u00f3tica?\",\n    \"acceptedAnswer\": {\n      \"@type\": \"Answer\",\n      \"text\": \"Entre las aplicaciones de la rob\u00f3tica por sectores profesionales se pueden mencionar:\n'<ul>'\n'<li>'Transporte de materiales.'<\/li>'\n'<li>'Montaje.'<\/li>'\n'<li>'Corte mec\u00e1nico, rectificado, desbardado y pulido.'<\/li>'\n'<li>'Pintura.'<\/li>'\n'<li>'Manipulaci\u00f3n de pl\u00e1sticos y otros materiales.'<\/li>'\n'<li>'Tareas peligrosas como soldaduras, implementaci\u00f3n de sustancias inhalantes nocivas, transporte de materiales pesados.'<\/li>'\n'<li>'Medicina.'<\/li>'\n'<li>'Reciclaje.'<\/li>'\n'<\/ul>'\"\n    }\n  },{\n    \"@type\": \"Question\",\n    \"name\": \"\u00bfQu\u00e9 ventajas puede ofrecer el uso de la rob\u00f3tica?\",\n    \"acceptedAnswer\": {\n      \"@type\": \"Answer\",\n      \"text\": \"'<ul>'\n'<li>'Mayor precisi\u00f3n.'<\/li>'\n'<li>'Ayudar emocionalmente a las personas.'<\/li>'\n'<li>'Realizar tareas peligrosas.'<\/li>'\n'<li>'Realidad ampliada.'<\/li>'\n'<li>'Mayor velocidad.'<\/li>'\n'<li>'Reducci\u00f3n de costos.'<\/li>'\n'<li>'Ir a donde el humano no puede.'<\/li>'\n'<li>'Hacer tareas que para el ser humano ser\u00edan mortales.'<\/li>'\n'<\/ul>'\"\n    }\n  },{\n    \"@type\": \"Question\",\n    \"name\": \"\u00bfEs posible unir al ser humano con un robot?\",\n    \"acceptedAnswer\": {\n      \"@type\": \"Answer\",\n      \"text\": \"Aunque todav\u00eda parezca sorprendente se ha logrado conectar el sistema nervioso humano con los sistemas automatizados, y cada d\u00eda es una realidad m\u00e1s com\u00fan y extendida. Los primeros pasos han sido dados por Kevin Warwick, un afamado cient\u00edfico considerado el primer c\u00edborg del mundo.\"\n    }\n  }]\n}\n<\/script><\/p>\n\n\n\n<m-wysiwig class=\"wp-block-components-wysiwyg\"><div slot=\"maincontent\">\n<h2 class=\"wp-block-heading\">\u00bfQu\u00e9 es la rob\u00f3tica?&nbsp;<\/h2>\n\n\n\n<p>Se podr\u00eda definir <em>rob\u00f3tica <\/em>como una ciencia que aglutina varias disciplinas o ramas de la tecnolog\u00eda con el objetivo de dise\u00f1ar m\u00e1quinas programadas para realizar tareas de forma autom\u00e1tica o para simular el comportamiento humano o animal. A grandes rasgos, y sin entrar en mucho detalle, un robot se podr\u00eda ver como un ordenador con capacidad de movimiento.<\/p>\n\n\n\n<p>La rob\u00f3tica se dedica a la construcci\u00f3n de <em>artefactos<\/em> que intentan materializar el deseo humano de crear seres a su semejanza para responder a algunas de sus necesidades m\u00e1s complejas y, tambi\u00e9n, para liberarse de trabajos tediosos o peligrosos. La rob\u00f3tica est\u00e1 relacionada con la ingenier\u00eda, la construcci\u00f3n y la operaci\u00f3n de robots. Es un sector con amplios y diversos usos de consumo.&nbsp;<\/p>\n\n\n\n<h2 class=\"wp-block-heading\">\u00bfCu\u00e1l es el origen de la palabra rob\u00f3tica?&nbsp;<\/h2>\n\n\n\n<p>El t\u00e9rmino <em>robot<\/em> se deriva de la palabra checa \u00abrobota\u00bb. La utiliza por primera vez el escritor de ciencia ficci\u00f3n Karel \u010capek en su obra dram\u00e1tica <em>R. U. R. (Robots Universales Rossum)<\/em>, escrita en 1920, para designar a unas m\u00e1quinas pensantes que se sublevan y terminan por matar a su creador. En la traducci\u00f3n al ingl\u00e9s de la obra, la palabra checa <em>robota<\/em>, fue traducida como <em>robot<\/em>.<\/p>\n\n\n\n<p>El t\u00e9rmino <em>rob\u00f3tica<\/em> fue acu\u00f1ado por Isaac Asimov, quien la defini\u00f3 como la ciencia que estudia a los robots. Asimov cre\u00f3 tambi\u00e9n las tres leyes de la rob\u00f3tica. En la ciencia ficci\u00f3n, el hombre ha imaginado a los robots visitando nuevos mundos, haci\u00e9ndose con el poder o, simplemente, alivi\u00e1ndolo de las labores caseras. De cualquier manera, se han de cumplir las tres leyes de la rob\u00f3tica implementadas por Isaac Asimov: un robot debe ser inofensivo para los humanos, debe cumplir sus mandatos y debe proteger su propia integridad sin faltar a lo previo.<\/p>\n\n\n\n<h2 class=\"wp-block-heading\">\u00bfCu\u00e1ndo se construy\u00f3 el primer robot?&nbsp;<\/h2>\n\n\n\n<p>Seg\u00fan algunas fuentes, los primeros robots se remontan, por lo menos, al siglo III a.C.; sin embargo, las primeras m\u00e1quinas automatizadas tienen m\u00e1s que ver con la mec\u00e1nica que con la rob\u00f3tica.<\/p>\n\n\n\n<p>Se considera que el primer robot humanoide del mundo se llam\u00f3 Elektro y fue construido por la Westinghouse. Era una m\u00e1quina de dos metros que pod\u00eda caminar y contaba con una grabaci\u00f3n de 700 palabras para que el artefacto simulara que establec\u00eda una conversaci\u00f3n. Se exhibi\u00f3 en la Exposici\u00f3n Universal entre 1939 y 1940.<\/p>\n\n\n\n<h2 class=\"wp-block-heading\">\u00bfCu\u00e1les son los usos m\u00e1s destacados de la rob\u00f3tica?&nbsp;<\/h2>\n\n\n\n<p>Entre las aplicaciones de la rob\u00f3tica por sectores profesionales se pueden mencionar:<\/p>\n\n\n\n<ul class=\"wp-block-list\"><li>Transporte de materiales.<\/li><li>Montaje.<\/li><li>Corte mec\u00e1nico, rectificado, desbardado y pulido.<\/li><li>Pintura.<\/li><li>Manipulaci\u00f3n de pl\u00e1sticos y otros materiales.<\/li><li>Tareas peligrosas como soldaduras, implementaci\u00f3n de sustancias inhalantes nocivas, transporte de materiales pesados.<\/li><li>Medicina.<\/li><li>Reciclaje.<\/li><\/ul>\n\n\n\n<p>En la actualidad los robots son muy utilizados en la industria, siendo un elemento indispensable en la mayor\u00eda de los procesos de manufactura. Por ejemplo, en Espa\u00f1a, el 5 de octubre de 2018, la empresa Ferrovial emprendi\u00f3 el proyecto <em>ZRR para residuos municipales<\/em>, que analizar\u00e1 la implementaci\u00f3n de la rob\u00f3tica y la inteligencia artificial aplicados a la clasificaci\u00f3n y selecci\u00f3n de residuos urbanos municipales durante un periodo de 21 meses. Para este proyecto, Ferrovial colabora con la <em>start-up<\/em> Zenrobotics, especializada en estas tecnolog\u00edas innovadoras.<\/p>\n\n\n\n<p>Este avance tecnol\u00f3gico es importante por dos grandes razones:<\/p>\n\n\n\n<ol class=\"wp-block-list\"><li>Desde el punto de vista humano, la rob\u00f3tica evita la exposici\u00f3n de los seres humanos a los residuos, reduciendo as\u00ed el impacto negativo que estos pueden tener sobre su salud.<\/li><li>Desde el punto de vista del negocio, la robotizaci\u00f3n permite recuperar materiales de una forma m\u00e1s efectiva, reduciendo costos, y con una mayor pureza, por lo que son m\u00e1s aprovechables y tienen un mayor valor de mercado.<\/li><\/ol>\n\n\n\n<h2 class=\"wp-block-heading\">\u00bfQu\u00e9 ventajas puede ofrecer el uso de la rob\u00f3tica?&nbsp;<\/h2>\n\n\n\n<ul class=\"wp-block-list\"><li>Mayor precisi\u00f3n.<\/li><li>Ayudar emocionalmente a las personas.<\/li><li>Realizar tareas peligrosas.<\/li><li>Realidad ampliada.<\/li><li>Mayor velocidad.<\/li><li>Reducci\u00f3n de costos.<\/li><li>Ir a donde el humano no puede.<\/li><li>Hacer tareas que para el ser humano ser\u00edan mortales.<\/li><\/ul>\n\n\n\n<h3 class=\"wp-block-heading\">\u00bfEs posible unir al ser humano con un robot?<\/h3>\n\n\n\n<p>Aunque todav\u00eda parezca sorprendente se ha logrado conectar el sistema nervioso humano con los sistemas automatizados, y cada d\u00eda es una realidad m\u00e1s com\u00fan y extendida. Los primeros pasos han sido dados por Kevin Warwick, un afamado cient\u00edfico considerado el primer c\u00edborg del mundo. Warwick se ha implantado a s\u00ed mismo chips de computadora en su brazo izquierdo, y de este modo puede operar a control remoto puertas y otros artefactos.<\/p>\n\n\n\n<p>El artista Neil Harbisson (Matar\u00f3, 1984) es la primera persona legalmente reconocida como c\u00edborg. Nacido con una condici\u00f3n visual que no le permite percibir los colores, Harbisson se instal\u00f3 una antena directamente en la cabeza para recibir se\u00f1ales que le permiten percibir los colores. Adem\u00e1s de los est\u00edmulos crom\u00e1ticos, Harbisson tambi\u00e9n consigue recibir otro tipo de se\u00f1ales (como m\u00fasica, im\u00e1genes, etc.) desde otros dispositivos, incluso fuera del planeta Tierra. Harbisson es el primer artista c\u00edborg de la historia.<\/p>\n\n\n\n<p>En 2010, Neil Harbisson y la tambi\u00e9n artista Moon Rivas crearon la Fundaci\u00f3n C\u00edborg, una organizaci\u00f3n sin fines de lucro que ayuda a las personas a convertirse en c\u00edborgs, promueve el uso de la rob\u00f3tica como parte del cuerpo humano y aboga por los derechos de los c\u00edborgs.<\/p>\n\n\n\n<h3 class=\"wp-block-heading\">Datos curiosos sobre la rob\u00f3tica<\/h3>\n\n\n\n<p>Durante el Renacimiento, el famoso artista Leonardo da Vinci dise\u00f1\u00f3 algunos bocetos de una m\u00e1quina acorazada con forma humanoide. Una versi\u00f3n en miniatura, y m\u00e1s funcional, ha sido construida por un cient\u00edfico de la NASA para ayudar a la futura colonizaci\u00f3n en Marte.<\/p>\n\n\n\n<p>El Bristol Robotics Laboratory desarroll\u00f3 una idea muy interesante: robots que se agenciaban su propio alimento. Se trata de artefactos que utilizan pilas cuyo combustible proviene de bacterias presentes en manzanas podridas y moscas muertas.<\/p>\n\n\n\n<p>El fundador del Instituto de Rob\u00f3tica de la Universidad de Carnegie Mellons, Hans Moravec, ha predicho que para el a\u00f1o 2040 los robots se independizar\u00e1n del ser humano. Considera que estas m\u00e1quinas pensantes podr\u00edan reemplazar al hombre en muchas tareas y llegar a manejar la sociedad m\u00e1s eficientemente que sus creadores.<\/p>\n\n\n\n<p>Entre los robots m\u00e1s extraordinarios construidos en este siglo se cuenta ASIMO, un robot humanoide creado por la empresa Honda que es capaz de aprender como un ni\u00f1o. Puede correr, lanzar una pelota, danzar, realizar movimientos fluidos e incluso, sostener una conversaci\u00f3n.<\/p>\n\n\n\n<p>Sophia es el primer robot del mundo reconocido como ciudadano de un pa\u00eds. Se trata de un robot humanoide construido por Hanson Robotics, una empresa de Hong Kong, que es capaz de imitar m\u00e1s de 60 gestos y expresiones humanas, aprender y sostener una conversaci\u00f3n espont\u00e1nea. Desde octubre de 2017, Sophia es ciudadana de Arabia Saudita.<\/p>\n\n\n\n<p>En el mundo hay m\u00e1s de 1 mill\u00f3n de robots de servicio. M\u00e1s de un cuarto de ellos est\u00e1n en Jap\u00f3n. Los japoneses esperan reemplazar a m\u00e1s de 3,5 millones de trabajadores por robots para el a\u00f1o 2025.<\/p>\n<\/div><\/m-wysiwig>\n","protected":false},"excerpt":{"rendered":"","protected":false},"featured_media":0,"parent":113212,"menu_order":0,"comment_status":"closed","ping_status":"closed","template":"","meta":{"_acf_changed":false,"footnotes":""},"class_list":["post-195471","page","type-page","status-publish","hentry"],"acf":[],"yoast_head":"<!-- This site is optimized with the Yoast SEO plugin v27.2 - https:\/\/yoast.com\/product\/yoast-seo-wordpress\/ -->\n<title>Rob\u00f3tica - Ferrovial<\/title>\n<meta name=\"description\" content=\"La rob\u00f3tica est\u00e1 relacionada con la ingenier\u00eda, la construcci\u00f3n y la operaci\u00f3n de robots. Es un sector con amplios y diversos usos de consumo.\" \/>\n<meta name=\"robots\" content=\"index, follow, max-snippet:-1, max-image-preview:large, max-video-preview:-1\" \/>\n<link rel=\"canonical\" href=\"https:\/\/www.ferrovial.com\/es-es\/innovacion\/tecnologias\/robotica\/\" \/>\n<meta property=\"og:locale\" content=\"es_ES\" \/>\n<meta property=\"og:type\" content=\"article\" \/>\n<meta property=\"og:title\" content=\"Rob\u00f3tica - Ferrovial\" \/>\n<meta property=\"og:description\" content=\"La rob\u00f3tica est\u00e1 relacionada con la ingenier\u00eda, la construcci\u00f3n y la operaci\u00f3n de robots. Es un sector con amplios y diversos usos de consumo.\" \/>\n<meta property=\"og:url\" content=\"https:\/\/www.ferrovial.com\/es-es\/innovacion\/tecnologias\/robotica\/\" \/>\n<meta property=\"og:site_name\" content=\"Ferrovial\" \/>\n<meta property=\"article:publisher\" content=\"https:\/\/www.facebook.com\/ferrovial\" \/>\n<meta property=\"article:modified_time\" content=\"2021-06-07T07:47:58+00:00\" \/>\n<meta name=\"twitter:card\" content=\"summary_large_image\" \/>\n<meta name=\"twitter:site\" content=\"@ferrovial\" \/>\n<meta name=\"twitter:label1\" content=\"Tiempo de lectura\" \/>\n\t<meta name=\"twitter:data1\" content=\"6 minutos\" \/>\n<!-- \/ Yoast SEO plugin. -->","yoast_head_json":{"title":"Rob\u00f3tica - Ferrovial","description":"La rob\u00f3tica est\u00e1 relacionada con la ingenier\u00eda, la construcci\u00f3n y la operaci\u00f3n de robots. Es un sector con amplios y diversos usos de consumo.","robots":{"index":"index","follow":"follow","max-snippet":"max-snippet:-1","max-image-preview":"max-image-preview:large","max-video-preview":"max-video-preview:-1"},"canonical":"https:\/\/www.ferrovial.com\/es-es\/innovacion\/tecnologias\/robotica\/","og_locale":"es_ES","og_type":"article","og_title":"Rob\u00f3tica - Ferrovial","og_description":"La rob\u00f3tica est\u00e1 relacionada con la ingenier\u00eda, la construcci\u00f3n y la operaci\u00f3n de robots. Es un sector con amplios y diversos usos de consumo.","og_url":"https:\/\/www.ferrovial.com\/es-es\/innovacion\/tecnologias\/robotica\/","og_site_name":"Ferrovial","article_publisher":"https:\/\/www.facebook.com\/ferrovial","article_modified_time":"2021-06-07T07:47:58+00:00","twitter_card":"summary_large_image","twitter_site":"@ferrovial","twitter_misc":{"Tiempo de lectura":"6 minutos"},"schema":{"@context":"https:\/\/schema.org","@graph":[{"@type":"WebPage","@id":"https:\/\/www.ferrovial.com\/es-es\/innovacion\/tecnologias\/robotica\/","url":"https:\/\/www.ferrovial.com\/es-es\/innovacion\/tecnologias\/robotica\/","name":"Rob\u00f3tica - Ferrovial","isPartOf":{"@id":"https:\/\/www.ferrovial.com\/es-es\/#website"},"datePublished":"2021-05-28T08:14:38+00:00","dateModified":"2021-06-07T07:47:58+00:00","description":"La rob\u00f3tica est\u00e1 relacionada con la ingenier\u00eda, la construcci\u00f3n y la operaci\u00f3n de robots. Es un sector con amplios y diversos usos de consumo.","breadcrumb":{"@id":"https:\/\/www.ferrovial.com\/es-es\/innovacion\/tecnologias\/robotica\/#breadcrumb"},"inLanguage":"es","potentialAction":[{"@type":"ReadAction","target":["https:\/\/www.ferrovial.com\/es-es\/innovacion\/tecnologias\/robotica\/"]}]},{"@type":"BreadcrumbList","@id":"https:\/\/www.ferrovial.com\/es-es\/innovacion\/tecnologias\/robotica\/#breadcrumb","itemListElement":[{"@type":"ListItem","position":1,"name":"Portada","item":"https:\/\/www.ferrovial.com\/es-es\/"},{"@type":"ListItem","position":2,"name":"Innovaci\u00f3n","item":"https:\/\/www.ferrovial.com\/es-es\/innovacion\/"},{"@type":"ListItem","position":3,"name":"Tecnolog\u00edas","item":"https:\/\/www.ferrovial.com\/es-es\/innovacion\/tecnologias\/"},{"@type":"ListItem","position":4,"name":"Rob\u00f3tica"}]},{"@type":"WebSite","@id":"https:\/\/www.ferrovial.com\/es-es\/#website","url":"https:\/\/www.ferrovial.com\/es-es\/","name":"Ferrovial","description":"Welcome to the Ferrovial&#039;s website, global operator of sustainable infrastructure. Here you can find all the information about the company and subsidiaries.","publisher":{"@id":"https:\/\/www.ferrovial.com\/es-es\/#organization"},"potentialAction":[{"@type":"SearchAction","target":{"@type":"EntryPoint","urlTemplate":"https:\/\/www.ferrovial.com\/es-es\/?s={search_term_string}"},"query-input":{"@type":"PropertyValueSpecification","valueRequired":true,"valueName":"search_term_string"}}],"inLanguage":"es"},{"@type":"Organization","@id":"https:\/\/www.ferrovial.com\/es-es\/#organization","name":"Ferrovial S.A.","url":"https:\/\/www.ferrovial.com\/es-es\/","logo":{"@type":"ImageObject","inLanguage":"es","@id":"https:\/\/www.ferrovial.com\/es-es\/#\/schema\/logo\/image\/","url":"https:\/\/static.ferrovial.com\/wp-content\/uploads\/2020\/01\/13124948\/logo-ferrovial-cf7.png","contentUrl":"https:\/\/static.ferrovial.com\/wp-content\/uploads\/2020\/01\/13124948\/logo-ferrovial-cf7.png","width":144,"height":32,"caption":"Ferrovial S.A."},"image":{"@id":"https:\/\/www.ferrovial.com\/es-es\/#\/schema\/logo\/image\/"},"sameAs":["https:\/\/www.facebook.com\/ferrovial","https:\/\/x.com\/ferrovial","https:\/\/www.instagram.com\/ferrovial\/","https:\/\/www.linkedin.com\/company\/ferrovial","https:\/\/www.pinterest.es\/ferrovial\/","https:\/\/www.youtube.com\/ferrovial","https:\/\/en.wikipedia.org\/wiki\/Ferrovial"]}]}},"_links":{"self":[{"href":"https:\/\/www.ferrovial.com\/es-es\/wp-json\/wp\/v2\/pages\/195471","targetHints":{"allow":["GET"]}}],"collection":[{"href":"https:\/\/www.ferrovial.com\/es-es\/wp-json\/wp\/v2\/pages"}],"about":[{"href":"https:\/\/www.ferrovial.com\/es-es\/wp-json\/wp\/v2\/types\/page"}],"replies":[{"embeddable":true,"href":"https:\/\/www.ferrovial.com\/es-es\/wp-json\/wp\/v2\/comments?post=195471"}],"version-history":[{"count":2,"href":"https:\/\/www.ferrovial.com\/es-es\/wp-json\/wp\/v2\/pages\/195471\/revisions"}],"predecessor-version":[{"id":195963,"href":"https:\/\/www.ferrovial.com\/es-es\/wp-json\/wp\/v2\/pages\/195471\/revisions\/195963"}],"up":[{"embeddable":true,"href":"https:\/\/www.ferrovial.com\/es-es\/wp-json\/wp\/v2\/pages\/113212"}],"wp:attachment":[{"href":"https:\/\/www.ferrovial.com\/es-es\/wp-json\/wp\/v2\/media?parent=195471"}],"curies":[{"name":"wp","href":"https:\/\/api.w.org\/{rel}","templated":true}]}}